{"id":82,"date":"2025-03-15T21:18:55","date_gmt":"2025-03-15T21:18:55","guid":{"rendered":"https:\/\/tauroessiccatori.com\/?post_type=product&#038;p=82"},"modified":"2026-01-26T10:37:32","modified_gmt":"2026-01-26T09:37:32","slug":"mandolina-borner-v5-powerline","status":"publish","type":"product","link":"https:\/\/www.tauroessiccatori.com\/ro\/essiccatori-domestici\/accessori\/accessori-da-cucina\/mandolina-borner-v5-powerline\/","title":{"rendered":"Mandolin\u0103 Borner V5 PowerLine"},"content":{"rendered":"<p>De ne\u00eenvins \u00een ceea ce prive\u0219te viteza \u0219i precizia la prepararea feliilor, bastona\u0219elor, benzilor \u0219i cuburilor de legume \u0219i fructe proaspete. \u00cen acela\u0219i timp, sigur \u0219i u\u0219or de utilizat datorit\u0103 dispozitivului de siguran\u021b\u0103 alimentar\u0103 inclus. Acest set ofer\u0103 echipamentul de baz\u0103 pentru 10 op\u021biuni de t\u0103iere: pute\u021bi t\u0103ia felii \u00een patru grosimi diferite, de la mai groase la mai sub\u021biri, sau bastona\u0219e \u0219i cuburi mai grosiere sau mai sub\u021biri. Versatilitatea V5 face din prepararea salatelor, supelor, caserolelor \u0219i a nenum\u0103rate alte delicatese o adev\u0103rat\u0103 pl\u0103cere.<\/p>\n<p>Pentru cur\u0103\u021bare, pur \u0219i simplu cl\u0103ti\u021bi mandolina \u0219i inser\u021biile pentru lame sub jet de ap\u0103, apoi \u00eempinge\u021bi inser\u021bia pentru felii p\u00e2n\u0103 la ultimul semn. L\u0103sa\u021bi V5 s\u0103 se usuce prin picurare \u00een cutia pentru inser\u021bii inclus\u0103. Cutia ofer\u0103, de asemenea, spa\u021biu pentru inser\u021biile lamei \u0219i suportul pentru alimente poate fi ata\u0219at. Acest lucru economise\u0219te spa\u021biu \u0219i p\u0103streaz\u0103 totul la \u00eendem\u00e2n\u0103 pentru urm\u0103toarea utilizare.<\/p>\n<p>Toate p\u0103r\u021bile acestui set sunt sigure pentru alimente, f\u0103r\u0103 BPA, ftala\u021bi \u0219i substan\u021be nocive.<\/p>","protected":false},"excerpt":{"rendered":"<p>Vitez\u0103 \u0219i precizie imbatabile la prepararea feliilor, bastona\u0219elor, benzilor \u0219i cuburilor de legume \u0219i fructe proaspete.<\/p>","protected":false},"featured_media":247,"comment_status":"closed","ping_status":"closed","template":"","meta":{"_acf_changed":false},"product_brand":[],"product_cat":[41],"product_tag":[],"class_list":{"0":"post-82","1":"product","2":"type-product","3":"status-publish","4":"has-post-thumbnail","6":"product_cat-accessori-da-cucina","8":"first","9":"instock","10":"sale","11":"taxable","12":"shipping-taxable","13":"purchasable","14":"product-type-simple"},"gallery_images":[],"acf":[],"yoast_head":"<!-- This site is optimized with the Yoast SEO plugin v27.5 - https:\/\/yoast.com\/product\/yoast-seo-wordpress\/ -->\n<title>Mandolina Borner V5 PowerLine &#187; Tauro Essiccatori<\/title>\n<meta name=\"robots\" content=\"index, follow, max-snippet:-1, max-image-preview:large, max-video-preview:-1\" \/>\n<link rel=\"canonical\" href=\"https:\/\/www.tauroessiccatori.com\/ro\/uscatoare-de-uz-casnic\/accesorii\/accesorii-de-bucatarie\/mandolina-borner-v5-powerline\/\" \/>\n<meta property=\"og:locale\" content=\"ro_RO\" \/>\n<meta property=\"og:type\" content=\"article\" \/>\n<meta property=\"og:title\" content=\"Mandolina Borner V5 PowerLine &#187; Tauro Essiccatori\" \/>\n<meta property=\"og:description\" content=\"Imbattibile in velocit\u00e0 e precisione nella preparazione di fette, bastoncini, strisce e cubetti di verdure fresche e frutta.\" \/>\n<meta property=\"og:url\" content=\"https:\/\/www.tauroessiccatori.com\/ro\/uscatoare-de-uz-casnic\/accesorii\/accesorii-de-bucatarie\/mandolina-borner-v5-powerline\/\" \/>\n<meta property=\"og:site_name\" content=\"Tauro Essiccatori\" \/>\n<meta property=\"article:publisher\" content=\"https:\/\/www.facebook.com\/tauroessiccatori\" \/>\n<meta property=\"article:modified_time\" content=\"2026-01-26T09:37:32+00:00\" \/>\n<meta property=\"og:image\" content=\"https:\/\/www.tauroessiccatori.com\/wp-content\/uploads\/2025\/03\/mandolina-green.jpg\" \/>\n\t<meta property=\"og:image:width\" content=\"1210\" \/>\n\t<meta property=\"og:image:height\" content=\"750\" \/>\n\t<meta property=\"og:image:type\" content=\"image\/jpeg\" \/>\n<meta name=\"twitter:card\" content=\"summary_large_image\" \/>\n<script type=\"application\/ld+json\" class=\"yoast-schema-graph\">{\"@context\":\"https:\\\/\\\/schema.org\",\"@graph\":[{\"@type\":\"WebPage\",\"@id\":\"https:\\\/\\\/www.tauroessiccatori.com\\\/ro\\\/essiccatori-domestici\\\/accessori\\\/accessori-da-cucina\\\/mandolina-borner-v5-powerline\\\/\",\"url\":\"https:\\\/\\\/www.tauroessiccatori.com\\\/ro\\\/essiccatori-domestici\\\/accessori\\\/accessori-da-cucina\\\/mandolina-borner-v5-powerline\\\/\",\"name\":\"Mandolina Borner V5 PowerLine &#187; Tauro Essiccatori\",\"isPartOf\":{\"@id\":\"https:\\\/\\\/www.tauroessiccatori.com\\\/ro\\\/#website\"},\"primaryImageOfPage\":{\"@id\":\"https:\\\/\\\/www.tauroessiccatori.com\\\/ro\\\/essiccatori-domestici\\\/accessori\\\/accessori-da-cucina\\\/mandolina-borner-v5-powerline\\\/#primaryimage\"},\"image\":{\"@id\":\"https:\\\/\\\/www.tauroessiccatori.com\\\/ro\\\/essiccatori-domestici\\\/accessori\\\/accessori-da-cucina\\\/mandolina-borner-v5-powerline\\\/#primaryimage\"},\"thumbnailUrl\":\"https:\\\/\\\/www.tauroessiccatori.com\\\/wp-content\\\/uploads\\\/2025\\\/03\\\/mandolina-green.avif\",\"datePublished\":\"2025-03-15T21:18:55+00:00\",\"dateModified\":\"2026-01-26T09:37:32+00:00\",\"breadcrumb\":{\"@id\":\"https:\\\/\\\/www.tauroessiccatori.com\\\/ro\\\/essiccatori-domestici\\\/accessori\\\/accessori-da-cucina\\\/mandolina-borner-v5-powerline\\\/#breadcrumb\"},\"inLanguage\":\"ro-RO\",\"potentialAction\":[{\"@type\":\"ReadAction\",\"target\":[\"https:\\\/\\\/www.tauroessiccatori.com\\\/ro\\\/essiccatori-domestici\\\/accessori\\\/accessori-da-cucina\\\/mandolina-borner-v5-powerline\\\/\"]}]},{\"@type\":\"ImageObject\",\"inLanguage\":\"ro-RO\",\"@id\":\"https:\\\/\\\/www.tauroessiccatori.com\\\/ro\\\/essiccatori-domestici\\\/accessori\\\/accessori-da-cucina\\\/mandolina-borner-v5-powerline\\\/#primaryimage\",\"url\":\"https:\\\/\\\/www.tauroessiccatori.com\\\/wp-content\\\/uploads\\\/2025\\\/03\\\/mandolina-green.avif\",\"contentUrl\":\"https:\\\/\\\/www.tauroessiccatori.com\\\/wp-content\\\/uploads\\\/2025\\\/03\\\/mandolina-green.avif\",\"width\":1210,\"height\":750},{\"@type\":\"BreadcrumbList\",\"@id\":\"https:\\\/\\\/www.tauroessiccatori.com\\\/ro\\\/essiccatori-domestici\\\/accessori\\\/accessori-da-cucina\\\/mandolina-borner-v5-powerline\\\/#breadcrumb\",\"itemListElement\":[{\"@type\":\"ListItem\",\"position\":1,\"name\":\"Home\",\"item\":\"https:\\\/\\\/www.tauroessiccatori.com\\\/\"},{\"@type\":\"ListItem\",\"position\":2,\"name\":\"Shop\",\"item\":\"https:\\\/\\\/www.tauroessiccatori.com\\\/shop\\\/\"},{\"@type\":\"ListItem\",\"position\":3,\"name\":\"Mandolina Borner V5 PowerLine\"}]},{\"@type\":\"WebSite\",\"@id\":\"https:\\\/\\\/www.tauroessiccatori.com\\\/ro\\\/#website\",\"url\":\"https:\\\/\\\/www.tauroessiccatori.com\\\/ro\\\/\",\"name\":\"Tauro Essiccatori\",\"description\":\"Da pi\u00f9 di trent\u2019anni, i migliori sistemi di essiccazione.\",\"publisher\":{\"@id\":\"https:\\\/\\\/www.tauroessiccatori.com\\\/ro\\\/#organization\"},\"alternateName\":\"Tauro\",\"potentialAction\":[{\"@type\":\"SearchAction\",\"target\":{\"@type\":\"EntryPoint\",\"urlTemplate\":\"https:\\\/\\\/www.tauroessiccatori.com\\\/ro\\\/?s={search_term_string}\"},\"query-input\":{\"@type\":\"PropertyValueSpecification\",\"valueRequired\":true,\"valueName\":\"search_term_string\"}}],\"inLanguage\":\"ro-RO\"},{\"@type\":\"Organization\",\"@id\":\"https:\\\/\\\/www.tauroessiccatori.com\\\/ro\\\/#organization\",\"name\":\"Tauro Essiccatori\",\"alternateName\":\"Tauro Essiccatori srl unipersonale\",\"url\":\"https:\\\/\\\/www.tauroessiccatori.com\\\/ro\\\/\",\"logo\":{\"@type\":\"ImageObject\",\"inLanguage\":\"ro-RO\",\"@id\":\"https:\\\/\\\/www.tauroessiccatori.com\\\/ro\\\/#\\\/schema\\\/logo\\\/image\\\/\",\"url\":\"https:\\\/\\\/www.tauroessiccatori.com\\\/wp-content\\\/uploads\\\/2026\\\/01\\\/tauro.avif\",\"contentUrl\":\"https:\\\/\\\/www.tauroessiccatori.com\\\/wp-content\\\/uploads\\\/2026\\\/01\\\/tauro.avif\",\"width\":360,\"height\":360,\"caption\":\"Tauro Essiccatori\"},\"image\":{\"@id\":\"https:\\\/\\\/www.tauroessiccatori.com\\\/ro\\\/#\\\/schema\\\/logo\\\/image\\\/\"},\"sameAs\":[\"https:\\\/\\\/www.facebook.com\\\/tauroessiccatori\"]}]}<\/script>\n<!-- \/ Yoast SEO plugin. -->","yoast_head_json":{"title":"Borner V5 PowerLine mandoline \u00bb Usc\u0103toare Tauro","robots":{"index":"index","follow":"follow","max-snippet":"max-snippet:-1","max-image-preview":"max-image-preview:large","max-video-preview":"max-video-preview:-1"},"canonical":"https:\/\/www.tauroessiccatori.com\/ro\/uscatoare-de-uz-casnic\/accesorii\/accesorii-de-bucatarie\/mandolina-borner-v5-powerline\/","og_locale":"ro_RO","og_type":"article","og_title":"Mandolina Borner V5 PowerLine &#187; Tauro Essiccatori","og_description":"Imbattibile in velocit\u00e0 e precisione nella preparazione di fette, bastoncini, strisce e cubetti di verdure fresche e frutta.","og_url":"https:\/\/www.tauroessiccatori.com\/ro\/uscatoare-de-uz-casnic\/accesorii\/accesorii-de-bucatarie\/mandolina-borner-v5-powerline\/","og_site_name":"Tauro Essiccatori","article_publisher":"https:\/\/www.facebook.com\/tauroessiccatori","article_modified_time":"2026-01-26T09:37:32+00:00","og_image":[{"width":1210,"height":750,"url":"https:\/\/www.tauroessiccatori.com\/wp-content\/uploads\/2025\/03\/mandolina-green.jpg","type":"image\/jpeg"}],"twitter_card":"summary_large_image","schema":{"@context":"https:\/\/schema.org","@graph":[{"@type":"WebPage","@id":"https:\/\/www.tauroessiccatori.com\/ro\/essiccatori-domestici\/accessori\/accessori-da-cucina\/mandolina-borner-v5-powerline\/","url":"https:\/\/www.tauroessiccatori.com\/ro\/essiccatori-domestici\/accessori\/accessori-da-cucina\/mandolina-borner-v5-powerline\/","name":"Borner V5 PowerLine mandoline \u00bb Usc\u0103toare Tauro","isPartOf":{"@id":"https:\/\/www.tauroessiccatori.com\/ro\/#website"},"primaryImageOfPage":{"@id":"https:\/\/www.tauroessiccatori.com\/ro\/essiccatori-domestici\/accessori\/accessori-da-cucina\/mandolina-borner-v5-powerline\/#primaryimage"},"image":{"@id":"https:\/\/www.tauroessiccatori.com\/ro\/essiccatori-domestici\/accessori\/accessori-da-cucina\/mandolina-borner-v5-powerline\/#primaryimage"},"thumbnailUrl":"https:\/\/www.tauroessiccatori.com\/wp-content\/uploads\/2025\/03\/mandolina-green.avif","datePublished":"2025-03-15T21:18:55+00:00","dateModified":"2026-01-26T09:37:32+00:00","breadcrumb":{"@id":"https:\/\/www.tauroessiccatori.com\/ro\/essiccatori-domestici\/accessori\/accessori-da-cucina\/mandolina-borner-v5-powerline\/#breadcrumb"},"inLanguage":"ro-RO","potentialAction":[{"@type":"ReadAction","target":["https:\/\/www.tauroessiccatori.com\/ro\/essiccatori-domestici\/accessori\/accessori-da-cucina\/mandolina-borner-v5-powerline\/"]}]},{"@type":"ImageObject","inLanguage":"ro-RO","@id":"https:\/\/www.tauroessiccatori.com\/ro\/essiccatori-domestici\/accessori\/accessori-da-cucina\/mandolina-borner-v5-powerline\/#primaryimage","url":"https:\/\/www.tauroessiccatori.com\/wp-content\/uploads\/2025\/03\/mandolina-green.avif","contentUrl":"https:\/\/www.tauroessiccatori.com\/wp-content\/uploads\/2025\/03\/mandolina-green.avif","width":1210,"height":750},{"@type":"BreadcrumbList","@id":"https:\/\/www.tauroessiccatori.com\/ro\/essiccatori-domestici\/accessori\/accessori-da-cucina\/mandolina-borner-v5-powerline\/#breadcrumb","itemListElement":[{"@type":"ListItem","position":1,"name":"Home","item":"https:\/\/www.tauroessiccatori.com\/"},{"@type":"ListItem","position":2,"name":"Shop","item":"https:\/\/www.tauroessiccatori.com\/shop\/"},{"@type":"ListItem","position":3,"name":"Mandolina Borner V5 PowerLine"}]},{"@type":"WebSite","@id":"https:\/\/www.tauroessiccatori.com\/ro\/#website","url":"https:\/\/www.tauroessiccatori.com\/ro\/","name":"Usc\u0103toare Tauro","description":"De mai bine de 30 de ani, cele mai bune sisteme de uscare.","publisher":{"@id":"https:\/\/www.tauroessiccatori.com\/ro\/#organization"},"alternateName":"Tauro","potentialAction":[{"@type":"SearchAction","target":{"@type":"EntryPoint","urlTemplate":"https:\/\/www.tauroessiccatori.com\/ro\/?s={search_term_string}"},"query-input":{"@type":"PropertyValueSpecification","valueRequired":true,"valueName":"search_term_string"}}],"inLanguage":"ro-RO"},{"@type":"Organization","@id":"https:\/\/www.tauroessiccatori.com\/ro\/#organization","name":"Usc\u0103toare Tauro","alternateName":"Tauro Essiccatori srl unipersonale","url":"https:\/\/www.tauroessiccatori.com\/ro\/","logo":{"@type":"ImageObject","inLanguage":"ro-RO","@id":"https:\/\/www.tauroessiccatori.com\/ro\/#\/schema\/logo\/image\/","url":"https:\/\/www.tauroessiccatori.com\/wp-content\/uploads\/2026\/01\/tauro.avif","contentUrl":"https:\/\/www.tauroessiccatori.com\/wp-content\/uploads\/2026\/01\/tauro.avif","width":360,"height":360,"caption":"Tauro Essiccatori"},"image":{"@id":"https:\/\/www.tauroessiccatori.com\/ro\/#\/schema\/logo\/image\/"},"sameAs":["https:\/\/www.facebook.com\/tauroessiccatori"]}]}},"_links":{"self":[{"href":"https:\/\/www.tauroessiccatori.com\/ro\/wp-json\/wp\/v2\/product\/82","targetHints":{"allow":["GET"]}}],"collection":[{"href":"https:\/\/www.tauroessiccatori.com\/ro\/wp-json\/wp\/v2\/product"}],"about":[{"href":"https:\/\/www.tauroessiccatori.com\/ro\/wp-json\/wp\/v2\/types\/product"}],"replies":[{"embeddable":true,"href":"https:\/\/www.tauroessiccatori.com\/ro\/wp-json\/wp\/v2\/comments?post=82"}],"wp:featuredmedia":[{"embeddable":true,"href":"https:\/\/www.tauroessiccatori.com\/ro\/wp-json\/wp\/v2\/media\/247"}],"wp:attachment":[{"href":"https:\/\/www.tauroessiccatori.com\/ro\/wp-json\/wp\/v2\/media?parent=82"}],"wp:term":[{"taxonomy":"product_brand","embeddable":true,"href":"https:\/\/www.tauroessiccatori.com\/ro\/wp-json\/wp\/v2\/product_brand?post=82"},{"taxonomy":"product_cat","embeddable":true,"href":"https:\/\/www.tauroessiccatori.com\/ro\/wp-json\/wp\/v2\/product_cat?post=82"},{"taxonomy":"product_tag","embeddable":true,"href":"https:\/\/www.tauroessiccatori.com\/ro\/wp-json\/wp\/v2\/product_tag?post=82"}],"curies":[{"name":"wp","href":"https:\/\/api.w.org\/{rel}","templated":true}]}}