{"id":165542,"date":"2025-08-29T14:11:54","date_gmt":"2025-08-29T12:11:54","guid":{"rendered":"https:\/\/tauroessiccatori.com\/?post_type=product&#038;p=165542"},"modified":"2026-01-26T10:34:26","modified_gmt":"2026-01-26T09:34:26","slug":"plasa-uscata","status":"publish","type":"product","link":"https:\/\/www.tauroessiccatori.com\/ro\/essiccatori-domestici\/accessori\/antiaderenti\/drysilk-net\/","title":{"rendered":"DrySilk Net"},"content":{"rendered":"<p>DrySilk Net este sistemul inovator de plas\u0103 antiaderent\u0103 multifunc\u021bional\u0103 conceput pentru a v\u0103 oferi performan\u021be maxime cu fiecare Biosec.<\/p>\n<p>DrySilk Net este perfect pentru uscarea alimentelor mici, cum ar fi flori, ierburi \u0219i polen, sau a celor sub\u021biri \u0219i deosebit de lipicioase, cum ar fi c\u0103p\u0219unile \u0219i bananele.<\/p>\n<p>Evita\u021bi utilizarea cu produse apoase \u0219i care picur\u0103.<\/p>\n<p>Dou\u0103 plase pot fi suprapuse pentru a dubla suprafa\u021ba desicant\u0103 a usc\u0103torului.<\/p>\n<p>SP\u0102LA\u021aI \u00ceNAINTE DE PRIMA UTILIZARE.<\/p>","protected":false},"excerpt":{"rendered":"<p><strong>DrySilkNet<\/strong> este sistemul de plas\u0103 multifunc\u021bional care <strong>v\u0103 ofer\u0103 o neaderen\u021b\u0103 f\u0103r\u0103 precedent<\/strong> \u00een primul r\u00e2nd: folose\u0219te-le cu c\u0103p\u0219uni, banane \u0219i produse zaharoase, vei vedea ce rezultat! Iar dac\u0103 le suprapui, po\u021bi dubla capacitatea usc\u0103torului t\u0103u!<\/p>","protected":false},"featured_media":165322,"comment_status":"closed","ping_status":"closed","template":"","meta":{"_acf_changed":false},"product_brand":[],"product_cat":[26],"product_tag":[],"class_list":{"0":"post-165542","1":"product","2":"type-product","3":"status-publish","4":"has-post-thumbnail","6":"product_cat-antiaderenti","8":"first","9":"instock","10":"sale","11":"taxable","12":"shipping-taxable","13":"purchasable","14":"product-type-variable"},"gallery_images":[166380,166381,166382],"acf":[],"yoast_head":"<!-- This site is optimized with the Yoast SEO plugin v27.5 - https:\/\/yoast.com\/product\/yoast-seo-wordpress\/ -->\n<title>DrySilk Net Retine Antiaderenti &#187; confezione da 6 - Tauro Essiccatori<\/title>\n<meta name=\"description\" content=\"DrySilk Net Retine Antiaderenti - confezione da 6 retine antiaderenti. Impilabili, per raddoppiare la capienza del tuo essiccatore, antiaderenza massima.\" \/>\n<meta name=\"robots\" content=\"index, follow, max-snippet:-1, max-image-preview:large, max-video-preview:-1\" \/>\n<link rel=\"canonical\" href=\"https:\/\/www.tauroessiccatori.com\/ro\/uscatoare-de-uz-casnic\/accesorii\/neaderent\/plasa-uscata\/\" \/>\n<meta property=\"og:locale\" content=\"ro_RO\" \/>\n<meta property=\"og:type\" content=\"article\" \/>\n<meta property=\"og:title\" content=\"DrySilk Net Retine Antiaderenti &#187; confezione da 6 - Tauro Essiccatori\" \/>\n<meta property=\"og:description\" content=\"DrySilk Net Retine Antiaderenti - confezione da 6 retine antiaderenti. Impilabili, per raddoppiare la capienza del tuo essiccatore, antiaderenza massima.\" \/>\n<meta property=\"og:url\" content=\"https:\/\/www.tauroessiccatori.com\/ro\/uscatoare-de-uz-casnic\/accesorii\/neaderent\/plasa-uscata\/\" \/>\n<meta property=\"og:site_name\" content=\"Tauro Essiccatori\" \/>\n<meta property=\"article:publisher\" content=\"https:\/\/www.facebook.com\/tauroessiccatori\" \/>\n<meta property=\"article:modified_time\" content=\"2026-01-26T09:34:26+00:00\" \/>\n<meta property=\"og:image\" content=\"https:\/\/www.tauroessiccatori.com\/wp-content\/uploads\/2025\/03\/DrySilkNet02.jpg\" \/>\n\t<meta property=\"og:image:width\" content=\"1210\" \/>\n\t<meta property=\"og:image:height\" content=\"750\" \/>\n\t<meta property=\"og:image:type\" content=\"image\/jpeg\" \/>\n<meta name=\"twitter:card\" content=\"summary_large_image\" \/>\n<script type=\"application\/ld+json\" class=\"yoast-schema-graph\">{\"@context\":\"https:\\\/\\\/schema.org\",\"@graph\":[{\"@type\":\"WebPage\",\"@id\":\"https:\\\/\\\/www.tauroessiccatori.com\\\/ro\\\/essiccatori-domestici\\\/accessori\\\/antiaderenti\\\/drysilk-net\\\/\",\"url\":\"https:\\\/\\\/www.tauroessiccatori.com\\\/ro\\\/essiccatori-domestici\\\/accessori\\\/antiaderenti\\\/drysilk-net\\\/\",\"name\":\"DrySilk Net Retine Antiaderenti &#187; confezione da 6 - Tauro Essiccatori\",\"isPartOf\":{\"@id\":\"https:\\\/\\\/www.tauroessiccatori.com\\\/ro\\\/#website\"},\"primaryImageOfPage\":{\"@id\":\"https:\\\/\\\/www.tauroessiccatori.com\\\/ro\\\/essiccatori-domestici\\\/accessori\\\/antiaderenti\\\/drysilk-net\\\/#primaryimage\"},\"image\":{\"@id\":\"https:\\\/\\\/www.tauroessiccatori.com\\\/ro\\\/essiccatori-domestici\\\/accessori\\\/antiaderenti\\\/drysilk-net\\\/#primaryimage\"},\"thumbnailUrl\":\"https:\\\/\\\/www.tauroessiccatori.com\\\/wp-content\\\/uploads\\\/2025\\\/03\\\/DrySilkNet02.avif\",\"datePublished\":\"2025-08-29T12:11:54+00:00\",\"dateModified\":\"2026-01-26T09:34:26+00:00\",\"description\":\"DrySilk Net Retine Antiaderenti - confezione da 6 retine antiaderenti. Impilabili, per raddoppiare la capienza del tuo essiccatore, antiaderenza massima.\",\"breadcrumb\":{\"@id\":\"https:\\\/\\\/www.tauroessiccatori.com\\\/ro\\\/essiccatori-domestici\\\/accessori\\\/antiaderenti\\\/drysilk-net\\\/#breadcrumb\"},\"inLanguage\":\"ro-RO\",\"potentialAction\":[{\"@type\":\"ReadAction\",\"target\":[\"https:\\\/\\\/www.tauroessiccatori.com\\\/ro\\\/essiccatori-domestici\\\/accessori\\\/antiaderenti\\\/drysilk-net\\\/\"]}]},{\"@type\":\"ImageObject\",\"inLanguage\":\"ro-RO\",\"@id\":\"https:\\\/\\\/www.tauroessiccatori.com\\\/ro\\\/essiccatori-domestici\\\/accessori\\\/antiaderenti\\\/drysilk-net\\\/#primaryimage\",\"url\":\"https:\\\/\\\/www.tauroessiccatori.com\\\/wp-content\\\/uploads\\\/2025\\\/03\\\/DrySilkNet02.avif\",\"contentUrl\":\"https:\\\/\\\/www.tauroessiccatori.com\\\/wp-content\\\/uploads\\\/2025\\\/03\\\/DrySilkNet02.avif\",\"width\":1210,\"height\":750},{\"@type\":\"BreadcrumbList\",\"@id\":\"https:\\\/\\\/www.tauroessiccatori.com\\\/ro\\\/essiccatori-domestici\\\/accessori\\\/antiaderenti\\\/drysilk-net\\\/#breadcrumb\",\"itemListElement\":[{\"@type\":\"ListItem\",\"position\":1,\"name\":\"Home\",\"item\":\"https:\\\/\\\/www.tauroessiccatori.com\\\/\"},{\"@type\":\"ListItem\",\"position\":2,\"name\":\"Shop\",\"item\":\"https:\\\/\\\/www.tauroessiccatori.com\\\/shop\\\/\"},{\"@type\":\"ListItem\",\"position\":3,\"name\":\"DrySilk Net\"}]},{\"@type\":\"WebSite\",\"@id\":\"https:\\\/\\\/www.tauroessiccatori.com\\\/ro\\\/#website\",\"url\":\"https:\\\/\\\/www.tauroessiccatori.com\\\/ro\\\/\",\"name\":\"Tauro Essiccatori\",\"description\":\"Da pi\u00f9 di trent\u2019anni, i migliori sistemi di essiccazione.\",\"publisher\":{\"@id\":\"https:\\\/\\\/www.tauroessiccatori.com\\\/ro\\\/#organization\"},\"alternateName\":\"Tauro\",\"potentialAction\":[{\"@type\":\"SearchAction\",\"target\":{\"@type\":\"EntryPoint\",\"urlTemplate\":\"https:\\\/\\\/www.tauroessiccatori.com\\\/ro\\\/?s={search_term_string}\"},\"query-input\":{\"@type\":\"PropertyValueSpecification\",\"valueRequired\":true,\"valueName\":\"search_term_string\"}}],\"inLanguage\":\"ro-RO\"},{\"@type\":\"Organization\",\"@id\":\"https:\\\/\\\/www.tauroessiccatori.com\\\/ro\\\/#organization\",\"name\":\"Tauro Essiccatori\",\"alternateName\":\"Tauro Essiccatori srl unipersonale\",\"url\":\"https:\\\/\\\/www.tauroessiccatori.com\\\/ro\\\/\",\"logo\":{\"@type\":\"ImageObject\",\"inLanguage\":\"ro-RO\",\"@id\":\"https:\\\/\\\/www.tauroessiccatori.com\\\/ro\\\/#\\\/schema\\\/logo\\\/image\\\/\",\"url\":\"https:\\\/\\\/www.tauroessiccatori.com\\\/wp-content\\\/uploads\\\/2026\\\/01\\\/tauro.avif\",\"contentUrl\":\"https:\\\/\\\/www.tauroessiccatori.com\\\/wp-content\\\/uploads\\\/2026\\\/01\\\/tauro.avif\",\"width\":360,\"height\":360,\"caption\":\"Tauro Essiccatori\"},\"image\":{\"@id\":\"https:\\\/\\\/www.tauroessiccatori.com\\\/ro\\\/#\\\/schema\\\/logo\\\/image\\\/\"},\"sameAs\":[\"https:\\\/\\\/www.facebook.com\\\/tauroessiccatori\"]}]}<\/script>\n<!-- \/ Yoast SEO plugin. -->","yoast_head_json":{"title":"DrySilk Net Plase neaderente \u00bb pachet de 6 - Usc\u0103toare Tauro","description":"Plase antiaderente DrySilk Net - pachet de 6 plase antiaderente. Stivuibile, pentru a dubla capacitatea usc\u0103torului, antiaderente maxime.","robots":{"index":"index","follow":"follow","max-snippet":"max-snippet:-1","max-image-preview":"max-image-preview:large","max-video-preview":"max-video-preview:-1"},"canonical":"https:\/\/www.tauroessiccatori.com\/ro\/uscatoare-de-uz-casnic\/accesorii\/neaderent\/plasa-uscata\/","og_locale":"ro_RO","og_type":"article","og_title":"DrySilk Net Retine Antiaderenti &#187; confezione da 6 - Tauro Essiccatori","og_description":"DrySilk Net Retine Antiaderenti - confezione da 6 retine antiaderenti. Impilabili, per raddoppiare la capienza del tuo essiccatore, antiaderenza massima.","og_url":"https:\/\/www.tauroessiccatori.com\/ro\/uscatoare-de-uz-casnic\/accesorii\/neaderent\/plasa-uscata\/","og_site_name":"Tauro Essiccatori","article_publisher":"https:\/\/www.facebook.com\/tauroessiccatori","article_modified_time":"2026-01-26T09:34:26+00:00","og_image":[{"width":1210,"height":750,"url":"https:\/\/www.tauroessiccatori.com\/wp-content\/uploads\/2025\/03\/DrySilkNet02.jpg","type":"image\/jpeg"}],"twitter_card":"summary_large_image","schema":{"@context":"https:\/\/schema.org","@graph":[{"@type":"WebPage","@id":"https:\/\/www.tauroessiccatori.com\/ro\/essiccatori-domestici\/accessori\/antiaderenti\/drysilk-net\/","url":"https:\/\/www.tauroessiccatori.com\/ro\/essiccatori-domestici\/accessori\/antiaderenti\/drysilk-net\/","name":"DrySilk Net Plase neaderente \u00bb pachet de 6 - Usc\u0103toare Tauro","isPartOf":{"@id":"https:\/\/www.tauroessiccatori.com\/ro\/#website"},"primaryImageOfPage":{"@id":"https:\/\/www.tauroessiccatori.com\/ro\/essiccatori-domestici\/accessori\/antiaderenti\/drysilk-net\/#primaryimage"},"image":{"@id":"https:\/\/www.tauroessiccatori.com\/ro\/essiccatori-domestici\/accessori\/antiaderenti\/drysilk-net\/#primaryimage"},"thumbnailUrl":"https:\/\/www.tauroessiccatori.com\/wp-content\/uploads\/2025\/03\/DrySilkNet02.avif","datePublished":"2025-08-29T12:11:54+00:00","dateModified":"2026-01-26T09:34:26+00:00","description":"Plase antiaderente DrySilk Net - pachet de 6 plase antiaderente. Stivuibile, pentru a dubla capacitatea usc\u0103torului, antiaderente maxime.","breadcrumb":{"@id":"https:\/\/www.tauroessiccatori.com\/ro\/essiccatori-domestici\/accessori\/antiaderenti\/drysilk-net\/#breadcrumb"},"inLanguage":"ro-RO","potentialAction":[{"@type":"ReadAction","target":["https:\/\/www.tauroessiccatori.com\/ro\/essiccatori-domestici\/accessori\/antiaderenti\/drysilk-net\/"]}]},{"@type":"ImageObject","inLanguage":"ro-RO","@id":"https:\/\/www.tauroessiccatori.com\/ro\/essiccatori-domestici\/accessori\/antiaderenti\/drysilk-net\/#primaryimage","url":"https:\/\/www.tauroessiccatori.com\/wp-content\/uploads\/2025\/03\/DrySilkNet02.avif","contentUrl":"https:\/\/www.tauroessiccatori.com\/wp-content\/uploads\/2025\/03\/DrySilkNet02.avif","width":1210,"height":750},{"@type":"BreadcrumbList","@id":"https:\/\/www.tauroessiccatori.com\/ro\/essiccatori-domestici\/accessori\/antiaderenti\/drysilk-net\/#breadcrumb","itemListElement":[{"@type":"ListItem","position":1,"name":"Home","item":"https:\/\/www.tauroessiccatori.com\/"},{"@type":"ListItem","position":2,"name":"Shop","item":"https:\/\/www.tauroessiccatori.com\/shop\/"},{"@type":"ListItem","position":3,"name":"DrySilk Net"}]},{"@type":"WebSite","@id":"https:\/\/www.tauroessiccatori.com\/ro\/#website","url":"https:\/\/www.tauroessiccatori.com\/ro\/","name":"Usc\u0103toare Tauro","description":"De mai bine de 30 de ani, cele mai bune sisteme de uscare.","publisher":{"@id":"https:\/\/www.tauroessiccatori.com\/ro\/#organization"},"alternateName":"Tauro","potentialAction":[{"@type":"SearchAction","target":{"@type":"EntryPoint","urlTemplate":"https:\/\/www.tauroessiccatori.com\/ro\/?s={search_term_string}"},"query-input":{"@type":"PropertyValueSpecification","valueRequired":true,"valueName":"search_term_string"}}],"inLanguage":"ro-RO"},{"@type":"Organization","@id":"https:\/\/www.tauroessiccatori.com\/ro\/#organization","name":"Usc\u0103toare Tauro","alternateName":"Tauro Essiccatori srl unipersonale","url":"https:\/\/www.tauroessiccatori.com\/ro\/","logo":{"@type":"ImageObject","inLanguage":"ro-RO","@id":"https:\/\/www.tauroessiccatori.com\/ro\/#\/schema\/logo\/image\/","url":"https:\/\/www.tauroessiccatori.com\/wp-content\/uploads\/2026\/01\/tauro.avif","contentUrl":"https:\/\/www.tauroessiccatori.com\/wp-content\/uploads\/2026\/01\/tauro.avif","width":360,"height":360,"caption":"Tauro Essiccatori"},"image":{"@id":"https:\/\/www.tauroessiccatori.com\/ro\/#\/schema\/logo\/image\/"},"sameAs":["https:\/\/www.facebook.com\/tauroessiccatori"]}]}},"_links":{"self":[{"href":"https:\/\/www.tauroessiccatori.com\/ro\/wp-json\/wp\/v2\/product\/165542","targetHints":{"allow":["GET"]}}],"collection":[{"href":"https:\/\/www.tauroessiccatori.com\/ro\/wp-json\/wp\/v2\/product"}],"about":[{"href":"https:\/\/www.tauroessiccatori.com\/ro\/wp-json\/wp\/v2\/types\/product"}],"replies":[{"embeddable":true,"href":"https:\/\/www.tauroessiccatori.com\/ro\/wp-json\/wp\/v2\/comments?post=165542"}],"wp:featuredmedia":[{"embeddable":true,"href":"https:\/\/www.tauroessiccatori.com\/ro\/wp-json\/wp\/v2\/media\/165322"}],"wp:attachment":[{"href":"https:\/\/www.tauroessiccatori.com\/ro\/wp-json\/wp\/v2\/media?parent=165542"}],"wp:term":[{"taxonomy":"product_brand","embeddable":true,"href":"https:\/\/www.tauroessiccatori.com\/ro\/wp-json\/wp\/v2\/product_brand?post=165542"},{"taxonomy":"product_cat","embeddable":true,"href":"https:\/\/www.tauroessiccatori.com\/ro\/wp-json\/wp\/v2\/product_cat?post=165542"},{"taxonomy":"product_tag","embeddable":true,"href":"https:\/\/www.tauroessiccatori.com\/ro\/wp-json\/wp\/v2\/product_tag?post=165542"}],"curies":[{"name":"wp","href":"https:\/\/api.w.org\/{rel}","templated":true}]}}