{"id":493,"date":"2025-06-22T16:46:29","date_gmt":"2025-06-22T16:46:29","guid":{"rendered":"https:\/\/tauroessiccatori.com\/?page_id=493"},"modified":"2026-02-19T12:09:06","modified_gmt":"2026-02-19T11:09:06","slug":"b-master-plus-twin","status":"publish","type":"page","link":"https:\/\/www.tauroessiccatori.com\/ro\/essiccatori-professionali\/b-master-plus-twin\/","title":{"rendered":"B.Master PLUS TWIN"},"content":{"rendered":"<p>Usc\u0103torul care permite\u00a0<b>uscarea produselor foarte apoase, de calibru mare<\/b> sau care au nevoie de temperaturi ridicate \u00eenc\u0103 de la \u00eenceput. Standard: dou\u0103 surse de c\u0103ldur\u0103 electrice care permit atingerea celei mai \u00eenalte temperaturi chiar \u0219i la sarcin\u0103 maxim\u0103 \u0219i dou\u0103 unit\u0103\u021bi de ventila\u021bie \u0219i eliminare a aerului umed pentru uniformitate maxim\u0103. <strong>Curba dubl\u0103 de \u00eenc\u0103lzire<\/strong> asigur\u0103 atingerea \u0219i men\u021binerea temperaturilor stabilite pe \u00eentreaga suprafa\u021b\u0103 de uscare, optimiz\u00e2nd timpul \u0219i procesele. Chiar \u0219i cele mai dificile produse pot fi uscate u\u0219or \u0219i \u00een siguran\u021b\u0103.<\/p>","protected":false},"excerpt":{"rendered":"<p>Usc\u0103torul care permite <strong>uscarea produselor foarte apoase, de calibru mare<\/strong> sau care necesit\u0103 temperaturi ridicate \u00eenc\u0103 de la \u00eenceput.<\/p>","protected":false},"author":1,"featured_media":165959,"parent":10,"menu_order":55,"comment_status":"closed","ping_status":"closed","template":"","meta":{"_acf_changed":false,"footnotes":""},"class_list":["post-493","page","type-page","status-publish","has-post-thumbnail","hentry"],"acf":[],"yoast_head":"<!-- This site is optimized with the Yoast SEO plugin v27.5 - https:\/\/yoast.com\/product\/yoast-seo-wordpress\/ -->\n<title>B.Master PLUS TWIN &#187; Tauro Essiccatori<\/title>\n<meta name=\"robots\" content=\"index, follow, max-snippet:-1, max-image-preview:large, max-video-preview:-1\" \/>\n<link rel=\"canonical\" href=\"https:\/\/www.tauroessiccatori.com\/ro\/uscatoare-profesionale\/b-master-plus-twin\/\" \/>\n<meta property=\"og:locale\" content=\"ro_RO\" \/>\n<meta property=\"og:type\" content=\"article\" \/>\n<meta property=\"og:title\" content=\"B.Master PLUS TWIN &#187; Tauro Essiccatori\" \/>\n<meta property=\"og:description\" content=\"L\u2019essiccatore che permette di essiccare prodotti molto acquosi, di grosso calibro o che necessitano di temperature elevate fin da subito.\" \/>\n<meta property=\"og:url\" content=\"https:\/\/www.tauroessiccatori.com\/ro\/uscatoare-profesionale\/b-master-plus-twin\/\" \/>\n<meta property=\"og:site_name\" content=\"Tauro Essiccatori\" \/>\n<meta property=\"article:publisher\" content=\"https:\/\/www.facebook.com\/tauroessiccatori\" \/>\n<meta property=\"article:modified_time\" content=\"2026-02-19T11:09:06+00:00\" \/>\n<meta name=\"twitter:card\" content=\"summary_large_image\" \/>\n<script type=\"application\/ld+json\" class=\"yoast-schema-graph\">{\"@context\":\"https:\\\/\\\/schema.org\",\"@graph\":[{\"@type\":\"WebPage\",\"@id\":\"https:\\\/\\\/www.tauroessiccatori.com\\\/ro\\\/essiccatori-professionali\\\/b-master-plus-twin\\\/\",\"url\":\"https:\\\/\\\/www.tauroessiccatori.com\\\/ro\\\/essiccatori-professionali\\\/b-master-plus-twin\\\/\",\"name\":\"B.Master PLUS TWIN &#187; Tauro Essiccatori\",\"isPartOf\":{\"@id\":\"https:\\\/\\\/www.tauroessiccatori.com\\\/ro\\\/#website\"},\"primaryImageOfPage\":{\"@id\":\"https:\\\/\\\/www.tauroessiccatori.com\\\/ro\\\/essiccatori-professionali\\\/b-master-plus-twin\\\/#primaryimage\"},\"image\":{\"@id\":\"https:\\\/\\\/www.tauroessiccatori.com\\\/ro\\\/essiccatori-professionali\\\/b-master-plus-twin\\\/#primaryimage\"},\"thumbnailUrl\":\"https:\\\/\\\/www.tauroessiccatori.com\\\/wp-content\\\/uploads\\\/2025\\\/10\\\/W_BMP_TWE15_WORKER_05C-dimensioni-grandi.avif\",\"datePublished\":\"2025-06-22T16:46:29+00:00\",\"dateModified\":\"2026-02-19T11:09:06+00:00\",\"breadcrumb\":{\"@id\":\"https:\\\/\\\/www.tauroessiccatori.com\\\/ro\\\/essiccatori-professionali\\\/b-master-plus-twin\\\/#breadcrumb\"},\"inLanguage\":\"ro-RO\",\"potentialAction\":[{\"@type\":\"ReadAction\",\"target\":[\"https:\\\/\\\/www.tauroessiccatori.com\\\/ro\\\/essiccatori-professionali\\\/b-master-plus-twin\\\/\"]}]},{\"@type\":\"ImageObject\",\"inLanguage\":\"ro-RO\",\"@id\":\"https:\\\/\\\/www.tauroessiccatori.com\\\/ro\\\/essiccatori-professionali\\\/b-master-plus-twin\\\/#primaryimage\",\"url\":\"https:\\\/\\\/www.tauroessiccatori.com\\\/wp-content\\\/uploads\\\/2025\\\/10\\\/W_BMP_TWE15_WORKER_05C-dimensioni-grandi.avif\",\"contentUrl\":\"https:\\\/\\\/www.tauroessiccatori.com\\\/wp-content\\\/uploads\\\/2025\\\/10\\\/W_BMP_TWE15_WORKER_05C-dimensioni-grandi.avif\",\"width\":1280,\"height\":853},{\"@type\":\"BreadcrumbList\",\"@id\":\"https:\\\/\\\/www.tauroessiccatori.com\\\/ro\\\/essiccatori-professionali\\\/b-master-plus-twin\\\/#breadcrumb\",\"itemListElement\":[{\"@type\":\"ListItem\",\"position\":1,\"name\":\"Home\",\"item\":\"https:\\\/\\\/www.tauroessiccatori.com\\\/\"},{\"@type\":\"ListItem\",\"position\":2,\"name\":\"Essiccatori Professionali\",\"item\":\"https:\\\/\\\/www.tauroessiccatori.com\\\/essiccatori-professionali\\\/\"},{\"@type\":\"ListItem\",\"position\":3,\"name\":\"B.Master PLUS TWIN\"}]},{\"@type\":\"WebSite\",\"@id\":\"https:\\\/\\\/www.tauroessiccatori.com\\\/ro\\\/#website\",\"url\":\"https:\\\/\\\/www.tauroessiccatori.com\\\/ro\\\/\",\"name\":\"Tauro Essiccatori\",\"description\":\"Da pi\u00f9 di trent\u2019anni, i migliori sistemi di essiccazione.\",\"publisher\":{\"@id\":\"https:\\\/\\\/www.tauroessiccatori.com\\\/ro\\\/#organization\"},\"alternateName\":\"Tauro\",\"potentialAction\":[{\"@type\":\"SearchAction\",\"target\":{\"@type\":\"EntryPoint\",\"urlTemplate\":\"https:\\\/\\\/www.tauroessiccatori.com\\\/ro\\\/?s={search_term_string}\"},\"query-input\":{\"@type\":\"PropertyValueSpecification\",\"valueRequired\":true,\"valueName\":\"search_term_string\"}}],\"inLanguage\":\"ro-RO\"},{\"@type\":\"Organization\",\"@id\":\"https:\\\/\\\/www.tauroessiccatori.com\\\/ro\\\/#organization\",\"name\":\"Tauro Essiccatori\",\"alternateName\":\"Tauro Essiccatori srl unipersonale\",\"url\":\"https:\\\/\\\/www.tauroessiccatori.com\\\/ro\\\/\",\"logo\":{\"@type\":\"ImageObject\",\"inLanguage\":\"ro-RO\",\"@id\":\"https:\\\/\\\/www.tauroessiccatori.com\\\/ro\\\/#\\\/schema\\\/logo\\\/image\\\/\",\"url\":\"https:\\\/\\\/www.tauroessiccatori.com\\\/wp-content\\\/uploads\\\/2026\\\/01\\\/tauro.avif\",\"contentUrl\":\"https:\\\/\\\/www.tauroessiccatori.com\\\/wp-content\\\/uploads\\\/2026\\\/01\\\/tauro.avif\",\"width\":360,\"height\":360,\"caption\":\"Tauro Essiccatori\"},\"image\":{\"@id\":\"https:\\\/\\\/www.tauroessiccatori.com\\\/ro\\\/#\\\/schema\\\/logo\\\/image\\\/\"},\"sameAs\":[\"https:\\\/\\\/www.facebook.com\\\/tauroessiccatori\"]}]}<\/script>\n<!-- \/ Yoast SEO plugin. -->","yoast_head_json":{"title":"B.Master PLUS TWIN \u00bb Usc\u0103toare Tauro","robots":{"index":"index","follow":"follow","max-snippet":"max-snippet:-1","max-image-preview":"max-image-preview:large","max-video-preview":"max-video-preview:-1"},"canonical":"https:\/\/www.tauroessiccatori.com\/ro\/uscatoare-profesionale\/b-master-plus-twin\/","og_locale":"ro_RO","og_type":"article","og_title":"B.Master PLUS TWIN &#187; Tauro Essiccatori","og_description":"L\u2019essiccatore che permette di essiccare prodotti molto acquosi, di grosso calibro o che necessitano di temperature elevate fin da subito.","og_url":"https:\/\/www.tauroessiccatori.com\/ro\/uscatoare-profesionale\/b-master-plus-twin\/","og_site_name":"Tauro Essiccatori","article_publisher":"https:\/\/www.facebook.com\/tauroessiccatori","article_modified_time":"2026-02-19T11:09:06+00:00","twitter_card":"summary_large_image","schema":{"@context":"https:\/\/schema.org","@graph":[{"@type":"WebPage","@id":"https:\/\/www.tauroessiccatori.com\/ro\/essiccatori-professionali\/b-master-plus-twin\/","url":"https:\/\/www.tauroessiccatori.com\/ro\/essiccatori-professionali\/b-master-plus-twin\/","name":"B.Master PLUS TWIN \u00bb Usc\u0103toare Tauro","isPartOf":{"@id":"https:\/\/www.tauroessiccatori.com\/ro\/#website"},"primaryImageOfPage":{"@id":"https:\/\/www.tauroessiccatori.com\/ro\/essiccatori-professionali\/b-master-plus-twin\/#primaryimage"},"image":{"@id":"https:\/\/www.tauroessiccatori.com\/ro\/essiccatori-professionali\/b-master-plus-twin\/#primaryimage"},"thumbnailUrl":"https:\/\/www.tauroessiccatori.com\/wp-content\/uploads\/2025\/10\/W_BMP_TWE15_WORKER_05C-dimensioni-grandi.avif","datePublished":"2025-06-22T16:46:29+00:00","dateModified":"2026-02-19T11:09:06+00:00","breadcrumb":{"@id":"https:\/\/www.tauroessiccatori.com\/ro\/essiccatori-professionali\/b-master-plus-twin\/#breadcrumb"},"inLanguage":"ro-RO","potentialAction":[{"@type":"ReadAction","target":["https:\/\/www.tauroessiccatori.com\/ro\/essiccatori-professionali\/b-master-plus-twin\/"]}]},{"@type":"ImageObject","inLanguage":"ro-RO","@id":"https:\/\/www.tauroessiccatori.com\/ro\/essiccatori-professionali\/b-master-plus-twin\/#primaryimage","url":"https:\/\/www.tauroessiccatori.com\/wp-content\/uploads\/2025\/10\/W_BMP_TWE15_WORKER_05C-dimensioni-grandi.avif","contentUrl":"https:\/\/www.tauroessiccatori.com\/wp-content\/uploads\/2025\/10\/W_BMP_TWE15_WORKER_05C-dimensioni-grandi.avif","width":1280,"height":853},{"@type":"BreadcrumbList","@id":"https:\/\/www.tauroessiccatori.com\/ro\/essiccatori-professionali\/b-master-plus-twin\/#breadcrumb","itemListElement":[{"@type":"ListItem","position":1,"name":"Home","item":"https:\/\/www.tauroessiccatori.com\/"},{"@type":"ListItem","position":2,"name":"Essiccatori Professionali","item":"https:\/\/www.tauroessiccatori.com\/essiccatori-professionali\/"},{"@type":"ListItem","position":3,"name":"B.Master PLUS TWIN"}]},{"@type":"WebSite","@id":"https:\/\/www.tauroessiccatori.com\/ro\/#website","url":"https:\/\/www.tauroessiccatori.com\/ro\/","name":"Usc\u0103toare Tauro","description":"De mai bine de 30 de ani, cele mai bune sisteme de uscare.","publisher":{"@id":"https:\/\/www.tauroessiccatori.com\/ro\/#organization"},"alternateName":"Tauro","potentialAction":[{"@type":"SearchAction","target":{"@type":"EntryPoint","urlTemplate":"https:\/\/www.tauroessiccatori.com\/ro\/?s={search_term_string}"},"query-input":{"@type":"PropertyValueSpecification","valueRequired":true,"valueName":"search_term_string"}}],"inLanguage":"ro-RO"},{"@type":"Organization","@id":"https:\/\/www.tauroessiccatori.com\/ro\/#organization","name":"Usc\u0103toare Tauro","alternateName":"Tauro Essiccatori srl unipersonale","url":"https:\/\/www.tauroessiccatori.com\/ro\/","logo":{"@type":"ImageObject","inLanguage":"ro-RO","@id":"https:\/\/www.tauroessiccatori.com\/ro\/#\/schema\/logo\/image\/","url":"https:\/\/www.tauroessiccatori.com\/wp-content\/uploads\/2026\/01\/tauro.avif","contentUrl":"https:\/\/www.tauroessiccatori.com\/wp-content\/uploads\/2026\/01\/tauro.avif","width":360,"height":360,"caption":"Tauro Essiccatori"},"image":{"@id":"https:\/\/www.tauroessiccatori.com\/ro\/#\/schema\/logo\/image\/"},"sameAs":["https:\/\/www.facebook.com\/tauroessiccatori"]}]}},"_links":{"self":[{"href":"https:\/\/www.tauroessiccatori.com\/ro\/wp-json\/wp\/v2\/pages\/493","targetHints":{"allow":["GET"]}}],"collection":[{"href":"https:\/\/www.tauroessiccatori.com\/ro\/wp-json\/wp\/v2\/pages"}],"about":[{"href":"https:\/\/www.tauroessiccatori.com\/ro\/wp-json\/wp\/v2\/types\/page"}],"author":[{"embeddable":true,"href":"https:\/\/www.tauroessiccatori.com\/ro\/wp-json\/wp\/v2\/users\/1"}],"replies":[{"embeddable":true,"href":"https:\/\/www.tauroessiccatori.com\/ro\/wp-json\/wp\/v2\/comments?post=493"}],"version-history":[{"count":6,"href":"https:\/\/www.tauroessiccatori.com\/ro\/wp-json\/wp\/v2\/pages\/493\/revisions"}],"predecessor-version":[{"id":171069,"href":"https:\/\/www.tauroessiccatori.com\/ro\/wp-json\/wp\/v2\/pages\/493\/revisions\/171069"}],"up":[{"embeddable":true,"href":"https:\/\/www.tauroessiccatori.com\/ro\/wp-json\/wp\/v2\/pages\/10"}],"wp:featuredmedia":[{"embeddable":true,"href":"https:\/\/www.tauroessiccatori.com\/ro\/wp-json\/wp\/v2\/media\/165959"}],"wp:attachment":[{"href":"https:\/\/www.tauroessiccatori.com\/ro\/wp-json\/wp\/v2\/media?parent=493"}],"curies":[{"name":"wp","href":"https:\/\/api.w.org\/{rel}","templated":true}]}}