{"id":165766,"date":"2025-10-08T18:50:13","date_gmt":"2025-10-08T16:50:13","guid":{"rendered":"https:\/\/tauroessiccatori.com\/?page_id=165766"},"modified":"2025-10-08T18:50:13","modified_gmt":"2025-10-08T16:50:13","slug":"intrebari-frecvente-2","status":"publish","type":"page","link":"https:\/\/www.tauroessiccatori.com\/ro\/manuale-biosec\/domande-frequenti\/","title":{"rendered":"\u00centreb\u0103ri frecvente"},"content":{"rendered":"<div>\n<p><b>C\u00e2t de mult consum\u0103 BIOSEC-ul meu?<\/b><\/p>\n<p>Motorul BIOSEC este special conceput pentru a optimiza consumul \u00een orice situa\u021bie \u0219i include chiar \u0219i un program dedicat de economisire a energiei.<\/p>\n<p>Din punctul de vedere al economisirii energiei, consumul maxim este realizat numai atunci c\u00e2nd motorul se \u00eenc\u0103lze\u0219te p\u00e2n\u0103 la cele mai \u00eenalte limite (de exemplu, 68\u00b0 \u00een programul P4) \u0219i c\u00e2nd ventilatorul atinge viteza maxim\u0103.<\/p>\n<p>\u00cen toate celelalte momente, BIOSEC consum\u0103 \u00een medie cantit\u0103\u021bi variabile, de la aproximativ 15 W la 550 W, \u00een func\u021bie de programul selectat \u0219i de faza curent\u0103 a programului.<\/p>\n<\/div>\n<p>&nbsp;<\/p>\n<div>\n<p><b>BIOSEC elimin\u0103 umezeala din casa mea care cauzeaz\u0103 mucegai?<\/b><\/p>\n<p>\u00cen condi\u021bii normale de ventila\u021bie a \u00eenc\u0103perii, cantitatea de ap\u0103 eliminat\u0103 de BIOSEC nu duce la niciun fel de probleme de acumulare, mucegai sau umiditate expulzat\u0103.<\/p>\n<\/div>\n<p>&nbsp;<\/p>\n<div>\n<p><b>Materialele de construc\u021bie ale BIOSEC-ului meu sunt sigure \u0219i certificate?<br \/>\nMaterialele plastice con\u021bin BPA sau ftala\u021bi?<\/b><\/p>\n<p>BIOSEC este fabricat din cele mai bune materiale pentru uz alimentar, iar modelele din plastic sunt lipsite de BPA \u0219i ftala\u021bi, care nu ar putea deveni niciodat\u0103 d\u0103un\u0103toare la temperaturile de func\u021bionare ale unui usc\u0103tor. Fiecare component\u0103 este certificat\u0103 CE pentru uz alimentar, iar birourile noastre vor fi bucuroase s\u0103 v\u0103 trimit\u0103 copii ale documenta\u021biei pentru a asigura siguran\u021ba \u0219i adecvarea complet\u0103 a produselor noastre.<\/p>\n<\/div>\n<p>&nbsp;<\/p>\n<div>\n<p><b>Pot utiliza BIOSEC \u00een aer liber?<br \/>\n\u00cel pot folosi \u00eentr-o camer\u0103 \u00eenchis\u0103?<\/b><\/p>\n<p>BIOSEC se teme de intemperii \u0219i de expunerea direct\u0103 la razele soarelui. Pentru utilizarea corect\u0103 a usc\u0103torului, cel mai bine este s\u0103 \u00eel amplasa\u021bi \u00eentr-un loc ad\u0103postit, care s\u0103 nu fie nici prea umed (f\u0103r\u0103 b\u0103i, pivni\u021be sau sp\u0103l\u0103torii), nici prea str\u00e2mt (nu \u00eel \u00eenchide\u021bi \u00een locuri de dimensiunea unui dulap) pentru a permite schimbul de aer \u0219i eliminarea corespunz\u0103toare a umidit\u0103\u021bii. Ca toate dispozitivele electrice, deci, BIOSEC trebuie \u021binut departe de ap\u0103.<\/p>\n<\/div>\n<p>&nbsp;<\/p>\n<div>\n<p><b>Este posibil s\u0103 usca\u021bi produse diferite \u00een acela\u0219i timp?<br \/>\nEste necesar s\u0103 \u00eenc\u0103rca\u021bi toate co\u0219urile BIOSEC?<\/b><\/p>\n<p>BIOSEC func\u021bioneaz\u0103 perfect \u0219i cu un singur co\u0219 plin; pute\u021bi umple c\u00e2te co\u0219uri dori\u021bi. Cu toate acestea, nimic nu v\u0103 \u00eempiedic\u0103 s\u0103 optimiza\u021bi spa\u021biul \u0219i prin uscarea diferitelor produse \u00een rafturi diferite. \u00cen acest caz, ave\u021bi grij\u0103 s\u0103 plasa\u021bi alimentele cele mai apoase \u00een partea de jos, s\u0103 alege\u021bi un program potrivit pentru toate soiurile care urmeaz\u0103 s\u0103 fie prelucrate \u0219i s\u0103 verifica\u021bi gradul de uscare ob\u021binut \u00een momente diferite. Pute\u021bi retrage diferitele produse pe m\u0103sur\u0103 ce acestea sunt complet uscate sau pute\u021bi a\u0219tepta p\u00e2n\u0103 c\u00e2nd \u00eentreaga \u00eenc\u0103rc\u0103tur\u0103 este gata. Nimic nu arde \u00eentr-un usc\u0103tor, chiar dac\u0103 \u00eel l\u0103sa\u021bi acolo mai mult dec\u00e2t ar trebui!<\/p>\n<\/div>\n<p>&nbsp;<\/p>\n<div>\n<p><b>Cum trebuie depozitat un produs dup\u0103 ce a fost uscat?<br \/>\nEste obligatorie ambalarea \u00een vid?<\/b><\/p>\n<p>Nu, ambalarea \u00een vid nu este singura solu\u021bie pentru depozitarea alimentelor uscate, de\u0219i este cu siguran\u021b\u0103 cea care permite cea mai mare economie de spa\u021biu. Ea are dezavantajul de a sparge produsele care, odat\u0103 uscate, sunt mai fragile. Borcanele de sticl\u0103 cu capac \u00een\u0219urubat sau decupabil sunt o alternativ\u0103 perfect\u0103; acestea se g\u0103sesc \u00een toate supermarketurile, nu necesit\u0103 sterilizare \u0219i trebuie doar s\u0103 le \u00eenchide\u021bi cu grij\u0103 de fiecare dat\u0103 c\u00e2nd le deschide\u021bi. \u00cen general, produsele uscate trebuie p\u0103strate departe de umiditate, lumin\u0103 \u0219i insecte \u0219i depozitate la \u00eentuneric, \u00eentr-un dulap sau c\u0103mar\u0103.<\/p>\n<\/div>\n<p>&nbsp;<\/p>\n<div>\n<p><b>C\u00e2t timp poate fi depozitat un produs uscat?<\/b><\/p>\n<p>Prin uscare, ob\u021binem un produs care poate dura mai mult de un an dac\u0103 este depozitat \u00een interior \u0219i ferit de lumin\u0103 (de exemplu, \u00een borcane de sticl\u0103 \u00eentr-un dulap).<\/p>\n<\/div>\n<p>&nbsp;<\/p>","protected":false},"excerpt":{"rendered":"<p>Quanto consuma il mio BIOSEC? ll motore di BIOSEC \u00e8 studiato appositamente per ottimizzare i consumi in tutte le circostanze [&hellip;]<\/p>\n","protected":false},"author":1,"featured_media":0,"parent":165699,"menu_order":26,"comment_status":"closed","ping_status":"closed","template":"page-manuale-biosec.php","meta":{"_acf_changed":false,"footnotes":""},"class_list":["post-165766","page","type-page","status-publish","hentry"],"acf":[],"yoast_head":"<!-- This site is optimized with the Yoast SEO plugin v27.5 - https:\/\/yoast.com\/product\/yoast-seo-wordpress\/ -->\n<title>Domande frequenti &#187; Tauro Essiccatori<\/title>\n<meta name=\"robots\" content=\"index, follow, max-snippet:-1, max-image-preview:large, max-video-preview:-1\" \/>\n<link rel=\"canonical\" href=\"https:\/\/www.tauroessiccatori.com\/ro\/manual-biosec\/intrebari-frecvente-2\/\" \/>\n<meta property=\"og:locale\" content=\"ro_RO\" \/>\n<meta property=\"og:type\" content=\"article\" \/>\n<meta property=\"og:title\" content=\"Domande frequenti &#187; Tauro Essiccatori\" \/>\n<meta property=\"og:description\" content=\"Quanto consuma il mio BIOSEC? ll motore di BIOSEC \u00e8 studiato appositamente per ottimizzare i consumi in tutte le circostanze [&hellip;]\" \/>\n<meta property=\"og:url\" content=\"https:\/\/www.tauroessiccatori.com\/ro\/manual-biosec\/intrebari-frecvente-2\/\" \/>\n<meta property=\"og:site_name\" content=\"Tauro Essiccatori\" \/>\n<meta property=\"article:publisher\" content=\"https:\/\/www.facebook.com\/tauroessiccatori\" \/>\n<meta name=\"twitter:card\" content=\"summary_large_image\" \/>\n<script type=\"application\/ld+json\" class=\"yoast-schema-graph\">{\"@context\":\"https:\\\/\\\/schema.org\",\"@graph\":[{\"@type\":\"WebPage\",\"@id\":\"https:\\\/\\\/www.tauroessiccatori.com\\\/ro\\\/manuale-biosec\\\/domande-frequenti\\\/\",\"url\":\"https:\\\/\\\/www.tauroessiccatori.com\\\/ro\\\/manuale-biosec\\\/domande-frequenti\\\/\",\"name\":\"Domande frequenti &#187; Tauro Essiccatori\",\"isPartOf\":{\"@id\":\"https:\\\/\\\/www.tauroessiccatori.com\\\/ro\\\/#website\"},\"datePublished\":\"2025-10-08T16:50:13+00:00\",\"breadcrumb\":{\"@id\":\"https:\\\/\\\/www.tauroessiccatori.com\\\/ro\\\/manuale-biosec\\\/domande-frequenti\\\/#breadcrumb\"},\"inLanguage\":\"ro-RO\",\"potentialAction\":[{\"@type\":\"ReadAction\",\"target\":[\"https:\\\/\\\/www.tauroessiccatori.com\\\/ro\\\/manuale-biosec\\\/domande-frequenti\\\/\"]}]},{\"@type\":\"BreadcrumbList\",\"@id\":\"https:\\\/\\\/www.tauroessiccatori.com\\\/ro\\\/manuale-biosec\\\/domande-frequenti\\\/#breadcrumb\",\"itemListElement\":[{\"@type\":\"ListItem\",\"position\":1,\"name\":\"Home\",\"item\":\"https:\\\/\\\/www.tauroessiccatori.com\\\/\"},{\"@type\":\"ListItem\",\"position\":2,\"name\":\"Manuale Biosec\",\"item\":\"https:\\\/\\\/www.tauroessiccatori.com\\\/manuale-biosec\\\/\"},{\"@type\":\"ListItem\",\"position\":3,\"name\":\"Domande frequenti\"}]},{\"@type\":\"WebSite\",\"@id\":\"https:\\\/\\\/www.tauroessiccatori.com\\\/ro\\\/#website\",\"url\":\"https:\\\/\\\/www.tauroessiccatori.com\\\/ro\\\/\",\"name\":\"Tauro Essiccatori\",\"description\":\"Da pi\u00f9 di trent\u2019anni, i migliori sistemi di essiccazione.\",\"publisher\":{\"@id\":\"https:\\\/\\\/www.tauroessiccatori.com\\\/ro\\\/#organization\"},\"alternateName\":\"Tauro\",\"potentialAction\":[{\"@type\":\"SearchAction\",\"target\":{\"@type\":\"EntryPoint\",\"urlTemplate\":\"https:\\\/\\\/www.tauroessiccatori.com\\\/ro\\\/?s={search_term_string}\"},\"query-input\":{\"@type\":\"PropertyValueSpecification\",\"valueRequired\":true,\"valueName\":\"search_term_string\"}}],\"inLanguage\":\"ro-RO\"},{\"@type\":\"Organization\",\"@id\":\"https:\\\/\\\/www.tauroessiccatori.com\\\/ro\\\/#organization\",\"name\":\"Tauro Essiccatori\",\"alternateName\":\"Tauro Essiccatori srl unipersonale\",\"url\":\"https:\\\/\\\/www.tauroessiccatori.com\\\/ro\\\/\",\"logo\":{\"@type\":\"ImageObject\",\"inLanguage\":\"ro-RO\",\"@id\":\"https:\\\/\\\/www.tauroessiccatori.com\\\/ro\\\/#\\\/schema\\\/logo\\\/image\\\/\",\"url\":\"https:\\\/\\\/www.tauroessiccatori.com\\\/wp-content\\\/uploads\\\/2026\\\/01\\\/tauro.avif\",\"contentUrl\":\"https:\\\/\\\/www.tauroessiccatori.com\\\/wp-content\\\/uploads\\\/2026\\\/01\\\/tauro.avif\",\"width\":360,\"height\":360,\"caption\":\"Tauro Essiccatori\"},\"image\":{\"@id\":\"https:\\\/\\\/www.tauroessiccatori.com\\\/ro\\\/#\\\/schema\\\/logo\\\/image\\\/\"},\"sameAs\":[\"https:\\\/\\\/www.facebook.com\\\/tauroessiccatori\"]}]}<\/script>\n<!-- \/ Yoast SEO plugin. -->","yoast_head_json":{"title":"\u00centreb\u0103ri frecvente \u00bb Usc\u0103toare Tauro","robots":{"index":"index","follow":"follow","max-snippet":"max-snippet:-1","max-image-preview":"max-image-preview:large","max-video-preview":"max-video-preview:-1"},"canonical":"https:\/\/www.tauroessiccatori.com\/ro\/manual-biosec\/intrebari-frecvente-2\/","og_locale":"ro_RO","og_type":"article","og_title":"Domande frequenti &#187; Tauro Essiccatori","og_description":"Quanto consuma il mio BIOSEC? ll motore di BIOSEC \u00e8 studiato appositamente per ottimizzare i consumi in tutte le circostanze [&hellip;]","og_url":"https:\/\/www.tauroessiccatori.com\/ro\/manual-biosec\/intrebari-frecvente-2\/","og_site_name":"Tauro Essiccatori","article_publisher":"https:\/\/www.facebook.com\/tauroessiccatori","twitter_card":"summary_large_image","schema":{"@context":"https:\/\/schema.org","@graph":[{"@type":"WebPage","@id":"https:\/\/www.tauroessiccatori.com\/ro\/manuale-biosec\/domande-frequenti\/","url":"https:\/\/www.tauroessiccatori.com\/ro\/manuale-biosec\/domande-frequenti\/","name":"\u00centreb\u0103ri frecvente \u00bb Usc\u0103toare Tauro","isPartOf":{"@id":"https:\/\/www.tauroessiccatori.com\/ro\/#website"},"datePublished":"2025-10-08T16:50:13+00:00","breadcrumb":{"@id":"https:\/\/www.tauroessiccatori.com\/ro\/manuale-biosec\/domande-frequenti\/#breadcrumb"},"inLanguage":"ro-RO","potentialAction":[{"@type":"ReadAction","target":["https:\/\/www.tauroessiccatori.com\/ro\/manuale-biosec\/domande-frequenti\/"]}]},{"@type":"BreadcrumbList","@id":"https:\/\/www.tauroessiccatori.com\/ro\/manuale-biosec\/domande-frequenti\/#breadcrumb","itemListElement":[{"@type":"ListItem","position":1,"name":"Home","item":"https:\/\/www.tauroessiccatori.com\/"},{"@type":"ListItem","position":2,"name":"Manuale Biosec","item":"https:\/\/www.tauroessiccatori.com\/manuale-biosec\/"},{"@type":"ListItem","position":3,"name":"Domande frequenti"}]},{"@type":"WebSite","@id":"https:\/\/www.tauroessiccatori.com\/ro\/#website","url":"https:\/\/www.tauroessiccatori.com\/ro\/","name":"Usc\u0103toare Tauro","description":"De mai bine de 30 de ani, cele mai bune sisteme de uscare.","publisher":{"@id":"https:\/\/www.tauroessiccatori.com\/ro\/#organization"},"alternateName":"Tauro","potentialAction":[{"@type":"SearchAction","target":{"@type":"EntryPoint","urlTemplate":"https:\/\/www.tauroessiccatori.com\/ro\/?s={search_term_string}"},"query-input":{"@type":"PropertyValueSpecification","valueRequired":true,"valueName":"search_term_string"}}],"inLanguage":"ro-RO"},{"@type":"Organization","@id":"https:\/\/www.tauroessiccatori.com\/ro\/#organization","name":"Usc\u0103toare Tauro","alternateName":"Tauro Essiccatori srl unipersonale","url":"https:\/\/www.tauroessiccatori.com\/ro\/","logo":{"@type":"ImageObject","inLanguage":"ro-RO","@id":"https:\/\/www.tauroessiccatori.com\/ro\/#\/schema\/logo\/image\/","url":"https:\/\/www.tauroessiccatori.com\/wp-content\/uploads\/2026\/01\/tauro.avif","contentUrl":"https:\/\/www.tauroessiccatori.com\/wp-content\/uploads\/2026\/01\/tauro.avif","width":360,"height":360,"caption":"Tauro Essiccatori"},"image":{"@id":"https:\/\/www.tauroessiccatori.com\/ro\/#\/schema\/logo\/image\/"},"sameAs":["https:\/\/www.facebook.com\/tauroessiccatori"]}]}},"_links":{"self":[{"href":"https:\/\/www.tauroessiccatori.com\/ro\/wp-json\/wp\/v2\/pages\/165766","targetHints":{"allow":["GET"]}}],"collection":[{"href":"https:\/\/www.tauroessiccatori.com\/ro\/wp-json\/wp\/v2\/pages"}],"about":[{"href":"https:\/\/www.tauroessiccatori.com\/ro\/wp-json\/wp\/v2\/types\/page"}],"author":[{"embeddable":true,"href":"https:\/\/www.tauroessiccatori.com\/ro\/wp-json\/wp\/v2\/users\/1"}],"replies":[{"embeddable":true,"href":"https:\/\/www.tauroessiccatori.com\/ro\/wp-json\/wp\/v2\/comments?post=165766"}],"version-history":[{"count":0,"href":"https:\/\/www.tauroessiccatori.com\/ro\/wp-json\/wp\/v2\/pages\/165766\/revisions"}],"up":[{"embeddable":true,"href":"https:\/\/www.tauroessiccatori.com\/ro\/wp-json\/wp\/v2\/pages\/165699"}],"wp:attachment":[{"href":"https:\/\/www.tauroessiccatori.com\/ro\/wp-json\/wp\/v2\/media?parent=165766"}],"curies":[{"name":"wp","href":"https:\/\/api.w.org\/{rel}","templated":true}]}}