{"id":165754,"date":"2025-10-08T18:37:17","date_gmt":"2025-10-08T16:37:17","guid":{"rendered":"https:\/\/tauroessiccatori.com\/?page_id=165754"},"modified":"2026-03-14T10:42:18","modified_gmt":"2026-03-14T09:42:18","slug":"legume","status":"publish","type":"page","link":"https:\/\/www.tauroessiccatori.com\/ro\/manuale-biosec\/cosa-essiccare\/verdura\/","title":{"rendered":"Legume"},"content":{"rendered":"<table class=\"table table-striped\">\n<thead>\n<tr class=\"row-1 odd\">\n<th class=\"column-1 sorting\" tabindex=\"0\" colspan=\"1\" rowspan=\"1\" aria-controls=\"tablepress-2\" aria-label=\"PRODUCT: activa\u021bi pentru a sorta coloana \u00een ordine cresc\u0103toare\">PRODUS<\/th>\n<th class=\"column-2 sorting\" tabindex=\"0\" colspan=\"1\" rowspan=\"1\" aria-controls=\"tablepress-2\" aria-label=\"PREG\u0102TIRE: activa\u021bi pentru a sorta coloana \u00een ordine cresc\u0103toare\">PREG\u0102TIRE<\/th>\n<th class=\"column-3 sorting\" tabindex=\"0\" colspan=\"1\" rowspan=\"1\" aria-controls=\"tablepress-2\" aria-label=\"Toggle: activa\u021bi pentru a sorta coloana \u00een ordine cresc\u0103toare\">ANGAJARE<\/th>\n<th class=\"column-4 sorting\" tabindex=\"0\" colspan=\"1\" rowspan=\"1\" aria-controls=\"tablepress-2\" aria-label=\"TIME AND SCHEDULE: activa\u021bi pentru a sorta coloana \u00een ordine cresc\u0103toare\">TIMP \u0218I PROGRAM<\/th>\n<\/tr>\n<\/thead>\n<tbody class=\"row-hover\">\n<tr class=\"row-2 even\">\n<td class=\"column-1\">PREZZEMOLO<\/td>\n<td class=\"column-2\">A\u0219eza\u021bi frunzele nu prea suprapuse \u0219i \u00eentoarce\u021bi-le din c\u00e2nd \u00een c\u00e2nd.<\/td>\n<td class=\"column-3\">Excelent sub form\u0103 de pulbere, de asemenea \u00een preparate \u00een ulei.<\/td>\n<td class=\"column-4\">P3 12\/16 h<\/td>\n<\/tr>\n<tr class=\"row-3 odd\">\n<td class=\"column-1\">SPINACH<\/td>\n<td class=\"column-2\">Frunzele \u00eentregi sau \u00een buc\u0103\u021bi. Scutura\u021bi-le frecvent, astfel \u00eenc\u00e2t s\u0103 nu se suprapun\u0103.<\/td>\n<td class=\"column-3\">Pentru risotto, omlet\u0103 sau similare.<\/td>\n<td class=\"column-4\">P3 12\/16 h<\/td>\n<\/tr>\n<tr class=\"row-4 even\">\n<td class=\"column-1\">ZUCCHINE<\/td>\n<td class=\"column-2\">\u00cen rondele, dac\u0103 sunt mici \u0219i tinere. \u00cen buc\u0103\u021bi sau cuburi, f\u0103r\u0103 pulpa central\u0103, dac\u0103 sunt mai mari.<\/td>\n<td class=\"column-3\">Pentru garnituri sau supe minestrone dup\u0103 temperare. Foarte gustoase \u00een ulei at\u00e2t timp c\u00e2t sunt mici \u0219i tinere. Usca\u021bi \u00een felii cu ierburi sunt un aperitiv crocant, gustos \u0219i s\u0103n\u0103tos.<\/td>\n<td class=\"column-4\">P2 8\/12 h<\/td>\n<\/tr>\n<tr class=\"row-5 odd\">\n<td class=\"column-1\">ZUCCA<\/td>\n<td class=\"column-2\">F\u0103r\u0103 semin\u021be, cur\u0103\u021bate de coaj\u0103 \u0219i t\u0103iate \u00een felii sau cuburi.<\/td>\n<td class=\"column-3\">Pentru risottos \u0219i supe dup\u0103 temperare. Amestecate ca f\u0103in\u0103 pentru a fi ad\u0103ugate la p\u00e2ine, paste, diverse preparate.<\/td>\n<td class=\"column-4\">t3 24 h<\/td>\n<\/tr>\n<tr class=\"row-6 even\">\n<td class=\"column-1\">PATATE<\/td>\n<td class=\"column-2\">T\u0103iate felii sau cubule\u021be (8-10 mm). Scutura\u021bi-le pentru a nu se lipi. Suprafa\u021ba se poate rumeni f\u0103r\u0103 a compromite gustul.<\/td>\n<td class=\"column-3\">Pentru supe minestrone, dar \u0219i pentru garnituri dup\u0103 temperare. De asemenea, se p\u0103streaz\u0103 amestecat cu alte legume pentru prepararea de supe \u0219i toc\u0103ni\u021be.<\/td>\n<td class=\"column-4\">P4 12 h<\/td>\n<\/tr>\n<tr class=\"row-7 odd\">\n<td class=\"column-1\">CABBAGE<\/td>\n<td class=\"column-2\">T\u0103iate \u0219i \u00eentinse, ele nu necesit\u0103 \u00eengrijire special\u0103.<\/td>\n<td class=\"column-3\">\u00cen principal pentru supe \u0219i toc\u0103ni\u021be \u0219i alte preparate dup\u0103 temperare.<\/td>\n<td class=\"column-4\">P1 16\/20 h<\/td>\n<\/tr>\n<tr class=\"row-8 even\">\n<td class=\"column-1\">PEPERONINI<\/td>\n<td class=\"column-2\">Coaja nu este foarte permeabil\u0103: dau rezultate foarte bune atunci c\u00e2nd sunt t\u0103iate \u00een dou\u0103 pe lungime.<\/td>\n<td class=\"column-3\">Sub form\u0103 de buc\u0103\u021bi sau pulbere pentru a conferi o arom\u0103 picant\u0103 diferitelor preparate culinare.<\/td>\n<td class=\"column-4\">P4<br \/>\n18 h pentru crocant \u0219i rapid t4 pentru p\u0103strarea maxim\u0103 a aromei<\/td>\n<\/tr>\n<tr class=\"row-9 odd\">\n<td class=\"column-1\">PEPER<\/td>\n<td class=\"column-2\">Se taie \u00een buc\u0103\u021bi sau f\u00e2\u0219ii. nu necesit\u0103 \u00eengrijire special\u0103 \u0219i se usuc\u0103 u\u0219or.<\/td>\n<td class=\"column-3\">Pentru toate preparatele, cum ar fi cele proaspete, dup\u0103 temperare. De asemenea, \u00een ulei.<\/td>\n<td class=\"column-4\">t4 12\/18 h<\/td>\n<\/tr>\n<tr class=\"row-10 even\">\n<td class=\"column-1\">TOMATE<\/td>\n<td class=\"column-2\">M\u0103rime medie mic\u0103, uscare lung\u0103, dar d\u0103 rezultate excelente. Dac\u0103 este prea coapt\u0103, se poate \u00eennegri, dar \u00ee\u0219i p\u0103streaz\u0103 gustul. Se usuc\u0103 \u00eemp\u0103r\u021bit \u00een dou\u0103, f\u0103r\u0103 s\u0103rare \u0219i scurgere, pentru a p\u0103stra con\u021binutul de sare \u0219i vitamine.<\/td>\n<td class=\"column-3\">Poate fi folosit dup\u0103 temperare \u00een toate preparatele, cum ar fi ro\u0219iile proaspete, \u00een garnituri, sosuri, supe... excelent \u00een ulei combinat cu aromele preferate (usturoi, busuioc, oregano, chilli); potrivit pentru sosuri \u0219i sosuri sau pulverizat<\/td>\n<td class=\"column-4\">t4-t5 30\/48 h<\/td>\n<\/tr>\n<tr class=\"row-11 odd\">\n<td class=\"column-1\">IERBURI AROMATICE \u0218I MEDICINALE<\/td>\n<td class=\"column-2\">Mu\u0219e\u021bel, sun\u0103toare, nalb\u0103, g\u0103lbenele, cimbru, rozmarin, urzic\u0103, ment\u0103, melisa, salvie etc... Rezultatele sunt mai bune dac\u0103 frunzele sunt l\u0103sate \u00eentregi, de\u0219i acest lucru dureaz\u0103 mai mult dec\u00e2t procesarea cu frunze feliate sau tocate.<\/td>\n<td class=\"column-3\">Ceaiuri pe baz\u0103 de plante, pout pourri, decocturi, condimente pentru orice fel de m\u00e2ncare.<\/td>\n<td class=\"column-4\">P3 6\/24 h<\/td>\n<\/tr>\n<tr class=\"row-12 even\">\n<td class=\"column-1\">MUSHROOMS<\/td>\n<td class=\"column-2\">Cur\u0103\u021ba\u021bi-le f\u0103r\u0103 s\u0103 le uda\u021bi \u0219i t\u0103ia\u021bi-le \u00een felii de aproximativ 5 mm.<\/td>\n<td class=\"column-3\">Pentru toate preparatele, cum ar fi cele proaspete, dup\u0103 temperare.<\/td>\n<td class=\"column-4\">P2<\/td>\n<\/tr>\n<\/tbody>\n<\/table>","protected":false},"excerpt":{"rendered":"<p>PRODOTTO PREPARAZIONE IMPIEGO TEMPO E PROGRAMMA PREZZEMOLO Disporre le foglie non troppo sovrapposte e rigirarle ogni tanto. Ottimo in polvere, [&hellip;]<\/p>\n","protected":false},"author":1,"featured_media":166155,"parent":165746,"menu_order":24,"comment_status":"closed","ping_status":"closed","template":"page-manuale-biosec.php","meta":{"_acf_changed":false,"footnotes":""},"class_list":["post-165754","page","type-page","status-publish","has-post-thumbnail","hentry"],"acf":[],"yoast_head":"<!-- This site is optimized with the Yoast SEO plugin v27.5 - https:\/\/yoast.com\/product\/yoast-seo-wordpress\/ -->\n<title>Essiccare la Verdura &#187; Tauro Essiccatori<\/title>\n<meta name=\"description\" content=\"Scopri come essiccare le tue verdure con il Biosec Pro di Tauro Essiccator ed evitare gli sprechi\" \/>\n<meta name=\"robots\" content=\"index, follow, max-snippet:-1, max-image-preview:large, max-video-preview:-1\" \/>\n<link rel=\"canonical\" href=\"https:\/\/www.tauroessiccatori.com\/ro\/manual-biosec\/ce-sa-uscati\/legume\/\" \/>\n<meta property=\"og:locale\" content=\"ro_RO\" \/>\n<meta property=\"og:type\" content=\"article\" \/>\n<meta property=\"og:title\" content=\"Essiccare la Verdura &#187; Tauro Essiccatori\" \/>\n<meta property=\"og:description\" content=\"Scopri come essiccare le tue verdure con il Biosec Pro di Tauro Essiccator ed evitare gli sprechi\" \/>\n<meta property=\"og:url\" content=\"https:\/\/www.tauroessiccatori.com\/ro\/manual-biosec\/ce-sa-uscati\/legume\/\" \/>\n<meta property=\"og:site_name\" content=\"Tauro Essiccatori\" \/>\n<meta property=\"article:publisher\" content=\"https:\/\/www.facebook.com\/tauroessiccatori\" \/>\n<meta property=\"article:modified_time\" content=\"2026-03-14T09:42:18+00:00\" \/>\n<meta name=\"twitter:card\" content=\"summary_large_image\" \/>\n<script type=\"application\/ld+json\" class=\"yoast-schema-graph\">{\"@context\":\"https:\\\/\\\/schema.org\",\"@graph\":[{\"@type\":\"WebPage\",\"@id\":\"https:\\\/\\\/www.tauroessiccatori.com\\\/ro\\\/manuale-biosec\\\/cosa-essiccare\\\/verdura\\\/\",\"url\":\"https:\\\/\\\/www.tauroessiccatori.com\\\/ro\\\/manuale-biosec\\\/cosa-essiccare\\\/verdura\\\/\",\"name\":\"Essiccare la Verdura &#187; Tauro Essiccatori\",\"isPartOf\":{\"@id\":\"https:\\\/\\\/www.tauroessiccatori.com\\\/ro\\\/#website\"},\"primaryImageOfPage\":{\"@id\":\"https:\\\/\\\/www.tauroessiccatori.com\\\/ro\\\/manuale-biosec\\\/cosa-essiccare\\\/verdura\\\/#primaryimage\"},\"image\":{\"@id\":\"https:\\\/\\\/www.tauroessiccatori.com\\\/ro\\\/manuale-biosec\\\/cosa-essiccare\\\/verdura\\\/#primaryimage\"},\"thumbnailUrl\":\"https:\\\/\\\/www.tauroessiccatori.com\\\/wp-content\\\/uploads\\\/2026\\\/01\\\/chips-zucchine-essiccate_tauro_essiccatori-edited.avif\",\"datePublished\":\"2025-10-08T16:37:17+00:00\",\"dateModified\":\"2026-03-14T09:42:18+00:00\",\"description\":\"Scopri come essiccare le tue verdure con il Biosec Pro di Tauro Essiccator ed evitare gli sprechi\",\"breadcrumb\":{\"@id\":\"https:\\\/\\\/www.tauroessiccatori.com\\\/ro\\\/manuale-biosec\\\/cosa-essiccare\\\/verdura\\\/#breadcrumb\"},\"inLanguage\":\"ro-RO\",\"potentialAction\":[{\"@type\":\"ReadAction\",\"target\":[\"https:\\\/\\\/www.tauroessiccatori.com\\\/ro\\\/manuale-biosec\\\/cosa-essiccare\\\/verdura\\\/\"]}]},{\"@type\":\"ImageObject\",\"inLanguage\":\"ro-RO\",\"@id\":\"https:\\\/\\\/www.tauroessiccatori.com\\\/ro\\\/manuale-biosec\\\/cosa-essiccare\\\/verdura\\\/#primaryimage\",\"url\":\"https:\\\/\\\/www.tauroessiccatori.com\\\/wp-content\\\/uploads\\\/2026\\\/01\\\/chips-zucchine-essiccate_tauro_essiccatori-edited.avif\",\"contentUrl\":\"https:\\\/\\\/www.tauroessiccatori.com\\\/wp-content\\\/uploads\\\/2026\\\/01\\\/chips-zucchine-essiccate_tauro_essiccatori-edited.avif\",\"width\":1920,\"height\":1080,\"caption\":\"Basta sensi di colpa! Croccanti, saporite e 100% naturali: le chips di zucchine che non ti aspetti. Scopri la ricetta!\"},{\"@type\":\"BreadcrumbList\",\"@id\":\"https:\\\/\\\/www.tauroessiccatori.com\\\/ro\\\/manuale-biosec\\\/cosa-essiccare\\\/verdura\\\/#breadcrumb\",\"itemListElement\":[{\"@type\":\"ListItem\",\"position\":1,\"name\":\"Home\",\"item\":\"https:\\\/\\\/www.tauroessiccatori.com\\\/\"},{\"@type\":\"ListItem\",\"position\":2,\"name\":\"Manuale Biosec\",\"item\":\"https:\\\/\\\/www.tauroessiccatori.com\\\/manuale-biosec\\\/\"},{\"@type\":\"ListItem\",\"position\":3,\"name\":\"Cosa essiccare\",\"item\":\"https:\\\/\\\/www.tauroessiccatori.com\\\/manuale-biosec\\\/cosa-essiccare\\\/\"},{\"@type\":\"ListItem\",\"position\":4,\"name\":\"Verdura\"}]},{\"@type\":\"WebSite\",\"@id\":\"https:\\\/\\\/www.tauroessiccatori.com\\\/ro\\\/#website\",\"url\":\"https:\\\/\\\/www.tauroessiccatori.com\\\/ro\\\/\",\"name\":\"Tauro Essiccatori\",\"description\":\"Da pi\u00f9 di trent\u2019anni, i migliori sistemi di essiccazione.\",\"publisher\":{\"@id\":\"https:\\\/\\\/www.tauroessiccatori.com\\\/ro\\\/#organization\"},\"alternateName\":\"Tauro\",\"potentialAction\":[{\"@type\":\"SearchAction\",\"target\":{\"@type\":\"EntryPoint\",\"urlTemplate\":\"https:\\\/\\\/www.tauroessiccatori.com\\\/ro\\\/?s={search_term_string}\"},\"query-input\":{\"@type\":\"PropertyValueSpecification\",\"valueRequired\":true,\"valueName\":\"search_term_string\"}}],\"inLanguage\":\"ro-RO\"},{\"@type\":\"Organization\",\"@id\":\"https:\\\/\\\/www.tauroessiccatori.com\\\/ro\\\/#organization\",\"name\":\"Tauro Essiccatori\",\"alternateName\":\"Tauro Essiccatori srl unipersonale\",\"url\":\"https:\\\/\\\/www.tauroessiccatori.com\\\/ro\\\/\",\"logo\":{\"@type\":\"ImageObject\",\"inLanguage\":\"ro-RO\",\"@id\":\"https:\\\/\\\/www.tauroessiccatori.com\\\/ro\\\/#\\\/schema\\\/logo\\\/image\\\/\",\"url\":\"https:\\\/\\\/www.tauroessiccatori.com\\\/wp-content\\\/uploads\\\/2026\\\/01\\\/tauro.avif\",\"contentUrl\":\"https:\\\/\\\/www.tauroessiccatori.com\\\/wp-content\\\/uploads\\\/2026\\\/01\\\/tauro.avif\",\"width\":360,\"height\":360,\"caption\":\"Tauro Essiccatori\"},\"image\":{\"@id\":\"https:\\\/\\\/www.tauroessiccatori.com\\\/ro\\\/#\\\/schema\\\/logo\\\/image\\\/\"},\"sameAs\":[\"https:\\\/\\\/www.facebook.com\\\/tauroessiccatori\"]}]}<\/script>\n<!-- \/ Yoast SEO plugin. -->","yoast_head_json":{"title":"Uscarea legumelor \u00bb Usc\u0103toare Tauro","description":"Afla\u021bi cum s\u0103 v\u0103 usca\u021bi legumele cu Tauro Essiccator Biosec Pro \u0219i s\u0103 evita\u021bi risipa","robots":{"index":"index","follow":"follow","max-snippet":"max-snippet:-1","max-image-preview":"max-image-preview:large","max-video-preview":"max-video-preview:-1"},"canonical":"https:\/\/www.tauroessiccatori.com\/ro\/manual-biosec\/ce-sa-uscati\/legume\/","og_locale":"ro_RO","og_type":"article","og_title":"Essiccare la Verdura &#187; Tauro Essiccatori","og_description":"Scopri come essiccare le tue verdure con il Biosec Pro di Tauro Essiccator ed evitare gli sprechi","og_url":"https:\/\/www.tauroessiccatori.com\/ro\/manual-biosec\/ce-sa-uscati\/legume\/","og_site_name":"Tauro Essiccatori","article_publisher":"https:\/\/www.facebook.com\/tauroessiccatori","article_modified_time":"2026-03-14T09:42:18+00:00","twitter_card":"summary_large_image","schema":{"@context":"https:\/\/schema.org","@graph":[{"@type":"WebPage","@id":"https:\/\/www.tauroessiccatori.com\/ro\/manuale-biosec\/cosa-essiccare\/verdura\/","url":"https:\/\/www.tauroessiccatori.com\/ro\/manuale-biosec\/cosa-essiccare\/verdura\/","name":"Uscarea legumelor \u00bb Usc\u0103toare Tauro","isPartOf":{"@id":"https:\/\/www.tauroessiccatori.com\/ro\/#website"},"primaryImageOfPage":{"@id":"https:\/\/www.tauroessiccatori.com\/ro\/manuale-biosec\/cosa-essiccare\/verdura\/#primaryimage"},"image":{"@id":"https:\/\/www.tauroessiccatori.com\/ro\/manuale-biosec\/cosa-essiccare\/verdura\/#primaryimage"},"thumbnailUrl":"https:\/\/www.tauroessiccatori.com\/wp-content\/uploads\/2026\/01\/chips-zucchine-essiccate_tauro_essiccatori-edited.avif","datePublished":"2025-10-08T16:37:17+00:00","dateModified":"2026-03-14T09:42:18+00:00","description":"Afla\u021bi cum s\u0103 v\u0103 usca\u021bi legumele cu Tauro Essiccator Biosec Pro \u0219i s\u0103 evita\u021bi risipa","breadcrumb":{"@id":"https:\/\/www.tauroessiccatori.com\/ro\/manuale-biosec\/cosa-essiccare\/verdura\/#breadcrumb"},"inLanguage":"ro-RO","potentialAction":[{"@type":"ReadAction","target":["https:\/\/www.tauroessiccatori.com\/ro\/manuale-biosec\/cosa-essiccare\/verdura\/"]}]},{"@type":"ImageObject","inLanguage":"ro-RO","@id":"https:\/\/www.tauroessiccatori.com\/ro\/manuale-biosec\/cosa-essiccare\/verdura\/#primaryimage","url":"https:\/\/www.tauroessiccatori.com\/wp-content\/uploads\/2026\/01\/chips-zucchine-essiccate_tauro_essiccatori-edited.avif","contentUrl":"https:\/\/www.tauroessiccatori.com\/wp-content\/uploads\/2026\/01\/chips-zucchine-essiccate_tauro_essiccatori-edited.avif","width":1920,"height":1080,"caption":"Basta sensi di colpa! Croccanti, saporite e 100% naturali: le chips di zucchine che non ti aspetti. Scopri la ricetta!"},{"@type":"BreadcrumbList","@id":"https:\/\/www.tauroessiccatori.com\/ro\/manuale-biosec\/cosa-essiccare\/verdura\/#breadcrumb","itemListElement":[{"@type":"ListItem","position":1,"name":"Home","item":"https:\/\/www.tauroessiccatori.com\/"},{"@type":"ListItem","position":2,"name":"Manuale Biosec","item":"https:\/\/www.tauroessiccatori.com\/manuale-biosec\/"},{"@type":"ListItem","position":3,"name":"Cosa essiccare","item":"https:\/\/www.tauroessiccatori.com\/manuale-biosec\/cosa-essiccare\/"},{"@type":"ListItem","position":4,"name":"Verdura"}]},{"@type":"WebSite","@id":"https:\/\/www.tauroessiccatori.com\/ro\/#website","url":"https:\/\/www.tauroessiccatori.com\/ro\/","name":"Usc\u0103toare Tauro","description":"De mai bine de 30 de ani, cele mai bune sisteme de uscare.","publisher":{"@id":"https:\/\/www.tauroessiccatori.com\/ro\/#organization"},"alternateName":"Tauro","potentialAction":[{"@type":"SearchAction","target":{"@type":"EntryPoint","urlTemplate":"https:\/\/www.tauroessiccatori.com\/ro\/?s={search_term_string}"},"query-input":{"@type":"PropertyValueSpecification","valueRequired":true,"valueName":"search_term_string"}}],"inLanguage":"ro-RO"},{"@type":"Organization","@id":"https:\/\/www.tauroessiccatori.com\/ro\/#organization","name":"Usc\u0103toare Tauro","alternateName":"Tauro Essiccatori srl unipersonale","url":"https:\/\/www.tauroessiccatori.com\/ro\/","logo":{"@type":"ImageObject","inLanguage":"ro-RO","@id":"https:\/\/www.tauroessiccatori.com\/ro\/#\/schema\/logo\/image\/","url":"https:\/\/www.tauroessiccatori.com\/wp-content\/uploads\/2026\/01\/tauro.avif","contentUrl":"https:\/\/www.tauroessiccatori.com\/wp-content\/uploads\/2026\/01\/tauro.avif","width":360,"height":360,"caption":"Tauro Essiccatori"},"image":{"@id":"https:\/\/www.tauroessiccatori.com\/ro\/#\/schema\/logo\/image\/"},"sameAs":["https:\/\/www.facebook.com\/tauroessiccatori"]}]}},"_links":{"self":[{"href":"https:\/\/www.tauroessiccatori.com\/ro\/wp-json\/wp\/v2\/pages\/165754","targetHints":{"allow":["GET"]}}],"collection":[{"href":"https:\/\/www.tauroessiccatori.com\/ro\/wp-json\/wp\/v2\/pages"}],"about":[{"href":"https:\/\/www.tauroessiccatori.com\/ro\/wp-json\/wp\/v2\/types\/page"}],"author":[{"embeddable":true,"href":"https:\/\/www.tauroessiccatori.com\/ro\/wp-json\/wp\/v2\/users\/1"}],"replies":[{"embeddable":true,"href":"https:\/\/www.tauroessiccatori.com\/ro\/wp-json\/wp\/v2\/comments?post=165754"}],"version-history":[{"count":2,"href":"https:\/\/www.tauroessiccatori.com\/ro\/wp-json\/wp\/v2\/pages\/165754\/revisions"}],"predecessor-version":[{"id":175499,"href":"https:\/\/www.tauroessiccatori.com\/ro\/wp-json\/wp\/v2\/pages\/165754\/revisions\/175499"}],"up":[{"embeddable":true,"href":"https:\/\/www.tauroessiccatori.com\/ro\/wp-json\/wp\/v2\/pages\/165746"}],"wp:featuredmedia":[{"embeddable":true,"href":"https:\/\/www.tauroessiccatori.com\/ro\/wp-json\/wp\/v2\/media\/166155"}],"wp:attachment":[{"href":"https:\/\/www.tauroessiccatori.com\/ro\/wp-json\/wp\/v2\/media?parent=165754"}],"curies":[{"name":"wp","href":"https:\/\/api.w.org\/{rel}","templated":true}]}}