{"id":165751,"date":"2025-10-08T18:22:20","date_gmt":"2025-10-08T16:22:20","guid":{"rendered":"https:\/\/tauroessiccatori.com\/?page_id=165751"},"modified":"2026-03-14T10:43:32","modified_gmt":"2026-03-14T09:43:32","slug":"fructe","status":"publish","type":"page","link":"https:\/\/www.tauroessiccatori.com\/ro\/manuale-biosec\/cosa-essiccare\/frutta\/","title":{"rendered":"Fructe"},"content":{"rendered":"<table class=\"table table-striped\">\n<thead>\n<tr class=\"row-1 odd\">\n<th class=\"column-1 sorting\" tabindex=\"0\" colspan=\"1\" rowspan=\"1\" aria-controls=\"tablepress-1\" aria-label=\"PRODUCT: activa\u021bi pentru a sorta coloana \u00een ordine cresc\u0103toare\">PRODUS<\/th>\n<th class=\"column-2 sorting\" tabindex=\"0\" colspan=\"1\" rowspan=\"1\" aria-controls=\"tablepress-1\" aria-label=\"PREG\u0102TIRE: activa\u021bi pentru a sorta coloana \u00een ordine cresc\u0103toare\">PREG\u0102TIRE<\/th>\n<th class=\"column-3 sorting\" tabindex=\"0\" colspan=\"1\" rowspan=\"1\" aria-controls=\"tablepress-1\" aria-label=\"Toggle: activa\u021bi pentru a sorta coloana \u00een ordine cresc\u0103toare\">ANGAJARE<\/th>\n<th class=\"column-4 sorting\" tabindex=\"0\" colspan=\"1\" rowspan=\"1\" aria-controls=\"tablepress-1\" aria-label=\"TIME AND SCHEDULE: activa\u021bi pentru a sorta coloana \u00een ordine cresc\u0103toare\">TIMP \u0218I PROGRAM<\/th>\n<\/tr>\n<\/thead>\n<tbody class=\"row-hover\">\n<tr class=\"row-2 even\">\n<td class=\"column-1\">APRICOCKS<\/td>\n<td class=\"column-2\">Jum\u0103tate \u0219i f\u0103r\u0103 s\u00e2mburi. Posibil\u0103 tendin\u021b\u0103 de rumenire la fructele foarte coapte, f\u0103r\u0103 a compromite \u00eens\u0103 aroma intens\u0103.<\/td>\n<td class=\"column-3\">De asemenea, pentru consum<br \/>\ndirect sau pentru prepararea pr\u0103jiturilor sau compozi\u021biilor<br \/>\n\u00een t\u0103vi, co\u0219uri, etc.<\/td>\n<td class=\"column-4\">t4\/t5<br \/>\n48\/60 h \u00een func\u021bie de dimensiune<\/td>\n<\/tr>\n<tr class=\"row-3 odd\">\n<td class=\"column-1\">ANANAS<\/td>\n<td class=\"column-2\">Se decoje\u0219te \u0219i se taie \u00een felii groase de 6-8 mm; se \u00eentoarce<br \/>\ndin c\u00e2nd \u00een c\u00e2nd, astfel \u00eenc\u00e2t s\u0103 nu se lipeasc\u0103 de fund. Foarte apoas\u0103, deci uscare \u00eendelungat\u0103, rezultat excelent \u00een ceea ce prive\u0219te intensitatea parfumului \u0219i a aromei.<\/td>\n<td class=\"column-3\">Pentru consum direct, de asemenea pentru salate de fructe \u0219i compozi\u021bii.<\/td>\n<td class=\"column-4\">t4 24 h<\/td>\n<\/tr>\n<tr class=\"row-4 even\">\n<td class=\"column-1\">ORANGE<\/td>\n<td class=\"column-2\">Nu prea matur,<br \/>\n\u00een felii de aproximativ 5 mm. Acestea au tendin\u021ba de a se lipi de fundul co\u0219ului.<\/td>\n<td class=\"column-3\">Perfect pentru decorarea pr\u0103jiturilor, a vaselor \u0219i a operelor de art\u0103, \u00een special de Cr\u0103ciun, pulverizat sub form\u0103 de f\u0103in\u0103 sau b\u0103tut \u0219i uscat \u00een napolitane pentru gust\u0103ri, ambalaje \u0219i deserturi.<\/td>\n<td class=\"column-4\">P4 18\/24 h<\/td>\n<\/tr>\n<tr class=\"row-5 odd\">\n<td class=\"column-1\">BANANE<\/td>\n<td class=\"column-2\">\u00cen felii sau buc\u0103\u021bi. Se lipesc u\u0219or de fund \u0219i \u00eentre ele. Au tendin\u021ba de a se rumeni, dar p\u0103streaz\u0103 o arom\u0103 intens\u0103. R\u0103m\u00e2n moi \u0219i o<br \/>\nun pic lipicioase, deoarece sunt foarte zaharoase.<\/td>\n<td class=\"column-3\">Excelent pentru consum direct, pentru gust\u0103ri \u0219i r\u0103coritoare. Un concentrat de gust \u0219i substan\u021b\u0103 deosebit de apreciat de copii.<\/td>\n<td class=\"column-4\">P1 18\/24 h<\/td>\n<\/tr>\n<tr class=\"row-6 even\">\n<td class=\"column-1\">CACHI<\/td>\n<td class=\"column-2\">\u00cen felii sub\u021biri (5-6 mm). Persimonii de mere sunt excelen\u021bi, dulci chiar dac\u0103 sunt \u00eenc\u0103 tari. De asemenea, se usuc\u0103 celelalte calit\u0103\u021bi \u00eenainte ca acestea s\u0103 devin\u0103 fragede. \u00ce\u0219i pierd astringen\u021ba caracteristic\u0103. Dac\u0103 sunt prea coapte, se amestec\u0103 \u0219i se usuc\u0103 pentru a ob\u021bine un piure.<\/td>\n<td class=\"column-3\">Excelente pentru consumul direct \u0219i, de asemenea, pentru diverse compozi\u021bii. \u00ce\u0219i p\u0103streaz\u0103 o culoare frumoas\u0103. C\u00e2nd sunt amestecate \u00eentr-un piure, sunt perfecte pentru deserturi \u0219i gust\u0103ri gustoase.<\/td>\n<td class=\"column-4\">P2<\/td>\n<\/tr>\n<tr class=\"row-7 odd\">\n<td class=\"column-1\">CIRE\u0218E<\/td>\n<td class=\"column-2\">T\u0103iate \u00een dou\u0103 \u0219i f\u0103r\u0103 s\u00e2mburi, acestea intensific\u0103 aroma \u0219i parfumul.<\/td>\n<td class=\"column-3\">Perfect pentru ceaiuri din plante, pout pourri, dulciuri de tot felul.<\/td>\n<td class=\"column-4\">P1\/t4<\/td>\n<\/tr>\n<tr class=\"row-8 even\">\n<td class=\"column-1\">KIWI<\/td>\n<td class=\"column-2\">Se decojesc \u0219i se taie \u00een felii de 6-8 mm sau se taie 4 felii pe lungime dintr-un fruct \u00eentreg; se \u00eentind \u0219i se scutur\u0103 pentru a nu se lipi. P\u0103streaz\u0103 o culoare discret\u0103. Gust intens \u0219i astringent.<\/td>\n<td class=\"column-3\">Cel mai bine se consum\u0103 direct cu alte fructe sau \u00een salata de fructe dup\u0103 temperare; excelent pentru compozi\u021bii.<\/td>\n<td class=\"column-4\">P2<\/td>\n<\/tr>\n<tr class=\"row-9 odd\">\n<td class=\"column-1\">FIGS<\/td>\n<td class=\"column-2\">Se \u00eempart \u00een dou\u0103, preferabil aleg\u00e2ndu-le bine coapte, uscate \u0219i nu prea mari.<\/td>\n<td class=\"column-3\">Pentru consum direct \u0219i ca ingredient \u00een deserturi sau salate de fructe. \u00cen buc\u0103\u021bi pentru compozi\u021bii.<\/td>\n<td class=\"column-4\">t4\/t5<br \/>\n48\/60 h \u00een func\u021bie de dimensiune<\/td>\n<\/tr>\n<tr class=\"row-10 even\">\n<td class=\"column-1\">MELE<\/td>\n<td class=\"column-2\">Se taie \u00een felii de 5-6 mm grosime, \u00eentregi sau dup\u0103 \u00eendep\u0103rtarea miezului \u0219i a pieli\u021bei.<\/td>\n<td class=\"column-3\">Consum direct, pentru pr\u0103jituri sau co\u0219uri. Delicioase c\u00e2nd sunt \u00eenmuiate pe jum\u0103tate \u00een ciocolat\u0103 topit\u0103 \u0219i l\u0103sate s\u0103 se usuce. Foarte bogate \u00een fibre, mai ales dac\u0103 sunt uscate \u00eempreun\u0103 cu coaja.<\/td>\n<td class=\"column-4\">P2<\/td>\n<\/tr>\n<tr class=\"row-11 odd\">\n<td class=\"column-1\">PERE<\/td>\n<td class=\"column-2\">Ca merele. Soiurile mici \u0219i dulci pot fi uscate \u0219i despicate \u00een dou\u0103.<\/td>\n<td class=\"column-3\">Excelent pentru consum direct \u0219i pentru deserturi, salate de fructe \u0219i diverse compozi\u021bii.<\/td>\n<td class=\"column-4\">P2 feliat t4 \u00een jum\u0103tate<\/td>\n<\/tr>\n<tr class=\"row-12 even\">\n<td class=\"column-1\">PIERSICI \u0218I NECTARINE<\/td>\n<td class=\"column-2\">\u00cen jum\u0103t\u0103\u021bi dac\u0103 sunt mici, \u00een felii sau pene dac\u0103 sunt mai mari. Scutura\u021bi-le des.<\/td>\n<td class=\"column-3\">Bun pentru consum direct.<\/td>\n<td class=\"column-4\">P1\/t4<\/td>\n<\/tr>\n<tr class=\"row-13 odd\">\n<td class=\"column-1\">PRUGNE<\/td>\n<td class=\"column-2\">\u00cemp\u0103r\u021bite \u00een dou\u0103 \u0219i f\u0103r\u0103 s\u00e2mburi sau \u00eentregi dup\u0103 \u00eenmuiere timp de 30-60 de secunde \u00een ap\u0103 clocotit\u0103 (cu un timp de uscare mai lung).<\/td>\n<td class=\"column-3\">Consum direct sau pentru deserturi \u0219i compozi\u021bii artistice. Fierte timp de c\u00e2teva minute \u00een pu\u021bin\u0103 ap\u0103, sunt u\u0219or laxative.<\/td>\n<td class=\"column-4\">t4\/t5<br \/>\n30\/48 h \u00een func\u021bie de dimensiune, P6<br \/>\np\u00e2n\u0103 se usuc\u0103 complet, dac\u0103 sunt \u00eentregi<\/td>\n<\/tr>\n<tr class=\"row-14 even\">\n<td class=\"column-1\">UVA<\/td>\n<td class=\"column-2\">Uscare lent\u0103 datorit\u0103 pieli\u021bei foarte impermeabile. Se accelereaz\u0103 prin despicarea strugurilor \u00een dou\u0103 sau prin sub\u021bierea ciorchinilor.<\/td>\n<td class=\"column-3\">Pentru toate utiliz\u0103rile, de la sultane la consum direct.<\/td>\n<td class=\"column-4\">t4 36\/48 h<\/td>\n<\/tr>\n<\/tbody>\n<\/table>","protected":false},"excerpt":{"rendered":"<p>PRODOTTO PREPARAZIONE IMPIEGO TEMPO E PROGRAMMA ALBICOCCHE A meta\u0300 e denocciolate. Possibile tendenza all\u2019imbrunimento con frutti molto maturi, pur senza [&hellip;]<\/p>\n","protected":false},"author":1,"featured_media":165841,"parent":165746,"menu_order":23,"comment_status":"closed","ping_status":"closed","template":"page-manuale-biosec.php","meta":{"_acf_changed":false,"footnotes":""},"class_list":["post-165751","page","type-page","status-publish","has-post-thumbnail","hentry"],"acf":[],"yoast_head":"<!-- This site is optimized with the Yoast SEO plugin v27.5 - https:\/\/yoast.com\/product\/yoast-seo-wordpress\/ -->\n<title>Essiccare la Frutta &#187; Tauro Essiccatori<\/title>\n<meta name=\"description\" content=\"Scopri come essiccare tutti i tipi di frutta con il Biosec Pro di Tauro Essiccatori\" \/>\n<meta name=\"robots\" content=\"index, follow, max-snippet:-1, max-image-preview:large, max-video-preview:-1\" \/>\n<link rel=\"canonical\" href=\"https:\/\/www.tauroessiccatori.com\/ro\/manual-biosec\/ce-sa-uscati\/fructe\/\" \/>\n<meta property=\"og:locale\" content=\"ro_RO\" \/>\n<meta property=\"og:type\" content=\"article\" \/>\n<meta property=\"og:title\" content=\"Essiccare la Frutta &#187; Tauro Essiccatori\" \/>\n<meta property=\"og:description\" content=\"Scopri come essiccare tutti i tipi di frutta con il Biosec Pro di Tauro Essiccatori\" \/>\n<meta property=\"og:url\" content=\"https:\/\/www.tauroessiccatori.com\/ro\/manual-biosec\/ce-sa-uscati\/fructe\/\" \/>\n<meta property=\"og:site_name\" content=\"Tauro Essiccatori\" \/>\n<meta property=\"article:publisher\" content=\"https:\/\/www.facebook.com\/tauroessiccatori\" \/>\n<meta property=\"article:modified_time\" content=\"2026-03-14T09:43:32+00:00\" \/>\n<meta name=\"twitter:card\" content=\"summary_large_image\" \/>\n<script type=\"application\/ld+json\" class=\"yoast-schema-graph\">{\"@context\":\"https:\\\/\\\/schema.org\",\"@graph\":[{\"@type\":\"WebPage\",\"@id\":\"https:\\\/\\\/www.tauroessiccatori.com\\\/ro\\\/manuale-biosec\\\/cosa-essiccare\\\/frutta\\\/\",\"url\":\"https:\\\/\\\/www.tauroessiccatori.com\\\/ro\\\/manuale-biosec\\\/cosa-essiccare\\\/frutta\\\/\",\"name\":\"Essiccare la Frutta &#187; Tauro Essiccatori\",\"isPartOf\":{\"@id\":\"https:\\\/\\\/www.tauroessiccatori.com\\\/ro\\\/#website\"},\"primaryImageOfPage\":{\"@id\":\"https:\\\/\\\/www.tauroessiccatori.com\\\/ro\\\/manuale-biosec\\\/cosa-essiccare\\\/frutta\\\/#primaryimage\"},\"image\":{\"@id\":\"https:\\\/\\\/www.tauroessiccatori.com\\\/ro\\\/manuale-biosec\\\/cosa-essiccare\\\/frutta\\\/#primaryimage\"},\"thumbnailUrl\":\"https:\\\/\\\/www.tauroessiccatori.com\\\/wp-content\\\/uploads\\\/2019\\\/09\\\/chips-mela-essiccata_tauro_essiccatori.avif\",\"datePublished\":\"2025-10-08T16:22:20+00:00\",\"dateModified\":\"2026-03-14T09:43:32+00:00\",\"description\":\"Scopri come essiccare tutti i tipi di frutta con il Biosec Pro di Tauro Essiccatori\",\"breadcrumb\":{\"@id\":\"https:\\\/\\\/www.tauroessiccatori.com\\\/ro\\\/manuale-biosec\\\/cosa-essiccare\\\/frutta\\\/#breadcrumb\"},\"inLanguage\":\"ro-RO\",\"potentialAction\":[{\"@type\":\"ReadAction\",\"target\":[\"https:\\\/\\\/www.tauroessiccatori.com\\\/ro\\\/manuale-biosec\\\/cosa-essiccare\\\/frutta\\\/\"]}]},{\"@type\":\"ImageObject\",\"inLanguage\":\"ro-RO\",\"@id\":\"https:\\\/\\\/www.tauroessiccatori.com\\\/ro\\\/manuale-biosec\\\/cosa-essiccare\\\/frutta\\\/#primaryimage\",\"url\":\"https:\\\/\\\/www.tauroessiccatori.com\\\/wp-content\\\/uploads\\\/2019\\\/09\\\/chips-mela-essiccata_tauro_essiccatori.avif\",\"contentUrl\":\"https:\\\/\\\/www.tauroessiccatori.com\\\/wp-content\\\/uploads\\\/2019\\\/09\\\/chips-mela-essiccata_tauro_essiccatori.avif\",\"width\":1920,\"height\":1920,\"caption\":\"Croccanti, dolci e irresistibili. Trasforma le tue mele preferite nello snack sano che piacer\u00e0 a tutta la famiglia!\"},{\"@type\":\"BreadcrumbList\",\"@id\":\"https:\\\/\\\/www.tauroessiccatori.com\\\/ro\\\/manuale-biosec\\\/cosa-essiccare\\\/frutta\\\/#breadcrumb\",\"itemListElement\":[{\"@type\":\"ListItem\",\"position\":1,\"name\":\"Home\",\"item\":\"https:\\\/\\\/www.tauroessiccatori.com\\\/\"},{\"@type\":\"ListItem\",\"position\":2,\"name\":\"Manuale Biosec\",\"item\":\"https:\\\/\\\/www.tauroessiccatori.com\\\/manuale-biosec\\\/\"},{\"@type\":\"ListItem\",\"position\":3,\"name\":\"Cosa essiccare\",\"item\":\"https:\\\/\\\/www.tauroessiccatori.com\\\/manuale-biosec\\\/cosa-essiccare\\\/\"},{\"@type\":\"ListItem\",\"position\":4,\"name\":\"Frutta\"}]},{\"@type\":\"WebSite\",\"@id\":\"https:\\\/\\\/www.tauroessiccatori.com\\\/ro\\\/#website\",\"url\":\"https:\\\/\\\/www.tauroessiccatori.com\\\/ro\\\/\",\"name\":\"Tauro Essiccatori\",\"description\":\"Da pi\u00f9 di trent\u2019anni, i migliori sistemi di essiccazione.\",\"publisher\":{\"@id\":\"https:\\\/\\\/www.tauroessiccatori.com\\\/ro\\\/#organization\"},\"alternateName\":\"Tauro\",\"potentialAction\":[{\"@type\":\"SearchAction\",\"target\":{\"@type\":\"EntryPoint\",\"urlTemplate\":\"https:\\\/\\\/www.tauroessiccatori.com\\\/ro\\\/?s={search_term_string}\"},\"query-input\":{\"@type\":\"PropertyValueSpecification\",\"valueRequired\":true,\"valueName\":\"search_term_string\"}}],\"inLanguage\":\"ro-RO\"},{\"@type\":\"Organization\",\"@id\":\"https:\\\/\\\/www.tauroessiccatori.com\\\/ro\\\/#organization\",\"name\":\"Tauro Essiccatori\",\"alternateName\":\"Tauro Essiccatori srl unipersonale\",\"url\":\"https:\\\/\\\/www.tauroessiccatori.com\\\/ro\\\/\",\"logo\":{\"@type\":\"ImageObject\",\"inLanguage\":\"ro-RO\",\"@id\":\"https:\\\/\\\/www.tauroessiccatori.com\\\/ro\\\/#\\\/schema\\\/logo\\\/image\\\/\",\"url\":\"https:\\\/\\\/www.tauroessiccatori.com\\\/wp-content\\\/uploads\\\/2026\\\/01\\\/tauro.avif\",\"contentUrl\":\"https:\\\/\\\/www.tauroessiccatori.com\\\/wp-content\\\/uploads\\\/2026\\\/01\\\/tauro.avif\",\"width\":360,\"height\":360,\"caption\":\"Tauro Essiccatori\"},\"image\":{\"@id\":\"https:\\\/\\\/www.tauroessiccatori.com\\\/ro\\\/#\\\/schema\\\/logo\\\/image\\\/\"},\"sameAs\":[\"https:\\\/\\\/www.facebook.com\\\/tauroessiccatori\"]}]}<\/script>\n<!-- \/ Yoast SEO plugin. -->","yoast_head_json":{"title":"Uscarea fructelor \u00bb Usc\u0103toare de fructe Tauro","description":"Descoperi\u021bi cum s\u0103 usca\u021bi toate tipurile de fructe cu Biosec Pro de la Tauro Dryers","robots":{"index":"index","follow":"follow","max-snippet":"max-snippet:-1","max-image-preview":"max-image-preview:large","max-video-preview":"max-video-preview:-1"},"canonical":"https:\/\/www.tauroessiccatori.com\/ro\/manual-biosec\/ce-sa-uscati\/fructe\/","og_locale":"ro_RO","og_type":"article","og_title":"Essiccare la Frutta &#187; Tauro Essiccatori","og_description":"Scopri come essiccare tutti i tipi di frutta con il Biosec Pro di Tauro Essiccatori","og_url":"https:\/\/www.tauroessiccatori.com\/ro\/manual-biosec\/ce-sa-uscati\/fructe\/","og_site_name":"Tauro Essiccatori","article_publisher":"https:\/\/www.facebook.com\/tauroessiccatori","article_modified_time":"2026-03-14T09:43:32+00:00","twitter_card":"summary_large_image","schema":{"@context":"https:\/\/schema.org","@graph":[{"@type":"WebPage","@id":"https:\/\/www.tauroessiccatori.com\/ro\/manuale-biosec\/cosa-essiccare\/frutta\/","url":"https:\/\/www.tauroessiccatori.com\/ro\/manuale-biosec\/cosa-essiccare\/frutta\/","name":"Uscarea fructelor \u00bb Usc\u0103toare de fructe Tauro","isPartOf":{"@id":"https:\/\/www.tauroessiccatori.com\/ro\/#website"},"primaryImageOfPage":{"@id":"https:\/\/www.tauroessiccatori.com\/ro\/manuale-biosec\/cosa-essiccare\/frutta\/#primaryimage"},"image":{"@id":"https:\/\/www.tauroessiccatori.com\/ro\/manuale-biosec\/cosa-essiccare\/frutta\/#primaryimage"},"thumbnailUrl":"https:\/\/www.tauroessiccatori.com\/wp-content\/uploads\/2019\/09\/chips-mela-essiccata_tauro_essiccatori.avif","datePublished":"2025-10-08T16:22:20+00:00","dateModified":"2026-03-14T09:43:32+00:00","description":"Descoperi\u021bi cum s\u0103 usca\u021bi toate tipurile de fructe cu Biosec Pro de la Tauro Dryers","breadcrumb":{"@id":"https:\/\/www.tauroessiccatori.com\/ro\/manuale-biosec\/cosa-essiccare\/frutta\/#breadcrumb"},"inLanguage":"ro-RO","potentialAction":[{"@type":"ReadAction","target":["https:\/\/www.tauroessiccatori.com\/ro\/manuale-biosec\/cosa-essiccare\/frutta\/"]}]},{"@type":"ImageObject","inLanguage":"ro-RO","@id":"https:\/\/www.tauroessiccatori.com\/ro\/manuale-biosec\/cosa-essiccare\/frutta\/#primaryimage","url":"https:\/\/www.tauroessiccatori.com\/wp-content\/uploads\/2019\/09\/chips-mela-essiccata_tauro_essiccatori.avif","contentUrl":"https:\/\/www.tauroessiccatori.com\/wp-content\/uploads\/2019\/09\/chips-mela-essiccata_tauro_essiccatori.avif","width":1920,"height":1920,"caption":"Croccanti, dolci e irresistibili. Trasforma le tue mele preferite nello snack sano che piacer\u00e0 a tutta la famiglia!"},{"@type":"BreadcrumbList","@id":"https:\/\/www.tauroessiccatori.com\/ro\/manuale-biosec\/cosa-essiccare\/frutta\/#breadcrumb","itemListElement":[{"@type":"ListItem","position":1,"name":"Home","item":"https:\/\/www.tauroessiccatori.com\/"},{"@type":"ListItem","position":2,"name":"Manuale Biosec","item":"https:\/\/www.tauroessiccatori.com\/manuale-biosec\/"},{"@type":"ListItem","position":3,"name":"Cosa essiccare","item":"https:\/\/www.tauroessiccatori.com\/manuale-biosec\/cosa-essiccare\/"},{"@type":"ListItem","position":4,"name":"Frutta"}]},{"@type":"WebSite","@id":"https:\/\/www.tauroessiccatori.com\/ro\/#website","url":"https:\/\/www.tauroessiccatori.com\/ro\/","name":"Usc\u0103toare Tauro","description":"De mai bine de 30 de ani, cele mai bune sisteme de uscare.","publisher":{"@id":"https:\/\/www.tauroessiccatori.com\/ro\/#organization"},"alternateName":"Tauro","potentialAction":[{"@type":"SearchAction","target":{"@type":"EntryPoint","urlTemplate":"https:\/\/www.tauroessiccatori.com\/ro\/?s={search_term_string}"},"query-input":{"@type":"PropertyValueSpecification","valueRequired":true,"valueName":"search_term_string"}}],"inLanguage":"ro-RO"},{"@type":"Organization","@id":"https:\/\/www.tauroessiccatori.com\/ro\/#organization","name":"Usc\u0103toare Tauro","alternateName":"Tauro Essiccatori srl unipersonale","url":"https:\/\/www.tauroessiccatori.com\/ro\/","logo":{"@type":"ImageObject","inLanguage":"ro-RO","@id":"https:\/\/www.tauroessiccatori.com\/ro\/#\/schema\/logo\/image\/","url":"https:\/\/www.tauroessiccatori.com\/wp-content\/uploads\/2026\/01\/tauro.avif","contentUrl":"https:\/\/www.tauroessiccatori.com\/wp-content\/uploads\/2026\/01\/tauro.avif","width":360,"height":360,"caption":"Tauro Essiccatori"},"image":{"@id":"https:\/\/www.tauroessiccatori.com\/ro\/#\/schema\/logo\/image\/"},"sameAs":["https:\/\/www.facebook.com\/tauroessiccatori"]}]}},"_links":{"self":[{"href":"https:\/\/www.tauroessiccatori.com\/ro\/wp-json\/wp\/v2\/pages\/165751","targetHints":{"allow":["GET"]}}],"collection":[{"href":"https:\/\/www.tauroessiccatori.com\/ro\/wp-json\/wp\/v2\/pages"}],"about":[{"href":"https:\/\/www.tauroessiccatori.com\/ro\/wp-json\/wp\/v2\/types\/page"}],"author":[{"embeddable":true,"href":"https:\/\/www.tauroessiccatori.com\/ro\/wp-json\/wp\/v2\/users\/1"}],"replies":[{"embeddable":true,"href":"https:\/\/www.tauroessiccatori.com\/ro\/wp-json\/wp\/v2\/comments?post=165751"}],"version-history":[{"count":1,"href":"https:\/\/www.tauroessiccatori.com\/ro\/wp-json\/wp\/v2\/pages\/165751\/revisions"}],"predecessor-version":[{"id":175497,"href":"https:\/\/www.tauroessiccatori.com\/ro\/wp-json\/wp\/v2\/pages\/165751\/revisions\/175497"}],"up":[{"embeddable":true,"href":"https:\/\/www.tauroessiccatori.com\/ro\/wp-json\/wp\/v2\/pages\/165746"}],"wp:featuredmedia":[{"embeddable":true,"href":"https:\/\/www.tauroessiccatori.com\/ro\/wp-json\/wp\/v2\/media\/165841"}],"wp:attachment":[{"href":"https:\/\/www.tauroessiccatori.com\/ro\/wp-json\/wp\/v2\/media?parent=165751"}],"curies":[{"name":"wp","href":"https:\/\/api.w.org\/{rel}","templated":true}]}}