{"id":165713,"date":"2025-10-08T08:47:57","date_gmt":"2025-10-08T06:47:57","guid":{"rendered":"https:\/\/tauroessiccatori.com\/?page_id=165713"},"modified":"2025-10-25T16:31:34","modified_gmt":"2025-10-25T14:31:34","slug":"utilizzo-dei-programmi","status":"publish","type":"page","link":"https:\/\/www.tauroessiccatori.com\/ro\/manuale-biosec\/programmi\/","title":{"rendered":"Utilizarea programelor"},"content":{"rendered":"<h2><b>DRYSET PRO ARE GRIJ\u0102 DE EA<\/b><\/h2>\n<p>BIOSEC este echipat cu\u2019\u00a0<b>sistem electronic exclusiv Dryset Pro<\/b>,care garanteaz\u0103 o gam\u0103 complet\u0103, simpl\u0103 \u0219i eficient\u0103 de programe, potrivite pentru orice tip de utilizare \u0219i produs. Programele sunt concepute lu\u00e2nd \u00een considerare toate variabilele implicate \u00een procesul de uscare.<\/p>\n<p>\u00cen special, acestea difer\u0103 \u00een ceea ce prive\u0219te:<\/p>\n<ol>\n<li>combina\u021bie de\u00a0<b>temperaturi<\/b>\u00a0de func\u021bionare pentru diferite intervale de timp;<\/li>\n<li>alternan\u021b\u0103 de diferite\u00a0<b>vitez\u0103<\/b>\u00a0a ventilatorului \u0219i face o pauz\u0103;<\/li>\n<li><b>durat\u0103<\/b>\u00a0caietul de sarcini al programelor \u00een ore.<\/li>\n<\/ol>\n<p>&nbsp;<\/p>\n<p>Toate programele descrise mai jos indic\u0103 durata \u00een ore\u00a0<b>(H)<\/b>,cele marcate cu simbolul\u00a0<b>MN<\/b>\u00a0includ, de asemenea, o faz\u0103 de\u00a0<b>\u00eentre\u021binere final\u0103<\/b>. Pentru a modifica durata programelor, consulta\u021bi sec\u021biunea Timer de la pagina 8.<\/p>\n<p>&nbsp;<\/p>\n<div><img decoding=\"async\" src=\"https:\/\/stor42.tauroessiccatori.com\/wp-assets\/uploads\/2023\/01\/biosec_manuale_2022_programmi-drysetpro-min.jpg\" \/><br \/>\nImaginile sunt incluse \u00een scopuri ilustrative.<\/div>\n<p><b>Dryset Pro.<\/b><br \/>\nVe\u021bi g\u0103si toate pictogramele programului direct pe eticheta din jurul afi\u0219ajului.<\/p>\n<p>Selecta\u021bi programul preferat \u0219i... uscare fericit\u0103!<\/p>\n<p>Produsele prelucrate, odat\u0103 ce\u00a0<b>au atins gradul maxim posibil de uscare, NU se mai schimb\u0103, nu se ard \u0219i nu se altereaz\u0103, chiar dac\u0103 le uita\u021bi \u00een usc\u0103torul pornit.<\/b><\/p>\n<p>&nbsp;<\/p>\n<h2><b>PROGRAME PRESTABILITE<\/b><\/h2>\n<p><b>P1- Automat\u0103<\/b>este cel mai simplu \u0219i mai versatil program. Dac\u0103 nu \u0219ti\u021bi cum s\u0103 proceda\u021bi, este prima dat\u0103 c\u00e2nd utiliza\u021bi BIOSEC sau pur \u0219i simplu ave\u021bi un produs at\u00e2t de special \u00eenc\u00e2t nu se \u00eencadreaz\u0103 \u00een nicio alt\u0103 categorie, selecta\u021bi P1 -\u00a0<b>temperatura maxim\u0103 atins\u0103 55\u00b0C - H: 30h+MN<\/b><\/p>\n<p><b>P2- Ciuperci \u0219i felii sub\u021biri<\/b>Perfect pentru ciuperci \u0219i produse care nu sunt prea apoase, pentru a fi uscate \u00een felii sub\u021biri (4-6 mm), cum ar fi mere, pere, dovlecei, vinete etc.\u00a0<b>temperatura maxim\u0103 atins\u0103 50\u00b0C - H: 18h+MN<\/b><\/p>\n<p><b>P3- BioCrudist<\/b>special conceput pentru cei care urmeaz\u0103 o diet\u0103 raw. BioCrudist\u00a0<b>atinge 42\u00b0C<\/b>\u00a0de temperatur\u0103 \u00een primele dou\u0103 ore \u0219i apoi scade la 40\u00b0C. Datorit\u0103 delicate\u021bii sale extreme, este excelent \u0219i pentru ierburile aromatice \u0219i medicinale -\u00a0<b>temperatura maxim\u0103 atins\u0103 42\u00b0C - H: nedefinit<\/b>\u00a0(pentru a fi oprit atunci c\u00e2nd se atinge gradul dorit de uscare).<\/p>\n<p><b>P4- Superhot<\/b>este cel mai\u00a0<b>fierbinte, la limita g\u0103titului<\/b>\u00a0(vorbim de g\u0103tit de la 70 de grade \u00een sus). Este ideal pentru produsele care con\u021bin mult\u0103 ap\u0103 de eliminat, cum ar fi ro\u0219iile, caisele \u0219i prunele, dar \u0219i perfect pentru carne \u0219i pe\u0219te, deoarece \u00eencetine\u0219te dezvoltarea bacteriilor. \u00cen cele din urm\u0103, este perfect pentru\u00a0<b>meringi<\/b>,care ar necesita un proces delicat \u0219i destul de \u00eendelungat \u00een cuptor: precizia temperaturii \u0219i ventila\u021bia BIOSEC vor preveni arsurile nedorite, \u00een timp ce cuptorul dvs. va r\u0103m\u00e2ne liber pentru orice alt\u0103 utilizare -\u00a0<b>temperatura maxim\u0103 atins\u0103 68\u00b0C - H: 24h+MN<\/b><\/p>\n<p><b>P5- Paste:<\/b>\u00a0este un program conceput special pentru tratarea pastelor proaspete, datorit\u0103 combina\u021biei dintre o temperatur\u0103 adecvat\u0103 \u0219i o ventila\u021bie bl\u00e2nd\u0103 pentru a evita cr\u0103p\u0103turile de pe suprafa\u021ba produsului. Cu toate acestea, este nevoie de un ochi atent pentru a verifica gradul dorit de uscare de la caz la caz \u0219i pentru fiecare tip diferit de preparat -\u00a0<b>temperatura maxim\u0103 atins\u0103 30\u00b0C - H: 16h+MN<\/b><\/p>\n<p><b>P6- Economie:<\/b>\u00a0Dedicat celor care acord\u0103 o aten\u021bie deosebit\u0103 ecologiei \u0219i portofelului, sau care au \u00eentotdeauna o mie de aparate \u00een func\u021biune: selecta\u021bi programul P6, timpii de uscare pu\u021bin mai lungi vor corespunde unor economii mai mult dec\u00e2t propor\u021bionale. De asemenea, perfect pentru\u00a0<b>campinguri, rulote sau hoteluri<\/b>,unde disponibilitatea energiei electrice este limitat\u0103: P6 consum\u0103 maximum 270W -\u00a0<b>temperatura maxim\u0103 atins\u0103 45\u00b0C -H: nedefinit<\/b>\u00a0(pentru a fi oprit atunci c\u00e2nd se atinge gradul dorit de uscare).<\/p>\n<p><b>P7- Silen\u021bios:<\/b>\u00a0este cel mai potrivit program pentru timpul nop\u021bii sau pentru to\u021bi cei care folosesc BIOSEC la locul de munc\u0103, pentru a men\u021bine zgomotul la un nivel minim. Viteza ventilatorului este special conceput\u0103 pentru reducerea maxim\u0103 a zgomotului, f\u0103r\u0103 a pierde din eficien\u021b\u0103! \u00cencerca\u021bi-l cu toate\u00a0<b>produse u\u0219oare \u0219i minute<\/b>\u00a0(\u0219ofran, frunze mici etc.) care ar putea zbura odat\u0103 cu celelalte programe -\u00a0<b>temperatura maxim\u0103 atins\u0103 45\u00b0C -H: 48h+MN<\/b><\/p>\n<p>&nbsp;<\/p>\n<h2><b>PROGRAME F\u0102R\u0102 LIMIT\u0102 DE TIMP<\/b><\/h2>\n<p>Pentru to\u021bi cei care doresc mai mult control asupra selec\u021biei temperaturii, BIOSEC ofer\u0103, de asemenea\u00a0<b>programe de la t1 la t5<\/b>,care garanteaz\u0103 temperaturi de func\u021bionare \u00eentre 20\u00b0C \u0219i 60\u00b0C.<\/p>\n<p><b>Programe t1 - t5<\/b>\u00a0func\u021bioneaz\u0103 inteligent, altern\u00e2nd \u00eentre temperatura de func\u021bionare \u0219i ventila\u021bia la rece pentru a asigura cel mai bun rezultat.\u00a0<b>De asemenea, nu exist\u0103 limite de timp<\/b>: va fi \u00eentotdeauna necesar s\u0103 opri\u021bi BIOSEC atunci c\u00e2nd se atinge gradul de uscare dorit\u00a0<b>sau seta\u021bi cronometrul<\/b>\u00a0conform paragrafului dedicat (a se vedea pagina 8).<\/p>\n<p>&nbsp;<\/p>\n<h2><b>FUNC\u021aII AVANSATE: pentru un control mai mare asupra temperaturii<\/b><\/h2>\n<p><img decoding=\"async\" src=\"https:\/\/stor42.tauroessiccatori.com\/wp-assets\/uploads\/2023\/01\/funzioni-avanzate.png\" \/><br \/>\nProgramele\u00a0<b>P7, t1 \u0219i t5<\/b>\u00a0poate fi setat pentru un control personalizat al temperaturii, cu trei moduri diferite de ventila\u021bie.<\/p>\n<ul>\n<li><b>P7<\/b>\u00a0pentru a avea un\u00a0<b>ventila\u021bie \u00eentotdeauna lent\u0103<\/b>\u00a0\u0219i, prin urmare, mai mult\u0103 economie de energie \u0219i mai pu\u021bin\u0103 mi\u0219care a aerului, potrivit \u0219i pentru materiale mai u\u0219oare, cum ar fi ierburi, flori \u0219i produse din frunze.<\/li>\n<li><b>t1<\/b>\u00a0pentru a avea \u00eentotdeauna\u00a0<b>ventila\u021bie maxim\u0103<\/b>. Cu acest program, temperatura nu va cre\u0219te niciodat\u0103 cu mai mult de 25 de grade peste temperatura camerei, chiar dac\u0103 este setat\u0103 mai sus. Potrivit pentru produse foarte apoase.<\/li>\n<li><b>t5<\/b>\u00a0pentru a avea un\u00a0<b>ventila\u021bie modulat\u0103<\/b>\u00a0automat pe baza temperaturii camerei \u0219i a temperaturii setate. Valabil pentru majoritatea produselor.<\/li>\n<\/ul>\n<p>&nbsp;<\/p>\n<p><b>Cum s\u0103 utiliza\u021bi func\u021bia avansat\u0103:<\/b><\/p>\n<p>Alege\u021bi un program din P7, t1 \u0219i t5. Porni\u021bi-l normal, apoi \u021bine\u021bi ap\u0103sate simultan butoanele SET \u0219i ON\/OFF timp de 5 secunde p\u00e2n\u0103 c\u00e2nd apare o cifr\u0103 intermitent\u0103, care este temperatura de func\u021bionare. Modifica\u021bi temperatura ap\u0103s\u00e2nd \u00een mod repetat butonul SET pentru a o cre\u0219te sau butonul ON\/OFF pentru a o reduce, p\u00e2n\u0103 c\u00e2nd se afi\u0219eaz\u0103 temperatura dorit\u0103. Odat\u0103 ce temperatura dorit\u0103 este afi\u0219at\u0103, a\u0219tepta\u021bi c\u00e2teva secunde f\u0103r\u0103 s\u0103 ap\u0103sa\u021bi nimic: BIOSEC va stoca aceast\u0103 temperatur\u0103 ca o nou\u0103 \u021bint\u0103 de program, care va fi urm\u0103rit\u0103 pe termen nelimitat, cu excep\u021bia cazului \u00een care este setat un temporizator (consulta\u021bi pagina 8).<br \/>\nTemperatura setat\u0103 \u00een acest mod este resetat\u0103 la set\u0103rile din fabric\u0103 atunci c\u00e2nd alimentarea cu energie electric\u0103 este \u00eentrerupt\u0103.<\/p>\n<p>&nbsp;<\/p>\n<p><b>\u00cen orice caz, trebuie amintit faptul c\u0103 temperatura aerului \u00eenc\u0103lzit nu corespunde cu temperatura produsului real, care este \u00eentotdeauna cu aproximativ zece grade mai mic\u0103 dec\u00e2t aceasta.<\/b><\/p>\n<p>&nbsp;<\/p>\n<p>Toate programele au fost create dup\u0103 ani de experien\u021b\u0103 \u0219i feedback de la clien\u021bi. Cu toate acestea, verifica\u021bi \u00eentotdeauna dac\u0103 produsul pe care \u00eel usca\u021bi este bine uscat \u00eenainte de a-l depozita. Dac\u0103 ave\u021bi \u00eendoieli, l\u0103sa\u021bi-l s\u0103 se usuce \u00eenc\u0103 c\u00e2teva ore \u00eenainte de a termina ciclul.<br \/>\nV\u0103 invit\u0103m s\u0103 experimenta\u021bi cu re\u021betele dumneavoastr\u0103 \u0219i, dac\u0103 dori\u021bi, s\u0103 le \u00eemp\u0103rt\u0103\u0219i\u021bi cu noi sau cu comunitatea Gente che Essicca de pe Facebook.<\/p>\n<p>&nbsp;<\/p>\n<h2><b>TABELUL RECAPITULATIV AL PROGRAMULUI DRYSET PRO<\/b><\/h2>\n<table class=\"espace\" border=\"1\">\n<tbody>\n<tr class=\"title\">\n<td>PROGRAM<\/td>\n<td class=\"padding_img\">DISPLAY<\/td>\n<td>TEMP. MAX. REALIZAT<br \/>\nREALIZAT<\/td>\n<td>H<br \/>\n<span class=\"subtitle\">- ore -<\/span><\/td>\n<td>MN<br \/>\n<span class=\"subtitle\">- \u00eentre\u021binere -<\/span><\/td>\n<td>VENTILA\u021aIE<\/td>\n<\/tr>\n<tr>\n<td class=\"title_left\">Automat\u0103<\/td>\n<td class=\"padding_img\"><img decoding=\"async\" src=\"https:\/\/stor42.tauroessiccatori.com\/wp-assets\/uploads\/2023\/01\/tauro-program-p1_A.png\" alt=\"p1_A\" \/><\/td>\n<td>55\u00b0C<\/td>\n<td>30<\/td>\n<td>Da<\/td>\n<td>variabil\u0103<\/td>\n<\/tr>\n<tr class=\"pari\">\n<td class=\"title_left\">Ciuperci \u0219i felii sub\u021biri<\/td>\n<td class=\"padding_img\"><img decoding=\"async\" src=\"https:\/\/stor42.tauroessiccatori.com\/wp-assets\/uploads\/2023\/01\/tauro-program-p2.png\" alt=\"p2\" \/><\/td>\n<td>50\u00b0C<\/td>\n<td>18<\/td>\n<td>Da<\/td>\n<td>variabil\u0103<\/td>\n<\/tr>\n<tr>\n<td class=\"title_left\">Bio Crudist<\/td>\n<td class=\"padding_img\"><img decoding=\"async\" src=\"https:\/\/stor42.tauroessiccatori.com\/wp-assets\/uploads\/2023\/01\/tauro-program-p3.png\" alt=\"p3\" \/><\/td>\n<td>42\u00b0C<\/td>\n<td>nedefinit<\/td>\n<td>\u2013<\/td>\n<td>variabil\u0103 ridicat\u0103<\/td>\n<\/tr>\n<tr class=\"pari\">\n<td class=\"title_left\">Superhot 68\u00b0C<\/td>\n<td class=\"padding_img\"><img decoding=\"async\" src=\"https:\/\/stor42.tauroessiccatori.com\/wp-assets\/uploads\/2023\/01\/tauro-program-p4.png\" alt=\"p4\" \/><\/td>\n<td>68\u00b0C<\/td>\n<td>24<\/td>\n<td>Da<\/td>\n<td>variabil\u0103<\/td>\n<\/tr>\n<tr>\n<td class=\"title_left\">Paste<\/td>\n<td class=\"padding_img\"><img decoding=\"async\" src=\"https:\/\/stor42.tauroessiccatori.com\/wp-assets\/uploads\/2023\/01\/tauro-program-p5.png\" alt=\"p5\" \/><\/td>\n<td>30\u00b0C<\/td>\n<td>16<\/td>\n<td>Da<\/td>\n<td>variabil\u0103 lent\u0103<\/td>\n<\/tr>\n<tr class=\"pari\">\n<td class=\"title_left\">Economie<\/td>\n<td class=\"padding_img\"><img decoding=\"async\" src=\"https:\/\/stor42.tauroessiccatori.com\/wp-assets\/uploads\/2023\/01\/tauro-program-p6.png\" alt=\"p6\" \/><\/td>\n<td>45\u00b0C<\/td>\n<td>nedefinit<\/td>\n<td>\u2013<\/td>\n<td>variabil\u0103<\/td>\n<\/tr>\n<tr>\n<td class=\"title_left\">T\u0103cere<br \/>\n*\u00a0<strong>Temperatur\u0103 reglabil\u0103<\/strong><\/td>\n<td class=\"padding_img\"><img decoding=\"async\" src=\"https:\/\/stor42.tauroessiccatori.com\/wp-assets\/uploads\/2023\/01\/tauro-program-p7.png\" alt=\"p7\" \/><\/td>\n<td class=\"padding_img\"><img decoding=\"async\" src=\"https:\/\/stor42.tauroessiccatori.com\/wp-assets\/uploads\/2023\/01\/tauro-program-tempB.png\" alt=\"temp\" \/>45\u00b0C\u00a0<strong>*<\/strong><\/td>\n<td>48<\/td>\n<td>Da<\/td>\n<td>lent<\/td>\n<\/tr>\n<tr class=\"pari_t\">\n<td class=\"title_left\">Manual 20\u00b0C<br \/>\n*\u00a0<strong>Temperatur\u0103 reglabil\u0103<\/strong><\/td>\n<td class=\"padding_img\"><img decoding=\"async\" src=\"https:\/\/stor42.tauroessiccatori.com\/wp-assets\/uploads\/2023\/01\/tauro-program-t1.png\" alt=\"t1\" \/><\/td>\n<td class=\"padding_img\"><img decoding=\"async\" src=\"https:\/\/stor42.tauroessiccatori.com\/wp-assets\/uploads\/2023\/01\/tauro-program-temp.png\" alt=\"temp\" \/>20\u00b0C\u00a0<strong>*<\/strong><\/td>\n<td>nedefinit<\/td>\n<td>\u2013<\/td>\n<td>\u00eenalt<\/td>\n<\/tr>\n<tr>\n<td class=\"title_left\">Manual 30\u00b0C<\/td>\n<td class=\"padding_img\"><img decoding=\"async\" src=\"https:\/\/stor42.tauroessiccatori.com\/wp-assets\/uploads\/2023\/01\/tauro-program-t2.png\" alt=\"t2\" \/><\/td>\n<td>30\u00b0C<\/td>\n<td>nedefinit<\/td>\n<td>\u2013<\/td>\n<td>variabil\u0103 ridicat\u0103<\/td>\n<\/tr>\n<tr class=\"pari_t\">\n<td class=\"title_left\">Manual 40\u00b0C<\/td>\n<td class=\"padding_img\"><img decoding=\"async\" src=\"https:\/\/stor42.tauroessiccatori.com\/wp-assets\/uploads\/2023\/01\/tauro-program-t3.png\" alt=\"t3\" \/><\/td>\n<td>40\u00b0C<\/td>\n<td>nedefinit<\/td>\n<td>\u2013<\/td>\n<td>variabil\u0103<\/td>\n<\/tr>\n<tr>\n<td class=\"title_left\">Manual 50\u00b0C<\/td>\n<td class=\"padding_img\"><img decoding=\"async\" src=\"https:\/\/stor42.tauroessiccatori.com\/wp-assets\/uploads\/2023\/01\/tauro-program-t4.png\" alt=\"t4\" \/><\/td>\n<td>50\u00b0C<\/td>\n<td>nedefinit<\/td>\n<td>\u2013<\/td>\n<td>mediu variabil<\/td>\n<\/tr>\n<tr class=\"pari_t\">\n<td class=\"title_left\">Manual 60\u00b0C<br \/>\n*\u00a0<strong>Temperatur\u0103 reglabil\u0103<\/strong><\/td>\n<td class=\"padding_img\"><img decoding=\"async\" src=\"https:\/\/stor42.tauroessiccatori.com\/wp-assets\/uploads\/2023\/01\/tauro-program-t5.png\" alt=\"t5\" \/><\/td>\n<td class=\"padding_temp\"><img decoding=\"async\" src=\"https:\/\/stor42.tauroessiccatori.com\/wp-assets\/uploads\/2023\/01\/tauro-program-temp.png\" alt=\"temp\" \/>60\u00b0C\u00a0<strong>*<\/strong><\/td>\n<td>nedefinit<\/td>\n<td>\u2013<\/td>\n<td>variabil\u0103 lent\u0103<\/td>\n<\/tr>\n<\/tbody>\n<\/table>","protected":false},"excerpt":{"rendered":"<p>CI PENSA DRYSET PRO BIOSEC \u00e8 dotato dell\u2019\u00a0esclusivo sistema elettronico Dryset Pro,\u00a0che garantisce un\u2019offerta di programmi completa, semplice ed efficace, [&hellip;]<\/p>\n","protected":false},"author":1,"featured_media":0,"parent":165699,"menu_order":19,"comment_status":"closed","ping_status":"closed","template":"page-manuale-biosec.php","meta":{"_acf_changed":false,"footnotes":""},"class_list":["post-165713","page","type-page","status-publish","hentry"],"acf":[],"yoast_head":"<!-- This site is optimized with the Yoast SEO plugin v27.5 - https:\/\/yoast.com\/product\/yoast-seo-wordpress\/ -->\n<title>Utilizzo dei programmi &#187; Tauro Essiccatori<\/title>\n<meta name=\"robots\" content=\"index, follow, max-snippet:-1, max-image-preview:large, max-video-preview:-1\" \/>\n<link rel=\"canonical\" href=\"https:\/\/www.tauroessiccatori.com\/ro\/manual-biosec\/programe\/\" \/>\n<meta property=\"og:locale\" content=\"ro_RO\" \/>\n<meta property=\"og:type\" content=\"article\" \/>\n<meta property=\"og:title\" content=\"Utilizzo dei programmi &#187; Tauro Essiccatori\" \/>\n<meta property=\"og:description\" content=\"CI PENSA DRYSET PRO BIOSEC \u00e8 dotato dell\u2019\u00a0esclusivo sistema elettronico Dryset Pro,\u00a0che garantisce un\u2019offerta di programmi completa, semplice ed efficace, [&hellip;]\" \/>\n<meta property=\"og:url\" content=\"https:\/\/www.tauroessiccatori.com\/ro\/manual-biosec\/programe\/\" \/>\n<meta property=\"og:site_name\" content=\"Tauro Essiccatori\" \/>\n<meta property=\"article:publisher\" content=\"https:\/\/www.facebook.com\/tauroessiccatori\" \/>\n<meta property=\"article:modified_time\" content=\"2025-10-25T14:31:34+00:00\" \/>\n<meta property=\"og:image\" content=\"https:\/\/stor42.tauroessiccatori.com\/wp-assets\/uploads\/2023\/01\/biosec_manuale_2022_programmi-drysetpro-min.jpg\" \/>\n<meta name=\"twitter:card\" content=\"summary_large_image\" \/>\n<script type=\"application\/ld+json\" class=\"yoast-schema-graph\">{\"@context\":\"https:\\\/\\\/schema.org\",\"@graph\":[{\"@type\":\"WebPage\",\"@id\":\"https:\\\/\\\/www.tauroessiccatori.com\\\/ro\\\/manuale-biosec\\\/programmi\\\/\",\"url\":\"https:\\\/\\\/www.tauroessiccatori.com\\\/ro\\\/manuale-biosec\\\/programmi\\\/\",\"name\":\"Utilizzo dei programmi &#187; Tauro Essiccatori\",\"isPartOf\":{\"@id\":\"https:\\\/\\\/www.tauroessiccatori.com\\\/ro\\\/#website\"},\"primaryImageOfPage\":{\"@id\":\"https:\\\/\\\/www.tauroessiccatori.com\\\/ro\\\/manuale-biosec\\\/programmi\\\/#primaryimage\"},\"image\":{\"@id\":\"https:\\\/\\\/www.tauroessiccatori.com\\\/ro\\\/manuale-biosec\\\/programmi\\\/#primaryimage\"},\"thumbnailUrl\":\"https:\\\/\\\/stor42.tauroessiccatori.com\\\/wp-assets\\\/uploads\\\/2023\\\/01\\\/biosec_manuale_2022_programmi-drysetpro-min.jpg\",\"datePublished\":\"2025-10-08T06:47:57+00:00\",\"dateModified\":\"2025-10-25T14:31:34+00:00\",\"breadcrumb\":{\"@id\":\"https:\\\/\\\/www.tauroessiccatori.com\\\/ro\\\/manuale-biosec\\\/programmi\\\/#breadcrumb\"},\"inLanguage\":\"ro-RO\",\"potentialAction\":[{\"@type\":\"ReadAction\",\"target\":[\"https:\\\/\\\/www.tauroessiccatori.com\\\/ro\\\/manuale-biosec\\\/programmi\\\/\"]}]},{\"@type\":\"ImageObject\",\"inLanguage\":\"ro-RO\",\"@id\":\"https:\\\/\\\/www.tauroessiccatori.com\\\/ro\\\/manuale-biosec\\\/programmi\\\/#primaryimage\",\"url\":\"https:\\\/\\\/stor42.tauroessiccatori.com\\\/wp-assets\\\/uploads\\\/2023\\\/01\\\/biosec_manuale_2022_programmi-drysetpro-min.jpg\",\"contentUrl\":\"https:\\\/\\\/stor42.tauroessiccatori.com\\\/wp-assets\\\/uploads\\\/2023\\\/01\\\/biosec_manuale_2022_programmi-drysetpro-min.jpg\"},{\"@type\":\"BreadcrumbList\",\"@id\":\"https:\\\/\\\/www.tauroessiccatori.com\\\/ro\\\/manuale-biosec\\\/programmi\\\/#breadcrumb\",\"itemListElement\":[{\"@type\":\"ListItem\",\"position\":1,\"name\":\"Home\",\"item\":\"https:\\\/\\\/www.tauroessiccatori.com\\\/\"},{\"@type\":\"ListItem\",\"position\":2,\"name\":\"Manuale Biosec\",\"item\":\"https:\\\/\\\/www.tauroessiccatori.com\\\/manuale-biosec\\\/\"},{\"@type\":\"ListItem\",\"position\":3,\"name\":\"Utilizzo dei programmi\"}]},{\"@type\":\"WebSite\",\"@id\":\"https:\\\/\\\/www.tauroessiccatori.com\\\/ro\\\/#website\",\"url\":\"https:\\\/\\\/www.tauroessiccatori.com\\\/ro\\\/\",\"name\":\"Tauro Essiccatori\",\"description\":\"Da pi\u00f9 di trent\u2019anni, i migliori sistemi di essiccazione.\",\"publisher\":{\"@id\":\"https:\\\/\\\/www.tauroessiccatori.com\\\/ro\\\/#organization\"},\"alternateName\":\"Tauro\",\"potentialAction\":[{\"@type\":\"SearchAction\",\"target\":{\"@type\":\"EntryPoint\",\"urlTemplate\":\"https:\\\/\\\/www.tauroessiccatori.com\\\/ro\\\/?s={search_term_string}\"},\"query-input\":{\"@type\":\"PropertyValueSpecification\",\"valueRequired\":true,\"valueName\":\"search_term_string\"}}],\"inLanguage\":\"ro-RO\"},{\"@type\":\"Organization\",\"@id\":\"https:\\\/\\\/www.tauroessiccatori.com\\\/ro\\\/#organization\",\"name\":\"Tauro Essiccatori\",\"alternateName\":\"Tauro Essiccatori srl unipersonale\",\"url\":\"https:\\\/\\\/www.tauroessiccatori.com\\\/ro\\\/\",\"logo\":{\"@type\":\"ImageObject\",\"inLanguage\":\"ro-RO\",\"@id\":\"https:\\\/\\\/www.tauroessiccatori.com\\\/ro\\\/#\\\/schema\\\/logo\\\/image\\\/\",\"url\":\"https:\\\/\\\/www.tauroessiccatori.com\\\/wp-content\\\/uploads\\\/2026\\\/01\\\/tauro.avif\",\"contentUrl\":\"https:\\\/\\\/www.tauroessiccatori.com\\\/wp-content\\\/uploads\\\/2026\\\/01\\\/tauro.avif\",\"width\":360,\"height\":360,\"caption\":\"Tauro Essiccatori\"},\"image\":{\"@id\":\"https:\\\/\\\/www.tauroessiccatori.com\\\/ro\\\/#\\\/schema\\\/logo\\\/image\\\/\"},\"sameAs\":[\"https:\\\/\\\/www.facebook.com\\\/tauroessiccatori\"]}]}<\/script>\n<!-- \/ Yoast SEO plugin. -->","yoast_head_json":{"title":"Utilizarea programelor \u00bb Usc\u0103toare Tauro","robots":{"index":"index","follow":"follow","max-snippet":"max-snippet:-1","max-image-preview":"max-image-preview:large","max-video-preview":"max-video-preview:-1"},"canonical":"https:\/\/www.tauroessiccatori.com\/ro\/manual-biosec\/programe\/","og_locale":"ro_RO","og_type":"article","og_title":"Utilizzo dei programmi &#187; Tauro Essiccatori","og_description":"CI PENSA DRYSET PRO BIOSEC \u00e8 dotato dell\u2019\u00a0esclusivo sistema elettronico Dryset Pro,\u00a0che garantisce un\u2019offerta di programmi completa, semplice ed efficace, [&hellip;]","og_url":"https:\/\/www.tauroessiccatori.com\/ro\/manual-biosec\/programe\/","og_site_name":"Tauro Essiccatori","article_publisher":"https:\/\/www.facebook.com\/tauroessiccatori","article_modified_time":"2025-10-25T14:31:34+00:00","og_image":[{"url":"https:\/\/stor42.tauroessiccatori.com\/wp-assets\/uploads\/2023\/01\/biosec_manuale_2022_programmi-drysetpro-min.jpg","type":"","width":"","height":""}],"twitter_card":"summary_large_image","schema":{"@context":"https:\/\/schema.org","@graph":[{"@type":"WebPage","@id":"https:\/\/www.tauroessiccatori.com\/ro\/manuale-biosec\/programmi\/","url":"https:\/\/www.tauroessiccatori.com\/ro\/manuale-biosec\/programmi\/","name":"Utilizarea programelor \u00bb Usc\u0103toare Tauro","isPartOf":{"@id":"https:\/\/www.tauroessiccatori.com\/ro\/#website"},"primaryImageOfPage":{"@id":"https:\/\/www.tauroessiccatori.com\/ro\/manuale-biosec\/programmi\/#primaryimage"},"image":{"@id":"https:\/\/www.tauroessiccatori.com\/ro\/manuale-biosec\/programmi\/#primaryimage"},"thumbnailUrl":"https:\/\/stor42.tauroessiccatori.com\/wp-assets\/uploads\/2023\/01\/biosec_manuale_2022_programmi-drysetpro-min.jpg","datePublished":"2025-10-08T06:47:57+00:00","dateModified":"2025-10-25T14:31:34+00:00","breadcrumb":{"@id":"https:\/\/www.tauroessiccatori.com\/ro\/manuale-biosec\/programmi\/#breadcrumb"},"inLanguage":"ro-RO","potentialAction":[{"@type":"ReadAction","target":["https:\/\/www.tauroessiccatori.com\/ro\/manuale-biosec\/programmi\/"]}]},{"@type":"ImageObject","inLanguage":"ro-RO","@id":"https:\/\/www.tauroessiccatori.com\/ro\/manuale-biosec\/programmi\/#primaryimage","url":"https:\/\/stor42.tauroessiccatori.com\/wp-assets\/uploads\/2023\/01\/biosec_manuale_2022_programmi-drysetpro-min.jpg","contentUrl":"https:\/\/stor42.tauroessiccatori.com\/wp-assets\/uploads\/2023\/01\/biosec_manuale_2022_programmi-drysetpro-min.jpg"},{"@type":"BreadcrumbList","@id":"https:\/\/www.tauroessiccatori.com\/ro\/manuale-biosec\/programmi\/#breadcrumb","itemListElement":[{"@type":"ListItem","position":1,"name":"Home","item":"https:\/\/www.tauroessiccatori.com\/"},{"@type":"ListItem","position":2,"name":"Manuale Biosec","item":"https:\/\/www.tauroessiccatori.com\/manuale-biosec\/"},{"@type":"ListItem","position":3,"name":"Utilizzo dei programmi"}]},{"@type":"WebSite","@id":"https:\/\/www.tauroessiccatori.com\/ro\/#website","url":"https:\/\/www.tauroessiccatori.com\/ro\/","name":"Usc\u0103toare Tauro","description":"De mai bine de 30 de ani, cele mai bune sisteme de uscare.","publisher":{"@id":"https:\/\/www.tauroessiccatori.com\/ro\/#organization"},"alternateName":"Tauro","potentialAction":[{"@type":"SearchAction","target":{"@type":"EntryPoint","urlTemplate":"https:\/\/www.tauroessiccatori.com\/ro\/?s={search_term_string}"},"query-input":{"@type":"PropertyValueSpecification","valueRequired":true,"valueName":"search_term_string"}}],"inLanguage":"ro-RO"},{"@type":"Organization","@id":"https:\/\/www.tauroessiccatori.com\/ro\/#organization","name":"Usc\u0103toare Tauro","alternateName":"Tauro Essiccatori srl unipersonale","url":"https:\/\/www.tauroessiccatori.com\/ro\/","logo":{"@type":"ImageObject","inLanguage":"ro-RO","@id":"https:\/\/www.tauroessiccatori.com\/ro\/#\/schema\/logo\/image\/","url":"https:\/\/www.tauroessiccatori.com\/wp-content\/uploads\/2026\/01\/tauro.avif","contentUrl":"https:\/\/www.tauroessiccatori.com\/wp-content\/uploads\/2026\/01\/tauro.avif","width":360,"height":360,"caption":"Tauro Essiccatori"},"image":{"@id":"https:\/\/www.tauroessiccatori.com\/ro\/#\/schema\/logo\/image\/"},"sameAs":["https:\/\/www.facebook.com\/tauroessiccatori"]}]}},"_links":{"self":[{"href":"https:\/\/www.tauroessiccatori.com\/ro\/wp-json\/wp\/v2\/pages\/165713","targetHints":{"allow":["GET"]}}],"collection":[{"href":"https:\/\/www.tauroessiccatori.com\/ro\/wp-json\/wp\/v2\/pages"}],"about":[{"href":"https:\/\/www.tauroessiccatori.com\/ro\/wp-json\/wp\/v2\/types\/page"}],"author":[{"embeddable":true,"href":"https:\/\/www.tauroessiccatori.com\/ro\/wp-json\/wp\/v2\/users\/1"}],"replies":[{"embeddable":true,"href":"https:\/\/www.tauroessiccatori.com\/ro\/wp-json\/wp\/v2\/comments?post=165713"}],"version-history":[{"count":0,"href":"https:\/\/www.tauroessiccatori.com\/ro\/wp-json\/wp\/v2\/pages\/165713\/revisions"}],"up":[{"embeddable":true,"href":"https:\/\/www.tauroessiccatori.com\/ro\/wp-json\/wp\/v2\/pages\/165699"}],"wp:attachment":[{"href":"https:\/\/www.tauroessiccatori.com\/ro\/wp-json\/wp\/v2\/media?parent=165713"}],"curies":[{"name":"wp","href":"https:\/\/api.w.org\/{rel}","templated":true}]}}