{"id":165711,"date":"2025-10-08T08:46:21","date_gmt":"2025-10-08T06:46:21","guid":{"rendered":"https:\/\/tauroessiccatori.com\/?page_id=165711"},"modified":"2025-10-08T10:08:19","modified_gmt":"2025-10-08T08:08:19","slug":"functionare","status":"publish","type":"page","link":"https:\/\/www.tauroessiccatori.com\/ro\/manuale-biosec\/funzionamento\/","title":{"rendered":"Func\u021bionare"},"content":{"rendered":"<p><b>INSER\u021aIE PLUG<\/b>C\u00e2nd \u0219techerul este conectat, BIOSEC va porni automat \u00een\u00a0<b>stand by<\/b>. Dac\u0103 usc\u0103torul a fost oprit incorect sau dac\u0103 alimentarea cu energie electric\u0103 este \u00eentrerupt\u0103, acesta va relua programul \u00eentrerupt.<\/p>\n<ol>\n<li><b>Butonul SET<\/b>Ap\u0103sa\u021bi butonul SET p\u00e2n\u0103 c\u00e2nd programul pe care dori\u021bi s\u0103 \u00eel seta\u021bi este afi\u0219at pe ecranul BIOSEC. Ap\u0103sa\u021bi butonul ON\/OFF pentru a \u00eencepe procesul.<\/li>\n<li><b>Ecran<\/b>\u00cen timpul procesului de uscare, ecranul BIOSEC va afi\u0219a alternativ temperatura m\u0103surat\u0103 \u00een prezent \u0219i programul utilizat \u00een prezent. Pentru a afla programul \u00een uz f\u0103r\u0103 a a\u0219tepta afi\u0219area automat\u0103, ap\u0103sa\u021bi butonul SET pentru un moment.<\/li>\n<li><b>Buton ON\/OFF<\/b>porne\u0219te \u0219i opre\u0219te ciclul de uscare. Pentru a relua procesul odat\u0103 oprit, pur \u0219i simplu ap\u0103sa\u021bi ON\/OFF a doua oar\u0103. Programul va re\u00eencepe de unde a r\u0103mas. Dac\u0103, pe de alt\u0103 parte, dori\u021bi s\u0103 schimba\u021bi programul, opri\u021bi programul \u0219i apoi ap\u0103sa\u021bi SET p\u00e2n\u0103 c\u00e2nd este afi\u0219at cel pe care l-a\u021bi ales. Acest lucru reseteaz\u0103 ciclul de uscare setat anterior \u0219i \u00eencepe unul nou.<\/li>\n<\/ol>\n<div class=\"\">\n<div class=\"\">\n<div class=\"grid grid-cols-1 md:grid-cols-3\">\n<div class=\"text-center\"><\/div>\n<\/div>\n<\/div>\n<div class=\"grid grid-cols-1 md:grid-cols-5 dyn-text-lg tauro-program-content\">\n<div class=\"w-auto bg-stone-500 tauro-rounded-content-icon-vento bg-gradient-to-r from-yellow-500 to-orange-500 col-span-2 tauro-program-content2\">\n<div><img loading=\"lazy\" decoding=\"async\" class=\"w-100 alignnone wp-image-165733 size-full\" src=\"https:\/\/tauroessiccatori.com\/wp-content\/uploads\/2025\/10\/biosec_manuale_2022-9.png\" alt=\"\" width=\"1673\" height=\"1095\" \/><\/div>\n<\/div>\n<\/div>\n<\/div>\n<h2>MODUL DE \u00ceNTRE\u021aINERE<\/h2>\n<p>BIOSEC include o faz\u0103 de men\u021binere care permite, la sf\u00e2r\u0219itul ciclului de uscare, depozitarea produselor la nivelul optim de uscare cu un consum minim de energie.<br \/>\nOdat\u0103 ce procesul de uscare este complet, atunci,<br \/>\nnu va trebui s\u0103 v\u0103 gr\u0103bi\u021bi s\u0103 colecta\u021bi produsul \u00eenainte ca acesta s\u0103 se rehidrateze, deoarece BIOSEC \u00eel va stoca pentru dvs. p\u00e2n\u0103 c\u00e2nd ve\u021bi avea timp s\u0103 \u00eel scoate\u021bi.<br \/>\n<b>\u00centre\u021binerea \u00eencepe \u00eentotdeauna automat la sf\u00e2r\u0219itul cronometrului programului cu o durat\u0103 prestabilit\u0103 sau a cronometrului introdus manual.<\/b>\u00a0Cu BIOSEC este \u00eentotdeauna posibil\u0103 activarea modului MAINTENANCE chiar \u0219i pentru programele care nu \u00eel includ sau chiar \u00een timpul unui ciclu de uscare care nu s-a \u00eencheiat \u00eenc\u0103. Pur \u0219i simplu \u021bine\u021bi ap\u0103sat butonul SET timp de 5 secunde \u00een timpul func\u021bion\u0103rii BIOSEC: ecranul va afi\u0219a cifrele 00 care clipesc timp de aproximativ 2 secunde. Elibera\u021bi butonul pentru a intra \u00een programul MAINTENANCE, care va r\u0103m\u00e2ne activ p\u00e2n\u0103 c\u00e2nd BIOSEC este oprit manual, pentru a fi operat atunci c\u00e2nd sunte\u021bi gata s\u0103 recolta\u021bi \u0219i s\u0103 depozita\u021bi produsele. \u00cen timpul programului MAINTENANCE, pe afi\u0219aj va ap\u0103rea un simbol ca \u00een fig. 1. Ma\u0219ina\u00a0<b>va alterna momente de func\u021bionare cu momente de pauz\u0103<\/b>. \u00cen timpul func\u021bion\u0103rii, temperatura este de aproximativ 42 \u00b0C.<\/p>\n<p>&nbsp;<\/p>\n<h2>TIMER: setarea manual\u0103 a timpului de uscare<\/h2>\n<p>BIOSEC v\u0103 permite s\u0103 selecta\u021bi \u00een mod autonom num\u0103rul dorit de ore pentru procesul de uscare ales.<\/p>\n<p>\u00cen orice moment va fi posibil s\u0103 se determine un num\u0103r de ore cuprins \u00eentre 0 \u0219i 72, \u00eenlocuind automat orice durat\u0103 presetat\u0103 a programului \u00een uz. Aceast\u0103 func\u021bie poate fi activat\u0103 pe toate programele.<\/p>\n<ol>\n<li>\u00eencepe\u021bi procesul de uscare, apoi ap\u0103sa\u021bi \u0219i men\u021bine\u021bi ap\u0103sat butonul SET timp de aproximativ 5 secunde;<\/li>\n<li>pe afi\u0219aj va ap\u0103rea cifra 00 intermitent\u0103 timp de aproximativ 2 secunde;<\/li>\n<li>ap\u0103sa\u021bi din nou butonul SET (\u00eenainte ca 00 s\u0103 nu mai clipeasc\u0103) de c\u00e2te ori este necesar pentru a ajunge la num\u0103rul dorit de ore.<\/li>\n<\/ol>\n<p><b>Ore afi\u0219ate pe ecran:<\/b><\/p>\n<p>00 - 01 - 02 - 03 - 04 - 05 - 06 - 08 - 10 - 12 - 14 - 16 - 18 - 20 - 24 - 28 - 32 - 36 - 40 - 44 - 48 - 72 - 00 (seria de ore \u00eencepe din nou).<\/p>\n<p>Programul setat anterior va continua s\u0103 ruleze, f\u0103r\u0103 a mai fi nevoie s\u0103 ap\u0103sa\u021bi alte butoane.<br \/>\nLa sf\u00e2r\u0219itul timpului setat, BIOSEC va activa automat func\u021bia de a\u0219teptare\u00a0<b>chiar \u0219i pentru programele care nu o prevedeau ini\u021bial<\/b>. Dac\u0103 cifra aleas\u0103 este 00, BIOSEC va intra direct \u00een func\u021bia de re\u021binere.<br \/>\n<b>Alegerea unui program nou anuleaz\u0103 set\u0103rile introduse manual cu func\u021bia de temporizare.<\/b><br \/>\n<b>Pentru a modifica sau reseta cronometrul, repeta\u021bi procedura de la \u00eenceput.<\/b><\/p>\n<p>&nbsp;<\/p>\n<h2><b>IMPORTANT<\/b><\/h2>\n<p>Pentru a permite BIOSEC-ului dvs. s\u0103 determine temperatura de func\u021bionare corect\u0103 \u00een func\u021bie de \u00eenc\u0103rc\u0103tura produsului efectuat\u0103 \u0219i de programul selectat,\u00a0<b>activa\u021bi motorul numai dup\u0103 ce l-a\u021bi plasat \u00een carcasa sa din interiorul tunelului \u0219i \u00eenc\u0103rca\u021bi \u00eentotdeauna toate co\u0219urile, chiar dac\u0103 sunt par\u021bial sau complet goale<\/b>.<\/p>\n<p>De\u0219i este posibil s\u0103 se extrag\u0103\u00a0<b>motor<\/b>\u00a0din carcasa sa \u00een timpul func\u021bion\u0103rii, nu \u00eel a\u0219eza\u021bi NICIODAT\u0102 pe o suprafa\u021b\u0103 orizontal\u0103 cu ventilatorul scos, ci p\u0103stra\u021bi-l\u00a0<b>\u00eentotdeauna \u00een pozi\u021bie vertical\u0103<\/b>,eventual dup\u0103 ce l-a\u021bi pus \u00een pauz\u0103.<\/p>\n<p>&nbsp;<\/p>\n<h2><b>ATEN\u021aIE<\/b><\/h2>\n<p>Dac\u0103 este oprit (cu butonul ON\/OFF) la o temperatur\u0103 de func\u021bionare de peste 45\u00b0C, usc\u0103torul va \u00eentrerupe ciclul de procesare, dar ventilatorul va r\u0103m\u00e2ne \u00een ac\u021biune la vitez\u0103 maxim\u0103 p\u00e2n\u0103 c\u00e2nd temperatura motorului este sc\u0103zut\u0103 \u0219i se evit\u0103 deteriorarea. Ecranul BIOSEC va afi\u0219a simbolul din fig. 2 \u00een rota\u021bie.<\/p>\n<p>&nbsp;<\/p>\n<h2><b>DEFEC\u021aIUNE DE ALIMENTARE<\/b><\/h2>\n<p>\u00cen cazul unei pene de curent, usc\u0103torul va reporni urm\u00e2nd ciclul setat anterior, dar afi\u0219ajul va indica anomalia cu dou\u0103 puncte intermitente. Verifica\u021bi \u00eentotdeauna starea produselor din interior: dac\u0103 pana de curent a fost prelungit\u0103, este posibil ca acestea s\u0103 se fi deteriorat.<\/p>\n<p><b>NU SCOATE\u021aI NICIODAT\u0102 \u0218TECHERUL DAC\u0102 BIOSECUL FUNC\u021aIONEAZ\u0102. SCOATE\u021aI \u0218TECHERUL DIN PRIZ\u0102 NUMAI ATUNCI C\u00c2ND VENTILATORUL ESTE OPRIT.<\/b><\/p>\n<p>&nbsp;<\/p>\n<h2><b>CUM S\u0102 DEZACTIVA\u021aI BIOSEC<\/b><\/h2>\n<p>Odat\u0103 ce usc\u0103torul este oprit cu butonul ON\/OFF, afi\u0219ajul va \u00eencepe s\u0103 clipeasc\u0103, indic\u00e2nd numele ultimului program utilizat.<br \/>\nAcesta este modul s\u0103u de a v\u0103 spune c\u0103 este \u00een modul stand-by, ca un aparat electrocasnic obi\u0219nuit. Afi\u0219ajul r\u0103m\u00e2ne apoi aprins. Dac\u0103 dori\u021bi s\u0103 \u00eel opri\u021bi complet, o ve\u021bi face deconect\u00e2ndu-l sau pute\u021bi utiliza o priz\u0103 electric\u0103 cu un comutator pentru a facilita acest lucru.<br \/>\nSe poate \u00eent\u00e2mpla ca, dup\u0103 ap\u0103sarea butonului ON\/OFF \u0219i \u00eenainte ca programul s\u0103 clipeasc\u0103, ventilatorul s\u0103 accelereze pentru c\u00e2teva secunde: acesta r\u0103ce\u0219te sistemul motorului pentru a preveni ca excesul de c\u0103ldur\u0103 s\u0103 afecteze componentele interne pe termen lung. A\u0219tepta\u021bi ca ventilatorul s\u0103 finalizeze acest proces: nu dureaz\u0103 niciodat\u0103 mai mult de un minut. \u00cen acest moment, afi\u0219ajul va \u00eencepe s\u0103 clipeasc\u0103: acesta este semnalul care ne autorizeaz\u0103 s\u0103 deconect\u0103m fi\u0219a.<\/p>","protected":false},"excerpt":{"rendered":"<p>INSERIMENTO DELLA SPINA:\u00a0all\u2019inserimento della spina, BIOSEC si accender\u00e0 automaticamente, disponendosi in modalit\u00e0\u00a0stand by. Se l\u2019essiccatore \u00e8 stato spento in modo [&hellip;]<\/p>\n","protected":false},"author":1,"featured_media":0,"parent":165699,"menu_order":18,"comment_status":"closed","ping_status":"closed","template":"page-manuale-biosec.php","meta":{"_acf_changed":false,"footnotes":""},"class_list":["post-165711","page","type-page","status-publish","hentry"],"acf":[],"yoast_head":"<!-- This site is optimized with the Yoast SEO plugin v27.5 - https:\/\/yoast.com\/product\/yoast-seo-wordpress\/ -->\n<title>Funzionamento &#187; Tauro Essiccatori<\/title>\n<meta name=\"robots\" content=\"index, follow, max-snippet:-1, max-image-preview:large, max-video-preview:-1\" \/>\n<link rel=\"canonical\" href=\"https:\/\/www.tauroessiccatori.com\/ro\/manual-biosec\/functionare\/\" \/>\n<meta property=\"og:locale\" content=\"ro_RO\" \/>\n<meta property=\"og:type\" content=\"article\" \/>\n<meta property=\"og:title\" content=\"Funzionamento &#187; Tauro Essiccatori\" \/>\n<meta property=\"og:description\" content=\"INSERIMENTO DELLA SPINA:\u00a0all\u2019inserimento della spina, BIOSEC si accender\u00e0 automaticamente, disponendosi in modalit\u00e0\u00a0stand by. Se l\u2019essiccatore \u00e8 stato spento in modo [&hellip;]\" \/>\n<meta property=\"og:url\" content=\"https:\/\/www.tauroessiccatori.com\/ro\/manual-biosec\/functionare\/\" \/>\n<meta property=\"og:site_name\" content=\"Tauro Essiccatori\" \/>\n<meta property=\"article:publisher\" content=\"https:\/\/www.facebook.com\/tauroessiccatori\" \/>\n<meta property=\"article:modified_time\" content=\"2025-10-08T08:08:19+00:00\" \/>\n<meta property=\"og:image\" content=\"https:\/\/tauroessiccatori.com\/wp-content\/uploads\/2025\/10\/biosec_manuale_2022-9.png\" \/>\n<meta name=\"twitter:card\" content=\"summary_large_image\" \/>\n<script type=\"application\/ld+json\" class=\"yoast-schema-graph\">{\"@context\":\"https:\\\/\\\/schema.org\",\"@graph\":[{\"@type\":\"WebPage\",\"@id\":\"https:\\\/\\\/www.tauroessiccatori.com\\\/ro\\\/manuale-biosec\\\/funzionamento\\\/\",\"url\":\"https:\\\/\\\/www.tauroessiccatori.com\\\/ro\\\/manuale-biosec\\\/funzionamento\\\/\",\"name\":\"Funzionamento &#187; Tauro Essiccatori\",\"isPartOf\":{\"@id\":\"https:\\\/\\\/www.tauroessiccatori.com\\\/ro\\\/#website\"},\"primaryImageOfPage\":{\"@id\":\"https:\\\/\\\/www.tauroessiccatori.com\\\/ro\\\/manuale-biosec\\\/funzionamento\\\/#primaryimage\"},\"image\":{\"@id\":\"https:\\\/\\\/www.tauroessiccatori.com\\\/ro\\\/manuale-biosec\\\/funzionamento\\\/#primaryimage\"},\"thumbnailUrl\":\"https:\\\/\\\/tauroessiccatori.com\\\/wp-content\\\/uploads\\\/2025\\\/10\\\/biosec_manuale_2022-9.png\",\"datePublished\":\"2025-10-08T06:46:21+00:00\",\"dateModified\":\"2025-10-08T08:08:19+00:00\",\"breadcrumb\":{\"@id\":\"https:\\\/\\\/www.tauroessiccatori.com\\\/ro\\\/manuale-biosec\\\/funzionamento\\\/#breadcrumb\"},\"inLanguage\":\"ro-RO\",\"potentialAction\":[{\"@type\":\"ReadAction\",\"target\":[\"https:\\\/\\\/www.tauroessiccatori.com\\\/ro\\\/manuale-biosec\\\/funzionamento\\\/\"]}]},{\"@type\":\"ImageObject\",\"inLanguage\":\"ro-RO\",\"@id\":\"https:\\\/\\\/www.tauroessiccatori.com\\\/ro\\\/manuale-biosec\\\/funzionamento\\\/#primaryimage\",\"url\":\"https:\\\/\\\/tauroessiccatori.com\\\/wp-content\\\/uploads\\\/2025\\\/10\\\/biosec_manuale_2022-9.png\",\"contentUrl\":\"https:\\\/\\\/tauroessiccatori.com\\\/wp-content\\\/uploads\\\/2025\\\/10\\\/biosec_manuale_2022-9.png\"},{\"@type\":\"BreadcrumbList\",\"@id\":\"https:\\\/\\\/www.tauroessiccatori.com\\\/ro\\\/manuale-biosec\\\/funzionamento\\\/#breadcrumb\",\"itemListElement\":[{\"@type\":\"ListItem\",\"position\":1,\"name\":\"Home\",\"item\":\"https:\\\/\\\/www.tauroessiccatori.com\\\/\"},{\"@type\":\"ListItem\",\"position\":2,\"name\":\"Manuale Biosec\",\"item\":\"https:\\\/\\\/www.tauroessiccatori.com\\\/manuale-biosec\\\/\"},{\"@type\":\"ListItem\",\"position\":3,\"name\":\"Funzionamento\"}]},{\"@type\":\"WebSite\",\"@id\":\"https:\\\/\\\/www.tauroessiccatori.com\\\/ro\\\/#website\",\"url\":\"https:\\\/\\\/www.tauroessiccatori.com\\\/ro\\\/\",\"name\":\"Tauro Essiccatori\",\"description\":\"Da pi\u00f9 di trent\u2019anni, i migliori sistemi di essiccazione.\",\"publisher\":{\"@id\":\"https:\\\/\\\/www.tauroessiccatori.com\\\/ro\\\/#organization\"},\"alternateName\":\"Tauro\",\"potentialAction\":[{\"@type\":\"SearchAction\",\"target\":{\"@type\":\"EntryPoint\",\"urlTemplate\":\"https:\\\/\\\/www.tauroessiccatori.com\\\/ro\\\/?s={search_term_string}\"},\"query-input\":{\"@type\":\"PropertyValueSpecification\",\"valueRequired\":true,\"valueName\":\"search_term_string\"}}],\"inLanguage\":\"ro-RO\"},{\"@type\":\"Organization\",\"@id\":\"https:\\\/\\\/www.tauroessiccatori.com\\\/ro\\\/#organization\",\"name\":\"Tauro Essiccatori\",\"alternateName\":\"Tauro Essiccatori srl unipersonale\",\"url\":\"https:\\\/\\\/www.tauroessiccatori.com\\\/ro\\\/\",\"logo\":{\"@type\":\"ImageObject\",\"inLanguage\":\"ro-RO\",\"@id\":\"https:\\\/\\\/www.tauroessiccatori.com\\\/ro\\\/#\\\/schema\\\/logo\\\/image\\\/\",\"url\":\"https:\\\/\\\/www.tauroessiccatori.com\\\/wp-content\\\/uploads\\\/2026\\\/01\\\/tauro.avif\",\"contentUrl\":\"https:\\\/\\\/www.tauroessiccatori.com\\\/wp-content\\\/uploads\\\/2026\\\/01\\\/tauro.avif\",\"width\":360,\"height\":360,\"caption\":\"Tauro Essiccatori\"},\"image\":{\"@id\":\"https:\\\/\\\/www.tauroessiccatori.com\\\/ro\\\/#\\\/schema\\\/logo\\\/image\\\/\"},\"sameAs\":[\"https:\\\/\\\/www.facebook.com\\\/tauroessiccatori\"]}]}<\/script>\n<!-- \/ Yoast SEO plugin. -->","yoast_head_json":{"title":"Func\u021bionare \u00bb Usc\u0103toare Tauro","robots":{"index":"index","follow":"follow","max-snippet":"max-snippet:-1","max-image-preview":"max-image-preview:large","max-video-preview":"max-video-preview:-1"},"canonical":"https:\/\/www.tauroessiccatori.com\/ro\/manual-biosec\/functionare\/","og_locale":"ro_RO","og_type":"article","og_title":"Funzionamento &#187; Tauro Essiccatori","og_description":"INSERIMENTO DELLA SPINA:\u00a0all\u2019inserimento della spina, BIOSEC si accender\u00e0 automaticamente, disponendosi in modalit\u00e0\u00a0stand by. Se l\u2019essiccatore \u00e8 stato spento in modo [&hellip;]","og_url":"https:\/\/www.tauroessiccatori.com\/ro\/manual-biosec\/functionare\/","og_site_name":"Tauro Essiccatori","article_publisher":"https:\/\/www.facebook.com\/tauroessiccatori","article_modified_time":"2025-10-08T08:08:19+00:00","og_image":[{"url":"https:\/\/tauroessiccatori.com\/wp-content\/uploads\/2025\/10\/biosec_manuale_2022-9.png","type":"","width":"","height":""}],"twitter_card":"summary_large_image","schema":{"@context":"https:\/\/schema.org","@graph":[{"@type":"WebPage","@id":"https:\/\/www.tauroessiccatori.com\/ro\/manuale-biosec\/funzionamento\/","url":"https:\/\/www.tauroessiccatori.com\/ro\/manuale-biosec\/funzionamento\/","name":"Func\u021bionare \u00bb Usc\u0103toare Tauro","isPartOf":{"@id":"https:\/\/www.tauroessiccatori.com\/ro\/#website"},"primaryImageOfPage":{"@id":"https:\/\/www.tauroessiccatori.com\/ro\/manuale-biosec\/funzionamento\/#primaryimage"},"image":{"@id":"https:\/\/www.tauroessiccatori.com\/ro\/manuale-biosec\/funzionamento\/#primaryimage"},"thumbnailUrl":"https:\/\/tauroessiccatori.com\/wp-content\/uploads\/2025\/10\/biosec_manuale_2022-9.png","datePublished":"2025-10-08T06:46:21+00:00","dateModified":"2025-10-08T08:08:19+00:00","breadcrumb":{"@id":"https:\/\/www.tauroessiccatori.com\/ro\/manuale-biosec\/funzionamento\/#breadcrumb"},"inLanguage":"ro-RO","potentialAction":[{"@type":"ReadAction","target":["https:\/\/www.tauroessiccatori.com\/ro\/manuale-biosec\/funzionamento\/"]}]},{"@type":"ImageObject","inLanguage":"ro-RO","@id":"https:\/\/www.tauroessiccatori.com\/ro\/manuale-biosec\/funzionamento\/#primaryimage","url":"https:\/\/tauroessiccatori.com\/wp-content\/uploads\/2025\/10\/biosec_manuale_2022-9.png","contentUrl":"https:\/\/tauroessiccatori.com\/wp-content\/uploads\/2025\/10\/biosec_manuale_2022-9.png"},{"@type":"BreadcrumbList","@id":"https:\/\/www.tauroessiccatori.com\/ro\/manuale-biosec\/funzionamento\/#breadcrumb","itemListElement":[{"@type":"ListItem","position":1,"name":"Home","item":"https:\/\/www.tauroessiccatori.com\/"},{"@type":"ListItem","position":2,"name":"Manuale Biosec","item":"https:\/\/www.tauroessiccatori.com\/manuale-biosec\/"},{"@type":"ListItem","position":3,"name":"Funzionamento"}]},{"@type":"WebSite","@id":"https:\/\/www.tauroessiccatori.com\/ro\/#website","url":"https:\/\/www.tauroessiccatori.com\/ro\/","name":"Usc\u0103toare Tauro","description":"De mai bine de 30 de ani, cele mai bune sisteme de uscare.","publisher":{"@id":"https:\/\/www.tauroessiccatori.com\/ro\/#organization"},"alternateName":"Tauro","potentialAction":[{"@type":"SearchAction","target":{"@type":"EntryPoint","urlTemplate":"https:\/\/www.tauroessiccatori.com\/ro\/?s={search_term_string}"},"query-input":{"@type":"PropertyValueSpecification","valueRequired":true,"valueName":"search_term_string"}}],"inLanguage":"ro-RO"},{"@type":"Organization","@id":"https:\/\/www.tauroessiccatori.com\/ro\/#organization","name":"Usc\u0103toare Tauro","alternateName":"Tauro Essiccatori srl unipersonale","url":"https:\/\/www.tauroessiccatori.com\/ro\/","logo":{"@type":"ImageObject","inLanguage":"ro-RO","@id":"https:\/\/www.tauroessiccatori.com\/ro\/#\/schema\/logo\/image\/","url":"https:\/\/www.tauroessiccatori.com\/wp-content\/uploads\/2026\/01\/tauro.avif","contentUrl":"https:\/\/www.tauroessiccatori.com\/wp-content\/uploads\/2026\/01\/tauro.avif","width":360,"height":360,"caption":"Tauro Essiccatori"},"image":{"@id":"https:\/\/www.tauroessiccatori.com\/ro\/#\/schema\/logo\/image\/"},"sameAs":["https:\/\/www.facebook.com\/tauroessiccatori"]}]}},"_links":{"self":[{"href":"https:\/\/www.tauroessiccatori.com\/ro\/wp-json\/wp\/v2\/pages\/165711","targetHints":{"allow":["GET"]}}],"collection":[{"href":"https:\/\/www.tauroessiccatori.com\/ro\/wp-json\/wp\/v2\/pages"}],"about":[{"href":"https:\/\/www.tauroessiccatori.com\/ro\/wp-json\/wp\/v2\/types\/page"}],"author":[{"embeddable":true,"href":"https:\/\/www.tauroessiccatori.com\/ro\/wp-json\/wp\/v2\/users\/1"}],"replies":[{"embeddable":true,"href":"https:\/\/www.tauroessiccatori.com\/ro\/wp-json\/wp\/v2\/comments?post=165711"}],"version-history":[{"count":0,"href":"https:\/\/www.tauroessiccatori.com\/ro\/wp-json\/wp\/v2\/pages\/165711\/revisions"}],"up":[{"embeddable":true,"href":"https:\/\/www.tauroessiccatori.com\/ro\/wp-json\/wp\/v2\/pages\/165699"}],"wp:attachment":[{"href":"https:\/\/www.tauroessiccatori.com\/ro\/wp-json\/wp\/v2\/media?parent=165711"}],"curies":[{"name":"wp","href":"https:\/\/api.w.org\/{rel}","templated":true}]}}