{"id":165708,"date":"2025-10-07T19:11:41","date_gmt":"2025-10-07T17:11:41","guid":{"rendered":"https:\/\/tauroessiccatori.com\/?page_id=165708"},"modified":"2025-10-08T10:00:13","modified_gmt":"2025-10-08T08:00:13","slug":"prima-utilizare","status":"publish","type":"page","link":"https:\/\/www.tauroessiccatori.com\/ro\/manuale-biosec\/primo-utilizzo\/","title":{"rendered":"Prima utilizare"},"content":{"rendered":"<h2>\u00ceNCEPUT<\/h2>\n<ul>\n<li>Efectua\u021bi o sp\u0103lare complet\u0103 a tunelurilor \u0219i co\u0219urilor \u00eenainte de prima utilizare a BIOSEC.<\/li>\n<li>\u00cen niciun caz nu trebuie \u00eendep\u0103rtat\u0103 protec\u021bia p\u0103r\u021bilor electrice din unitatea motorului.<\/li>\n<li>Nu utiliza\u021bi ap\u0103 direct pe aparat sau \u00een imediata sa apropiere.<\/li>\n<li>Nu scufunda\u021bi unitatea de \u00eenc\u0103lzire cu ventilator \u00een ap\u0103.<\/li>\n<li>Deconecta\u021bi cablul de alimentare de la priz\u0103 pentru orice opera\u021biune.<\/li>\n<\/ul>\n<p>&nbsp;<\/p>\n<h2>CUR\u0102\u021aARE \u0218I \u00ceNTRE\u021aINERE<\/h2>\n<ul>\n<li>BIOSEC nu necesit\u0103 o \u00eengrijire special\u0103: pentru cur\u0103\u021bare, totu\u0219i, se recomand\u0103 s\u0103 nu se utilizeze c\u00e2rpe abrazive sau unelte care ar putea afecta aspectul s\u0103u, nici solven\u021bi pe p\u0103r\u021bile din plastic.<\/li>\n<li>V\u0103 recomand\u0103m s\u0103 utiliza\u021bi o c\u00e2rp\u0103 u\u0219or umed\u0103 cu ap\u0103 \u0219i\/sau detergent neutru.<br \/>\nCo\u0219urile pot fi sp\u0103late chiar \u0219i cu ap\u0103 foarte fierbinte \u0219i detergent, fie manual, fie \u00een ma\u0219ina de sp\u0103lat vase.<\/li>\n<li>Cele din plastic trebuie sp\u0103late pe raftul superior al ma\u0219inii de sp\u0103lat vase pentru a preveni deformarea lor din cauza c\u0103ldurii.<\/li>\n<li>Evita\u021bi uscarea cu aer cald a co\u0219urilor de plastic.<\/li>\n<li>U\u0219ile \u0219i tunelurile de \u00eenchidere, pe de alt\u0103 parte, trebuie sp\u0103late manual.<\/li>\n<li>Verifica\u021bi periodic dac\u0103 grila de admisie \u0219i grila de evacuare sunt lipsite de obstacole, scame sau scame, care pot afecta circula\u021bia normal\u0103 a aerului.<\/li>\n<\/ul>","protected":false},"excerpt":{"rendered":"<p>PER INIZIARE Effettuare un lavaggio approfondito di tunnel e cestelli prima del primo utilizzo di BIOSEC. Non rimuovere in nessun [&hellip;]<\/p>\n","protected":false},"author":1,"featured_media":0,"parent":165699,"menu_order":17,"comment_status":"closed","ping_status":"closed","template":"page-manuale-biosec.php","meta":{"_acf_changed":false,"footnotes":""},"class_list":["post-165708","page","type-page","status-publish","hentry"],"acf":[],"yoast_head":"<!-- This site is optimized with the Yoast SEO plugin v27.5 - https:\/\/yoast.com\/product\/yoast-seo-wordpress\/ -->\n<title>Primo utilizzo &#187; Tauro Essiccatori<\/title>\n<meta name=\"robots\" content=\"index, follow, max-snippet:-1, max-image-preview:large, max-video-preview:-1\" \/>\n<link rel=\"canonical\" href=\"https:\/\/www.tauroessiccatori.com\/ro\/manual-biosec\/prima-utilizare\/\" \/>\n<meta property=\"og:locale\" content=\"ro_RO\" \/>\n<meta property=\"og:type\" content=\"article\" \/>\n<meta property=\"og:title\" content=\"Primo utilizzo &#187; Tauro Essiccatori\" \/>\n<meta property=\"og:description\" content=\"PER INIZIARE Effettuare un lavaggio approfondito di tunnel e cestelli prima del primo utilizzo di BIOSEC. Non rimuovere in nessun [&hellip;]\" \/>\n<meta property=\"og:url\" content=\"https:\/\/www.tauroessiccatori.com\/ro\/manual-biosec\/prima-utilizare\/\" \/>\n<meta property=\"og:site_name\" content=\"Tauro Essiccatori\" \/>\n<meta property=\"article:publisher\" content=\"https:\/\/www.facebook.com\/tauroessiccatori\" \/>\n<meta property=\"article:modified_time\" content=\"2025-10-08T08:00:13+00:00\" \/>\n<meta name=\"twitter:card\" content=\"summary_large_image\" \/>\n<script type=\"application\/ld+json\" class=\"yoast-schema-graph\">{\"@context\":\"https:\\\/\\\/schema.org\",\"@graph\":[{\"@type\":\"WebPage\",\"@id\":\"https:\\\/\\\/www.tauroessiccatori.com\\\/ro\\\/manuale-biosec\\\/primo-utilizzo\\\/\",\"url\":\"https:\\\/\\\/www.tauroessiccatori.com\\\/ro\\\/manuale-biosec\\\/primo-utilizzo\\\/\",\"name\":\"Primo utilizzo &#187; Tauro Essiccatori\",\"isPartOf\":{\"@id\":\"https:\\\/\\\/www.tauroessiccatori.com\\\/ro\\\/#website\"},\"datePublished\":\"2025-10-07T17:11:41+00:00\",\"dateModified\":\"2025-10-08T08:00:13+00:00\",\"breadcrumb\":{\"@id\":\"https:\\\/\\\/www.tauroessiccatori.com\\\/ro\\\/manuale-biosec\\\/primo-utilizzo\\\/#breadcrumb\"},\"inLanguage\":\"ro-RO\",\"potentialAction\":[{\"@type\":\"ReadAction\",\"target\":[\"https:\\\/\\\/www.tauroessiccatori.com\\\/ro\\\/manuale-biosec\\\/primo-utilizzo\\\/\"]}]},{\"@type\":\"BreadcrumbList\",\"@id\":\"https:\\\/\\\/www.tauroessiccatori.com\\\/ro\\\/manuale-biosec\\\/primo-utilizzo\\\/#breadcrumb\",\"itemListElement\":[{\"@type\":\"ListItem\",\"position\":1,\"name\":\"Home\",\"item\":\"https:\\\/\\\/www.tauroessiccatori.com\\\/\"},{\"@type\":\"ListItem\",\"position\":2,\"name\":\"Manuale Biosec\",\"item\":\"https:\\\/\\\/www.tauroessiccatori.com\\\/manuale-biosec\\\/\"},{\"@type\":\"ListItem\",\"position\":3,\"name\":\"Primo utilizzo\"}]},{\"@type\":\"WebSite\",\"@id\":\"https:\\\/\\\/www.tauroessiccatori.com\\\/ro\\\/#website\",\"url\":\"https:\\\/\\\/www.tauroessiccatori.com\\\/ro\\\/\",\"name\":\"Tauro Essiccatori\",\"description\":\"Da pi\u00f9 di trent\u2019anni, i migliori sistemi di essiccazione.\",\"publisher\":{\"@id\":\"https:\\\/\\\/www.tauroessiccatori.com\\\/ro\\\/#organization\"},\"alternateName\":\"Tauro\",\"potentialAction\":[{\"@type\":\"SearchAction\",\"target\":{\"@type\":\"EntryPoint\",\"urlTemplate\":\"https:\\\/\\\/www.tauroessiccatori.com\\\/ro\\\/?s={search_term_string}\"},\"query-input\":{\"@type\":\"PropertyValueSpecification\",\"valueRequired\":true,\"valueName\":\"search_term_string\"}}],\"inLanguage\":\"ro-RO\"},{\"@type\":\"Organization\",\"@id\":\"https:\\\/\\\/www.tauroessiccatori.com\\\/ro\\\/#organization\",\"name\":\"Tauro Essiccatori\",\"alternateName\":\"Tauro Essiccatori srl unipersonale\",\"url\":\"https:\\\/\\\/www.tauroessiccatori.com\\\/ro\\\/\",\"logo\":{\"@type\":\"ImageObject\",\"inLanguage\":\"ro-RO\",\"@id\":\"https:\\\/\\\/www.tauroessiccatori.com\\\/ro\\\/#\\\/schema\\\/logo\\\/image\\\/\",\"url\":\"https:\\\/\\\/www.tauroessiccatori.com\\\/wp-content\\\/uploads\\\/2026\\\/01\\\/tauro.avif\",\"contentUrl\":\"https:\\\/\\\/www.tauroessiccatori.com\\\/wp-content\\\/uploads\\\/2026\\\/01\\\/tauro.avif\",\"width\":360,\"height\":360,\"caption\":\"Tauro Essiccatori\"},\"image\":{\"@id\":\"https:\\\/\\\/www.tauroessiccatori.com\\\/ro\\\/#\\\/schema\\\/logo\\\/image\\\/\"},\"sameAs\":[\"https:\\\/\\\/www.facebook.com\\\/tauroessiccatori\"]}]}<\/script>\n<!-- \/ Yoast SEO plugin. -->","yoast_head_json":{"title":"Prima utilizare \u00bb Usc\u0103toare Tauro","robots":{"index":"index","follow":"follow","max-snippet":"max-snippet:-1","max-image-preview":"max-image-preview:large","max-video-preview":"max-video-preview:-1"},"canonical":"https:\/\/www.tauroessiccatori.com\/ro\/manual-biosec\/prima-utilizare\/","og_locale":"ro_RO","og_type":"article","og_title":"Primo utilizzo &#187; Tauro Essiccatori","og_description":"PER INIZIARE Effettuare un lavaggio approfondito di tunnel e cestelli prima del primo utilizzo di BIOSEC. Non rimuovere in nessun [&hellip;]","og_url":"https:\/\/www.tauroessiccatori.com\/ro\/manual-biosec\/prima-utilizare\/","og_site_name":"Tauro Essiccatori","article_publisher":"https:\/\/www.facebook.com\/tauroessiccatori","article_modified_time":"2025-10-08T08:00:13+00:00","twitter_card":"summary_large_image","schema":{"@context":"https:\/\/schema.org","@graph":[{"@type":"WebPage","@id":"https:\/\/www.tauroessiccatori.com\/ro\/manuale-biosec\/primo-utilizzo\/","url":"https:\/\/www.tauroessiccatori.com\/ro\/manuale-biosec\/primo-utilizzo\/","name":"Prima utilizare \u00bb Usc\u0103toare Tauro","isPartOf":{"@id":"https:\/\/www.tauroessiccatori.com\/ro\/#website"},"datePublished":"2025-10-07T17:11:41+00:00","dateModified":"2025-10-08T08:00:13+00:00","breadcrumb":{"@id":"https:\/\/www.tauroessiccatori.com\/ro\/manuale-biosec\/primo-utilizzo\/#breadcrumb"},"inLanguage":"ro-RO","potentialAction":[{"@type":"ReadAction","target":["https:\/\/www.tauroessiccatori.com\/ro\/manuale-biosec\/primo-utilizzo\/"]}]},{"@type":"BreadcrumbList","@id":"https:\/\/www.tauroessiccatori.com\/ro\/manuale-biosec\/primo-utilizzo\/#breadcrumb","itemListElement":[{"@type":"ListItem","position":1,"name":"Home","item":"https:\/\/www.tauroessiccatori.com\/"},{"@type":"ListItem","position":2,"name":"Manuale Biosec","item":"https:\/\/www.tauroessiccatori.com\/manuale-biosec\/"},{"@type":"ListItem","position":3,"name":"Primo utilizzo"}]},{"@type":"WebSite","@id":"https:\/\/www.tauroessiccatori.com\/ro\/#website","url":"https:\/\/www.tauroessiccatori.com\/ro\/","name":"Usc\u0103toare Tauro","description":"De mai bine de 30 de ani, cele mai bune sisteme de uscare.","publisher":{"@id":"https:\/\/www.tauroessiccatori.com\/ro\/#organization"},"alternateName":"Tauro","potentialAction":[{"@type":"SearchAction","target":{"@type":"EntryPoint","urlTemplate":"https:\/\/www.tauroessiccatori.com\/ro\/?s={search_term_string}"},"query-input":{"@type":"PropertyValueSpecification","valueRequired":true,"valueName":"search_term_string"}}],"inLanguage":"ro-RO"},{"@type":"Organization","@id":"https:\/\/www.tauroessiccatori.com\/ro\/#organization","name":"Usc\u0103toare Tauro","alternateName":"Tauro Essiccatori srl unipersonale","url":"https:\/\/www.tauroessiccatori.com\/ro\/","logo":{"@type":"ImageObject","inLanguage":"ro-RO","@id":"https:\/\/www.tauroessiccatori.com\/ro\/#\/schema\/logo\/image\/","url":"https:\/\/www.tauroessiccatori.com\/wp-content\/uploads\/2026\/01\/tauro.avif","contentUrl":"https:\/\/www.tauroessiccatori.com\/wp-content\/uploads\/2026\/01\/tauro.avif","width":360,"height":360,"caption":"Tauro Essiccatori"},"image":{"@id":"https:\/\/www.tauroessiccatori.com\/ro\/#\/schema\/logo\/image\/"},"sameAs":["https:\/\/www.facebook.com\/tauroessiccatori"]}]}},"_links":{"self":[{"href":"https:\/\/www.tauroessiccatori.com\/ro\/wp-json\/wp\/v2\/pages\/165708","targetHints":{"allow":["GET"]}}],"collection":[{"href":"https:\/\/www.tauroessiccatori.com\/ro\/wp-json\/wp\/v2\/pages"}],"about":[{"href":"https:\/\/www.tauroessiccatori.com\/ro\/wp-json\/wp\/v2\/types\/page"}],"author":[{"embeddable":true,"href":"https:\/\/www.tauroessiccatori.com\/ro\/wp-json\/wp\/v2\/users\/1"}],"replies":[{"embeddable":true,"href":"https:\/\/www.tauroessiccatori.com\/ro\/wp-json\/wp\/v2\/comments?post=165708"}],"version-history":[{"count":0,"href":"https:\/\/www.tauroessiccatori.com\/ro\/wp-json\/wp\/v2\/pages\/165708\/revisions"}],"up":[{"embeddable":true,"href":"https:\/\/www.tauroessiccatori.com\/ro\/wp-json\/wp\/v2\/pages\/165699"}],"wp:attachment":[{"href":"https:\/\/www.tauroessiccatori.com\/ro\/wp-json\/wp\/v2\/media?parent=165708"}],"curies":[{"name":"wp","href":"https:\/\/api.w.org\/{rel}","templated":true}]}}