{"id":165706,"date":"2025-10-07T18:42:17","date_gmt":"2025-10-07T16:42:17","guid":{"rendered":"https:\/\/tauroessiccatori.com\/?page_id=165706"},"modified":"2025-10-08T09:42:52","modified_gmt":"2025-10-08T07:42:52","slug":"informatii-tehnice","status":"publish","type":"page","link":"https:\/\/www.tauroessiccatori.com\/ro\/manuale-biosec\/informazioni-tecniche\/","title":{"rendered":"Informa\u021bii tehnice"},"content":{"rendered":"<p>BIOSEC este un usc\u0103tor proiectat pentru fiecare nevoie, u\u0219or de utilizat, fabricat \u00een Italia din materiale certificate pentru contactul cu alimentele.<\/p>\n<div>\n<div><img loading=\"lazy\" decoding=\"async\" class=\"w-100 alignnone wp-image-165715 size-full\" src=\"https:\/\/tauroessiccatori.com\/wp-content\/uploads\/2025\/10\/biosec_manuale_2022-6.png\" alt=\"\" width=\"1632\" height=\"1184\" \/><\/div>\n<div class=\"block md:flex md:text-lg\">\n<div class=\"md:flex-auto\"><\/div>\n<\/div>\n<\/div>\n<table class=\"table table-striped-columns table-bordered text-center\">\n<tbody>\n<tr class=\"table-info\">\n<td>MODEL<\/td>\n<td>MATERIAL<\/td>\n<td>M\u0102RIME<br \/>\nEXTERIOR<\/td>\n<td>DIMENSIUNI<br \/>\nCESTELLI<\/td>\n<td>CANTITATE<br \/>\nCESTELLI<\/td>\n<\/tr>\n<tr>\n<td class=\"title_left\">B5<\/td>\n<td>plastic<\/td>\n<td rowspan=\"3\">27x27x45<\/td>\n<td rowspan=\"2\">23,5\u00d735,4\u00d74,4<br \/>\ncm fiecare.<\/td>\n<td class=\"green\" rowspan=\"2\">5<\/td>\n<\/tr>\n<tr class=\"pari\">\n<td class=\"title_left\">B5S<\/td>\n<td>tuneluri din o\u021bel co\u0219uri din plastic<\/td>\n<\/tr>\n<tr>\n<td class=\"title_left\">B6<\/td>\n<td>o\u021bel<\/td>\n<td>23.5x35x1.2<br \/>\ncm fiecare.<\/td>\n<td>6<\/td>\n<\/tr>\n<tr class=\"pari\">\n<td class=\"title_left\">B10<\/td>\n<td>plastic<\/td>\n<td rowspan=\"3\">27x27x82<\/td>\n<td rowspan=\"2\">23,5\u00d735,4\u00d74,4<br \/>\ncm fiecare.<\/td>\n<td rowspan=\"2\">10<\/td>\n<\/tr>\n<tr>\n<td class=\"title_left\">B10S<\/td>\n<td>tuneluri din o\u021bel co\u0219uri din plastic<\/td>\n<\/tr>\n<tr class=\"pari\">\n<td class=\"title_left\">B12<\/td>\n<td>o\u021bel<\/td>\n<td>23.5x35x1.2<br \/>\ncm fiecare.<\/td>\n<td class=\"white\">12<\/td>\n<\/tr>\n<\/tbody>\n<\/table>\n<p>&nbsp;<\/p>\n<h2>USC\u0102TORUL CONST\u0102 DIN:<\/h2>\n<ol type=\"A\">\n<li>a\u00a0<strong>grup<\/strong>\u00a0<strong>ventilator \u00eenc\u0103lzitor<\/strong>,deta\u0219abil, care produce aer cald prin \u00eenc\u0103lzirea aerului ambiant cu ajutorul unui element de \u00eenc\u0103lzire \u0219i \u00eemping\u00e2ndu-l spre co\u0219uri cu ajutorul unui ventilator;<\/li>\n<li>a\u00a0<strong>tunel din plastic sau o\u021bel<\/strong>,sec\u021biune p\u0103trat\u0103, \u00een care sunt plasate co\u0219urile din plastic sau o\u021bel, \u00een func\u021bie de model;<\/li>\n<li>a\u00a0<strong>u\u0219\u0103<\/strong>\u00a0<strong>de<\/strong>\u00a0<strong>\u00eenchidere<\/strong>, Unitatea de termoventilare \u0219i u\u0219a de \u00eenchidere sunt prev\u0103zute cu grilaje pentru a permite trecerea aerului, dar nu \u0219i a insectelor;<\/li>\n<li><strong>co\u0219uri<\/strong>\u00a0<strong>perforat<\/strong>\u00a0pentru a\u0219ezarea materialului care urmeaz\u0103 s\u0103 fie uscat, care urmeaz\u0103 s\u0103 fie plasat \u00een interiorul tunelului cu ajutorul ghidajelor glisante; num\u0103rul \u0219i materialul de construc\u021bie al co\u0219urilor variaz\u0103 \u00een func\u021bie de modelul BIOSEC achizi\u021bionat.<\/li>\n<\/ol>\n<h2>MODULUL COMPLEMENTAR CONST\u0102 DIN:<\/h2>\n<ol>\n<li>un tunel ca \u00een modulul de baz\u0103 mare;<\/li>\n<li>10 sau 12 co\u0219uri (\u00een func\u021bie de modelul achizi\u021bionat).<\/li>\n<\/ol>\n<h2>DIMENSIUNI \u0218I SPECIFICA\u021aII<\/h2>\n<p>Pentru toate modulele, sec\u021biunea exterioar\u0103 este de 27\u00d727 cm; interiorul tunelului are o sec\u021biune de 25\u00d725 cm, \u00een timp ce lungimea este de 45 cm pentru modulul mic (B5-B5S- B6) \u0219i de 82 cm pentru modulul mare (B10-B10S-B12); 82 cm pentru toate modulele complementare.<\/p>\n<p>Co\u0219urile din ambele materiale, plastic \u0219i o\u021bel inoxidabil, pot fi sp\u0103late \u00een mod convenabil \u00een ma\u0219ina de sp\u0103lat vase.<\/p>\n<p>Rezisten\u021ba este de 550 de wa\u021bi, iar aprinderea este reglat\u0103 electronic.<\/p>\n<h2>PLASAREA BIOSECULUI<\/h2>\n<p>Ca orice echipament electric, aeroterma BIOSEC nu trebuie s\u0103 intre \u00een contact direct cu apa sau cu o surs\u0103 de abur. Prin urmare, BIOSEC trebuie s\u0103 fie amplasat la cel pu\u021bin 60 cm de robinete, chiuvete, c\u0103zi \u0219i departe de ploaie sau de orice strop de ap\u0103.<\/p>\n<p>\u00cen timpul func\u021bion\u0103rii, BIOSEC expulzeaz\u0103 umiditate, care nu trebuie l\u0103sat\u0103 s\u0103 stagneze \u00een mediul \u00eenconjur\u0103tor pentru a nu \u00eencetini sau \u00eempiedica uscarea. Prin urmare, este recomandabil s\u0103 plasa\u021bi BIOSEC \u00eentr-o \u00eenc\u0103pere suficient de mare sau care poate fi ventilat\u0103 corespunz\u0103tor.<\/p>\n<p>Evita\u021bi mediile deja umede, cum ar fi b\u0103ile, sp\u0103l\u0103toriile, pivni\u021bele etc. Asigura\u021bi-v\u0103 c\u0103\u00a0<strong>concediu<\/strong>\u00a0<strong>\u00eentotdeauna<\/strong>\u00a0<strong>cel pu\u021bin<\/strong>\u00a0<strong>10<\/strong>\u00a0<strong>centimetri<\/strong>\u00a0<strong>de<\/strong>\u00a0<strong>spa\u021biu<\/strong>\u00a0<strong>la<\/strong>\u00a0<strong>coresponden\u021b\u0103<\/strong>\u00a0<strong>de<\/strong>\u00a0<strong>dou\u0103<\/strong>\u00a0<strong>deschideri<\/strong>\u00a0grilaj, pentru a permite aerului s\u0103 circule liber: sistemul unic\u00a0<strong>sistem de curgere orizontal\u0103<\/strong>\u00a0iar motorul electronic DrySet Pro v\u0103 va garanta un rezultat excelent, optimiz\u00e2nd timpul \u0219i costurile.<\/p>\n<p>&nbsp;<\/p>","protected":false},"excerpt":{"rendered":"<p>BIOSEC \u00e8 un essiccatore pensato per ogni esigenza, semplice da utilizzare, realizzato in Italia con materiali certificati per il contatto [&hellip;]<\/p>\n","protected":false},"author":1,"featured_media":0,"parent":165699,"menu_order":16,"comment_status":"closed","ping_status":"closed","template":"page-manuale-biosec.php","meta":{"_acf_changed":false,"footnotes":""},"class_list":["post-165706","page","type-page","status-publish","hentry"],"acf":[],"yoast_head":"<!-- This site is optimized with the Yoast SEO plugin v27.5 - https:\/\/yoast.com\/product\/yoast-seo-wordpress\/ -->\n<title>Informazioni tecniche &#187; Tauro Essiccatori<\/title>\n<meta name=\"robots\" content=\"index, follow, max-snippet:-1, max-image-preview:large, max-video-preview:-1\" \/>\n<link rel=\"canonical\" href=\"https:\/\/www.tauroessiccatori.com\/ro\/manual-biosec\/informatii-tehnice\/\" \/>\n<meta property=\"og:locale\" content=\"ro_RO\" \/>\n<meta property=\"og:type\" content=\"article\" \/>\n<meta property=\"og:title\" content=\"Informazioni tecniche &#187; Tauro Essiccatori\" \/>\n<meta property=\"og:description\" content=\"BIOSEC \u00e8 un essiccatore pensato per ogni esigenza, semplice da utilizzare, realizzato in Italia con materiali certificati per il contatto [&hellip;]\" \/>\n<meta property=\"og:url\" content=\"https:\/\/www.tauroessiccatori.com\/ro\/manual-biosec\/informatii-tehnice\/\" \/>\n<meta property=\"og:site_name\" content=\"Tauro Essiccatori\" \/>\n<meta property=\"article:publisher\" content=\"https:\/\/www.facebook.com\/tauroessiccatori\" \/>\n<meta property=\"article:modified_time\" content=\"2025-10-08T07:42:52+00:00\" \/>\n<meta property=\"og:image\" content=\"https:\/\/tauroessiccatori.com\/wp-content\/uploads\/2025\/10\/biosec_manuale_2022-6.png\" \/>\n<meta name=\"twitter:card\" content=\"summary_large_image\" \/>\n<script type=\"application\/ld+json\" class=\"yoast-schema-graph\">{\"@context\":\"https:\\\/\\\/schema.org\",\"@graph\":[{\"@type\":\"WebPage\",\"@id\":\"https:\\\/\\\/www.tauroessiccatori.com\\\/ro\\\/manuale-biosec\\\/informazioni-tecniche\\\/\",\"url\":\"https:\\\/\\\/www.tauroessiccatori.com\\\/ro\\\/manuale-biosec\\\/informazioni-tecniche\\\/\",\"name\":\"Informazioni tecniche &#187; Tauro Essiccatori\",\"isPartOf\":{\"@id\":\"https:\\\/\\\/www.tauroessiccatori.com\\\/ro\\\/#website\"},\"primaryImageOfPage\":{\"@id\":\"https:\\\/\\\/www.tauroessiccatori.com\\\/ro\\\/manuale-biosec\\\/informazioni-tecniche\\\/#primaryimage\"},\"image\":{\"@id\":\"https:\\\/\\\/www.tauroessiccatori.com\\\/ro\\\/manuale-biosec\\\/informazioni-tecniche\\\/#primaryimage\"},\"thumbnailUrl\":\"https:\\\/\\\/tauroessiccatori.com\\\/wp-content\\\/uploads\\\/2025\\\/10\\\/biosec_manuale_2022-6.png\",\"datePublished\":\"2025-10-07T16:42:17+00:00\",\"dateModified\":\"2025-10-08T07:42:52+00:00\",\"breadcrumb\":{\"@id\":\"https:\\\/\\\/www.tauroessiccatori.com\\\/ro\\\/manuale-biosec\\\/informazioni-tecniche\\\/#breadcrumb\"},\"inLanguage\":\"ro-RO\",\"potentialAction\":[{\"@type\":\"ReadAction\",\"target\":[\"https:\\\/\\\/www.tauroessiccatori.com\\\/ro\\\/manuale-biosec\\\/informazioni-tecniche\\\/\"]}]},{\"@type\":\"ImageObject\",\"inLanguage\":\"ro-RO\",\"@id\":\"https:\\\/\\\/www.tauroessiccatori.com\\\/ro\\\/manuale-biosec\\\/informazioni-tecniche\\\/#primaryimage\",\"url\":\"https:\\\/\\\/tauroessiccatori.com\\\/wp-content\\\/uploads\\\/2025\\\/10\\\/biosec_manuale_2022-6.png\",\"contentUrl\":\"https:\\\/\\\/tauroessiccatori.com\\\/wp-content\\\/uploads\\\/2025\\\/10\\\/biosec_manuale_2022-6.png\"},{\"@type\":\"BreadcrumbList\",\"@id\":\"https:\\\/\\\/www.tauroessiccatori.com\\\/ro\\\/manuale-biosec\\\/informazioni-tecniche\\\/#breadcrumb\",\"itemListElement\":[{\"@type\":\"ListItem\",\"position\":1,\"name\":\"Home\",\"item\":\"https:\\\/\\\/www.tauroessiccatori.com\\\/\"},{\"@type\":\"ListItem\",\"position\":2,\"name\":\"Manuale Biosec\",\"item\":\"https:\\\/\\\/www.tauroessiccatori.com\\\/manuale-biosec\\\/\"},{\"@type\":\"ListItem\",\"position\":3,\"name\":\"Informazioni tecniche\"}]},{\"@type\":\"WebSite\",\"@id\":\"https:\\\/\\\/www.tauroessiccatori.com\\\/ro\\\/#website\",\"url\":\"https:\\\/\\\/www.tauroessiccatori.com\\\/ro\\\/\",\"name\":\"Tauro Essiccatori\",\"description\":\"Da pi\u00f9 di trent\u2019anni, i migliori sistemi di essiccazione.\",\"publisher\":{\"@id\":\"https:\\\/\\\/www.tauroessiccatori.com\\\/ro\\\/#organization\"},\"alternateName\":\"Tauro\",\"potentialAction\":[{\"@type\":\"SearchAction\",\"target\":{\"@type\":\"EntryPoint\",\"urlTemplate\":\"https:\\\/\\\/www.tauroessiccatori.com\\\/ro\\\/?s={search_term_string}\"},\"query-input\":{\"@type\":\"PropertyValueSpecification\",\"valueRequired\":true,\"valueName\":\"search_term_string\"}}],\"inLanguage\":\"ro-RO\"},{\"@type\":\"Organization\",\"@id\":\"https:\\\/\\\/www.tauroessiccatori.com\\\/ro\\\/#organization\",\"name\":\"Tauro Essiccatori\",\"alternateName\":\"Tauro Essiccatori srl unipersonale\",\"url\":\"https:\\\/\\\/www.tauroessiccatori.com\\\/ro\\\/\",\"logo\":{\"@type\":\"ImageObject\",\"inLanguage\":\"ro-RO\",\"@id\":\"https:\\\/\\\/www.tauroessiccatori.com\\\/ro\\\/#\\\/schema\\\/logo\\\/image\\\/\",\"url\":\"https:\\\/\\\/www.tauroessiccatori.com\\\/wp-content\\\/uploads\\\/2026\\\/01\\\/tauro.avif\",\"contentUrl\":\"https:\\\/\\\/www.tauroessiccatori.com\\\/wp-content\\\/uploads\\\/2026\\\/01\\\/tauro.avif\",\"width\":360,\"height\":360,\"caption\":\"Tauro Essiccatori\"},\"image\":{\"@id\":\"https:\\\/\\\/www.tauroessiccatori.com\\\/ro\\\/#\\\/schema\\\/logo\\\/image\\\/\"},\"sameAs\":[\"https:\\\/\\\/www.facebook.com\\\/tauroessiccatori\"]}]}<\/script>\n<!-- \/ Yoast SEO plugin. -->","yoast_head_json":{"title":"Informa\u021bii tehnice \u00bb Usc\u0103toare Tauro","robots":{"index":"index","follow":"follow","max-snippet":"max-snippet:-1","max-image-preview":"max-image-preview:large","max-video-preview":"max-video-preview:-1"},"canonical":"https:\/\/www.tauroessiccatori.com\/ro\/manual-biosec\/informatii-tehnice\/","og_locale":"ro_RO","og_type":"article","og_title":"Informazioni tecniche &#187; Tauro Essiccatori","og_description":"BIOSEC \u00e8 un essiccatore pensato per ogni esigenza, semplice da utilizzare, realizzato in Italia con materiali certificati per il contatto [&hellip;]","og_url":"https:\/\/www.tauroessiccatori.com\/ro\/manual-biosec\/informatii-tehnice\/","og_site_name":"Tauro Essiccatori","article_publisher":"https:\/\/www.facebook.com\/tauroessiccatori","article_modified_time":"2025-10-08T07:42:52+00:00","og_image":[{"url":"https:\/\/tauroessiccatori.com\/wp-content\/uploads\/2025\/10\/biosec_manuale_2022-6.png","type":"","width":"","height":""}],"twitter_card":"summary_large_image","schema":{"@context":"https:\/\/schema.org","@graph":[{"@type":"WebPage","@id":"https:\/\/www.tauroessiccatori.com\/ro\/manuale-biosec\/informazioni-tecniche\/","url":"https:\/\/www.tauroessiccatori.com\/ro\/manuale-biosec\/informazioni-tecniche\/","name":"Informa\u021bii tehnice \u00bb Usc\u0103toare Tauro","isPartOf":{"@id":"https:\/\/www.tauroessiccatori.com\/ro\/#website"},"primaryImageOfPage":{"@id":"https:\/\/www.tauroessiccatori.com\/ro\/manuale-biosec\/informazioni-tecniche\/#primaryimage"},"image":{"@id":"https:\/\/www.tauroessiccatori.com\/ro\/manuale-biosec\/informazioni-tecniche\/#primaryimage"},"thumbnailUrl":"https:\/\/tauroessiccatori.com\/wp-content\/uploads\/2025\/10\/biosec_manuale_2022-6.png","datePublished":"2025-10-07T16:42:17+00:00","dateModified":"2025-10-08T07:42:52+00:00","breadcrumb":{"@id":"https:\/\/www.tauroessiccatori.com\/ro\/manuale-biosec\/informazioni-tecniche\/#breadcrumb"},"inLanguage":"ro-RO","potentialAction":[{"@type":"ReadAction","target":["https:\/\/www.tauroessiccatori.com\/ro\/manuale-biosec\/informazioni-tecniche\/"]}]},{"@type":"ImageObject","inLanguage":"ro-RO","@id":"https:\/\/www.tauroessiccatori.com\/ro\/manuale-biosec\/informazioni-tecniche\/#primaryimage","url":"https:\/\/tauroessiccatori.com\/wp-content\/uploads\/2025\/10\/biosec_manuale_2022-6.png","contentUrl":"https:\/\/tauroessiccatori.com\/wp-content\/uploads\/2025\/10\/biosec_manuale_2022-6.png"},{"@type":"BreadcrumbList","@id":"https:\/\/www.tauroessiccatori.com\/ro\/manuale-biosec\/informazioni-tecniche\/#breadcrumb","itemListElement":[{"@type":"ListItem","position":1,"name":"Home","item":"https:\/\/www.tauroessiccatori.com\/"},{"@type":"ListItem","position":2,"name":"Manuale Biosec","item":"https:\/\/www.tauroessiccatori.com\/manuale-biosec\/"},{"@type":"ListItem","position":3,"name":"Informazioni tecniche"}]},{"@type":"WebSite","@id":"https:\/\/www.tauroessiccatori.com\/ro\/#website","url":"https:\/\/www.tauroessiccatori.com\/ro\/","name":"Usc\u0103toare Tauro","description":"De mai bine de 30 de ani, cele mai bune sisteme de uscare.","publisher":{"@id":"https:\/\/www.tauroessiccatori.com\/ro\/#organization"},"alternateName":"Tauro","potentialAction":[{"@type":"SearchAction","target":{"@type":"EntryPoint","urlTemplate":"https:\/\/www.tauroessiccatori.com\/ro\/?s={search_term_string}"},"query-input":{"@type":"PropertyValueSpecification","valueRequired":true,"valueName":"search_term_string"}}],"inLanguage":"ro-RO"},{"@type":"Organization","@id":"https:\/\/www.tauroessiccatori.com\/ro\/#organization","name":"Usc\u0103toare Tauro","alternateName":"Tauro Essiccatori srl unipersonale","url":"https:\/\/www.tauroessiccatori.com\/ro\/","logo":{"@type":"ImageObject","inLanguage":"ro-RO","@id":"https:\/\/www.tauroessiccatori.com\/ro\/#\/schema\/logo\/image\/","url":"https:\/\/www.tauroessiccatori.com\/wp-content\/uploads\/2026\/01\/tauro.avif","contentUrl":"https:\/\/www.tauroessiccatori.com\/wp-content\/uploads\/2026\/01\/tauro.avif","width":360,"height":360,"caption":"Tauro Essiccatori"},"image":{"@id":"https:\/\/www.tauroessiccatori.com\/ro\/#\/schema\/logo\/image\/"},"sameAs":["https:\/\/www.facebook.com\/tauroessiccatori"]}]}},"_links":{"self":[{"href":"https:\/\/www.tauroessiccatori.com\/ro\/wp-json\/wp\/v2\/pages\/165706","targetHints":{"allow":["GET"]}}],"collection":[{"href":"https:\/\/www.tauroessiccatori.com\/ro\/wp-json\/wp\/v2\/pages"}],"about":[{"href":"https:\/\/www.tauroessiccatori.com\/ro\/wp-json\/wp\/v2\/types\/page"}],"author":[{"embeddable":true,"href":"https:\/\/www.tauroessiccatori.com\/ro\/wp-json\/wp\/v2\/users\/1"}],"replies":[{"embeddable":true,"href":"https:\/\/www.tauroessiccatori.com\/ro\/wp-json\/wp\/v2\/comments?post=165706"}],"version-history":[{"count":0,"href":"https:\/\/www.tauroessiccatori.com\/ro\/wp-json\/wp\/v2\/pages\/165706\/revisions"}],"up":[{"embeddable":true,"href":"https:\/\/www.tauroessiccatori.com\/ro\/wp-json\/wp\/v2\/pages\/165699"}],"wp:attachment":[{"href":"https:\/\/www.tauroessiccatori.com\/ro\/wp-json\/wp\/v2\/media?parent=165706"}],"curies":[{"name":"wp","href":"https:\/\/api.w.org\/{rel}","templated":true}]}}