{"id":165704,"date":"2025-10-07T18:40:44","date_gmt":"2025-10-07T16:40:44","guid":{"rendered":"https:\/\/tauroessiccatori.com\/?page_id=165704"},"modified":"2025-10-08T09:50:24","modified_gmt":"2025-10-08T07:50:24","slug":"avertismente-generale","status":"publish","type":"page","link":"https:\/\/www.tauroessiccatori.com\/ro\/manuale-biosec\/avvertenze-generali\/","title":{"rendered":"Avertismente generale"},"content":{"rendered":"<ol>\n<li>Citi\u021bi cu aten\u021bie avertismentele din acest manual, care v\u0103 vor oferi informa\u021bii importante privind instalarea, func\u021bionarea \u0219i \u00eentre\u021binerea \u00een siguran\u021b\u0103. P\u0103stra\u021bi cu grij\u0103 acest manual pentru consultare ulterioar\u0103.<\/li>\n<li>Dup\u0103 \u00eendep\u0103rtarea ambalajului, asigura\u021bi-v\u0103 de integritatea aparatului. \u00cen caz de \u00eendoial\u0103, nu utiliza\u021bi aparatul \u0219i contacta\u021bi distribuitorul.Elementele ambalajului nu trebuie l\u0103sate la vederea \u0219i la \u00eendem\u00e2na copiilor, deoarece sunt surse poten\u021biale de pericol.<\/li>\n<li>\u00cenainte de a conecta aparatul, asigura\u021bi-v\u0103 c\u0103 alimentarea de la re\u021bea este conform\u0103 cu datele de pe eticheta motorului.<\/li>\n<li>Nu plasa\u021bi obiecte \u00een interiorul unit\u0103\u021bii de termo-ventila\u021bie.<\/li>\n<li>Acest aparat poate fi utilizat numai \u00een scopul pentru care a fost proiectat \u00een mod expres, \u0219i anume uscarea. Orice alt\u0103 utilizare trebuie s\u0103 fie considerat\u0103 necorespunz\u0103toare \u0219i, prin urmare, periculoas\u0103. Produc\u0103torul nu poate fi tras la r\u0103spundere pentru orice daune rezultate \u00een urma utiliz\u0103rii necorespunz\u0103toare, incorecte \u0219i nerezonabile.<\/li>\n<li>Utilizarea oric\u0103rui aparat electric necesit\u0103 respectarea anumitor reguli de baz\u0103, \u00een special:\n<ul>\n<li>NU ATINGE\u021aI UNITATEA DE \u00ceNC\u0102LZIRE CU VENTILATOR CU M\u00c2INILE UDE SAU UMEDE<\/li>\n<li>NU L\u0102SA\u021aI DISPOZITIVUL EXPUS LA INTEMPERII<\/li>\n<li>NU PERMITE\u021aI CA DISPOZITIVUL S\u0102 FIE UTILIZAT DE COPII SAU DE PERSOANE CU CAPACIT\u0102\u021aI FIZICE, SENZORIALE SAU MENTALE REDUSE SAU CU LIPS\u0102 DE EXPERIEN\u021a\u0102<\/li>\n<li>NU TRAGE\u021aI DE CABLUL DE ALIMENTARE SAU DE APARATUL \u00ceN SINE PENTRU A-L SCOATE DIN PRIZ\u0102<\/li>\n<li>\u021aINE\u021aI ANIMALELE DEPARTE DE APARATELE ELECTRICE<\/li>\n<\/ul>\n<\/li>\n<li>Nu utiliza\u021bi aparatul \u00een apropierea b\u0103ilor, du\u0219urilor, chiuvetelor, piscinelor sau a altor surse de ap\u0103. Pozi\u021biona\u021bi usc\u0103torul la o distan\u021b\u0103 de cel pu\u021bin 60 cm.<\/li>\n<li>P\u0103stra\u021bi aparatul la o distan\u021b\u0103 de cel pu\u021bin 60 cm de obiecte sau substan\u021be u\u0219or inflamabile.<\/li>\n<li>Pentru orice interven\u021bie asupra componentelor electrice, v\u0103 rug\u0103m s\u0103 contacta\u021bi distribuitorul.<\/li>\n<li>AVERTISMENT: Pentru a evita orice pericol datorat reset\u0103rii accidentale a dispozitivului de deconectare termic\u0103, acest dispozitiv nu trebuie alimentat de un dispozitiv de operare extern, cum ar fi un cronometru, \u0219i nici nu trebuie conectat la un circuit care este alimentat \u00een mod regulat sau deconectat de la serviciu.<\/li>\n<\/ol>\n<div class=\"grid md:grid-cols-4 grid-cols-2 my-12 md:my-0\"><\/div>","protected":false},"excerpt":{"rendered":"<p>Leggere attentamente le avvertenze contenute nel presente manuale, che vi forniranno importanti informazioni riguardanti la sicurezza di installazione, d\u2019uso e [&hellip;]<\/p>\n","protected":false},"author":1,"featured_media":0,"parent":165699,"menu_order":15,"comment_status":"closed","ping_status":"closed","template":"page-manuale-biosec.php","meta":{"_acf_changed":false,"footnotes":""},"class_list":["post-165704","page","type-page","status-publish","hentry"],"acf":[],"yoast_head":"<!-- This site is optimized with the Yoast SEO plugin v27.5 - https:\/\/yoast.com\/product\/yoast-seo-wordpress\/ -->\n<title>Avvertenze generali &#187; Tauro Essiccatori<\/title>\n<meta name=\"robots\" content=\"index, follow, max-snippet:-1, max-image-preview:large, max-video-preview:-1\" \/>\n<link rel=\"canonical\" href=\"https:\/\/www.tauroessiccatori.com\/ro\/manual-biosec\/avertismente-generale\/\" \/>\n<meta property=\"og:locale\" content=\"ro_RO\" \/>\n<meta property=\"og:type\" content=\"article\" \/>\n<meta property=\"og:title\" content=\"Avvertenze generali &#187; Tauro Essiccatori\" \/>\n<meta property=\"og:description\" content=\"Leggere attentamente le avvertenze contenute nel presente manuale, che vi forniranno importanti informazioni riguardanti la sicurezza di installazione, d\u2019uso e [&hellip;]\" \/>\n<meta property=\"og:url\" content=\"https:\/\/www.tauroessiccatori.com\/ro\/manual-biosec\/avertismente-generale\/\" \/>\n<meta property=\"og:site_name\" content=\"Tauro Essiccatori\" \/>\n<meta property=\"article:publisher\" content=\"https:\/\/www.facebook.com\/tauroessiccatori\" \/>\n<meta property=\"article:modified_time\" content=\"2025-10-08T07:50:24+00:00\" \/>\n<meta name=\"twitter:card\" content=\"summary_large_image\" \/>\n<script type=\"application\/ld+json\" class=\"yoast-schema-graph\">{\"@context\":\"https:\\\/\\\/schema.org\",\"@graph\":[{\"@type\":\"WebPage\",\"@id\":\"https:\\\/\\\/www.tauroessiccatori.com\\\/ro\\\/manuale-biosec\\\/avvertenze-generali\\\/\",\"url\":\"https:\\\/\\\/www.tauroessiccatori.com\\\/ro\\\/manuale-biosec\\\/avvertenze-generali\\\/\",\"name\":\"Avvertenze generali &#187; Tauro Essiccatori\",\"isPartOf\":{\"@id\":\"https:\\\/\\\/www.tauroessiccatori.com\\\/ro\\\/#website\"},\"datePublished\":\"2025-10-07T16:40:44+00:00\",\"dateModified\":\"2025-10-08T07:50:24+00:00\",\"breadcrumb\":{\"@id\":\"https:\\\/\\\/www.tauroessiccatori.com\\\/ro\\\/manuale-biosec\\\/avvertenze-generali\\\/#breadcrumb\"},\"inLanguage\":\"ro-RO\",\"potentialAction\":[{\"@type\":\"ReadAction\",\"target\":[\"https:\\\/\\\/www.tauroessiccatori.com\\\/ro\\\/manuale-biosec\\\/avvertenze-generali\\\/\"]}]},{\"@type\":\"BreadcrumbList\",\"@id\":\"https:\\\/\\\/www.tauroessiccatori.com\\\/ro\\\/manuale-biosec\\\/avvertenze-generali\\\/#breadcrumb\",\"itemListElement\":[{\"@type\":\"ListItem\",\"position\":1,\"name\":\"Home\",\"item\":\"https:\\\/\\\/www.tauroessiccatori.com\\\/\"},{\"@type\":\"ListItem\",\"position\":2,\"name\":\"Manuale Biosec\",\"item\":\"https:\\\/\\\/www.tauroessiccatori.com\\\/manuale-biosec\\\/\"},{\"@type\":\"ListItem\",\"position\":3,\"name\":\"Avvertenze generali\"}]},{\"@type\":\"WebSite\",\"@id\":\"https:\\\/\\\/www.tauroessiccatori.com\\\/ro\\\/#website\",\"url\":\"https:\\\/\\\/www.tauroessiccatori.com\\\/ro\\\/\",\"name\":\"Tauro Essiccatori\",\"description\":\"Da pi\u00f9 di trent\u2019anni, i migliori sistemi di essiccazione.\",\"publisher\":{\"@id\":\"https:\\\/\\\/www.tauroessiccatori.com\\\/ro\\\/#organization\"},\"alternateName\":\"Tauro\",\"potentialAction\":[{\"@type\":\"SearchAction\",\"target\":{\"@type\":\"EntryPoint\",\"urlTemplate\":\"https:\\\/\\\/www.tauroessiccatori.com\\\/ro\\\/?s={search_term_string}\"},\"query-input\":{\"@type\":\"PropertyValueSpecification\",\"valueRequired\":true,\"valueName\":\"search_term_string\"}}],\"inLanguage\":\"ro-RO\"},{\"@type\":\"Organization\",\"@id\":\"https:\\\/\\\/www.tauroessiccatori.com\\\/ro\\\/#organization\",\"name\":\"Tauro Essiccatori\",\"alternateName\":\"Tauro Essiccatori srl unipersonale\",\"url\":\"https:\\\/\\\/www.tauroessiccatori.com\\\/ro\\\/\",\"logo\":{\"@type\":\"ImageObject\",\"inLanguage\":\"ro-RO\",\"@id\":\"https:\\\/\\\/www.tauroessiccatori.com\\\/ro\\\/#\\\/schema\\\/logo\\\/image\\\/\",\"url\":\"https:\\\/\\\/www.tauroessiccatori.com\\\/wp-content\\\/uploads\\\/2026\\\/01\\\/tauro.avif\",\"contentUrl\":\"https:\\\/\\\/www.tauroessiccatori.com\\\/wp-content\\\/uploads\\\/2026\\\/01\\\/tauro.avif\",\"width\":360,\"height\":360,\"caption\":\"Tauro Essiccatori\"},\"image\":{\"@id\":\"https:\\\/\\\/www.tauroessiccatori.com\\\/ro\\\/#\\\/schema\\\/logo\\\/image\\\/\"},\"sameAs\":[\"https:\\\/\\\/www.facebook.com\\\/tauroessiccatori\"]}]}<\/script>\n<!-- \/ Yoast SEO plugin. -->","yoast_head_json":{"title":"Avertiz\u0103ri generale \u00bb Usc\u0103toare Tauro","robots":{"index":"index","follow":"follow","max-snippet":"max-snippet:-1","max-image-preview":"max-image-preview:large","max-video-preview":"max-video-preview:-1"},"canonical":"https:\/\/www.tauroessiccatori.com\/ro\/manual-biosec\/avertismente-generale\/","og_locale":"ro_RO","og_type":"article","og_title":"Avvertenze generali &#187; Tauro Essiccatori","og_description":"Leggere attentamente le avvertenze contenute nel presente manuale, che vi forniranno importanti informazioni riguardanti la sicurezza di installazione, d\u2019uso e [&hellip;]","og_url":"https:\/\/www.tauroessiccatori.com\/ro\/manual-biosec\/avertismente-generale\/","og_site_name":"Tauro Essiccatori","article_publisher":"https:\/\/www.facebook.com\/tauroessiccatori","article_modified_time":"2025-10-08T07:50:24+00:00","twitter_card":"summary_large_image","schema":{"@context":"https:\/\/schema.org","@graph":[{"@type":"WebPage","@id":"https:\/\/www.tauroessiccatori.com\/ro\/manuale-biosec\/avvertenze-generali\/","url":"https:\/\/www.tauroessiccatori.com\/ro\/manuale-biosec\/avvertenze-generali\/","name":"Avertiz\u0103ri generale \u00bb Usc\u0103toare Tauro","isPartOf":{"@id":"https:\/\/www.tauroessiccatori.com\/ro\/#website"},"datePublished":"2025-10-07T16:40:44+00:00","dateModified":"2025-10-08T07:50:24+00:00","breadcrumb":{"@id":"https:\/\/www.tauroessiccatori.com\/ro\/manuale-biosec\/avvertenze-generali\/#breadcrumb"},"inLanguage":"ro-RO","potentialAction":[{"@type":"ReadAction","target":["https:\/\/www.tauroessiccatori.com\/ro\/manuale-biosec\/avvertenze-generali\/"]}]},{"@type":"BreadcrumbList","@id":"https:\/\/www.tauroessiccatori.com\/ro\/manuale-biosec\/avvertenze-generali\/#breadcrumb","itemListElement":[{"@type":"ListItem","position":1,"name":"Home","item":"https:\/\/www.tauroessiccatori.com\/"},{"@type":"ListItem","position":2,"name":"Manuale Biosec","item":"https:\/\/www.tauroessiccatori.com\/manuale-biosec\/"},{"@type":"ListItem","position":3,"name":"Avvertenze generali"}]},{"@type":"WebSite","@id":"https:\/\/www.tauroessiccatori.com\/ro\/#website","url":"https:\/\/www.tauroessiccatori.com\/ro\/","name":"Usc\u0103toare Tauro","description":"De mai bine de 30 de ani, cele mai bune sisteme de uscare.","publisher":{"@id":"https:\/\/www.tauroessiccatori.com\/ro\/#organization"},"alternateName":"Tauro","potentialAction":[{"@type":"SearchAction","target":{"@type":"EntryPoint","urlTemplate":"https:\/\/www.tauroessiccatori.com\/ro\/?s={search_term_string}"},"query-input":{"@type":"PropertyValueSpecification","valueRequired":true,"valueName":"search_term_string"}}],"inLanguage":"ro-RO"},{"@type":"Organization","@id":"https:\/\/www.tauroessiccatori.com\/ro\/#organization","name":"Usc\u0103toare Tauro","alternateName":"Tauro Essiccatori srl unipersonale","url":"https:\/\/www.tauroessiccatori.com\/ro\/","logo":{"@type":"ImageObject","inLanguage":"ro-RO","@id":"https:\/\/www.tauroessiccatori.com\/ro\/#\/schema\/logo\/image\/","url":"https:\/\/www.tauroessiccatori.com\/wp-content\/uploads\/2026\/01\/tauro.avif","contentUrl":"https:\/\/www.tauroessiccatori.com\/wp-content\/uploads\/2026\/01\/tauro.avif","width":360,"height":360,"caption":"Tauro Essiccatori"},"image":{"@id":"https:\/\/www.tauroessiccatori.com\/ro\/#\/schema\/logo\/image\/"},"sameAs":["https:\/\/www.facebook.com\/tauroessiccatori"]}]}},"_links":{"self":[{"href":"https:\/\/www.tauroessiccatori.com\/ro\/wp-json\/wp\/v2\/pages\/165704","targetHints":{"allow":["GET"]}}],"collection":[{"href":"https:\/\/www.tauroessiccatori.com\/ro\/wp-json\/wp\/v2\/pages"}],"about":[{"href":"https:\/\/www.tauroessiccatori.com\/ro\/wp-json\/wp\/v2\/types\/page"}],"author":[{"embeddable":true,"href":"https:\/\/www.tauroessiccatori.com\/ro\/wp-json\/wp\/v2\/users\/1"}],"replies":[{"embeddable":true,"href":"https:\/\/www.tauroessiccatori.com\/ro\/wp-json\/wp\/v2\/comments?post=165704"}],"version-history":[{"count":0,"href":"https:\/\/www.tauroessiccatori.com\/ro\/wp-json\/wp\/v2\/pages\/165704\/revisions"}],"up":[{"embeddable":true,"href":"https:\/\/www.tauroessiccatori.com\/ro\/wp-json\/wp\/v2\/pages\/165699"}],"wp:attachment":[{"href":"https:\/\/www.tauroessiccatori.com\/ro\/wp-json\/wp\/v2\/media?parent=165704"}],"curies":[{"name":"wp","href":"https:\/\/api.w.org\/{rel}","templated":true}]}}