{"id":86,"date":"2025-03-15T21:18:56","date_gmt":"2025-03-15T21:18:56","guid":{"rendered":"https:\/\/tauroessiccatori.com\/?post_type=product&#038;p=86"},"modified":"2026-02-10T12:37:51","modified_gmt":"2026-02-10T11:37:51","slug":"mandoline-borner-v6-exclusive-line","status":"publish","type":"product","link":"https:\/\/www.tauroessiccatori.com\/fr\/essiccatori-domestici\/accessori\/accessori-da-cucina\/mandolina-borner-v6-exclusive-line\/","title":{"rendered":"Mandoline Borner V6 Exclusive Line"},"content":{"rendered":"<p>Pour les amateurs de coupe-l\u00e9gumes \u00e0 la recherche de plus d'\u00e9l\u00e9gance, voici la bonne version, en acier inoxydable. Faites votre choix parmi les inserts fournis pour diff\u00e9rentes options de coupe. L'insert sp\u00e9cial permet de couper des tranches fines et \u00e9paisses, tandis que les autres inserts de 3,5 mm et 7 mm permettent de couper des b\u00e2tonnets, des juliennes ou m\u00eame des cubes de 4 tailles diff\u00e9rentes. Parmi les accessoires, on trouve \u00e9galement le support de s\u00e9curit\u00e9 pour prot\u00e9ger les doigts des lames en acier inoxydable.<\/p>\n<p>Tous les \u00e9l\u00e9ments de ce set sont s\u00fbrs pour l'alimentation, exempts de BPA, de phtalates et de substances nocives. Vous pouvez ainsi pr\u00e9parer sans souci des repas sains et app\u00e9tissants pour vous et votre famille.<\/p>","protected":false},"excerpt":{"rendered":"<p>Pour les amateurs de coupe-l\u00e9gumes \u00e0 la recherche d'une version plus \u00e9l\u00e9gante, voici la version en acier inoxydable.<\/p>","protected":false},"featured_media":248,"comment_status":"closed","ping_status":"closed","template":"","meta":{"_acf_changed":false},"product_brand":[],"product_cat":[41],"product_tag":[],"class_list":{"0":"post-86","1":"product","2":"type-product","3":"status-publish","4":"has-post-thumbnail","6":"product_cat-accessori-da-cucina","8":"first","9":"instock","10":"sale","11":"taxable","12":"shipping-taxable","13":"purchasable","14":"product-type-simple"},"gallery_images":[],"acf":[],"yoast_head":"<!-- This site is optimized with the Yoast SEO plugin v27.5 - https:\/\/yoast.com\/product\/yoast-seo-wordpress\/ -->\n<title>Mandolina Borner V6 Exclusive Line &#187; Tauro Essiccatori<\/title>\n<meta name=\"robots\" content=\"index, follow, max-snippet:-1, max-image-preview:large, max-video-preview:-1\" \/>\n<link rel=\"canonical\" href=\"https:\/\/www.tauroessiccatori.com\/fr\/sechoirs-domestiques\/accessoires\/accessoires-de-cuisine\/mandoline-borner-v6-exclusive-line\/\" \/>\n<meta property=\"og:locale\" content=\"fr_FR\" \/>\n<meta property=\"og:type\" content=\"article\" \/>\n<meta property=\"og:title\" content=\"Mandolina Borner V6 Exclusive Line &#187; Tauro Essiccatori\" \/>\n<meta property=\"og:description\" content=\"Per gli appassionati di affettaverdure alla ricerca di qualcosa di pi\u00f9 elegante, questa \u00e8 la versione giusta, in acciaio inossidabile.\" \/>\n<meta property=\"og:url\" content=\"https:\/\/www.tauroessiccatori.com\/fr\/sechoirs-domestiques\/accessoires\/accessoires-de-cuisine\/mandoline-borner-v6-exclusive-line\/\" \/>\n<meta property=\"og:site_name\" content=\"Tauro Essiccatori\" \/>\n<meta property=\"article:publisher\" content=\"https:\/\/www.facebook.com\/tauroessiccatori\" \/>\n<meta property=\"article:modified_time\" content=\"2026-02-10T11:37:51+00:00\" \/>\n<meta property=\"og:image\" content=\"https:\/\/www.tauroessiccatori.com\/wp-content\/uploads\/2025\/03\/mandolina-inox.jpg\" \/>\n\t<meta property=\"og:image:width\" content=\"1210\" \/>\n\t<meta property=\"og:image:height\" content=\"750\" \/>\n\t<meta property=\"og:image:type\" content=\"image\/jpeg\" \/>\n<meta name=\"twitter:card\" content=\"summary_large_image\" \/>\n<script type=\"application\/ld+json\" class=\"yoast-schema-graph\">{\"@context\":\"https:\\\/\\\/schema.org\",\"@graph\":[{\"@type\":\"WebPage\",\"@id\":\"https:\\\/\\\/www.tauroessiccatori.com\\\/fr\\\/essiccatori-domestici\\\/accessori\\\/accessori-da-cucina\\\/mandolina-borner-v6-exclusive-line\\\/\",\"url\":\"https:\\\/\\\/www.tauroessiccatori.com\\\/fr\\\/essiccatori-domestici\\\/accessori\\\/accessori-da-cucina\\\/mandolina-borner-v6-exclusive-line\\\/\",\"name\":\"Mandolina Borner V6 Exclusive Line &#187; Tauro Essiccatori\",\"isPartOf\":{\"@id\":\"https:\\\/\\\/www.tauroessiccatori.com\\\/fr\\\/#website\"},\"primaryImageOfPage\":{\"@id\":\"https:\\\/\\\/www.tauroessiccatori.com\\\/fr\\\/essiccatori-domestici\\\/accessori\\\/accessori-da-cucina\\\/mandolina-borner-v6-exclusive-line\\\/#primaryimage\"},\"image\":{\"@id\":\"https:\\\/\\\/www.tauroessiccatori.com\\\/fr\\\/essiccatori-domestici\\\/accessori\\\/accessori-da-cucina\\\/mandolina-borner-v6-exclusive-line\\\/#primaryimage\"},\"thumbnailUrl\":\"https:\\\/\\\/www.tauroessiccatori.com\\\/wp-content\\\/uploads\\\/2025\\\/03\\\/mandolina-inox.avif\",\"datePublished\":\"2025-03-15T21:18:56+00:00\",\"dateModified\":\"2026-02-10T11:37:51+00:00\",\"breadcrumb\":{\"@id\":\"https:\\\/\\\/www.tauroessiccatori.com\\\/fr\\\/essiccatori-domestici\\\/accessori\\\/accessori-da-cucina\\\/mandolina-borner-v6-exclusive-line\\\/#breadcrumb\"},\"inLanguage\":\"fr-FR\",\"potentialAction\":[{\"@type\":\"ReadAction\",\"target\":[\"https:\\\/\\\/www.tauroessiccatori.com\\\/fr\\\/essiccatori-domestici\\\/accessori\\\/accessori-da-cucina\\\/mandolina-borner-v6-exclusive-line\\\/\"]}]},{\"@type\":\"ImageObject\",\"inLanguage\":\"fr-FR\",\"@id\":\"https:\\\/\\\/www.tauroessiccatori.com\\\/fr\\\/essiccatori-domestici\\\/accessori\\\/accessori-da-cucina\\\/mandolina-borner-v6-exclusive-line\\\/#primaryimage\",\"url\":\"https:\\\/\\\/www.tauroessiccatori.com\\\/wp-content\\\/uploads\\\/2025\\\/03\\\/mandolina-inox.avif\",\"contentUrl\":\"https:\\\/\\\/www.tauroessiccatori.com\\\/wp-content\\\/uploads\\\/2025\\\/03\\\/mandolina-inox.avif\",\"width\":1210,\"height\":750},{\"@type\":\"BreadcrumbList\",\"@id\":\"https:\\\/\\\/www.tauroessiccatori.com\\\/fr\\\/essiccatori-domestici\\\/accessori\\\/accessori-da-cucina\\\/mandolina-borner-v6-exclusive-line\\\/#breadcrumb\",\"itemListElement\":[{\"@type\":\"ListItem\",\"position\":1,\"name\":\"Home\",\"item\":\"https:\\\/\\\/www.tauroessiccatori.com\\\/\"},{\"@type\":\"ListItem\",\"position\":2,\"name\":\"Shop\",\"item\":\"https:\\\/\\\/www.tauroessiccatori.com\\\/shop\\\/\"},{\"@type\":\"ListItem\",\"position\":3,\"name\":\"Mandolina Borner V6 Exclusive Line\"}]},{\"@type\":\"WebSite\",\"@id\":\"https:\\\/\\\/www.tauroessiccatori.com\\\/fr\\\/#website\",\"url\":\"https:\\\/\\\/www.tauroessiccatori.com\\\/fr\\\/\",\"name\":\"Tauro Essiccatori\",\"description\":\"Da pi\u00f9 di trent\u2019anni, i migliori sistemi di essiccazione.\",\"publisher\":{\"@id\":\"https:\\\/\\\/www.tauroessiccatori.com\\\/fr\\\/#organization\"},\"alternateName\":\"Tauro\",\"potentialAction\":[{\"@type\":\"SearchAction\",\"target\":{\"@type\":\"EntryPoint\",\"urlTemplate\":\"https:\\\/\\\/www.tauroessiccatori.com\\\/fr\\\/?s={search_term_string}\"},\"query-input\":{\"@type\":\"PropertyValueSpecification\",\"valueRequired\":true,\"valueName\":\"search_term_string\"}}],\"inLanguage\":\"fr-FR\"},{\"@type\":\"Organization\",\"@id\":\"https:\\\/\\\/www.tauroessiccatori.com\\\/fr\\\/#organization\",\"name\":\"Tauro Essiccatori\",\"alternateName\":\"Tauro Essiccatori srl unipersonale\",\"url\":\"https:\\\/\\\/www.tauroessiccatori.com\\\/fr\\\/\",\"logo\":{\"@type\":\"ImageObject\",\"inLanguage\":\"fr-FR\",\"@id\":\"https:\\\/\\\/www.tauroessiccatori.com\\\/fr\\\/#\\\/schema\\\/logo\\\/image\\\/\",\"url\":\"https:\\\/\\\/www.tauroessiccatori.com\\\/wp-content\\\/uploads\\\/2026\\\/01\\\/tauro.avif\",\"contentUrl\":\"https:\\\/\\\/www.tauroessiccatori.com\\\/wp-content\\\/uploads\\\/2026\\\/01\\\/tauro.avif\",\"width\":360,\"height\":360,\"caption\":\"Tauro Essiccatori\"},\"image\":{\"@id\":\"https:\\\/\\\/www.tauroessiccatori.com\\\/fr\\\/#\\\/schema\\\/logo\\\/image\\\/\"},\"sameAs\":[\"https:\\\/\\\/www.facebook.com\\\/tauroessiccatori\"]}]}<\/script>\n<!-- \/ Yoast SEO plugin. -->","yoast_head_json":{"title":"Mandoline Borner V6 Exclusive Line \u00bb Tauro Dryers","robots":{"index":"index","follow":"follow","max-snippet":"max-snippet:-1","max-image-preview":"max-image-preview:large","max-video-preview":"max-video-preview:-1"},"canonical":"https:\/\/www.tauroessiccatori.com\/fr\/sechoirs-domestiques\/accessoires\/accessoires-de-cuisine\/mandoline-borner-v6-exclusive-line\/","og_locale":"fr_FR","og_type":"article","og_title":"Mandolina Borner V6 Exclusive Line &#187; Tauro Essiccatori","og_description":"Per gli appassionati di affettaverdure alla ricerca di qualcosa di pi\u00f9 elegante, questa \u00e8 la versione giusta, in acciaio inossidabile.","og_url":"https:\/\/www.tauroessiccatori.com\/fr\/sechoirs-domestiques\/accessoires\/accessoires-de-cuisine\/mandoline-borner-v6-exclusive-line\/","og_site_name":"Tauro Essiccatori","article_publisher":"https:\/\/www.facebook.com\/tauroessiccatori","article_modified_time":"2026-02-10T11:37:51+00:00","og_image":[{"width":1210,"height":750,"url":"https:\/\/www.tauroessiccatori.com\/wp-content\/uploads\/2025\/03\/mandolina-inox.jpg","type":"image\/jpeg"}],"twitter_card":"summary_large_image","schema":{"@context":"https:\/\/schema.org","@graph":[{"@type":"WebPage","@id":"https:\/\/www.tauroessiccatori.com\/fr\/essiccatori-domestici\/accessori\/accessori-da-cucina\/mandolina-borner-v6-exclusive-line\/","url":"https:\/\/www.tauroessiccatori.com\/fr\/essiccatori-domestici\/accessori\/accessori-da-cucina\/mandolina-borner-v6-exclusive-line\/","name":"Mandoline Borner V6 Exclusive Line \u00bb Tauro Dryers","isPartOf":{"@id":"https:\/\/www.tauroessiccatori.com\/fr\/#website"},"primaryImageOfPage":{"@id":"https:\/\/www.tauroessiccatori.com\/fr\/essiccatori-domestici\/accessori\/accessori-da-cucina\/mandolina-borner-v6-exclusive-line\/#primaryimage"},"image":{"@id":"https:\/\/www.tauroessiccatori.com\/fr\/essiccatori-domestici\/accessori\/accessori-da-cucina\/mandolina-borner-v6-exclusive-line\/#primaryimage"},"thumbnailUrl":"https:\/\/www.tauroessiccatori.com\/wp-content\/uploads\/2025\/03\/mandolina-inox.avif","datePublished":"2025-03-15T21:18:56+00:00","dateModified":"2026-02-10T11:37:51+00:00","breadcrumb":{"@id":"https:\/\/www.tauroessiccatori.com\/fr\/essiccatori-domestici\/accessori\/accessori-da-cucina\/mandolina-borner-v6-exclusive-line\/#breadcrumb"},"inLanguage":"fr-FR","potentialAction":[{"@type":"ReadAction","target":["https:\/\/www.tauroessiccatori.com\/fr\/essiccatori-domestici\/accessori\/accessori-da-cucina\/mandolina-borner-v6-exclusive-line\/"]}]},{"@type":"ImageObject","inLanguage":"fr-FR","@id":"https:\/\/www.tauroessiccatori.com\/fr\/essiccatori-domestici\/accessori\/accessori-da-cucina\/mandolina-borner-v6-exclusive-line\/#primaryimage","url":"https:\/\/www.tauroessiccatori.com\/wp-content\/uploads\/2025\/03\/mandolina-inox.avif","contentUrl":"https:\/\/www.tauroessiccatori.com\/wp-content\/uploads\/2025\/03\/mandolina-inox.avif","width":1210,"height":750},{"@type":"BreadcrumbList","@id":"https:\/\/www.tauroessiccatori.com\/fr\/essiccatori-domestici\/accessori\/accessori-da-cucina\/mandolina-borner-v6-exclusive-line\/#breadcrumb","itemListElement":[{"@type":"ListItem","position":1,"name":"Home","item":"https:\/\/www.tauroessiccatori.com\/"},{"@type":"ListItem","position":2,"name":"Shop","item":"https:\/\/www.tauroessiccatori.com\/shop\/"},{"@type":"ListItem","position":3,"name":"Mandolina Borner V6 Exclusive Line"}]},{"@type":"WebSite","@id":"https:\/\/www.tauroessiccatori.com\/fr\/#website","url":"https:\/\/www.tauroessiccatori.com\/fr\/","name":"S\u00e9cheurs Tauro","description":"Depuis plus de 30 ans, les meilleurs syst\u00e8mes de s\u00e9chage.","publisher":{"@id":"https:\/\/www.tauroessiccatori.com\/fr\/#organization"},"alternateName":"Tauro","potentialAction":[{"@type":"SearchAction","target":{"@type":"EntryPoint","urlTemplate":"https:\/\/www.tauroessiccatori.com\/fr\/?s={search_term_string}"},"query-input":{"@type":"PropertyValueSpecification","valueRequired":true,"valueName":"search_term_string"}}],"inLanguage":"fr-FR"},{"@type":"Organization","@id":"https:\/\/www.tauroessiccatori.com\/fr\/#organization","name":"S\u00e9cheurs Tauro","alternateName":"Tauro Essiccatori srl unipersonale","url":"https:\/\/www.tauroessiccatori.com\/fr\/","logo":{"@type":"ImageObject","inLanguage":"fr-FR","@id":"https:\/\/www.tauroessiccatori.com\/fr\/#\/schema\/logo\/image\/","url":"https:\/\/www.tauroessiccatori.com\/wp-content\/uploads\/2026\/01\/tauro.avif","contentUrl":"https:\/\/www.tauroessiccatori.com\/wp-content\/uploads\/2026\/01\/tauro.avif","width":360,"height":360,"caption":"Tauro Essiccatori"},"image":{"@id":"https:\/\/www.tauroessiccatori.com\/fr\/#\/schema\/logo\/image\/"},"sameAs":["https:\/\/www.facebook.com\/tauroessiccatori"]}]}},"_links":{"self":[{"href":"https:\/\/www.tauroessiccatori.com\/fr\/wp-json\/wp\/v2\/product\/86","targetHints":{"allow":["GET"]}}],"collection":[{"href":"https:\/\/www.tauroessiccatori.com\/fr\/wp-json\/wp\/v2\/product"}],"about":[{"href":"https:\/\/www.tauroessiccatori.com\/fr\/wp-json\/wp\/v2\/types\/product"}],"replies":[{"embeddable":true,"href":"https:\/\/www.tauroessiccatori.com\/fr\/wp-json\/wp\/v2\/comments?post=86"}],"wp:featuredmedia":[{"embeddable":true,"href":"https:\/\/www.tauroessiccatori.com\/fr\/wp-json\/wp\/v2\/media\/248"}],"wp:attachment":[{"href":"https:\/\/www.tauroessiccatori.com\/fr\/wp-json\/wp\/v2\/media?parent=86"}],"wp:term":[{"taxonomy":"product_brand","embeddable":true,"href":"https:\/\/www.tauroessiccatori.com\/fr\/wp-json\/wp\/v2\/product_brand?post=86"},{"taxonomy":"product_cat","embeddable":true,"href":"https:\/\/www.tauroessiccatori.com\/fr\/wp-json\/wp\/v2\/product_cat?post=86"},{"taxonomy":"product_tag","embeddable":true,"href":"https:\/\/www.tauroessiccatori.com\/fr\/wp-json\/wp\/v2\/product_tag?post=86"}],"curies":[{"name":"wp","href":"https:\/\/api.w.org\/{rel}","templated":true}]}}