{"id":82,"date":"2025-03-15T21:18:55","date_gmt":"2025-03-15T21:18:55","guid":{"rendered":"https:\/\/tauroessiccatori.com\/?post_type=product&#038;p=82"},"modified":"2026-01-26T10:37:32","modified_gmt":"2026-01-26T09:37:32","slug":"mandoline-borner-v5-powerline","status":"publish","type":"product","link":"https:\/\/www.tauroessiccatori.com\/fr\/essiccatori-domestici\/accessori\/accessori-da-cucina\/mandolina-borner-v5-powerline\/","title":{"rendered":"Mandoline Borner V5 PowerLine"},"content":{"rendered":"<p>Une vitesse et une pr\u00e9cision imbattables pour pr\u00e9parer des tranches, des b\u00e2tonnets, des bandes et des cubes de l\u00e9gumes et de fruits frais. En m\u00eame temps, il est s\u00fbr et facile \u00e0 utiliser gr\u00e2ce au dispositif de s\u00e9curit\u00e9 alimentaire inclus. Ce set offre l'\u00e9quipement de base pour 10 choix de coupe : vous pouvez couper des tranches en quatre \u00e9paisseurs diff\u00e9rentes, de la plus \u00e9paisse \u00e0 la plus fine, ou des b\u00e2tonnets et des cubes plus grossiers ou plus fins. La polyvalence du V5 fait de la pr\u00e9paration de salades, de soupes, de plats mijot\u00e9s et d'innombrables autres d\u00e9lices un v\u00e9ritable plaisir.<\/p>\n<p>Pour le nettoyage, il suffit de rincer la mandoline et les inserts de lame \u00e0 l'eau courante, puis de pousser l'insert de tranche jusqu'\u00e0 la derni\u00e8re marque. Laissez s\u00e9cher votre V5 dans la bo\u00eete d'insertion incluse. La bo\u00eete offre \u00e9galement de la place pour les inserts de lame et le support d'aliments peut \u00eatre fix\u00e9. Cela permet de gagner de la place et de garder tout \u00e0 port\u00e9e de main pour la prochaine utilisation.<\/p>\n<p>Tous les \u00e9l\u00e9ments de ce set sont s\u00fbrs pour l'alimentation, exempts de BPA, de phtalates et de substances nocives.<\/p>","protected":false},"excerpt":{"rendered":"<p>Une vitesse et une pr\u00e9cision imbattables pour pr\u00e9parer des tranches, des b\u00e2tonnets, des bandes et des cubes de l\u00e9gumes et de fruits frais.<\/p>","protected":false},"featured_media":247,"comment_status":"closed","ping_status":"closed","template":"","meta":{"_acf_changed":false},"product_brand":[],"product_cat":[41],"product_tag":[],"class_list":{"0":"post-82","1":"product","2":"type-product","3":"status-publish","4":"has-post-thumbnail","6":"product_cat-accessori-da-cucina","8":"first","9":"instock","10":"sale","11":"taxable","12":"shipping-taxable","13":"purchasable","14":"product-type-simple"},"gallery_images":[],"acf":[],"yoast_head":"<!-- This site is optimized with the Yoast SEO plugin v27.5 - https:\/\/yoast.com\/product\/yoast-seo-wordpress\/ -->\n<title>Mandolina Borner V5 PowerLine &#187; Tauro Essiccatori<\/title>\n<meta name=\"robots\" content=\"index, follow, max-snippet:-1, max-image-preview:large, max-video-preview:-1\" \/>\n<link rel=\"canonical\" href=\"https:\/\/www.tauroessiccatori.com\/fr\/sechoirs-domestiques\/accessoires\/accessoires-de-cuisine\/mandoline-borner-v5-powerline\/\" \/>\n<meta property=\"og:locale\" content=\"fr_FR\" \/>\n<meta property=\"og:type\" content=\"article\" \/>\n<meta property=\"og:title\" content=\"Mandolina Borner V5 PowerLine &#187; Tauro Essiccatori\" \/>\n<meta property=\"og:description\" content=\"Imbattibile in velocit\u00e0 e precisione nella preparazione di fette, bastoncini, strisce e cubetti di verdure fresche e frutta.\" \/>\n<meta property=\"og:url\" content=\"https:\/\/www.tauroessiccatori.com\/fr\/sechoirs-domestiques\/accessoires\/accessoires-de-cuisine\/mandoline-borner-v5-powerline\/\" \/>\n<meta property=\"og:site_name\" content=\"Tauro Essiccatori\" \/>\n<meta property=\"article:publisher\" content=\"https:\/\/www.facebook.com\/tauroessiccatori\" \/>\n<meta property=\"article:modified_time\" content=\"2026-01-26T09:37:32+00:00\" \/>\n<meta property=\"og:image\" content=\"https:\/\/www.tauroessiccatori.com\/wp-content\/uploads\/2025\/03\/mandolina-green.jpg\" \/>\n\t<meta property=\"og:image:width\" content=\"1210\" \/>\n\t<meta property=\"og:image:height\" content=\"750\" \/>\n\t<meta property=\"og:image:type\" content=\"image\/jpeg\" \/>\n<meta name=\"twitter:card\" content=\"summary_large_image\" \/>\n<script type=\"application\/ld+json\" class=\"yoast-schema-graph\">{\"@context\":\"https:\\\/\\\/schema.org\",\"@graph\":[{\"@type\":\"WebPage\",\"@id\":\"https:\\\/\\\/www.tauroessiccatori.com\\\/fr\\\/essiccatori-domestici\\\/accessori\\\/accessori-da-cucina\\\/mandolina-borner-v5-powerline\\\/\",\"url\":\"https:\\\/\\\/www.tauroessiccatori.com\\\/fr\\\/essiccatori-domestici\\\/accessori\\\/accessori-da-cucina\\\/mandolina-borner-v5-powerline\\\/\",\"name\":\"Mandolina Borner V5 PowerLine &#187; Tauro Essiccatori\",\"isPartOf\":{\"@id\":\"https:\\\/\\\/www.tauroessiccatori.com\\\/fr\\\/#website\"},\"primaryImageOfPage\":{\"@id\":\"https:\\\/\\\/www.tauroessiccatori.com\\\/fr\\\/essiccatori-domestici\\\/accessori\\\/accessori-da-cucina\\\/mandolina-borner-v5-powerline\\\/#primaryimage\"},\"image\":{\"@id\":\"https:\\\/\\\/www.tauroessiccatori.com\\\/fr\\\/essiccatori-domestici\\\/accessori\\\/accessori-da-cucina\\\/mandolina-borner-v5-powerline\\\/#primaryimage\"},\"thumbnailUrl\":\"https:\\\/\\\/www.tauroessiccatori.com\\\/wp-content\\\/uploads\\\/2025\\\/03\\\/mandolina-green.avif\",\"datePublished\":\"2025-03-15T21:18:55+00:00\",\"dateModified\":\"2026-01-26T09:37:32+00:00\",\"breadcrumb\":{\"@id\":\"https:\\\/\\\/www.tauroessiccatori.com\\\/fr\\\/essiccatori-domestici\\\/accessori\\\/accessori-da-cucina\\\/mandolina-borner-v5-powerline\\\/#breadcrumb\"},\"inLanguage\":\"fr-FR\",\"potentialAction\":[{\"@type\":\"ReadAction\",\"target\":[\"https:\\\/\\\/www.tauroessiccatori.com\\\/fr\\\/essiccatori-domestici\\\/accessori\\\/accessori-da-cucina\\\/mandolina-borner-v5-powerline\\\/\"]}]},{\"@type\":\"ImageObject\",\"inLanguage\":\"fr-FR\",\"@id\":\"https:\\\/\\\/www.tauroessiccatori.com\\\/fr\\\/essiccatori-domestici\\\/accessori\\\/accessori-da-cucina\\\/mandolina-borner-v5-powerline\\\/#primaryimage\",\"url\":\"https:\\\/\\\/www.tauroessiccatori.com\\\/wp-content\\\/uploads\\\/2025\\\/03\\\/mandolina-green.avif\",\"contentUrl\":\"https:\\\/\\\/www.tauroessiccatori.com\\\/wp-content\\\/uploads\\\/2025\\\/03\\\/mandolina-green.avif\",\"width\":1210,\"height\":750},{\"@type\":\"BreadcrumbList\",\"@id\":\"https:\\\/\\\/www.tauroessiccatori.com\\\/fr\\\/essiccatori-domestici\\\/accessori\\\/accessori-da-cucina\\\/mandolina-borner-v5-powerline\\\/#breadcrumb\",\"itemListElement\":[{\"@type\":\"ListItem\",\"position\":1,\"name\":\"Home\",\"item\":\"https:\\\/\\\/www.tauroessiccatori.com\\\/\"},{\"@type\":\"ListItem\",\"position\":2,\"name\":\"Shop\",\"item\":\"https:\\\/\\\/www.tauroessiccatori.com\\\/shop\\\/\"},{\"@type\":\"ListItem\",\"position\":3,\"name\":\"Mandolina Borner V5 PowerLine\"}]},{\"@type\":\"WebSite\",\"@id\":\"https:\\\/\\\/www.tauroessiccatori.com\\\/fr\\\/#website\",\"url\":\"https:\\\/\\\/www.tauroessiccatori.com\\\/fr\\\/\",\"name\":\"Tauro Essiccatori\",\"description\":\"Da pi\u00f9 di trent\u2019anni, i migliori sistemi di essiccazione.\",\"publisher\":{\"@id\":\"https:\\\/\\\/www.tauroessiccatori.com\\\/fr\\\/#organization\"},\"alternateName\":\"Tauro\",\"potentialAction\":[{\"@type\":\"SearchAction\",\"target\":{\"@type\":\"EntryPoint\",\"urlTemplate\":\"https:\\\/\\\/www.tauroessiccatori.com\\\/fr\\\/?s={search_term_string}\"},\"query-input\":{\"@type\":\"PropertyValueSpecification\",\"valueRequired\":true,\"valueName\":\"search_term_string\"}}],\"inLanguage\":\"fr-FR\"},{\"@type\":\"Organization\",\"@id\":\"https:\\\/\\\/www.tauroessiccatori.com\\\/fr\\\/#organization\",\"name\":\"Tauro Essiccatori\",\"alternateName\":\"Tauro Essiccatori srl unipersonale\",\"url\":\"https:\\\/\\\/www.tauroessiccatori.com\\\/fr\\\/\",\"logo\":{\"@type\":\"ImageObject\",\"inLanguage\":\"fr-FR\",\"@id\":\"https:\\\/\\\/www.tauroessiccatori.com\\\/fr\\\/#\\\/schema\\\/logo\\\/image\\\/\",\"url\":\"https:\\\/\\\/www.tauroessiccatori.com\\\/wp-content\\\/uploads\\\/2026\\\/01\\\/tauro.avif\",\"contentUrl\":\"https:\\\/\\\/www.tauroessiccatori.com\\\/wp-content\\\/uploads\\\/2026\\\/01\\\/tauro.avif\",\"width\":360,\"height\":360,\"caption\":\"Tauro Essiccatori\"},\"image\":{\"@id\":\"https:\\\/\\\/www.tauroessiccatori.com\\\/fr\\\/#\\\/schema\\\/logo\\\/image\\\/\"},\"sameAs\":[\"https:\\\/\\\/www.facebook.com\\\/tauroessiccatori\"]}]}<\/script>\n<!-- \/ Yoast SEO plugin. -->","yoast_head_json":{"title":"Borner V5 PowerLine mandoline \u00bb Tauro Dryers","robots":{"index":"index","follow":"follow","max-snippet":"max-snippet:-1","max-image-preview":"max-image-preview:large","max-video-preview":"max-video-preview:-1"},"canonical":"https:\/\/www.tauroessiccatori.com\/fr\/sechoirs-domestiques\/accessoires\/accessoires-de-cuisine\/mandoline-borner-v5-powerline\/","og_locale":"fr_FR","og_type":"article","og_title":"Mandolina Borner V5 PowerLine &#187; Tauro Essiccatori","og_description":"Imbattibile in velocit\u00e0 e precisione nella preparazione di fette, bastoncini, strisce e cubetti di verdure fresche e frutta.","og_url":"https:\/\/www.tauroessiccatori.com\/fr\/sechoirs-domestiques\/accessoires\/accessoires-de-cuisine\/mandoline-borner-v5-powerline\/","og_site_name":"Tauro Essiccatori","article_publisher":"https:\/\/www.facebook.com\/tauroessiccatori","article_modified_time":"2026-01-26T09:37:32+00:00","og_image":[{"width":1210,"height":750,"url":"https:\/\/www.tauroessiccatori.com\/wp-content\/uploads\/2025\/03\/mandolina-green.jpg","type":"image\/jpeg"}],"twitter_card":"summary_large_image","schema":{"@context":"https:\/\/schema.org","@graph":[{"@type":"WebPage","@id":"https:\/\/www.tauroessiccatori.com\/fr\/essiccatori-domestici\/accessori\/accessori-da-cucina\/mandolina-borner-v5-powerline\/","url":"https:\/\/www.tauroessiccatori.com\/fr\/essiccatori-domestici\/accessori\/accessori-da-cucina\/mandolina-borner-v5-powerline\/","name":"Borner V5 PowerLine mandoline \u00bb Tauro Dryers","isPartOf":{"@id":"https:\/\/www.tauroessiccatori.com\/fr\/#website"},"primaryImageOfPage":{"@id":"https:\/\/www.tauroessiccatori.com\/fr\/essiccatori-domestici\/accessori\/accessori-da-cucina\/mandolina-borner-v5-powerline\/#primaryimage"},"image":{"@id":"https:\/\/www.tauroessiccatori.com\/fr\/essiccatori-domestici\/accessori\/accessori-da-cucina\/mandolina-borner-v5-powerline\/#primaryimage"},"thumbnailUrl":"https:\/\/www.tauroessiccatori.com\/wp-content\/uploads\/2025\/03\/mandolina-green.avif","datePublished":"2025-03-15T21:18:55+00:00","dateModified":"2026-01-26T09:37:32+00:00","breadcrumb":{"@id":"https:\/\/www.tauroessiccatori.com\/fr\/essiccatori-domestici\/accessori\/accessori-da-cucina\/mandolina-borner-v5-powerline\/#breadcrumb"},"inLanguage":"fr-FR","potentialAction":[{"@type":"ReadAction","target":["https:\/\/www.tauroessiccatori.com\/fr\/essiccatori-domestici\/accessori\/accessori-da-cucina\/mandolina-borner-v5-powerline\/"]}]},{"@type":"ImageObject","inLanguage":"fr-FR","@id":"https:\/\/www.tauroessiccatori.com\/fr\/essiccatori-domestici\/accessori\/accessori-da-cucina\/mandolina-borner-v5-powerline\/#primaryimage","url":"https:\/\/www.tauroessiccatori.com\/wp-content\/uploads\/2025\/03\/mandolina-green.avif","contentUrl":"https:\/\/www.tauroessiccatori.com\/wp-content\/uploads\/2025\/03\/mandolina-green.avif","width":1210,"height":750},{"@type":"BreadcrumbList","@id":"https:\/\/www.tauroessiccatori.com\/fr\/essiccatori-domestici\/accessori\/accessori-da-cucina\/mandolina-borner-v5-powerline\/#breadcrumb","itemListElement":[{"@type":"ListItem","position":1,"name":"Home","item":"https:\/\/www.tauroessiccatori.com\/"},{"@type":"ListItem","position":2,"name":"Shop","item":"https:\/\/www.tauroessiccatori.com\/shop\/"},{"@type":"ListItem","position":3,"name":"Mandolina Borner V5 PowerLine"}]},{"@type":"WebSite","@id":"https:\/\/www.tauroessiccatori.com\/fr\/#website","url":"https:\/\/www.tauroessiccatori.com\/fr\/","name":"S\u00e9cheurs Tauro","description":"Depuis plus de 30 ans, les meilleurs syst\u00e8mes de s\u00e9chage.","publisher":{"@id":"https:\/\/www.tauroessiccatori.com\/fr\/#organization"},"alternateName":"Tauro","potentialAction":[{"@type":"SearchAction","target":{"@type":"EntryPoint","urlTemplate":"https:\/\/www.tauroessiccatori.com\/fr\/?s={search_term_string}"},"query-input":{"@type":"PropertyValueSpecification","valueRequired":true,"valueName":"search_term_string"}}],"inLanguage":"fr-FR"},{"@type":"Organization","@id":"https:\/\/www.tauroessiccatori.com\/fr\/#organization","name":"S\u00e9cheurs Tauro","alternateName":"Tauro Essiccatori srl unipersonale","url":"https:\/\/www.tauroessiccatori.com\/fr\/","logo":{"@type":"ImageObject","inLanguage":"fr-FR","@id":"https:\/\/www.tauroessiccatori.com\/fr\/#\/schema\/logo\/image\/","url":"https:\/\/www.tauroessiccatori.com\/wp-content\/uploads\/2026\/01\/tauro.avif","contentUrl":"https:\/\/www.tauroessiccatori.com\/wp-content\/uploads\/2026\/01\/tauro.avif","width":360,"height":360,"caption":"Tauro Essiccatori"},"image":{"@id":"https:\/\/www.tauroessiccatori.com\/fr\/#\/schema\/logo\/image\/"},"sameAs":["https:\/\/www.facebook.com\/tauroessiccatori"]}]}},"_links":{"self":[{"href":"https:\/\/www.tauroessiccatori.com\/fr\/wp-json\/wp\/v2\/product\/82","targetHints":{"allow":["GET"]}}],"collection":[{"href":"https:\/\/www.tauroessiccatori.com\/fr\/wp-json\/wp\/v2\/product"}],"about":[{"href":"https:\/\/www.tauroessiccatori.com\/fr\/wp-json\/wp\/v2\/types\/product"}],"replies":[{"embeddable":true,"href":"https:\/\/www.tauroessiccatori.com\/fr\/wp-json\/wp\/v2\/comments?post=82"}],"wp:featuredmedia":[{"embeddable":true,"href":"https:\/\/www.tauroessiccatori.com\/fr\/wp-json\/wp\/v2\/media\/247"}],"wp:attachment":[{"href":"https:\/\/www.tauroessiccatori.com\/fr\/wp-json\/wp\/v2\/media?parent=82"}],"wp:term":[{"taxonomy":"product_brand","embeddable":true,"href":"https:\/\/www.tauroessiccatori.com\/fr\/wp-json\/wp\/v2\/product_brand?post=82"},{"taxonomy":"product_cat","embeddable":true,"href":"https:\/\/www.tauroessiccatori.com\/fr\/wp-json\/wp\/v2\/product_cat?post=82"},{"taxonomy":"product_tag","embeddable":true,"href":"https:\/\/www.tauroessiccatori.com\/fr\/wp-json\/wp\/v2\/product_tag?post=82"}],"curies":[{"name":"wp","href":"https:\/\/api.w.org\/{rel}","templated":true}]}}