{"id":165542,"date":"2025-08-29T14:11:54","date_gmt":"2025-08-29T12:11:54","guid":{"rendered":"https:\/\/tauroessiccatori.com\/?post_type=product&#038;p=165542"},"modified":"2026-01-26T10:34:26","modified_gmt":"2026-01-26T09:34:26","slug":"drysilk-net","status":"publish","type":"product","link":"https:\/\/www.tauroessiccatori.com\/fr\/essiccatori-domestici\/accessori\/antiaderenti\/drysilk-net\/","title":{"rendered":"DrySilk Net"},"content":{"rendered":"<p>DrySilk Net est le syst\u00e8me innovant de filet anti-adh\u00e9rent polyvalent con\u00e7u pour vous donner une performance maximale \u00e0 chaque Biosec.<\/p>\n<p>DrySilk Net est parfait pour s\u00e9cher les petits aliments, tels que les fleurs, les herbes et le pollen, ou les aliments fins et particuli\u00e8rement collants, tels que les fraises et les bananes.<\/p>\n<p>\u00c9viter l'utilisation avec des produits aqueux et goutteux.<\/p>\n<p>Deux filets peuvent \u00eatre empil\u00e9s l'un sur l'autre pour doubler la surface de dessiccation du s\u00e9choir.<\/p>\n<p>LAVER AVANT LA PREMI\u00c8RE UTILISATION.<\/p>","protected":false},"excerpt":{"rendered":"<p><strong>DrySilkNet<\/strong> est le syst\u00e8me de filet polyvalent qui <strong>vous offre une anti-adh\u00e9rence sans pr\u00e9c\u00e9dent<\/strong> premi\u00e8rement : utilisez-les avec des fraises, des bananes et des produits sucr\u00e9s, vous verrez le r\u00e9sultat ! Et si vous les empilez, vous pouvez doubler la capacit\u00e9 de votre s\u00e8che-linge !<\/p>","protected":false},"featured_media":165322,"comment_status":"closed","ping_status":"closed","template":"","meta":{"_acf_changed":false},"product_brand":[],"product_cat":[26],"product_tag":[],"class_list":{"0":"post-165542","1":"product","2":"type-product","3":"status-publish","4":"has-post-thumbnail","6":"product_cat-antiaderenti","8":"first","9":"instock","10":"sale","11":"taxable","12":"shipping-taxable","13":"purchasable","14":"product-type-variable"},"gallery_images":[166380,166381,166382],"acf":[],"yoast_head":"<!-- This site is optimized with the Yoast SEO plugin v27.5 - https:\/\/yoast.com\/product\/yoast-seo-wordpress\/ -->\n<title>DrySilk Net Retine Antiaderenti &#187; confezione da 6 - Tauro Essiccatori<\/title>\n<meta name=\"description\" content=\"DrySilk Net Retine Antiaderenti - confezione da 6 retine antiaderenti. Impilabili, per raddoppiare la capienza del tuo essiccatore, antiaderenza massima.\" \/>\n<meta name=\"robots\" content=\"index, follow, max-snippet:-1, max-image-preview:large, max-video-preview:-1\" \/>\n<link rel=\"canonical\" href=\"https:\/\/www.tauroessiccatori.com\/fr\/sechoirs-domestiques\/accessoires\/antiadhesif\/drysilk-net\/\" \/>\n<meta property=\"og:locale\" content=\"fr_FR\" \/>\n<meta property=\"og:type\" content=\"article\" \/>\n<meta property=\"og:title\" content=\"DrySilk Net Retine Antiaderenti &#187; confezione da 6 - Tauro Essiccatori\" \/>\n<meta property=\"og:description\" content=\"DrySilk Net Retine Antiaderenti - confezione da 6 retine antiaderenti. Impilabili, per raddoppiare la capienza del tuo essiccatore, antiaderenza massima.\" \/>\n<meta property=\"og:url\" content=\"https:\/\/www.tauroessiccatori.com\/fr\/sechoirs-domestiques\/accessoires\/antiadhesif\/drysilk-net\/\" \/>\n<meta property=\"og:site_name\" content=\"Tauro Essiccatori\" \/>\n<meta property=\"article:publisher\" content=\"https:\/\/www.facebook.com\/tauroessiccatori\" \/>\n<meta property=\"article:modified_time\" content=\"2026-01-26T09:34:26+00:00\" \/>\n<meta property=\"og:image\" content=\"https:\/\/www.tauroessiccatori.com\/wp-content\/uploads\/2025\/03\/DrySilkNet02.jpg\" \/>\n\t<meta property=\"og:image:width\" content=\"1210\" \/>\n\t<meta property=\"og:image:height\" content=\"750\" \/>\n\t<meta property=\"og:image:type\" content=\"image\/jpeg\" \/>\n<meta name=\"twitter:card\" content=\"summary_large_image\" \/>\n<script type=\"application\/ld+json\" class=\"yoast-schema-graph\">{\"@context\":\"https:\\\/\\\/schema.org\",\"@graph\":[{\"@type\":\"WebPage\",\"@id\":\"https:\\\/\\\/www.tauroessiccatori.com\\\/fr\\\/essiccatori-domestici\\\/accessori\\\/antiaderenti\\\/drysilk-net\\\/\",\"url\":\"https:\\\/\\\/www.tauroessiccatori.com\\\/fr\\\/essiccatori-domestici\\\/accessori\\\/antiaderenti\\\/drysilk-net\\\/\",\"name\":\"DrySilk Net Retine Antiaderenti &#187; confezione da 6 - Tauro Essiccatori\",\"isPartOf\":{\"@id\":\"https:\\\/\\\/www.tauroessiccatori.com\\\/fr\\\/#website\"},\"primaryImageOfPage\":{\"@id\":\"https:\\\/\\\/www.tauroessiccatori.com\\\/fr\\\/essiccatori-domestici\\\/accessori\\\/antiaderenti\\\/drysilk-net\\\/#primaryimage\"},\"image\":{\"@id\":\"https:\\\/\\\/www.tauroessiccatori.com\\\/fr\\\/essiccatori-domestici\\\/accessori\\\/antiaderenti\\\/drysilk-net\\\/#primaryimage\"},\"thumbnailUrl\":\"https:\\\/\\\/www.tauroessiccatori.com\\\/wp-content\\\/uploads\\\/2025\\\/03\\\/DrySilkNet02.avif\",\"datePublished\":\"2025-08-29T12:11:54+00:00\",\"dateModified\":\"2026-01-26T09:34:26+00:00\",\"description\":\"DrySilk Net Retine Antiaderenti - confezione da 6 retine antiaderenti. Impilabili, per raddoppiare la capienza del tuo essiccatore, antiaderenza massima.\",\"breadcrumb\":{\"@id\":\"https:\\\/\\\/www.tauroessiccatori.com\\\/fr\\\/essiccatori-domestici\\\/accessori\\\/antiaderenti\\\/drysilk-net\\\/#breadcrumb\"},\"inLanguage\":\"fr-FR\",\"potentialAction\":[{\"@type\":\"ReadAction\",\"target\":[\"https:\\\/\\\/www.tauroessiccatori.com\\\/fr\\\/essiccatori-domestici\\\/accessori\\\/antiaderenti\\\/drysilk-net\\\/\"]}]},{\"@type\":\"ImageObject\",\"inLanguage\":\"fr-FR\",\"@id\":\"https:\\\/\\\/www.tauroessiccatori.com\\\/fr\\\/essiccatori-domestici\\\/accessori\\\/antiaderenti\\\/drysilk-net\\\/#primaryimage\",\"url\":\"https:\\\/\\\/www.tauroessiccatori.com\\\/wp-content\\\/uploads\\\/2025\\\/03\\\/DrySilkNet02.avif\",\"contentUrl\":\"https:\\\/\\\/www.tauroessiccatori.com\\\/wp-content\\\/uploads\\\/2025\\\/03\\\/DrySilkNet02.avif\",\"width\":1210,\"height\":750},{\"@type\":\"BreadcrumbList\",\"@id\":\"https:\\\/\\\/www.tauroessiccatori.com\\\/fr\\\/essiccatori-domestici\\\/accessori\\\/antiaderenti\\\/drysilk-net\\\/#breadcrumb\",\"itemListElement\":[{\"@type\":\"ListItem\",\"position\":1,\"name\":\"Home\",\"item\":\"https:\\\/\\\/www.tauroessiccatori.com\\\/\"},{\"@type\":\"ListItem\",\"position\":2,\"name\":\"Shop\",\"item\":\"https:\\\/\\\/www.tauroessiccatori.com\\\/shop\\\/\"},{\"@type\":\"ListItem\",\"position\":3,\"name\":\"DrySilk Net\"}]},{\"@type\":\"WebSite\",\"@id\":\"https:\\\/\\\/www.tauroessiccatori.com\\\/fr\\\/#website\",\"url\":\"https:\\\/\\\/www.tauroessiccatori.com\\\/fr\\\/\",\"name\":\"Tauro Essiccatori\",\"description\":\"Da pi\u00f9 di trent\u2019anni, i migliori sistemi di essiccazione.\",\"publisher\":{\"@id\":\"https:\\\/\\\/www.tauroessiccatori.com\\\/fr\\\/#organization\"},\"alternateName\":\"Tauro\",\"potentialAction\":[{\"@type\":\"SearchAction\",\"target\":{\"@type\":\"EntryPoint\",\"urlTemplate\":\"https:\\\/\\\/www.tauroessiccatori.com\\\/fr\\\/?s={search_term_string}\"},\"query-input\":{\"@type\":\"PropertyValueSpecification\",\"valueRequired\":true,\"valueName\":\"search_term_string\"}}],\"inLanguage\":\"fr-FR\"},{\"@type\":\"Organization\",\"@id\":\"https:\\\/\\\/www.tauroessiccatori.com\\\/fr\\\/#organization\",\"name\":\"Tauro Essiccatori\",\"alternateName\":\"Tauro Essiccatori srl unipersonale\",\"url\":\"https:\\\/\\\/www.tauroessiccatori.com\\\/fr\\\/\",\"logo\":{\"@type\":\"ImageObject\",\"inLanguage\":\"fr-FR\",\"@id\":\"https:\\\/\\\/www.tauroessiccatori.com\\\/fr\\\/#\\\/schema\\\/logo\\\/image\\\/\",\"url\":\"https:\\\/\\\/www.tauroessiccatori.com\\\/wp-content\\\/uploads\\\/2026\\\/01\\\/tauro.avif\",\"contentUrl\":\"https:\\\/\\\/www.tauroessiccatori.com\\\/wp-content\\\/uploads\\\/2026\\\/01\\\/tauro.avif\",\"width\":360,\"height\":360,\"caption\":\"Tauro Essiccatori\"},\"image\":{\"@id\":\"https:\\\/\\\/www.tauroessiccatori.com\\\/fr\\\/#\\\/schema\\\/logo\\\/image\\\/\"},\"sameAs\":[\"https:\\\/\\\/www.facebook.com\\\/tauroessiccatori\"]}]}<\/script>\n<!-- \/ Yoast SEO plugin. -->","yoast_head_json":{"title":"Filets antiadh\u00e9sifs DrySilk Net \u00bb paquet de 6 - Tauro Dryers","description":"Filets antiadh\u00e9sifs DrySilk Net - paquet de 6 filets antiadh\u00e9sifs. Empilables, pour doubler la capacit\u00e9 de votre s\u00e8che-linge, maximum d'anti-adh\u00e9rence.","robots":{"index":"index","follow":"follow","max-snippet":"max-snippet:-1","max-image-preview":"max-image-preview:large","max-video-preview":"max-video-preview:-1"},"canonical":"https:\/\/www.tauroessiccatori.com\/fr\/sechoirs-domestiques\/accessoires\/antiadhesif\/drysilk-net\/","og_locale":"fr_FR","og_type":"article","og_title":"DrySilk Net Retine Antiaderenti &#187; confezione da 6 - Tauro Essiccatori","og_description":"DrySilk Net Retine Antiaderenti - confezione da 6 retine antiaderenti. Impilabili, per raddoppiare la capienza del tuo essiccatore, antiaderenza massima.","og_url":"https:\/\/www.tauroessiccatori.com\/fr\/sechoirs-domestiques\/accessoires\/antiadhesif\/drysilk-net\/","og_site_name":"Tauro Essiccatori","article_publisher":"https:\/\/www.facebook.com\/tauroessiccatori","article_modified_time":"2026-01-26T09:34:26+00:00","og_image":[{"width":1210,"height":750,"url":"https:\/\/www.tauroessiccatori.com\/wp-content\/uploads\/2025\/03\/DrySilkNet02.jpg","type":"image\/jpeg"}],"twitter_card":"summary_large_image","schema":{"@context":"https:\/\/schema.org","@graph":[{"@type":"WebPage","@id":"https:\/\/www.tauroessiccatori.com\/fr\/essiccatori-domestici\/accessori\/antiaderenti\/drysilk-net\/","url":"https:\/\/www.tauroessiccatori.com\/fr\/essiccatori-domestici\/accessori\/antiaderenti\/drysilk-net\/","name":"Filets antiadh\u00e9sifs DrySilk Net \u00bb paquet de 6 - Tauro Dryers","isPartOf":{"@id":"https:\/\/www.tauroessiccatori.com\/fr\/#website"},"primaryImageOfPage":{"@id":"https:\/\/www.tauroessiccatori.com\/fr\/essiccatori-domestici\/accessori\/antiaderenti\/drysilk-net\/#primaryimage"},"image":{"@id":"https:\/\/www.tauroessiccatori.com\/fr\/essiccatori-domestici\/accessori\/antiaderenti\/drysilk-net\/#primaryimage"},"thumbnailUrl":"https:\/\/www.tauroessiccatori.com\/wp-content\/uploads\/2025\/03\/DrySilkNet02.avif","datePublished":"2025-08-29T12:11:54+00:00","dateModified":"2026-01-26T09:34:26+00:00","description":"Filets antiadh\u00e9sifs DrySilk Net - paquet de 6 filets antiadh\u00e9sifs. Empilables, pour doubler la capacit\u00e9 de votre s\u00e8che-linge, maximum d'anti-adh\u00e9rence.","breadcrumb":{"@id":"https:\/\/www.tauroessiccatori.com\/fr\/essiccatori-domestici\/accessori\/antiaderenti\/drysilk-net\/#breadcrumb"},"inLanguage":"fr-FR","potentialAction":[{"@type":"ReadAction","target":["https:\/\/www.tauroessiccatori.com\/fr\/essiccatori-domestici\/accessori\/antiaderenti\/drysilk-net\/"]}]},{"@type":"ImageObject","inLanguage":"fr-FR","@id":"https:\/\/www.tauroessiccatori.com\/fr\/essiccatori-domestici\/accessori\/antiaderenti\/drysilk-net\/#primaryimage","url":"https:\/\/www.tauroessiccatori.com\/wp-content\/uploads\/2025\/03\/DrySilkNet02.avif","contentUrl":"https:\/\/www.tauroessiccatori.com\/wp-content\/uploads\/2025\/03\/DrySilkNet02.avif","width":1210,"height":750},{"@type":"BreadcrumbList","@id":"https:\/\/www.tauroessiccatori.com\/fr\/essiccatori-domestici\/accessori\/antiaderenti\/drysilk-net\/#breadcrumb","itemListElement":[{"@type":"ListItem","position":1,"name":"Home","item":"https:\/\/www.tauroessiccatori.com\/"},{"@type":"ListItem","position":2,"name":"Shop","item":"https:\/\/www.tauroessiccatori.com\/shop\/"},{"@type":"ListItem","position":3,"name":"DrySilk Net"}]},{"@type":"WebSite","@id":"https:\/\/www.tauroessiccatori.com\/fr\/#website","url":"https:\/\/www.tauroessiccatori.com\/fr\/","name":"S\u00e9cheurs Tauro","description":"Depuis plus de 30 ans, les meilleurs syst\u00e8mes de s\u00e9chage.","publisher":{"@id":"https:\/\/www.tauroessiccatori.com\/fr\/#organization"},"alternateName":"Tauro","potentialAction":[{"@type":"SearchAction","target":{"@type":"EntryPoint","urlTemplate":"https:\/\/www.tauroessiccatori.com\/fr\/?s={search_term_string}"},"query-input":{"@type":"PropertyValueSpecification","valueRequired":true,"valueName":"search_term_string"}}],"inLanguage":"fr-FR"},{"@type":"Organization","@id":"https:\/\/www.tauroessiccatori.com\/fr\/#organization","name":"S\u00e9cheurs Tauro","alternateName":"Tauro Essiccatori srl unipersonale","url":"https:\/\/www.tauroessiccatori.com\/fr\/","logo":{"@type":"ImageObject","inLanguage":"fr-FR","@id":"https:\/\/www.tauroessiccatori.com\/fr\/#\/schema\/logo\/image\/","url":"https:\/\/www.tauroessiccatori.com\/wp-content\/uploads\/2026\/01\/tauro.avif","contentUrl":"https:\/\/www.tauroessiccatori.com\/wp-content\/uploads\/2026\/01\/tauro.avif","width":360,"height":360,"caption":"Tauro Essiccatori"},"image":{"@id":"https:\/\/www.tauroessiccatori.com\/fr\/#\/schema\/logo\/image\/"},"sameAs":["https:\/\/www.facebook.com\/tauroessiccatori"]}]}},"_links":{"self":[{"href":"https:\/\/www.tauroessiccatori.com\/fr\/wp-json\/wp\/v2\/product\/165542","targetHints":{"allow":["GET"]}}],"collection":[{"href":"https:\/\/www.tauroessiccatori.com\/fr\/wp-json\/wp\/v2\/product"}],"about":[{"href":"https:\/\/www.tauroessiccatori.com\/fr\/wp-json\/wp\/v2\/types\/product"}],"replies":[{"embeddable":true,"href":"https:\/\/www.tauroessiccatori.com\/fr\/wp-json\/wp\/v2\/comments?post=165542"}],"wp:featuredmedia":[{"embeddable":true,"href":"https:\/\/www.tauroessiccatori.com\/fr\/wp-json\/wp\/v2\/media\/165322"}],"wp:attachment":[{"href":"https:\/\/www.tauroessiccatori.com\/fr\/wp-json\/wp\/v2\/media?parent=165542"}],"wp:term":[{"taxonomy":"product_brand","embeddable":true,"href":"https:\/\/www.tauroessiccatori.com\/fr\/wp-json\/wp\/v2\/product_brand?post=165542"},{"taxonomy":"product_cat","embeddable":true,"href":"https:\/\/www.tauroessiccatori.com\/fr\/wp-json\/wp\/v2\/product_cat?post=165542"},{"taxonomy":"product_tag","embeddable":true,"href":"https:\/\/www.tauroessiccatori.com\/fr\/wp-json\/wp\/v2\/product_tag?post=165542"}],"curies":[{"name":"wp","href":"https:\/\/api.w.org\/{rel}","templated":true}]}}