{"id":166069,"date":"2025-12-30T10:16:48","date_gmt":"2025-12-30T09:16:48","guid":{"rendered":"https:\/\/tauroessiccatori.com\/?page_id=166069"},"modified":"2026-01-19T12:19:45","modified_gmt":"2026-01-19T11:19:45","slug":"paiements","status":"publish","type":"page","link":"https:\/\/www.tauroessiccatori.com\/fr\/essiccatori-domestici\/servizio-clienti\/pagamenti\/","title":{"rendered":"Paiements"},"content":{"rendered":"<p><strong>Cartes de cr\u00e9dit<\/strong><\/p>\n<p>Payez facilement et en toute s\u00e9curit\u00e9 avec votre carte de cr\u00e9dit gr\u00e2ce \u00e0 Stripe. Les cartes suivantes sont accept\u00e9es : MasterCard, Visa, PostePay et la plupart des autres cartes pr\u00e9pay\u00e9es du march\u00e9.<\/p>\n<p><strong>Circuit de paiement<\/strong><\/p>\n<p>PayPal a \u00e9t\u00e9 con\u00e7u d\u00e8s le d\u00e9part comme un syst\u00e8me extr\u00eamement fiable pour effectuer des d\u00e9p\u00f4ts. Vos informations financi\u00e8res confidentielles sont conserv\u00e9es en toute s\u00e9curit\u00e9 sur les serveurs de PayPal, o\u00f9 vous pouvez facilement les g\u00e9rer en un seul endroit. Cette commodit\u00e9 est tr\u00e8s appr\u00e9ci\u00e9e par ceux qui ont connu PayPal en achetant ou en vendant sur Ebay. Toutes les transactions sont prot\u00e9g\u00e9es par une transmission sur un canal SSL crypt\u00e9 \u00e0 128 bits. Vous pouvez payer en utilisant l'argent qui se trouve d\u00e9j\u00e0 sur votre compte PayPal ou en utilisant une carte de paiement. Les produits pay\u00e9s par PayPal seront exp\u00e9di\u00e9s dans les 2\/3 jours ouvrables.<\/p>\n<p><strong>Transfert anticip\u00e9<\/strong><\/p>\n<p>Pour payer par cette m\u00e9thode, il faut verser le montant d\u00fb sur le compte suivant au nom de Tauro Essiccatori Srl : code IBAN IT87E0200860230000104739843 Veuillez indiquer le code de la commande dans le motif du virement. Les produits demand\u00e9s seront exp\u00e9di\u00e9s dans les 2\/3 jours ouvrables suivant le cr\u00e9dit sur le compte.<\/p>\n<p><strong>Paiement contre remboursement (uniquement pour l'exp\u00e9dition et la facturation en Italie)<\/strong><\/p>\n<p>Dans ce cas, vous paierez le transporteur directement \u00e0 la r\u00e9ception des produits command\u00e9s. Le paiement peut \u00eatre effectu\u00e9 en esp\u00e8ces directement au transporteur. Il est recommand\u00e9 de pr\u00e9parer le montant exact. Le paiement par ch\u00e8que \u00e0 l'ordre de Tauro Essiccatori Srl n'est possible qu'apr\u00e8s notification \u00e0 Tauro en m\u00eame temps que la commande. Ce mode de paiement ne peut \u00eatre utilis\u00e9 que pour les envois en Italie. Les produits contre remboursement seront exp\u00e9di\u00e9s dans les 2\/3 jours ouvrables suivant la commande. Le service de contre-remboursement a un co\u00fbt de 6 euros.<\/p>","protected":false},"excerpt":{"rendered":"<p>Carte di credito Paga in modo facile e sicuro con la tua carta di credito attraverso Stripe. Sono accettate le [&hellip;]<\/p>\n","protected":false},"author":1,"featured_media":0,"parent":358,"menu_order":40,"comment_status":"closed","ping_status":"closed","template":"page-servizio-clienti.php","meta":{"_acf_changed":false,"footnotes":""},"class_list":["post-166069","page","type-page","status-publish","hentry"],"acf":[],"yoast_head":"<!-- This site is optimized with the Yoast SEO plugin v27.5 - https:\/\/yoast.com\/product\/yoast-seo-wordpress\/ -->\n<title>Pagamenti &#187; Tauro Essiccatori<\/title>\n<meta name=\"robots\" content=\"index, follow, max-snippet:-1, max-image-preview:large, max-video-preview:-1\" \/>\n<link rel=\"canonical\" href=\"https:\/\/www.tauroessiccatori.com\/fr\/sechoirs-domestiques\/service-clientele\/paiements\/\" \/>\n<meta property=\"og:locale\" content=\"fr_FR\" \/>\n<meta property=\"og:type\" content=\"article\" \/>\n<meta property=\"og:title\" content=\"Pagamenti &#187; Tauro Essiccatori\" \/>\n<meta property=\"og:description\" content=\"Carte di credito Paga in modo facile e sicuro con la tua carta di credito attraverso Stripe. Sono accettate le [&hellip;]\" \/>\n<meta property=\"og:url\" content=\"https:\/\/www.tauroessiccatori.com\/fr\/sechoirs-domestiques\/service-clientele\/paiements\/\" \/>\n<meta property=\"og:site_name\" content=\"Tauro Essiccatori\" \/>\n<meta property=\"article:publisher\" content=\"https:\/\/www.facebook.com\/tauroessiccatori\" \/>\n<meta property=\"article:modified_time\" content=\"2026-01-19T11:19:45+00:00\" \/>\n<meta name=\"twitter:card\" content=\"summary_large_image\" \/>\n<script type=\"application\/ld+json\" class=\"yoast-schema-graph\">{\"@context\":\"https:\\\/\\\/schema.org\",\"@graph\":[{\"@type\":\"WebPage\",\"@id\":\"https:\\\/\\\/www.tauroessiccatori.com\\\/fr\\\/essiccatori-domestici\\\/servizio-clienti\\\/pagamenti\\\/\",\"url\":\"https:\\\/\\\/www.tauroessiccatori.com\\\/fr\\\/essiccatori-domestici\\\/servizio-clienti\\\/pagamenti\\\/\",\"name\":\"Pagamenti &#187; Tauro Essiccatori\",\"isPartOf\":{\"@id\":\"https:\\\/\\\/www.tauroessiccatori.com\\\/fr\\\/#website\"},\"datePublished\":\"2025-12-30T09:16:48+00:00\",\"dateModified\":\"2026-01-19T11:19:45+00:00\",\"breadcrumb\":{\"@id\":\"https:\\\/\\\/www.tauroessiccatori.com\\\/fr\\\/essiccatori-domestici\\\/servizio-clienti\\\/pagamenti\\\/#breadcrumb\"},\"inLanguage\":\"fr-FR\",\"potentialAction\":[{\"@type\":\"ReadAction\",\"target\":[\"https:\\\/\\\/www.tauroessiccatori.com\\\/fr\\\/essiccatori-domestici\\\/servizio-clienti\\\/pagamenti\\\/\"]}]},{\"@type\":\"BreadcrumbList\",\"@id\":\"https:\\\/\\\/www.tauroessiccatori.com\\\/fr\\\/essiccatori-domestici\\\/servizio-clienti\\\/pagamenti\\\/#breadcrumb\",\"itemListElement\":[{\"@type\":\"ListItem\",\"position\":1,\"name\":\"Home\",\"item\":\"https:\\\/\\\/www.tauroessiccatori.com\\\/\"},{\"@type\":\"ListItem\",\"position\":2,\"name\":\"Essiccatori Domestici\",\"item\":\"https:\\\/\\\/www.tauroessiccatori.com\\\/essiccatori-domestici\\\/\"},{\"@type\":\"ListItem\",\"position\":3,\"name\":\"Servizio Clienti\",\"item\":\"https:\\\/\\\/www.tauroessiccatori.com\\\/essiccatori-domestici\\\/servizio-clienti\\\/\"},{\"@type\":\"ListItem\",\"position\":4,\"name\":\"Pagamenti\"}]},{\"@type\":\"WebSite\",\"@id\":\"https:\\\/\\\/www.tauroessiccatori.com\\\/fr\\\/#website\",\"url\":\"https:\\\/\\\/www.tauroessiccatori.com\\\/fr\\\/\",\"name\":\"Tauro Essiccatori\",\"description\":\"Da pi\u00f9 di trent\u2019anni, i migliori sistemi di essiccazione.\",\"publisher\":{\"@id\":\"https:\\\/\\\/www.tauroessiccatori.com\\\/fr\\\/#organization\"},\"alternateName\":\"Tauro\",\"potentialAction\":[{\"@type\":\"SearchAction\",\"target\":{\"@type\":\"EntryPoint\",\"urlTemplate\":\"https:\\\/\\\/www.tauroessiccatori.com\\\/fr\\\/?s={search_term_string}\"},\"query-input\":{\"@type\":\"PropertyValueSpecification\",\"valueRequired\":true,\"valueName\":\"search_term_string\"}}],\"inLanguage\":\"fr-FR\"},{\"@type\":\"Organization\",\"@id\":\"https:\\\/\\\/www.tauroessiccatori.com\\\/fr\\\/#organization\",\"name\":\"Tauro Essiccatori\",\"alternateName\":\"Tauro Essiccatori srl unipersonale\",\"url\":\"https:\\\/\\\/www.tauroessiccatori.com\\\/fr\\\/\",\"logo\":{\"@type\":\"ImageObject\",\"inLanguage\":\"fr-FR\",\"@id\":\"https:\\\/\\\/www.tauroessiccatori.com\\\/fr\\\/#\\\/schema\\\/logo\\\/image\\\/\",\"url\":\"https:\\\/\\\/www.tauroessiccatori.com\\\/wp-content\\\/uploads\\\/2026\\\/01\\\/tauro.avif\",\"contentUrl\":\"https:\\\/\\\/www.tauroessiccatori.com\\\/wp-content\\\/uploads\\\/2026\\\/01\\\/tauro.avif\",\"width\":360,\"height\":360,\"caption\":\"Tauro Essiccatori\"},\"image\":{\"@id\":\"https:\\\/\\\/www.tauroessiccatori.com\\\/fr\\\/#\\\/schema\\\/logo\\\/image\\\/\"},\"sameAs\":[\"https:\\\/\\\/www.facebook.com\\\/tauroessiccatori\"]}]}<\/script>\n<!-- \/ Yoast SEO plugin. -->","yoast_head_json":{"title":"Paiements \u00bb S\u00e9cheurs Tauro","robots":{"index":"index","follow":"follow","max-snippet":"max-snippet:-1","max-image-preview":"max-image-preview:large","max-video-preview":"max-video-preview:-1"},"canonical":"https:\/\/www.tauroessiccatori.com\/fr\/sechoirs-domestiques\/service-clientele\/paiements\/","og_locale":"fr_FR","og_type":"article","og_title":"Pagamenti &#187; Tauro Essiccatori","og_description":"Carte di credito Paga in modo facile e sicuro con la tua carta di credito attraverso Stripe. Sono accettate le [&hellip;]","og_url":"https:\/\/www.tauroessiccatori.com\/fr\/sechoirs-domestiques\/service-clientele\/paiements\/","og_site_name":"Tauro Essiccatori","article_publisher":"https:\/\/www.facebook.com\/tauroessiccatori","article_modified_time":"2026-01-19T11:19:45+00:00","twitter_card":"summary_large_image","schema":{"@context":"https:\/\/schema.org","@graph":[{"@type":"WebPage","@id":"https:\/\/www.tauroessiccatori.com\/fr\/essiccatori-domestici\/servizio-clienti\/pagamenti\/","url":"https:\/\/www.tauroessiccatori.com\/fr\/essiccatori-domestici\/servizio-clienti\/pagamenti\/","name":"Paiements \u00bb S\u00e9cheurs Tauro","isPartOf":{"@id":"https:\/\/www.tauroessiccatori.com\/fr\/#website"},"datePublished":"2025-12-30T09:16:48+00:00","dateModified":"2026-01-19T11:19:45+00:00","breadcrumb":{"@id":"https:\/\/www.tauroessiccatori.com\/fr\/essiccatori-domestici\/servizio-clienti\/pagamenti\/#breadcrumb"},"inLanguage":"fr-FR","potentialAction":[{"@type":"ReadAction","target":["https:\/\/www.tauroessiccatori.com\/fr\/essiccatori-domestici\/servizio-clienti\/pagamenti\/"]}]},{"@type":"BreadcrumbList","@id":"https:\/\/www.tauroessiccatori.com\/fr\/essiccatori-domestici\/servizio-clienti\/pagamenti\/#breadcrumb","itemListElement":[{"@type":"ListItem","position":1,"name":"Home","item":"https:\/\/www.tauroessiccatori.com\/"},{"@type":"ListItem","position":2,"name":"Essiccatori Domestici","item":"https:\/\/www.tauroessiccatori.com\/essiccatori-domestici\/"},{"@type":"ListItem","position":3,"name":"Servizio Clienti","item":"https:\/\/www.tauroessiccatori.com\/essiccatori-domestici\/servizio-clienti\/"},{"@type":"ListItem","position":4,"name":"Pagamenti"}]},{"@type":"WebSite","@id":"https:\/\/www.tauroessiccatori.com\/fr\/#website","url":"https:\/\/www.tauroessiccatori.com\/fr\/","name":"S\u00e9cheurs Tauro","description":"Depuis plus de 30 ans, les meilleurs syst\u00e8mes de s\u00e9chage.","publisher":{"@id":"https:\/\/www.tauroessiccatori.com\/fr\/#organization"},"alternateName":"Tauro","potentialAction":[{"@type":"SearchAction","target":{"@type":"EntryPoint","urlTemplate":"https:\/\/www.tauroessiccatori.com\/fr\/?s={search_term_string}"},"query-input":{"@type":"PropertyValueSpecification","valueRequired":true,"valueName":"search_term_string"}}],"inLanguage":"fr-FR"},{"@type":"Organization","@id":"https:\/\/www.tauroessiccatori.com\/fr\/#organization","name":"S\u00e9cheurs Tauro","alternateName":"Tauro Essiccatori srl unipersonale","url":"https:\/\/www.tauroessiccatori.com\/fr\/","logo":{"@type":"ImageObject","inLanguage":"fr-FR","@id":"https:\/\/www.tauroessiccatori.com\/fr\/#\/schema\/logo\/image\/","url":"https:\/\/www.tauroessiccatori.com\/wp-content\/uploads\/2026\/01\/tauro.avif","contentUrl":"https:\/\/www.tauroessiccatori.com\/wp-content\/uploads\/2026\/01\/tauro.avif","width":360,"height":360,"caption":"Tauro Essiccatori"},"image":{"@id":"https:\/\/www.tauroessiccatori.com\/fr\/#\/schema\/logo\/image\/"},"sameAs":["https:\/\/www.facebook.com\/tauroessiccatori"]}]}},"_links":{"self":[{"href":"https:\/\/www.tauroessiccatori.com\/fr\/wp-json\/wp\/v2\/pages\/166069","targetHints":{"allow":["GET"]}}],"collection":[{"href":"https:\/\/www.tauroessiccatori.com\/fr\/wp-json\/wp\/v2\/pages"}],"about":[{"href":"https:\/\/www.tauroessiccatori.com\/fr\/wp-json\/wp\/v2\/types\/page"}],"author":[{"embeddable":true,"href":"https:\/\/www.tauroessiccatori.com\/fr\/wp-json\/wp\/v2\/users\/1"}],"replies":[{"embeddable":true,"href":"https:\/\/www.tauroessiccatori.com\/fr\/wp-json\/wp\/v2\/comments?post=166069"}],"version-history":[{"count":2,"href":"https:\/\/www.tauroessiccatori.com\/fr\/wp-json\/wp\/v2\/pages\/166069\/revisions"}],"predecessor-version":[{"id":166363,"href":"https:\/\/www.tauroessiccatori.com\/fr\/wp-json\/wp\/v2\/pages\/166069\/revisions\/166363"}],"up":[{"embeddable":true,"href":"https:\/\/www.tauroessiccatori.com\/fr\/wp-json\/wp\/v2\/pages\/358"}],"wp:attachment":[{"href":"https:\/\/www.tauroessiccatori.com\/fr\/wp-json\/wp\/v2\/media?parent=166069"}],"curies":[{"name":"wp","href":"https:\/\/api.w.org\/{rel}","templated":true}]}}