{"id":165772,"date":"2025-10-08T19:05:50","date_gmt":"2025-10-08T17:05:50","guid":{"rendered":"https:\/\/tauroessiccatori.com\/?page_id=165772"},"modified":"2026-01-28T09:40:38","modified_gmt":"2026-01-28T08:40:38","slug":"declaration-de-conformite","status":"publish","type":"page","link":"https:\/\/www.tauroessiccatori.com\/fr\/manuale-biosec\/dichiarazione-conformita\/","title":{"rendered":"D\u00e9claration de conformit\u00e9"},"content":{"rendered":"<div><img loading=\"lazy\" decoding=\"async\" class=\"size-full wp-image-165774 aligncenter\" src=\"https:\/\/tauroessiccatori.com\/wp-content\/uploads\/2025\/10\/ce.png\" alt=\"\" width=\"58\" height=\"46\" \/><\/div>\n<p class=\"p1\">Tauro Essiccatori Srl - Unipersonale - via del Lavoro 6 - 36043 Camisano Vicentino (VI) - sous sa seule responsabilit\u00e9, d\u00e9clare que l'appareil suivant :<\/p>\n<p class=\"p3\"><b>BIOSEC SECHOIR <\/b><\/p>\n<p class=\"p1\"><strong>EST CONFORME AUX EXIGENCES ESSENTIELLES DES DIRECTIVES :<\/strong><\/p>\n<p class=\"p1\">2014\/35\/EU (basse tension)<\/p>\n<p class=\"p1\">2014\/30\/EU (compatibilit\u00e9 \u00e9lectromagn\u00e9tique)<\/p>\n<p>&nbsp;<\/p>\n<p class=\"p1\"><strong>AVEC L'APPLICATION DES NORMES HARMONIS\u00c9ES SUIVANTES :<\/strong><\/p>\n<p class=\"p1\"><span class=\"s1\">EN 60335-2-49:2003+A11:2012+A2:2019 (armoires chauffantes \u00e9lectriques \u00e0 usage collectif)<\/span><\/p>\n<p class=\"p1\">EN IEC 61000-6-2:2021 (\u00e9missions pour les environnements r\u00e9sidentiels)<\/p>\n<p class=\"p1\">EN IEC 61000-6-2:2019 (immunit\u00e9 pour les environnements industriels)<\/p>\n<p>&nbsp;<\/p>\n<p class=\"p1\"><strong>Tous les s\u00e9cheurs Tauro de la gamme Biosec sont adapt\u00e9s au contact avec toutes les denr\u00e9es alimentaires et sont conformes \u00e0 la l\u00e9gislation europ\u00e9enne suivante :<\/strong><\/p>\n<p class=\"p1\">R\u00e8glement (CE) n\u00b0 1935\/2004<\/p>\n<p class=\"p1\">R\u00e8glement (UE) n\u00b0 10\/2011<span class=\"Apple-converted-space\">\u00a0 <\/span>et ses mises \u00e0 jour et modifications ult\u00e9rieures<\/p>\n<p class=\"p1\"><strong>et la l\u00e9gislation italienne suivante :<\/strong><\/p>\n<p class=\"p1\">D\u00e9cret minist\u00e9riel n\u00b0 140 du 11 novembre 2013<\/p>\n<p class=\"p1\">D\u00e9cret minist\u00e9riel n\u00b0 195 du 06 ao\u00fbt 2015<\/p>\n<p class=\"p1\">D\u00e9cret minist\u00e9riel n\u00b0 208 du 25 novembre 2022<\/p>\n<p class=\"p1\">D\u00e9cret minist\u00e9riel 21\/03\/1973 et mises \u00e0 jour et modifications ult\u00e9rieures<\/p>\n<p><img loading=\"lazy\" decoding=\"async\" class=\"size-full wp-image-165773 alignright\" src=\"https:\/\/tauroessiccatori.com\/wp-content\/uploads\/2025\/10\/biosec_manuale_2022-23.png\" alt=\"\" width=\"199\" height=\"118\" \/><\/p>","protected":false},"excerpt":{"rendered":"<p>Tauro Essiccatori Srl &#8211; Unipersonale &#8211; via del Lavoro 6 &#8211; 36043 Camisano Vicentino (VI) &#8211; sotto la propria esclusiva [&hellip;]<\/p>\n","protected":false},"author":1,"featured_media":0,"parent":165699,"menu_order":29,"comment_status":"closed","ping_status":"closed","template":"page-manuale-biosec.php","meta":{"_acf_changed":false,"footnotes":""},"class_list":["post-165772","page","type-page","status-publish","hentry"],"acf":[],"yoast_head":"<!-- This site is optimized with the Yoast SEO plugin v27.5 - https:\/\/yoast.com\/product\/yoast-seo-wordpress\/ -->\n<title>Dichiarazione di conformit\u00e0 &#187; Tauro Essiccatori<\/title>\n<meta name=\"robots\" content=\"index, follow, max-snippet:-1, max-image-preview:large, max-video-preview:-1\" \/>\n<link rel=\"canonical\" href=\"https:\/\/www.tauroessiccatori.com\/fr\/manuel-biosec\/declaration-de-conformite\/\" \/>\n<meta property=\"og:locale\" content=\"fr_FR\" \/>\n<meta property=\"og:type\" content=\"article\" \/>\n<meta property=\"og:title\" content=\"Dichiarazione di conformit\u00e0 &#187; Tauro Essiccatori\" \/>\n<meta property=\"og:description\" content=\"Tauro Essiccatori Srl &#8211; Unipersonale &#8211; via del Lavoro 6 &#8211; 36043 Camisano Vicentino (VI) &#8211; sotto la propria esclusiva [&hellip;]\" \/>\n<meta property=\"og:url\" content=\"https:\/\/www.tauroessiccatori.com\/fr\/manuel-biosec\/declaration-de-conformite\/\" \/>\n<meta property=\"og:site_name\" content=\"Tauro Essiccatori\" \/>\n<meta property=\"article:publisher\" content=\"https:\/\/www.facebook.com\/tauroessiccatori\" \/>\n<meta property=\"article:modified_time\" content=\"2026-01-28T08:40:38+00:00\" \/>\n<meta name=\"twitter:card\" content=\"summary_large_image\" \/>\n<script type=\"application\/ld+json\" class=\"yoast-schema-graph\">{\"@context\":\"https:\\\/\\\/schema.org\",\"@graph\":[{\"@type\":\"WebPage\",\"@id\":\"https:\\\/\\\/www.tauroessiccatori.com\\\/fr\\\/manuale-biosec\\\/dichiarazione-conformita\\\/\",\"url\":\"https:\\\/\\\/www.tauroessiccatori.com\\\/fr\\\/manuale-biosec\\\/dichiarazione-conformita\\\/\",\"name\":\"Dichiarazione di conformit\u00e0 &#187; Tauro Essiccatori\",\"isPartOf\":{\"@id\":\"https:\\\/\\\/www.tauroessiccatori.com\\\/fr\\\/#website\"},\"primaryImageOfPage\":{\"@id\":\"https:\\\/\\\/www.tauroessiccatori.com\\\/fr\\\/manuale-biosec\\\/dichiarazione-conformita\\\/#primaryimage\"},\"image\":{\"@id\":\"https:\\\/\\\/www.tauroessiccatori.com\\\/fr\\\/manuale-biosec\\\/dichiarazione-conformita\\\/#primaryimage\"},\"thumbnailUrl\":\"https:\\\/\\\/tauroessiccatori.com\\\/wp-content\\\/uploads\\\/2025\\\/10\\\/ce.png\",\"datePublished\":\"2025-10-08T17:05:50+00:00\",\"dateModified\":\"2026-01-28T08:40:38+00:00\",\"breadcrumb\":{\"@id\":\"https:\\\/\\\/www.tauroessiccatori.com\\\/fr\\\/manuale-biosec\\\/dichiarazione-conformita\\\/#breadcrumb\"},\"inLanguage\":\"fr-FR\",\"potentialAction\":[{\"@type\":\"ReadAction\",\"target\":[\"https:\\\/\\\/www.tauroessiccatori.com\\\/fr\\\/manuale-biosec\\\/dichiarazione-conformita\\\/\"]}]},{\"@type\":\"ImageObject\",\"inLanguage\":\"fr-FR\",\"@id\":\"https:\\\/\\\/www.tauroessiccatori.com\\\/fr\\\/manuale-biosec\\\/dichiarazione-conformita\\\/#primaryimage\",\"url\":\"https:\\\/\\\/tauroessiccatori.com\\\/wp-content\\\/uploads\\\/2025\\\/10\\\/ce.png\",\"contentUrl\":\"https:\\\/\\\/tauroessiccatori.com\\\/wp-content\\\/uploads\\\/2025\\\/10\\\/ce.png\"},{\"@type\":\"BreadcrumbList\",\"@id\":\"https:\\\/\\\/www.tauroessiccatori.com\\\/fr\\\/manuale-biosec\\\/dichiarazione-conformita\\\/#breadcrumb\",\"itemListElement\":[{\"@type\":\"ListItem\",\"position\":1,\"name\":\"Home\",\"item\":\"https:\\\/\\\/www.tauroessiccatori.com\\\/\"},{\"@type\":\"ListItem\",\"position\":2,\"name\":\"Manuale Biosec\",\"item\":\"https:\\\/\\\/www.tauroessiccatori.com\\\/manuale-biosec\\\/\"},{\"@type\":\"ListItem\",\"position\":3,\"name\":\"Dichiarazione di conformit\u00e0\"}]},{\"@type\":\"WebSite\",\"@id\":\"https:\\\/\\\/www.tauroessiccatori.com\\\/fr\\\/#website\",\"url\":\"https:\\\/\\\/www.tauroessiccatori.com\\\/fr\\\/\",\"name\":\"Tauro Essiccatori\",\"description\":\"Da pi\u00f9 di trent\u2019anni, i migliori sistemi di essiccazione.\",\"publisher\":{\"@id\":\"https:\\\/\\\/www.tauroessiccatori.com\\\/fr\\\/#organization\"},\"alternateName\":\"Tauro\",\"potentialAction\":[{\"@type\":\"SearchAction\",\"target\":{\"@type\":\"EntryPoint\",\"urlTemplate\":\"https:\\\/\\\/www.tauroessiccatori.com\\\/fr\\\/?s={search_term_string}\"},\"query-input\":{\"@type\":\"PropertyValueSpecification\",\"valueRequired\":true,\"valueName\":\"search_term_string\"}}],\"inLanguage\":\"fr-FR\"},{\"@type\":\"Organization\",\"@id\":\"https:\\\/\\\/www.tauroessiccatori.com\\\/fr\\\/#organization\",\"name\":\"Tauro Essiccatori\",\"alternateName\":\"Tauro Essiccatori srl unipersonale\",\"url\":\"https:\\\/\\\/www.tauroessiccatori.com\\\/fr\\\/\",\"logo\":{\"@type\":\"ImageObject\",\"inLanguage\":\"fr-FR\",\"@id\":\"https:\\\/\\\/www.tauroessiccatori.com\\\/fr\\\/#\\\/schema\\\/logo\\\/image\\\/\",\"url\":\"https:\\\/\\\/www.tauroessiccatori.com\\\/wp-content\\\/uploads\\\/2026\\\/01\\\/tauro.avif\",\"contentUrl\":\"https:\\\/\\\/www.tauroessiccatori.com\\\/wp-content\\\/uploads\\\/2026\\\/01\\\/tauro.avif\",\"width\":360,\"height\":360,\"caption\":\"Tauro Essiccatori\"},\"image\":{\"@id\":\"https:\\\/\\\/www.tauroessiccatori.com\\\/fr\\\/#\\\/schema\\\/logo\\\/image\\\/\"},\"sameAs\":[\"https:\\\/\\\/www.facebook.com\\\/tauroessiccatori\"]}]}<\/script>\n<!-- \/ Yoast SEO plugin. -->","yoast_head_json":{"title":"D\u00e9claration de conformit\u00e9 \u00bb Tauro Dryers","robots":{"index":"index","follow":"follow","max-snippet":"max-snippet:-1","max-image-preview":"max-image-preview:large","max-video-preview":"max-video-preview:-1"},"canonical":"https:\/\/www.tauroessiccatori.com\/fr\/manuel-biosec\/declaration-de-conformite\/","og_locale":"fr_FR","og_type":"article","og_title":"Dichiarazione di conformit\u00e0 &#187; Tauro Essiccatori","og_description":"Tauro Essiccatori Srl &#8211; Unipersonale &#8211; via del Lavoro 6 &#8211; 36043 Camisano Vicentino (VI) &#8211; sotto la propria esclusiva [&hellip;]","og_url":"https:\/\/www.tauroessiccatori.com\/fr\/manuel-biosec\/declaration-de-conformite\/","og_site_name":"Tauro Essiccatori","article_publisher":"https:\/\/www.facebook.com\/tauroessiccatori","article_modified_time":"2026-01-28T08:40:38+00:00","twitter_card":"summary_large_image","schema":{"@context":"https:\/\/schema.org","@graph":[{"@type":"WebPage","@id":"https:\/\/www.tauroessiccatori.com\/fr\/manuale-biosec\/dichiarazione-conformita\/","url":"https:\/\/www.tauroessiccatori.com\/fr\/manuale-biosec\/dichiarazione-conformita\/","name":"D\u00e9claration de conformit\u00e9 \u00bb Tauro Dryers","isPartOf":{"@id":"https:\/\/www.tauroessiccatori.com\/fr\/#website"},"primaryImageOfPage":{"@id":"https:\/\/www.tauroessiccatori.com\/fr\/manuale-biosec\/dichiarazione-conformita\/#primaryimage"},"image":{"@id":"https:\/\/www.tauroessiccatori.com\/fr\/manuale-biosec\/dichiarazione-conformita\/#primaryimage"},"thumbnailUrl":"https:\/\/tauroessiccatori.com\/wp-content\/uploads\/2025\/10\/ce.png","datePublished":"2025-10-08T17:05:50+00:00","dateModified":"2026-01-28T08:40:38+00:00","breadcrumb":{"@id":"https:\/\/www.tauroessiccatori.com\/fr\/manuale-biosec\/dichiarazione-conformita\/#breadcrumb"},"inLanguage":"fr-FR","potentialAction":[{"@type":"ReadAction","target":["https:\/\/www.tauroessiccatori.com\/fr\/manuale-biosec\/dichiarazione-conformita\/"]}]},{"@type":"ImageObject","inLanguage":"fr-FR","@id":"https:\/\/www.tauroessiccatori.com\/fr\/manuale-biosec\/dichiarazione-conformita\/#primaryimage","url":"https:\/\/tauroessiccatori.com\/wp-content\/uploads\/2025\/10\/ce.png","contentUrl":"https:\/\/tauroessiccatori.com\/wp-content\/uploads\/2025\/10\/ce.png"},{"@type":"BreadcrumbList","@id":"https:\/\/www.tauroessiccatori.com\/fr\/manuale-biosec\/dichiarazione-conformita\/#breadcrumb","itemListElement":[{"@type":"ListItem","position":1,"name":"Home","item":"https:\/\/www.tauroessiccatori.com\/"},{"@type":"ListItem","position":2,"name":"Manuale Biosec","item":"https:\/\/www.tauroessiccatori.com\/manuale-biosec\/"},{"@type":"ListItem","position":3,"name":"Dichiarazione di conformit\u00e0"}]},{"@type":"WebSite","@id":"https:\/\/www.tauroessiccatori.com\/fr\/#website","url":"https:\/\/www.tauroessiccatori.com\/fr\/","name":"S\u00e9cheurs Tauro","description":"Depuis plus de 30 ans, les meilleurs syst\u00e8mes de s\u00e9chage.","publisher":{"@id":"https:\/\/www.tauroessiccatori.com\/fr\/#organization"},"alternateName":"Tauro","potentialAction":[{"@type":"SearchAction","target":{"@type":"EntryPoint","urlTemplate":"https:\/\/www.tauroessiccatori.com\/fr\/?s={search_term_string}"},"query-input":{"@type":"PropertyValueSpecification","valueRequired":true,"valueName":"search_term_string"}}],"inLanguage":"fr-FR"},{"@type":"Organization","@id":"https:\/\/www.tauroessiccatori.com\/fr\/#organization","name":"S\u00e9cheurs Tauro","alternateName":"Tauro Essiccatori srl unipersonale","url":"https:\/\/www.tauroessiccatori.com\/fr\/","logo":{"@type":"ImageObject","inLanguage":"fr-FR","@id":"https:\/\/www.tauroessiccatori.com\/fr\/#\/schema\/logo\/image\/","url":"https:\/\/www.tauroessiccatori.com\/wp-content\/uploads\/2026\/01\/tauro.avif","contentUrl":"https:\/\/www.tauroessiccatori.com\/wp-content\/uploads\/2026\/01\/tauro.avif","width":360,"height":360,"caption":"Tauro Essiccatori"},"image":{"@id":"https:\/\/www.tauroessiccatori.com\/fr\/#\/schema\/logo\/image\/"},"sameAs":["https:\/\/www.facebook.com\/tauroessiccatori"]}]}},"_links":{"self":[{"href":"https:\/\/www.tauroessiccatori.com\/fr\/wp-json\/wp\/v2\/pages\/165772","targetHints":{"allow":["GET"]}}],"collection":[{"href":"https:\/\/www.tauroessiccatori.com\/fr\/wp-json\/wp\/v2\/pages"}],"about":[{"href":"https:\/\/www.tauroessiccatori.com\/fr\/wp-json\/wp\/v2\/types\/page"}],"author":[{"embeddable":true,"href":"https:\/\/www.tauroessiccatori.com\/fr\/wp-json\/wp\/v2\/users\/1"}],"replies":[{"embeddable":true,"href":"https:\/\/www.tauroessiccatori.com\/fr\/wp-json\/wp\/v2\/comments?post=165772"}],"version-history":[{"count":1,"href":"https:\/\/www.tauroessiccatori.com\/fr\/wp-json\/wp\/v2\/pages\/165772\/revisions"}],"predecessor-version":[{"id":167104,"href":"https:\/\/www.tauroessiccatori.com\/fr\/wp-json\/wp\/v2\/pages\/165772\/revisions\/167104"}],"up":[{"embeddable":true,"href":"https:\/\/www.tauroessiccatori.com\/fr\/wp-json\/wp\/v2\/pages\/165699"}],"wp:attachment":[{"href":"https:\/\/www.tauroessiccatori.com\/fr\/wp-json\/wp\/v2\/media?parent=165772"}],"curies":[{"name":"wp","href":"https:\/\/api.w.org\/{rel}","templated":true}]}}