{"id":165770,"date":"2025-10-08T19:00:23","date_gmt":"2025-10-08T17:00:23","guid":{"rendered":"https:\/\/tauroessiccatori.com\/?page_id=165770"},"modified":"2025-10-08T19:00:23","modified_gmt":"2025-10-08T17:00:23","slug":"elimination","status":"publish","type":"page","link":"https:\/\/www.tauroessiccatori.com\/fr\/manuale-biosec\/smaltimento\/","title":{"rendered":"\u00c9limination"},"content":{"rendered":"<p>Ce produit est soumis \u00e0 la directive europ\u00e9enne 2012\/19\/EU.<\/p>\n<p>Tous les appareils m\u00e9nagers et les produits \u00e9lectroniques doivent \u00eatre \u00e9limin\u00e9s s\u00e9par\u00e9ment des d\u00e9chets solides ordinaires dans des centres d\u00e9sign\u00e9s par l'\u00c9tat \u00e0 cet effet.<\/p>\n<p>Une \u00e9limination conforme \u00e0 la directive permet d'\u00e9viter les dommages \u00e0 l'environnement et les risques pour la sant\u00e9. Des informations g\u00e9n\u00e9rales sur les r\u00e8gles d'\u00e9limination peuvent \u00eatre obtenues aupr\u00e8s de l'administration municipale ou de l'agence d'\u00e9limination, voire du magasin o\u00f9 le produit a \u00e9t\u00e9 achet\u00e9.<\/p>","protected":false},"excerpt":{"rendered":"<p>Questo prodotto sottost\u00e0 alla direttiva europea 2012\/19\/UE. Tutti gli elettrodomestici e i prodotti elettronici devono essere smaltiti separatamente rispetto ai [&hellip;]<\/p>\n","protected":false},"author":1,"featured_media":0,"parent":165699,"menu_order":28,"comment_status":"closed","ping_status":"closed","template":"page-manuale-biosec.php","meta":{"_acf_changed":false,"footnotes":""},"class_list":["post-165770","page","type-page","status-publish","hentry"],"acf":[],"yoast_head":"<!-- This site is optimized with the Yoast SEO plugin v27.5 - https:\/\/yoast.com\/product\/yoast-seo-wordpress\/ -->\n<title>Smaltimento &#187; Tauro Essiccatori<\/title>\n<meta name=\"robots\" content=\"index, follow, max-snippet:-1, max-image-preview:large, max-video-preview:-1\" \/>\n<link rel=\"canonical\" href=\"https:\/\/www.tauroessiccatori.com\/fr\/manuel-biosec\/elimination\/\" \/>\n<meta property=\"og:locale\" content=\"fr_FR\" \/>\n<meta property=\"og:type\" content=\"article\" \/>\n<meta property=\"og:title\" content=\"Smaltimento &#187; Tauro Essiccatori\" \/>\n<meta property=\"og:description\" content=\"Questo prodotto sottost\u00e0 alla direttiva europea 2012\/19\/UE. Tutti gli elettrodomestici e i prodotti elettronici devono essere smaltiti separatamente rispetto ai [&hellip;]\" \/>\n<meta property=\"og:url\" content=\"https:\/\/www.tauroessiccatori.com\/fr\/manuel-biosec\/elimination\/\" \/>\n<meta property=\"og:site_name\" content=\"Tauro Essiccatori\" \/>\n<meta property=\"article:publisher\" content=\"https:\/\/www.facebook.com\/tauroessiccatori\" \/>\n<meta name=\"twitter:card\" content=\"summary_large_image\" \/>\n<script type=\"application\/ld+json\" class=\"yoast-schema-graph\">{\"@context\":\"https:\\\/\\\/schema.org\",\"@graph\":[{\"@type\":\"WebPage\",\"@id\":\"https:\\\/\\\/www.tauroessiccatori.com\\\/fr\\\/manuale-biosec\\\/smaltimento\\\/\",\"url\":\"https:\\\/\\\/www.tauroessiccatori.com\\\/fr\\\/manuale-biosec\\\/smaltimento\\\/\",\"name\":\"Smaltimento &#187; Tauro Essiccatori\",\"isPartOf\":{\"@id\":\"https:\\\/\\\/www.tauroessiccatori.com\\\/fr\\\/#website\"},\"datePublished\":\"2025-10-08T17:00:23+00:00\",\"breadcrumb\":{\"@id\":\"https:\\\/\\\/www.tauroessiccatori.com\\\/fr\\\/manuale-biosec\\\/smaltimento\\\/#breadcrumb\"},\"inLanguage\":\"fr-FR\",\"potentialAction\":[{\"@type\":\"ReadAction\",\"target\":[\"https:\\\/\\\/www.tauroessiccatori.com\\\/fr\\\/manuale-biosec\\\/smaltimento\\\/\"]}]},{\"@type\":\"BreadcrumbList\",\"@id\":\"https:\\\/\\\/www.tauroessiccatori.com\\\/fr\\\/manuale-biosec\\\/smaltimento\\\/#breadcrumb\",\"itemListElement\":[{\"@type\":\"ListItem\",\"position\":1,\"name\":\"Home\",\"item\":\"https:\\\/\\\/www.tauroessiccatori.com\\\/\"},{\"@type\":\"ListItem\",\"position\":2,\"name\":\"Manuale Biosec\",\"item\":\"https:\\\/\\\/www.tauroessiccatori.com\\\/manuale-biosec\\\/\"},{\"@type\":\"ListItem\",\"position\":3,\"name\":\"Smaltimento\"}]},{\"@type\":\"WebSite\",\"@id\":\"https:\\\/\\\/www.tauroessiccatori.com\\\/fr\\\/#website\",\"url\":\"https:\\\/\\\/www.tauroessiccatori.com\\\/fr\\\/\",\"name\":\"Tauro Essiccatori\",\"description\":\"Da pi\u00f9 di trent\u2019anni, i migliori sistemi di essiccazione.\",\"publisher\":{\"@id\":\"https:\\\/\\\/www.tauroessiccatori.com\\\/fr\\\/#organization\"},\"alternateName\":\"Tauro\",\"potentialAction\":[{\"@type\":\"SearchAction\",\"target\":{\"@type\":\"EntryPoint\",\"urlTemplate\":\"https:\\\/\\\/www.tauroessiccatori.com\\\/fr\\\/?s={search_term_string}\"},\"query-input\":{\"@type\":\"PropertyValueSpecification\",\"valueRequired\":true,\"valueName\":\"search_term_string\"}}],\"inLanguage\":\"fr-FR\"},{\"@type\":\"Organization\",\"@id\":\"https:\\\/\\\/www.tauroessiccatori.com\\\/fr\\\/#organization\",\"name\":\"Tauro Essiccatori\",\"alternateName\":\"Tauro Essiccatori srl unipersonale\",\"url\":\"https:\\\/\\\/www.tauroessiccatori.com\\\/fr\\\/\",\"logo\":{\"@type\":\"ImageObject\",\"inLanguage\":\"fr-FR\",\"@id\":\"https:\\\/\\\/www.tauroessiccatori.com\\\/fr\\\/#\\\/schema\\\/logo\\\/image\\\/\",\"url\":\"https:\\\/\\\/www.tauroessiccatori.com\\\/wp-content\\\/uploads\\\/2026\\\/01\\\/tauro.avif\",\"contentUrl\":\"https:\\\/\\\/www.tauroessiccatori.com\\\/wp-content\\\/uploads\\\/2026\\\/01\\\/tauro.avif\",\"width\":360,\"height\":360,\"caption\":\"Tauro Essiccatori\"},\"image\":{\"@id\":\"https:\\\/\\\/www.tauroessiccatori.com\\\/fr\\\/#\\\/schema\\\/logo\\\/image\\\/\"},\"sameAs\":[\"https:\\\/\\\/www.facebook.com\\\/tauroessiccatori\"]}]}<\/script>\n<!-- \/ Yoast SEO plugin. -->","yoast_head_json":{"title":"\u00c9limination \u00bb S\u00e9cheurs Tauro","robots":{"index":"index","follow":"follow","max-snippet":"max-snippet:-1","max-image-preview":"max-image-preview:large","max-video-preview":"max-video-preview:-1"},"canonical":"https:\/\/www.tauroessiccatori.com\/fr\/manuel-biosec\/elimination\/","og_locale":"fr_FR","og_type":"article","og_title":"Smaltimento &#187; Tauro Essiccatori","og_description":"Questo prodotto sottost\u00e0 alla direttiva europea 2012\/19\/UE. Tutti gli elettrodomestici e i prodotti elettronici devono essere smaltiti separatamente rispetto ai [&hellip;]","og_url":"https:\/\/www.tauroessiccatori.com\/fr\/manuel-biosec\/elimination\/","og_site_name":"Tauro Essiccatori","article_publisher":"https:\/\/www.facebook.com\/tauroessiccatori","twitter_card":"summary_large_image","schema":{"@context":"https:\/\/schema.org","@graph":[{"@type":"WebPage","@id":"https:\/\/www.tauroessiccatori.com\/fr\/manuale-biosec\/smaltimento\/","url":"https:\/\/www.tauroessiccatori.com\/fr\/manuale-biosec\/smaltimento\/","name":"\u00c9limination \u00bb S\u00e9cheurs Tauro","isPartOf":{"@id":"https:\/\/www.tauroessiccatori.com\/fr\/#website"},"datePublished":"2025-10-08T17:00:23+00:00","breadcrumb":{"@id":"https:\/\/www.tauroessiccatori.com\/fr\/manuale-biosec\/smaltimento\/#breadcrumb"},"inLanguage":"fr-FR","potentialAction":[{"@type":"ReadAction","target":["https:\/\/www.tauroessiccatori.com\/fr\/manuale-biosec\/smaltimento\/"]}]},{"@type":"BreadcrumbList","@id":"https:\/\/www.tauroessiccatori.com\/fr\/manuale-biosec\/smaltimento\/#breadcrumb","itemListElement":[{"@type":"ListItem","position":1,"name":"Home","item":"https:\/\/www.tauroessiccatori.com\/"},{"@type":"ListItem","position":2,"name":"Manuale Biosec","item":"https:\/\/www.tauroessiccatori.com\/manuale-biosec\/"},{"@type":"ListItem","position":3,"name":"Smaltimento"}]},{"@type":"WebSite","@id":"https:\/\/www.tauroessiccatori.com\/fr\/#website","url":"https:\/\/www.tauroessiccatori.com\/fr\/","name":"S\u00e9cheurs Tauro","description":"Depuis plus de 30 ans, les meilleurs syst\u00e8mes de s\u00e9chage.","publisher":{"@id":"https:\/\/www.tauroessiccatori.com\/fr\/#organization"},"alternateName":"Tauro","potentialAction":[{"@type":"SearchAction","target":{"@type":"EntryPoint","urlTemplate":"https:\/\/www.tauroessiccatori.com\/fr\/?s={search_term_string}"},"query-input":{"@type":"PropertyValueSpecification","valueRequired":true,"valueName":"search_term_string"}}],"inLanguage":"fr-FR"},{"@type":"Organization","@id":"https:\/\/www.tauroessiccatori.com\/fr\/#organization","name":"S\u00e9cheurs Tauro","alternateName":"Tauro Essiccatori srl unipersonale","url":"https:\/\/www.tauroessiccatori.com\/fr\/","logo":{"@type":"ImageObject","inLanguage":"fr-FR","@id":"https:\/\/www.tauroessiccatori.com\/fr\/#\/schema\/logo\/image\/","url":"https:\/\/www.tauroessiccatori.com\/wp-content\/uploads\/2026\/01\/tauro.avif","contentUrl":"https:\/\/www.tauroessiccatori.com\/wp-content\/uploads\/2026\/01\/tauro.avif","width":360,"height":360,"caption":"Tauro Essiccatori"},"image":{"@id":"https:\/\/www.tauroessiccatori.com\/fr\/#\/schema\/logo\/image\/"},"sameAs":["https:\/\/www.facebook.com\/tauroessiccatori"]}]}},"_links":{"self":[{"href":"https:\/\/www.tauroessiccatori.com\/fr\/wp-json\/wp\/v2\/pages\/165770","targetHints":{"allow":["GET"]}}],"collection":[{"href":"https:\/\/www.tauroessiccatori.com\/fr\/wp-json\/wp\/v2\/pages"}],"about":[{"href":"https:\/\/www.tauroessiccatori.com\/fr\/wp-json\/wp\/v2\/types\/page"}],"author":[{"embeddable":true,"href":"https:\/\/www.tauroessiccatori.com\/fr\/wp-json\/wp\/v2\/users\/1"}],"replies":[{"embeddable":true,"href":"https:\/\/www.tauroessiccatori.com\/fr\/wp-json\/wp\/v2\/comments?post=165770"}],"version-history":[{"count":0,"href":"https:\/\/www.tauroessiccatori.com\/fr\/wp-json\/wp\/v2\/pages\/165770\/revisions"}],"up":[{"embeddable":true,"href":"https:\/\/www.tauroessiccatori.com\/fr\/wp-json\/wp\/v2\/pages\/165699"}],"wp:attachment":[{"href":"https:\/\/www.tauroessiccatori.com\/fr\/wp-json\/wp\/v2\/media?parent=165770"}],"curies":[{"name":"wp","href":"https:\/\/api.w.org\/{rel}","templated":true}]}}