{"id":165768,"date":"2025-10-08T18:51:51","date_gmt":"2025-10-08T16:51:51","guid":{"rendered":"https:\/\/tauroessiccatori.com\/?page_id=165768"},"modified":"2025-10-08T18:51:51","modified_gmt":"2025-10-08T16:51:51","slug":"garantie","status":"publish","type":"page","link":"https:\/\/www.tauroessiccatori.com\/fr\/manuale-biosec\/garanzia\/","title":{"rendered":"Garantie"},"content":{"rendered":"<p>Les s\u00e9cheurs BIOSEC sont garantis 24 mois \u00e0 partir de la date d'achat pour un usage priv\u00e9, 12 mois pour un usage professionnel.<\/p>\n<p>LA GARANTIE NE SERA CONSID\u00c9R\u00c9E COMME VALABLE QUE S'IL EXISTE UN DOCUMENT FISCAL D'ACHAT : CONSERVEZ LE TICKET DE CAISSE OU LA FACTURE.<\/p>\n<p>La garantie ne couvre pas les d\u00e9faillances dues \u00e0 des manipulations, \u00e0 une utilisation impropre ou incorrecte, ni les bris dus \u00e0 des chocs ou \u00e0 la chute de l'appareil.<\/p>\n<p>La garantie expire \u00e9galement en cas de manipulation par le client : seul le fabricant est autoris\u00e9 \u00e0 ouvrir ou \u00e0 d\u00e9monter les composants BIOSEC afin d'effectuer des contr\u00f4les, des r\u00e9parations et le remplacement des composants endommag\u00e9s.<\/p>","protected":false},"excerpt":{"rendered":"<p>Gli essiccatori BIOSEC sono garantiti 24 mesi dalla data di acquisto per uso privato, 12 mesi per uso professionale. LA [&hellip;]<\/p>\n","protected":false},"author":1,"featured_media":0,"parent":165699,"menu_order":27,"comment_status":"closed","ping_status":"closed","template":"page-manuale-biosec.php","meta":{"_acf_changed":false,"footnotes":""},"class_list":["post-165768","page","type-page","status-publish","hentry"],"acf":[],"yoast_head":"<!-- This site is optimized with the Yoast SEO plugin v27.5 - https:\/\/yoast.com\/product\/yoast-seo-wordpress\/ -->\n<title>Garanzia &#187; Tauro Essiccatori<\/title>\n<meta name=\"robots\" content=\"index, follow, max-snippet:-1, max-image-preview:large, max-video-preview:-1\" \/>\n<link rel=\"canonical\" href=\"https:\/\/www.tauroessiccatori.com\/fr\/manuel-biosec\/garantie\/\" \/>\n<meta property=\"og:locale\" content=\"fr_FR\" \/>\n<meta property=\"og:type\" content=\"article\" \/>\n<meta property=\"og:title\" content=\"Garanzia &#187; Tauro Essiccatori\" \/>\n<meta property=\"og:description\" content=\"Gli essiccatori BIOSEC sono garantiti 24 mesi dalla data di acquisto per uso privato, 12 mesi per uso professionale. LA [&hellip;]\" \/>\n<meta property=\"og:url\" content=\"https:\/\/www.tauroessiccatori.com\/fr\/manuel-biosec\/garantie\/\" \/>\n<meta property=\"og:site_name\" content=\"Tauro Essiccatori\" \/>\n<meta property=\"article:publisher\" content=\"https:\/\/www.facebook.com\/tauroessiccatori\" \/>\n<meta name=\"twitter:card\" content=\"summary_large_image\" \/>\n<script type=\"application\/ld+json\" class=\"yoast-schema-graph\">{\"@context\":\"https:\\\/\\\/schema.org\",\"@graph\":[{\"@type\":\"WebPage\",\"@id\":\"https:\\\/\\\/www.tauroessiccatori.com\\\/fr\\\/manuale-biosec\\\/garanzia\\\/\",\"url\":\"https:\\\/\\\/www.tauroessiccatori.com\\\/fr\\\/manuale-biosec\\\/garanzia\\\/\",\"name\":\"Garanzia &#187; Tauro Essiccatori\",\"isPartOf\":{\"@id\":\"https:\\\/\\\/www.tauroessiccatori.com\\\/fr\\\/#website\"},\"datePublished\":\"2025-10-08T16:51:51+00:00\",\"breadcrumb\":{\"@id\":\"https:\\\/\\\/www.tauroessiccatori.com\\\/fr\\\/manuale-biosec\\\/garanzia\\\/#breadcrumb\"},\"inLanguage\":\"fr-FR\",\"potentialAction\":[{\"@type\":\"ReadAction\",\"target\":[\"https:\\\/\\\/www.tauroessiccatori.com\\\/fr\\\/manuale-biosec\\\/garanzia\\\/\"]}]},{\"@type\":\"BreadcrumbList\",\"@id\":\"https:\\\/\\\/www.tauroessiccatori.com\\\/fr\\\/manuale-biosec\\\/garanzia\\\/#breadcrumb\",\"itemListElement\":[{\"@type\":\"ListItem\",\"position\":1,\"name\":\"Home\",\"item\":\"https:\\\/\\\/www.tauroessiccatori.com\\\/\"},{\"@type\":\"ListItem\",\"position\":2,\"name\":\"Manuale Biosec\",\"item\":\"https:\\\/\\\/www.tauroessiccatori.com\\\/manuale-biosec\\\/\"},{\"@type\":\"ListItem\",\"position\":3,\"name\":\"Garanzia\"}]},{\"@type\":\"WebSite\",\"@id\":\"https:\\\/\\\/www.tauroessiccatori.com\\\/fr\\\/#website\",\"url\":\"https:\\\/\\\/www.tauroessiccatori.com\\\/fr\\\/\",\"name\":\"Tauro Essiccatori\",\"description\":\"Da pi\u00f9 di trent\u2019anni, i migliori sistemi di essiccazione.\",\"publisher\":{\"@id\":\"https:\\\/\\\/www.tauroessiccatori.com\\\/fr\\\/#organization\"},\"alternateName\":\"Tauro\",\"potentialAction\":[{\"@type\":\"SearchAction\",\"target\":{\"@type\":\"EntryPoint\",\"urlTemplate\":\"https:\\\/\\\/www.tauroessiccatori.com\\\/fr\\\/?s={search_term_string}\"},\"query-input\":{\"@type\":\"PropertyValueSpecification\",\"valueRequired\":true,\"valueName\":\"search_term_string\"}}],\"inLanguage\":\"fr-FR\"},{\"@type\":\"Organization\",\"@id\":\"https:\\\/\\\/www.tauroessiccatori.com\\\/fr\\\/#organization\",\"name\":\"Tauro Essiccatori\",\"alternateName\":\"Tauro Essiccatori srl unipersonale\",\"url\":\"https:\\\/\\\/www.tauroessiccatori.com\\\/fr\\\/\",\"logo\":{\"@type\":\"ImageObject\",\"inLanguage\":\"fr-FR\",\"@id\":\"https:\\\/\\\/www.tauroessiccatori.com\\\/fr\\\/#\\\/schema\\\/logo\\\/image\\\/\",\"url\":\"https:\\\/\\\/www.tauroessiccatori.com\\\/wp-content\\\/uploads\\\/2026\\\/01\\\/tauro.avif\",\"contentUrl\":\"https:\\\/\\\/www.tauroessiccatori.com\\\/wp-content\\\/uploads\\\/2026\\\/01\\\/tauro.avif\",\"width\":360,\"height\":360,\"caption\":\"Tauro Essiccatori\"},\"image\":{\"@id\":\"https:\\\/\\\/www.tauroessiccatori.com\\\/fr\\\/#\\\/schema\\\/logo\\\/image\\\/\"},\"sameAs\":[\"https:\\\/\\\/www.facebook.com\\\/tauroessiccatori\"]}]}<\/script>\n<!-- \/ Yoast SEO plugin. -->","yoast_head_json":{"title":"Garantie \u00bb S\u00e9cheurs Tauro","robots":{"index":"index","follow":"follow","max-snippet":"max-snippet:-1","max-image-preview":"max-image-preview:large","max-video-preview":"max-video-preview:-1"},"canonical":"https:\/\/www.tauroessiccatori.com\/fr\/manuel-biosec\/garantie\/","og_locale":"fr_FR","og_type":"article","og_title":"Garanzia &#187; Tauro Essiccatori","og_description":"Gli essiccatori BIOSEC sono garantiti 24 mesi dalla data di acquisto per uso privato, 12 mesi per uso professionale. LA [&hellip;]","og_url":"https:\/\/www.tauroessiccatori.com\/fr\/manuel-biosec\/garantie\/","og_site_name":"Tauro Essiccatori","article_publisher":"https:\/\/www.facebook.com\/tauroessiccatori","twitter_card":"summary_large_image","schema":{"@context":"https:\/\/schema.org","@graph":[{"@type":"WebPage","@id":"https:\/\/www.tauroessiccatori.com\/fr\/manuale-biosec\/garanzia\/","url":"https:\/\/www.tauroessiccatori.com\/fr\/manuale-biosec\/garanzia\/","name":"Garantie \u00bb S\u00e9cheurs Tauro","isPartOf":{"@id":"https:\/\/www.tauroessiccatori.com\/fr\/#website"},"datePublished":"2025-10-08T16:51:51+00:00","breadcrumb":{"@id":"https:\/\/www.tauroessiccatori.com\/fr\/manuale-biosec\/garanzia\/#breadcrumb"},"inLanguage":"fr-FR","potentialAction":[{"@type":"ReadAction","target":["https:\/\/www.tauroessiccatori.com\/fr\/manuale-biosec\/garanzia\/"]}]},{"@type":"BreadcrumbList","@id":"https:\/\/www.tauroessiccatori.com\/fr\/manuale-biosec\/garanzia\/#breadcrumb","itemListElement":[{"@type":"ListItem","position":1,"name":"Home","item":"https:\/\/www.tauroessiccatori.com\/"},{"@type":"ListItem","position":2,"name":"Manuale Biosec","item":"https:\/\/www.tauroessiccatori.com\/manuale-biosec\/"},{"@type":"ListItem","position":3,"name":"Garanzia"}]},{"@type":"WebSite","@id":"https:\/\/www.tauroessiccatori.com\/fr\/#website","url":"https:\/\/www.tauroessiccatori.com\/fr\/","name":"S\u00e9cheurs Tauro","description":"Depuis plus de 30 ans, les meilleurs syst\u00e8mes de s\u00e9chage.","publisher":{"@id":"https:\/\/www.tauroessiccatori.com\/fr\/#organization"},"alternateName":"Tauro","potentialAction":[{"@type":"SearchAction","target":{"@type":"EntryPoint","urlTemplate":"https:\/\/www.tauroessiccatori.com\/fr\/?s={search_term_string}"},"query-input":{"@type":"PropertyValueSpecification","valueRequired":true,"valueName":"search_term_string"}}],"inLanguage":"fr-FR"},{"@type":"Organization","@id":"https:\/\/www.tauroessiccatori.com\/fr\/#organization","name":"S\u00e9cheurs Tauro","alternateName":"Tauro Essiccatori srl unipersonale","url":"https:\/\/www.tauroessiccatori.com\/fr\/","logo":{"@type":"ImageObject","inLanguage":"fr-FR","@id":"https:\/\/www.tauroessiccatori.com\/fr\/#\/schema\/logo\/image\/","url":"https:\/\/www.tauroessiccatori.com\/wp-content\/uploads\/2026\/01\/tauro.avif","contentUrl":"https:\/\/www.tauroessiccatori.com\/wp-content\/uploads\/2026\/01\/tauro.avif","width":360,"height":360,"caption":"Tauro Essiccatori"},"image":{"@id":"https:\/\/www.tauroessiccatori.com\/fr\/#\/schema\/logo\/image\/"},"sameAs":["https:\/\/www.facebook.com\/tauroessiccatori"]}]}},"_links":{"self":[{"href":"https:\/\/www.tauroessiccatori.com\/fr\/wp-json\/wp\/v2\/pages\/165768","targetHints":{"allow":["GET"]}}],"collection":[{"href":"https:\/\/www.tauroessiccatori.com\/fr\/wp-json\/wp\/v2\/pages"}],"about":[{"href":"https:\/\/www.tauroessiccatori.com\/fr\/wp-json\/wp\/v2\/types\/page"}],"author":[{"embeddable":true,"href":"https:\/\/www.tauroessiccatori.com\/fr\/wp-json\/wp\/v2\/users\/1"}],"replies":[{"embeddable":true,"href":"https:\/\/www.tauroessiccatori.com\/fr\/wp-json\/wp\/v2\/comments?post=165768"}],"version-history":[{"count":0,"href":"https:\/\/www.tauroessiccatori.com\/fr\/wp-json\/wp\/v2\/pages\/165768\/revisions"}],"up":[{"embeddable":true,"href":"https:\/\/www.tauroessiccatori.com\/fr\/wp-json\/wp\/v2\/pages\/165699"}],"wp:attachment":[{"href":"https:\/\/www.tauroessiccatori.com\/fr\/wp-json\/wp\/v2\/media?parent=165768"}],"curies":[{"name":"wp","href":"https:\/\/api.w.org\/{rel}","templated":true}]}}