{"id":165766,"date":"2025-10-08T18:50:13","date_gmt":"2025-10-08T16:50:13","guid":{"rendered":"https:\/\/tauroessiccatori.com\/?page_id=165766"},"modified":"2025-10-08T18:50:13","modified_gmt":"2025-10-08T16:50:13","slug":"questions-frequemment-posees-2","status":"publish","type":"page","link":"https:\/\/www.tauroessiccatori.com\/fr\/manuale-biosec\/domande-frequenti\/","title":{"rendered":"Questions fr\u00e9quemment pos\u00e9es"},"content":{"rendered":"<div>\n<p><b>Quelle est la consommation de mon BIOSEC ?<\/b><\/p>\n<p>Le moteur BIOSEC est sp\u00e9cialement con\u00e7u pour optimiser la consommation en toutes circonstances et comprend m\u00eame un programme d'\u00e9conomie d'\u00e9nergie d\u00e9di\u00e9.<\/p>\n<p>Du point de vue de l'\u00e9conomie d'\u00e9nergie, la consommation maximale n'est atteinte que lorsque le moteur chauffe au maximum (par exemple 68\u00b0 dans le programme P4) et que le ventilateur atteint sa vitesse maximale.<\/p>\n<p>A tout autre moment, BIOSEC consomme en moyenne des quantit\u00e9s variables allant d'environ 15W \u00e0 550W, en fonction du programme s\u00e9lectionn\u00e9 et de la phase actuelle du programme.<\/p>\n<\/div>\n<p>&nbsp;<\/p>\n<div>\n<p><b>BIOSEC \u00e9limine-t-il l'humidit\u00e9 de ma maison qui provoque des moisissures ?<\/b><\/p>\n<p>Dans des conditions normales de ventilation des locaux, la quantit\u00e9 d'eau \u00e9limin\u00e9e par BIOSEC n'entra\u00eene aucun probl\u00e8me d'accumulation, de moisissure ou d'humidit\u00e9 expuls\u00e9e.<\/p>\n<\/div>\n<p>&nbsp;<\/p>\n<div>\n<p><b>Les mat\u00e9riaux de construction de mon BIOSEC sont-ils s\u00fbrs et certifi\u00e9s ?<br \/>\nLes plastiques contiennent-ils du BPA ou des phtalates ?<\/b><\/p>\n<p>BIOSEC est fabriqu\u00e9 avec les meilleurs mat\u00e9riaux pour l'usage alimentaire et les mod\u00e8les en plastique sont exempts de BPA et de phtalates, qui ne pourraient jamais devenir nocifs aux temp\u00e9ratures de fonctionnement d'un s\u00e9choir. Chaque composant est certifi\u00e9 CE pour l'utilisation alimentaire et nos bureaux seront heureux de vous envoyer des copies de la documentation afin de garantir la s\u00e9curit\u00e9 et l'ad\u00e9quation totales de nos produits.<\/p>\n<\/div>\n<p>&nbsp;<\/p>\n<div>\n<p><b>Puis-je utiliser BIOSEC en plein air ?<br \/>\nPuis-je l'utiliser dans une pi\u00e8ce ferm\u00e9e ?<\/b><\/p>\n<p>BIOSEC craint les intemp\u00e9ries et l'exposition directe au soleil. Pour une utilisation correcte du s\u00e9choir, il est pr\u00e9f\u00e9rable de le placer dans un endroit abrit\u00e9, ni trop humide (pas de salle de bain, de cave ou de buanderie), ni trop exigu (ne pas l'enfermer dans des endroits de la taille d'une armoire) afin de permettre un bon renouvellement de l'air et une bonne \u00e9vacuation de l'humidit\u00e9. Comme tous les appareils \u00e9lectriques, le BIOSEC doit donc \u00eatre tenu \u00e0 l'\u00e9cart de l'eau.<\/p>\n<\/div>\n<p>&nbsp;<\/p>\n<div>\n<p><b>Est-il possible de s\u00e9cher diff\u00e9rents produits en m\u00eame temps ?<br \/>\nEst-il n\u00e9cessaire de charger tous les paniers BIOSEC ?<\/b><\/p>\n<p>Le BIOSEC fonctionne \u00e9galement tr\u00e8s bien avec un seul panier plein ; vous pouvez en remplir autant que vous le souhaitez. Toutefois, rien ne vous emp\u00eache d'optimiser l'espace en s\u00e9chant des produits diff\u00e9rents dans des paniers diff\u00e9rents. Dans ce cas, veillez \u00e0 placer les aliments les plus aqueux au fond, choisissez un programme adapt\u00e9 \u00e0 toutes les vari\u00e9t\u00e9s \u00e0 traiter et v\u00e9rifiez le degr\u00e9 de s\u00e9chage atteint \u00e0 diff\u00e9rents moments. Vous pouvez retirer les diff\u00e9rents produits au fur et \u00e0 mesure qu'ils sont compl\u00e8tement s\u00e9ch\u00e9s ou attendre que toute la charge soit pr\u00eate. Rien ne br\u00fble dans un s\u00e8che-linge, m\u00eame si vous y restez plus longtemps que n\u00e9cessaire !<\/p>\n<\/div>\n<p>&nbsp;<\/p>\n<div>\n<p><b>Comment doit-on stocker un produit une fois qu'il a \u00e9t\u00e9 s\u00e9ch\u00e9 ?<br \/>\nL'emballage sous vide est-il obligatoire ?<\/b><\/p>\n<p>Non, la mise sous vide n'est pas la seule solution pour conserver les denr\u00e9es alimentaires s\u00e9ch\u00e9es, mais c'est certainement celle qui permet le plus grand gain de place. Il pr\u00e9sente l'inconv\u00e9nient de casser les produits qui, une fois s\u00e9ch\u00e9s, sont plus fragiles. Les bocaux en verre avec bouchon \u00e0 vis ou \u00e0 pression sont une alternative parfaite ; on les trouve dans tous les supermarch\u00e9s, ils ne n\u00e9cessitent pas de st\u00e9rilisation et il suffit de les refermer soigneusement \u00e0 chaque ouverture. D'une mani\u00e8re g\u00e9n\u00e9rale, les produits s\u00e9ch\u00e9s doivent \u00eatre conserv\u00e9s \u00e0 l'abri de l'humidit\u00e9, de la lumi\u00e8re et des insectes et stock\u00e9s \u00e0 l'abri de la lumi\u00e8re dans un placard ou un garde-manger.<\/p>\n<\/div>\n<p>&nbsp;<\/p>\n<div>\n<p><b>Combien de temps un produit s\u00e9ch\u00e9 peut-il \u00eatre conserv\u00e9 ?<\/b><\/p>\n<p>Le s\u00e9chage permet d'obtenir un produit qui peut se conserver plus d'un an s'il est stock\u00e9 \u00e0 l'int\u00e9rieur et \u00e0 l'abri de la lumi\u00e8re (par exemple, dans des bocaux en verre plac\u00e9s dans une armoire).<\/p>\n<\/div>\n<p>&nbsp;<\/p>","protected":false},"excerpt":{"rendered":"<p>Quanto consuma il mio BIOSEC? ll motore di BIOSEC \u00e8 studiato appositamente per ottimizzare i consumi in tutte le circostanze [&hellip;]<\/p>\n","protected":false},"author":1,"featured_media":0,"parent":165699,"menu_order":26,"comment_status":"closed","ping_status":"closed","template":"page-manuale-biosec.php","meta":{"_acf_changed":false,"footnotes":""},"class_list":["post-165766","page","type-page","status-publish","hentry"],"acf":[],"yoast_head":"<!-- This site is optimized with the Yoast SEO plugin v27.5 - https:\/\/yoast.com\/product\/yoast-seo-wordpress\/ -->\n<title>Domande frequenti &#187; Tauro Essiccatori<\/title>\n<meta name=\"robots\" content=\"index, follow, max-snippet:-1, max-image-preview:large, max-video-preview:-1\" \/>\n<link rel=\"canonical\" href=\"https:\/\/www.tauroessiccatori.com\/fr\/manuel-biosec\/questions-frequemment-posees-2\/\" \/>\n<meta property=\"og:locale\" content=\"fr_FR\" \/>\n<meta property=\"og:type\" content=\"article\" \/>\n<meta property=\"og:title\" content=\"Domande frequenti &#187; Tauro Essiccatori\" \/>\n<meta property=\"og:description\" content=\"Quanto consuma il mio BIOSEC? ll motore di BIOSEC \u00e8 studiato appositamente per ottimizzare i consumi in tutte le circostanze [&hellip;]\" \/>\n<meta property=\"og:url\" content=\"https:\/\/www.tauroessiccatori.com\/fr\/manuel-biosec\/questions-frequemment-posees-2\/\" \/>\n<meta property=\"og:site_name\" content=\"Tauro Essiccatori\" \/>\n<meta property=\"article:publisher\" content=\"https:\/\/www.facebook.com\/tauroessiccatori\" \/>\n<meta name=\"twitter:card\" content=\"summary_large_image\" \/>\n<script type=\"application\/ld+json\" class=\"yoast-schema-graph\">{\"@context\":\"https:\\\/\\\/schema.org\",\"@graph\":[{\"@type\":\"WebPage\",\"@id\":\"https:\\\/\\\/www.tauroessiccatori.com\\\/fr\\\/manuale-biosec\\\/domande-frequenti\\\/\",\"url\":\"https:\\\/\\\/www.tauroessiccatori.com\\\/fr\\\/manuale-biosec\\\/domande-frequenti\\\/\",\"name\":\"Domande frequenti &#187; Tauro Essiccatori\",\"isPartOf\":{\"@id\":\"https:\\\/\\\/www.tauroessiccatori.com\\\/fr\\\/#website\"},\"datePublished\":\"2025-10-08T16:50:13+00:00\",\"breadcrumb\":{\"@id\":\"https:\\\/\\\/www.tauroessiccatori.com\\\/fr\\\/manuale-biosec\\\/domande-frequenti\\\/#breadcrumb\"},\"inLanguage\":\"fr-FR\",\"potentialAction\":[{\"@type\":\"ReadAction\",\"target\":[\"https:\\\/\\\/www.tauroessiccatori.com\\\/fr\\\/manuale-biosec\\\/domande-frequenti\\\/\"]}]},{\"@type\":\"BreadcrumbList\",\"@id\":\"https:\\\/\\\/www.tauroessiccatori.com\\\/fr\\\/manuale-biosec\\\/domande-frequenti\\\/#breadcrumb\",\"itemListElement\":[{\"@type\":\"ListItem\",\"position\":1,\"name\":\"Home\",\"item\":\"https:\\\/\\\/www.tauroessiccatori.com\\\/\"},{\"@type\":\"ListItem\",\"position\":2,\"name\":\"Manuale Biosec\",\"item\":\"https:\\\/\\\/www.tauroessiccatori.com\\\/manuale-biosec\\\/\"},{\"@type\":\"ListItem\",\"position\":3,\"name\":\"Domande frequenti\"}]},{\"@type\":\"WebSite\",\"@id\":\"https:\\\/\\\/www.tauroessiccatori.com\\\/fr\\\/#website\",\"url\":\"https:\\\/\\\/www.tauroessiccatori.com\\\/fr\\\/\",\"name\":\"Tauro Essiccatori\",\"description\":\"Da pi\u00f9 di trent\u2019anni, i migliori sistemi di essiccazione.\",\"publisher\":{\"@id\":\"https:\\\/\\\/www.tauroessiccatori.com\\\/fr\\\/#organization\"},\"alternateName\":\"Tauro\",\"potentialAction\":[{\"@type\":\"SearchAction\",\"target\":{\"@type\":\"EntryPoint\",\"urlTemplate\":\"https:\\\/\\\/www.tauroessiccatori.com\\\/fr\\\/?s={search_term_string}\"},\"query-input\":{\"@type\":\"PropertyValueSpecification\",\"valueRequired\":true,\"valueName\":\"search_term_string\"}}],\"inLanguage\":\"fr-FR\"},{\"@type\":\"Organization\",\"@id\":\"https:\\\/\\\/www.tauroessiccatori.com\\\/fr\\\/#organization\",\"name\":\"Tauro Essiccatori\",\"alternateName\":\"Tauro Essiccatori srl unipersonale\",\"url\":\"https:\\\/\\\/www.tauroessiccatori.com\\\/fr\\\/\",\"logo\":{\"@type\":\"ImageObject\",\"inLanguage\":\"fr-FR\",\"@id\":\"https:\\\/\\\/www.tauroessiccatori.com\\\/fr\\\/#\\\/schema\\\/logo\\\/image\\\/\",\"url\":\"https:\\\/\\\/www.tauroessiccatori.com\\\/wp-content\\\/uploads\\\/2026\\\/01\\\/tauro.avif\",\"contentUrl\":\"https:\\\/\\\/www.tauroessiccatori.com\\\/wp-content\\\/uploads\\\/2026\\\/01\\\/tauro.avif\",\"width\":360,\"height\":360,\"caption\":\"Tauro Essiccatori\"},\"image\":{\"@id\":\"https:\\\/\\\/www.tauroessiccatori.com\\\/fr\\\/#\\\/schema\\\/logo\\\/image\\\/\"},\"sameAs\":[\"https:\\\/\\\/www.facebook.com\\\/tauroessiccatori\"]}]}<\/script>\n<!-- \/ Yoast SEO plugin. -->","yoast_head_json":{"title":"Foire aux questions \u00bb S\u00e9cheurs Tauro","robots":{"index":"index","follow":"follow","max-snippet":"max-snippet:-1","max-image-preview":"max-image-preview:large","max-video-preview":"max-video-preview:-1"},"canonical":"https:\/\/www.tauroessiccatori.com\/fr\/manuel-biosec\/questions-frequemment-posees-2\/","og_locale":"fr_FR","og_type":"article","og_title":"Domande frequenti &#187; Tauro Essiccatori","og_description":"Quanto consuma il mio BIOSEC? ll motore di BIOSEC \u00e8 studiato appositamente per ottimizzare i consumi in tutte le circostanze [&hellip;]","og_url":"https:\/\/www.tauroessiccatori.com\/fr\/manuel-biosec\/questions-frequemment-posees-2\/","og_site_name":"Tauro Essiccatori","article_publisher":"https:\/\/www.facebook.com\/tauroessiccatori","twitter_card":"summary_large_image","schema":{"@context":"https:\/\/schema.org","@graph":[{"@type":"WebPage","@id":"https:\/\/www.tauroessiccatori.com\/fr\/manuale-biosec\/domande-frequenti\/","url":"https:\/\/www.tauroessiccatori.com\/fr\/manuale-biosec\/domande-frequenti\/","name":"Foire aux questions \u00bb S\u00e9cheurs Tauro","isPartOf":{"@id":"https:\/\/www.tauroessiccatori.com\/fr\/#website"},"datePublished":"2025-10-08T16:50:13+00:00","breadcrumb":{"@id":"https:\/\/www.tauroessiccatori.com\/fr\/manuale-biosec\/domande-frequenti\/#breadcrumb"},"inLanguage":"fr-FR","potentialAction":[{"@type":"ReadAction","target":["https:\/\/www.tauroessiccatori.com\/fr\/manuale-biosec\/domande-frequenti\/"]}]},{"@type":"BreadcrumbList","@id":"https:\/\/www.tauroessiccatori.com\/fr\/manuale-biosec\/domande-frequenti\/#breadcrumb","itemListElement":[{"@type":"ListItem","position":1,"name":"Home","item":"https:\/\/www.tauroessiccatori.com\/"},{"@type":"ListItem","position":2,"name":"Manuale Biosec","item":"https:\/\/www.tauroessiccatori.com\/manuale-biosec\/"},{"@type":"ListItem","position":3,"name":"Domande frequenti"}]},{"@type":"WebSite","@id":"https:\/\/www.tauroessiccatori.com\/fr\/#website","url":"https:\/\/www.tauroessiccatori.com\/fr\/","name":"S\u00e9cheurs Tauro","description":"Depuis plus de 30 ans, les meilleurs syst\u00e8mes de s\u00e9chage.","publisher":{"@id":"https:\/\/www.tauroessiccatori.com\/fr\/#organization"},"alternateName":"Tauro","potentialAction":[{"@type":"SearchAction","target":{"@type":"EntryPoint","urlTemplate":"https:\/\/www.tauroessiccatori.com\/fr\/?s={search_term_string}"},"query-input":{"@type":"PropertyValueSpecification","valueRequired":true,"valueName":"search_term_string"}}],"inLanguage":"fr-FR"},{"@type":"Organization","@id":"https:\/\/www.tauroessiccatori.com\/fr\/#organization","name":"S\u00e9cheurs Tauro","alternateName":"Tauro Essiccatori srl unipersonale","url":"https:\/\/www.tauroessiccatori.com\/fr\/","logo":{"@type":"ImageObject","inLanguage":"fr-FR","@id":"https:\/\/www.tauroessiccatori.com\/fr\/#\/schema\/logo\/image\/","url":"https:\/\/www.tauroessiccatori.com\/wp-content\/uploads\/2026\/01\/tauro.avif","contentUrl":"https:\/\/www.tauroessiccatori.com\/wp-content\/uploads\/2026\/01\/tauro.avif","width":360,"height":360,"caption":"Tauro Essiccatori"},"image":{"@id":"https:\/\/www.tauroessiccatori.com\/fr\/#\/schema\/logo\/image\/"},"sameAs":["https:\/\/www.facebook.com\/tauroessiccatori"]}]}},"_links":{"self":[{"href":"https:\/\/www.tauroessiccatori.com\/fr\/wp-json\/wp\/v2\/pages\/165766","targetHints":{"allow":["GET"]}}],"collection":[{"href":"https:\/\/www.tauroessiccatori.com\/fr\/wp-json\/wp\/v2\/pages"}],"about":[{"href":"https:\/\/www.tauroessiccatori.com\/fr\/wp-json\/wp\/v2\/types\/page"}],"author":[{"embeddable":true,"href":"https:\/\/www.tauroessiccatori.com\/fr\/wp-json\/wp\/v2\/users\/1"}],"replies":[{"embeddable":true,"href":"https:\/\/www.tauroessiccatori.com\/fr\/wp-json\/wp\/v2\/comments?post=165766"}],"version-history":[{"count":0,"href":"https:\/\/www.tauroessiccatori.com\/fr\/wp-json\/wp\/v2\/pages\/165766\/revisions"}],"up":[{"embeddable":true,"href":"https:\/\/www.tauroessiccatori.com\/fr\/wp-json\/wp\/v2\/pages\/165699"}],"wp:attachment":[{"href":"https:\/\/www.tauroessiccatori.com\/fr\/wp-json\/wp\/v2\/media?parent=165766"}],"curies":[{"name":"wp","href":"https:\/\/api.w.org\/{rel}","templated":true}]}}