{"id":165758,"date":"2025-10-08T18:41:09","date_gmt":"2025-10-08T16:41:09","guid":{"rendered":"https:\/\/tauroessiccatori.com\/?page_id=165758"},"modified":"2025-10-08T18:42:06","modified_gmt":"2025-10-08T16:42:06","slug":"patisserie-et-meringues","status":"publish","type":"page","link":"https:\/\/www.tauroessiccatori.com\/fr\/manuale-biosec\/cosa-essiccare\/pasta-e-meringhe\/","title":{"rendered":"P\u00e2tisserie et meringues"},"content":{"rendered":"<table id=\"tablepress-4\" class=\"table table-striped\">\n<thead>\n<tr class=\"row-1 odd\">\n<th class=\"column-1 sorting\" tabindex=\"0\" colspan=\"1\" rowspan=\"1\" aria-controls=\"tablepress-4\" aria-label=\"PRODUIT : activer pour trier la colonne par ordre croissant\">PRODUIT<\/th>\n<th class=\"column-2 sorting\" tabindex=\"0\" colspan=\"1\" rowspan=\"1\" aria-controls=\"tablepress-4\" aria-label=\"PR\u00c9PARATION : activer le tri de la colonne par ordre croissant\">PR\u00c9PARATION<\/th>\n<th class=\"column-3 sorting\" tabindex=\"0\" colspan=\"1\" rowspan=\"1\" aria-controls=\"tablepress-4\" aria-label=\"Toggle : activer pour trier la colonne dans l&#039;ordre croissant\">EMPLOI<\/th>\n<th class=\"column-4 sorting\" tabindex=\"0\" colspan=\"1\" rowspan=\"1\" aria-controls=\"tablepress-4\" aria-label=\"HEURE ET HORAIRE : activer pour trier la colonne par ordre croissant\">LE TEMPS ET L'HORAIRE<\/th>\n<\/tr>\n<\/thead>\n<tbody class=\"row-hover\">\n<tr class=\"row-2 even\">\n<td class=\"column-1\">PASTA<\/td>\n<td class=\"column-2\">Le temps de s\u00e9chage d\u00e9pend fortement du type de pr\u00e9paration, de l'\u00e9paisseur et de la pr\u00e9sence de garnitures.<\/td>\n<td class=\"column-3\">Tous les formats, remplis ou non.<\/td>\n<td class=\"column-4\">P5<\/td>\n<\/tr>\n<tr class=\"row-3 odd\">\n<td class=\"column-1\">MERINGUES<\/td>\n<td class=\"column-2\">Tapisser les paniers d'une feuille de papier sulfuris\u00e9. Pr\u00e9parer la p\u00e2te et placer les meringues dans le s\u00e9choir.<\/td>\n<td class=\"column-3\">Pour la consommation directe ou dans toutes les pr\u00e9parations p\u00e2tissi\u00e8res.<\/td>\n<td class=\"column-4\">P4<\/td>\n<\/tr>\n<\/tbody>\n<\/table>","protected":false},"excerpt":{"rendered":"<p>PRODOTTO PREPARAZIONE IMPIEGO TEMPO E PROGRAMMA PASTA Il tempo di essiccazione dipende fortemente dal tipo di preparato, dallo spessore, dalla [&hellip;]<\/p>\n","protected":false},"author":1,"featured_media":0,"parent":165746,"menu_order":21,"comment_status":"closed","ping_status":"closed","template":"page-manuale-biosec.php","meta":{"_acf_changed":false,"footnotes":""},"class_list":["post-165758","page","type-page","status-publish","hentry"],"acf":[],"yoast_head":"<!-- This site is optimized with the Yoast SEO plugin v27.5 - https:\/\/yoast.com\/product\/yoast-seo-wordpress\/ -->\n<title>Pasta e meringhe &#187; Tauro Essiccatori<\/title>\n<meta name=\"robots\" content=\"index, follow, max-snippet:-1, max-image-preview:large, max-video-preview:-1\" \/>\n<link rel=\"canonical\" href=\"https:\/\/www.tauroessiccatori.com\/fr\/manuel-biosec\/quoi-secher\/patisserie-et-meringues\/\" \/>\n<meta property=\"og:locale\" content=\"fr_FR\" \/>\n<meta property=\"og:type\" content=\"article\" \/>\n<meta property=\"og:title\" content=\"Pasta e meringhe &#187; Tauro Essiccatori\" \/>\n<meta property=\"og:description\" content=\"PRODOTTO PREPARAZIONE IMPIEGO TEMPO E PROGRAMMA PASTA Il tempo di essiccazione dipende fortemente dal tipo di preparato, dallo spessore, dalla [&hellip;]\" \/>\n<meta property=\"og:url\" content=\"https:\/\/www.tauroessiccatori.com\/fr\/manuel-biosec\/quoi-secher\/patisserie-et-meringues\/\" \/>\n<meta property=\"og:site_name\" content=\"Tauro Essiccatori\" \/>\n<meta property=\"article:publisher\" content=\"https:\/\/www.facebook.com\/tauroessiccatori\" \/>\n<meta property=\"article:modified_time\" content=\"2025-10-08T16:42:06+00:00\" \/>\n<meta name=\"twitter:card\" content=\"summary_large_image\" \/>\n<script type=\"application\/ld+json\" class=\"yoast-schema-graph\">{\"@context\":\"https:\\\/\\\/schema.org\",\"@graph\":[{\"@type\":\"WebPage\",\"@id\":\"https:\\\/\\\/www.tauroessiccatori.com\\\/fr\\\/manuale-biosec\\\/cosa-essiccare\\\/pasta-e-meringhe\\\/\",\"url\":\"https:\\\/\\\/www.tauroessiccatori.com\\\/fr\\\/manuale-biosec\\\/cosa-essiccare\\\/pasta-e-meringhe\\\/\",\"name\":\"Pasta e meringhe &#187; Tauro Essiccatori\",\"isPartOf\":{\"@id\":\"https:\\\/\\\/www.tauroessiccatori.com\\\/fr\\\/#website\"},\"datePublished\":\"2025-10-08T16:41:09+00:00\",\"dateModified\":\"2025-10-08T16:42:06+00:00\",\"breadcrumb\":{\"@id\":\"https:\\\/\\\/www.tauroessiccatori.com\\\/fr\\\/manuale-biosec\\\/cosa-essiccare\\\/pasta-e-meringhe\\\/#breadcrumb\"},\"inLanguage\":\"fr-FR\",\"potentialAction\":[{\"@type\":\"ReadAction\",\"target\":[\"https:\\\/\\\/www.tauroessiccatori.com\\\/fr\\\/manuale-biosec\\\/cosa-essiccare\\\/pasta-e-meringhe\\\/\"]}]},{\"@type\":\"BreadcrumbList\",\"@id\":\"https:\\\/\\\/www.tauroessiccatori.com\\\/fr\\\/manuale-biosec\\\/cosa-essiccare\\\/pasta-e-meringhe\\\/#breadcrumb\",\"itemListElement\":[{\"@type\":\"ListItem\",\"position\":1,\"name\":\"Home\",\"item\":\"https:\\\/\\\/www.tauroessiccatori.com\\\/\"},{\"@type\":\"ListItem\",\"position\":2,\"name\":\"Manuale Biosec\",\"item\":\"https:\\\/\\\/www.tauroessiccatori.com\\\/manuale-biosec\\\/\"},{\"@type\":\"ListItem\",\"position\":3,\"name\":\"Cosa essiccare\",\"item\":\"https:\\\/\\\/www.tauroessiccatori.com\\\/manuale-biosec\\\/cosa-essiccare\\\/\"},{\"@type\":\"ListItem\",\"position\":4,\"name\":\"Pasta e meringhe\"}]},{\"@type\":\"WebSite\",\"@id\":\"https:\\\/\\\/www.tauroessiccatori.com\\\/fr\\\/#website\",\"url\":\"https:\\\/\\\/www.tauroessiccatori.com\\\/fr\\\/\",\"name\":\"Tauro Essiccatori\",\"description\":\"Da pi\u00f9 di trent\u2019anni, i migliori sistemi di essiccazione.\",\"publisher\":{\"@id\":\"https:\\\/\\\/www.tauroessiccatori.com\\\/fr\\\/#organization\"},\"alternateName\":\"Tauro\",\"potentialAction\":[{\"@type\":\"SearchAction\",\"target\":{\"@type\":\"EntryPoint\",\"urlTemplate\":\"https:\\\/\\\/www.tauroessiccatori.com\\\/fr\\\/?s={search_term_string}\"},\"query-input\":{\"@type\":\"PropertyValueSpecification\",\"valueRequired\":true,\"valueName\":\"search_term_string\"}}],\"inLanguage\":\"fr-FR\"},{\"@type\":\"Organization\",\"@id\":\"https:\\\/\\\/www.tauroessiccatori.com\\\/fr\\\/#organization\",\"name\":\"Tauro Essiccatori\",\"alternateName\":\"Tauro Essiccatori srl unipersonale\",\"url\":\"https:\\\/\\\/www.tauroessiccatori.com\\\/fr\\\/\",\"logo\":{\"@type\":\"ImageObject\",\"inLanguage\":\"fr-FR\",\"@id\":\"https:\\\/\\\/www.tauroessiccatori.com\\\/fr\\\/#\\\/schema\\\/logo\\\/image\\\/\",\"url\":\"https:\\\/\\\/www.tauroessiccatori.com\\\/wp-content\\\/uploads\\\/2026\\\/01\\\/tauro.avif\",\"contentUrl\":\"https:\\\/\\\/www.tauroessiccatori.com\\\/wp-content\\\/uploads\\\/2026\\\/01\\\/tauro.avif\",\"width\":360,\"height\":360,\"caption\":\"Tauro Essiccatori\"},\"image\":{\"@id\":\"https:\\\/\\\/www.tauroessiccatori.com\\\/fr\\\/#\\\/schema\\\/logo\\\/image\\\/\"},\"sameAs\":[\"https:\\\/\\\/www.facebook.com\\\/tauroessiccatori\"]}]}<\/script>\n<!-- \/ Yoast SEO plugin. -->","yoast_head_json":{"title":"P\u00e2te et meringues \u00bb S\u00e9choirs Tauro","robots":{"index":"index","follow":"follow","max-snippet":"max-snippet:-1","max-image-preview":"max-image-preview:large","max-video-preview":"max-video-preview:-1"},"canonical":"https:\/\/www.tauroessiccatori.com\/fr\/manuel-biosec\/quoi-secher\/patisserie-et-meringues\/","og_locale":"fr_FR","og_type":"article","og_title":"Pasta e meringhe &#187; Tauro Essiccatori","og_description":"PRODOTTO PREPARAZIONE IMPIEGO TEMPO E PROGRAMMA PASTA Il tempo di essiccazione dipende fortemente dal tipo di preparato, dallo spessore, dalla [&hellip;]","og_url":"https:\/\/www.tauroessiccatori.com\/fr\/manuel-biosec\/quoi-secher\/patisserie-et-meringues\/","og_site_name":"Tauro Essiccatori","article_publisher":"https:\/\/www.facebook.com\/tauroessiccatori","article_modified_time":"2025-10-08T16:42:06+00:00","twitter_card":"summary_large_image","schema":{"@context":"https:\/\/schema.org","@graph":[{"@type":"WebPage","@id":"https:\/\/www.tauroessiccatori.com\/fr\/manuale-biosec\/cosa-essiccare\/pasta-e-meringhe\/","url":"https:\/\/www.tauroessiccatori.com\/fr\/manuale-biosec\/cosa-essiccare\/pasta-e-meringhe\/","name":"P\u00e2te et meringues \u00bb S\u00e9choirs Tauro","isPartOf":{"@id":"https:\/\/www.tauroessiccatori.com\/fr\/#website"},"datePublished":"2025-10-08T16:41:09+00:00","dateModified":"2025-10-08T16:42:06+00:00","breadcrumb":{"@id":"https:\/\/www.tauroessiccatori.com\/fr\/manuale-biosec\/cosa-essiccare\/pasta-e-meringhe\/#breadcrumb"},"inLanguage":"fr-FR","potentialAction":[{"@type":"ReadAction","target":["https:\/\/www.tauroessiccatori.com\/fr\/manuale-biosec\/cosa-essiccare\/pasta-e-meringhe\/"]}]},{"@type":"BreadcrumbList","@id":"https:\/\/www.tauroessiccatori.com\/fr\/manuale-biosec\/cosa-essiccare\/pasta-e-meringhe\/#breadcrumb","itemListElement":[{"@type":"ListItem","position":1,"name":"Home","item":"https:\/\/www.tauroessiccatori.com\/"},{"@type":"ListItem","position":2,"name":"Manuale Biosec","item":"https:\/\/www.tauroessiccatori.com\/manuale-biosec\/"},{"@type":"ListItem","position":3,"name":"Cosa essiccare","item":"https:\/\/www.tauroessiccatori.com\/manuale-biosec\/cosa-essiccare\/"},{"@type":"ListItem","position":4,"name":"Pasta e meringhe"}]},{"@type":"WebSite","@id":"https:\/\/www.tauroessiccatori.com\/fr\/#website","url":"https:\/\/www.tauroessiccatori.com\/fr\/","name":"S\u00e9cheurs Tauro","description":"Depuis plus de 30 ans, les meilleurs syst\u00e8mes de s\u00e9chage.","publisher":{"@id":"https:\/\/www.tauroessiccatori.com\/fr\/#organization"},"alternateName":"Tauro","potentialAction":[{"@type":"SearchAction","target":{"@type":"EntryPoint","urlTemplate":"https:\/\/www.tauroessiccatori.com\/fr\/?s={search_term_string}"},"query-input":{"@type":"PropertyValueSpecification","valueRequired":true,"valueName":"search_term_string"}}],"inLanguage":"fr-FR"},{"@type":"Organization","@id":"https:\/\/www.tauroessiccatori.com\/fr\/#organization","name":"S\u00e9cheurs Tauro","alternateName":"Tauro Essiccatori srl unipersonale","url":"https:\/\/www.tauroessiccatori.com\/fr\/","logo":{"@type":"ImageObject","inLanguage":"fr-FR","@id":"https:\/\/www.tauroessiccatori.com\/fr\/#\/schema\/logo\/image\/","url":"https:\/\/www.tauroessiccatori.com\/wp-content\/uploads\/2026\/01\/tauro.avif","contentUrl":"https:\/\/www.tauroessiccatori.com\/wp-content\/uploads\/2026\/01\/tauro.avif","width":360,"height":360,"caption":"Tauro Essiccatori"},"image":{"@id":"https:\/\/www.tauroessiccatori.com\/fr\/#\/schema\/logo\/image\/"},"sameAs":["https:\/\/www.facebook.com\/tauroessiccatori"]}]}},"_links":{"self":[{"href":"https:\/\/www.tauroessiccatori.com\/fr\/wp-json\/wp\/v2\/pages\/165758","targetHints":{"allow":["GET"]}}],"collection":[{"href":"https:\/\/www.tauroessiccatori.com\/fr\/wp-json\/wp\/v2\/pages"}],"about":[{"href":"https:\/\/www.tauroessiccatori.com\/fr\/wp-json\/wp\/v2\/types\/page"}],"author":[{"embeddable":true,"href":"https:\/\/www.tauroessiccatori.com\/fr\/wp-json\/wp\/v2\/users\/1"}],"replies":[{"embeddable":true,"href":"https:\/\/www.tauroessiccatori.com\/fr\/wp-json\/wp\/v2\/comments?post=165758"}],"version-history":[{"count":0,"href":"https:\/\/www.tauroessiccatori.com\/fr\/wp-json\/wp\/v2\/pages\/165758\/revisions"}],"up":[{"embeddable":true,"href":"https:\/\/www.tauroessiccatori.com\/fr\/wp-json\/wp\/v2\/pages\/165746"}],"wp:attachment":[{"href":"https:\/\/www.tauroessiccatori.com\/fr\/wp-json\/wp\/v2\/media?parent=165758"}],"curies":[{"name":"wp","href":"https:\/\/api.w.org\/{rel}","templated":true}]}}