{"id":165751,"date":"2025-10-08T18:22:20","date_gmt":"2025-10-08T16:22:20","guid":{"rendered":"https:\/\/tauroessiccatori.com\/?page_id=165751"},"modified":"2026-03-14T10:43:32","modified_gmt":"2026-03-14T09:43:32","slug":"fruits","status":"publish","type":"page","link":"https:\/\/www.tauroessiccatori.com\/fr\/manuale-biosec\/cosa-essiccare\/frutta\/","title":{"rendered":"Fruits"},"content":{"rendered":"<table class=\"table table-striped\">\n<thead>\n<tr class=\"row-1 odd\">\n<th class=\"column-1 sorting\" tabindex=\"0\" colspan=\"1\" rowspan=\"1\" aria-controls=\"tablepress-1\" aria-label=\"PRODUIT : activer pour trier la colonne par ordre croissant\">PRODUIT<\/th>\n<th class=\"column-2 sorting\" tabindex=\"0\" colspan=\"1\" rowspan=\"1\" aria-controls=\"tablepress-1\" aria-label=\"PR\u00c9PARATION : activer le tri de la colonne par ordre croissant\">PR\u00c9PARATION<\/th>\n<th class=\"column-3 sorting\" tabindex=\"0\" colspan=\"1\" rowspan=\"1\" aria-controls=\"tablepress-1\" aria-label=\"Toggle : activer pour trier la colonne dans l&#039;ordre croissant\">EMPLOI<\/th>\n<th class=\"column-4 sorting\" tabindex=\"0\" colspan=\"1\" rowspan=\"1\" aria-controls=\"tablepress-1\" aria-label=\"HEURE ET HORAIRE : activer pour trier la colonne par ordre croissant\">LE TEMPS ET L'HORAIRE<\/th>\n<\/tr>\n<\/thead>\n<tbody class=\"row-hover\">\n<tr class=\"row-2 even\">\n<td class=\"column-1\">APRICOCKS<\/td>\n<td class=\"column-2\">Moiti\u00e9 et d\u00e9noyautage. Tendance possible au brunissement avec des fruits tr\u00e8s m\u00fbrs, sans toutefois compromettre l'intensit\u00e9 de la saveur.<\/td>\n<td class=\"column-3\">\u00c9galement pour la consommation<br \/>\ndirect ou pour la pr\u00e9paration de g\u00e2teaux ou de compositions<br \/>\ndans des plateaux, des paniers, etc.<\/td>\n<td class=\"column-4\">t4\/t5<br \/>\n48\/60 h selon la taille<\/td>\n<\/tr>\n<tr class=\"row-3 odd\">\n<td class=\"column-1\">ANANAS<\/td>\n<td class=\"column-2\">Peler et couper en tranches de 6 \u00e0 8 mm d'\u00e9paisseur ; retourner les tranches.<br \/>\nde temps en temps pour qu'ils ne collent pas au fond. Tr\u00e8s aqueux donc s\u00e9chage long, excellent r\u00e9sultat en termes d'intensit\u00e9 de parfum et d'ar\u00f4me.<\/td>\n<td class=\"column-3\">Pour la consommation directe, \u00e9galement pour les salades de fruits et les compositions.<\/td>\n<td class=\"column-4\">t4 24 h<\/td>\n<\/tr>\n<tr class=\"row-4 even\">\n<td class=\"column-1\">ORANGES<\/td>\n<td class=\"column-2\">Pas trop mature,<br \/>\nen tranches d'environ 5 mm. Elles ont tendance \u00e0 coller au fond du panier.<\/td>\n<td class=\"column-3\">Parfait pour d\u00e9corer les g\u00e2teaux, les plats et les \u0153uvres d'art, en particulier \u00e0 No\u00ebl, pulv\u00e9ris\u00e9 sous forme de farine ou fouett\u00e9 et s\u00e9ch\u00e9 sous forme de gaufrettes pour les en-cas, les emballages et les desserts.<\/td>\n<td class=\"column-4\">P4 18\/24 h<\/td>\n<\/tr>\n<tr class=\"row-5 odd\">\n<td class=\"column-1\">BANANAS<\/td>\n<td class=\"column-2\">En tranches ou en morceaux. Ils adh\u00e8rent facilement au fond et entre eux. Ils ont tendance \u00e0 brunir mais conservent une saveur intense. Ils restent tendres et a<br \/>\nun peu collants parce qu'ils sont tr\u00e8s sucr\u00e9s.<\/td>\n<td class=\"column-3\">Excellent pour la consommation directe, pour les collations et les rafra\u00eechissements. Un concentr\u00e9 de go\u00fbt et de substance particuli\u00e8rement appr\u00e9ci\u00e9 par les enfants.<\/td>\n<td class=\"column-4\">P1 18\/24 h<\/td>\n<\/tr>\n<tr class=\"row-6 even\">\n<td class=\"column-1\">CACHI<\/td>\n<td class=\"column-2\">En tranches fines (5-6 mm). Les kakis pomme sont excellents, sucr\u00e9s m\u00eame s'ils sont encore durs. S\u00e9chez \u00e9galement les autres qualit\u00e9s avant qu'elles ne deviennent tendres. Ils perdent leur astringence caract\u00e9ristique. S'ils sont trop m\u00fbrs, les mixer et les s\u00e9cher pour en faire une pur\u00e9e.<\/td>\n<td class=\"column-3\">Excellents pour la consommation directe et pour diverses compositions. Ils conservent une belle couleur. Mix\u00e9s en pur\u00e9e, ils sont parfaits pour les desserts et les snacks savoureux.<\/td>\n<td class=\"column-4\">P2<\/td>\n<\/tr>\n<tr class=\"row-7 odd\">\n<td class=\"column-1\">CHERRIES<\/td>\n<td class=\"column-2\">Coup\u00e9es en deux et d\u00e9noyaut\u00e9es, elles intensifient l'ar\u00f4me et le parfum.<\/td>\n<td class=\"column-3\">Parfait pour les tisanes, les pout pourri, les sucreries de toutes sortes.<\/td>\n<td class=\"column-4\">P1\/t4<\/td>\n<\/tr>\n<tr class=\"row-8 even\">\n<td class=\"column-1\">KIWI<\/td>\n<td class=\"column-2\">Peler et couper en tranches de 6 \u00e0 8 mm ou couper 4 tranches dans le sens de la longueur \u00e0 partir d'un fruit entier ; \u00e9tirer et secouer pour qu'elles ne collent pas. Elles conservent une couleur discr\u00e8te. Go\u00fbt intense et astringent.<\/td>\n<td class=\"column-3\">Il est pr\u00e9f\u00e9rable de le consommer directement avec d'autres fruits ou en salade de fruits apr\u00e8s l'avoir temp\u00e9r\u00e9 ; il est excellent pour les compositions.<\/td>\n<td class=\"column-4\">P2<\/td>\n<\/tr>\n<tr class=\"row-9 odd\">\n<td class=\"column-1\">FIGS<\/td>\n<td class=\"column-2\">Fendez-les en deux, en les choisissant de pr\u00e9f\u00e9rence bien m\u00fbrs, secs et pas trop gros.<\/td>\n<td class=\"column-3\">Pour la consommation directe et comme ingr\u00e9dient dans les desserts ou les salades de fruits. En morceaux pour les compositions.<\/td>\n<td class=\"column-4\">t4\/t5<br \/>\n48\/60 h selon la taille<\/td>\n<\/tr>\n<tr class=\"row-10 even\">\n<td class=\"column-1\">POMMES<\/td>\n<td class=\"column-2\">Tranch\u00e9s en tranches de 5-6 mm d'\u00e9paisseur, entiers ou apr\u00e8s avoir enlev\u00e9 le c\u0153ur et la peau.<\/td>\n<td class=\"column-3\">Consommation directe, pour les g\u00e2teaux ou les paniers. D\u00e9licieux lorsqu'il est tremp\u00e9 \u00e0 moiti\u00e9 dans du chocolat fondu et mis \u00e0 s\u00e9cher. Tr\u00e8s riche en fibres, surtout s'il est s\u00e9ch\u00e9 avec l'\u00e9corce.<\/td>\n<td class=\"column-4\">P2<\/td>\n<\/tr>\n<tr class=\"row-11 odd\">\n<td class=\"column-1\">PEARS<\/td>\n<td class=\"column-2\">Comme les pommes. Les vari\u00e9t\u00e9s petites et sucr\u00e9es peuvent \u00e9galement \u00eatre s\u00e9ch\u00e9es, coup\u00e9es en deux.<\/td>\n<td class=\"column-3\">Excellent pour la consommation directe et pour les desserts, les salades de fruits et diverses compositions.<\/td>\n<td class=\"column-4\">P2 tranch\u00e9e t4 en deux<\/td>\n<\/tr>\n<tr class=\"row-12 even\">\n<td class=\"column-1\">P\u00caCHES ET NECTARINES<\/td>\n<td class=\"column-2\">En moiti\u00e9s si elles sont petites, en tranches ou en quartiers si elles sont plus grandes. Secouez-les souvent.<\/td>\n<td class=\"column-3\">Bon pour la consommation directe.<\/td>\n<td class=\"column-4\">P1\/t4<\/td>\n<\/tr>\n<tr class=\"row-13 odd\">\n<td class=\"column-1\">PRUGNE<\/td>\n<td class=\"column-2\">Fendus en deux et d\u00e9noyaut\u00e9s ou entiers apr\u00e8s un trempage de 30 \u00e0 60 secondes dans de l'eau bouillante (avec un temps de s\u00e9chage plus long).<\/td>\n<td class=\"column-3\">Consommation directe ou pour les desserts et les compositions artistiques. Bouillies quelques minutes dans un peu d'eau, elles sont l\u00e9g\u00e8rement laxatives.<\/td>\n<td class=\"column-4\">t4\/t5<br \/>\n30\/48 h selon la taille, P6<br \/>\njusqu'\u00e0 ce qu'il soit compl\u00e8tement sec, s'il est entier<\/td>\n<\/tr>\n<tr class=\"row-14 even\">\n<td class=\"column-1\">UVA<\/td>\n<td class=\"column-2\">S\u00e9chage lent en raison d'une peau tr\u00e8s imperm\u00e9able. Acc\u00e9l\u00e9rer en coupant les raisins en deux ou en \u00e9claircissant la grappe.<\/td>\n<td class=\"column-3\">Pour toutes les utilisations, des raisins secs \u00e0 la consommation directe.<\/td>\n<td class=\"column-4\">t4 36\/48 h<\/td>\n<\/tr>\n<\/tbody>\n<\/table>","protected":false},"excerpt":{"rendered":"<p>PRODOTTO PREPARAZIONE IMPIEGO TEMPO E PROGRAMMA ALBICOCCHE A meta\u0300 e denocciolate. Possibile tendenza all\u2019imbrunimento con frutti molto maturi, pur senza [&hellip;]<\/p>\n","protected":false},"author":1,"featured_media":165841,"parent":165746,"menu_order":23,"comment_status":"closed","ping_status":"closed","template":"page-manuale-biosec.php","meta":{"_acf_changed":false,"footnotes":""},"class_list":["post-165751","page","type-page","status-publish","has-post-thumbnail","hentry"],"acf":[],"yoast_head":"<!-- This site is optimized with the Yoast SEO plugin v27.5 - https:\/\/yoast.com\/product\/yoast-seo-wordpress\/ -->\n<title>Essiccare la Frutta &#187; Tauro Essiccatori<\/title>\n<meta name=\"description\" content=\"Scopri come essiccare tutti i tipi di frutta con il Biosec Pro di Tauro Essiccatori\" \/>\n<meta name=\"robots\" content=\"index, follow, max-snippet:-1, max-image-preview:large, max-video-preview:-1\" \/>\n<link rel=\"canonical\" href=\"https:\/\/www.tauroessiccatori.com\/fr\/manuel-biosec\/quoi-secher\/fruits\/\" \/>\n<meta property=\"og:locale\" content=\"fr_FR\" \/>\n<meta property=\"og:type\" content=\"article\" \/>\n<meta property=\"og:title\" content=\"Essiccare la Frutta &#187; Tauro Essiccatori\" \/>\n<meta property=\"og:description\" content=\"Scopri come essiccare tutti i tipi di frutta con il Biosec Pro di Tauro Essiccatori\" \/>\n<meta property=\"og:url\" content=\"https:\/\/www.tauroessiccatori.com\/fr\/manuel-biosec\/quoi-secher\/fruits\/\" \/>\n<meta property=\"og:site_name\" content=\"Tauro Essiccatori\" \/>\n<meta property=\"article:publisher\" content=\"https:\/\/www.facebook.com\/tauroessiccatori\" \/>\n<meta property=\"article:modified_time\" content=\"2026-03-14T09:43:32+00:00\" \/>\n<meta name=\"twitter:card\" content=\"summary_large_image\" \/>\n<script type=\"application\/ld+json\" class=\"yoast-schema-graph\">{\"@context\":\"https:\\\/\\\/schema.org\",\"@graph\":[{\"@type\":\"WebPage\",\"@id\":\"https:\\\/\\\/www.tauroessiccatori.com\\\/fr\\\/manuale-biosec\\\/cosa-essiccare\\\/frutta\\\/\",\"url\":\"https:\\\/\\\/www.tauroessiccatori.com\\\/fr\\\/manuale-biosec\\\/cosa-essiccare\\\/frutta\\\/\",\"name\":\"Essiccare la Frutta &#187; Tauro Essiccatori\",\"isPartOf\":{\"@id\":\"https:\\\/\\\/www.tauroessiccatori.com\\\/fr\\\/#website\"},\"primaryImageOfPage\":{\"@id\":\"https:\\\/\\\/www.tauroessiccatori.com\\\/fr\\\/manuale-biosec\\\/cosa-essiccare\\\/frutta\\\/#primaryimage\"},\"image\":{\"@id\":\"https:\\\/\\\/www.tauroessiccatori.com\\\/fr\\\/manuale-biosec\\\/cosa-essiccare\\\/frutta\\\/#primaryimage\"},\"thumbnailUrl\":\"https:\\\/\\\/www.tauroessiccatori.com\\\/wp-content\\\/uploads\\\/2019\\\/09\\\/chips-mela-essiccata_tauro_essiccatori.avif\",\"datePublished\":\"2025-10-08T16:22:20+00:00\",\"dateModified\":\"2026-03-14T09:43:32+00:00\",\"description\":\"Scopri come essiccare tutti i tipi di frutta con il Biosec Pro di Tauro Essiccatori\",\"breadcrumb\":{\"@id\":\"https:\\\/\\\/www.tauroessiccatori.com\\\/fr\\\/manuale-biosec\\\/cosa-essiccare\\\/frutta\\\/#breadcrumb\"},\"inLanguage\":\"fr-FR\",\"potentialAction\":[{\"@type\":\"ReadAction\",\"target\":[\"https:\\\/\\\/www.tauroessiccatori.com\\\/fr\\\/manuale-biosec\\\/cosa-essiccare\\\/frutta\\\/\"]}]},{\"@type\":\"ImageObject\",\"inLanguage\":\"fr-FR\",\"@id\":\"https:\\\/\\\/www.tauroessiccatori.com\\\/fr\\\/manuale-biosec\\\/cosa-essiccare\\\/frutta\\\/#primaryimage\",\"url\":\"https:\\\/\\\/www.tauroessiccatori.com\\\/wp-content\\\/uploads\\\/2019\\\/09\\\/chips-mela-essiccata_tauro_essiccatori.avif\",\"contentUrl\":\"https:\\\/\\\/www.tauroessiccatori.com\\\/wp-content\\\/uploads\\\/2019\\\/09\\\/chips-mela-essiccata_tauro_essiccatori.avif\",\"width\":1920,\"height\":1920,\"caption\":\"Croccanti, dolci e irresistibili. Trasforma le tue mele preferite nello snack sano che piacer\u00e0 a tutta la famiglia!\"},{\"@type\":\"BreadcrumbList\",\"@id\":\"https:\\\/\\\/www.tauroessiccatori.com\\\/fr\\\/manuale-biosec\\\/cosa-essiccare\\\/frutta\\\/#breadcrumb\",\"itemListElement\":[{\"@type\":\"ListItem\",\"position\":1,\"name\":\"Home\",\"item\":\"https:\\\/\\\/www.tauroessiccatori.com\\\/\"},{\"@type\":\"ListItem\",\"position\":2,\"name\":\"Manuale Biosec\",\"item\":\"https:\\\/\\\/www.tauroessiccatori.com\\\/manuale-biosec\\\/\"},{\"@type\":\"ListItem\",\"position\":3,\"name\":\"Cosa essiccare\",\"item\":\"https:\\\/\\\/www.tauroessiccatori.com\\\/manuale-biosec\\\/cosa-essiccare\\\/\"},{\"@type\":\"ListItem\",\"position\":4,\"name\":\"Frutta\"}]},{\"@type\":\"WebSite\",\"@id\":\"https:\\\/\\\/www.tauroessiccatori.com\\\/fr\\\/#website\",\"url\":\"https:\\\/\\\/www.tauroessiccatori.com\\\/fr\\\/\",\"name\":\"Tauro Essiccatori\",\"description\":\"Da pi\u00f9 di trent\u2019anni, i migliori sistemi di essiccazione.\",\"publisher\":{\"@id\":\"https:\\\/\\\/www.tauroessiccatori.com\\\/fr\\\/#organization\"},\"alternateName\":\"Tauro\",\"potentialAction\":[{\"@type\":\"SearchAction\",\"target\":{\"@type\":\"EntryPoint\",\"urlTemplate\":\"https:\\\/\\\/www.tauroessiccatori.com\\\/fr\\\/?s={search_term_string}\"},\"query-input\":{\"@type\":\"PropertyValueSpecification\",\"valueRequired\":true,\"valueName\":\"search_term_string\"}}],\"inLanguage\":\"fr-FR\"},{\"@type\":\"Organization\",\"@id\":\"https:\\\/\\\/www.tauroessiccatori.com\\\/fr\\\/#organization\",\"name\":\"Tauro Essiccatori\",\"alternateName\":\"Tauro Essiccatori srl unipersonale\",\"url\":\"https:\\\/\\\/www.tauroessiccatori.com\\\/fr\\\/\",\"logo\":{\"@type\":\"ImageObject\",\"inLanguage\":\"fr-FR\",\"@id\":\"https:\\\/\\\/www.tauroessiccatori.com\\\/fr\\\/#\\\/schema\\\/logo\\\/image\\\/\",\"url\":\"https:\\\/\\\/www.tauroessiccatori.com\\\/wp-content\\\/uploads\\\/2026\\\/01\\\/tauro.avif\",\"contentUrl\":\"https:\\\/\\\/www.tauroessiccatori.com\\\/wp-content\\\/uploads\\\/2026\\\/01\\\/tauro.avif\",\"width\":360,\"height\":360,\"caption\":\"Tauro Essiccatori\"},\"image\":{\"@id\":\"https:\\\/\\\/www.tauroessiccatori.com\\\/fr\\\/#\\\/schema\\\/logo\\\/image\\\/\"},\"sameAs\":[\"https:\\\/\\\/www.facebook.com\\\/tauroessiccatori\"]}]}<\/script>\n<!-- \/ Yoast SEO plugin. -->","yoast_head_json":{"title":"S\u00e9chage des fruits \u00bb Tauro Fruit Dryers","description":"D\u00e9couvrez comment s\u00e9cher tous les types de fruits avec le Biosec Pro de Tauro Dryers","robots":{"index":"index","follow":"follow","max-snippet":"max-snippet:-1","max-image-preview":"max-image-preview:large","max-video-preview":"max-video-preview:-1"},"canonical":"https:\/\/www.tauroessiccatori.com\/fr\/manuel-biosec\/quoi-secher\/fruits\/","og_locale":"fr_FR","og_type":"article","og_title":"Essiccare la Frutta &#187; Tauro Essiccatori","og_description":"Scopri come essiccare tutti i tipi di frutta con il Biosec Pro di Tauro Essiccatori","og_url":"https:\/\/www.tauroessiccatori.com\/fr\/manuel-biosec\/quoi-secher\/fruits\/","og_site_name":"Tauro Essiccatori","article_publisher":"https:\/\/www.facebook.com\/tauroessiccatori","article_modified_time":"2026-03-14T09:43:32+00:00","twitter_card":"summary_large_image","schema":{"@context":"https:\/\/schema.org","@graph":[{"@type":"WebPage","@id":"https:\/\/www.tauroessiccatori.com\/fr\/manuale-biosec\/cosa-essiccare\/frutta\/","url":"https:\/\/www.tauroessiccatori.com\/fr\/manuale-biosec\/cosa-essiccare\/frutta\/","name":"S\u00e9chage des fruits \u00bb Tauro Fruit Dryers","isPartOf":{"@id":"https:\/\/www.tauroessiccatori.com\/fr\/#website"},"primaryImageOfPage":{"@id":"https:\/\/www.tauroessiccatori.com\/fr\/manuale-biosec\/cosa-essiccare\/frutta\/#primaryimage"},"image":{"@id":"https:\/\/www.tauroessiccatori.com\/fr\/manuale-biosec\/cosa-essiccare\/frutta\/#primaryimage"},"thumbnailUrl":"https:\/\/www.tauroessiccatori.com\/wp-content\/uploads\/2019\/09\/chips-mela-essiccata_tauro_essiccatori.avif","datePublished":"2025-10-08T16:22:20+00:00","dateModified":"2026-03-14T09:43:32+00:00","description":"D\u00e9couvrez comment s\u00e9cher tous les types de fruits avec le Biosec Pro de Tauro Dryers","breadcrumb":{"@id":"https:\/\/www.tauroessiccatori.com\/fr\/manuale-biosec\/cosa-essiccare\/frutta\/#breadcrumb"},"inLanguage":"fr-FR","potentialAction":[{"@type":"ReadAction","target":["https:\/\/www.tauroessiccatori.com\/fr\/manuale-biosec\/cosa-essiccare\/frutta\/"]}]},{"@type":"ImageObject","inLanguage":"fr-FR","@id":"https:\/\/www.tauroessiccatori.com\/fr\/manuale-biosec\/cosa-essiccare\/frutta\/#primaryimage","url":"https:\/\/www.tauroessiccatori.com\/wp-content\/uploads\/2019\/09\/chips-mela-essiccata_tauro_essiccatori.avif","contentUrl":"https:\/\/www.tauroessiccatori.com\/wp-content\/uploads\/2019\/09\/chips-mela-essiccata_tauro_essiccatori.avif","width":1920,"height":1920,"caption":"Croccanti, dolci e irresistibili. Trasforma le tue mele preferite nello snack sano che piacer\u00e0 a tutta la famiglia!"},{"@type":"BreadcrumbList","@id":"https:\/\/www.tauroessiccatori.com\/fr\/manuale-biosec\/cosa-essiccare\/frutta\/#breadcrumb","itemListElement":[{"@type":"ListItem","position":1,"name":"Home","item":"https:\/\/www.tauroessiccatori.com\/"},{"@type":"ListItem","position":2,"name":"Manuale Biosec","item":"https:\/\/www.tauroessiccatori.com\/manuale-biosec\/"},{"@type":"ListItem","position":3,"name":"Cosa essiccare","item":"https:\/\/www.tauroessiccatori.com\/manuale-biosec\/cosa-essiccare\/"},{"@type":"ListItem","position":4,"name":"Frutta"}]},{"@type":"WebSite","@id":"https:\/\/www.tauroessiccatori.com\/fr\/#website","url":"https:\/\/www.tauroessiccatori.com\/fr\/","name":"S\u00e9cheurs Tauro","description":"Depuis plus de 30 ans, les meilleurs syst\u00e8mes de s\u00e9chage.","publisher":{"@id":"https:\/\/www.tauroessiccatori.com\/fr\/#organization"},"alternateName":"Tauro","potentialAction":[{"@type":"SearchAction","target":{"@type":"EntryPoint","urlTemplate":"https:\/\/www.tauroessiccatori.com\/fr\/?s={search_term_string}"},"query-input":{"@type":"PropertyValueSpecification","valueRequired":true,"valueName":"search_term_string"}}],"inLanguage":"fr-FR"},{"@type":"Organization","@id":"https:\/\/www.tauroessiccatori.com\/fr\/#organization","name":"S\u00e9cheurs Tauro","alternateName":"Tauro Essiccatori srl unipersonale","url":"https:\/\/www.tauroessiccatori.com\/fr\/","logo":{"@type":"ImageObject","inLanguage":"fr-FR","@id":"https:\/\/www.tauroessiccatori.com\/fr\/#\/schema\/logo\/image\/","url":"https:\/\/www.tauroessiccatori.com\/wp-content\/uploads\/2026\/01\/tauro.avif","contentUrl":"https:\/\/www.tauroessiccatori.com\/wp-content\/uploads\/2026\/01\/tauro.avif","width":360,"height":360,"caption":"Tauro Essiccatori"},"image":{"@id":"https:\/\/www.tauroessiccatori.com\/fr\/#\/schema\/logo\/image\/"},"sameAs":["https:\/\/www.facebook.com\/tauroessiccatori"]}]}},"_links":{"self":[{"href":"https:\/\/www.tauroessiccatori.com\/fr\/wp-json\/wp\/v2\/pages\/165751","targetHints":{"allow":["GET"]}}],"collection":[{"href":"https:\/\/www.tauroessiccatori.com\/fr\/wp-json\/wp\/v2\/pages"}],"about":[{"href":"https:\/\/www.tauroessiccatori.com\/fr\/wp-json\/wp\/v2\/types\/page"}],"author":[{"embeddable":true,"href":"https:\/\/www.tauroessiccatori.com\/fr\/wp-json\/wp\/v2\/users\/1"}],"replies":[{"embeddable":true,"href":"https:\/\/www.tauroessiccatori.com\/fr\/wp-json\/wp\/v2\/comments?post=165751"}],"version-history":[{"count":1,"href":"https:\/\/www.tauroessiccatori.com\/fr\/wp-json\/wp\/v2\/pages\/165751\/revisions"}],"predecessor-version":[{"id":175497,"href":"https:\/\/www.tauroessiccatori.com\/fr\/wp-json\/wp\/v2\/pages\/165751\/revisions\/175497"}],"up":[{"embeddable":true,"href":"https:\/\/www.tauroessiccatori.com\/fr\/wp-json\/wp\/v2\/pages\/165746"}],"wp:featuredmedia":[{"embeddable":true,"href":"https:\/\/www.tauroessiccatori.com\/fr\/wp-json\/wp\/v2\/media\/165841"}],"wp:attachment":[{"href":"https:\/\/www.tauroessiccatori.com\/fr\/wp-json\/wp\/v2\/media?parent=165751"}],"curies":[{"name":"wp","href":"https:\/\/api.w.org\/{rel}","templated":true}]}}