{"id":165711,"date":"2025-10-08T08:46:21","date_gmt":"2025-10-08T06:46:21","guid":{"rendered":"https:\/\/tauroessiccatori.com\/?page_id=165711"},"modified":"2025-10-08T10:08:19","modified_gmt":"2025-10-08T08:08:19","slug":"fonctionnement","status":"publish","type":"page","link":"https:\/\/www.tauroessiccatori.com\/fr\/manuale-biosec\/funzionamento\/","title":{"rendered":"Fonctionnement"},"content":{"rendered":"<p><b>INSERTION DU PLUG<\/b>Lorsque la fiche est branch\u00e9e, le BIOSEC s'allume automatiquement en\u00a0<b>se tenir pr\u00eat<\/b>. Si le s\u00e8che-linge a \u00e9t\u00e9 mal \u00e9teint ou si l'alimentation \u00e9lectrique est interrompue, il reprend le programme interrompu.<\/p>\n<ol>\n<li><b>Bouton SET<\/b>Appuyez sur la touche SET jusqu'\u00e0 ce que le programme que vous souhaitez r\u00e9gler soit affich\u00e9 sur l'\u00e9cran BIOSEC. Appuyez sur la touche ON\/OFF pour lancer le processus.<\/li>\n<li><b>\u00c9cran<\/b>Pendant le processus de s\u00e9chage, l'\u00e9cran BIOSEC affiche alternativement la temp\u00e9rature mesur\u00e9e et le programme en cours. Pour conna\u00eetre le programme en cours sans attendre l'affichage automatique, appuyez un instant sur la touche SET.<\/li>\n<li><b>Bouton ON\/OFF<\/b>d\u00e9marre et arr\u00eate le cycle de s\u00e9chage. Pour reprendre le processus une fois arr\u00eat\u00e9, il suffit d'appuyer une seconde fois sur ON\/OFF. Le programme reprend l\u00e0 o\u00f9 il s'est arr\u00eat\u00e9. Si vous souhaitez changer de programme, arr\u00eatez le programme et appuyez sur SET jusqu'\u00e0 ce que celui que vous avez choisi s'affiche. Le cycle de s\u00e9chage pr\u00e9c\u00e9demment programm\u00e9 est alors r\u00e9initialis\u00e9 et un nouveau cycle d\u00e9marre.<\/li>\n<\/ol>\n<div class=\"\">\n<div class=\"\">\n<div class=\"grid grid-cols-1 md:grid-cols-3\">\n<div class=\"text-center\"><\/div>\n<\/div>\n<\/div>\n<div class=\"grid grid-cols-1 md:grid-cols-5 dyn-text-lg tauro-program-content\">\n<div class=\"w-auto bg-stone-500 tauro-rounded-content-icon-vento bg-gradient-to-r from-yellow-500 to-orange-500 col-span-2 tauro-program-content2\">\n<div><img loading=\"lazy\" decoding=\"async\" class=\"w-100 alignnone wp-image-165733 size-full\" src=\"https:\/\/tauroessiccatori.com\/wp-content\/uploads\/2025\/10\/biosec_manuale_2022-9.png\" alt=\"\" width=\"1673\" height=\"1095\" \/><\/div>\n<\/div>\n<\/div>\n<\/div>\n<h2>MODE DE MAINTENANCE<\/h2>\n<p>BIOSEC comprend une phase de maintien qui permet, \u00e0 la fin du cycle de s\u00e9chage, de stocker les produits au niveau de s\u00e9chage optimal avec une consommation d'\u00e9nergie minimale.<br \/>\nUne fois le processus de s\u00e9chage termin\u00e9,<br \/>\nvous n'aurez pas \u00e0 vous pr\u00e9cipiter pour r\u00e9cup\u00e9rer le produit avant qu'il ne se r\u00e9hydrate, car BIOSEC le stockera pour vous jusqu'\u00e0 ce que vous ayez le temps de le retirer.<br \/>\n<b>L'entretien d\u00e9marre toujours automatiquement \u00e0 la fin de la minuterie du programme dont la dur\u00e9e est pr\u00e9r\u00e9gl\u00e9e ou de la minuterie introduite manuellement.<\/b>\u00a0Avec BIOSEC, il est toujours possible d'activer le mode ENTRETIEN m\u00eame pour les programmes qui ne le pr\u00e9voient pas, ou m\u00eame pendant un cycle de s\u00e9chage qui n'est pas encore termin\u00e9. Il suffit d'appuyer sur la touche SET pendant 5 secondes pendant le fonctionnement de BIOSEC : l'\u00e9cran affiche les chiffres 00 qui clignotent pendant environ 2 secondes. Rel\u00e2chez la touche pour entrer dans le programme MAINTENANCE, qui restera actif jusqu'\u00e0 l'extinction manuelle du BIOSEC, \u00e0 utiliser lorsque vous serez pr\u00eat \u00e0 r\u00e9colter et \u00e0 stocker vos produits. Pendant le programme MAINTENANCE, l'\u00e9cran affiche le symbole de la figure 1. La machine\u00a0<b>alternera des moments de fonctionnement avec des moments de pause<\/b>. Pendant le fonctionnement, la temp\u00e9rature est d'environ 42 \u00b0C.<\/p>\n<p>&nbsp;<\/p>\n<h2>TIMER : r\u00e9glage manuel du temps de s\u00e9chage<\/h2>\n<p>BIOSEC vous permet de s\u00e9lectionner de mani\u00e8re autonome le nombre d'heures souhait\u00e9 pour le processus de s\u00e9chage choisi.<\/p>\n<p>A tout moment, il sera possible de d\u00e9terminer un nombre d'heures compris entre 0 et 72, qui remplacera automatiquement toute dur\u00e9e pr\u00e9r\u00e9gl\u00e9e du programme en cours. Cette fonction peut \u00eatre activ\u00e9e sur tous les programmes.<\/p>\n<ol>\n<li>d\u00e9marrer le processus de s\u00e9chage, puis appuyer sur la touche SET et la maintenir enfonc\u00e9e pendant environ 5 secondes ;<\/li>\n<li>l'\u00e9cran affiche le chiffre 00 qui clignote pendant environ 2 secondes ;<\/li>\n<li>appuyez \u00e0 nouveau sur la touche SET (avant que 00 ne cesse de clignoter) autant de fois que n\u00e9cessaire pour atteindre le nombre d'heures souhait\u00e9.<\/li>\n<\/ol>\n<p><b>Heures affich\u00e9es sur l'\u00e9cran :<\/b><\/p>\n<p>00 - 01 - 02 - 03 - 04 - 05 - 06 - 08 - 10 - 12 - 14 - 16 - 18 - 20 - 24 - 28 - 32 - 36 - 40 - 44 - 48 - 72 - 00 (la s\u00e9rie des heures recommence).<\/p>\n<p>Le programme pr\u00e9c\u00e9demment r\u00e9gl\u00e9 se poursuit, sans qu'il soit n\u00e9cessaire d'appuyer sur d'autres touches.<br \/>\nA la fin du temps programm\u00e9, le BIOSEC enclenche automatiquement la fonction de maintien.\u00a0<b>m\u00eame pour les programmes qui ne le pr\u00e9voyaient pas \u00e0 l'origine<\/b>. Si le chiffre choisi est 00, le BIOSEC entre directement dans la fonction de maintien.<br \/>\n<b>Le choix d'un nouveau programme annule les r\u00e9glages effectu\u00e9s manuellement \u00e0 l'aide de la fonction minuterie.<\/b><br \/>\n<b>Pour modifier ou r\u00e9initialiser la minuterie, r\u00e9p\u00e9tez la proc\u00e9dure depuis le d\u00e9but.<\/b><\/p>\n<p>&nbsp;<\/p>\n<h2><b>IMPORTANT<\/b><\/h2>\n<p>Pour permettre \u00e0 votre BIOSEC de d\u00e9terminer la temp\u00e9rature de fonctionnement correcte en fonction de la charge de produit effectu\u00e9e et du programme s\u00e9lectionn\u00e9,\u00a0<b>n'activer le moteur qu'apr\u00e8s l'avoir plac\u00e9 dans son logement \u00e0 l'int\u00e9rieur du tunnel et toujours charger tous les paniers, m\u00eame s'ils sont partiellement ou compl\u00e8tement vides<\/b>.<\/p>\n<p>S'il est possible d'extraire le\u00a0<b>moteur<\/b>\u00a0de son bo\u00eetier en cours de fonctionnement, ne le placez JAMAIS sur une surface horizontale avec le ventilateur souffl\u00e9, mais gardez-le \u00e0 port\u00e9e de main.\u00a0<b>toujours debout<\/b>,\u00e9ventuellement apr\u00e8s l'avoir mis en pause.<\/p>\n<p>&nbsp;<\/p>\n<h2><b>ATTENTION<\/b><\/h2>\n<p>S'il est \u00e9teint (\u00e0 l'aide du bouton ON\/OFF) \u00e0 une temp\u00e9rature de fonctionnement sup\u00e9rieure \u00e0 45\u00b0C, le s\u00e9cheur interrompt le cycle de traitement, mais le ventilateur reste en action \u00e0 la vitesse maximale jusqu'\u00e0 ce que la temp\u00e9rature du moteur soit abaiss\u00e9e et qu'un dommage soit \u00e9vit\u00e9. L'\u00e9cran BIOSEC affichera le symbole de la figure 2 en rotation.<\/p>\n<p>&nbsp;<\/p>\n<h2><b>PANNE D'\u00c9LECTRICIT\u00c9<\/b><\/h2>\n<p>En cas de coupure de courant, le s\u00e8che-linge red\u00e9marre en suivant le cycle pr\u00e9c\u00e9demment programm\u00e9, mais l'\u00e9cran indique l'anomalie par deux points clignotants. V\u00e9rifiez toujours l'\u00e9tat des produits \u00e0 l'int\u00e9rieur : si la coupure de courant s'est prolong\u00e9e, ils peuvent s'\u00eatre d\u00e9t\u00e9rior\u00e9s.<\/p>\n<p><b>NE JAMAIS D\u00c9BRANCHER LA PRISE SI LE BIOSEC FONCTIONNE. NE RETIRER LA FICHE DE LA PRISE QUE LORSQUE LE VENTILATEUR EST ARR\u00caT\u00c9.<\/b><\/p>\n<p>&nbsp;<\/p>\n<h2><b>COMMENT D\u00c9SACTIVER LE BIOSEC<\/b><\/h2>\n<p>Apr\u00e8s avoir \u00e9teint le s\u00e8che-linge \u00e0 l'aide de la touche ON\/OFF, l'\u00e9cran commence \u00e0 clignoter et affiche le nom du dernier programme utilis\u00e9.<br \/>\nIl vous indique ainsi qu'il est en mode veille, comme un appareil m\u00e9nager ordinaire. L'\u00e9cran reste alors allum\u00e9. Si vous souhaitez l'\u00e9teindre compl\u00e8tement, il vous suffit de le d\u00e9brancher ou d'utiliser une prise \u00e9lectrique munie d'un interrupteur pour faciliter cette op\u00e9ration.<br \/>\nIl peut arriver qu'apr\u00e8s avoir appuy\u00e9 sur ON\/OFF et avant que le programme ne clignote, le ventilateur acc\u00e9l\u00e8re pendant quelques secondes : il refroidit le syst\u00e8me moteur pour \u00e9viter qu'un exc\u00e8s de chaleur n'affecte les composants internes \u00e0 long terme. Attendez que le ventilateur termine ce processus : il ne dure jamais plus d'une minute. \u00c0 ce moment-l\u00e0, l'\u00e9cran commence \u00e0 clignoter : c'est le signal qui nous autorise \u00e0 d\u00e9brancher la prise.<\/p>","protected":false},"excerpt":{"rendered":"<p>INSERIMENTO DELLA SPINA:\u00a0all\u2019inserimento della spina, BIOSEC si accender\u00e0 automaticamente, disponendosi in modalit\u00e0\u00a0stand by. Se l\u2019essiccatore \u00e8 stato spento in modo [&hellip;]<\/p>\n","protected":false},"author":1,"featured_media":0,"parent":165699,"menu_order":18,"comment_status":"closed","ping_status":"closed","template":"page-manuale-biosec.php","meta":{"_acf_changed":false,"footnotes":""},"class_list":["post-165711","page","type-page","status-publish","hentry"],"acf":[],"yoast_head":"<!-- This site is optimized with the Yoast SEO plugin v27.5 - https:\/\/yoast.com\/product\/yoast-seo-wordpress\/ -->\n<title>Funzionamento &#187; Tauro Essiccatori<\/title>\n<meta name=\"robots\" content=\"index, follow, max-snippet:-1, max-image-preview:large, max-video-preview:-1\" \/>\n<link rel=\"canonical\" href=\"https:\/\/www.tauroessiccatori.com\/fr\/manuel-biosec\/fonctionnement\/\" \/>\n<meta property=\"og:locale\" content=\"fr_FR\" \/>\n<meta property=\"og:type\" content=\"article\" \/>\n<meta property=\"og:title\" content=\"Funzionamento &#187; Tauro Essiccatori\" \/>\n<meta property=\"og:description\" content=\"INSERIMENTO DELLA SPINA:\u00a0all\u2019inserimento della spina, BIOSEC si accender\u00e0 automaticamente, disponendosi in modalit\u00e0\u00a0stand by. Se l\u2019essiccatore \u00e8 stato spento in modo [&hellip;]\" \/>\n<meta property=\"og:url\" content=\"https:\/\/www.tauroessiccatori.com\/fr\/manuel-biosec\/fonctionnement\/\" \/>\n<meta property=\"og:site_name\" content=\"Tauro Essiccatori\" \/>\n<meta property=\"article:publisher\" content=\"https:\/\/www.facebook.com\/tauroessiccatori\" \/>\n<meta property=\"article:modified_time\" content=\"2025-10-08T08:08:19+00:00\" \/>\n<meta property=\"og:image\" content=\"https:\/\/tauroessiccatori.com\/wp-content\/uploads\/2025\/10\/biosec_manuale_2022-9.png\" \/>\n<meta name=\"twitter:card\" content=\"summary_large_image\" \/>\n<script type=\"application\/ld+json\" class=\"yoast-schema-graph\">{\"@context\":\"https:\\\/\\\/schema.org\",\"@graph\":[{\"@type\":\"WebPage\",\"@id\":\"https:\\\/\\\/www.tauroessiccatori.com\\\/fr\\\/manuale-biosec\\\/funzionamento\\\/\",\"url\":\"https:\\\/\\\/www.tauroessiccatori.com\\\/fr\\\/manuale-biosec\\\/funzionamento\\\/\",\"name\":\"Funzionamento &#187; Tauro Essiccatori\",\"isPartOf\":{\"@id\":\"https:\\\/\\\/www.tauroessiccatori.com\\\/fr\\\/#website\"},\"primaryImageOfPage\":{\"@id\":\"https:\\\/\\\/www.tauroessiccatori.com\\\/fr\\\/manuale-biosec\\\/funzionamento\\\/#primaryimage\"},\"image\":{\"@id\":\"https:\\\/\\\/www.tauroessiccatori.com\\\/fr\\\/manuale-biosec\\\/funzionamento\\\/#primaryimage\"},\"thumbnailUrl\":\"https:\\\/\\\/tauroessiccatori.com\\\/wp-content\\\/uploads\\\/2025\\\/10\\\/biosec_manuale_2022-9.png\",\"datePublished\":\"2025-10-08T06:46:21+00:00\",\"dateModified\":\"2025-10-08T08:08:19+00:00\",\"breadcrumb\":{\"@id\":\"https:\\\/\\\/www.tauroessiccatori.com\\\/fr\\\/manuale-biosec\\\/funzionamento\\\/#breadcrumb\"},\"inLanguage\":\"fr-FR\",\"potentialAction\":[{\"@type\":\"ReadAction\",\"target\":[\"https:\\\/\\\/www.tauroessiccatori.com\\\/fr\\\/manuale-biosec\\\/funzionamento\\\/\"]}]},{\"@type\":\"ImageObject\",\"inLanguage\":\"fr-FR\",\"@id\":\"https:\\\/\\\/www.tauroessiccatori.com\\\/fr\\\/manuale-biosec\\\/funzionamento\\\/#primaryimage\",\"url\":\"https:\\\/\\\/tauroessiccatori.com\\\/wp-content\\\/uploads\\\/2025\\\/10\\\/biosec_manuale_2022-9.png\",\"contentUrl\":\"https:\\\/\\\/tauroessiccatori.com\\\/wp-content\\\/uploads\\\/2025\\\/10\\\/biosec_manuale_2022-9.png\"},{\"@type\":\"BreadcrumbList\",\"@id\":\"https:\\\/\\\/www.tauroessiccatori.com\\\/fr\\\/manuale-biosec\\\/funzionamento\\\/#breadcrumb\",\"itemListElement\":[{\"@type\":\"ListItem\",\"position\":1,\"name\":\"Home\",\"item\":\"https:\\\/\\\/www.tauroessiccatori.com\\\/\"},{\"@type\":\"ListItem\",\"position\":2,\"name\":\"Manuale Biosec\",\"item\":\"https:\\\/\\\/www.tauroessiccatori.com\\\/manuale-biosec\\\/\"},{\"@type\":\"ListItem\",\"position\":3,\"name\":\"Funzionamento\"}]},{\"@type\":\"WebSite\",\"@id\":\"https:\\\/\\\/www.tauroessiccatori.com\\\/fr\\\/#website\",\"url\":\"https:\\\/\\\/www.tauroessiccatori.com\\\/fr\\\/\",\"name\":\"Tauro Essiccatori\",\"description\":\"Da pi\u00f9 di trent\u2019anni, i migliori sistemi di essiccazione.\",\"publisher\":{\"@id\":\"https:\\\/\\\/www.tauroessiccatori.com\\\/fr\\\/#organization\"},\"alternateName\":\"Tauro\",\"potentialAction\":[{\"@type\":\"SearchAction\",\"target\":{\"@type\":\"EntryPoint\",\"urlTemplate\":\"https:\\\/\\\/www.tauroessiccatori.com\\\/fr\\\/?s={search_term_string}\"},\"query-input\":{\"@type\":\"PropertyValueSpecification\",\"valueRequired\":true,\"valueName\":\"search_term_string\"}}],\"inLanguage\":\"fr-FR\"},{\"@type\":\"Organization\",\"@id\":\"https:\\\/\\\/www.tauroessiccatori.com\\\/fr\\\/#organization\",\"name\":\"Tauro Essiccatori\",\"alternateName\":\"Tauro Essiccatori srl unipersonale\",\"url\":\"https:\\\/\\\/www.tauroessiccatori.com\\\/fr\\\/\",\"logo\":{\"@type\":\"ImageObject\",\"inLanguage\":\"fr-FR\",\"@id\":\"https:\\\/\\\/www.tauroessiccatori.com\\\/fr\\\/#\\\/schema\\\/logo\\\/image\\\/\",\"url\":\"https:\\\/\\\/www.tauroessiccatori.com\\\/wp-content\\\/uploads\\\/2026\\\/01\\\/tauro.avif\",\"contentUrl\":\"https:\\\/\\\/www.tauroessiccatori.com\\\/wp-content\\\/uploads\\\/2026\\\/01\\\/tauro.avif\",\"width\":360,\"height\":360,\"caption\":\"Tauro Essiccatori\"},\"image\":{\"@id\":\"https:\\\/\\\/www.tauroessiccatori.com\\\/fr\\\/#\\\/schema\\\/logo\\\/image\\\/\"},\"sameAs\":[\"https:\\\/\\\/www.facebook.com\\\/tauroessiccatori\"]}]}<\/script>\n<!-- \/ Yoast SEO plugin. -->","yoast_head_json":{"title":"Fonctionnement \u00bb S\u00e9cheurs Tauro","robots":{"index":"index","follow":"follow","max-snippet":"max-snippet:-1","max-image-preview":"max-image-preview:large","max-video-preview":"max-video-preview:-1"},"canonical":"https:\/\/www.tauroessiccatori.com\/fr\/manuel-biosec\/fonctionnement\/","og_locale":"fr_FR","og_type":"article","og_title":"Funzionamento &#187; Tauro Essiccatori","og_description":"INSERIMENTO DELLA SPINA:\u00a0all\u2019inserimento della spina, BIOSEC si accender\u00e0 automaticamente, disponendosi in modalit\u00e0\u00a0stand by. Se l\u2019essiccatore \u00e8 stato spento in modo [&hellip;]","og_url":"https:\/\/www.tauroessiccatori.com\/fr\/manuel-biosec\/fonctionnement\/","og_site_name":"Tauro Essiccatori","article_publisher":"https:\/\/www.facebook.com\/tauroessiccatori","article_modified_time":"2025-10-08T08:08:19+00:00","og_image":[{"url":"https:\/\/tauroessiccatori.com\/wp-content\/uploads\/2025\/10\/biosec_manuale_2022-9.png","type":"","width":"","height":""}],"twitter_card":"summary_large_image","schema":{"@context":"https:\/\/schema.org","@graph":[{"@type":"WebPage","@id":"https:\/\/www.tauroessiccatori.com\/fr\/manuale-biosec\/funzionamento\/","url":"https:\/\/www.tauroessiccatori.com\/fr\/manuale-biosec\/funzionamento\/","name":"Fonctionnement \u00bb S\u00e9cheurs Tauro","isPartOf":{"@id":"https:\/\/www.tauroessiccatori.com\/fr\/#website"},"primaryImageOfPage":{"@id":"https:\/\/www.tauroessiccatori.com\/fr\/manuale-biosec\/funzionamento\/#primaryimage"},"image":{"@id":"https:\/\/www.tauroessiccatori.com\/fr\/manuale-biosec\/funzionamento\/#primaryimage"},"thumbnailUrl":"https:\/\/tauroessiccatori.com\/wp-content\/uploads\/2025\/10\/biosec_manuale_2022-9.png","datePublished":"2025-10-08T06:46:21+00:00","dateModified":"2025-10-08T08:08:19+00:00","breadcrumb":{"@id":"https:\/\/www.tauroessiccatori.com\/fr\/manuale-biosec\/funzionamento\/#breadcrumb"},"inLanguage":"fr-FR","potentialAction":[{"@type":"ReadAction","target":["https:\/\/www.tauroessiccatori.com\/fr\/manuale-biosec\/funzionamento\/"]}]},{"@type":"ImageObject","inLanguage":"fr-FR","@id":"https:\/\/www.tauroessiccatori.com\/fr\/manuale-biosec\/funzionamento\/#primaryimage","url":"https:\/\/tauroessiccatori.com\/wp-content\/uploads\/2025\/10\/biosec_manuale_2022-9.png","contentUrl":"https:\/\/tauroessiccatori.com\/wp-content\/uploads\/2025\/10\/biosec_manuale_2022-9.png"},{"@type":"BreadcrumbList","@id":"https:\/\/www.tauroessiccatori.com\/fr\/manuale-biosec\/funzionamento\/#breadcrumb","itemListElement":[{"@type":"ListItem","position":1,"name":"Home","item":"https:\/\/www.tauroessiccatori.com\/"},{"@type":"ListItem","position":2,"name":"Manuale Biosec","item":"https:\/\/www.tauroessiccatori.com\/manuale-biosec\/"},{"@type":"ListItem","position":3,"name":"Funzionamento"}]},{"@type":"WebSite","@id":"https:\/\/www.tauroessiccatori.com\/fr\/#website","url":"https:\/\/www.tauroessiccatori.com\/fr\/","name":"S\u00e9cheurs Tauro","description":"Depuis plus de 30 ans, les meilleurs syst\u00e8mes de s\u00e9chage.","publisher":{"@id":"https:\/\/www.tauroessiccatori.com\/fr\/#organization"},"alternateName":"Tauro","potentialAction":[{"@type":"SearchAction","target":{"@type":"EntryPoint","urlTemplate":"https:\/\/www.tauroessiccatori.com\/fr\/?s={search_term_string}"},"query-input":{"@type":"PropertyValueSpecification","valueRequired":true,"valueName":"search_term_string"}}],"inLanguage":"fr-FR"},{"@type":"Organization","@id":"https:\/\/www.tauroessiccatori.com\/fr\/#organization","name":"S\u00e9cheurs Tauro","alternateName":"Tauro Essiccatori srl unipersonale","url":"https:\/\/www.tauroessiccatori.com\/fr\/","logo":{"@type":"ImageObject","inLanguage":"fr-FR","@id":"https:\/\/www.tauroessiccatori.com\/fr\/#\/schema\/logo\/image\/","url":"https:\/\/www.tauroessiccatori.com\/wp-content\/uploads\/2026\/01\/tauro.avif","contentUrl":"https:\/\/www.tauroessiccatori.com\/wp-content\/uploads\/2026\/01\/tauro.avif","width":360,"height":360,"caption":"Tauro Essiccatori"},"image":{"@id":"https:\/\/www.tauroessiccatori.com\/fr\/#\/schema\/logo\/image\/"},"sameAs":["https:\/\/www.facebook.com\/tauroessiccatori"]}]}},"_links":{"self":[{"href":"https:\/\/www.tauroessiccatori.com\/fr\/wp-json\/wp\/v2\/pages\/165711","targetHints":{"allow":["GET"]}}],"collection":[{"href":"https:\/\/www.tauroessiccatori.com\/fr\/wp-json\/wp\/v2\/pages"}],"about":[{"href":"https:\/\/www.tauroessiccatori.com\/fr\/wp-json\/wp\/v2\/types\/page"}],"author":[{"embeddable":true,"href":"https:\/\/www.tauroessiccatori.com\/fr\/wp-json\/wp\/v2\/users\/1"}],"replies":[{"embeddable":true,"href":"https:\/\/www.tauroessiccatori.com\/fr\/wp-json\/wp\/v2\/comments?post=165711"}],"version-history":[{"count":0,"href":"https:\/\/www.tauroessiccatori.com\/fr\/wp-json\/wp\/v2\/pages\/165711\/revisions"}],"up":[{"embeddable":true,"href":"https:\/\/www.tauroessiccatori.com\/fr\/wp-json\/wp\/v2\/pages\/165699"}],"wp:attachment":[{"href":"https:\/\/www.tauroessiccatori.com\/fr\/wp-json\/wp\/v2\/media?parent=165711"}],"curies":[{"name":"wp","href":"https:\/\/api.w.org\/{rel}","templated":true}]}}