{"id":165706,"date":"2025-10-07T18:42:17","date_gmt":"2025-10-07T16:42:17","guid":{"rendered":"https:\/\/tauroessiccatori.com\/?page_id=165706"},"modified":"2025-10-08T09:42:52","modified_gmt":"2025-10-08T07:42:52","slug":"informations-techniques","status":"publish","type":"page","link":"https:\/\/www.tauroessiccatori.com\/fr\/manuale-biosec\/informazioni-tecniche\/","title":{"rendered":"Informations techniques"},"content":{"rendered":"<p>BIOSEC est un s\u00e9choir con\u00e7u pour tous les besoins, simple \u00e0 utiliser, fabriqu\u00e9 en Italie \u00e0 partir de mat\u00e9riaux certifi\u00e9s pour le contact alimentaire.<\/p>\n<div>\n<div><img loading=\"lazy\" decoding=\"async\" class=\"w-100 alignnone wp-image-165715 size-full\" src=\"https:\/\/tauroessiccatori.com\/wp-content\/uploads\/2025\/10\/biosec_manuale_2022-6.png\" alt=\"\" width=\"1632\" height=\"1184\" \/><\/div>\n<div class=\"block md:flex md:text-lg\">\n<div class=\"md:flex-auto\"><\/div>\n<\/div>\n<\/div>\n<table class=\"table table-striped-columns table-bordered text-center\">\n<tbody>\n<tr class=\"table-info\">\n<td>MOD\u00c8LE<\/td>\n<td>MAT\u00c9RIAU<\/td>\n<td>TAILLE<br \/>\nEXT\u00c9RIEUR<\/td>\n<td>DIMENSIONS<br \/>\nCESTELLI<\/td>\n<td>QUANTIT\u00c9<br \/>\nCESTELLI<\/td>\n<\/tr>\n<tr>\n<td class=\"title_left\">B5<\/td>\n<td>plastique<\/td>\n<td rowspan=\"3\">27x27x45<\/td>\n<td rowspan=\"2\">23,5\u00d735,4\u00d74,4<br \/>\ncm chacun.<\/td>\n<td class=\"green\" rowspan=\"2\">5<\/td>\n<\/tr>\n<tr class=\"pari\">\n<td class=\"title_left\">B5S<\/td>\n<td>tunnels en acier paniers en plastique<\/td>\n<\/tr>\n<tr>\n<td class=\"title_left\">B6<\/td>\n<td>acier<\/td>\n<td>23,5x35x1,2<br \/>\ncm chacun.<\/td>\n<td>6<\/td>\n<\/tr>\n<tr class=\"pari\">\n<td class=\"title_left\">B10<\/td>\n<td>plastique<\/td>\n<td rowspan=\"3\">27x27x82<\/td>\n<td rowspan=\"2\">23,5\u00d735,4\u00d74,4<br \/>\ncm chacun.<\/td>\n<td rowspan=\"2\">10<\/td>\n<\/tr>\n<tr>\n<td class=\"title_left\">B10S<\/td>\n<td>tunnels en acier paniers en plastique<\/td>\n<\/tr>\n<tr class=\"pari\">\n<td class=\"title_left\">B12<\/td>\n<td>acier<\/td>\n<td>23,5x35x1,2<br \/>\ncm chacun.<\/td>\n<td class=\"white\">12<\/td>\n<\/tr>\n<\/tbody>\n<\/table>\n<p>&nbsp;<\/p>\n<h2>LE S\u00c9CHOIR CONSISTE EN :<\/h2>\n<ol type=\"A\">\n<li>a\u00a0<strong>groupe<\/strong>\u00a0<strong>ventilateur chauffant<\/strong>,amovible, qui produit de l'air chaud en chauffant l'air ambiant au moyen d'un \u00e9l\u00e9ment chauffant et en le poussant vers les paniers au moyen d'un ventilateur ;<\/li>\n<li>a\u00a0<strong>tunnel en plastique ou en acier<\/strong>,section carr\u00e9e, dans laquelle sont plac\u00e9s les paniers en plastique ou en acier, selon le mod\u00e8le ;<\/li>\n<li>a\u00a0<strong>porte<\/strong>\u00a0<strong>par<\/strong>\u00a0<strong>fermeture<\/strong>, L'unit\u00e9 de thermo-ventilation et la porte de fermeture sont \u00e9quip\u00e9es de grilles pour permettre le passage de l'air mais pas des insectes ;<\/li>\n<li><strong>paniers<\/strong>\u00a0<strong>perfor\u00e9<\/strong>\u00a0pour le placement du mat\u00e9riel \u00e0 s\u00e9cher, \u00e0 placer \u00e0 l'int\u00e9rieur du tunnel en utilisant les guides coulissants ; le nombre et le mat\u00e9riau de construction des paniers sont variables selon le mod\u00e8le de BIOSEC achet\u00e9.<\/li>\n<\/ol>\n<h2>LE MODULE COMPL\u00c9MENTAIRE COMPREND<\/h2>\n<ol>\n<li>un tunnel comme dans le grand module de base ;<\/li>\n<li>10 ou 12 paniers (selon le mod\u00e8le achet\u00e9).<\/li>\n<\/ol>\n<h2>DIMENSIONS ET SP\u00c9CIFICATIONS<\/h2>\n<p>Pour tous les modules, la section ext\u00e9rieure est de 27\u00d727 cm ; l'int\u00e9rieur du tunnel a une section de 25\u00d725 cm, tandis que la longueur est de 45 cm pour le petit module (B5-B5S- B6) et de 82 cm pour le grand module (B10-B10S-B12) ; 82 cm pour tous les modules compl\u00e9mentaires.<\/p>\n<p>Les paniers en plastique et en acier inoxydable peuvent \u00eatre lav\u00e9s au lave-vaisselle.<\/p>\n<p>La r\u00e9sistance est de 550 watts et l'allumage est r\u00e9gul\u00e9 \u00e9lectroniquement.<\/p>\n<h2>PLACEMENT DE BIOSEC<\/h2>\n<p>Comme tout appareil \u00e9lectrique, le radiateur soufflant BIOSEC ne doit pas \u00eatre en contact direct avec de l'eau ou une source de vapeur. BIOSEC doit donc \u00eatre plac\u00e9 \u00e0 au moins 60 cm des robinets, \u00e9viers, baignoires et \u00e0 l'abri de la pluie ou de toute projection d'eau.<\/p>\n<p>Pendant son fonctionnement, le BIOSEC expulse de l'humidit\u00e9 qui ne doit pas stagner dans le milieu ambiant afin de ne pas ralentir ou emp\u00eacher le s\u00e9chage. Il est donc conseill\u00e9 de placer le BIOSEC dans un local suffisamment grand ou pouvant \u00eatre convenablement ventil\u00e9.<\/p>\n<p>\u00c9vitez les environnements d\u00e9j\u00e0 humides tels que les salles de bains, les buanderies, les caves, etc. Veillez \u00e0\u00a0<strong>quitter<\/strong>\u00a0<strong>toujours<\/strong>\u00a0<strong>au moins<\/strong>\u00a0<strong>10<\/strong>\u00a0<strong>centim\u00e8tres<\/strong>\u00a0<strong>par<\/strong>\u00a0<strong>espace<\/strong>\u00a0<strong>\u00e0<\/strong>\u00a0<strong>correspondance<\/strong>\u00a0<strong>de<\/strong>\u00a0<strong>deux<\/strong>\u00a0<strong>ouvertures<\/strong>\u00a0pour permettre \u00e0 l'air de circuler librement : l'unique\u00a0<strong>syst\u00e8me d'\u00e9coulement horizontal<\/strong>\u00a0et le moteur \u00e9lectronique DrySet Pro vous garantissent un excellent r\u00e9sultat, en optimisant le temps et les co\u00fbts.<\/p>\n<p>&nbsp;<\/p>","protected":false},"excerpt":{"rendered":"<p>BIOSEC \u00e8 un essiccatore pensato per ogni esigenza, semplice da utilizzare, realizzato in Italia con materiali certificati per il contatto [&hellip;]<\/p>\n","protected":false},"author":1,"featured_media":0,"parent":165699,"menu_order":16,"comment_status":"closed","ping_status":"closed","template":"page-manuale-biosec.php","meta":{"_acf_changed":false,"footnotes":""},"class_list":["post-165706","page","type-page","status-publish","hentry"],"acf":[],"yoast_head":"<!-- This site is optimized with the Yoast SEO plugin v27.5 - https:\/\/yoast.com\/product\/yoast-seo-wordpress\/ -->\n<title>Informazioni tecniche &#187; Tauro Essiccatori<\/title>\n<meta name=\"robots\" content=\"index, follow, max-snippet:-1, max-image-preview:large, max-video-preview:-1\" \/>\n<link rel=\"canonical\" href=\"https:\/\/www.tauroessiccatori.com\/fr\/manuel-biosec\/informations-techniques\/\" \/>\n<meta property=\"og:locale\" content=\"fr_FR\" \/>\n<meta property=\"og:type\" content=\"article\" \/>\n<meta property=\"og:title\" content=\"Informazioni tecniche &#187; Tauro Essiccatori\" \/>\n<meta property=\"og:description\" content=\"BIOSEC \u00e8 un essiccatore pensato per ogni esigenza, semplice da utilizzare, realizzato in Italia con materiali certificati per il contatto [&hellip;]\" \/>\n<meta property=\"og:url\" content=\"https:\/\/www.tauroessiccatori.com\/fr\/manuel-biosec\/informations-techniques\/\" \/>\n<meta property=\"og:site_name\" content=\"Tauro Essiccatori\" \/>\n<meta property=\"article:publisher\" content=\"https:\/\/www.facebook.com\/tauroessiccatori\" \/>\n<meta property=\"article:modified_time\" content=\"2025-10-08T07:42:52+00:00\" \/>\n<meta property=\"og:image\" content=\"https:\/\/tauroessiccatori.com\/wp-content\/uploads\/2025\/10\/biosec_manuale_2022-6.png\" \/>\n<meta name=\"twitter:card\" content=\"summary_large_image\" \/>\n<script type=\"application\/ld+json\" class=\"yoast-schema-graph\">{\"@context\":\"https:\\\/\\\/schema.org\",\"@graph\":[{\"@type\":\"WebPage\",\"@id\":\"https:\\\/\\\/www.tauroessiccatori.com\\\/fr\\\/manuale-biosec\\\/informazioni-tecniche\\\/\",\"url\":\"https:\\\/\\\/www.tauroessiccatori.com\\\/fr\\\/manuale-biosec\\\/informazioni-tecniche\\\/\",\"name\":\"Informazioni tecniche &#187; Tauro Essiccatori\",\"isPartOf\":{\"@id\":\"https:\\\/\\\/www.tauroessiccatori.com\\\/fr\\\/#website\"},\"primaryImageOfPage\":{\"@id\":\"https:\\\/\\\/www.tauroessiccatori.com\\\/fr\\\/manuale-biosec\\\/informazioni-tecniche\\\/#primaryimage\"},\"image\":{\"@id\":\"https:\\\/\\\/www.tauroessiccatori.com\\\/fr\\\/manuale-biosec\\\/informazioni-tecniche\\\/#primaryimage\"},\"thumbnailUrl\":\"https:\\\/\\\/tauroessiccatori.com\\\/wp-content\\\/uploads\\\/2025\\\/10\\\/biosec_manuale_2022-6.png\",\"datePublished\":\"2025-10-07T16:42:17+00:00\",\"dateModified\":\"2025-10-08T07:42:52+00:00\",\"breadcrumb\":{\"@id\":\"https:\\\/\\\/www.tauroessiccatori.com\\\/fr\\\/manuale-biosec\\\/informazioni-tecniche\\\/#breadcrumb\"},\"inLanguage\":\"fr-FR\",\"potentialAction\":[{\"@type\":\"ReadAction\",\"target\":[\"https:\\\/\\\/www.tauroessiccatori.com\\\/fr\\\/manuale-biosec\\\/informazioni-tecniche\\\/\"]}]},{\"@type\":\"ImageObject\",\"inLanguage\":\"fr-FR\",\"@id\":\"https:\\\/\\\/www.tauroessiccatori.com\\\/fr\\\/manuale-biosec\\\/informazioni-tecniche\\\/#primaryimage\",\"url\":\"https:\\\/\\\/tauroessiccatori.com\\\/wp-content\\\/uploads\\\/2025\\\/10\\\/biosec_manuale_2022-6.png\",\"contentUrl\":\"https:\\\/\\\/tauroessiccatori.com\\\/wp-content\\\/uploads\\\/2025\\\/10\\\/biosec_manuale_2022-6.png\"},{\"@type\":\"BreadcrumbList\",\"@id\":\"https:\\\/\\\/www.tauroessiccatori.com\\\/fr\\\/manuale-biosec\\\/informazioni-tecniche\\\/#breadcrumb\",\"itemListElement\":[{\"@type\":\"ListItem\",\"position\":1,\"name\":\"Home\",\"item\":\"https:\\\/\\\/www.tauroessiccatori.com\\\/\"},{\"@type\":\"ListItem\",\"position\":2,\"name\":\"Manuale Biosec\",\"item\":\"https:\\\/\\\/www.tauroessiccatori.com\\\/manuale-biosec\\\/\"},{\"@type\":\"ListItem\",\"position\":3,\"name\":\"Informazioni tecniche\"}]},{\"@type\":\"WebSite\",\"@id\":\"https:\\\/\\\/www.tauroessiccatori.com\\\/fr\\\/#website\",\"url\":\"https:\\\/\\\/www.tauroessiccatori.com\\\/fr\\\/\",\"name\":\"Tauro Essiccatori\",\"description\":\"Da pi\u00f9 di trent\u2019anni, i migliori sistemi di essiccazione.\",\"publisher\":{\"@id\":\"https:\\\/\\\/www.tauroessiccatori.com\\\/fr\\\/#organization\"},\"alternateName\":\"Tauro\",\"potentialAction\":[{\"@type\":\"SearchAction\",\"target\":{\"@type\":\"EntryPoint\",\"urlTemplate\":\"https:\\\/\\\/www.tauroessiccatori.com\\\/fr\\\/?s={search_term_string}\"},\"query-input\":{\"@type\":\"PropertyValueSpecification\",\"valueRequired\":true,\"valueName\":\"search_term_string\"}}],\"inLanguage\":\"fr-FR\"},{\"@type\":\"Organization\",\"@id\":\"https:\\\/\\\/www.tauroessiccatori.com\\\/fr\\\/#organization\",\"name\":\"Tauro Essiccatori\",\"alternateName\":\"Tauro Essiccatori srl unipersonale\",\"url\":\"https:\\\/\\\/www.tauroessiccatori.com\\\/fr\\\/\",\"logo\":{\"@type\":\"ImageObject\",\"inLanguage\":\"fr-FR\",\"@id\":\"https:\\\/\\\/www.tauroessiccatori.com\\\/fr\\\/#\\\/schema\\\/logo\\\/image\\\/\",\"url\":\"https:\\\/\\\/www.tauroessiccatori.com\\\/wp-content\\\/uploads\\\/2026\\\/01\\\/tauro.avif\",\"contentUrl\":\"https:\\\/\\\/www.tauroessiccatori.com\\\/wp-content\\\/uploads\\\/2026\\\/01\\\/tauro.avif\",\"width\":360,\"height\":360,\"caption\":\"Tauro Essiccatori\"},\"image\":{\"@id\":\"https:\\\/\\\/www.tauroessiccatori.com\\\/fr\\\/#\\\/schema\\\/logo\\\/image\\\/\"},\"sameAs\":[\"https:\\\/\\\/www.facebook.com\\\/tauroessiccatori\"]}]}<\/script>\n<!-- \/ Yoast SEO plugin. -->","yoast_head_json":{"title":"Informations techniques \u00bb S\u00e9cheurs Tauro","robots":{"index":"index","follow":"follow","max-snippet":"max-snippet:-1","max-image-preview":"max-image-preview:large","max-video-preview":"max-video-preview:-1"},"canonical":"https:\/\/www.tauroessiccatori.com\/fr\/manuel-biosec\/informations-techniques\/","og_locale":"fr_FR","og_type":"article","og_title":"Informazioni tecniche &#187; Tauro Essiccatori","og_description":"BIOSEC \u00e8 un essiccatore pensato per ogni esigenza, semplice da utilizzare, realizzato in Italia con materiali certificati per il contatto [&hellip;]","og_url":"https:\/\/www.tauroessiccatori.com\/fr\/manuel-biosec\/informations-techniques\/","og_site_name":"Tauro Essiccatori","article_publisher":"https:\/\/www.facebook.com\/tauroessiccatori","article_modified_time":"2025-10-08T07:42:52+00:00","og_image":[{"url":"https:\/\/tauroessiccatori.com\/wp-content\/uploads\/2025\/10\/biosec_manuale_2022-6.png","type":"","width":"","height":""}],"twitter_card":"summary_large_image","schema":{"@context":"https:\/\/schema.org","@graph":[{"@type":"WebPage","@id":"https:\/\/www.tauroessiccatori.com\/fr\/manuale-biosec\/informazioni-tecniche\/","url":"https:\/\/www.tauroessiccatori.com\/fr\/manuale-biosec\/informazioni-tecniche\/","name":"Informations techniques \u00bb S\u00e9cheurs Tauro","isPartOf":{"@id":"https:\/\/www.tauroessiccatori.com\/fr\/#website"},"primaryImageOfPage":{"@id":"https:\/\/www.tauroessiccatori.com\/fr\/manuale-biosec\/informazioni-tecniche\/#primaryimage"},"image":{"@id":"https:\/\/www.tauroessiccatori.com\/fr\/manuale-biosec\/informazioni-tecniche\/#primaryimage"},"thumbnailUrl":"https:\/\/tauroessiccatori.com\/wp-content\/uploads\/2025\/10\/biosec_manuale_2022-6.png","datePublished":"2025-10-07T16:42:17+00:00","dateModified":"2025-10-08T07:42:52+00:00","breadcrumb":{"@id":"https:\/\/www.tauroessiccatori.com\/fr\/manuale-biosec\/informazioni-tecniche\/#breadcrumb"},"inLanguage":"fr-FR","potentialAction":[{"@type":"ReadAction","target":["https:\/\/www.tauroessiccatori.com\/fr\/manuale-biosec\/informazioni-tecniche\/"]}]},{"@type":"ImageObject","inLanguage":"fr-FR","@id":"https:\/\/www.tauroessiccatori.com\/fr\/manuale-biosec\/informazioni-tecniche\/#primaryimage","url":"https:\/\/tauroessiccatori.com\/wp-content\/uploads\/2025\/10\/biosec_manuale_2022-6.png","contentUrl":"https:\/\/tauroessiccatori.com\/wp-content\/uploads\/2025\/10\/biosec_manuale_2022-6.png"},{"@type":"BreadcrumbList","@id":"https:\/\/www.tauroessiccatori.com\/fr\/manuale-biosec\/informazioni-tecniche\/#breadcrumb","itemListElement":[{"@type":"ListItem","position":1,"name":"Home","item":"https:\/\/www.tauroessiccatori.com\/"},{"@type":"ListItem","position":2,"name":"Manuale Biosec","item":"https:\/\/www.tauroessiccatori.com\/manuale-biosec\/"},{"@type":"ListItem","position":3,"name":"Informazioni tecniche"}]},{"@type":"WebSite","@id":"https:\/\/www.tauroessiccatori.com\/fr\/#website","url":"https:\/\/www.tauroessiccatori.com\/fr\/","name":"S\u00e9cheurs Tauro","description":"Depuis plus de 30 ans, les meilleurs syst\u00e8mes de s\u00e9chage.","publisher":{"@id":"https:\/\/www.tauroessiccatori.com\/fr\/#organization"},"alternateName":"Tauro","potentialAction":[{"@type":"SearchAction","target":{"@type":"EntryPoint","urlTemplate":"https:\/\/www.tauroessiccatori.com\/fr\/?s={search_term_string}"},"query-input":{"@type":"PropertyValueSpecification","valueRequired":true,"valueName":"search_term_string"}}],"inLanguage":"fr-FR"},{"@type":"Organization","@id":"https:\/\/www.tauroessiccatori.com\/fr\/#organization","name":"S\u00e9cheurs Tauro","alternateName":"Tauro Essiccatori srl unipersonale","url":"https:\/\/www.tauroessiccatori.com\/fr\/","logo":{"@type":"ImageObject","inLanguage":"fr-FR","@id":"https:\/\/www.tauroessiccatori.com\/fr\/#\/schema\/logo\/image\/","url":"https:\/\/www.tauroessiccatori.com\/wp-content\/uploads\/2026\/01\/tauro.avif","contentUrl":"https:\/\/www.tauroessiccatori.com\/wp-content\/uploads\/2026\/01\/tauro.avif","width":360,"height":360,"caption":"Tauro Essiccatori"},"image":{"@id":"https:\/\/www.tauroessiccatori.com\/fr\/#\/schema\/logo\/image\/"},"sameAs":["https:\/\/www.facebook.com\/tauroessiccatori"]}]}},"_links":{"self":[{"href":"https:\/\/www.tauroessiccatori.com\/fr\/wp-json\/wp\/v2\/pages\/165706","targetHints":{"allow":["GET"]}}],"collection":[{"href":"https:\/\/www.tauroessiccatori.com\/fr\/wp-json\/wp\/v2\/pages"}],"about":[{"href":"https:\/\/www.tauroessiccatori.com\/fr\/wp-json\/wp\/v2\/types\/page"}],"author":[{"embeddable":true,"href":"https:\/\/www.tauroessiccatori.com\/fr\/wp-json\/wp\/v2\/users\/1"}],"replies":[{"embeddable":true,"href":"https:\/\/www.tauroessiccatori.com\/fr\/wp-json\/wp\/v2\/comments?post=165706"}],"version-history":[{"count":0,"href":"https:\/\/www.tauroessiccatori.com\/fr\/wp-json\/wp\/v2\/pages\/165706\/revisions"}],"up":[{"embeddable":true,"href":"https:\/\/www.tauroessiccatori.com\/fr\/wp-json\/wp\/v2\/pages\/165699"}],"wp:attachment":[{"href":"https:\/\/www.tauroessiccatori.com\/fr\/wp-json\/wp\/v2\/media?parent=165706"}],"curies":[{"name":"wp","href":"https:\/\/api.w.org\/{rel}","templated":true}]}}