{"id":165704,"date":"2025-10-07T18:40:44","date_gmt":"2025-10-07T16:40:44","guid":{"rendered":"https:\/\/tauroessiccatori.com\/?page_id=165704"},"modified":"2025-10-08T09:50:24","modified_gmt":"2025-10-08T07:50:24","slug":"avertissements-generaux","status":"publish","type":"page","link":"https:\/\/www.tauroessiccatori.com\/fr\/manuale-biosec\/avvertenze-generali\/","title":{"rendered":"Avertissements g\u00e9n\u00e9raux"},"content":{"rendered":"<ol>\n<li>Lisez attentivement les avertissements contenus dans ce manuel, qui vous fourniront des informations importantes concernant la s\u00e9curit\u00e9 de l'installation, de l'utilisation et de l'entretien. Conservez soigneusement ce manuel pour pouvoir vous y r\u00e9f\u00e9rer ult\u00e9rieurement.<\/li>\n<li>Apr\u00e8s avoir retir\u00e9 l'emballage, assurez-vous de l'int\u00e9grit\u00e9 de l'appareil. En cas de doute, n'utilisez pas l'appareil et contactez votre revendeur. Les \u00e9l\u00e9ments de l'emballage ne doivent pas \u00eatre laiss\u00e9s \u00e0 la vue et \u00e0 la port\u00e9e des enfants, car ils constituent des sources potentielles de danger.<\/li>\n<li>Avant de brancher l'appareil, assurez-vous que l'alimentation \u00e9lectrique est conforme aux donn\u00e9es figurant sur l'\u00e9tiquette du moteur.<\/li>\n<li>Ne pas introduire d'objets dans l'unit\u00e9 de thermo-ventilation.<\/li>\n<li>Cet appareil ne doit \u00eatre utilis\u00e9 que pour l'usage pour lequel il a \u00e9t\u00e9 express\u00e9ment con\u00e7u, \u00e0 savoir le s\u00e9chage. Toute autre utilisation doit \u00eatre consid\u00e9r\u00e9e comme non conforme et donc dangereuse. Le fabricant ne peut \u00eatre tenu responsable des dommages r\u00e9sultant d'une utilisation inappropri\u00e9e, incorrecte et d\u00e9raisonnable.<\/li>\n<li>L'utilisation de tout appareil \u00e9lectrique n\u00e9cessite le respect de certaines r\u00e8gles de base, notamment :\n<ul>\n<li>NE PAS TOUCHER L'APPAREIL DE CHAUFFAGE AVEC DES MAINS MOUILL\u00c9ES OU HUMIDES<\/li>\n<li>NE PAS LAISSER L'APPAREIL EXPOS\u00c9 AUX INTEMP\u00c9RIES<\/li>\n<li>NE PAS PERMETTRE L'UTILISATION DE L'APPAREIL PAR DES ENFANTS OU DES PERSONNES DONT LES CAPACIT\u00c9S PHYSIQUES, SENSORIELLES OU MENTALES SONT R\u00c9DUITES OU QUI MANQUENT D'EXP\u00c9RIENCE<\/li>\n<li>NE PAS TIRER SUR LE CORDON D'ALIMENTATION OU SUR L'APPAREIL LUI-M\u00caME POUR LE D\u00c9BRANCHER DE LA PRISE DE COURANT<\/li>\n<li>\u00c9LOIGNER LES ANIMAUX DES APPAREILS \u00c9LECTRIQUES<\/li>\n<\/ul>\n<\/li>\n<li>N'utilisez pas l'appareil \u00e0 proximit\u00e9 de baignoires, douches, \u00e9viers, piscines ou autres sources d'eau. Placez le s\u00e8che-linge \u00e0 une distance d'au moins 60 cm.<\/li>\n<li>Tenez l'appareil \u00e0 une distance d'au moins 60 cm d'objets ou de substances facilement inflammables.<\/li>\n<li>Pour toute intervention sur les parties \u00e9lectriques, veuillez contacter votre revendeur.<\/li>\n<li>AVERTISSEMENT : Afin d'\u00e9viter tout danger d\u00fb \u00e0 un r\u00e9armement accidentel du dispositif de coupure thermique, cet appareil ne doit pas \u00eatre aliment\u00e9 par un dispositif de fonctionnement externe, tel qu'une minuterie, ni \u00eatre connect\u00e9 \u00e0 un circuit r\u00e9guli\u00e8rement aliment\u00e9 ou d\u00e9connect\u00e9 du service.<\/li>\n<\/ol>\n<div class=\"grid md:grid-cols-4 grid-cols-2 my-12 md:my-0\"><\/div>","protected":false},"excerpt":{"rendered":"<p>Leggere attentamente le avvertenze contenute nel presente manuale, che vi forniranno importanti informazioni riguardanti la sicurezza di installazione, d\u2019uso e [&hellip;]<\/p>\n","protected":false},"author":1,"featured_media":0,"parent":165699,"menu_order":15,"comment_status":"closed","ping_status":"closed","template":"page-manuale-biosec.php","meta":{"_acf_changed":false,"footnotes":""},"class_list":["post-165704","page","type-page","status-publish","hentry"],"acf":[],"yoast_head":"<!-- This site is optimized with the Yoast SEO plugin v27.5 - https:\/\/yoast.com\/product\/yoast-seo-wordpress\/ -->\n<title>Avvertenze generali &#187; Tauro Essiccatori<\/title>\n<meta name=\"robots\" content=\"index, follow, max-snippet:-1, max-image-preview:large, max-video-preview:-1\" \/>\n<link rel=\"canonical\" href=\"https:\/\/www.tauroessiccatori.com\/fr\/manuel-biosec\/avertissements-generaux\/\" \/>\n<meta property=\"og:locale\" content=\"fr_FR\" \/>\n<meta property=\"og:type\" content=\"article\" \/>\n<meta property=\"og:title\" content=\"Avvertenze generali &#187; Tauro Essiccatori\" \/>\n<meta property=\"og:description\" content=\"Leggere attentamente le avvertenze contenute nel presente manuale, che vi forniranno importanti informazioni riguardanti la sicurezza di installazione, d\u2019uso e [&hellip;]\" \/>\n<meta property=\"og:url\" content=\"https:\/\/www.tauroessiccatori.com\/fr\/manuel-biosec\/avertissements-generaux\/\" \/>\n<meta property=\"og:site_name\" content=\"Tauro Essiccatori\" \/>\n<meta property=\"article:publisher\" content=\"https:\/\/www.facebook.com\/tauroessiccatori\" \/>\n<meta property=\"article:modified_time\" content=\"2025-10-08T07:50:24+00:00\" \/>\n<meta name=\"twitter:card\" content=\"summary_large_image\" \/>\n<script type=\"application\/ld+json\" class=\"yoast-schema-graph\">{\"@context\":\"https:\\\/\\\/schema.org\",\"@graph\":[{\"@type\":\"WebPage\",\"@id\":\"https:\\\/\\\/www.tauroessiccatori.com\\\/fr\\\/manuale-biosec\\\/avvertenze-generali\\\/\",\"url\":\"https:\\\/\\\/www.tauroessiccatori.com\\\/fr\\\/manuale-biosec\\\/avvertenze-generali\\\/\",\"name\":\"Avvertenze generali &#187; Tauro Essiccatori\",\"isPartOf\":{\"@id\":\"https:\\\/\\\/www.tauroessiccatori.com\\\/fr\\\/#website\"},\"datePublished\":\"2025-10-07T16:40:44+00:00\",\"dateModified\":\"2025-10-08T07:50:24+00:00\",\"breadcrumb\":{\"@id\":\"https:\\\/\\\/www.tauroessiccatori.com\\\/fr\\\/manuale-biosec\\\/avvertenze-generali\\\/#breadcrumb\"},\"inLanguage\":\"fr-FR\",\"potentialAction\":[{\"@type\":\"ReadAction\",\"target\":[\"https:\\\/\\\/www.tauroessiccatori.com\\\/fr\\\/manuale-biosec\\\/avvertenze-generali\\\/\"]}]},{\"@type\":\"BreadcrumbList\",\"@id\":\"https:\\\/\\\/www.tauroessiccatori.com\\\/fr\\\/manuale-biosec\\\/avvertenze-generali\\\/#breadcrumb\",\"itemListElement\":[{\"@type\":\"ListItem\",\"position\":1,\"name\":\"Home\",\"item\":\"https:\\\/\\\/www.tauroessiccatori.com\\\/\"},{\"@type\":\"ListItem\",\"position\":2,\"name\":\"Manuale Biosec\",\"item\":\"https:\\\/\\\/www.tauroessiccatori.com\\\/manuale-biosec\\\/\"},{\"@type\":\"ListItem\",\"position\":3,\"name\":\"Avvertenze generali\"}]},{\"@type\":\"WebSite\",\"@id\":\"https:\\\/\\\/www.tauroessiccatori.com\\\/fr\\\/#website\",\"url\":\"https:\\\/\\\/www.tauroessiccatori.com\\\/fr\\\/\",\"name\":\"Tauro Essiccatori\",\"description\":\"Da pi\u00f9 di trent\u2019anni, i migliori sistemi di essiccazione.\",\"publisher\":{\"@id\":\"https:\\\/\\\/www.tauroessiccatori.com\\\/fr\\\/#organization\"},\"alternateName\":\"Tauro\",\"potentialAction\":[{\"@type\":\"SearchAction\",\"target\":{\"@type\":\"EntryPoint\",\"urlTemplate\":\"https:\\\/\\\/www.tauroessiccatori.com\\\/fr\\\/?s={search_term_string}\"},\"query-input\":{\"@type\":\"PropertyValueSpecification\",\"valueRequired\":true,\"valueName\":\"search_term_string\"}}],\"inLanguage\":\"fr-FR\"},{\"@type\":\"Organization\",\"@id\":\"https:\\\/\\\/www.tauroessiccatori.com\\\/fr\\\/#organization\",\"name\":\"Tauro Essiccatori\",\"alternateName\":\"Tauro Essiccatori srl unipersonale\",\"url\":\"https:\\\/\\\/www.tauroessiccatori.com\\\/fr\\\/\",\"logo\":{\"@type\":\"ImageObject\",\"inLanguage\":\"fr-FR\",\"@id\":\"https:\\\/\\\/www.tauroessiccatori.com\\\/fr\\\/#\\\/schema\\\/logo\\\/image\\\/\",\"url\":\"https:\\\/\\\/www.tauroessiccatori.com\\\/wp-content\\\/uploads\\\/2026\\\/01\\\/tauro.avif\",\"contentUrl\":\"https:\\\/\\\/www.tauroessiccatori.com\\\/wp-content\\\/uploads\\\/2026\\\/01\\\/tauro.avif\",\"width\":360,\"height\":360,\"caption\":\"Tauro Essiccatori\"},\"image\":{\"@id\":\"https:\\\/\\\/www.tauroessiccatori.com\\\/fr\\\/#\\\/schema\\\/logo\\\/image\\\/\"},\"sameAs\":[\"https:\\\/\\\/www.facebook.com\\\/tauroessiccatori\"]}]}<\/script>\n<!-- \/ Yoast SEO plugin. -->","yoast_head_json":{"title":"Avertissements g\u00e9n\u00e9raux \u00bb S\u00e9cheurs Tauro","robots":{"index":"index","follow":"follow","max-snippet":"max-snippet:-1","max-image-preview":"max-image-preview:large","max-video-preview":"max-video-preview:-1"},"canonical":"https:\/\/www.tauroessiccatori.com\/fr\/manuel-biosec\/avertissements-generaux\/","og_locale":"fr_FR","og_type":"article","og_title":"Avvertenze generali &#187; Tauro Essiccatori","og_description":"Leggere attentamente le avvertenze contenute nel presente manuale, che vi forniranno importanti informazioni riguardanti la sicurezza di installazione, d\u2019uso e [&hellip;]","og_url":"https:\/\/www.tauroessiccatori.com\/fr\/manuel-biosec\/avertissements-generaux\/","og_site_name":"Tauro Essiccatori","article_publisher":"https:\/\/www.facebook.com\/tauroessiccatori","article_modified_time":"2025-10-08T07:50:24+00:00","twitter_card":"summary_large_image","schema":{"@context":"https:\/\/schema.org","@graph":[{"@type":"WebPage","@id":"https:\/\/www.tauroessiccatori.com\/fr\/manuale-biosec\/avvertenze-generali\/","url":"https:\/\/www.tauroessiccatori.com\/fr\/manuale-biosec\/avvertenze-generali\/","name":"Avertissements g\u00e9n\u00e9raux \u00bb S\u00e9cheurs Tauro","isPartOf":{"@id":"https:\/\/www.tauroessiccatori.com\/fr\/#website"},"datePublished":"2025-10-07T16:40:44+00:00","dateModified":"2025-10-08T07:50:24+00:00","breadcrumb":{"@id":"https:\/\/www.tauroessiccatori.com\/fr\/manuale-biosec\/avvertenze-generali\/#breadcrumb"},"inLanguage":"fr-FR","potentialAction":[{"@type":"ReadAction","target":["https:\/\/www.tauroessiccatori.com\/fr\/manuale-biosec\/avvertenze-generali\/"]}]},{"@type":"BreadcrumbList","@id":"https:\/\/www.tauroessiccatori.com\/fr\/manuale-biosec\/avvertenze-generali\/#breadcrumb","itemListElement":[{"@type":"ListItem","position":1,"name":"Home","item":"https:\/\/www.tauroessiccatori.com\/"},{"@type":"ListItem","position":2,"name":"Manuale Biosec","item":"https:\/\/www.tauroessiccatori.com\/manuale-biosec\/"},{"@type":"ListItem","position":3,"name":"Avvertenze generali"}]},{"@type":"WebSite","@id":"https:\/\/www.tauroessiccatori.com\/fr\/#website","url":"https:\/\/www.tauroessiccatori.com\/fr\/","name":"S\u00e9cheurs Tauro","description":"Depuis plus de 30 ans, les meilleurs syst\u00e8mes de s\u00e9chage.","publisher":{"@id":"https:\/\/www.tauroessiccatori.com\/fr\/#organization"},"alternateName":"Tauro","potentialAction":[{"@type":"SearchAction","target":{"@type":"EntryPoint","urlTemplate":"https:\/\/www.tauroessiccatori.com\/fr\/?s={search_term_string}"},"query-input":{"@type":"PropertyValueSpecification","valueRequired":true,"valueName":"search_term_string"}}],"inLanguage":"fr-FR"},{"@type":"Organization","@id":"https:\/\/www.tauroessiccatori.com\/fr\/#organization","name":"S\u00e9cheurs Tauro","alternateName":"Tauro Essiccatori srl unipersonale","url":"https:\/\/www.tauroessiccatori.com\/fr\/","logo":{"@type":"ImageObject","inLanguage":"fr-FR","@id":"https:\/\/www.tauroessiccatori.com\/fr\/#\/schema\/logo\/image\/","url":"https:\/\/www.tauroessiccatori.com\/wp-content\/uploads\/2026\/01\/tauro.avif","contentUrl":"https:\/\/www.tauroessiccatori.com\/wp-content\/uploads\/2026\/01\/tauro.avif","width":360,"height":360,"caption":"Tauro Essiccatori"},"image":{"@id":"https:\/\/www.tauroessiccatori.com\/fr\/#\/schema\/logo\/image\/"},"sameAs":["https:\/\/www.facebook.com\/tauroessiccatori"]}]}},"_links":{"self":[{"href":"https:\/\/www.tauroessiccatori.com\/fr\/wp-json\/wp\/v2\/pages\/165704","targetHints":{"allow":["GET"]}}],"collection":[{"href":"https:\/\/www.tauroessiccatori.com\/fr\/wp-json\/wp\/v2\/pages"}],"about":[{"href":"https:\/\/www.tauroessiccatori.com\/fr\/wp-json\/wp\/v2\/types\/page"}],"author":[{"embeddable":true,"href":"https:\/\/www.tauroessiccatori.com\/fr\/wp-json\/wp\/v2\/users\/1"}],"replies":[{"embeddable":true,"href":"https:\/\/www.tauroessiccatori.com\/fr\/wp-json\/wp\/v2\/comments?post=165704"}],"version-history":[{"count":0,"href":"https:\/\/www.tauroessiccatori.com\/fr\/wp-json\/wp\/v2\/pages\/165704\/revisions"}],"up":[{"embeddable":true,"href":"https:\/\/www.tauroessiccatori.com\/fr\/wp-json\/wp\/v2\/pages\/165699"}],"wp:attachment":[{"href":"https:\/\/www.tauroessiccatori.com\/fr\/wp-json\/wp\/v2\/media?parent=165704"}],"curies":[{"name":"wp","href":"https:\/\/api.w.org\/{rel}","templated":true}]}}