{"id":89,"date":"2025-03-15T21:18:56","date_gmt":"2025-03-15T21:18:56","guid":{"rendered":"https:\/\/tauroessiccatori.com\/?post_type=product&#038;p=89"},"modified":"2026-03-17T12:49:24","modified_gmt":"2026-03-17T11:49:24","slug":"biosec-de-luxe-b6","status":"publish","type":"product","link":"https:\/\/www.tauroessiccatori.com\/es\/essiccatori-domestici\/biosec-de-luxe-b6\/","title":{"rendered":"Biosec De Luxe B6"},"content":{"rendered":"<p>Acero s\u00f3lido y con capacidad. De Luxe B6 est\u00e1 equipado con un t\u00fanel y 6 cestas de acero inoxidable, con una capacidad de 20% m\u00e1s que los otros modelos.<\/p>\n<p>Dise\u00f1ado para los profesionales y los que quieren lo mejor, De Luxe B6 es el secador de gama alta de Tauro con dimensiones compactas.<\/p>","protected":false},"excerpt":{"rendered":"<p><strong>Un deshidratador de nivel profesional y de dimensiones m\u00ednimas.<\/strong><\/p>\n<p>Fabricado con t\u00faneles y cestas de acero inoxidable, De Luxe B6 es el secador para el usuario exigente que busca practicidad.<\/p>","protected":false},"featured_media":165428,"comment_status":"closed","ping_status":"closed","template":"","meta":{"_acf_changed":false},"product_brand":[],"product_cat":[22],"product_tag":[43],"class_list":{"0":"post-89","1":"product","2":"type-product","3":"status-publish","4":"has-post-thumbnail","6":"product_cat-essiccatori-domestici","7":"product_tag-linea-deluxe","9":"first","10":"instock","11":"sale","12":"taxable","13":"shipping-taxable","14":"purchasable","15":"product-type-simple"},"gallery_images":[165427,165429,165430,165431,165432,165433],"acf":[],"yoast_head":"<!-- This site is optimized with the Yoast SEO plugin v27.5 - https:\/\/yoast.com\/product\/yoast-seo-wordpress\/ -->\n<title>Biosec De Luxe B6 l&#039;essiccatore perfetto per la cucina &#187; Tauro Essiccatori<\/title>\n<meta name=\"description\" content=\"Biosec De Luxe B6 \u00e8 l&#039;essiccatore Tauro completamente realizzato in acciaio inox, perfetto in ogni cucina. Anche professionale.\" \/>\n<meta name=\"robots\" content=\"index, follow, max-snippet:-1, max-image-preview:large, max-video-preview:-1\" \/>\n<link rel=\"canonical\" href=\"https:\/\/www.tauroessiccatori.com\/es\/secadoras-domesticas\/biosec-de-luxe-b6\/\" \/>\n<meta property=\"og:locale\" content=\"es_ES\" \/>\n<meta property=\"og:type\" content=\"article\" \/>\n<meta property=\"og:title\" content=\"Biosec De Luxe B6 l&#039;essiccatore perfetto per la cucina &#187; Tauro Essiccatori\" \/>\n<meta property=\"og:description\" content=\"Biosec De Luxe B6 \u00e8 l&#039;essiccatore Tauro completamente realizzato in acciaio inox, perfetto in ogni cucina. Anche professionale.\" \/>\n<meta property=\"og:url\" content=\"https:\/\/www.tauroessiccatori.com\/es\/secadoras-domesticas\/biosec-de-luxe-b6\/\" \/>\n<meta property=\"og:site_name\" content=\"Tauro Essiccatori\" \/>\n<meta property=\"article:publisher\" content=\"https:\/\/www.facebook.com\/tauroessiccatori\" \/>\n<meta property=\"article:modified_time\" content=\"2026-03-17T11:49:24+00:00\" \/>\n<meta name=\"twitter:card\" content=\"summary_large_image\" \/>\n<script type=\"application\/ld+json\" class=\"yoast-schema-graph\">{\"@context\":\"https:\\\/\\\/schema.org\",\"@graph\":[{\"@type\":\"WebPage\",\"@id\":\"https:\\\/\\\/www.tauroessiccatori.com\\\/es\\\/essiccatori-domestici\\\/biosec-de-luxe-b6\\\/\",\"url\":\"https:\\\/\\\/www.tauroessiccatori.com\\\/es\\\/essiccatori-domestici\\\/biosec-de-luxe-b6\\\/\",\"name\":\"Biosec De Luxe B6 l'essiccatore perfetto per la cucina &#187; Tauro Essiccatori\",\"isPartOf\":{\"@id\":\"https:\\\/\\\/www.tauroessiccatori.com\\\/es\\\/#website\"},\"primaryImageOfPage\":{\"@id\":\"https:\\\/\\\/www.tauroessiccatori.com\\\/es\\\/essiccatori-domestici\\\/biosec-de-luxe-b6\\\/#primaryimage\"},\"image\":{\"@id\":\"https:\\\/\\\/www.tauroessiccatori.com\\\/es\\\/essiccatori-domestici\\\/biosec-de-luxe-b6\\\/#primaryimage\"},\"thumbnailUrl\":\"https:\\\/\\\/www.tauroessiccatori.com\\\/wp-content\\\/uploads\\\/2025\\\/03\\\/2025.05.27_903376-1.avif\",\"datePublished\":\"2025-03-15T21:18:56+00:00\",\"dateModified\":\"2026-03-17T11:49:24+00:00\",\"description\":\"Biosec De Luxe B6 \u00e8 l'essiccatore Tauro completamente realizzato in acciaio inox, perfetto in ogni cucina. Anche professionale.\",\"breadcrumb\":{\"@id\":\"https:\\\/\\\/www.tauroessiccatori.com\\\/es\\\/essiccatori-domestici\\\/biosec-de-luxe-b6\\\/#breadcrumb\"},\"inLanguage\":\"es\",\"potentialAction\":[{\"@type\":\"ReadAction\",\"target\":[\"https:\\\/\\\/www.tauroessiccatori.com\\\/es\\\/essiccatori-domestici\\\/biosec-de-luxe-b6\\\/\"]}]},{\"@type\":\"ImageObject\",\"inLanguage\":\"es\",\"@id\":\"https:\\\/\\\/www.tauroessiccatori.com\\\/es\\\/essiccatori-domestici\\\/biosec-de-luxe-b6\\\/#primaryimage\",\"url\":\"https:\\\/\\\/www.tauroessiccatori.com\\\/wp-content\\\/uploads\\\/2025\\\/03\\\/2025.05.27_903376-1.avif\",\"contentUrl\":\"https:\\\/\\\/www.tauroessiccatori.com\\\/wp-content\\\/uploads\\\/2025\\\/03\\\/2025.05.27_903376-1.avif\",\"width\":1600,\"height\":900},{\"@type\":\"BreadcrumbList\",\"@id\":\"https:\\\/\\\/www.tauroessiccatori.com\\\/es\\\/essiccatori-domestici\\\/biosec-de-luxe-b6\\\/#breadcrumb\",\"itemListElement\":[{\"@type\":\"ListItem\",\"position\":1,\"name\":\"Home\",\"item\":\"https:\\\/\\\/www.tauroessiccatori.com\\\/\"},{\"@type\":\"ListItem\",\"position\":2,\"name\":\"Shop\",\"item\":\"https:\\\/\\\/www.tauroessiccatori.com\\\/shop\\\/\"},{\"@type\":\"ListItem\",\"position\":3,\"name\":\"Biosec De Luxe B6\"}]},{\"@type\":\"WebSite\",\"@id\":\"https:\\\/\\\/www.tauroessiccatori.com\\\/es\\\/#website\",\"url\":\"https:\\\/\\\/www.tauroessiccatori.com\\\/es\\\/\",\"name\":\"Tauro Essiccatori\",\"description\":\"Da pi\u00f9 di trent\u2019anni, i migliori sistemi di essiccazione.\",\"publisher\":{\"@id\":\"https:\\\/\\\/www.tauroessiccatori.com\\\/es\\\/#organization\"},\"alternateName\":\"Tauro\",\"potentialAction\":[{\"@type\":\"SearchAction\",\"target\":{\"@type\":\"EntryPoint\",\"urlTemplate\":\"https:\\\/\\\/www.tauroessiccatori.com\\\/es\\\/?s={search_term_string}\"},\"query-input\":{\"@type\":\"PropertyValueSpecification\",\"valueRequired\":true,\"valueName\":\"search_term_string\"}}],\"inLanguage\":\"es\"},{\"@type\":\"Organization\",\"@id\":\"https:\\\/\\\/www.tauroessiccatori.com\\\/es\\\/#organization\",\"name\":\"Tauro Essiccatori\",\"alternateName\":\"Tauro Essiccatori srl unipersonale\",\"url\":\"https:\\\/\\\/www.tauroessiccatori.com\\\/es\\\/\",\"logo\":{\"@type\":\"ImageObject\",\"inLanguage\":\"es\",\"@id\":\"https:\\\/\\\/www.tauroessiccatori.com\\\/es\\\/#\\\/schema\\\/logo\\\/image\\\/\",\"url\":\"https:\\\/\\\/www.tauroessiccatori.com\\\/wp-content\\\/uploads\\\/2026\\\/01\\\/tauro.avif\",\"contentUrl\":\"https:\\\/\\\/www.tauroessiccatori.com\\\/wp-content\\\/uploads\\\/2026\\\/01\\\/tauro.avif\",\"width\":360,\"height\":360,\"caption\":\"Tauro Essiccatori\"},\"image\":{\"@id\":\"https:\\\/\\\/www.tauroessiccatori.com\\\/es\\\/#\\\/schema\\\/logo\\\/image\\\/\"},\"sameAs\":[\"https:\\\/\\\/www.facebook.com\\\/tauroessiccatori\"]}]}<\/script>\n<!-- \/ Yoast SEO plugin. -->","yoast_head_json":{"title":"Biosec De Luxe B6 el secador perfecto para la cocina \u00bb Secadores Tauro","description":"Biosec De Luxe B6 es el secador Tauro fabricado \u00edntegramente en acero inoxidable, perfecto en cualquier cocina. Tambi\u00e9n profesional.","robots":{"index":"index","follow":"follow","max-snippet":"max-snippet:-1","max-image-preview":"max-image-preview:large","max-video-preview":"max-video-preview:-1"},"canonical":"https:\/\/www.tauroessiccatori.com\/es\/secadoras-domesticas\/biosec-de-luxe-b6\/","og_locale":"es_ES","og_type":"article","og_title":"Biosec De Luxe B6 l'essiccatore perfetto per la cucina &#187; Tauro Essiccatori","og_description":"Biosec De Luxe B6 \u00e8 l'essiccatore Tauro completamente realizzato in acciaio inox, perfetto in ogni cucina. Anche professionale.","og_url":"https:\/\/www.tauroessiccatori.com\/es\/secadoras-domesticas\/biosec-de-luxe-b6\/","og_site_name":"Tauro Essiccatori","article_publisher":"https:\/\/www.facebook.com\/tauroessiccatori","article_modified_time":"2026-03-17T11:49:24+00:00","twitter_card":"summary_large_image","schema":{"@context":"https:\/\/schema.org","@graph":[{"@type":"WebPage","@id":"https:\/\/www.tauroessiccatori.com\/es\/essiccatori-domestici\/biosec-de-luxe-b6\/","url":"https:\/\/www.tauroessiccatori.com\/es\/essiccatori-domestici\/biosec-de-luxe-b6\/","name":"Biosec De Luxe B6 el secador perfecto para la cocina \u00bb Secadores Tauro","isPartOf":{"@id":"https:\/\/www.tauroessiccatori.com\/es\/#website"},"primaryImageOfPage":{"@id":"https:\/\/www.tauroessiccatori.com\/es\/essiccatori-domestici\/biosec-de-luxe-b6\/#primaryimage"},"image":{"@id":"https:\/\/www.tauroessiccatori.com\/es\/essiccatori-domestici\/biosec-de-luxe-b6\/#primaryimage"},"thumbnailUrl":"https:\/\/www.tauroessiccatori.com\/wp-content\/uploads\/2025\/03\/2025.05.27_903376-1.avif","datePublished":"2025-03-15T21:18:56+00:00","dateModified":"2026-03-17T11:49:24+00:00","description":"Biosec De Luxe B6 es el secador Tauro fabricado \u00edntegramente en acero inoxidable, perfecto en cualquier cocina. Tambi\u00e9n profesional.","breadcrumb":{"@id":"https:\/\/www.tauroessiccatori.com\/es\/essiccatori-domestici\/biosec-de-luxe-b6\/#breadcrumb"},"inLanguage":"es","potentialAction":[{"@type":"ReadAction","target":["https:\/\/www.tauroessiccatori.com\/es\/essiccatori-domestici\/biosec-de-luxe-b6\/"]}]},{"@type":"ImageObject","inLanguage":"es","@id":"https:\/\/www.tauroessiccatori.com\/es\/essiccatori-domestici\/biosec-de-luxe-b6\/#primaryimage","url":"https:\/\/www.tauroessiccatori.com\/wp-content\/uploads\/2025\/03\/2025.05.27_903376-1.avif","contentUrl":"https:\/\/www.tauroessiccatori.com\/wp-content\/uploads\/2025\/03\/2025.05.27_903376-1.avif","width":1600,"height":900},{"@type":"BreadcrumbList","@id":"https:\/\/www.tauroessiccatori.com\/es\/essiccatori-domestici\/biosec-de-luxe-b6\/#breadcrumb","itemListElement":[{"@type":"ListItem","position":1,"name":"Home","item":"https:\/\/www.tauroessiccatori.com\/"},{"@type":"ListItem","position":2,"name":"Shop","item":"https:\/\/www.tauroessiccatori.com\/shop\/"},{"@type":"ListItem","position":3,"name":"Biosec De Luxe B6"}]},{"@type":"WebSite","@id":"https:\/\/www.tauroessiccatori.com\/es\/#website","url":"https:\/\/www.tauroessiccatori.com\/es\/","name":"Secadoras Tauro","description":"Desde hace m\u00e1s de 30 a\u00f1os, los mejores sistemas de secado.","publisher":{"@id":"https:\/\/www.tauroessiccatori.com\/es\/#organization"},"alternateName":"Tauro","potentialAction":[{"@type":"SearchAction","target":{"@type":"EntryPoint","urlTemplate":"https:\/\/www.tauroessiccatori.com\/es\/?s={search_term_string}"},"query-input":{"@type":"PropertyValueSpecification","valueRequired":true,"valueName":"search_term_string"}}],"inLanguage":"es"},{"@type":"Organization","@id":"https:\/\/www.tauroessiccatori.com\/es\/#organization","name":"Secadoras Tauro","alternateName":"Tauro Essiccatori srl unipersonale","url":"https:\/\/www.tauroessiccatori.com\/es\/","logo":{"@type":"ImageObject","inLanguage":"es","@id":"https:\/\/www.tauroessiccatori.com\/es\/#\/schema\/logo\/image\/","url":"https:\/\/www.tauroessiccatori.com\/wp-content\/uploads\/2026\/01\/tauro.avif","contentUrl":"https:\/\/www.tauroessiccatori.com\/wp-content\/uploads\/2026\/01\/tauro.avif","width":360,"height":360,"caption":"Tauro Essiccatori"},"image":{"@id":"https:\/\/www.tauroessiccatori.com\/es\/#\/schema\/logo\/image\/"},"sameAs":["https:\/\/www.facebook.com\/tauroessiccatori"]}]}},"_links":{"self":[{"href":"https:\/\/www.tauroessiccatori.com\/es\/wp-json\/wp\/v2\/product\/89","targetHints":{"allow":["GET"]}}],"collection":[{"href":"https:\/\/www.tauroessiccatori.com\/es\/wp-json\/wp\/v2\/product"}],"about":[{"href":"https:\/\/www.tauroessiccatori.com\/es\/wp-json\/wp\/v2\/types\/product"}],"replies":[{"embeddable":true,"href":"https:\/\/www.tauroessiccatori.com\/es\/wp-json\/wp\/v2\/comments?post=89"}],"wp:featuredmedia":[{"embeddable":true,"href":"https:\/\/www.tauroessiccatori.com\/es\/wp-json\/wp\/v2\/media\/165428"}],"wp:attachment":[{"href":"https:\/\/www.tauroessiccatori.com\/es\/wp-json\/wp\/v2\/media?parent=89"}],"wp:term":[{"taxonomy":"product_brand","embeddable":true,"href":"https:\/\/www.tauroessiccatori.com\/es\/wp-json\/wp\/v2\/product_brand?post=89"},{"taxonomy":"product_cat","embeddable":true,"href":"https:\/\/www.tauroessiccatori.com\/es\/wp-json\/wp\/v2\/product_cat?post=89"},{"taxonomy":"product_tag","embeddable":true,"href":"https:\/\/www.tauroessiccatori.com\/es\/wp-json\/wp\/v2\/product_tag?post=89"}],"curies":[{"name":"wp","href":"https:\/\/api.w.org\/{rel}","templated":true}]}}