{"id":83,"date":"2025-03-15T21:18:56","date_gmt":"2025-03-15T21:18:56","guid":{"rendered":"https:\/\/tauroessiccatori.com\/?post_type=product&#038;p=83"},"modified":"2026-03-17T12:48:04","modified_gmt":"2026-03-17T11:48:04","slug":"biosec-domus-b10","status":"publish","type":"product","link":"https:\/\/www.tauroessiccatori.com\/es\/essiccatori-domestici\/biosec-domus-b10\/","title":{"rendered":"Biosec Domus B10"},"content":{"rendered":"<p>Amplio, pr\u00e1ctico y econ\u00f3mico. Domus B10 es el secador Tauro con la mejor relaci\u00f3n precio\/tama\u00f1o.<\/p>\n<p>Sus 10 cestas permiten al motor electr\u00f3nico Dryset Pro trabajar al m\u00e1ximo rendimiento, duplicando la capacidad respecto al modelo B5 con la misma potencia.<\/p>\n<p>Dise\u00f1ado para quienes desean un secado eficaz con la comodidad y seguridad de un producto Tauro.<\/p>","protected":false},"excerpt":{"rendered":"<p>Biosec Domus B10 combina la practicidad y comodidad de la serie Domus con la capacidad de 10 cestas.<\/p>\n<p><strong>Un deshidratador con una relaci\u00f3n calidad\/precio muy elevada.<\/strong><\/p>","protected":false},"featured_media":165401,"comment_status":"closed","ping_status":"closed","template":"","meta":{"_acf_changed":false},"product_brand":[],"product_cat":[22],"product_tag":[42],"class_list":{"0":"post-83","1":"product","2":"type-product","3":"status-publish","4":"has-post-thumbnail","6":"product_cat-essiccatori-domestici","7":"product_tag-linea-domus","9":"first","10":"instock","11":"sale","12":"taxable","13":"shipping-taxable","14":"purchasable","15":"product-type-simple"},"gallery_images":[165402,165405,165406,165407,165408,165409],"acf":[],"yoast_head":"<!-- This site is optimized with the Yoast SEO plugin v27.5 - https:\/\/yoast.com\/product\/yoast-seo-wordpress\/ -->\n<title>Essiccatore domestico Biosec Domus B10 - Tauro Essiccatori<\/title>\n<meta name=\"description\" content=\"Essiccatore alimentare per frutta e verdura ad uso domestico con 10 cestelli. Qualit\u00e0 e convenienza in un prodotto capiente per l&#039;uso quotidiano!\" \/>\n<meta name=\"robots\" content=\"index, follow, max-snippet:-1, max-image-preview:large, max-video-preview:-1\" \/>\n<link rel=\"canonical\" href=\"https:\/\/www.tauroessiccatori.com\/es\/secadoras-domesticas\/biosec-domus-b10\/\" \/>\n<meta property=\"og:locale\" content=\"es_ES\" \/>\n<meta property=\"og:type\" content=\"article\" \/>\n<meta property=\"og:title\" content=\"Essiccatore domestico Biosec Domus B10 - Tauro Essiccatori\" \/>\n<meta property=\"og:description\" content=\"Essiccatore alimentare per frutta e verdura ad uso domestico con 10 cestelli. Qualit\u00e0 e convenienza in un prodotto capiente per l&#039;uso quotidiano!\" \/>\n<meta property=\"og:url\" content=\"https:\/\/www.tauroessiccatori.com\/es\/secadoras-domesticas\/biosec-domus-b10\/\" \/>\n<meta property=\"og:site_name\" content=\"Tauro Essiccatori\" \/>\n<meta property=\"article:publisher\" content=\"https:\/\/www.facebook.com\/tauroessiccatori\" \/>\n<meta property=\"article:modified_time\" content=\"2026-03-17T11:48:04+00:00\" \/>\n<meta name=\"twitter:card\" content=\"summary_large_image\" \/>\n<script type=\"application\/ld+json\" class=\"yoast-schema-graph\">{\"@context\":\"https:\\\/\\\/schema.org\",\"@graph\":[{\"@type\":\"WebPage\",\"@id\":\"https:\\\/\\\/www.tauroessiccatori.com\\\/es\\\/essiccatori-domestici\\\/biosec-domus-b10\\\/\",\"url\":\"https:\\\/\\\/www.tauroessiccatori.com\\\/es\\\/essiccatori-domestici\\\/biosec-domus-b10\\\/\",\"name\":\"Essiccatore domestico Biosec Domus B10 - Tauro Essiccatori\",\"isPartOf\":{\"@id\":\"https:\\\/\\\/www.tauroessiccatori.com\\\/es\\\/#website\"},\"primaryImageOfPage\":{\"@id\":\"https:\\\/\\\/www.tauroessiccatori.com\\\/es\\\/essiccatori-domestici\\\/biosec-domus-b10\\\/#primaryimage\"},\"image\":{\"@id\":\"https:\\\/\\\/www.tauroessiccatori.com\\\/es\\\/essiccatori-domestici\\\/biosec-domus-b10\\\/#primaryimage\"},\"thumbnailUrl\":\"https:\\\/\\\/www.tauroessiccatori.com\\\/wp-content\\\/uploads\\\/2025\\\/03\\\/2025.05.27_903348-1.avif\",\"datePublished\":\"2025-03-15T21:18:56+00:00\",\"dateModified\":\"2026-03-17T11:48:04+00:00\",\"description\":\"Essiccatore alimentare per frutta e verdura ad uso domestico con 10 cestelli. Qualit\u00e0 e convenienza in un prodotto capiente per l'uso quotidiano!\",\"breadcrumb\":{\"@id\":\"https:\\\/\\\/www.tauroessiccatori.com\\\/es\\\/essiccatori-domestici\\\/biosec-domus-b10\\\/#breadcrumb\"},\"inLanguage\":\"es\",\"potentialAction\":[{\"@type\":\"ReadAction\",\"target\":[\"https:\\\/\\\/www.tauroessiccatori.com\\\/es\\\/essiccatori-domestici\\\/biosec-domus-b10\\\/\"]}]},{\"@type\":\"ImageObject\",\"inLanguage\":\"es\",\"@id\":\"https:\\\/\\\/www.tauroessiccatori.com\\\/es\\\/essiccatori-domestici\\\/biosec-domus-b10\\\/#primaryimage\",\"url\":\"https:\\\/\\\/www.tauroessiccatori.com\\\/wp-content\\\/uploads\\\/2025\\\/03\\\/2025.05.27_903348-1.avif\",\"contentUrl\":\"https:\\\/\\\/www.tauroessiccatori.com\\\/wp-content\\\/uploads\\\/2025\\\/03\\\/2025.05.27_903348-1.avif\",\"width\":1600,\"height\":900},{\"@type\":\"BreadcrumbList\",\"@id\":\"https:\\\/\\\/www.tauroessiccatori.com\\\/es\\\/essiccatori-domestici\\\/biosec-domus-b10\\\/#breadcrumb\",\"itemListElement\":[{\"@type\":\"ListItem\",\"position\":1,\"name\":\"Home\",\"item\":\"https:\\\/\\\/www.tauroessiccatori.com\\\/\"},{\"@type\":\"ListItem\",\"position\":2,\"name\":\"Shop\",\"item\":\"https:\\\/\\\/www.tauroessiccatori.com\\\/shop\\\/\"},{\"@type\":\"ListItem\",\"position\":3,\"name\":\"Biosec Domus B10\"}]},{\"@type\":\"WebSite\",\"@id\":\"https:\\\/\\\/www.tauroessiccatori.com\\\/es\\\/#website\",\"url\":\"https:\\\/\\\/www.tauroessiccatori.com\\\/es\\\/\",\"name\":\"Tauro Essiccatori\",\"description\":\"Da pi\u00f9 di trent\u2019anni, i migliori sistemi di essiccazione.\",\"publisher\":{\"@id\":\"https:\\\/\\\/www.tauroessiccatori.com\\\/es\\\/#organization\"},\"alternateName\":\"Tauro\",\"potentialAction\":[{\"@type\":\"SearchAction\",\"target\":{\"@type\":\"EntryPoint\",\"urlTemplate\":\"https:\\\/\\\/www.tauroessiccatori.com\\\/es\\\/?s={search_term_string}\"},\"query-input\":{\"@type\":\"PropertyValueSpecification\",\"valueRequired\":true,\"valueName\":\"search_term_string\"}}],\"inLanguage\":\"es\"},{\"@type\":\"Organization\",\"@id\":\"https:\\\/\\\/www.tauroessiccatori.com\\\/es\\\/#organization\",\"name\":\"Tauro Essiccatori\",\"alternateName\":\"Tauro Essiccatori srl unipersonale\",\"url\":\"https:\\\/\\\/www.tauroessiccatori.com\\\/es\\\/\",\"logo\":{\"@type\":\"ImageObject\",\"inLanguage\":\"es\",\"@id\":\"https:\\\/\\\/www.tauroessiccatori.com\\\/es\\\/#\\\/schema\\\/logo\\\/image\\\/\",\"url\":\"https:\\\/\\\/www.tauroessiccatori.com\\\/wp-content\\\/uploads\\\/2026\\\/01\\\/tauro.avif\",\"contentUrl\":\"https:\\\/\\\/www.tauroessiccatori.com\\\/wp-content\\\/uploads\\\/2026\\\/01\\\/tauro.avif\",\"width\":360,\"height\":360,\"caption\":\"Tauro Essiccatori\"},\"image\":{\"@id\":\"https:\\\/\\\/www.tauroessiccatori.com\\\/es\\\/#\\\/schema\\\/logo\\\/image\\\/\"},\"sameAs\":[\"https:\\\/\\\/www.facebook.com\\\/tauroessiccatori\"]}]}<\/script>\n<!-- \/ Yoast SEO plugin. -->","yoast_head_json":{"title":"Secadora dom\u00e9stica Biosec Domus B10 - Secadoras Tauro","description":"Secador de alimentos para frutas y verduras de uso dom\u00e9stico con 10 cestas. Calidad y comodidad en un producto de gran capacidad para el uso diario.","robots":{"index":"index","follow":"follow","max-snippet":"max-snippet:-1","max-image-preview":"max-image-preview:large","max-video-preview":"max-video-preview:-1"},"canonical":"https:\/\/www.tauroessiccatori.com\/es\/secadoras-domesticas\/biosec-domus-b10\/","og_locale":"es_ES","og_type":"article","og_title":"Essiccatore domestico Biosec Domus B10 - Tauro Essiccatori","og_description":"Essiccatore alimentare per frutta e verdura ad uso domestico con 10 cestelli. Qualit\u00e0 e convenienza in un prodotto capiente per l'uso quotidiano!","og_url":"https:\/\/www.tauroessiccatori.com\/es\/secadoras-domesticas\/biosec-domus-b10\/","og_site_name":"Tauro Essiccatori","article_publisher":"https:\/\/www.facebook.com\/tauroessiccatori","article_modified_time":"2026-03-17T11:48:04+00:00","twitter_card":"summary_large_image","schema":{"@context":"https:\/\/schema.org","@graph":[{"@type":"WebPage","@id":"https:\/\/www.tauroessiccatori.com\/es\/essiccatori-domestici\/biosec-domus-b10\/","url":"https:\/\/www.tauroessiccatori.com\/es\/essiccatori-domestici\/biosec-domus-b10\/","name":"Secadora dom\u00e9stica Biosec Domus B10 - Secadoras Tauro","isPartOf":{"@id":"https:\/\/www.tauroessiccatori.com\/es\/#website"},"primaryImageOfPage":{"@id":"https:\/\/www.tauroessiccatori.com\/es\/essiccatori-domestici\/biosec-domus-b10\/#primaryimage"},"image":{"@id":"https:\/\/www.tauroessiccatori.com\/es\/essiccatori-domestici\/biosec-domus-b10\/#primaryimage"},"thumbnailUrl":"https:\/\/www.tauroessiccatori.com\/wp-content\/uploads\/2025\/03\/2025.05.27_903348-1.avif","datePublished":"2025-03-15T21:18:56+00:00","dateModified":"2026-03-17T11:48:04+00:00","description":"Secador de alimentos para frutas y verduras de uso dom\u00e9stico con 10 cestas. Calidad y comodidad en un producto de gran capacidad para el uso diario.","breadcrumb":{"@id":"https:\/\/www.tauroessiccatori.com\/es\/essiccatori-domestici\/biosec-domus-b10\/#breadcrumb"},"inLanguage":"es","potentialAction":[{"@type":"ReadAction","target":["https:\/\/www.tauroessiccatori.com\/es\/essiccatori-domestici\/biosec-domus-b10\/"]}]},{"@type":"ImageObject","inLanguage":"es","@id":"https:\/\/www.tauroessiccatori.com\/es\/essiccatori-domestici\/biosec-domus-b10\/#primaryimage","url":"https:\/\/www.tauroessiccatori.com\/wp-content\/uploads\/2025\/03\/2025.05.27_903348-1.avif","contentUrl":"https:\/\/www.tauroessiccatori.com\/wp-content\/uploads\/2025\/03\/2025.05.27_903348-1.avif","width":1600,"height":900},{"@type":"BreadcrumbList","@id":"https:\/\/www.tauroessiccatori.com\/es\/essiccatori-domestici\/biosec-domus-b10\/#breadcrumb","itemListElement":[{"@type":"ListItem","position":1,"name":"Home","item":"https:\/\/www.tauroessiccatori.com\/"},{"@type":"ListItem","position":2,"name":"Shop","item":"https:\/\/www.tauroessiccatori.com\/shop\/"},{"@type":"ListItem","position":3,"name":"Biosec Domus B10"}]},{"@type":"WebSite","@id":"https:\/\/www.tauroessiccatori.com\/es\/#website","url":"https:\/\/www.tauroessiccatori.com\/es\/","name":"Secadoras Tauro","description":"Desde hace m\u00e1s de 30 a\u00f1os, los mejores sistemas de secado.","publisher":{"@id":"https:\/\/www.tauroessiccatori.com\/es\/#organization"},"alternateName":"Tauro","potentialAction":[{"@type":"SearchAction","target":{"@type":"EntryPoint","urlTemplate":"https:\/\/www.tauroessiccatori.com\/es\/?s={search_term_string}"},"query-input":{"@type":"PropertyValueSpecification","valueRequired":true,"valueName":"search_term_string"}}],"inLanguage":"es"},{"@type":"Organization","@id":"https:\/\/www.tauroessiccatori.com\/es\/#organization","name":"Secadoras Tauro","alternateName":"Tauro Essiccatori srl unipersonale","url":"https:\/\/www.tauroessiccatori.com\/es\/","logo":{"@type":"ImageObject","inLanguage":"es","@id":"https:\/\/www.tauroessiccatori.com\/es\/#\/schema\/logo\/image\/","url":"https:\/\/www.tauroessiccatori.com\/wp-content\/uploads\/2026\/01\/tauro.avif","contentUrl":"https:\/\/www.tauroessiccatori.com\/wp-content\/uploads\/2026\/01\/tauro.avif","width":360,"height":360,"caption":"Tauro Essiccatori"},"image":{"@id":"https:\/\/www.tauroessiccatori.com\/es\/#\/schema\/logo\/image\/"},"sameAs":["https:\/\/www.facebook.com\/tauroessiccatori"]}]}},"_links":{"self":[{"href":"https:\/\/www.tauroessiccatori.com\/es\/wp-json\/wp\/v2\/product\/83","targetHints":{"allow":["GET"]}}],"collection":[{"href":"https:\/\/www.tauroessiccatori.com\/es\/wp-json\/wp\/v2\/product"}],"about":[{"href":"https:\/\/www.tauroessiccatori.com\/es\/wp-json\/wp\/v2\/types\/product"}],"replies":[{"embeddable":true,"href":"https:\/\/www.tauroessiccatori.com\/es\/wp-json\/wp\/v2\/comments?post=83"}],"wp:featuredmedia":[{"embeddable":true,"href":"https:\/\/www.tauroessiccatori.com\/es\/wp-json\/wp\/v2\/media\/165401"}],"wp:attachment":[{"href":"https:\/\/www.tauroessiccatori.com\/es\/wp-json\/wp\/v2\/media?parent=83"}],"wp:term":[{"taxonomy":"product_brand","embeddable":true,"href":"https:\/\/www.tauroessiccatori.com\/es\/wp-json\/wp\/v2\/product_brand?post=83"},{"taxonomy":"product_cat","embeddable":true,"href":"https:\/\/www.tauroessiccatori.com\/es\/wp-json\/wp\/v2\/product_cat?post=83"},{"taxonomy":"product_tag","embeddable":true,"href":"https:\/\/www.tauroessiccatori.com\/es\/wp-json\/wp\/v2\/product_tag?post=83"}],"curies":[{"name":"wp","href":"https:\/\/api.w.org\/{rel}","templated":true}]}}