{"id":496,"date":"2025-06-22T16:50:52","date_gmt":"2025-06-22T16:50:52","guid":{"rendered":"https:\/\/tauroessiccatori.com\/?page_id=496"},"modified":"2026-04-21T09:19:15","modified_gmt":"2026-04-21T07:19:15","slug":"b-master-plus-twin-xl","status":"publish","type":"page","link":"https:\/\/www.tauroessiccatori.com\/es\/essiccatori-professionali\/b-master-plus-twin-xl\/","title":{"rendered":"B.Master PLUS TWIN XL"},"content":{"rendered":"<p>Con la versi\u00f3n B.Master Twin XL puedes <strong>duplicando la superficie a 50 m2 en total. <\/strong>El modelo m\u00e1s grande para quienes secan grandes cantidades de productos frescos durante todo el a\u00f1o.<\/p>\n<p><strong>Todo merece la pena.<\/strong><br \/>\nOptimice la superficie de su B.Master con el m\u00e1ximo n\u00famero de estantes, hasta 88 por m\u00f3dulo, para un total de 176 piezas y una potencia m\u00e1xima de 15 kW.<\/p>","protected":false},"excerpt":{"rendered":"<p>B.Master PLUS TWIN XL satisface las necesidades de los procesadores con grandes capacidades de producci\u00f3n. El modelo m\u00e1s grande para quienes secan grandes cantidades de producto fresco durante todo el a\u00f1o.<\/p>","protected":false},"author":1,"featured_media":165961,"parent":10,"menu_order":56,"comment_status":"closed","ping_status":"closed","template":"","meta":{"_acf_changed":false,"footnotes":""},"class_list":["post-496","page","type-page","status-publish","has-post-thumbnail","hentry"],"acf":[],"yoast_head":"<!-- This site is optimized with the Yoast SEO plugin v27.5 - https:\/\/yoast.com\/product\/yoast-seo-wordpress\/ -->\n<title>B.Master PLUS TWIN XL &#187; Tauro Essiccatori<\/title>\n<meta name=\"robots\" content=\"index, follow, max-snippet:-1, max-image-preview:large, max-video-preview:-1\" \/>\n<link rel=\"canonical\" href=\"https:\/\/www.tauroessiccatori.com\/es\/secadores-profesionales\/b-master-plus-twin-xl\/\" \/>\n<meta property=\"og:locale\" content=\"es_ES\" \/>\n<meta property=\"og:type\" content=\"article\" \/>\n<meta property=\"og:title\" content=\"B.Master PLUS TWIN XL &#187; Tauro Essiccatori\" \/>\n<meta property=\"og:description\" content=\"B.Master PLUS TWIN XL risponde alle esigenze aziende di trasformazione con grandi capacit\u00e0 produttive. Il modello pi\u00f9 capiente per chi essicca grandi quantit\u00e0 di prodotto fresco tutto l\u2019anno.\" \/>\n<meta property=\"og:url\" content=\"https:\/\/www.tauroessiccatori.com\/es\/secadores-profesionales\/b-master-plus-twin-xl\/\" \/>\n<meta property=\"og:site_name\" content=\"Tauro Essiccatori\" \/>\n<meta property=\"article:publisher\" content=\"https:\/\/www.facebook.com\/tauroessiccatori\" \/>\n<meta property=\"article:modified_time\" content=\"2026-04-21T07:19:15+00:00\" \/>\n<meta name=\"twitter:card\" content=\"summary_large_image\" \/>\n<script type=\"application\/ld+json\" class=\"yoast-schema-graph\">{\"@context\":\"https:\\\/\\\/schema.org\",\"@graph\":[{\"@type\":\"WebPage\",\"@id\":\"https:\\\/\\\/www.tauroessiccatori.com\\\/es\\\/essiccatori-professionali\\\/b-master-plus-twin-xl\\\/\",\"url\":\"https:\\\/\\\/www.tauroessiccatori.com\\\/es\\\/essiccatori-professionali\\\/b-master-plus-twin-xl\\\/\",\"name\":\"B.Master PLUS TWIN XL &#187; Tauro Essiccatori\",\"isPartOf\":{\"@id\":\"https:\\\/\\\/www.tauroessiccatori.com\\\/es\\\/#website\"},\"primaryImageOfPage\":{\"@id\":\"https:\\\/\\\/www.tauroessiccatori.com\\\/es\\\/essiccatori-professionali\\\/b-master-plus-twin-xl\\\/#primaryimage\"},\"image\":{\"@id\":\"https:\\\/\\\/www.tauroessiccatori.com\\\/es\\\/essiccatori-professionali\\\/b-master-plus-twin-xl\\\/#primaryimage\"},\"thumbnailUrl\":\"https:\\\/\\\/www.tauroessiccatori.com\\\/wp-content\\\/uploads\\\/2025\\\/10\\\/TAURO_ESSICATORI_B-MASTER_TWIN_XL_WORKER_02C-dimensioni-grandi-1.avif\",\"datePublished\":\"2025-06-22T16:50:52+00:00\",\"dateModified\":\"2026-04-21T07:19:15+00:00\",\"breadcrumb\":{\"@id\":\"https:\\\/\\\/www.tauroessiccatori.com\\\/es\\\/essiccatori-professionali\\\/b-master-plus-twin-xl\\\/#breadcrumb\"},\"inLanguage\":\"es\",\"potentialAction\":[{\"@type\":\"ReadAction\",\"target\":[\"https:\\\/\\\/www.tauroessiccatori.com\\\/es\\\/essiccatori-professionali\\\/b-master-plus-twin-xl\\\/\"]}]},{\"@type\":\"ImageObject\",\"inLanguage\":\"es\",\"@id\":\"https:\\\/\\\/www.tauroessiccatori.com\\\/es\\\/essiccatori-professionali\\\/b-master-plus-twin-xl\\\/#primaryimage\",\"url\":\"https:\\\/\\\/www.tauroessiccatori.com\\\/wp-content\\\/uploads\\\/2025\\\/10\\\/TAURO_ESSICATORI_B-MASTER_TWIN_XL_WORKER_02C-dimensioni-grandi-1.avif\",\"contentUrl\":\"https:\\\/\\\/www.tauroessiccatori.com\\\/wp-content\\\/uploads\\\/2025\\\/10\\\/TAURO_ESSICATORI_B-MASTER_TWIN_XL_WORKER_02C-dimensioni-grandi-1.avif\",\"width\":1280,\"height\":789},{\"@type\":\"BreadcrumbList\",\"@id\":\"https:\\\/\\\/www.tauroessiccatori.com\\\/es\\\/essiccatori-professionali\\\/b-master-plus-twin-xl\\\/#breadcrumb\",\"itemListElement\":[{\"@type\":\"ListItem\",\"position\":1,\"name\":\"Home\",\"item\":\"https:\\\/\\\/www.tauroessiccatori.com\\\/\"},{\"@type\":\"ListItem\",\"position\":2,\"name\":\"Essiccatori Professionali\",\"item\":\"https:\\\/\\\/www.tauroessiccatori.com\\\/essiccatori-professionali\\\/\"},{\"@type\":\"ListItem\",\"position\":3,\"name\":\"B.Master PLUS TWIN XL\"}]},{\"@type\":\"WebSite\",\"@id\":\"https:\\\/\\\/www.tauroessiccatori.com\\\/es\\\/#website\",\"url\":\"https:\\\/\\\/www.tauroessiccatori.com\\\/es\\\/\",\"name\":\"Tauro Essiccatori\",\"description\":\"Da pi\u00f9 di trent\u2019anni, i migliori sistemi di essiccazione.\",\"publisher\":{\"@id\":\"https:\\\/\\\/www.tauroessiccatori.com\\\/es\\\/#organization\"},\"alternateName\":\"Tauro\",\"potentialAction\":[{\"@type\":\"SearchAction\",\"target\":{\"@type\":\"EntryPoint\",\"urlTemplate\":\"https:\\\/\\\/www.tauroessiccatori.com\\\/es\\\/?s={search_term_string}\"},\"query-input\":{\"@type\":\"PropertyValueSpecification\",\"valueRequired\":true,\"valueName\":\"search_term_string\"}}],\"inLanguage\":\"es\"},{\"@type\":\"Organization\",\"@id\":\"https:\\\/\\\/www.tauroessiccatori.com\\\/es\\\/#organization\",\"name\":\"Tauro Essiccatori\",\"alternateName\":\"Tauro Essiccatori srl unipersonale\",\"url\":\"https:\\\/\\\/www.tauroessiccatori.com\\\/es\\\/\",\"logo\":{\"@type\":\"ImageObject\",\"inLanguage\":\"es\",\"@id\":\"https:\\\/\\\/www.tauroessiccatori.com\\\/es\\\/#\\\/schema\\\/logo\\\/image\\\/\",\"url\":\"https:\\\/\\\/www.tauroessiccatori.com\\\/wp-content\\\/uploads\\\/2026\\\/01\\\/tauro.avif\",\"contentUrl\":\"https:\\\/\\\/www.tauroessiccatori.com\\\/wp-content\\\/uploads\\\/2026\\\/01\\\/tauro.avif\",\"width\":360,\"height\":360,\"caption\":\"Tauro Essiccatori\"},\"image\":{\"@id\":\"https:\\\/\\\/www.tauroessiccatori.com\\\/es\\\/#\\\/schema\\\/logo\\\/image\\\/\"},\"sameAs\":[\"https:\\\/\\\/www.facebook.com\\\/tauroessiccatori\"]}]}<\/script>\n<!-- \/ Yoast SEO plugin. -->","yoast_head_json":{"title":"B.Master PLUS TWIN XL \u00bb Secadores Tauro","robots":{"index":"index","follow":"follow","max-snippet":"max-snippet:-1","max-image-preview":"max-image-preview:large","max-video-preview":"max-video-preview:-1"},"canonical":"https:\/\/www.tauroessiccatori.com\/es\/secadores-profesionales\/b-master-plus-twin-xl\/","og_locale":"es_ES","og_type":"article","og_title":"B.Master PLUS TWIN XL &#187; Tauro Essiccatori","og_description":"B.Master PLUS TWIN XL risponde alle esigenze aziende di trasformazione con grandi capacit\u00e0 produttive. Il modello pi\u00f9 capiente per chi essicca grandi quantit\u00e0 di prodotto fresco tutto l\u2019anno.","og_url":"https:\/\/www.tauroessiccatori.com\/es\/secadores-profesionales\/b-master-plus-twin-xl\/","og_site_name":"Tauro Essiccatori","article_publisher":"https:\/\/www.facebook.com\/tauroessiccatori","article_modified_time":"2026-04-21T07:19:15+00:00","twitter_card":"summary_large_image","schema":{"@context":"https:\/\/schema.org","@graph":[{"@type":"WebPage","@id":"https:\/\/www.tauroessiccatori.com\/es\/essiccatori-professionali\/b-master-plus-twin-xl\/","url":"https:\/\/www.tauroessiccatori.com\/es\/essiccatori-professionali\/b-master-plus-twin-xl\/","name":"B.Master PLUS TWIN XL \u00bb Secadores Tauro","isPartOf":{"@id":"https:\/\/www.tauroessiccatori.com\/es\/#website"},"primaryImageOfPage":{"@id":"https:\/\/www.tauroessiccatori.com\/es\/essiccatori-professionali\/b-master-plus-twin-xl\/#primaryimage"},"image":{"@id":"https:\/\/www.tauroessiccatori.com\/es\/essiccatori-professionali\/b-master-plus-twin-xl\/#primaryimage"},"thumbnailUrl":"https:\/\/www.tauroessiccatori.com\/wp-content\/uploads\/2025\/10\/TAURO_ESSICATORI_B-MASTER_TWIN_XL_WORKER_02C-dimensioni-grandi-1.avif","datePublished":"2025-06-22T16:50:52+00:00","dateModified":"2026-04-21T07:19:15+00:00","breadcrumb":{"@id":"https:\/\/www.tauroessiccatori.com\/es\/essiccatori-professionali\/b-master-plus-twin-xl\/#breadcrumb"},"inLanguage":"es","potentialAction":[{"@type":"ReadAction","target":["https:\/\/www.tauroessiccatori.com\/es\/essiccatori-professionali\/b-master-plus-twin-xl\/"]}]},{"@type":"ImageObject","inLanguage":"es","@id":"https:\/\/www.tauroessiccatori.com\/es\/essiccatori-professionali\/b-master-plus-twin-xl\/#primaryimage","url":"https:\/\/www.tauroessiccatori.com\/wp-content\/uploads\/2025\/10\/TAURO_ESSICATORI_B-MASTER_TWIN_XL_WORKER_02C-dimensioni-grandi-1.avif","contentUrl":"https:\/\/www.tauroessiccatori.com\/wp-content\/uploads\/2025\/10\/TAURO_ESSICATORI_B-MASTER_TWIN_XL_WORKER_02C-dimensioni-grandi-1.avif","width":1280,"height":789},{"@type":"BreadcrumbList","@id":"https:\/\/www.tauroessiccatori.com\/es\/essiccatori-professionali\/b-master-plus-twin-xl\/#breadcrumb","itemListElement":[{"@type":"ListItem","position":1,"name":"Home","item":"https:\/\/www.tauroessiccatori.com\/"},{"@type":"ListItem","position":2,"name":"Essiccatori Professionali","item":"https:\/\/www.tauroessiccatori.com\/essiccatori-professionali\/"},{"@type":"ListItem","position":3,"name":"B.Master PLUS TWIN XL"}]},{"@type":"WebSite","@id":"https:\/\/www.tauroessiccatori.com\/es\/#website","url":"https:\/\/www.tauroessiccatori.com\/es\/","name":"Secadoras Tauro","description":"Desde hace m\u00e1s de 30 a\u00f1os, los mejores sistemas de secado.","publisher":{"@id":"https:\/\/www.tauroessiccatori.com\/es\/#organization"},"alternateName":"Tauro","potentialAction":[{"@type":"SearchAction","target":{"@type":"EntryPoint","urlTemplate":"https:\/\/www.tauroessiccatori.com\/es\/?s={search_term_string}"},"query-input":{"@type":"PropertyValueSpecification","valueRequired":true,"valueName":"search_term_string"}}],"inLanguage":"es"},{"@type":"Organization","@id":"https:\/\/www.tauroessiccatori.com\/es\/#organization","name":"Secadoras Tauro","alternateName":"Tauro Essiccatori srl unipersonale","url":"https:\/\/www.tauroessiccatori.com\/es\/","logo":{"@type":"ImageObject","inLanguage":"es","@id":"https:\/\/www.tauroessiccatori.com\/es\/#\/schema\/logo\/image\/","url":"https:\/\/www.tauroessiccatori.com\/wp-content\/uploads\/2026\/01\/tauro.avif","contentUrl":"https:\/\/www.tauroessiccatori.com\/wp-content\/uploads\/2026\/01\/tauro.avif","width":360,"height":360,"caption":"Tauro Essiccatori"},"image":{"@id":"https:\/\/www.tauroessiccatori.com\/es\/#\/schema\/logo\/image\/"},"sameAs":["https:\/\/www.facebook.com\/tauroessiccatori"]}]}},"_links":{"self":[{"href":"https:\/\/www.tauroessiccatori.com\/es\/wp-json\/wp\/v2\/pages\/496","targetHints":{"allow":["GET"]}}],"collection":[{"href":"https:\/\/www.tauroessiccatori.com\/es\/wp-json\/wp\/v2\/pages"}],"about":[{"href":"https:\/\/www.tauroessiccatori.com\/es\/wp-json\/wp\/v2\/types\/page"}],"author":[{"embeddable":true,"href":"https:\/\/www.tauroessiccatori.com\/es\/wp-json\/wp\/v2\/users\/1"}],"replies":[{"embeddable":true,"href":"https:\/\/www.tauroessiccatori.com\/es\/wp-json\/wp\/v2\/comments?post=496"}],"version-history":[{"count":3,"href":"https:\/\/www.tauroessiccatori.com\/es\/wp-json\/wp\/v2\/pages\/496\/revisions"}],"predecessor-version":[{"id":179223,"href":"https:\/\/www.tauroessiccatori.com\/es\/wp-json\/wp\/v2\/pages\/496\/revisions\/179223"}],"up":[{"embeddable":true,"href":"https:\/\/www.tauroessiccatori.com\/es\/wp-json\/wp\/v2\/pages\/10"}],"wp:featuredmedia":[{"embeddable":true,"href":"https:\/\/www.tauroessiccatori.com\/es\/wp-json\/wp\/v2\/media\/165961"}],"wp:attachment":[{"href":"https:\/\/www.tauroessiccatori.com\/es\/wp-json\/wp\/v2\/media?parent=496"}],"curies":[{"name":"wp","href":"https:\/\/api.w.org\/{rel}","templated":true}]}}