{"id":490,"date":"2025-06-22T16:41:52","date_gmt":"2025-06-22T16:41:52","guid":{"rendered":"https:\/\/tauroessiccatori.com\/?page_id=490"},"modified":"2026-02-18T10:40:29","modified_gmt":"2026-02-18T09:40:29","slug":"b-master-plus","status":"publish","type":"page","link":"https:\/\/www.tauroessiccatori.com\/es\/essiccatori-professionali\/b-master-plus\/","title":{"rendered":"B.Master PLUS"},"content":{"rendered":"<p><b>Potencia y delicadeza<\/b>, vers\u00e1til, fiable y perfecta para cualquier producci\u00f3n. <strong>B.M\u00c1STER PLUS<\/strong> haga del valor a\u00f1adido la fuerza de su negocio. Con toda la tecnolog\u00eda Tauro.<\/p>\n<p><b>Para usted significa <\/b>secado con total seguridad gracias a los materiales certificados para el contacto con alimentos.<br \/>\nCada una de nuestras secadoras es \u00fanica,\u00a0<b>hecho a mano a su pedido<\/b>.<\/p>","protected":false},"excerpt":{"rendered":"<p><strong>Potencia y delicadeza<\/strong>, vers\u00e1til, fiable y <strong>perfecto para cualquier producci\u00f3n<\/strong>. B.Master PLUS convierte el valor a\u00f1adido en la fuerza de su negocio. Con toda la tecnolog\u00eda Tauro.<\/p>","protected":false},"author":1,"featured_media":165957,"parent":10,"menu_order":53,"comment_status":"closed","ping_status":"closed","template":"","meta":{"_acf_changed":false,"footnotes":""},"class_list":["post-490","page","type-page","status-publish","has-post-thumbnail","hentry"],"acf":[],"yoast_head":"<!-- This site is optimized with the Yoast SEO plugin v27.5 - https:\/\/yoast.com\/product\/yoast-seo-wordpress\/ -->\n<title>B.Master PLUS &#187; Tauro Essiccatori<\/title>\n<meta name=\"robots\" content=\"index, follow, max-snippet:-1, max-image-preview:large, max-video-preview:-1\" \/>\n<link rel=\"canonical\" href=\"https:\/\/www.tauroessiccatori.com\/es\/secadores-profesionales\/b-master-plus\/\" \/>\n<meta property=\"og:locale\" content=\"es_ES\" \/>\n<meta property=\"og:type\" content=\"article\" \/>\n<meta property=\"og:title\" content=\"B.Master PLUS &#187; Tauro Essiccatori\" \/>\n<meta property=\"og:description\" content=\"Potenza e delicatezza, versatile, affidabile e perfetto per ogni produzione. B.Master PLUS f\u00e0 del valore aggiunto il punto di forza della tua attivit\u00e0. Con tutta la tecnologia Tauro.\" \/>\n<meta property=\"og:url\" content=\"https:\/\/www.tauroessiccatori.com\/es\/secadores-profesionales\/b-master-plus\/\" \/>\n<meta property=\"og:site_name\" content=\"Tauro Essiccatori\" \/>\n<meta property=\"article:publisher\" content=\"https:\/\/www.facebook.com\/tauroessiccatori\" \/>\n<meta property=\"article:modified_time\" content=\"2026-02-18T09:40:29+00:00\" \/>\n<meta property=\"og:image\" content=\"https:\/\/www.tauroessiccatori.com\/wp-content\/uploads\/2025\/10\/W_BMP_TWE15_WORKER_05C-2-scaled.jpeg\" \/>\n\t<meta property=\"og:image:width\" content=\"2560\" \/>\n\t<meta property=\"og:image:height\" content=\"1707\" \/>\n\t<meta property=\"og:image:type\" content=\"image\/jpeg\" \/>\n<meta name=\"twitter:card\" content=\"summary_large_image\" \/>\n<script type=\"application\/ld+json\" class=\"yoast-schema-graph\">{\"@context\":\"https:\\\/\\\/schema.org\",\"@graph\":[{\"@type\":\"WebPage\",\"@id\":\"https:\\\/\\\/www.tauroessiccatori.com\\\/es\\\/essiccatori-professionali\\\/b-master-plus\\\/\",\"url\":\"https:\\\/\\\/www.tauroessiccatori.com\\\/es\\\/essiccatori-professionali\\\/b-master-plus\\\/\",\"name\":\"B.Master PLUS &#187; Tauro Essiccatori\",\"isPartOf\":{\"@id\":\"https:\\\/\\\/www.tauroessiccatori.com\\\/es\\\/#website\"},\"primaryImageOfPage\":{\"@id\":\"https:\\\/\\\/www.tauroessiccatori.com\\\/es\\\/essiccatori-professionali\\\/b-master-plus\\\/#primaryimage\"},\"image\":{\"@id\":\"https:\\\/\\\/www.tauroessiccatori.com\\\/es\\\/essiccatori-professionali\\\/b-master-plus\\\/#primaryimage\"},\"thumbnailUrl\":\"https:\\\/\\\/www.tauroessiccatori.com\\\/wp-content\\\/uploads\\\/2025\\\/10\\\/W_BMP_TWE15_WORKER_05C-2-scaled.avif\",\"datePublished\":\"2025-06-22T16:41:52+00:00\",\"dateModified\":\"2026-02-18T09:40:29+00:00\",\"breadcrumb\":{\"@id\":\"https:\\\/\\\/www.tauroessiccatori.com\\\/es\\\/essiccatori-professionali\\\/b-master-plus\\\/#breadcrumb\"},\"inLanguage\":\"es\",\"potentialAction\":[{\"@type\":\"ReadAction\",\"target\":[\"https:\\\/\\\/www.tauroessiccatori.com\\\/es\\\/essiccatori-professionali\\\/b-master-plus\\\/\"]}]},{\"@type\":\"ImageObject\",\"inLanguage\":\"es\",\"@id\":\"https:\\\/\\\/www.tauroessiccatori.com\\\/es\\\/essiccatori-professionali\\\/b-master-plus\\\/#primaryimage\",\"url\":\"https:\\\/\\\/www.tauroessiccatori.com\\\/wp-content\\\/uploads\\\/2025\\\/10\\\/W_BMP_TWE15_WORKER_05C-2-scaled.avif\",\"contentUrl\":\"https:\\\/\\\/www.tauroessiccatori.com\\\/wp-content\\\/uploads\\\/2025\\\/10\\\/W_BMP_TWE15_WORKER_05C-2-scaled.avif\",\"width\":2560,\"height\":1707},{\"@type\":\"BreadcrumbList\",\"@id\":\"https:\\\/\\\/www.tauroessiccatori.com\\\/es\\\/essiccatori-professionali\\\/b-master-plus\\\/#breadcrumb\",\"itemListElement\":[{\"@type\":\"ListItem\",\"position\":1,\"name\":\"Home\",\"item\":\"https:\\\/\\\/www.tauroessiccatori.com\\\/\"},{\"@type\":\"ListItem\",\"position\":2,\"name\":\"Essiccatori Professionali\",\"item\":\"https:\\\/\\\/www.tauroessiccatori.com\\\/essiccatori-professionali\\\/\"},{\"@type\":\"ListItem\",\"position\":3,\"name\":\"B.Master PLUS\"}]},{\"@type\":\"WebSite\",\"@id\":\"https:\\\/\\\/www.tauroessiccatori.com\\\/es\\\/#website\",\"url\":\"https:\\\/\\\/www.tauroessiccatori.com\\\/es\\\/\",\"name\":\"Tauro Essiccatori\",\"description\":\"Da pi\u00f9 di trent\u2019anni, i migliori sistemi di essiccazione.\",\"publisher\":{\"@id\":\"https:\\\/\\\/www.tauroessiccatori.com\\\/es\\\/#organization\"},\"alternateName\":\"Tauro\",\"potentialAction\":[{\"@type\":\"SearchAction\",\"target\":{\"@type\":\"EntryPoint\",\"urlTemplate\":\"https:\\\/\\\/www.tauroessiccatori.com\\\/es\\\/?s={search_term_string}\"},\"query-input\":{\"@type\":\"PropertyValueSpecification\",\"valueRequired\":true,\"valueName\":\"search_term_string\"}}],\"inLanguage\":\"es\"},{\"@type\":\"Organization\",\"@id\":\"https:\\\/\\\/www.tauroessiccatori.com\\\/es\\\/#organization\",\"name\":\"Tauro Essiccatori\",\"alternateName\":\"Tauro Essiccatori srl unipersonale\",\"url\":\"https:\\\/\\\/www.tauroessiccatori.com\\\/es\\\/\",\"logo\":{\"@type\":\"ImageObject\",\"inLanguage\":\"es\",\"@id\":\"https:\\\/\\\/www.tauroessiccatori.com\\\/es\\\/#\\\/schema\\\/logo\\\/image\\\/\",\"url\":\"https:\\\/\\\/www.tauroessiccatori.com\\\/wp-content\\\/uploads\\\/2026\\\/01\\\/tauro.avif\",\"contentUrl\":\"https:\\\/\\\/www.tauroessiccatori.com\\\/wp-content\\\/uploads\\\/2026\\\/01\\\/tauro.avif\",\"width\":360,\"height\":360,\"caption\":\"Tauro Essiccatori\"},\"image\":{\"@id\":\"https:\\\/\\\/www.tauroessiccatori.com\\\/es\\\/#\\\/schema\\\/logo\\\/image\\\/\"},\"sameAs\":[\"https:\\\/\\\/www.facebook.com\\\/tauroessiccatori\"]}]}<\/script>\n<!-- \/ Yoast SEO plugin. -->","yoast_head_json":{"title":"B.Master PLUS \u00bb Secadores Tauro","robots":{"index":"index","follow":"follow","max-snippet":"max-snippet:-1","max-image-preview":"max-image-preview:large","max-video-preview":"max-video-preview:-1"},"canonical":"https:\/\/www.tauroessiccatori.com\/es\/secadores-profesionales\/b-master-plus\/","og_locale":"es_ES","og_type":"article","og_title":"B.Master PLUS &#187; Tauro Essiccatori","og_description":"Potenza e delicatezza, versatile, affidabile e perfetto per ogni produzione. B.Master PLUS f\u00e0 del valore aggiunto il punto di forza della tua attivit\u00e0. Con tutta la tecnologia Tauro.","og_url":"https:\/\/www.tauroessiccatori.com\/es\/secadores-profesionales\/b-master-plus\/","og_site_name":"Tauro Essiccatori","article_publisher":"https:\/\/www.facebook.com\/tauroessiccatori","article_modified_time":"2026-02-18T09:40:29+00:00","og_image":[{"width":2560,"height":1707,"url":"https:\/\/www.tauroessiccatori.com\/wp-content\/uploads\/2025\/10\/W_BMP_TWE15_WORKER_05C-2-scaled.jpeg","type":"image\/jpeg"}],"twitter_card":"summary_large_image","schema":{"@context":"https:\/\/schema.org","@graph":[{"@type":"WebPage","@id":"https:\/\/www.tauroessiccatori.com\/es\/essiccatori-professionali\/b-master-plus\/","url":"https:\/\/www.tauroessiccatori.com\/es\/essiccatori-professionali\/b-master-plus\/","name":"B.Master PLUS \u00bb Secadores Tauro","isPartOf":{"@id":"https:\/\/www.tauroessiccatori.com\/es\/#website"},"primaryImageOfPage":{"@id":"https:\/\/www.tauroessiccatori.com\/es\/essiccatori-professionali\/b-master-plus\/#primaryimage"},"image":{"@id":"https:\/\/www.tauroessiccatori.com\/es\/essiccatori-professionali\/b-master-plus\/#primaryimage"},"thumbnailUrl":"https:\/\/www.tauroessiccatori.com\/wp-content\/uploads\/2025\/10\/W_BMP_TWE15_WORKER_05C-2-scaled.avif","datePublished":"2025-06-22T16:41:52+00:00","dateModified":"2026-02-18T09:40:29+00:00","breadcrumb":{"@id":"https:\/\/www.tauroessiccatori.com\/es\/essiccatori-professionali\/b-master-plus\/#breadcrumb"},"inLanguage":"es","potentialAction":[{"@type":"ReadAction","target":["https:\/\/www.tauroessiccatori.com\/es\/essiccatori-professionali\/b-master-plus\/"]}]},{"@type":"ImageObject","inLanguage":"es","@id":"https:\/\/www.tauroessiccatori.com\/es\/essiccatori-professionali\/b-master-plus\/#primaryimage","url":"https:\/\/www.tauroessiccatori.com\/wp-content\/uploads\/2025\/10\/W_BMP_TWE15_WORKER_05C-2-scaled.avif","contentUrl":"https:\/\/www.tauroessiccatori.com\/wp-content\/uploads\/2025\/10\/W_BMP_TWE15_WORKER_05C-2-scaled.avif","width":2560,"height":1707},{"@type":"BreadcrumbList","@id":"https:\/\/www.tauroessiccatori.com\/es\/essiccatori-professionali\/b-master-plus\/#breadcrumb","itemListElement":[{"@type":"ListItem","position":1,"name":"Home","item":"https:\/\/www.tauroessiccatori.com\/"},{"@type":"ListItem","position":2,"name":"Essiccatori Professionali","item":"https:\/\/www.tauroessiccatori.com\/essiccatori-professionali\/"},{"@type":"ListItem","position":3,"name":"B.Master PLUS"}]},{"@type":"WebSite","@id":"https:\/\/www.tauroessiccatori.com\/es\/#website","url":"https:\/\/www.tauroessiccatori.com\/es\/","name":"Secadoras Tauro","description":"Desde hace m\u00e1s de 30 a\u00f1os, los mejores sistemas de secado.","publisher":{"@id":"https:\/\/www.tauroessiccatori.com\/es\/#organization"},"alternateName":"Tauro","potentialAction":[{"@type":"SearchAction","target":{"@type":"EntryPoint","urlTemplate":"https:\/\/www.tauroessiccatori.com\/es\/?s={search_term_string}"},"query-input":{"@type":"PropertyValueSpecification","valueRequired":true,"valueName":"search_term_string"}}],"inLanguage":"es"},{"@type":"Organization","@id":"https:\/\/www.tauroessiccatori.com\/es\/#organization","name":"Secadoras Tauro","alternateName":"Tauro Essiccatori srl unipersonale","url":"https:\/\/www.tauroessiccatori.com\/es\/","logo":{"@type":"ImageObject","inLanguage":"es","@id":"https:\/\/www.tauroessiccatori.com\/es\/#\/schema\/logo\/image\/","url":"https:\/\/www.tauroessiccatori.com\/wp-content\/uploads\/2026\/01\/tauro.avif","contentUrl":"https:\/\/www.tauroessiccatori.com\/wp-content\/uploads\/2026\/01\/tauro.avif","width":360,"height":360,"caption":"Tauro Essiccatori"},"image":{"@id":"https:\/\/www.tauroessiccatori.com\/es\/#\/schema\/logo\/image\/"},"sameAs":["https:\/\/www.facebook.com\/tauroessiccatori"]}]}},"_links":{"self":[{"href":"https:\/\/www.tauroessiccatori.com\/es\/wp-json\/wp\/v2\/pages\/490","targetHints":{"allow":["GET"]}}],"collection":[{"href":"https:\/\/www.tauroessiccatori.com\/es\/wp-json\/wp\/v2\/pages"}],"about":[{"href":"https:\/\/www.tauroessiccatori.com\/es\/wp-json\/wp\/v2\/types\/page"}],"author":[{"embeddable":true,"href":"https:\/\/www.tauroessiccatori.com\/es\/wp-json\/wp\/v2\/users\/1"}],"replies":[{"embeddable":true,"href":"https:\/\/www.tauroessiccatori.com\/es\/wp-json\/wp\/v2\/comments?post=490"}],"version-history":[{"count":10,"href":"https:\/\/www.tauroessiccatori.com\/es\/wp-json\/wp\/v2\/pages\/490\/revisions"}],"predecessor-version":[{"id":170702,"href":"https:\/\/www.tauroessiccatori.com\/es\/wp-json\/wp\/v2\/pages\/490\/revisions\/170702"}],"up":[{"embeddable":true,"href":"https:\/\/www.tauroessiccatori.com\/es\/wp-json\/wp\/v2\/pages\/10"}],"wp:featuredmedia":[{"embeddable":true,"href":"https:\/\/www.tauroessiccatori.com\/es\/wp-json\/wp\/v2\/media\/165957"}],"wp:attachment":[{"href":"https:\/\/www.tauroessiccatori.com\/es\/wp-json\/wp\/v2\/media?parent=490"}],"curies":[{"name":"wp","href":"https:\/\/api.w.org\/{rel}","templated":true}]}}