{"id":166258,"date":"2026-01-15T11:42:16","date_gmt":"2026-01-15T10:42:16","guid":{"rendered":"https:\/\/tauroessiccatori.com\/?page_id=166258"},"modified":"2026-03-14T11:19:50","modified_gmt":"2026-03-14T10:19:50","slug":"garantia","status":"publish","type":"page","link":"https:\/\/www.tauroessiccatori.com\/es\/garanzia\/","title":{"rendered":"Garant\u00eda"},"content":{"rendered":"<p><img loading=\"lazy\" decoding=\"async\" class=\"alignnone wp-image-166259 size-large\" src=\"https:\/\/tauroessiccatori.com\/wp-content\/uploads\/2026\/01\/garanzia-banner-1024x261.jpg\" alt=\"\" width=\"1024\" height=\"261\" \/><\/p>","protected":false},"excerpt":{"rendered":"","protected":false},"author":1,"featured_media":0,"parent":0,"menu_order":68,"comment_status":"closed","ping_status":"closed","template":"","meta":{"_acf_changed":false,"footnotes":""},"class_list":["post-166258","page","type-page","status-publish","hentry"],"acf":[],"yoast_head":"<!-- This site is optimized with the Yoast SEO plugin v27.5 - https:\/\/yoast.com\/product\/yoast-seo-wordpress\/ -->\n<title>Estensione Garanzia Biosec &#187; Tauro Essiccatori<\/title>\n<meta name=\"description\" content=\"Registratie ottieni subito l&#039;estensione di 1 anno della garanzia del tuo Biosec.\" \/>\n<meta name=\"robots\" content=\"index, follow, max-snippet:-1, max-image-preview:large, max-video-preview:-1\" \/>\n<link rel=\"canonical\" href=\"https:\/\/www.tauroessiccatori.com\/es\/garantia\/\" \/>\n<meta property=\"og:locale\" content=\"es_ES\" \/>\n<meta property=\"og:type\" content=\"article\" \/>\n<meta property=\"og:title\" content=\"Estensione Garanzia Biosec &#187; Tauro Essiccatori\" \/>\n<meta property=\"og:description\" content=\"Registratie ottieni subito l&#039;estensione di 1 anno della garanzia del tuo Biosec.\" \/>\n<meta property=\"og:url\" content=\"https:\/\/www.tauroessiccatori.com\/es\/garantia\/\" \/>\n<meta property=\"og:site_name\" content=\"Tauro Essiccatori\" \/>\n<meta property=\"article:publisher\" content=\"https:\/\/www.facebook.com\/tauroessiccatori\" \/>\n<meta property=\"article:modified_time\" content=\"2026-03-14T10:19:50+00:00\" \/>\n<meta name=\"twitter:card\" content=\"summary_large_image\" \/>\n<script type=\"application\/ld+json\" class=\"yoast-schema-graph\">{\"@context\":\"https:\\\/\\\/schema.org\",\"@graph\":[{\"@type\":\"WebPage\",\"@id\":\"https:\\\/\\\/www.tauroessiccatori.com\\\/es\\\/garanzia\\\/\",\"url\":\"https:\\\/\\\/www.tauroessiccatori.com\\\/es\\\/garanzia\\\/\",\"name\":\"Estensione Garanzia Biosec &#187; Tauro Essiccatori\",\"isPartOf\":{\"@id\":\"https:\\\/\\\/www.tauroessiccatori.com\\\/es\\\/#website\"},\"primaryImageOfPage\":{\"@id\":\"https:\\\/\\\/www.tauroessiccatori.com\\\/es\\\/garanzia\\\/#primaryimage\"},\"image\":{\"@id\":\"https:\\\/\\\/www.tauroessiccatori.com\\\/es\\\/garanzia\\\/#primaryimage\"},\"thumbnailUrl\":\"https:\\\/\\\/tauroessiccatori.com\\\/wp-content\\\/uploads\\\/2026\\\/01\\\/garanzia-banner-1024x261.jpg\",\"datePublished\":\"2026-01-15T10:42:16+00:00\",\"dateModified\":\"2026-03-14T10:19:50+00:00\",\"description\":\"Registratie ottieni subito l'estensione di 1 anno della garanzia del tuo Biosec.\",\"breadcrumb\":{\"@id\":\"https:\\\/\\\/www.tauroessiccatori.com\\\/es\\\/garanzia\\\/#breadcrumb\"},\"inLanguage\":\"es\",\"potentialAction\":[{\"@type\":\"ReadAction\",\"target\":[\"https:\\\/\\\/www.tauroessiccatori.com\\\/es\\\/garanzia\\\/\"]}]},{\"@type\":\"ImageObject\",\"inLanguage\":\"es\",\"@id\":\"https:\\\/\\\/www.tauroessiccatori.com\\\/es\\\/garanzia\\\/#primaryimage\",\"url\":\"https:\\\/\\\/tauroessiccatori.com\\\/wp-content\\\/uploads\\\/2026\\\/01\\\/garanzia-banner-1024x261.jpg\",\"contentUrl\":\"https:\\\/\\\/tauroessiccatori.com\\\/wp-content\\\/uploads\\\/2026\\\/01\\\/garanzia-banner-1024x261.jpg\"},{\"@type\":\"BreadcrumbList\",\"@id\":\"https:\\\/\\\/www.tauroessiccatori.com\\\/es\\\/garanzia\\\/#breadcrumb\",\"itemListElement\":[{\"@type\":\"ListItem\",\"position\":1,\"name\":\"Home\",\"item\":\"https:\\\/\\\/www.tauroessiccatori.com\\\/\"},{\"@type\":\"ListItem\",\"position\":2,\"name\":\"Garanzia\"}]},{\"@type\":\"WebSite\",\"@id\":\"https:\\\/\\\/www.tauroessiccatori.com\\\/es\\\/#website\",\"url\":\"https:\\\/\\\/www.tauroessiccatori.com\\\/es\\\/\",\"name\":\"Tauro Essiccatori\",\"description\":\"Da pi\u00f9 di trent\u2019anni, i migliori sistemi di essiccazione.\",\"publisher\":{\"@id\":\"https:\\\/\\\/www.tauroessiccatori.com\\\/es\\\/#organization\"},\"alternateName\":\"Tauro\",\"potentialAction\":[{\"@type\":\"SearchAction\",\"target\":{\"@type\":\"EntryPoint\",\"urlTemplate\":\"https:\\\/\\\/www.tauroessiccatori.com\\\/es\\\/?s={search_term_string}\"},\"query-input\":{\"@type\":\"PropertyValueSpecification\",\"valueRequired\":true,\"valueName\":\"search_term_string\"}}],\"inLanguage\":\"es\"},{\"@type\":\"Organization\",\"@id\":\"https:\\\/\\\/www.tauroessiccatori.com\\\/es\\\/#organization\",\"name\":\"Tauro Essiccatori\",\"alternateName\":\"Tauro Essiccatori srl unipersonale\",\"url\":\"https:\\\/\\\/www.tauroessiccatori.com\\\/es\\\/\",\"logo\":{\"@type\":\"ImageObject\",\"inLanguage\":\"es\",\"@id\":\"https:\\\/\\\/www.tauroessiccatori.com\\\/es\\\/#\\\/schema\\\/logo\\\/image\\\/\",\"url\":\"https:\\\/\\\/www.tauroessiccatori.com\\\/wp-content\\\/uploads\\\/2026\\\/01\\\/tauro.avif\",\"contentUrl\":\"https:\\\/\\\/www.tauroessiccatori.com\\\/wp-content\\\/uploads\\\/2026\\\/01\\\/tauro.avif\",\"width\":360,\"height\":360,\"caption\":\"Tauro Essiccatori\"},\"image\":{\"@id\":\"https:\\\/\\\/www.tauroessiccatori.com\\\/es\\\/#\\\/schema\\\/logo\\\/image\\\/\"},\"sameAs\":[\"https:\\\/\\\/www.facebook.com\\\/tauroessiccatori\"]}]}<\/script>\n<!-- \/ Yoast SEO plugin. -->","yoast_head_json":{"title":"Ampliaci\u00f3n de la garant\u00eda Biosec \u00bb Secadores Tauro","description":"Reg\u00edstrese y obtenga ahora su extensi\u00f3n de garant\u00eda de 1 a\u00f1o de Biosec.","robots":{"index":"index","follow":"follow","max-snippet":"max-snippet:-1","max-image-preview":"max-image-preview:large","max-video-preview":"max-video-preview:-1"},"canonical":"https:\/\/www.tauroessiccatori.com\/es\/garantia\/","og_locale":"es_ES","og_type":"article","og_title":"Estensione Garanzia Biosec &#187; Tauro Essiccatori","og_description":"Registratie ottieni subito l'estensione di 1 anno della garanzia del tuo Biosec.","og_url":"https:\/\/www.tauroessiccatori.com\/es\/garantia\/","og_site_name":"Tauro Essiccatori","article_publisher":"https:\/\/www.facebook.com\/tauroessiccatori","article_modified_time":"2026-03-14T10:19:50+00:00","twitter_card":"summary_large_image","schema":{"@context":"https:\/\/schema.org","@graph":[{"@type":"WebPage","@id":"https:\/\/www.tauroessiccatori.com\/es\/garanzia\/","url":"https:\/\/www.tauroessiccatori.com\/es\/garanzia\/","name":"Ampliaci\u00f3n de la garant\u00eda Biosec \u00bb Secadores Tauro","isPartOf":{"@id":"https:\/\/www.tauroessiccatori.com\/es\/#website"},"primaryImageOfPage":{"@id":"https:\/\/www.tauroessiccatori.com\/es\/garanzia\/#primaryimage"},"image":{"@id":"https:\/\/www.tauroessiccatori.com\/es\/garanzia\/#primaryimage"},"thumbnailUrl":"https:\/\/tauroessiccatori.com\/wp-content\/uploads\/2026\/01\/garanzia-banner-1024x261.jpg","datePublished":"2026-01-15T10:42:16+00:00","dateModified":"2026-03-14T10:19:50+00:00","description":"Reg\u00edstrese y obtenga ahora su extensi\u00f3n de garant\u00eda de 1 a\u00f1o de Biosec.","breadcrumb":{"@id":"https:\/\/www.tauroessiccatori.com\/es\/garanzia\/#breadcrumb"},"inLanguage":"es","potentialAction":[{"@type":"ReadAction","target":["https:\/\/www.tauroessiccatori.com\/es\/garanzia\/"]}]},{"@type":"ImageObject","inLanguage":"es","@id":"https:\/\/www.tauroessiccatori.com\/es\/garanzia\/#primaryimage","url":"https:\/\/tauroessiccatori.com\/wp-content\/uploads\/2026\/01\/garanzia-banner-1024x261.jpg","contentUrl":"https:\/\/tauroessiccatori.com\/wp-content\/uploads\/2026\/01\/garanzia-banner-1024x261.jpg"},{"@type":"BreadcrumbList","@id":"https:\/\/www.tauroessiccatori.com\/es\/garanzia\/#breadcrumb","itemListElement":[{"@type":"ListItem","position":1,"name":"Home","item":"https:\/\/www.tauroessiccatori.com\/"},{"@type":"ListItem","position":2,"name":"Garanzia"}]},{"@type":"WebSite","@id":"https:\/\/www.tauroessiccatori.com\/es\/#website","url":"https:\/\/www.tauroessiccatori.com\/es\/","name":"Secadoras Tauro","description":"Desde hace m\u00e1s de 30 a\u00f1os, los mejores sistemas de secado.","publisher":{"@id":"https:\/\/www.tauroessiccatori.com\/es\/#organization"},"alternateName":"Tauro","potentialAction":[{"@type":"SearchAction","target":{"@type":"EntryPoint","urlTemplate":"https:\/\/www.tauroessiccatori.com\/es\/?s={search_term_string}"},"query-input":{"@type":"PropertyValueSpecification","valueRequired":true,"valueName":"search_term_string"}}],"inLanguage":"es"},{"@type":"Organization","@id":"https:\/\/www.tauroessiccatori.com\/es\/#organization","name":"Secadoras Tauro","alternateName":"Tauro Essiccatori srl unipersonale","url":"https:\/\/www.tauroessiccatori.com\/es\/","logo":{"@type":"ImageObject","inLanguage":"es","@id":"https:\/\/www.tauroessiccatori.com\/es\/#\/schema\/logo\/image\/","url":"https:\/\/www.tauroessiccatori.com\/wp-content\/uploads\/2026\/01\/tauro.avif","contentUrl":"https:\/\/www.tauroessiccatori.com\/wp-content\/uploads\/2026\/01\/tauro.avif","width":360,"height":360,"caption":"Tauro Essiccatori"},"image":{"@id":"https:\/\/www.tauroessiccatori.com\/es\/#\/schema\/logo\/image\/"},"sameAs":["https:\/\/www.facebook.com\/tauroessiccatori"]}]}},"_links":{"self":[{"href":"https:\/\/www.tauroessiccatori.com\/es\/wp-json\/wp\/v2\/pages\/166258","targetHints":{"allow":["GET"]}}],"collection":[{"href":"https:\/\/www.tauroessiccatori.com\/es\/wp-json\/wp\/v2\/pages"}],"about":[{"href":"https:\/\/www.tauroessiccatori.com\/es\/wp-json\/wp\/v2\/types\/page"}],"author":[{"embeddable":true,"href":"https:\/\/www.tauroessiccatori.com\/es\/wp-json\/wp\/v2\/users\/1"}],"replies":[{"embeddable":true,"href":"https:\/\/www.tauroessiccatori.com\/es\/wp-json\/wp\/v2\/comments?post=166258"}],"version-history":[{"count":1,"href":"https:\/\/www.tauroessiccatori.com\/es\/wp-json\/wp\/v2\/pages\/166258\/revisions"}],"predecessor-version":[{"id":166260,"href":"https:\/\/www.tauroessiccatori.com\/es\/wp-json\/wp\/v2\/pages\/166258\/revisions\/166260"}],"wp:attachment":[{"href":"https:\/\/www.tauroessiccatori.com\/es\/wp-json\/wp\/v2\/media?parent=166258"}],"curies":[{"name":"wp","href":"https:\/\/api.w.org\/{rel}","templated":true}]}}