{"id":166109,"date":"2026-01-08T15:43:19","date_gmt":"2026-01-08T14:43:19","guid":{"rendered":"https:\/\/tauroessiccatori.com\/?page_id=166109"},"modified":"2026-02-19T17:58:02","modified_gmt":"2026-02-19T16:58:02","slug":"nuestros-tutoriales","status":"publish","type":"page","link":"https:\/\/www.tauroessiccatori.com\/es\/i-nostri-tutorial\/","title":{"rendered":"Nuestros tutoriales"},"content":{"rendered":"<p>\u00a1Un mont\u00f3n de v\u00eddeos s\u00f3lo para ti! Las recetas b\u00e1sicas, los tentempi\u00e9s m\u00e1s sabrosos, las preparaciones antidesperdicio. Si no sabes por d\u00f3nde empezar o buscas ideas divertidas e innovadoras, \u00a1empieza por aqu\u00ed! Algunos v\u00eddeos requieren grabaci\u00f3n: basta con un <span style=\"color: #ff6600;\"><strong><a style=\"color: #ff6600;\" href=\"#richiedi_tutorial\">haga clic en<\/a>!<\/strong><\/span><\/p>","protected":false},"excerpt":{"rendered":"<p>Tanti video pensati apposta per te! Le ricette base, gli snack pi\u00f9 golosi, i preparati antispreco. Se non sai da [&hellip;]<\/p>\n","protected":false},"author":1,"featured_media":0,"parent":0,"menu_order":12,"comment_status":"closed","ping_status":"closed","template":"","meta":{"_acf_changed":false,"footnotes":""},"class_list":["post-166109","page","type-page","status-publish","hentry"],"acf":[],"yoast_head":"<!-- This site is optimized with the Yoast SEO plugin v27.4 - https:\/\/yoast.com\/product\/yoast-seo-wordpress\/ -->\n<title>I Nostri Tutorial &#187; Tauro Essiccatori<\/title>\n<meta name=\"description\" content=\"Fatti ispirare con video ricette, consigli e idee per essiccare frutta, verdura, pasta e tanto altro.\" \/>\n<meta name=\"robots\" content=\"index, follow, max-snippet:-1, max-image-preview:large, max-video-preview:-1\" \/>\n<link rel=\"canonical\" href=\"https:\/\/www.tauroessiccatori.com\/es\/nuestros-tutoriales\/\" \/>\n<meta property=\"og:locale\" content=\"es_ES\" \/>\n<meta property=\"og:type\" content=\"article\" \/>\n<meta property=\"og:title\" content=\"I Nostri Tutorial &#187; Tauro Essiccatori\" \/>\n<meta property=\"og:description\" content=\"Fatti ispirare con video ricette, consigli e idee per essiccare frutta, verdura, pasta e tanto altro.\" \/>\n<meta property=\"og:url\" content=\"https:\/\/www.tauroessiccatori.com\/es\/nuestros-tutoriales\/\" \/>\n<meta property=\"og:site_name\" content=\"Tauro Essiccatori\" \/>\n<meta property=\"article:publisher\" content=\"https:\/\/www.facebook.com\/tauroessiccatori\" \/>\n<meta property=\"article:modified_time\" content=\"2026-02-19T16:58:02+00:00\" \/>\n<meta name=\"twitter:card\" content=\"summary_large_image\" \/>\n<script type=\"application\/ld+json\" class=\"yoast-schema-graph\">{\"@context\":\"https:\\\/\\\/schema.org\",\"@graph\":[{\"@type\":\"WebPage\",\"@id\":\"https:\\\/\\\/www.tauroessiccatori.com\\\/es\\\/i-nostri-tutorial\\\/\",\"url\":\"https:\\\/\\\/www.tauroessiccatori.com\\\/es\\\/i-nostri-tutorial\\\/\",\"name\":\"I Nostri Tutorial &#187; Tauro Essiccatori\",\"isPartOf\":{\"@id\":\"https:\\\/\\\/www.tauroessiccatori.com\\\/es\\\/#website\"},\"datePublished\":\"2026-01-08T14:43:19+00:00\",\"dateModified\":\"2026-02-19T16:58:02+00:00\",\"description\":\"Fatti ispirare con video ricette, consigli e idee per essiccare frutta, verdura, pasta e tanto altro.\",\"breadcrumb\":{\"@id\":\"https:\\\/\\\/www.tauroessiccatori.com\\\/es\\\/i-nostri-tutorial\\\/#breadcrumb\"},\"inLanguage\":\"es\",\"potentialAction\":[{\"@type\":\"ReadAction\",\"target\":[\"https:\\\/\\\/www.tauroessiccatori.com\\\/es\\\/i-nostri-tutorial\\\/\"]}]},{\"@type\":\"BreadcrumbList\",\"@id\":\"https:\\\/\\\/www.tauroessiccatori.com\\\/es\\\/i-nostri-tutorial\\\/#breadcrumb\",\"itemListElement\":[{\"@type\":\"ListItem\",\"position\":1,\"name\":\"Home\",\"item\":\"https:\\\/\\\/www.tauroessiccatori.com\\\/\"},{\"@type\":\"ListItem\",\"position\":2,\"name\":\"I Nostri Tutorial\"}]},{\"@type\":\"WebSite\",\"@id\":\"https:\\\/\\\/www.tauroessiccatori.com\\\/es\\\/#website\",\"url\":\"https:\\\/\\\/www.tauroessiccatori.com\\\/es\\\/\",\"name\":\"Tauro Essiccatori\",\"description\":\"Da pi\u00f9 di trent\u2019anni, i migliori sistemi di essiccazione.\",\"publisher\":{\"@id\":\"https:\\\/\\\/www.tauroessiccatori.com\\\/es\\\/#organization\"},\"alternateName\":\"Tauro\",\"potentialAction\":[{\"@type\":\"SearchAction\",\"target\":{\"@type\":\"EntryPoint\",\"urlTemplate\":\"https:\\\/\\\/www.tauroessiccatori.com\\\/es\\\/?s={search_term_string}\"},\"query-input\":{\"@type\":\"PropertyValueSpecification\",\"valueRequired\":true,\"valueName\":\"search_term_string\"}}],\"inLanguage\":\"es\"},{\"@type\":\"Organization\",\"@id\":\"https:\\\/\\\/www.tauroessiccatori.com\\\/es\\\/#organization\",\"name\":\"Tauro Essiccatori\",\"alternateName\":\"Tauro Essiccatori srl unipersonale\",\"url\":\"https:\\\/\\\/www.tauroessiccatori.com\\\/es\\\/\",\"logo\":{\"@type\":\"ImageObject\",\"inLanguage\":\"es\",\"@id\":\"https:\\\/\\\/www.tauroessiccatori.com\\\/es\\\/#\\\/schema\\\/logo\\\/image\\\/\",\"url\":\"https:\\\/\\\/www.tauroessiccatori.com\\\/wp-content\\\/uploads\\\/2026\\\/01\\\/tauro.avif\",\"contentUrl\":\"https:\\\/\\\/www.tauroessiccatori.com\\\/wp-content\\\/uploads\\\/2026\\\/01\\\/tauro.avif\",\"width\":360,\"height\":360,\"caption\":\"Tauro Essiccatori\"},\"image\":{\"@id\":\"https:\\\/\\\/www.tauroessiccatori.com\\\/es\\\/#\\\/schema\\\/logo\\\/image\\\/\"},\"sameAs\":[\"https:\\\/\\\/www.facebook.com\\\/tauroessiccatori\"]}]}<\/script>\n<!-- \/ Yoast SEO plugin. -->","yoast_head_json":{"title":"Nuestros tutoriales \u00bb Secadores Tauro","description":"Insp\u00edrese con recetas en v\u00eddeo, consejos e ideas para secar fruta, verdura, pasta y mucho m\u00e1s.","robots":{"index":"index","follow":"follow","max-snippet":"max-snippet:-1","max-image-preview":"max-image-preview:large","max-video-preview":"max-video-preview:-1"},"canonical":"https:\/\/www.tauroessiccatori.com\/es\/nuestros-tutoriales\/","og_locale":"es_ES","og_type":"article","og_title":"I Nostri Tutorial &#187; Tauro Essiccatori","og_description":"Fatti ispirare con video ricette, consigli e idee per essiccare frutta, verdura, pasta e tanto altro.","og_url":"https:\/\/www.tauroessiccatori.com\/es\/nuestros-tutoriales\/","og_site_name":"Tauro Essiccatori","article_publisher":"https:\/\/www.facebook.com\/tauroessiccatori","article_modified_time":"2026-02-19T16:58:02+00:00","twitter_card":"summary_large_image","schema":{"@context":"https:\/\/schema.org","@graph":[{"@type":"WebPage","@id":"https:\/\/www.tauroessiccatori.com\/es\/i-nostri-tutorial\/","url":"https:\/\/www.tauroessiccatori.com\/es\/i-nostri-tutorial\/","name":"Nuestros tutoriales \u00bb Secadores Tauro","isPartOf":{"@id":"https:\/\/www.tauroessiccatori.com\/es\/#website"},"datePublished":"2026-01-08T14:43:19+00:00","dateModified":"2026-02-19T16:58:02+00:00","description":"Insp\u00edrese con recetas en v\u00eddeo, consejos e ideas para secar fruta, verdura, pasta y mucho m\u00e1s.","breadcrumb":{"@id":"https:\/\/www.tauroessiccatori.com\/es\/i-nostri-tutorial\/#breadcrumb"},"inLanguage":"es","potentialAction":[{"@type":"ReadAction","target":["https:\/\/www.tauroessiccatori.com\/es\/i-nostri-tutorial\/"]}]},{"@type":"BreadcrumbList","@id":"https:\/\/www.tauroessiccatori.com\/es\/i-nostri-tutorial\/#breadcrumb","itemListElement":[{"@type":"ListItem","position":1,"name":"Home","item":"https:\/\/www.tauroessiccatori.com\/"},{"@type":"ListItem","position":2,"name":"I Nostri Tutorial"}]},{"@type":"WebSite","@id":"https:\/\/www.tauroessiccatori.com\/es\/#website","url":"https:\/\/www.tauroessiccatori.com\/es\/","name":"Secadoras Tauro","description":"Desde hace m\u00e1s de 30 a\u00f1os, los mejores sistemas de secado.","publisher":{"@id":"https:\/\/www.tauroessiccatori.com\/es\/#organization"},"alternateName":"Tauro","potentialAction":[{"@type":"SearchAction","target":{"@type":"EntryPoint","urlTemplate":"https:\/\/www.tauroessiccatori.com\/es\/?s={search_term_string}"},"query-input":{"@type":"PropertyValueSpecification","valueRequired":true,"valueName":"search_term_string"}}],"inLanguage":"es"},{"@type":"Organization","@id":"https:\/\/www.tauroessiccatori.com\/es\/#organization","name":"Secadoras Tauro","alternateName":"Tauro Essiccatori srl unipersonale","url":"https:\/\/www.tauroessiccatori.com\/es\/","logo":{"@type":"ImageObject","inLanguage":"es","@id":"https:\/\/www.tauroessiccatori.com\/es\/#\/schema\/logo\/image\/","url":"https:\/\/www.tauroessiccatori.com\/wp-content\/uploads\/2026\/01\/tauro.avif","contentUrl":"https:\/\/www.tauroessiccatori.com\/wp-content\/uploads\/2026\/01\/tauro.avif","width":360,"height":360,"caption":"Tauro Essiccatori"},"image":{"@id":"https:\/\/www.tauroessiccatori.com\/es\/#\/schema\/logo\/image\/"},"sameAs":["https:\/\/www.facebook.com\/tauroessiccatori"]}]}},"_links":{"self":[{"href":"https:\/\/www.tauroessiccatori.com\/es\/wp-json\/wp\/v2\/pages\/166109","targetHints":{"allow":["GET"]}}],"collection":[{"href":"https:\/\/www.tauroessiccatori.com\/es\/wp-json\/wp\/v2\/pages"}],"about":[{"href":"https:\/\/www.tauroessiccatori.com\/es\/wp-json\/wp\/v2\/types\/page"}],"author":[{"embeddable":true,"href":"https:\/\/www.tauroessiccatori.com\/es\/wp-json\/wp\/v2\/users\/1"}],"replies":[{"embeddable":true,"href":"https:\/\/www.tauroessiccatori.com\/es\/wp-json\/wp\/v2\/comments?post=166109"}],"version-history":[{"count":7,"href":"https:\/\/www.tauroessiccatori.com\/es\/wp-json\/wp\/v2\/pages\/166109\/revisions"}],"predecessor-version":[{"id":166121,"href":"https:\/\/www.tauroessiccatori.com\/es\/wp-json\/wp\/v2\/pages\/166109\/revisions\/166121"}],"wp:attachment":[{"href":"https:\/\/www.tauroessiccatori.com\/es\/wp-json\/wp\/v2\/media?parent=166109"}],"curies":[{"name":"wp","href":"https:\/\/api.w.org\/{rel}","templated":true}]}}