{"id":166069,"date":"2025-12-30T10:16:48","date_gmt":"2025-12-30T09:16:48","guid":{"rendered":"https:\/\/tauroessiccatori.com\/?page_id=166069"},"modified":"2026-01-19T12:19:45","modified_gmt":"2026-01-19T11:19:45","slug":"pagos","status":"publish","type":"page","link":"https:\/\/www.tauroessiccatori.com\/es\/essiccatori-domestici\/servizio-clienti\/pagamenti\/","title":{"rendered":"Pagos"},"content":{"rendered":"<p><strong>Tarjetas de cr\u00e9dito<\/strong><\/p>\n<p>Pague de forma f\u00e1cil y segura con su tarjeta de cr\u00e9dito a trav\u00e9s de Stripe. Se aceptan las siguientes tarjetas: MasterCard, Visa, PostePay y la mayor\u00eda de las tarjetas de prepago del mercado.<\/p>\n<p><strong>Circuito PayPal<\/strong><\/p>\n<p>PayPal se dise\u00f1\u00f3 desde cero para ser un sistema extremadamente fiable para realizar ingresos. Su informaci\u00f3n financiera confidencial se mantiene a salvo en los servidores de PayPal, donde puede gestionarla f\u00e1cilmente en un solo lugar. Esta comodidad es muy apreciada por quienes conocieron PayPal comprando o vendiendo en Ebay. Todas las transacciones est\u00e1n protegidas por la transmisi\u00f3n a trav\u00e9s de un canal SSL cifrado de 128 bits. Puede pagar con el dinero que ya tiene en su cuenta PayPal o con una tarjeta de pago. Los productos pagados con PayPal se enviar\u00e1n en un plazo de 2\/3 d\u00edas laborables.<\/p>\n<p><strong>Transferencia anticipada<\/strong><\/p>\n<p>Para pagar con esta modalidad efect\u00fae el ingreso del importe debido en la siguiente cuenta a nombre de Tauro Essiccatori Srl: c\u00f3digo IBAN IT87E0200860230000104739843 Aseg\u00farese de indicar el c\u00f3digo del pedido en el motivo de la transferencia. Los productos solicitados ser\u00e1n enviados dentro de 2\/3 d\u00edas laborables despu\u00e9s del abono en la cuenta.<\/p>\n<p><strong>Pago contra reembolso (s\u00f3lo para env\u00edos y facturaci\u00f3n en Italia)<\/strong><\/p>\n<p>En este caso, pagar\u00e1 directamente al mensajero cuando reciba los productos solicitados. El pago puede efectuarse en efectivo directamente al mensajero. Se recomienda preparar el importe exacto. El pago por cheque a nombre de Tauro Essiccatori Srl s\u00f3lo es posible previa notificaci\u00f3n a Tauro al mismo tiempo que el pedido. Esta forma de pago s\u00f3lo puede utilizarse para env\u00edos dentro de Italia. Los productos contra reembolso se enviar\u00e1n en un plazo de 2\/3 d\u00edas laborables a partir del pedido. El servicio contra reembolso tiene un coste de 6 euros.<\/p>","protected":false},"excerpt":{"rendered":"<p>Carte di credito Paga in modo facile e sicuro con la tua carta di credito attraverso Stripe. Sono accettate le [&hellip;]<\/p>\n","protected":false},"author":1,"featured_media":0,"parent":358,"menu_order":40,"comment_status":"closed","ping_status":"closed","template":"page-servizio-clienti.php","meta":{"_acf_changed":false,"footnotes":""},"class_list":["post-166069","page","type-page","status-publish","hentry"],"acf":[],"yoast_head":"<!-- This site is optimized with the Yoast SEO plugin v27.5 - https:\/\/yoast.com\/product\/yoast-seo-wordpress\/ -->\n<title>Pagamenti &#187; Tauro Essiccatori<\/title>\n<meta name=\"robots\" content=\"index, follow, max-snippet:-1, max-image-preview:large, max-video-preview:-1\" \/>\n<link rel=\"canonical\" href=\"https:\/\/www.tauroessiccatori.com\/es\/secadoras-domesticas\/atencion-al-cliente\/pagos\/\" \/>\n<meta property=\"og:locale\" content=\"es_ES\" \/>\n<meta property=\"og:type\" content=\"article\" \/>\n<meta property=\"og:title\" content=\"Pagamenti &#187; Tauro Essiccatori\" \/>\n<meta property=\"og:description\" content=\"Carte di credito Paga in modo facile e sicuro con la tua carta di credito attraverso Stripe. Sono accettate le [&hellip;]\" \/>\n<meta property=\"og:url\" content=\"https:\/\/www.tauroessiccatori.com\/es\/secadoras-domesticas\/atencion-al-cliente\/pagos\/\" \/>\n<meta property=\"og:site_name\" content=\"Tauro Essiccatori\" \/>\n<meta property=\"article:publisher\" content=\"https:\/\/www.facebook.com\/tauroessiccatori\" \/>\n<meta property=\"article:modified_time\" content=\"2026-01-19T11:19:45+00:00\" \/>\n<meta name=\"twitter:card\" content=\"summary_large_image\" \/>\n<script type=\"application\/ld+json\" class=\"yoast-schema-graph\">{\"@context\":\"https:\\\/\\\/schema.org\",\"@graph\":[{\"@type\":\"WebPage\",\"@id\":\"https:\\\/\\\/www.tauroessiccatori.com\\\/es\\\/essiccatori-domestici\\\/servizio-clienti\\\/pagamenti\\\/\",\"url\":\"https:\\\/\\\/www.tauroessiccatori.com\\\/es\\\/essiccatori-domestici\\\/servizio-clienti\\\/pagamenti\\\/\",\"name\":\"Pagamenti &#187; Tauro Essiccatori\",\"isPartOf\":{\"@id\":\"https:\\\/\\\/www.tauroessiccatori.com\\\/es\\\/#website\"},\"datePublished\":\"2025-12-30T09:16:48+00:00\",\"dateModified\":\"2026-01-19T11:19:45+00:00\",\"breadcrumb\":{\"@id\":\"https:\\\/\\\/www.tauroessiccatori.com\\\/es\\\/essiccatori-domestici\\\/servizio-clienti\\\/pagamenti\\\/#breadcrumb\"},\"inLanguage\":\"es\",\"potentialAction\":[{\"@type\":\"ReadAction\",\"target\":[\"https:\\\/\\\/www.tauroessiccatori.com\\\/es\\\/essiccatori-domestici\\\/servizio-clienti\\\/pagamenti\\\/\"]}]},{\"@type\":\"BreadcrumbList\",\"@id\":\"https:\\\/\\\/www.tauroessiccatori.com\\\/es\\\/essiccatori-domestici\\\/servizio-clienti\\\/pagamenti\\\/#breadcrumb\",\"itemListElement\":[{\"@type\":\"ListItem\",\"position\":1,\"name\":\"Home\",\"item\":\"https:\\\/\\\/www.tauroessiccatori.com\\\/\"},{\"@type\":\"ListItem\",\"position\":2,\"name\":\"Essiccatori Domestici\",\"item\":\"https:\\\/\\\/www.tauroessiccatori.com\\\/essiccatori-domestici\\\/\"},{\"@type\":\"ListItem\",\"position\":3,\"name\":\"Servizio Clienti\",\"item\":\"https:\\\/\\\/www.tauroessiccatori.com\\\/essiccatori-domestici\\\/servizio-clienti\\\/\"},{\"@type\":\"ListItem\",\"position\":4,\"name\":\"Pagamenti\"}]},{\"@type\":\"WebSite\",\"@id\":\"https:\\\/\\\/www.tauroessiccatori.com\\\/es\\\/#website\",\"url\":\"https:\\\/\\\/www.tauroessiccatori.com\\\/es\\\/\",\"name\":\"Tauro Essiccatori\",\"description\":\"Da pi\u00f9 di trent\u2019anni, i migliori sistemi di essiccazione.\",\"publisher\":{\"@id\":\"https:\\\/\\\/www.tauroessiccatori.com\\\/es\\\/#organization\"},\"alternateName\":\"Tauro\",\"potentialAction\":[{\"@type\":\"SearchAction\",\"target\":{\"@type\":\"EntryPoint\",\"urlTemplate\":\"https:\\\/\\\/www.tauroessiccatori.com\\\/es\\\/?s={search_term_string}\"},\"query-input\":{\"@type\":\"PropertyValueSpecification\",\"valueRequired\":true,\"valueName\":\"search_term_string\"}}],\"inLanguage\":\"es\"},{\"@type\":\"Organization\",\"@id\":\"https:\\\/\\\/www.tauroessiccatori.com\\\/es\\\/#organization\",\"name\":\"Tauro Essiccatori\",\"alternateName\":\"Tauro Essiccatori srl unipersonale\",\"url\":\"https:\\\/\\\/www.tauroessiccatori.com\\\/es\\\/\",\"logo\":{\"@type\":\"ImageObject\",\"inLanguage\":\"es\",\"@id\":\"https:\\\/\\\/www.tauroessiccatori.com\\\/es\\\/#\\\/schema\\\/logo\\\/image\\\/\",\"url\":\"https:\\\/\\\/www.tauroessiccatori.com\\\/wp-content\\\/uploads\\\/2026\\\/01\\\/tauro.avif\",\"contentUrl\":\"https:\\\/\\\/www.tauroessiccatori.com\\\/wp-content\\\/uploads\\\/2026\\\/01\\\/tauro.avif\",\"width\":360,\"height\":360,\"caption\":\"Tauro Essiccatori\"},\"image\":{\"@id\":\"https:\\\/\\\/www.tauroessiccatori.com\\\/es\\\/#\\\/schema\\\/logo\\\/image\\\/\"},\"sameAs\":[\"https:\\\/\\\/www.facebook.com\\\/tauroessiccatori\"]}]}<\/script>\n<!-- \/ Yoast SEO plugin. -->","yoast_head_json":{"title":"Pagos \u00bb Secadoras Tauro","robots":{"index":"index","follow":"follow","max-snippet":"max-snippet:-1","max-image-preview":"max-image-preview:large","max-video-preview":"max-video-preview:-1"},"canonical":"https:\/\/www.tauroessiccatori.com\/es\/secadoras-domesticas\/atencion-al-cliente\/pagos\/","og_locale":"es_ES","og_type":"article","og_title":"Pagamenti &#187; Tauro Essiccatori","og_description":"Carte di credito Paga in modo facile e sicuro con la tua carta di credito attraverso Stripe. Sono accettate le [&hellip;]","og_url":"https:\/\/www.tauroessiccatori.com\/es\/secadoras-domesticas\/atencion-al-cliente\/pagos\/","og_site_name":"Tauro Essiccatori","article_publisher":"https:\/\/www.facebook.com\/tauroessiccatori","article_modified_time":"2026-01-19T11:19:45+00:00","twitter_card":"summary_large_image","schema":{"@context":"https:\/\/schema.org","@graph":[{"@type":"WebPage","@id":"https:\/\/www.tauroessiccatori.com\/es\/essiccatori-domestici\/servizio-clienti\/pagamenti\/","url":"https:\/\/www.tauroessiccatori.com\/es\/essiccatori-domestici\/servizio-clienti\/pagamenti\/","name":"Pagos \u00bb Secadoras Tauro","isPartOf":{"@id":"https:\/\/www.tauroessiccatori.com\/es\/#website"},"datePublished":"2025-12-30T09:16:48+00:00","dateModified":"2026-01-19T11:19:45+00:00","breadcrumb":{"@id":"https:\/\/www.tauroessiccatori.com\/es\/essiccatori-domestici\/servizio-clienti\/pagamenti\/#breadcrumb"},"inLanguage":"es","potentialAction":[{"@type":"ReadAction","target":["https:\/\/www.tauroessiccatori.com\/es\/essiccatori-domestici\/servizio-clienti\/pagamenti\/"]}]},{"@type":"BreadcrumbList","@id":"https:\/\/www.tauroessiccatori.com\/es\/essiccatori-domestici\/servizio-clienti\/pagamenti\/#breadcrumb","itemListElement":[{"@type":"ListItem","position":1,"name":"Home","item":"https:\/\/www.tauroessiccatori.com\/"},{"@type":"ListItem","position":2,"name":"Essiccatori Domestici","item":"https:\/\/www.tauroessiccatori.com\/essiccatori-domestici\/"},{"@type":"ListItem","position":3,"name":"Servizio Clienti","item":"https:\/\/www.tauroessiccatori.com\/essiccatori-domestici\/servizio-clienti\/"},{"@type":"ListItem","position":4,"name":"Pagamenti"}]},{"@type":"WebSite","@id":"https:\/\/www.tauroessiccatori.com\/es\/#website","url":"https:\/\/www.tauroessiccatori.com\/es\/","name":"Secadoras Tauro","description":"Desde hace m\u00e1s de 30 a\u00f1os, los mejores sistemas de secado.","publisher":{"@id":"https:\/\/www.tauroessiccatori.com\/es\/#organization"},"alternateName":"Tauro","potentialAction":[{"@type":"SearchAction","target":{"@type":"EntryPoint","urlTemplate":"https:\/\/www.tauroessiccatori.com\/es\/?s={search_term_string}"},"query-input":{"@type":"PropertyValueSpecification","valueRequired":true,"valueName":"search_term_string"}}],"inLanguage":"es"},{"@type":"Organization","@id":"https:\/\/www.tauroessiccatori.com\/es\/#organization","name":"Secadoras Tauro","alternateName":"Tauro Essiccatori srl unipersonale","url":"https:\/\/www.tauroessiccatori.com\/es\/","logo":{"@type":"ImageObject","inLanguage":"es","@id":"https:\/\/www.tauroessiccatori.com\/es\/#\/schema\/logo\/image\/","url":"https:\/\/www.tauroessiccatori.com\/wp-content\/uploads\/2026\/01\/tauro.avif","contentUrl":"https:\/\/www.tauroessiccatori.com\/wp-content\/uploads\/2026\/01\/tauro.avif","width":360,"height":360,"caption":"Tauro Essiccatori"},"image":{"@id":"https:\/\/www.tauroessiccatori.com\/es\/#\/schema\/logo\/image\/"},"sameAs":["https:\/\/www.facebook.com\/tauroessiccatori"]}]}},"_links":{"self":[{"href":"https:\/\/www.tauroessiccatori.com\/es\/wp-json\/wp\/v2\/pages\/166069","targetHints":{"allow":["GET"]}}],"collection":[{"href":"https:\/\/www.tauroessiccatori.com\/es\/wp-json\/wp\/v2\/pages"}],"about":[{"href":"https:\/\/www.tauroessiccatori.com\/es\/wp-json\/wp\/v2\/types\/page"}],"author":[{"embeddable":true,"href":"https:\/\/www.tauroessiccatori.com\/es\/wp-json\/wp\/v2\/users\/1"}],"replies":[{"embeddable":true,"href":"https:\/\/www.tauroessiccatori.com\/es\/wp-json\/wp\/v2\/comments?post=166069"}],"version-history":[{"count":2,"href":"https:\/\/www.tauroessiccatori.com\/es\/wp-json\/wp\/v2\/pages\/166069\/revisions"}],"predecessor-version":[{"id":166363,"href":"https:\/\/www.tauroessiccatori.com\/es\/wp-json\/wp\/v2\/pages\/166069\/revisions\/166363"}],"up":[{"embeddable":true,"href":"https:\/\/www.tauroessiccatori.com\/es\/wp-json\/wp\/v2\/pages\/358"}],"wp:attachment":[{"href":"https:\/\/www.tauroessiccatori.com\/es\/wp-json\/wp\/v2\/media?parent=166069"}],"curies":[{"name":"wp","href":"https:\/\/api.w.org\/{rel}","templated":true}]}}