{"id":165766,"date":"2025-10-08T18:50:13","date_gmt":"2025-10-08T16:50:13","guid":{"rendered":"https:\/\/tauroessiccatori.com\/?page_id=165766"},"modified":"2025-10-08T18:50:13","modified_gmt":"2025-10-08T16:50:13","slug":"preguntas-mas-frecuentes-2","status":"publish","type":"page","link":"https:\/\/www.tauroessiccatori.com\/es\/manuale-biosec\/domande-frequenti\/","title":{"rendered":"Preguntas m\u00e1s frecuentes"},"content":{"rendered":"<div>\n<p><b>\u00bfCu\u00e1nto consume mi BIOSEC?<\/b><\/p>\n<p>El motor BIOSEC est\u00e1 espec\u00edficamente dise\u00f1ado para optimizar el consumo en cualquier circunstancia e incluso incluye un programa espec\u00edfico de ahorro de energ\u00eda.<\/p>\n<p>Desde el punto de vista del ahorro de energ\u00eda, el consumo m\u00e1ximo s\u00f3lo se alcanza cuando el motor se calienta hasta los l\u00edmites m\u00e1ximos (por ejemplo, 68\u00b0 en el programa P4) y el ventilador alcanza la velocidad m\u00e1xima.<\/p>\n<p>En todos los dem\u00e1s momentos, BIOSEC consume de media cantidades variables que oscilan entre unos 15 W y 550 W, en funci\u00f3n del programa seleccionado y de la fase actual del programa.<\/p>\n<\/div>\n<p>&nbsp;<\/p>\n<div>\n<p><b>\u00bfEl BIOSEC elimina la humedad de mi casa causando moho?<\/b><\/p>\n<p>En condiciones normales de ventilaci\u00f3n de la habitaci\u00f3n, la cantidad de agua eliminada por BIOSEC no provoca ning\u00fan tipo de problema de acumulaci\u00f3n, moho o humedad expulsada.<\/p>\n<\/div>\n<p>&nbsp;<\/p>\n<div>\n<p><b>\u00bfSon seguros y est\u00e1n certificados los materiales de construcci\u00f3n de mi BIOSEC?<br \/>\n\u00bfLos pl\u00e1sticos contienen BPA o ftalatos?<\/b><\/p>\n<p>BIOSEC est\u00e1 fabricado con los mejores materiales para uso alimentario y los modelos fabricados en pl\u00e1stico est\u00e1n libres de BPA y ftalatos, que nunca podr\u00edan llegar a ser perjudiciales a las temperaturas de funcionamiento de un secador. Todos los componentes cuentan con la certificaci\u00f3n CE para uso alimentario y nuestras oficinas estar\u00e1n encantadas de enviarle copias de la documentaci\u00f3n para garantizar la total seguridad e idoneidad de nuestros productos.<\/p>\n<\/div>\n<p>&nbsp;<\/p>\n<div>\n<p><b>\u00bfPuedo utilizar BIOSEC al aire libre?<br \/>\n\u00bfPuedo utilizarlo en una habitaci\u00f3n cerrada?<\/b><\/p>\n<p>BIOSEC teme la intemperie y la exposici\u00f3n directa a la luz solar. Para un uso correcto del secador, lo mejor es colocarlo en un lugar protegido que no sea ni demasiado h\u00famedo (nada de cuartos de ba\u00f1o, s\u00f3tanos o lavander\u00edas) ni demasiado estrecho (no lo encierre en lugares del tama\u00f1o de un armario) para permitir un intercambio de aire adecuado y la eliminaci\u00f3n de la humedad. Como todos los aparatos el\u00e9ctricos, BIOSEC debe mantenerse alejado del agua.<\/p>\n<\/div>\n<p>&nbsp;<\/p>\n<div>\n<p><b>\u00bfEs posible secar diferentes productos al mismo tiempo?<br \/>\n\u00bfEs necesario cargar todas las cestas BIOSEC?<\/b><\/p>\n<p>BIOSEC tambi\u00e9n funciona perfectamente con una sola cesta llena; puede llenar tantas como desee. Sin embargo, nada le impide optimizar el espacio secando diferentes productos en diferentes cestas. En este caso, tenga cuidado de colocar los alimentos m\u00e1s acuosos en la parte inferior, elija un programa adecuado para todas las variedades a procesar y compruebe el grado de secado alcanzado en diferentes momentos. Puede ir retirando los distintos productos a medida que se sequen por completo o esperar a que toda la carga est\u00e9 lista. Nada se quema en una secadora, \u00a1aunque lo dejes dentro m\u00e1s tiempo del debido!<\/p>\n<\/div>\n<p>&nbsp;<\/p>\n<div>\n<p><b>\u00bfC\u00f3mo debe almacenarse un producto una vez secado?<br \/>\n\u00bfEs obligatorio el envasado al vac\u00edo?<\/b><\/p>\n<p>No, el envasado al vac\u00edo no es la \u00fanica soluci\u00f3n para conservar alimentos desecados, aunque sin duda es la que permite ahorrar m\u00e1s espacio. Tiene el inconveniente de romper los productos que, una vez secos, son m\u00e1s fr\u00e1giles. Los tarros de cristal con tap\u00f3n de rosca o a presi\u00f3n son una alternativa perfecta; se pueden encontrar en todos los supermercados, no requieren esterilizaci\u00f3n y s\u00f3lo hay que cerrarlos con cuidado cada vez que se abren. En general, los productos desecados deben guardarse al abrigo de la humedad, la luz y los insectos, y en un armario o despensa oscuros.<\/p>\n<\/div>\n<p>&nbsp;<\/p>\n<div>\n<p><b>\u00bfCu\u00e1nto tiempo puede conservarse un producto seco?<\/b><\/p>\n<p>Mediante el secado, obtenemos un producto que puede durar m\u00e1s de un a\u00f1o si se almacena en el interior y protegido de la luz (por ejemplo, en tarros de cristal en un armario).<\/p>\n<\/div>\n<p>&nbsp;<\/p>","protected":false},"excerpt":{"rendered":"<p>Quanto consuma il mio BIOSEC? ll motore di BIOSEC \u00e8 studiato appositamente per ottimizzare i consumi in tutte le circostanze [&hellip;]<\/p>\n","protected":false},"author":1,"featured_media":0,"parent":165699,"menu_order":26,"comment_status":"closed","ping_status":"closed","template":"page-manuale-biosec.php","meta":{"_acf_changed":false,"footnotes":""},"class_list":["post-165766","page","type-page","status-publish","hentry"],"acf":[],"yoast_head":"<!-- This site is optimized with the Yoast SEO plugin v27.5 - https:\/\/yoast.com\/product\/yoast-seo-wordpress\/ -->\n<title>Domande frequenti &#187; Tauro Essiccatori<\/title>\n<meta name=\"robots\" content=\"index, follow, max-snippet:-1, max-image-preview:large, max-video-preview:-1\" \/>\n<link rel=\"canonical\" href=\"https:\/\/www.tauroessiccatori.com\/es\/manual-de-bioseguridad\/preguntas-mas-frecuentes-2\/\" \/>\n<meta property=\"og:locale\" content=\"es_ES\" \/>\n<meta property=\"og:type\" content=\"article\" \/>\n<meta property=\"og:title\" content=\"Domande frequenti &#187; Tauro Essiccatori\" \/>\n<meta property=\"og:description\" content=\"Quanto consuma il mio BIOSEC? ll motore di BIOSEC \u00e8 studiato appositamente per ottimizzare i consumi in tutte le circostanze [&hellip;]\" \/>\n<meta property=\"og:url\" content=\"https:\/\/www.tauroessiccatori.com\/es\/manual-de-bioseguridad\/preguntas-mas-frecuentes-2\/\" \/>\n<meta property=\"og:site_name\" content=\"Tauro Essiccatori\" \/>\n<meta property=\"article:publisher\" content=\"https:\/\/www.facebook.com\/tauroessiccatori\" \/>\n<meta name=\"twitter:card\" content=\"summary_large_image\" \/>\n<script type=\"application\/ld+json\" class=\"yoast-schema-graph\">{\"@context\":\"https:\\\/\\\/schema.org\",\"@graph\":[{\"@type\":\"WebPage\",\"@id\":\"https:\\\/\\\/www.tauroessiccatori.com\\\/es\\\/manuale-biosec\\\/domande-frequenti\\\/\",\"url\":\"https:\\\/\\\/www.tauroessiccatori.com\\\/es\\\/manuale-biosec\\\/domande-frequenti\\\/\",\"name\":\"Domande frequenti &#187; Tauro Essiccatori\",\"isPartOf\":{\"@id\":\"https:\\\/\\\/www.tauroessiccatori.com\\\/es\\\/#website\"},\"datePublished\":\"2025-10-08T16:50:13+00:00\",\"breadcrumb\":{\"@id\":\"https:\\\/\\\/www.tauroessiccatori.com\\\/es\\\/manuale-biosec\\\/domande-frequenti\\\/#breadcrumb\"},\"inLanguage\":\"es\",\"potentialAction\":[{\"@type\":\"ReadAction\",\"target\":[\"https:\\\/\\\/www.tauroessiccatori.com\\\/es\\\/manuale-biosec\\\/domande-frequenti\\\/\"]}]},{\"@type\":\"BreadcrumbList\",\"@id\":\"https:\\\/\\\/www.tauroessiccatori.com\\\/es\\\/manuale-biosec\\\/domande-frequenti\\\/#breadcrumb\",\"itemListElement\":[{\"@type\":\"ListItem\",\"position\":1,\"name\":\"Home\",\"item\":\"https:\\\/\\\/www.tauroessiccatori.com\\\/\"},{\"@type\":\"ListItem\",\"position\":2,\"name\":\"Manuale Biosec\",\"item\":\"https:\\\/\\\/www.tauroessiccatori.com\\\/manuale-biosec\\\/\"},{\"@type\":\"ListItem\",\"position\":3,\"name\":\"Domande frequenti\"}]},{\"@type\":\"WebSite\",\"@id\":\"https:\\\/\\\/www.tauroessiccatori.com\\\/es\\\/#website\",\"url\":\"https:\\\/\\\/www.tauroessiccatori.com\\\/es\\\/\",\"name\":\"Tauro Essiccatori\",\"description\":\"Da pi\u00f9 di trent\u2019anni, i migliori sistemi di essiccazione.\",\"publisher\":{\"@id\":\"https:\\\/\\\/www.tauroessiccatori.com\\\/es\\\/#organization\"},\"alternateName\":\"Tauro\",\"potentialAction\":[{\"@type\":\"SearchAction\",\"target\":{\"@type\":\"EntryPoint\",\"urlTemplate\":\"https:\\\/\\\/www.tauroessiccatori.com\\\/es\\\/?s={search_term_string}\"},\"query-input\":{\"@type\":\"PropertyValueSpecification\",\"valueRequired\":true,\"valueName\":\"search_term_string\"}}],\"inLanguage\":\"es\"},{\"@type\":\"Organization\",\"@id\":\"https:\\\/\\\/www.tauroessiccatori.com\\\/es\\\/#organization\",\"name\":\"Tauro Essiccatori\",\"alternateName\":\"Tauro Essiccatori srl unipersonale\",\"url\":\"https:\\\/\\\/www.tauroessiccatori.com\\\/es\\\/\",\"logo\":{\"@type\":\"ImageObject\",\"inLanguage\":\"es\",\"@id\":\"https:\\\/\\\/www.tauroessiccatori.com\\\/es\\\/#\\\/schema\\\/logo\\\/image\\\/\",\"url\":\"https:\\\/\\\/www.tauroessiccatori.com\\\/wp-content\\\/uploads\\\/2026\\\/01\\\/tauro.avif\",\"contentUrl\":\"https:\\\/\\\/www.tauroessiccatori.com\\\/wp-content\\\/uploads\\\/2026\\\/01\\\/tauro.avif\",\"width\":360,\"height\":360,\"caption\":\"Tauro Essiccatori\"},\"image\":{\"@id\":\"https:\\\/\\\/www.tauroessiccatori.com\\\/es\\\/#\\\/schema\\\/logo\\\/image\\\/\"},\"sameAs\":[\"https:\\\/\\\/www.facebook.com\\\/tauroessiccatori\"]}]}<\/script>\n<!-- \/ Yoast SEO plugin. -->","yoast_head_json":{"title":"Preguntas frecuentes \u00bb Secadores Tauro","robots":{"index":"index","follow":"follow","max-snippet":"max-snippet:-1","max-image-preview":"max-image-preview:large","max-video-preview":"max-video-preview:-1"},"canonical":"https:\/\/www.tauroessiccatori.com\/es\/manual-de-bioseguridad\/preguntas-mas-frecuentes-2\/","og_locale":"es_ES","og_type":"article","og_title":"Domande frequenti &#187; Tauro Essiccatori","og_description":"Quanto consuma il mio BIOSEC? ll motore di BIOSEC \u00e8 studiato appositamente per ottimizzare i consumi in tutte le circostanze [&hellip;]","og_url":"https:\/\/www.tauroessiccatori.com\/es\/manual-de-bioseguridad\/preguntas-mas-frecuentes-2\/","og_site_name":"Tauro Essiccatori","article_publisher":"https:\/\/www.facebook.com\/tauroessiccatori","twitter_card":"summary_large_image","schema":{"@context":"https:\/\/schema.org","@graph":[{"@type":"WebPage","@id":"https:\/\/www.tauroessiccatori.com\/es\/manuale-biosec\/domande-frequenti\/","url":"https:\/\/www.tauroessiccatori.com\/es\/manuale-biosec\/domande-frequenti\/","name":"Preguntas frecuentes \u00bb Secadores Tauro","isPartOf":{"@id":"https:\/\/www.tauroessiccatori.com\/es\/#website"},"datePublished":"2025-10-08T16:50:13+00:00","breadcrumb":{"@id":"https:\/\/www.tauroessiccatori.com\/es\/manuale-biosec\/domande-frequenti\/#breadcrumb"},"inLanguage":"es","potentialAction":[{"@type":"ReadAction","target":["https:\/\/www.tauroessiccatori.com\/es\/manuale-biosec\/domande-frequenti\/"]}]},{"@type":"BreadcrumbList","@id":"https:\/\/www.tauroessiccatori.com\/es\/manuale-biosec\/domande-frequenti\/#breadcrumb","itemListElement":[{"@type":"ListItem","position":1,"name":"Home","item":"https:\/\/www.tauroessiccatori.com\/"},{"@type":"ListItem","position":2,"name":"Manuale Biosec","item":"https:\/\/www.tauroessiccatori.com\/manuale-biosec\/"},{"@type":"ListItem","position":3,"name":"Domande frequenti"}]},{"@type":"WebSite","@id":"https:\/\/www.tauroessiccatori.com\/es\/#website","url":"https:\/\/www.tauroessiccatori.com\/es\/","name":"Secadoras Tauro","description":"Desde hace m\u00e1s de 30 a\u00f1os, los mejores sistemas de secado.","publisher":{"@id":"https:\/\/www.tauroessiccatori.com\/es\/#organization"},"alternateName":"Tauro","potentialAction":[{"@type":"SearchAction","target":{"@type":"EntryPoint","urlTemplate":"https:\/\/www.tauroessiccatori.com\/es\/?s={search_term_string}"},"query-input":{"@type":"PropertyValueSpecification","valueRequired":true,"valueName":"search_term_string"}}],"inLanguage":"es"},{"@type":"Organization","@id":"https:\/\/www.tauroessiccatori.com\/es\/#organization","name":"Secadoras Tauro","alternateName":"Tauro Essiccatori srl unipersonale","url":"https:\/\/www.tauroessiccatori.com\/es\/","logo":{"@type":"ImageObject","inLanguage":"es","@id":"https:\/\/www.tauroessiccatori.com\/es\/#\/schema\/logo\/image\/","url":"https:\/\/www.tauroessiccatori.com\/wp-content\/uploads\/2026\/01\/tauro.avif","contentUrl":"https:\/\/www.tauroessiccatori.com\/wp-content\/uploads\/2026\/01\/tauro.avif","width":360,"height":360,"caption":"Tauro Essiccatori"},"image":{"@id":"https:\/\/www.tauroessiccatori.com\/es\/#\/schema\/logo\/image\/"},"sameAs":["https:\/\/www.facebook.com\/tauroessiccatori"]}]}},"_links":{"self":[{"href":"https:\/\/www.tauroessiccatori.com\/es\/wp-json\/wp\/v2\/pages\/165766","targetHints":{"allow":["GET"]}}],"collection":[{"href":"https:\/\/www.tauroessiccatori.com\/es\/wp-json\/wp\/v2\/pages"}],"about":[{"href":"https:\/\/www.tauroessiccatori.com\/es\/wp-json\/wp\/v2\/types\/page"}],"author":[{"embeddable":true,"href":"https:\/\/www.tauroessiccatori.com\/es\/wp-json\/wp\/v2\/users\/1"}],"replies":[{"embeddable":true,"href":"https:\/\/www.tauroessiccatori.com\/es\/wp-json\/wp\/v2\/comments?post=165766"}],"version-history":[{"count":0,"href":"https:\/\/www.tauroessiccatori.com\/es\/wp-json\/wp\/v2\/pages\/165766\/revisions"}],"up":[{"embeddable":true,"href":"https:\/\/www.tauroessiccatori.com\/es\/wp-json\/wp\/v2\/pages\/165699"}],"wp:attachment":[{"href":"https:\/\/www.tauroessiccatori.com\/es\/wp-json\/wp\/v2\/media?parent=165766"}],"curies":[{"name":"wp","href":"https:\/\/api.w.org\/{rel}","templated":true}]}}