{"id":165761,"date":"2025-10-08T18:44:31","date_gmt":"2025-10-08T16:44:31","guid":{"rendered":"https:\/\/tauroessiccatori.com\/?page_id=165761"},"modified":"2026-02-28T17:52:07","modified_gmt":"2026-02-28T16:52:07","slug":"solucion-de-problemas","status":"publish","type":"page","link":"https:\/\/www.tauroessiccatori.com\/es\/manuale-biosec\/risoluzione-problemi\/","title":{"rendered":"Soluci\u00f3n de problemas"},"content":{"rendered":"<h2>C\u00d3DIGOS DE ERROR<\/h2>\n<p>Si aparecen estos c\u00f3digos de error en la pantalla, aqu\u00ed tienes una lista de soluciones que puedes aplicar para intentar resolverlos t\u00fa mismo.<\/p>\n<p>La unidad de termoventilador s\u00f3lo debe estar en funcionamiento cuando est\u00e9 correctamente asentada en el t\u00fanel de secado. Aseg\u00farese de que est\u00e9 en pausa (ventilador parado) cuando se retire de su posici\u00f3n.<\/p>\n<p>&nbsp;<br \/>\n<a href=\"mailto:assistenza@tauroessiccatori.com\">assistenza@tauroessiccatori.com<\/a>\u00a0\u2013\u00a0<a href=\"telto:+390444719046\">+39 0444 719046<\/a><\/b><\/p>\n<table class=\"table mt-5\">\n<tbody>\n<tr class=\"title bg-orange\">\n<td class=\"padding_temp\">C\u00d3DIGO DE ERROR<\/td>\n<td>PROBLEMA<\/td>\n<td>RESOLUCI\u00d3N<\/td>\n<\/tr>\n<tr>\n<td class=\"padding_img\">E1<\/td>\n<td class=\"second_column\">PROBLEMA DE CONEXI\u00d3N EL\u00c9CTRICA<\/td>\n<td class=\"s_column\">Contactar con el servicio de asistencia<\/td>\n<\/tr>\n<tr class=\"pari\">\n<td class=\"padding_img\">E2<\/td>\n<td class=\"second_column\">DETECTOR DE TEMPERATURA DE PROCESO DEMASIADO ALTA<\/td>\n<td class=\"s_column\">Compruebe que el ventilador gira y que el flujo de aire no est\u00e1 obstruido.<br \/>\nIntroduzca el programa T1 para enfriar la m\u00e1quina.<\/td>\n<\/tr>\n<tr>\n<td class=\"padding_img\">E3<\/td>\n<td class=\"second_column\">UMBRAL DE TEMPERATURA DE SEGURIDAD SUPERADO<\/td>\n<td class=\"s_column\">Compruebe que el ventilador gira y que el flujo de aire no est\u00e1 obstruido.<br \/>\nApagar y volver a encender.<\/td>\n<\/tr>\n<tr class=\"pari\">\n<td class=\"padding_img\">E4<\/td>\n<td class=\"second_column\">PROBLEMA DE CONEXI\u00d3N EL\u00c9CTRICA<\/td>\n<td class=\"s_column\">P\u00f3ngase en contacto con el servicio de asistencia.<\/td>\n<\/tr>\n<\/tbody>\n<\/table>","protected":false},"excerpt":{"rendered":"<p>CODICI ERRORE Se nel display compaiono questi codici errore, ecco un elenco di soluzioni da applicare per provare a risolvere [&hellip;]<\/p>\n","protected":false},"author":1,"featured_media":0,"parent":165699,"menu_order":25,"comment_status":"closed","ping_status":"closed","template":"page-manuale-biosec.php","meta":{"_acf_changed":false,"footnotes":""},"class_list":["post-165761","page","type-page","status-publish","hentry"],"acf":[],"yoast_head":"<!-- This site is optimized with the Yoast SEO plugin v27.5 - https:\/\/yoast.com\/product\/yoast-seo-wordpress\/ -->\n<title>Risoluzione problemi &#187; Tauro Essiccatori<\/title>\n<meta name=\"robots\" content=\"index, follow, max-snippet:-1, max-image-preview:large, max-video-preview:-1\" \/>\n<link rel=\"canonical\" href=\"https:\/\/www.tauroessiccatori.com\/es\/manual-de-bioseguridad\/solucion-de-problemas\/\" \/>\n<meta property=\"og:locale\" content=\"es_ES\" \/>\n<meta property=\"og:type\" content=\"article\" \/>\n<meta property=\"og:title\" content=\"Risoluzione problemi &#187; Tauro Essiccatori\" \/>\n<meta property=\"og:description\" content=\"CODICI ERRORE Se nel display compaiono questi codici errore, ecco un elenco di soluzioni da applicare per provare a risolvere [&hellip;]\" \/>\n<meta property=\"og:url\" content=\"https:\/\/www.tauroessiccatori.com\/es\/manual-de-bioseguridad\/solucion-de-problemas\/\" \/>\n<meta property=\"og:site_name\" content=\"Tauro Essiccatori\" \/>\n<meta property=\"article:publisher\" content=\"https:\/\/www.facebook.com\/tauroessiccatori\" \/>\n<meta property=\"article:modified_time\" content=\"2026-02-28T16:52:07+00:00\" \/>\n<meta name=\"twitter:card\" content=\"summary_large_image\" \/>\n<script type=\"application\/ld+json\" class=\"yoast-schema-graph\">{\"@context\":\"https:\\\/\\\/schema.org\",\"@graph\":[{\"@type\":\"WebPage\",\"@id\":\"https:\\\/\\\/www.tauroessiccatori.com\\\/es\\\/manuale-biosec\\\/risoluzione-problemi\\\/\",\"url\":\"https:\\\/\\\/www.tauroessiccatori.com\\\/es\\\/manuale-biosec\\\/risoluzione-problemi\\\/\",\"name\":\"Risoluzione problemi &#187; Tauro Essiccatori\",\"isPartOf\":{\"@id\":\"https:\\\/\\\/www.tauroessiccatori.com\\\/es\\\/#website\"},\"datePublished\":\"2025-10-08T16:44:31+00:00\",\"dateModified\":\"2026-02-28T16:52:07+00:00\",\"breadcrumb\":{\"@id\":\"https:\\\/\\\/www.tauroessiccatori.com\\\/es\\\/manuale-biosec\\\/risoluzione-problemi\\\/#breadcrumb\"},\"inLanguage\":\"es\",\"potentialAction\":[{\"@type\":\"ReadAction\",\"target\":[\"https:\\\/\\\/www.tauroessiccatori.com\\\/es\\\/manuale-biosec\\\/risoluzione-problemi\\\/\"]}]},{\"@type\":\"BreadcrumbList\",\"@id\":\"https:\\\/\\\/www.tauroessiccatori.com\\\/es\\\/manuale-biosec\\\/risoluzione-problemi\\\/#breadcrumb\",\"itemListElement\":[{\"@type\":\"ListItem\",\"position\":1,\"name\":\"Home\",\"item\":\"https:\\\/\\\/www.tauroessiccatori.com\\\/\"},{\"@type\":\"ListItem\",\"position\":2,\"name\":\"Manuale Biosec\",\"item\":\"https:\\\/\\\/www.tauroessiccatori.com\\\/manuale-biosec\\\/\"},{\"@type\":\"ListItem\",\"position\":3,\"name\":\"Risoluzione problemi\"}]},{\"@type\":\"WebSite\",\"@id\":\"https:\\\/\\\/www.tauroessiccatori.com\\\/es\\\/#website\",\"url\":\"https:\\\/\\\/www.tauroessiccatori.com\\\/es\\\/\",\"name\":\"Tauro Essiccatori\",\"description\":\"Da pi\u00f9 di trent\u2019anni, i migliori sistemi di essiccazione.\",\"publisher\":{\"@id\":\"https:\\\/\\\/www.tauroessiccatori.com\\\/es\\\/#organization\"},\"alternateName\":\"Tauro\",\"potentialAction\":[{\"@type\":\"SearchAction\",\"target\":{\"@type\":\"EntryPoint\",\"urlTemplate\":\"https:\\\/\\\/www.tauroessiccatori.com\\\/es\\\/?s={search_term_string}\"},\"query-input\":{\"@type\":\"PropertyValueSpecification\",\"valueRequired\":true,\"valueName\":\"search_term_string\"}}],\"inLanguage\":\"es\"},{\"@type\":\"Organization\",\"@id\":\"https:\\\/\\\/www.tauroessiccatori.com\\\/es\\\/#organization\",\"name\":\"Tauro Essiccatori\",\"alternateName\":\"Tauro Essiccatori srl unipersonale\",\"url\":\"https:\\\/\\\/www.tauroessiccatori.com\\\/es\\\/\",\"logo\":{\"@type\":\"ImageObject\",\"inLanguage\":\"es\",\"@id\":\"https:\\\/\\\/www.tauroessiccatori.com\\\/es\\\/#\\\/schema\\\/logo\\\/image\\\/\",\"url\":\"https:\\\/\\\/www.tauroessiccatori.com\\\/wp-content\\\/uploads\\\/2026\\\/01\\\/tauro.avif\",\"contentUrl\":\"https:\\\/\\\/www.tauroessiccatori.com\\\/wp-content\\\/uploads\\\/2026\\\/01\\\/tauro.avif\",\"width\":360,\"height\":360,\"caption\":\"Tauro Essiccatori\"},\"image\":{\"@id\":\"https:\\\/\\\/www.tauroessiccatori.com\\\/es\\\/#\\\/schema\\\/logo\\\/image\\\/\"},\"sameAs\":[\"https:\\\/\\\/www.facebook.com\\\/tauroessiccatori\"]}]}<\/script>\n<!-- \/ Yoast SEO plugin. -->","yoast_head_json":{"title":"Resoluci\u00f3n de problemas \u00bb Secadoras Tauro","robots":{"index":"index","follow":"follow","max-snippet":"max-snippet:-1","max-image-preview":"max-image-preview:large","max-video-preview":"max-video-preview:-1"},"canonical":"https:\/\/www.tauroessiccatori.com\/es\/manual-de-bioseguridad\/solucion-de-problemas\/","og_locale":"es_ES","og_type":"article","og_title":"Risoluzione problemi &#187; Tauro Essiccatori","og_description":"CODICI ERRORE Se nel display compaiono questi codici errore, ecco un elenco di soluzioni da applicare per provare a risolvere [&hellip;]","og_url":"https:\/\/www.tauroessiccatori.com\/es\/manual-de-bioseguridad\/solucion-de-problemas\/","og_site_name":"Tauro Essiccatori","article_publisher":"https:\/\/www.facebook.com\/tauroessiccatori","article_modified_time":"2026-02-28T16:52:07+00:00","twitter_card":"summary_large_image","schema":{"@context":"https:\/\/schema.org","@graph":[{"@type":"WebPage","@id":"https:\/\/www.tauroessiccatori.com\/es\/manuale-biosec\/risoluzione-problemi\/","url":"https:\/\/www.tauroessiccatori.com\/es\/manuale-biosec\/risoluzione-problemi\/","name":"Resoluci\u00f3n de problemas \u00bb Secadoras Tauro","isPartOf":{"@id":"https:\/\/www.tauroessiccatori.com\/es\/#website"},"datePublished":"2025-10-08T16:44:31+00:00","dateModified":"2026-02-28T16:52:07+00:00","breadcrumb":{"@id":"https:\/\/www.tauroessiccatori.com\/es\/manuale-biosec\/risoluzione-problemi\/#breadcrumb"},"inLanguage":"es","potentialAction":[{"@type":"ReadAction","target":["https:\/\/www.tauroessiccatori.com\/es\/manuale-biosec\/risoluzione-problemi\/"]}]},{"@type":"BreadcrumbList","@id":"https:\/\/www.tauroessiccatori.com\/es\/manuale-biosec\/risoluzione-problemi\/#breadcrumb","itemListElement":[{"@type":"ListItem","position":1,"name":"Home","item":"https:\/\/www.tauroessiccatori.com\/"},{"@type":"ListItem","position":2,"name":"Manuale Biosec","item":"https:\/\/www.tauroessiccatori.com\/manuale-biosec\/"},{"@type":"ListItem","position":3,"name":"Risoluzione problemi"}]},{"@type":"WebSite","@id":"https:\/\/www.tauroessiccatori.com\/es\/#website","url":"https:\/\/www.tauroessiccatori.com\/es\/","name":"Secadoras Tauro","description":"Desde hace m\u00e1s de 30 a\u00f1os, los mejores sistemas de secado.","publisher":{"@id":"https:\/\/www.tauroessiccatori.com\/es\/#organization"},"alternateName":"Tauro","potentialAction":[{"@type":"SearchAction","target":{"@type":"EntryPoint","urlTemplate":"https:\/\/www.tauroessiccatori.com\/es\/?s={search_term_string}"},"query-input":{"@type":"PropertyValueSpecification","valueRequired":true,"valueName":"search_term_string"}}],"inLanguage":"es"},{"@type":"Organization","@id":"https:\/\/www.tauroessiccatori.com\/es\/#organization","name":"Secadoras Tauro","alternateName":"Tauro Essiccatori srl unipersonale","url":"https:\/\/www.tauroessiccatori.com\/es\/","logo":{"@type":"ImageObject","inLanguage":"es","@id":"https:\/\/www.tauroessiccatori.com\/es\/#\/schema\/logo\/image\/","url":"https:\/\/www.tauroessiccatori.com\/wp-content\/uploads\/2026\/01\/tauro.avif","contentUrl":"https:\/\/www.tauroessiccatori.com\/wp-content\/uploads\/2026\/01\/tauro.avif","width":360,"height":360,"caption":"Tauro Essiccatori"},"image":{"@id":"https:\/\/www.tauroessiccatori.com\/es\/#\/schema\/logo\/image\/"},"sameAs":["https:\/\/www.facebook.com\/tauroessiccatori"]}]}},"_links":{"self":[{"href":"https:\/\/www.tauroessiccatori.com\/es\/wp-json\/wp\/v2\/pages\/165761","targetHints":{"allow":["GET"]}}],"collection":[{"href":"https:\/\/www.tauroessiccatori.com\/es\/wp-json\/wp\/v2\/pages"}],"about":[{"href":"https:\/\/www.tauroessiccatori.com\/es\/wp-json\/wp\/v2\/types\/page"}],"author":[{"embeddable":true,"href":"https:\/\/www.tauroessiccatori.com\/es\/wp-json\/wp\/v2\/users\/1"}],"replies":[{"embeddable":true,"href":"https:\/\/www.tauroessiccatori.com\/es\/wp-json\/wp\/v2\/comments?post=165761"}],"version-history":[{"count":1,"href":"https:\/\/www.tauroessiccatori.com\/es\/wp-json\/wp\/v2\/pages\/165761\/revisions"}],"predecessor-version":[{"id":172572,"href":"https:\/\/www.tauroessiccatori.com\/es\/wp-json\/wp\/v2\/pages\/165761\/revisions\/172572"}],"up":[{"embeddable":true,"href":"https:\/\/www.tauroessiccatori.com\/es\/wp-json\/wp\/v2\/pages\/165699"}],"wp:attachment":[{"href":"https:\/\/www.tauroessiccatori.com\/es\/wp-json\/wp\/v2\/media?parent=165761"}],"curies":[{"name":"wp","href":"https:\/\/api.w.org\/{rel}","templated":true}]}}