{"id":165754,"date":"2025-10-08T18:37:17","date_gmt":"2025-10-08T16:37:17","guid":{"rendered":"https:\/\/tauroessiccatori.com\/?page_id=165754"},"modified":"2026-03-14T10:42:18","modified_gmt":"2026-03-14T09:42:18","slug":"verduras","status":"publish","type":"page","link":"https:\/\/www.tauroessiccatori.com\/es\/manuale-biosec\/cosa-essiccare\/verdura\/","title":{"rendered":"Verduras"},"content":{"rendered":"<table class=\"table table-striped\">\n<thead>\n<tr class=\"row-1 odd\">\n<th class=\"column-1 sorting\" tabindex=\"0\" colspan=\"1\" rowspan=\"1\" aria-controls=\"tablepress-2\" aria-label=\"PRODUCTO: activar para ordenar la columna en orden ascendente\">PRODUCTO<\/th>\n<th class=\"column-2 sorting\" tabindex=\"0\" colspan=\"1\" rowspan=\"1\" aria-controls=\"tablepress-2\" aria-label=\"PREPARACI\u00d3N: activar para ordenar la columna en orden ascendente\">PREPARACI\u00d3N<\/th>\n<th class=\"column-3 sorting\" tabindex=\"0\" colspan=\"1\" rowspan=\"1\" aria-controls=\"tablepress-2\" aria-label=\"Alternar: activar para ordenar la columna en orden ascendente\">EMPLEO<\/th>\n<th class=\"column-4 sorting\" tabindex=\"0\" colspan=\"1\" rowspan=\"1\" aria-controls=\"tablepress-2\" aria-label=\"TIEMPO Y HORARIO: activar para ordenar la columna en orden ascendente\">TIEMPO Y HORARIO<\/th>\n<\/tr>\n<\/thead>\n<tbody class=\"row-hover\">\n<tr class=\"row-2 even\">\n<td class=\"column-1\">PREZZEMOLO<\/td>\n<td class=\"column-2\">Disp\u00f3n las hojas sin solaparlas demasiado y dales la vuelta de vez en cuando.<\/td>\n<td class=\"column-3\">Excelente en polvo, tambi\u00e9n en preparados en aceite.<\/td>\n<td class=\"column-4\">P3 12\/16 h<\/td>\n<\/tr>\n<tr class=\"row-3 odd\">\n<td class=\"column-1\">ESPINACA<\/td>\n<td class=\"column-2\">Hojas enteras o en trozos. Ag\u00edtelas con frecuencia para que no se superpongan.<\/td>\n<td class=\"column-3\">Para risottos, tortillas o similares.<\/td>\n<td class=\"column-4\">P3 12\/16 h<\/td>\n<\/tr>\n<tr class=\"row-4 even\">\n<td class=\"column-1\">ZUCCHINE<\/td>\n<td class=\"column-2\">En rodajas, si son peque\u00f1as y j\u00f3venes. En trozos o cubos, sin la pulpa central, si son m\u00e1s grandes.<\/td>\n<td class=\"column-3\">Para guarniciones o sopas minestrone despu\u00e9s de templarlas. Muy sabrosas en aceite siempre que sean peque\u00f1as y j\u00f3venes. Secas en rodajas con hierbas son un aperitivo crujiente, sabroso y saludable.<\/td>\n<td class=\"column-4\">P2 8\/12 h<\/td>\n<\/tr>\n<tr class=\"row-5 odd\">\n<td class=\"column-1\">ZUCCA<\/td>\n<td class=\"column-2\">Sin pepitas peladas y cortadas en rodajas o cubos.<\/td>\n<td class=\"column-3\">Para risottos y sopas despu\u00e9s de atemperar. Mezclado como harina para a\u00f1adir al pan, pasta, preparaciones diversas.<\/td>\n<td class=\"column-4\">t3 24 h<\/td>\n<\/tr>\n<tr class=\"row-6 even\">\n<td class=\"column-1\">PATATAS<\/td>\n<td class=\"column-2\">En rodajas o cubos (8-10 mm). Sacudirlos para que no se peguen. La superficie puede dorarse sin comprometer el sabor.<\/td>\n<td class=\"column-3\">Para sopas minestrone, pero tambi\u00e9n para guarniciones despu\u00e9s de atemperarlas. Tambi\u00e9n mantener mezclado con otras verduras para la preparaci\u00f3n de sopas y guisos.<\/td>\n<td class=\"column-4\">P4 12 h<\/td>\n<\/tr>\n<tr class=\"row-7 odd\">\n<td class=\"column-1\">COLES<\/td>\n<td class=\"column-2\">Cortadas en rodajas y extendidas, no requieren cuidados especiales.<\/td>\n<td class=\"column-3\">Principalmente para sopas y guisos y otras preparaciones despu\u00e9s de templar.<\/td>\n<td class=\"column-4\">P1 16\/20 h<\/td>\n<\/tr>\n<tr class=\"row-8 even\">\n<td class=\"column-1\">PEPERONINI<\/td>\n<td class=\"column-2\">C\u00e1scara poco permeable: dan muy buen resultado cortadas por la mitad longitudinalmente.<\/td>\n<td class=\"column-3\">En trozos o en polvo para dar un sabor picante a diversas preparaciones culinarias.<\/td>\n<td class=\"column-4\">P4<br \/>\n18 h para un t4 crujiente y r\u00e1pido para una m\u00e1xima retenci\u00f3n del aroma<\/td>\n<\/tr>\n<tr class=\"row-9 odd\">\n<td class=\"column-1\">PIMIENTA<\/td>\n<td class=\"column-2\">Cortadas en trozos o tiras, no requieren cuidados especiales y son f\u00e1ciles de secar.<\/td>\n<td class=\"column-3\">Para todas las preparaciones, como fresco, despu\u00e9s del templado. Tambi\u00e9n en aceite.<\/td>\n<td class=\"column-4\">t4 18\/12 h<\/td>\n<\/tr>\n<tr class=\"row-10 even\">\n<td class=\"column-1\">TOMATES<\/td>\n<td class=\"column-2\">Tama\u00f1o medio peque\u00f1o, secado largo, pero da excelentes resultados. Si est\u00e1 demasiado madura, puede ennegrecerse, pero conserva su sabor. Se debe secar partida por la mitad sin salar ni escurrir, para conservar el contenido de sal y vitaminas.<\/td>\n<td class=\"column-3\">Se puede utilizar despu\u00e9s de templado en todas las preparaciones como tomates frescos, en guarniciones, salsas, sopas... excelente en aceite combinado con los aromas preferidos (ajo, albahaca, or\u00e9gano, guindilla); adecuado para salsas y salsas o pulverizado.<\/td>\n<td class=\"column-4\">t4-t5 30\/48 h<\/td>\n<\/tr>\n<tr class=\"row-11 odd\">\n<td class=\"column-1\">HIERBAS AROM\u00c1TICAS Y MEDICINALES<\/td>\n<td class=\"column-2\">Manzanilla, hierba de San Juan, malva, cal\u00e9ndula, tomillo, romero, ortiga, menta, melisa, salvia, etc... Se obtienen mejores resultados si las hojas se dejan enteras, aunque esto lleva m\u00e1s tiempo que procesarlas con hojas en rodajas o picadas.<\/td>\n<td class=\"column-3\">Tisanas, pout pourri, decocciones, condimentos para cada plato.<\/td>\n<td class=\"column-4\">P3 6\/24 h<\/td>\n<\/tr>\n<tr class=\"row-12 even\">\n<td class=\"column-1\">SETAS<\/td>\n<td class=\"column-2\">L\u00edmpielos sin mojarlos y c\u00f3rtelos en rodajas de unos 5 mm.<\/td>\n<td class=\"column-3\">Para todas las preparaciones, como fresco, despu\u00e9s del templado.<\/td>\n<td class=\"column-4\">P2<\/td>\n<\/tr>\n<\/tbody>\n<\/table>","protected":false},"excerpt":{"rendered":"<p>PRODOTTO PREPARAZIONE IMPIEGO TEMPO E PROGRAMMA PREZZEMOLO Disporre le foglie non troppo sovrapposte e rigirarle ogni tanto. Ottimo in polvere, [&hellip;]<\/p>\n","protected":false},"author":1,"featured_media":166155,"parent":165746,"menu_order":24,"comment_status":"closed","ping_status":"closed","template":"page-manuale-biosec.php","meta":{"_acf_changed":false,"footnotes":""},"class_list":["post-165754","page","type-page","status-publish","has-post-thumbnail","hentry"],"acf":[],"yoast_head":"<!-- This site is optimized with the Yoast SEO plugin v27.5 - https:\/\/yoast.com\/product\/yoast-seo-wordpress\/ -->\n<title>Essiccare la Verdura &#187; Tauro Essiccatori<\/title>\n<meta name=\"description\" content=\"Scopri come essiccare le tue verdure con il Biosec Pro di Tauro Essiccator ed evitare gli sprechi\" \/>\n<meta name=\"robots\" content=\"index, follow, max-snippet:-1, max-image-preview:large, max-video-preview:-1\" \/>\n<link rel=\"canonical\" href=\"https:\/\/www.tauroessiccatori.com\/es\/manual-de-bioseguridad\/que-secar\/verduras\/\" \/>\n<meta property=\"og:locale\" content=\"es_ES\" \/>\n<meta property=\"og:type\" content=\"article\" \/>\n<meta property=\"og:title\" content=\"Essiccare la Verdura &#187; Tauro Essiccatori\" \/>\n<meta property=\"og:description\" content=\"Scopri come essiccare le tue verdure con il Biosec Pro di Tauro Essiccator ed evitare gli sprechi\" \/>\n<meta property=\"og:url\" content=\"https:\/\/www.tauroessiccatori.com\/es\/manual-de-bioseguridad\/que-secar\/verduras\/\" \/>\n<meta property=\"og:site_name\" content=\"Tauro Essiccatori\" \/>\n<meta property=\"article:publisher\" content=\"https:\/\/www.facebook.com\/tauroessiccatori\" \/>\n<meta property=\"article:modified_time\" content=\"2026-03-14T09:42:18+00:00\" \/>\n<meta name=\"twitter:card\" content=\"summary_large_image\" \/>\n<script type=\"application\/ld+json\" class=\"yoast-schema-graph\">{\"@context\":\"https:\\\/\\\/schema.org\",\"@graph\":[{\"@type\":\"WebPage\",\"@id\":\"https:\\\/\\\/www.tauroessiccatori.com\\\/es\\\/manuale-biosec\\\/cosa-essiccare\\\/verdura\\\/\",\"url\":\"https:\\\/\\\/www.tauroessiccatori.com\\\/es\\\/manuale-biosec\\\/cosa-essiccare\\\/verdura\\\/\",\"name\":\"Essiccare la Verdura &#187; Tauro Essiccatori\",\"isPartOf\":{\"@id\":\"https:\\\/\\\/www.tauroessiccatori.com\\\/es\\\/#website\"},\"primaryImageOfPage\":{\"@id\":\"https:\\\/\\\/www.tauroessiccatori.com\\\/es\\\/manuale-biosec\\\/cosa-essiccare\\\/verdura\\\/#primaryimage\"},\"image\":{\"@id\":\"https:\\\/\\\/www.tauroessiccatori.com\\\/es\\\/manuale-biosec\\\/cosa-essiccare\\\/verdura\\\/#primaryimage\"},\"thumbnailUrl\":\"https:\\\/\\\/www.tauroessiccatori.com\\\/wp-content\\\/uploads\\\/2026\\\/01\\\/chips-zucchine-essiccate_tauro_essiccatori-edited.avif\",\"datePublished\":\"2025-10-08T16:37:17+00:00\",\"dateModified\":\"2026-03-14T09:42:18+00:00\",\"description\":\"Scopri come essiccare le tue verdure con il Biosec Pro di Tauro Essiccator ed evitare gli sprechi\",\"breadcrumb\":{\"@id\":\"https:\\\/\\\/www.tauroessiccatori.com\\\/es\\\/manuale-biosec\\\/cosa-essiccare\\\/verdura\\\/#breadcrumb\"},\"inLanguage\":\"es\",\"potentialAction\":[{\"@type\":\"ReadAction\",\"target\":[\"https:\\\/\\\/www.tauroessiccatori.com\\\/es\\\/manuale-biosec\\\/cosa-essiccare\\\/verdura\\\/\"]}]},{\"@type\":\"ImageObject\",\"inLanguage\":\"es\",\"@id\":\"https:\\\/\\\/www.tauroessiccatori.com\\\/es\\\/manuale-biosec\\\/cosa-essiccare\\\/verdura\\\/#primaryimage\",\"url\":\"https:\\\/\\\/www.tauroessiccatori.com\\\/wp-content\\\/uploads\\\/2026\\\/01\\\/chips-zucchine-essiccate_tauro_essiccatori-edited.avif\",\"contentUrl\":\"https:\\\/\\\/www.tauroessiccatori.com\\\/wp-content\\\/uploads\\\/2026\\\/01\\\/chips-zucchine-essiccate_tauro_essiccatori-edited.avif\",\"width\":1920,\"height\":1080,\"caption\":\"Basta sensi di colpa! Croccanti, saporite e 100% naturali: le chips di zucchine che non ti aspetti. Scopri la ricetta!\"},{\"@type\":\"BreadcrumbList\",\"@id\":\"https:\\\/\\\/www.tauroessiccatori.com\\\/es\\\/manuale-biosec\\\/cosa-essiccare\\\/verdura\\\/#breadcrumb\",\"itemListElement\":[{\"@type\":\"ListItem\",\"position\":1,\"name\":\"Home\",\"item\":\"https:\\\/\\\/www.tauroessiccatori.com\\\/\"},{\"@type\":\"ListItem\",\"position\":2,\"name\":\"Manuale Biosec\",\"item\":\"https:\\\/\\\/www.tauroessiccatori.com\\\/manuale-biosec\\\/\"},{\"@type\":\"ListItem\",\"position\":3,\"name\":\"Cosa essiccare\",\"item\":\"https:\\\/\\\/www.tauroessiccatori.com\\\/manuale-biosec\\\/cosa-essiccare\\\/\"},{\"@type\":\"ListItem\",\"position\":4,\"name\":\"Verdura\"}]},{\"@type\":\"WebSite\",\"@id\":\"https:\\\/\\\/www.tauroessiccatori.com\\\/es\\\/#website\",\"url\":\"https:\\\/\\\/www.tauroessiccatori.com\\\/es\\\/\",\"name\":\"Tauro Essiccatori\",\"description\":\"Da pi\u00f9 di trent\u2019anni, i migliori sistemi di essiccazione.\",\"publisher\":{\"@id\":\"https:\\\/\\\/www.tauroessiccatori.com\\\/es\\\/#organization\"},\"alternateName\":\"Tauro\",\"potentialAction\":[{\"@type\":\"SearchAction\",\"target\":{\"@type\":\"EntryPoint\",\"urlTemplate\":\"https:\\\/\\\/www.tauroessiccatori.com\\\/es\\\/?s={search_term_string}\"},\"query-input\":{\"@type\":\"PropertyValueSpecification\",\"valueRequired\":true,\"valueName\":\"search_term_string\"}}],\"inLanguage\":\"es\"},{\"@type\":\"Organization\",\"@id\":\"https:\\\/\\\/www.tauroessiccatori.com\\\/es\\\/#organization\",\"name\":\"Tauro Essiccatori\",\"alternateName\":\"Tauro Essiccatori srl unipersonale\",\"url\":\"https:\\\/\\\/www.tauroessiccatori.com\\\/es\\\/\",\"logo\":{\"@type\":\"ImageObject\",\"inLanguage\":\"es\",\"@id\":\"https:\\\/\\\/www.tauroessiccatori.com\\\/es\\\/#\\\/schema\\\/logo\\\/image\\\/\",\"url\":\"https:\\\/\\\/www.tauroessiccatori.com\\\/wp-content\\\/uploads\\\/2026\\\/01\\\/tauro.avif\",\"contentUrl\":\"https:\\\/\\\/www.tauroessiccatori.com\\\/wp-content\\\/uploads\\\/2026\\\/01\\\/tauro.avif\",\"width\":360,\"height\":360,\"caption\":\"Tauro Essiccatori\"},\"image\":{\"@id\":\"https:\\\/\\\/www.tauroessiccatori.com\\\/es\\\/#\\\/schema\\\/logo\\\/image\\\/\"},\"sameAs\":[\"https:\\\/\\\/www.facebook.com\\\/tauroessiccatori\"]}]}<\/script>\n<!-- \/ Yoast SEO plugin. -->","yoast_head_json":{"title":"Secado de verduras \u00bb Secadores Tauro","description":"Descubra c\u00f3mo secar sus verduras con el Essiccator Biosec Pro de Tauro y evite los residuos","robots":{"index":"index","follow":"follow","max-snippet":"max-snippet:-1","max-image-preview":"max-image-preview:large","max-video-preview":"max-video-preview:-1"},"canonical":"https:\/\/www.tauroessiccatori.com\/es\/manual-de-bioseguridad\/que-secar\/verduras\/","og_locale":"es_ES","og_type":"article","og_title":"Essiccare la Verdura &#187; Tauro Essiccatori","og_description":"Scopri come essiccare le tue verdure con il Biosec Pro di Tauro Essiccator ed evitare gli sprechi","og_url":"https:\/\/www.tauroessiccatori.com\/es\/manual-de-bioseguridad\/que-secar\/verduras\/","og_site_name":"Tauro Essiccatori","article_publisher":"https:\/\/www.facebook.com\/tauroessiccatori","article_modified_time":"2026-03-14T09:42:18+00:00","twitter_card":"summary_large_image","schema":{"@context":"https:\/\/schema.org","@graph":[{"@type":"WebPage","@id":"https:\/\/www.tauroessiccatori.com\/es\/manuale-biosec\/cosa-essiccare\/verdura\/","url":"https:\/\/www.tauroessiccatori.com\/es\/manuale-biosec\/cosa-essiccare\/verdura\/","name":"Secado de verduras \u00bb Secadores Tauro","isPartOf":{"@id":"https:\/\/www.tauroessiccatori.com\/es\/#website"},"primaryImageOfPage":{"@id":"https:\/\/www.tauroessiccatori.com\/es\/manuale-biosec\/cosa-essiccare\/verdura\/#primaryimage"},"image":{"@id":"https:\/\/www.tauroessiccatori.com\/es\/manuale-biosec\/cosa-essiccare\/verdura\/#primaryimage"},"thumbnailUrl":"https:\/\/www.tauroessiccatori.com\/wp-content\/uploads\/2026\/01\/chips-zucchine-essiccate_tauro_essiccatori-edited.avif","datePublished":"2025-10-08T16:37:17+00:00","dateModified":"2026-03-14T09:42:18+00:00","description":"Descubra c\u00f3mo secar sus verduras con el Essiccator Biosec Pro de Tauro y evite los residuos","breadcrumb":{"@id":"https:\/\/www.tauroessiccatori.com\/es\/manuale-biosec\/cosa-essiccare\/verdura\/#breadcrumb"},"inLanguage":"es","potentialAction":[{"@type":"ReadAction","target":["https:\/\/www.tauroessiccatori.com\/es\/manuale-biosec\/cosa-essiccare\/verdura\/"]}]},{"@type":"ImageObject","inLanguage":"es","@id":"https:\/\/www.tauroessiccatori.com\/es\/manuale-biosec\/cosa-essiccare\/verdura\/#primaryimage","url":"https:\/\/www.tauroessiccatori.com\/wp-content\/uploads\/2026\/01\/chips-zucchine-essiccate_tauro_essiccatori-edited.avif","contentUrl":"https:\/\/www.tauroessiccatori.com\/wp-content\/uploads\/2026\/01\/chips-zucchine-essiccate_tauro_essiccatori-edited.avif","width":1920,"height":1080,"caption":"Basta sensi di colpa! Croccanti, saporite e 100% naturali: le chips di zucchine che non ti aspetti. Scopri la ricetta!"},{"@type":"BreadcrumbList","@id":"https:\/\/www.tauroessiccatori.com\/es\/manuale-biosec\/cosa-essiccare\/verdura\/#breadcrumb","itemListElement":[{"@type":"ListItem","position":1,"name":"Home","item":"https:\/\/www.tauroessiccatori.com\/"},{"@type":"ListItem","position":2,"name":"Manuale Biosec","item":"https:\/\/www.tauroessiccatori.com\/manuale-biosec\/"},{"@type":"ListItem","position":3,"name":"Cosa essiccare","item":"https:\/\/www.tauroessiccatori.com\/manuale-biosec\/cosa-essiccare\/"},{"@type":"ListItem","position":4,"name":"Verdura"}]},{"@type":"WebSite","@id":"https:\/\/www.tauroessiccatori.com\/es\/#website","url":"https:\/\/www.tauroessiccatori.com\/es\/","name":"Secadoras Tauro","description":"Desde hace m\u00e1s de 30 a\u00f1os, los mejores sistemas de secado.","publisher":{"@id":"https:\/\/www.tauroessiccatori.com\/es\/#organization"},"alternateName":"Tauro","potentialAction":[{"@type":"SearchAction","target":{"@type":"EntryPoint","urlTemplate":"https:\/\/www.tauroessiccatori.com\/es\/?s={search_term_string}"},"query-input":{"@type":"PropertyValueSpecification","valueRequired":true,"valueName":"search_term_string"}}],"inLanguage":"es"},{"@type":"Organization","@id":"https:\/\/www.tauroessiccatori.com\/es\/#organization","name":"Secadoras Tauro","alternateName":"Tauro Essiccatori srl unipersonale","url":"https:\/\/www.tauroessiccatori.com\/es\/","logo":{"@type":"ImageObject","inLanguage":"es","@id":"https:\/\/www.tauroessiccatori.com\/es\/#\/schema\/logo\/image\/","url":"https:\/\/www.tauroessiccatori.com\/wp-content\/uploads\/2026\/01\/tauro.avif","contentUrl":"https:\/\/www.tauroessiccatori.com\/wp-content\/uploads\/2026\/01\/tauro.avif","width":360,"height":360,"caption":"Tauro Essiccatori"},"image":{"@id":"https:\/\/www.tauroessiccatori.com\/es\/#\/schema\/logo\/image\/"},"sameAs":["https:\/\/www.facebook.com\/tauroessiccatori"]}]}},"_links":{"self":[{"href":"https:\/\/www.tauroessiccatori.com\/es\/wp-json\/wp\/v2\/pages\/165754","targetHints":{"allow":["GET"]}}],"collection":[{"href":"https:\/\/www.tauroessiccatori.com\/es\/wp-json\/wp\/v2\/pages"}],"about":[{"href":"https:\/\/www.tauroessiccatori.com\/es\/wp-json\/wp\/v2\/types\/page"}],"author":[{"embeddable":true,"href":"https:\/\/www.tauroessiccatori.com\/es\/wp-json\/wp\/v2\/users\/1"}],"replies":[{"embeddable":true,"href":"https:\/\/www.tauroessiccatori.com\/es\/wp-json\/wp\/v2\/comments?post=165754"}],"version-history":[{"count":2,"href":"https:\/\/www.tauroessiccatori.com\/es\/wp-json\/wp\/v2\/pages\/165754\/revisions"}],"predecessor-version":[{"id":175499,"href":"https:\/\/www.tauroessiccatori.com\/es\/wp-json\/wp\/v2\/pages\/165754\/revisions\/175499"}],"up":[{"embeddable":true,"href":"https:\/\/www.tauroessiccatori.com\/es\/wp-json\/wp\/v2\/pages\/165746"}],"wp:featuredmedia":[{"embeddable":true,"href":"https:\/\/www.tauroessiccatori.com\/es\/wp-json\/wp\/v2\/media\/166155"}],"wp:attachment":[{"href":"https:\/\/www.tauroessiccatori.com\/es\/wp-json\/wp\/v2\/media?parent=165754"}],"curies":[{"name":"wp","href":"https:\/\/api.w.org\/{rel}","templated":true}]}}