{"id":165751,"date":"2025-10-08T18:22:20","date_gmt":"2025-10-08T16:22:20","guid":{"rendered":"https:\/\/tauroessiccatori.com\/?page_id=165751"},"modified":"2026-03-14T10:43:32","modified_gmt":"2026-03-14T09:43:32","slug":"fruta","status":"publish","type":"page","link":"https:\/\/www.tauroessiccatori.com\/es\/manuale-biosec\/cosa-essiccare\/frutta\/","title":{"rendered":"Fruta"},"content":{"rendered":"<table class=\"table table-striped\">\n<thead>\n<tr class=\"row-1 odd\">\n<th class=\"column-1 sorting\" tabindex=\"0\" colspan=\"1\" rowspan=\"1\" aria-controls=\"tablepress-1\" aria-label=\"PRODUCTO: activar para ordenar la columna en orden ascendente\">PRODUCTO<\/th>\n<th class=\"column-2 sorting\" tabindex=\"0\" colspan=\"1\" rowspan=\"1\" aria-controls=\"tablepress-1\" aria-label=\"PREPARACI\u00d3N: activar para ordenar la columna en orden ascendente\">PREPARACI\u00d3N<\/th>\n<th class=\"column-3 sorting\" tabindex=\"0\" colspan=\"1\" rowspan=\"1\" aria-controls=\"tablepress-1\" aria-label=\"Alternar: activar para ordenar la columna en orden ascendente\">EMPLEO<\/th>\n<th class=\"column-4 sorting\" tabindex=\"0\" colspan=\"1\" rowspan=\"1\" aria-controls=\"tablepress-1\" aria-label=\"TIEMPO Y HORARIO: activar para ordenar la columna en orden ascendente\">TIEMPO Y HORARIO<\/th>\n<\/tr>\n<\/thead>\n<tbody class=\"row-hover\">\n<tr class=\"row-2 even\">\n<td class=\"column-1\">APRICOCKS<\/td>\n<td class=\"column-2\">Medio y deshuesado. Posible tendencia al pardeamiento con fruta muy madura, aunque sin comprometer el intenso sabor.<\/td>\n<td class=\"column-3\">Tambi\u00e9n para consumo<br \/>\ndirecta o para preparar pasteles o composiciones<br \/>\nen bandejas, cestas, etc.<\/td>\n<td class=\"column-4\">t4\/t5<br \/>\n48\/60 h seg\u00fan el tama\u00f1o<\/td>\n<\/tr>\n<tr class=\"row-3 odd\">\n<td class=\"column-1\">ANANAS<\/td>\n<td class=\"column-2\">P\u00e9lelas y c\u00f3rtelas en rodajas de 6-8 mm de grosor; g\u00edrelas<br \/>\nde vez en cuando para que no se peguen al fondo. Muy acuoso por lo que el secado largo, excelente resultado en t\u00e9rminos de intensidad de la fragancia y aroma.<\/td>\n<td class=\"column-3\">Para consumo directo, tambi\u00e9n para macedonia y composiciones.<\/td>\n<td class=\"column-4\">t4 24 h<\/td>\n<\/tr>\n<tr class=\"row-4 even\">\n<td class=\"column-1\">NARANJAS<\/td>\n<td class=\"column-2\">No demasiado maduro,<br \/>\nen rodajas de unos 5 mm. Tienden a pegarse al fondo de la cesta.<\/td>\n<td class=\"column-3\">Perfecta para decorar pasteles, platos y obras de arte, especialmente navide\u00f1as, pulverizada como harina o batida y secada en barquillos para aperitivos, envoltorios y postres.<\/td>\n<td class=\"column-4\">P4 18\/24 h<\/td>\n<\/tr>\n<tr class=\"row-5 odd\">\n<td class=\"column-1\">BANANAS<\/td>\n<td class=\"column-2\">En rodajas o trozos. Se pegan f\u00e1cilmente al fondo y entre s\u00ed. Tienden a dorarse, pero conservan un sabor intenso. Permanecen blandos y a<br \/>\nun poco pegajosos porque son muy azucarados.<\/td>\n<td class=\"column-3\">Excelente para el consumo directo, para aperitivos y refrescos. Un concentrado de sabor y sustancia especialmente apreciado por los ni\u00f1os.<\/td>\n<td class=\"column-4\">P1 18\/24 h<\/td>\n<\/tr>\n<tr class=\"row-6 even\">\n<td class=\"column-1\">CACHI<\/td>\n<td class=\"column-2\">En rodajas finas (5-6 mm). Los caquis de manzana son excelentes, dulces aunque todav\u00eda duros. Seque tambi\u00e9n las otras calidades antes de que se ablanden. Pierden su astringencia caracter\u00edstica. Si est\u00e1n demasiado maduros, trit\u00farelos y s\u00e9quelos hasta obtener un pur\u00e9.<\/td>\n<td class=\"column-3\">Excelentes para el consumo directo y tambi\u00e9n para diversas composiciones. Conservan un bonito color. Mezcladas en pur\u00e9, son perfectas para postres y sabrosos aperitivos.<\/td>\n<td class=\"column-4\">P2<\/td>\n<\/tr>\n<tr class=\"row-7 odd\">\n<td class=\"column-1\">CEREZAS<\/td>\n<td class=\"column-2\">Cortadas por la mitad y deshuesadas, intensifican el aroma y la fragancia.<\/td>\n<td class=\"column-3\">Perfecto para infusiones, pucheros, dulces de todo tipo.<\/td>\n<td class=\"column-4\">P1\/t4<\/td>\n<\/tr>\n<tr class=\"row-8 even\">\n<td class=\"column-1\">KIWI<\/td>\n<td class=\"column-2\">Pelar y cortar en rodajas de 6-8 mm o cortar 4 rodajas longitudinales de una fruta entera; estirar y sacudir para que no se peguen. Conservan un color discreto. Sabor intenso y astringente.<\/td>\n<td class=\"column-3\">Se consume mejor directamente con otras frutas o en macedonia despu\u00e9s de atemperarla; excelente para composiciones.<\/td>\n<td class=\"column-4\">P2<\/td>\n<\/tr>\n<tr class=\"row-9 odd\">\n<td class=\"column-1\">FIGS<\/td>\n<td class=\"column-2\">Partirlos por la mitad, eligi\u00e9ndolos preferiblemente bien maduros, secos y no demasiado grandes.<\/td>\n<td class=\"column-3\">Para consumo directo y como ingrediente en postres o macedonias. En trozos para composiciones.<\/td>\n<td class=\"column-4\">t4\/t5<br \/>\n48\/60 h seg\u00fan el tama\u00f1o<\/td>\n<\/tr>\n<tr class=\"row-10 even\">\n<td class=\"column-1\">MANZANAS<\/td>\n<td class=\"column-2\">En rodajas de 5-6 mm de grosor, enteras o despu\u00e9s de quitarles el coraz\u00f3n y la piel.<\/td>\n<td class=\"column-3\">Consumo directo, para tartas o cestas. Deliciosas cuando se sumergen hasta la mitad en chocolate fundido y se dejan secar. Muy rica en fibra, sobre todo si se seca con la c\u00e1scara.<\/td>\n<td class=\"column-4\">P2<\/td>\n<\/tr>\n<tr class=\"row-11 odd\">\n<td class=\"column-1\">PERAS<\/td>\n<td class=\"column-2\">Como las manzanas. Las variedades peque\u00f1as y dulces tambi\u00e9n pueden secarse partidas por la mitad.<\/td>\n<td class=\"column-3\">Excelente para el consumo directo y para postres, macedonias y composiciones diversas.<\/td>\n<td class=\"column-4\">P2 rodajas t4 por la mitad<\/td>\n<\/tr>\n<tr class=\"row-12 even\">\n<td class=\"column-1\">MELOCOTONES Y NECTARINAS<\/td>\n<td class=\"column-2\">En mitades si son peque\u00f1as, en rodajas o cu\u00f1as si son m\u00e1s grandes. Ag\u00edtelos a menudo.<\/td>\n<td class=\"column-3\">Bueno para el consumo directo.<\/td>\n<td class=\"column-4\">P1\/t4<\/td>\n<\/tr>\n<tr class=\"row-13 odd\">\n<td class=\"column-1\">PRUGNE<\/td>\n<td class=\"column-2\">Partidas por la mitad y deshuesadas o enteras despu\u00e9s de remojarlas durante 30-60 segundos en agua hirviendo (con mayor tiempo de secado).<\/td>\n<td class=\"column-3\">Consumo directo o para postres y composiciones art\u00edsticas. Hervidas durante unos minutos en un poco de agua, son ligeramente laxantes.<\/td>\n<td class=\"column-4\">t4\/t5<br \/>\n30\/48 h seg\u00fan el tama\u00f1o, P6<br \/>\nhasta que est\u00e9 completamente seco, si est\u00e1 entero<\/td>\n<\/tr>\n<tr class=\"row-14 even\">\n<td class=\"column-1\">UVA<\/td>\n<td class=\"column-2\">Secado lento debido a una piel muy impermeable. Acelerar partiendo las uvas por la mitad o adelgazando el racimo.<\/td>\n<td class=\"column-3\">Para todos los usos, desde las sultaninas hasta el consumo directo.<\/td>\n<td class=\"column-4\">t4 36\/48 h<\/td>\n<\/tr>\n<\/tbody>\n<\/table>","protected":false},"excerpt":{"rendered":"<p>PRODOTTO PREPARAZIONE IMPIEGO TEMPO E PROGRAMMA ALBICOCCHE A meta\u0300 e denocciolate. Possibile tendenza all\u2019imbrunimento con frutti molto maturi, pur senza [&hellip;]<\/p>\n","protected":false},"author":1,"featured_media":165841,"parent":165746,"menu_order":23,"comment_status":"closed","ping_status":"closed","template":"page-manuale-biosec.php","meta":{"_acf_changed":false,"footnotes":""},"class_list":["post-165751","page","type-page","status-publish","has-post-thumbnail","hentry"],"acf":[],"yoast_head":"<!-- This site is optimized with the Yoast SEO plugin v27.5 - https:\/\/yoast.com\/product\/yoast-seo-wordpress\/ -->\n<title>Essiccare la Frutta &#187; Tauro Essiccatori<\/title>\n<meta name=\"description\" content=\"Scopri come essiccare tutti i tipi di frutta con il Biosec Pro di Tauro Essiccatori\" \/>\n<meta name=\"robots\" content=\"index, follow, max-snippet:-1, max-image-preview:large, max-video-preview:-1\" \/>\n<link rel=\"canonical\" href=\"https:\/\/www.tauroessiccatori.com\/es\/manual-de-bioseguridad\/que-secar\/fruta\/\" \/>\n<meta property=\"og:locale\" content=\"es_ES\" \/>\n<meta property=\"og:type\" content=\"article\" \/>\n<meta property=\"og:title\" content=\"Essiccare la Frutta &#187; Tauro Essiccatori\" \/>\n<meta property=\"og:description\" content=\"Scopri come essiccare tutti i tipi di frutta con il Biosec Pro di Tauro Essiccatori\" \/>\n<meta property=\"og:url\" content=\"https:\/\/www.tauroessiccatori.com\/es\/manual-de-bioseguridad\/que-secar\/fruta\/\" \/>\n<meta property=\"og:site_name\" content=\"Tauro Essiccatori\" \/>\n<meta property=\"article:publisher\" content=\"https:\/\/www.facebook.com\/tauroessiccatori\" \/>\n<meta property=\"article:modified_time\" content=\"2026-03-14T09:43:32+00:00\" \/>\n<meta name=\"twitter:card\" content=\"summary_large_image\" \/>\n<script type=\"application\/ld+json\" class=\"yoast-schema-graph\">{\"@context\":\"https:\\\/\\\/schema.org\",\"@graph\":[{\"@type\":\"WebPage\",\"@id\":\"https:\\\/\\\/www.tauroessiccatori.com\\\/es\\\/manuale-biosec\\\/cosa-essiccare\\\/frutta\\\/\",\"url\":\"https:\\\/\\\/www.tauroessiccatori.com\\\/es\\\/manuale-biosec\\\/cosa-essiccare\\\/frutta\\\/\",\"name\":\"Essiccare la Frutta &#187; Tauro Essiccatori\",\"isPartOf\":{\"@id\":\"https:\\\/\\\/www.tauroessiccatori.com\\\/es\\\/#website\"},\"primaryImageOfPage\":{\"@id\":\"https:\\\/\\\/www.tauroessiccatori.com\\\/es\\\/manuale-biosec\\\/cosa-essiccare\\\/frutta\\\/#primaryimage\"},\"image\":{\"@id\":\"https:\\\/\\\/www.tauroessiccatori.com\\\/es\\\/manuale-biosec\\\/cosa-essiccare\\\/frutta\\\/#primaryimage\"},\"thumbnailUrl\":\"https:\\\/\\\/www.tauroessiccatori.com\\\/wp-content\\\/uploads\\\/2019\\\/09\\\/chips-mela-essiccata_tauro_essiccatori.avif\",\"datePublished\":\"2025-10-08T16:22:20+00:00\",\"dateModified\":\"2026-03-14T09:43:32+00:00\",\"description\":\"Scopri come essiccare tutti i tipi di frutta con il Biosec Pro di Tauro Essiccatori\",\"breadcrumb\":{\"@id\":\"https:\\\/\\\/www.tauroessiccatori.com\\\/es\\\/manuale-biosec\\\/cosa-essiccare\\\/frutta\\\/#breadcrumb\"},\"inLanguage\":\"es\",\"potentialAction\":[{\"@type\":\"ReadAction\",\"target\":[\"https:\\\/\\\/www.tauroessiccatori.com\\\/es\\\/manuale-biosec\\\/cosa-essiccare\\\/frutta\\\/\"]}]},{\"@type\":\"ImageObject\",\"inLanguage\":\"es\",\"@id\":\"https:\\\/\\\/www.tauroessiccatori.com\\\/es\\\/manuale-biosec\\\/cosa-essiccare\\\/frutta\\\/#primaryimage\",\"url\":\"https:\\\/\\\/www.tauroessiccatori.com\\\/wp-content\\\/uploads\\\/2019\\\/09\\\/chips-mela-essiccata_tauro_essiccatori.avif\",\"contentUrl\":\"https:\\\/\\\/www.tauroessiccatori.com\\\/wp-content\\\/uploads\\\/2019\\\/09\\\/chips-mela-essiccata_tauro_essiccatori.avif\",\"width\":1920,\"height\":1920,\"caption\":\"Croccanti, dolci e irresistibili. Trasforma le tue mele preferite nello snack sano che piacer\u00e0 a tutta la famiglia!\"},{\"@type\":\"BreadcrumbList\",\"@id\":\"https:\\\/\\\/www.tauroessiccatori.com\\\/es\\\/manuale-biosec\\\/cosa-essiccare\\\/frutta\\\/#breadcrumb\",\"itemListElement\":[{\"@type\":\"ListItem\",\"position\":1,\"name\":\"Home\",\"item\":\"https:\\\/\\\/www.tauroessiccatori.com\\\/\"},{\"@type\":\"ListItem\",\"position\":2,\"name\":\"Manuale Biosec\",\"item\":\"https:\\\/\\\/www.tauroessiccatori.com\\\/manuale-biosec\\\/\"},{\"@type\":\"ListItem\",\"position\":3,\"name\":\"Cosa essiccare\",\"item\":\"https:\\\/\\\/www.tauroessiccatori.com\\\/manuale-biosec\\\/cosa-essiccare\\\/\"},{\"@type\":\"ListItem\",\"position\":4,\"name\":\"Frutta\"}]},{\"@type\":\"WebSite\",\"@id\":\"https:\\\/\\\/www.tauroessiccatori.com\\\/es\\\/#website\",\"url\":\"https:\\\/\\\/www.tauroessiccatori.com\\\/es\\\/\",\"name\":\"Tauro Essiccatori\",\"description\":\"Da pi\u00f9 di trent\u2019anni, i migliori sistemi di essiccazione.\",\"publisher\":{\"@id\":\"https:\\\/\\\/www.tauroessiccatori.com\\\/es\\\/#organization\"},\"alternateName\":\"Tauro\",\"potentialAction\":[{\"@type\":\"SearchAction\",\"target\":{\"@type\":\"EntryPoint\",\"urlTemplate\":\"https:\\\/\\\/www.tauroessiccatori.com\\\/es\\\/?s={search_term_string}\"},\"query-input\":{\"@type\":\"PropertyValueSpecification\",\"valueRequired\":true,\"valueName\":\"search_term_string\"}}],\"inLanguage\":\"es\"},{\"@type\":\"Organization\",\"@id\":\"https:\\\/\\\/www.tauroessiccatori.com\\\/es\\\/#organization\",\"name\":\"Tauro Essiccatori\",\"alternateName\":\"Tauro Essiccatori srl unipersonale\",\"url\":\"https:\\\/\\\/www.tauroessiccatori.com\\\/es\\\/\",\"logo\":{\"@type\":\"ImageObject\",\"inLanguage\":\"es\",\"@id\":\"https:\\\/\\\/www.tauroessiccatori.com\\\/es\\\/#\\\/schema\\\/logo\\\/image\\\/\",\"url\":\"https:\\\/\\\/www.tauroessiccatori.com\\\/wp-content\\\/uploads\\\/2026\\\/01\\\/tauro.avif\",\"contentUrl\":\"https:\\\/\\\/www.tauroessiccatori.com\\\/wp-content\\\/uploads\\\/2026\\\/01\\\/tauro.avif\",\"width\":360,\"height\":360,\"caption\":\"Tauro Essiccatori\"},\"image\":{\"@id\":\"https:\\\/\\\/www.tauroessiccatori.com\\\/es\\\/#\\\/schema\\\/logo\\\/image\\\/\"},\"sameAs\":[\"https:\\\/\\\/www.facebook.com\\\/tauroessiccatori\"]}]}<\/script>\n<!-- \/ Yoast SEO plugin. -->","yoast_head_json":{"title":"Secado de fruta \u00bb Secadores de fruta Tauro","description":"Descubra c\u00f3mo secar todo tipo de frutas con el Biosec Pro de Tauro Secadores","robots":{"index":"index","follow":"follow","max-snippet":"max-snippet:-1","max-image-preview":"max-image-preview:large","max-video-preview":"max-video-preview:-1"},"canonical":"https:\/\/www.tauroessiccatori.com\/es\/manual-de-bioseguridad\/que-secar\/fruta\/","og_locale":"es_ES","og_type":"article","og_title":"Essiccare la Frutta &#187; Tauro Essiccatori","og_description":"Scopri come essiccare tutti i tipi di frutta con il Biosec Pro di Tauro Essiccatori","og_url":"https:\/\/www.tauroessiccatori.com\/es\/manual-de-bioseguridad\/que-secar\/fruta\/","og_site_name":"Tauro Essiccatori","article_publisher":"https:\/\/www.facebook.com\/tauroessiccatori","article_modified_time":"2026-03-14T09:43:32+00:00","twitter_card":"summary_large_image","schema":{"@context":"https:\/\/schema.org","@graph":[{"@type":"WebPage","@id":"https:\/\/www.tauroessiccatori.com\/es\/manuale-biosec\/cosa-essiccare\/frutta\/","url":"https:\/\/www.tauroessiccatori.com\/es\/manuale-biosec\/cosa-essiccare\/frutta\/","name":"Secado de fruta \u00bb Secadores de fruta Tauro","isPartOf":{"@id":"https:\/\/www.tauroessiccatori.com\/es\/#website"},"primaryImageOfPage":{"@id":"https:\/\/www.tauroessiccatori.com\/es\/manuale-biosec\/cosa-essiccare\/frutta\/#primaryimage"},"image":{"@id":"https:\/\/www.tauroessiccatori.com\/es\/manuale-biosec\/cosa-essiccare\/frutta\/#primaryimage"},"thumbnailUrl":"https:\/\/www.tauroessiccatori.com\/wp-content\/uploads\/2019\/09\/chips-mela-essiccata_tauro_essiccatori.avif","datePublished":"2025-10-08T16:22:20+00:00","dateModified":"2026-03-14T09:43:32+00:00","description":"Descubra c\u00f3mo secar todo tipo de frutas con el Biosec Pro de Tauro Secadores","breadcrumb":{"@id":"https:\/\/www.tauroessiccatori.com\/es\/manuale-biosec\/cosa-essiccare\/frutta\/#breadcrumb"},"inLanguage":"es","potentialAction":[{"@type":"ReadAction","target":["https:\/\/www.tauroessiccatori.com\/es\/manuale-biosec\/cosa-essiccare\/frutta\/"]}]},{"@type":"ImageObject","inLanguage":"es","@id":"https:\/\/www.tauroessiccatori.com\/es\/manuale-biosec\/cosa-essiccare\/frutta\/#primaryimage","url":"https:\/\/www.tauroessiccatori.com\/wp-content\/uploads\/2019\/09\/chips-mela-essiccata_tauro_essiccatori.avif","contentUrl":"https:\/\/www.tauroessiccatori.com\/wp-content\/uploads\/2019\/09\/chips-mela-essiccata_tauro_essiccatori.avif","width":1920,"height":1920,"caption":"Croccanti, dolci e irresistibili. Trasforma le tue mele preferite nello snack sano che piacer\u00e0 a tutta la famiglia!"},{"@type":"BreadcrumbList","@id":"https:\/\/www.tauroessiccatori.com\/es\/manuale-biosec\/cosa-essiccare\/frutta\/#breadcrumb","itemListElement":[{"@type":"ListItem","position":1,"name":"Home","item":"https:\/\/www.tauroessiccatori.com\/"},{"@type":"ListItem","position":2,"name":"Manuale Biosec","item":"https:\/\/www.tauroessiccatori.com\/manuale-biosec\/"},{"@type":"ListItem","position":3,"name":"Cosa essiccare","item":"https:\/\/www.tauroessiccatori.com\/manuale-biosec\/cosa-essiccare\/"},{"@type":"ListItem","position":4,"name":"Frutta"}]},{"@type":"WebSite","@id":"https:\/\/www.tauroessiccatori.com\/es\/#website","url":"https:\/\/www.tauroessiccatori.com\/es\/","name":"Secadoras Tauro","description":"Desde hace m\u00e1s de 30 a\u00f1os, los mejores sistemas de secado.","publisher":{"@id":"https:\/\/www.tauroessiccatori.com\/es\/#organization"},"alternateName":"Tauro","potentialAction":[{"@type":"SearchAction","target":{"@type":"EntryPoint","urlTemplate":"https:\/\/www.tauroessiccatori.com\/es\/?s={search_term_string}"},"query-input":{"@type":"PropertyValueSpecification","valueRequired":true,"valueName":"search_term_string"}}],"inLanguage":"es"},{"@type":"Organization","@id":"https:\/\/www.tauroessiccatori.com\/es\/#organization","name":"Secadoras Tauro","alternateName":"Tauro Essiccatori srl unipersonale","url":"https:\/\/www.tauroessiccatori.com\/es\/","logo":{"@type":"ImageObject","inLanguage":"es","@id":"https:\/\/www.tauroessiccatori.com\/es\/#\/schema\/logo\/image\/","url":"https:\/\/www.tauroessiccatori.com\/wp-content\/uploads\/2026\/01\/tauro.avif","contentUrl":"https:\/\/www.tauroessiccatori.com\/wp-content\/uploads\/2026\/01\/tauro.avif","width":360,"height":360,"caption":"Tauro Essiccatori"},"image":{"@id":"https:\/\/www.tauroessiccatori.com\/es\/#\/schema\/logo\/image\/"},"sameAs":["https:\/\/www.facebook.com\/tauroessiccatori"]}]}},"_links":{"self":[{"href":"https:\/\/www.tauroessiccatori.com\/es\/wp-json\/wp\/v2\/pages\/165751","targetHints":{"allow":["GET"]}}],"collection":[{"href":"https:\/\/www.tauroessiccatori.com\/es\/wp-json\/wp\/v2\/pages"}],"about":[{"href":"https:\/\/www.tauroessiccatori.com\/es\/wp-json\/wp\/v2\/types\/page"}],"author":[{"embeddable":true,"href":"https:\/\/www.tauroessiccatori.com\/es\/wp-json\/wp\/v2\/users\/1"}],"replies":[{"embeddable":true,"href":"https:\/\/www.tauroessiccatori.com\/es\/wp-json\/wp\/v2\/comments?post=165751"}],"version-history":[{"count":1,"href":"https:\/\/www.tauroessiccatori.com\/es\/wp-json\/wp\/v2\/pages\/165751\/revisions"}],"predecessor-version":[{"id":175497,"href":"https:\/\/www.tauroessiccatori.com\/es\/wp-json\/wp\/v2\/pages\/165751\/revisions\/175497"}],"up":[{"embeddable":true,"href":"https:\/\/www.tauroessiccatori.com\/es\/wp-json\/wp\/v2\/pages\/165746"}],"wp:featuredmedia":[{"embeddable":true,"href":"https:\/\/www.tauroessiccatori.com\/es\/wp-json\/wp\/v2\/media\/165841"}],"wp:attachment":[{"href":"https:\/\/www.tauroessiccatori.com\/es\/wp-json\/wp\/v2\/media?parent=165751"}],"curies":[{"name":"wp","href":"https:\/\/api.w.org\/{rel}","templated":true}]}}