{"id":165713,"date":"2025-10-08T08:47:57","date_gmt":"2025-10-08T06:47:57","guid":{"rendered":"https:\/\/tauroessiccatori.com\/?page_id=165713"},"modified":"2025-10-25T16:31:34","modified_gmt":"2025-10-25T14:31:34","slug":"utilizzo-dei-programmi","status":"publish","type":"page","link":"https:\/\/www.tauroessiccatori.com\/es\/manuale-biosec\/programmi\/","title":{"rendered":"Utilizaci\u00f3n de programas"},"content":{"rendered":"<h2><b>DRYSET PRO SE ENCARGA DE ELLO<\/b><\/h2>\n<p>BIOSEC est\u00e1 equipado con el\u2019\u00a0<b>exclusivo sistema electr\u00f3nico Dryset Pro<\/b>,que garantiza una gama de programas completa, sencilla y eficaz, adecuada para cada tipo de uso y producto. Los programas se dise\u00f1an teniendo en cuenta todas las variables que intervienen en el proceso de secado.<\/p>\n<p>En concreto, se diferencian en:<\/p>\n<ol>\n<li>combinaci\u00f3n de\u00a0<b>temperaturas<\/b>\u00a0diferentes tiempos de funcionamiento para diferentes porciones de tiempo;<\/li>\n<li>alternancia de diferentes\u00a0<b>velocidad<\/b>\u00a0del ventilador y se detiene;<\/li>\n<li><b>duraci\u00f3n<\/b>\u00a0especificaci\u00f3n de los programas en horas.<\/li>\n<\/ol>\n<p>&nbsp;<\/p>\n<p>Todos los programas descritos a continuaci\u00f3n muestran la duraci\u00f3n en horas\u00a0<b>(H)<\/b>,los marcados con el s\u00edmbolo\u00a0<b>MN<\/b>\u00a0tambi\u00e9n incluyen un\u00a0<b>mantenimiento final<\/b>. Para modificar la duraci\u00f3n de los programas, consulte el apartado Temporizador en la p\u00e1gina 8.<\/p>\n<p>&nbsp;<\/p>\n<div><img decoding=\"async\" src=\"https:\/\/stor42.tauroessiccatori.com\/wp-assets\/uploads\/2023\/01\/biosec_manuale_2022_programmi-drysetpro-min.jpg\" \/><br \/>\nLas im\u00e1genes se incluyen con fines ilustrativos.<\/div>\n<p><b>Dryset Pro.<\/b><br \/>\nEncontrar\u00e1 todos los iconos de los programas directamente en la etiqueta que rodea la pantalla.<\/p>\n<p>Seleccione su programa favorito y... \u00a1feliz secado!<\/p>\n<p>Los productos transformados, una vez\u00a0<b>alcanzado el m\u00e1ximo grado de secado posible, NO se alteran, queman o alteran m\u00e1s, incluso si se olvidan en la secadora encendida.<\/b><\/p>\n<p>&nbsp;<\/p>\n<h2><b>PROGRAMAS PREDEFINIDOS<\/b><\/h2>\n<p><b>P1- Autom\u00e1tico<\/b>es el programa m\u00e1s sencillo y vers\u00e1til. Si no sabe c\u00f3mo proceder, es la primera vez que utiliza BIOSEC o simplemente tiene un producto tan especial que no encaja en ninguna otra categor\u00eda, seleccione P1 -.\u00a0<b>temperatura m\u00e1xima alcanzada 55\u00b0C - H: 30h+MN<\/b><\/p>\n<p><b>P2- Champi\u00f1ones y rodajas finas<\/b>perfecto para setas y productos no demasiado acuosos, para secar en l\u00e1minas finas (4-6 mm), como manzanas, peras, calabacines, berenjenas, etc.\u00a0<b>temperatura m\u00e1xima alcanzada 50\u00b0C - H: 18h+MN<\/b><\/p>\n<p><b>P3- BioCrudista<\/b>especialmente dise\u00f1ado para quienes siguen una dieta cruda. BioCrudist\u00a0<b>toca 42\u00b0C<\/b>\u00a0de temperatura en las dos primeras horas y despu\u00e9s baja a 40\u00b0C. Por su extrema delicadeza, tambi\u00e9n es excelente para las hierbas arom\u00e1ticas y medicinales.\u00a0<b>temperatura m\u00e1xima alcanzada 42\u00b0C - H: indefinido<\/b>\u00a0(se detendr\u00e1 cuando se alcance el grado de secado deseado).<\/p>\n<p><b>P4- Supercaliente<\/b>es el m\u00e1s\u00a0<b>caliente, al l\u00edmite de la cocci\u00f3n<\/b>\u00a0(hablamos de cocinar a partir de 70 grados). Es ideal para los productos que contienen mucha agua que hay que eliminar, como los tomates, los albaricoques, las ciruelas, pero tambi\u00e9n es perfecto para la carne y el pescado, ya que ralentiza el crecimiento bacteriano. Por \u00faltimo, es perfecto para\u00a0<b>merengues<\/b>,que requerir\u00edan un proceso delicado y bastante prolongado en el horno: la precisi\u00f3n de la temperatura y la ventilaci\u00f3n de BIOSEC evitar\u00e1n quemaduras indeseadas, mientras que su horno quedar\u00e1 libre para cualquier otro uso...\u00a0<b>temperatura m\u00e1xima alcanzada 68\u00b0C - H: 24h+MN<\/b><\/p>\n<p><b>P5- Pasta:<\/b>\u00a0es un programa dise\u00f1ado espec\u00edficamente para el tratamiento de la pasta fresca, gracias a la combinaci\u00f3n de una temperatura adecuada y una ventilaci\u00f3n suave para evitar grietas en la superficie del producto. Sin embargo, requiere un ojo atento para verificar el grado de secado deseado en cada caso y para cada tipo de preparaci\u00f3n diferente -.\u00a0<b>temperatura m\u00e1xima alcanzada 30\u00b0C - H: 16h+MN<\/b><\/p>\n<p><b>P6- Econom\u00eda:<\/b>\u00a0Dedicado a aquellos que prestan especial atenci\u00f3n a la ecolog\u00eda y al bolsillo, o que siempre tienen mil electrodom\u00e9sticos en marcha: seleccione el programa P6, unos tiempos de secado ligeramente m\u00e1s largos se corresponder\u00e1n con un ahorro m\u00e1s que proporcional. Tambi\u00e9n es perfecto para\u00a0<b>campings, autocaravanas u hoteles<\/b>,donde la disponibilidad de energ\u00eda el\u00e9ctrica es limitada: P6 consume un m\u00e1ximo de 270 W -\u00a0<b>temperatura m\u00e1xima alcanzada 45\u00b0C -H: indefinido<\/b>\u00a0(se detendr\u00e1 cuando se alcance el grado de secado deseado).<\/p>\n<p><b>P7- Silencio:<\/b>\u00a0es el programa m\u00e1s adecuado para la noche o para todos aquellos que utilizan BIOSEC en lugares de trabajo, para mantener el ruido al m\u00ednimo. La velocidad del ventilador est\u00e1 especialmente dise\u00f1ada para reducir al m\u00e1ximo el ruido, \u00a1sin perder eficacia! Pru\u00e9belo con todos\u00a0<b>productos ligeros y diminutos<\/b>\u00a0(azafr\u00e1n, hojas peque\u00f1as, etc.) que podr\u00edan salir volando con los dem\u00e1s programas -\u00a0<b>temperatura m\u00e1xima alcanzada 45\u00b0C -H: 48h+MN<\/b><\/p>\n<p>&nbsp;<\/p>\n<h2><b>PROGRAMAS SIN L\u00cdMITE DE TIEMPO<\/b><\/h2>\n<p>Para todos aquellos que deseen un mayor control sobre la selecci\u00f3n de la temperatura, BIOSEC tambi\u00e9n ofrece\u00a0<b>programas t1 a t5<\/b>,que garantizan temperaturas de funcionamiento entre 20 \u00b0C y 60 \u00b0C.<\/p>\n<p><b>Programas t1 a t5<\/b>\u00a0funcionan de forma inteligente, alternando entre la temperatura de funcionamiento y la ventilaci\u00f3n en fr\u00edo para garantizar el mejor resultado.\u00a0<b>Tampoco hay plazos<\/b>Siempre ser\u00e1 necesario detener BIOSEC cuando se alcance el grado de secado deseado.\u00a0<b>o programar el temporizador<\/b>\u00a0seg\u00fan el apartado dedicado (v\u00e9ase la p\u00e1gina 8).<\/p>\n<p>&nbsp;<\/p>\n<h2><b>FUNCIONES AVANZADAS: para un mayor control de la temperatura<\/b><\/h2>\n<p><img decoding=\"async\" src=\"https:\/\/stor42.tauroessiccatori.com\/wp-assets\/uploads\/2023\/01\/funzioni-avanzate.png\" \/><br \/>\nLos programas\u00a0<b>P7, t1 y t5<\/b>\u00a0puede ajustarse para un control personalizado de la temperatura, con tres modos de ventilaci\u00f3n diferentes.<\/p>\n<ul>\n<li><b>P7<\/b>\u00a0tener un\u00a0<b>ventilaci\u00f3n siempre lenta<\/b>\u00a0y por lo tanto m\u00e1s ahorro de energ\u00eda y menos movimiento de aire, tambi\u00e9n adecuado para materiales m\u00e1s ligeros como hierbas, flores y productos de hoja.<\/li>\n<li><b>t1<\/b>\u00a0tener siempre la\u00a0<b>m\u00e1xima ventilaci\u00f3n<\/b>. Con este programa, la temperatura nunca subir\u00e1 m\u00e1s de 25 grados por encima de la temperatura ambiente, aunque se haya ajustado a un valor superior. Adecuado para productos muy acuosos.<\/li>\n<li><b>t5<\/b>\u00a0tener un\u00a0<b>ventilaci\u00f3n modulada<\/b>\u00a0autom\u00e1ticamente en funci\u00f3n de la temperatura ambiente y la temperatura programada. V\u00e1lido para la mayor\u00eda de los productos.<\/li>\n<\/ul>\n<p>&nbsp;<\/p>\n<p><b>C\u00f3mo utilizar la funci\u00f3n avanzada:<\/b><\/p>\n<p>Elija un programa entre P7, t1 y t5. P\u00f3ngalo en marcha normalmente y, a continuaci\u00f3n, mantenga pulsados simult\u00e1neamente los botones SET y ON\/OFF durante 5 segundos hasta que aparezca un d\u00edgito parpadeando, que es la temperatura de funcionamiento. Cambie la temperatura pulsando repetidamente el bot\u00f3n SET para aumentarla o el bot\u00f3n ON\/OFF para disminuirla, hasta que aparezca la temperatura deseada. Una vez que aparezca la temperatura deseada, espere unos segundos sin pulsar nada: BIOSEC almacenar\u00e1 esta temperatura como nuevo objetivo del programa, que se seguir\u00e1 indefinidamente a menos que se ajuste un temporizador (consulte la p\u00e1gina 8).<br \/>\nLa temperatura ajustada de este modo se restablece al ajuste de f\u00e1brica cuando se interrumpe el suministro el\u00e9ctrico.<\/p>\n<p>&nbsp;<\/p>\n<p><b>En cualquier caso, hay que recordar que la temperatura del aire calentado no se corresponde con la temperatura del producto real, que siempre es unos diez grados inferior a ella.<\/b><\/p>\n<p>&nbsp;<\/p>\n<p>Todos los programas se han creado tras a\u00f1os de experiencia y comentarios de los clientes. No obstante, compruebe siempre que el producto que est\u00e1 secando est\u00e1 bien seco antes de guardarlo. En caso de duda, d\u00e9jelo secar unas horas m\u00e1s antes de terminar el ciclo.<br \/>\nTe invitamos a experimentar con tus recetas y, si lo deseas, a compartirlas con nosotros o con la comunidad de Gente che Essicca en Facebook.<\/p>\n<p>&nbsp;<\/p>\n<h2><b>CUADRO RESUMEN DEL PROGRAMA DRYSET PRO<\/b><\/h2>\n<table class=\"espace\" border=\"1\">\n<tbody>\n<tr class=\"title\">\n<td>PROGRAMA<\/td>\n<td class=\"padding_img\">PANTALLA<\/td>\n<td>TEMP. M\u00c1X. ALCANZADA<br \/>\nALCANZADO<\/td>\n<td>H<br \/>\n<span class=\"subtitle\">- horas -<\/span><\/td>\n<td>MN<br \/>\n<span class=\"subtitle\">- mantenimiento -<\/span><\/td>\n<td>VENTILACI\u00d3N<\/td>\n<\/tr>\n<tr>\n<td class=\"title_left\">Autom\u00e1tico<\/td>\n<td class=\"padding_img\"><img decoding=\"async\" src=\"https:\/\/stor42.tauroessiccatori.com\/wp-assets\/uploads\/2023\/01\/tauro-program-p1_A.png\" alt=\"p1_A\" \/><\/td>\n<td>55\u00b0C<\/td>\n<td>30<\/td>\n<td>S\u00ed<\/td>\n<td>variable<\/td>\n<\/tr>\n<tr class=\"pari\">\n<td class=\"title_left\">Champi\u00f1ones y rodajas finas<\/td>\n<td class=\"padding_img\"><img decoding=\"async\" src=\"https:\/\/stor42.tauroessiccatori.com\/wp-assets\/uploads\/2023\/01\/tauro-program-p2.png\" alt=\"p2\" \/><\/td>\n<td>50\u00b0C<\/td>\n<td>18<\/td>\n<td>S\u00ed<\/td>\n<td>variable<\/td>\n<\/tr>\n<tr>\n<td class=\"title_left\">Bio Crudista<\/td>\n<td class=\"padding_img\"><img decoding=\"async\" src=\"https:\/\/stor42.tauroessiccatori.com\/wp-assets\/uploads\/2023\/01\/tauro-program-p3.png\" alt=\"p3\" \/><\/td>\n<td>42\u00b0C<\/td>\n<td>indefinido<\/td>\n<td>\u2013<\/td>\n<td>variable alta<\/td>\n<\/tr>\n<tr class=\"pari\">\n<td class=\"title_left\">Supercaliente 68\u00b0C<\/td>\n<td class=\"padding_img\"><img decoding=\"async\" src=\"https:\/\/stor42.tauroessiccatori.com\/wp-assets\/uploads\/2023\/01\/tauro-program-p4.png\" alt=\"p4\" \/><\/td>\n<td>68\u00b0C<\/td>\n<td>24<\/td>\n<td>S\u00ed<\/td>\n<td>variable<\/td>\n<\/tr>\n<tr>\n<td class=\"title_left\">Pasta<\/td>\n<td class=\"padding_img\"><img decoding=\"async\" src=\"https:\/\/stor42.tauroessiccatori.com\/wp-assets\/uploads\/2023\/01\/tauro-program-p5.png\" alt=\"p5\" \/><\/td>\n<td>30\u00b0C<\/td>\n<td>16<\/td>\n<td>S\u00ed<\/td>\n<td>variable lenta<\/td>\n<\/tr>\n<tr class=\"pari\">\n<td class=\"title_left\">Econom\u00eda<\/td>\n<td class=\"padding_img\"><img decoding=\"async\" src=\"https:\/\/stor42.tauroessiccatori.com\/wp-assets\/uploads\/2023\/01\/tauro-program-p6.png\" alt=\"p6\" \/><\/td>\n<td>45\u00b0C<\/td>\n<td>indefinido<\/td>\n<td>\u2013<\/td>\n<td>variable<\/td>\n<\/tr>\n<tr>\n<td class=\"title_left\">Silencio<br \/>\n*\u00a0<strong>Temperatura regulable<\/strong><\/td>\n<td class=\"padding_img\"><img decoding=\"async\" src=\"https:\/\/stor42.tauroessiccatori.com\/wp-assets\/uploads\/2023\/01\/tauro-program-p7.png\" alt=\"p7\" \/><\/td>\n<td class=\"padding_img\"><img decoding=\"async\" src=\"https:\/\/stor42.tauroessiccatori.com\/wp-assets\/uploads\/2023\/01\/tauro-program-tempB.png\" alt=\"temp\" \/>45\u00b0C\u00a0<strong>*<\/strong><\/td>\n<td>48<\/td>\n<td>S\u00ed<\/td>\n<td>lento<\/td>\n<\/tr>\n<tr class=\"pari_t\">\n<td class=\"title_left\">Manual 20\u00b0C<br \/>\n*\u00a0<strong>Temperatura regulable<\/strong><\/td>\n<td class=\"padding_img\"><img decoding=\"async\" src=\"https:\/\/stor42.tauroessiccatori.com\/wp-assets\/uploads\/2023\/01\/tauro-program-t1.png\" alt=\"t1\" \/><\/td>\n<td class=\"padding_img\"><img decoding=\"async\" src=\"https:\/\/stor42.tauroessiccatori.com\/wp-assets\/uploads\/2023\/01\/tauro-program-temp.png\" alt=\"temp\" \/>20\u00b0C\u00a0<strong>*<\/strong><\/td>\n<td>indefinido<\/td>\n<td>\u2013<\/td>\n<td>alta<\/td>\n<\/tr>\n<tr>\n<td class=\"title_left\">Manual 30\u00b0C<\/td>\n<td class=\"padding_img\"><img decoding=\"async\" src=\"https:\/\/stor42.tauroessiccatori.com\/wp-assets\/uploads\/2023\/01\/tauro-program-t2.png\" alt=\"t2\" \/><\/td>\n<td>30\u00b0C<\/td>\n<td>indefinido<\/td>\n<td>\u2013<\/td>\n<td>variable alta<\/td>\n<\/tr>\n<tr class=\"pari_t\">\n<td class=\"title_left\">Manual 40\u00b0C<\/td>\n<td class=\"padding_img\"><img decoding=\"async\" src=\"https:\/\/stor42.tauroessiccatori.com\/wp-assets\/uploads\/2023\/01\/tauro-program-t3.png\" alt=\"t3\" \/><\/td>\n<td>40\u00b0C<\/td>\n<td>indefinido<\/td>\n<td>\u2013<\/td>\n<td>variable<\/td>\n<\/tr>\n<tr>\n<td class=\"title_left\">Manual 50\u00b0C<\/td>\n<td class=\"padding_img\"><img decoding=\"async\" src=\"https:\/\/stor42.tauroessiccatori.com\/wp-assets\/uploads\/2023\/01\/tauro-program-t4.png\" alt=\"t4\" \/><\/td>\n<td>50\u00b0C<\/td>\n<td>indefinido<\/td>\n<td>\u2013<\/td>\n<td>medio variable<\/td>\n<\/tr>\n<tr class=\"pari_t\">\n<td class=\"title_left\">Manual 60\u00b0C<br \/>\n*\u00a0<strong>Temperatura regulable<\/strong><\/td>\n<td class=\"padding_img\"><img decoding=\"async\" src=\"https:\/\/stor42.tauroessiccatori.com\/wp-assets\/uploads\/2023\/01\/tauro-program-t5.png\" alt=\"t5\" \/><\/td>\n<td class=\"padding_temp\"><img decoding=\"async\" src=\"https:\/\/stor42.tauroessiccatori.com\/wp-assets\/uploads\/2023\/01\/tauro-program-temp.png\" alt=\"temp\" \/>60\u00b0C\u00a0<strong>*<\/strong><\/td>\n<td>indefinido<\/td>\n<td>\u2013<\/td>\n<td>variable lenta<\/td>\n<\/tr>\n<\/tbody>\n<\/table>","protected":false},"excerpt":{"rendered":"<p>CI PENSA DRYSET PRO BIOSEC \u00e8 dotato dell\u2019\u00a0esclusivo sistema elettronico Dryset Pro,\u00a0che garantisce un\u2019offerta di programmi completa, semplice ed efficace, [&hellip;]<\/p>\n","protected":false},"author":1,"featured_media":0,"parent":165699,"menu_order":19,"comment_status":"closed","ping_status":"closed","template":"page-manuale-biosec.php","meta":{"_acf_changed":false,"footnotes":""},"class_list":["post-165713","page","type-page","status-publish","hentry"],"acf":[],"yoast_head":"<!-- This site is optimized with the Yoast SEO plugin v27.5 - https:\/\/yoast.com\/product\/yoast-seo-wordpress\/ -->\n<title>Utilizzo dei programmi &#187; Tauro Essiccatori<\/title>\n<meta name=\"robots\" content=\"index, follow, max-snippet:-1, max-image-preview:large, max-video-preview:-1\" \/>\n<link rel=\"canonical\" href=\"https:\/\/www.tauroessiccatori.com\/es\/manual-de-bioseguridad\/programas\/\" \/>\n<meta property=\"og:locale\" content=\"es_ES\" \/>\n<meta property=\"og:type\" content=\"article\" \/>\n<meta property=\"og:title\" content=\"Utilizzo dei programmi &#187; Tauro Essiccatori\" \/>\n<meta property=\"og:description\" content=\"CI PENSA DRYSET PRO BIOSEC \u00e8 dotato dell\u2019\u00a0esclusivo sistema elettronico Dryset Pro,\u00a0che garantisce un\u2019offerta di programmi completa, semplice ed efficace, [&hellip;]\" \/>\n<meta property=\"og:url\" content=\"https:\/\/www.tauroessiccatori.com\/es\/manual-de-bioseguridad\/programas\/\" \/>\n<meta property=\"og:site_name\" content=\"Tauro Essiccatori\" \/>\n<meta property=\"article:publisher\" content=\"https:\/\/www.facebook.com\/tauroessiccatori\" \/>\n<meta property=\"article:modified_time\" content=\"2025-10-25T14:31:34+00:00\" \/>\n<meta property=\"og:image\" content=\"https:\/\/stor42.tauroessiccatori.com\/wp-assets\/uploads\/2023\/01\/biosec_manuale_2022_programmi-drysetpro-min.jpg\" \/>\n<meta name=\"twitter:card\" content=\"summary_large_image\" \/>\n<script type=\"application\/ld+json\" class=\"yoast-schema-graph\">{\"@context\":\"https:\\\/\\\/schema.org\",\"@graph\":[{\"@type\":\"WebPage\",\"@id\":\"https:\\\/\\\/www.tauroessiccatori.com\\\/es\\\/manuale-biosec\\\/programmi\\\/\",\"url\":\"https:\\\/\\\/www.tauroessiccatori.com\\\/es\\\/manuale-biosec\\\/programmi\\\/\",\"name\":\"Utilizzo dei programmi &#187; Tauro Essiccatori\",\"isPartOf\":{\"@id\":\"https:\\\/\\\/www.tauroessiccatori.com\\\/es\\\/#website\"},\"primaryImageOfPage\":{\"@id\":\"https:\\\/\\\/www.tauroessiccatori.com\\\/es\\\/manuale-biosec\\\/programmi\\\/#primaryimage\"},\"image\":{\"@id\":\"https:\\\/\\\/www.tauroessiccatori.com\\\/es\\\/manuale-biosec\\\/programmi\\\/#primaryimage\"},\"thumbnailUrl\":\"https:\\\/\\\/stor42.tauroessiccatori.com\\\/wp-assets\\\/uploads\\\/2023\\\/01\\\/biosec_manuale_2022_programmi-drysetpro-min.jpg\",\"datePublished\":\"2025-10-08T06:47:57+00:00\",\"dateModified\":\"2025-10-25T14:31:34+00:00\",\"breadcrumb\":{\"@id\":\"https:\\\/\\\/www.tauroessiccatori.com\\\/es\\\/manuale-biosec\\\/programmi\\\/#breadcrumb\"},\"inLanguage\":\"es\",\"potentialAction\":[{\"@type\":\"ReadAction\",\"target\":[\"https:\\\/\\\/www.tauroessiccatori.com\\\/es\\\/manuale-biosec\\\/programmi\\\/\"]}]},{\"@type\":\"ImageObject\",\"inLanguage\":\"es\",\"@id\":\"https:\\\/\\\/www.tauroessiccatori.com\\\/es\\\/manuale-biosec\\\/programmi\\\/#primaryimage\",\"url\":\"https:\\\/\\\/stor42.tauroessiccatori.com\\\/wp-assets\\\/uploads\\\/2023\\\/01\\\/biosec_manuale_2022_programmi-drysetpro-min.jpg\",\"contentUrl\":\"https:\\\/\\\/stor42.tauroessiccatori.com\\\/wp-assets\\\/uploads\\\/2023\\\/01\\\/biosec_manuale_2022_programmi-drysetpro-min.jpg\"},{\"@type\":\"BreadcrumbList\",\"@id\":\"https:\\\/\\\/www.tauroessiccatori.com\\\/es\\\/manuale-biosec\\\/programmi\\\/#breadcrumb\",\"itemListElement\":[{\"@type\":\"ListItem\",\"position\":1,\"name\":\"Home\",\"item\":\"https:\\\/\\\/www.tauroessiccatori.com\\\/\"},{\"@type\":\"ListItem\",\"position\":2,\"name\":\"Manuale Biosec\",\"item\":\"https:\\\/\\\/www.tauroessiccatori.com\\\/manuale-biosec\\\/\"},{\"@type\":\"ListItem\",\"position\":3,\"name\":\"Utilizzo dei programmi\"}]},{\"@type\":\"WebSite\",\"@id\":\"https:\\\/\\\/www.tauroessiccatori.com\\\/es\\\/#website\",\"url\":\"https:\\\/\\\/www.tauroessiccatori.com\\\/es\\\/\",\"name\":\"Tauro Essiccatori\",\"description\":\"Da pi\u00f9 di trent\u2019anni, i migliori sistemi di essiccazione.\",\"publisher\":{\"@id\":\"https:\\\/\\\/www.tauroessiccatori.com\\\/es\\\/#organization\"},\"alternateName\":\"Tauro\",\"potentialAction\":[{\"@type\":\"SearchAction\",\"target\":{\"@type\":\"EntryPoint\",\"urlTemplate\":\"https:\\\/\\\/www.tauroessiccatori.com\\\/es\\\/?s={search_term_string}\"},\"query-input\":{\"@type\":\"PropertyValueSpecification\",\"valueRequired\":true,\"valueName\":\"search_term_string\"}}],\"inLanguage\":\"es\"},{\"@type\":\"Organization\",\"@id\":\"https:\\\/\\\/www.tauroessiccatori.com\\\/es\\\/#organization\",\"name\":\"Tauro Essiccatori\",\"alternateName\":\"Tauro Essiccatori srl unipersonale\",\"url\":\"https:\\\/\\\/www.tauroessiccatori.com\\\/es\\\/\",\"logo\":{\"@type\":\"ImageObject\",\"inLanguage\":\"es\",\"@id\":\"https:\\\/\\\/www.tauroessiccatori.com\\\/es\\\/#\\\/schema\\\/logo\\\/image\\\/\",\"url\":\"https:\\\/\\\/www.tauroessiccatori.com\\\/wp-content\\\/uploads\\\/2026\\\/01\\\/tauro.avif\",\"contentUrl\":\"https:\\\/\\\/www.tauroessiccatori.com\\\/wp-content\\\/uploads\\\/2026\\\/01\\\/tauro.avif\",\"width\":360,\"height\":360,\"caption\":\"Tauro Essiccatori\"},\"image\":{\"@id\":\"https:\\\/\\\/www.tauroessiccatori.com\\\/es\\\/#\\\/schema\\\/logo\\\/image\\\/\"},\"sameAs\":[\"https:\\\/\\\/www.facebook.com\\\/tauroessiccatori\"]}]}<\/script>\n<!-- \/ Yoast SEO plugin. -->","yoast_head_json":{"title":"Programas de uso \u00bb Secadores Tauro","robots":{"index":"index","follow":"follow","max-snippet":"max-snippet:-1","max-image-preview":"max-image-preview:large","max-video-preview":"max-video-preview:-1"},"canonical":"https:\/\/www.tauroessiccatori.com\/es\/manual-de-bioseguridad\/programas\/","og_locale":"es_ES","og_type":"article","og_title":"Utilizzo dei programmi &#187; Tauro Essiccatori","og_description":"CI PENSA DRYSET PRO BIOSEC \u00e8 dotato dell\u2019\u00a0esclusivo sistema elettronico Dryset Pro,\u00a0che garantisce un\u2019offerta di programmi completa, semplice ed efficace, [&hellip;]","og_url":"https:\/\/www.tauroessiccatori.com\/es\/manual-de-bioseguridad\/programas\/","og_site_name":"Tauro Essiccatori","article_publisher":"https:\/\/www.facebook.com\/tauroessiccatori","article_modified_time":"2025-10-25T14:31:34+00:00","og_image":[{"url":"https:\/\/stor42.tauroessiccatori.com\/wp-assets\/uploads\/2023\/01\/biosec_manuale_2022_programmi-drysetpro-min.jpg","type":"","width":"","height":""}],"twitter_card":"summary_large_image","schema":{"@context":"https:\/\/schema.org","@graph":[{"@type":"WebPage","@id":"https:\/\/www.tauroessiccatori.com\/es\/manuale-biosec\/programmi\/","url":"https:\/\/www.tauroessiccatori.com\/es\/manuale-biosec\/programmi\/","name":"Programas de uso \u00bb Secadores Tauro","isPartOf":{"@id":"https:\/\/www.tauroessiccatori.com\/es\/#website"},"primaryImageOfPage":{"@id":"https:\/\/www.tauroessiccatori.com\/es\/manuale-biosec\/programmi\/#primaryimage"},"image":{"@id":"https:\/\/www.tauroessiccatori.com\/es\/manuale-biosec\/programmi\/#primaryimage"},"thumbnailUrl":"https:\/\/stor42.tauroessiccatori.com\/wp-assets\/uploads\/2023\/01\/biosec_manuale_2022_programmi-drysetpro-min.jpg","datePublished":"2025-10-08T06:47:57+00:00","dateModified":"2025-10-25T14:31:34+00:00","breadcrumb":{"@id":"https:\/\/www.tauroessiccatori.com\/es\/manuale-biosec\/programmi\/#breadcrumb"},"inLanguage":"es","potentialAction":[{"@type":"ReadAction","target":["https:\/\/www.tauroessiccatori.com\/es\/manuale-biosec\/programmi\/"]}]},{"@type":"ImageObject","inLanguage":"es","@id":"https:\/\/www.tauroessiccatori.com\/es\/manuale-biosec\/programmi\/#primaryimage","url":"https:\/\/stor42.tauroessiccatori.com\/wp-assets\/uploads\/2023\/01\/biosec_manuale_2022_programmi-drysetpro-min.jpg","contentUrl":"https:\/\/stor42.tauroessiccatori.com\/wp-assets\/uploads\/2023\/01\/biosec_manuale_2022_programmi-drysetpro-min.jpg"},{"@type":"BreadcrumbList","@id":"https:\/\/www.tauroessiccatori.com\/es\/manuale-biosec\/programmi\/#breadcrumb","itemListElement":[{"@type":"ListItem","position":1,"name":"Home","item":"https:\/\/www.tauroessiccatori.com\/"},{"@type":"ListItem","position":2,"name":"Manuale Biosec","item":"https:\/\/www.tauroessiccatori.com\/manuale-biosec\/"},{"@type":"ListItem","position":3,"name":"Utilizzo dei programmi"}]},{"@type":"WebSite","@id":"https:\/\/www.tauroessiccatori.com\/es\/#website","url":"https:\/\/www.tauroessiccatori.com\/es\/","name":"Secadoras Tauro","description":"Desde hace m\u00e1s de 30 a\u00f1os, los mejores sistemas de secado.","publisher":{"@id":"https:\/\/www.tauroessiccatori.com\/es\/#organization"},"alternateName":"Tauro","potentialAction":[{"@type":"SearchAction","target":{"@type":"EntryPoint","urlTemplate":"https:\/\/www.tauroessiccatori.com\/es\/?s={search_term_string}"},"query-input":{"@type":"PropertyValueSpecification","valueRequired":true,"valueName":"search_term_string"}}],"inLanguage":"es"},{"@type":"Organization","@id":"https:\/\/www.tauroessiccatori.com\/es\/#organization","name":"Secadoras Tauro","alternateName":"Tauro Essiccatori srl unipersonale","url":"https:\/\/www.tauroessiccatori.com\/es\/","logo":{"@type":"ImageObject","inLanguage":"es","@id":"https:\/\/www.tauroessiccatori.com\/es\/#\/schema\/logo\/image\/","url":"https:\/\/www.tauroessiccatori.com\/wp-content\/uploads\/2026\/01\/tauro.avif","contentUrl":"https:\/\/www.tauroessiccatori.com\/wp-content\/uploads\/2026\/01\/tauro.avif","width":360,"height":360,"caption":"Tauro Essiccatori"},"image":{"@id":"https:\/\/www.tauroessiccatori.com\/es\/#\/schema\/logo\/image\/"},"sameAs":["https:\/\/www.facebook.com\/tauroessiccatori"]}]}},"_links":{"self":[{"href":"https:\/\/www.tauroessiccatori.com\/es\/wp-json\/wp\/v2\/pages\/165713","targetHints":{"allow":["GET"]}}],"collection":[{"href":"https:\/\/www.tauroessiccatori.com\/es\/wp-json\/wp\/v2\/pages"}],"about":[{"href":"https:\/\/www.tauroessiccatori.com\/es\/wp-json\/wp\/v2\/types\/page"}],"author":[{"embeddable":true,"href":"https:\/\/www.tauroessiccatori.com\/es\/wp-json\/wp\/v2\/users\/1"}],"replies":[{"embeddable":true,"href":"https:\/\/www.tauroessiccatori.com\/es\/wp-json\/wp\/v2\/comments?post=165713"}],"version-history":[{"count":0,"href":"https:\/\/www.tauroessiccatori.com\/es\/wp-json\/wp\/v2\/pages\/165713\/revisions"}],"up":[{"embeddable":true,"href":"https:\/\/www.tauroessiccatori.com\/es\/wp-json\/wp\/v2\/pages\/165699"}],"wp:attachment":[{"href":"https:\/\/www.tauroessiccatori.com\/es\/wp-json\/wp\/v2\/media?parent=165713"}],"curies":[{"name":"wp","href":"https:\/\/api.w.org\/{rel}","templated":true}]}}