{"id":165711,"date":"2025-10-08T08:46:21","date_gmt":"2025-10-08T06:46:21","guid":{"rendered":"https:\/\/tauroessiccatori.com\/?page_id=165711"},"modified":"2025-10-08T10:08:19","modified_gmt":"2025-10-08T08:08:19","slug":"operacion","status":"publish","type":"page","link":"https:\/\/www.tauroessiccatori.com\/es\/manuale-biosec\/funzionamento\/","title":{"rendered":"Operaci\u00f3n"},"content":{"rendered":"<p><b>INSERCI\u00d3N DEL ENCHUFE<\/b>Cuando el enchufe est\u00e9 conectado, BIOSEC se encender\u00e1 autom\u00e1ticamente en\u00a0<b>apoyar<\/b>. Si la secadora se ha apagado incorrectamente, o si se interrumpe el suministro el\u00e9ctrico, reanudar\u00e1 el programa interrumpido.<\/p>\n<ol>\n<li><b>Bot\u00f3n SET<\/b>Pulse la tecla SET hasta que aparezca en la pantalla BIOSEC el programa que desea configurar. Pulse la tecla ON\/OFF para iniciar el proceso.<\/li>\n<li><b>Pantalla<\/b>Durante el proceso de secado, la pantalla BIOSEC mostrar\u00e1 alternativamente la temperatura medida en ese momento y el programa en uso. Para conocer el programa en uso sin esperar a la visualizaci\u00f3n autom\u00e1tica, pulse durante unos instantes la tecla SET.<\/li>\n<li><b>Bot\u00f3n ON\/OFF<\/b>inicia y detiene el ciclo de secado. Para reanudar el proceso una vez detenido, basta con pulsar ON\/OFF una segunda vez. El programa se reiniciar\u00e1 en el punto donde se detuvo. Si, por el contrario, desea cambiar el programa, detenga el programa y pulse SET hasta que aparezca el programa elegido. De esta forma, se restablecer\u00e1 el ciclo de secado ajustado anteriormente y se iniciar\u00e1 uno nuevo.<\/li>\n<\/ol>\n<div class=\"\">\n<div class=\"\">\n<div class=\"grid grid-cols-1 md:grid-cols-3\">\n<div class=\"text-center\"><\/div>\n<\/div>\n<\/div>\n<div class=\"grid grid-cols-1 md:grid-cols-5 dyn-text-lg tauro-program-content\">\n<div class=\"w-auto bg-stone-500 tauro-rounded-content-icon-vento bg-gradient-to-r from-yellow-500 to-orange-500 col-span-2 tauro-program-content2\">\n<div><img loading=\"lazy\" decoding=\"async\" class=\"w-100 alignnone wp-image-165733 size-full\" src=\"https:\/\/tauroessiccatori.com\/wp-content\/uploads\/2025\/10\/biosec_manuale_2022-9.png\" alt=\"\" width=\"1673\" height=\"1095\" \/><\/div>\n<\/div>\n<\/div>\n<\/div>\n<h2>MODO DE MANTENIMIENTO<\/h2>\n<p>BIOSEC incluye una fase de mantenimiento que permite, al final del ciclo de secado, almacenar los productos en el nivel \u00f3ptimo de secado con un consumo m\u00ednimo de energ\u00eda.<br \/>\nUna vez completado el proceso de secado, entonces,<br \/>\nno tendr\u00e1 que apresurarse a recoger el producto antes de que se rehidrate, porque BIOSEC lo almacenar\u00e1 por usted hasta que tenga tiempo de retirarlo.<br \/>\n<b>El mantenimiento se inicia siempre autom\u00e1ticamente al finalizar el temporizador del programa con una duraci\u00f3n preestablecida o el temporizador introducido manualmente.<\/b>\u00a0Con BIOSEC siempre es posible activar el modo MANTENIMIENTO incluso para programas que no lo incluyen, o incluso durante un ciclo de secado que a\u00fan no ha terminado. Basta con mantener pulsada la tecla SET durante 5 segundos durante el funcionamiento de BIOSEC: en la pantalla aparecer\u00e1n las cifras 00 parpadeando durante unos 2 segundos. Suelte el bot\u00f3n para entrar en el programa MANTENIMIENTO, que permanecer\u00e1 activo hasta que BIOSEC se apague manualmente, para ser accionado cuando est\u00e9 listo para cosechar y almacenar sus productos. Durante el MANTENIMIENTO, la pantalla mostrar\u00e1 un s\u00edmbolo como el de la fig. 1. La m\u00e1quina\u00a0<b>alternar\u00e1 momentos de funcionamiento con momentos de pausa<\/b>. Durante el funcionamiento, la temperatura ronda los 42 \u00b0C.<\/p>\n<p>&nbsp;<\/p>\n<h2>TEMPORIZADOR: ajuste manual del tiempo de secado<\/h2>\n<p>BIOSEC le permite seleccionar de forma aut\u00f3noma el n\u00famero de horas deseado para el proceso de secado elegido.<\/p>\n<p>En cualquier momento ser\u00e1 posible determinar un n\u00famero de horas entre 0 y 72, sustituyendo autom\u00e1ticamente cualquier duraci\u00f3n preestablecida del programa en uso. Esta funci\u00f3n puede activarse en todos los programas.<\/p>\n<ol>\n<li>inicie el proceso de secado y, a continuaci\u00f3n, mantenga pulsado el bot\u00f3n SET durante unos 5 segundos;<\/li>\n<li>la pantalla mostrar\u00e1 el d\u00edgito 00 parpadeando durante unos 2 segundos;<\/li>\n<li>pulse de nuevo la tecla SET (antes de que 00 deje de parpadear) tantas veces como sea necesario para alcanzar el n\u00famero de horas deseado.<\/li>\n<\/ol>\n<p><b>Horas indicadas en pantalla:<\/b><\/p>\n<p>00 - 01 - 02 - 03 - 04 - 05 - 06 - 08 - 10 - 12 - 14 - 16 - 18 - 20 - 24 - 28 - 32 - 36 - 40 - 44 - 48 - 72 - 00 (la serie de horas vuelve a empezar).<\/p>\n<p>El programa previamente ajustado continuar\u00e1 ejecut\u00e1ndose, sin necesidad de pulsar m\u00e1s botones.<br \/>\nAl final del tiempo ajustado, BIOSEC activar\u00e1 autom\u00e1ticamente la funci\u00f3n de retenci\u00f3n.\u00a0<b>incluso para programas que no lo preve\u00edan originalmente<\/b>. Si el d\u00edgito elegido es 00, BIOSEC entrar\u00e1 directamente en la funci\u00f3n de retenci\u00f3n.<br \/>\n<b>La selecci\u00f3n de un nuevo programa anula los ajustes introducidos manualmente con la funci\u00f3n de temporizador.<\/b><br \/>\n<b>Para cambiar o reiniciar el temporizador, repita el procedimiento desde el principio.<\/b><\/p>\n<p>&nbsp;<\/p>\n<h2><b>IMPORTANTE<\/b><\/h2>\n<p>Para que su BIOSEC pueda determinar la temperatura de funcionamiento correcta en relaci\u00f3n con la carga de producto realizada y el programa seleccionado,\u00a0<b>activar el motor s\u00f3lo despu\u00e9s de colocarlo en su alojamiento dentro del t\u00fanel y cargar siempre todas las cestas, aunque est\u00e9n parcial o totalmente vac\u00edas<\/b>.<\/p>\n<p>Aunque se puede extraer el\u00a0<b>motor<\/b>\u00a0de su carcasa durante el funcionamiento, NUNCA lo coloque sobre una superficie horizontal con el ventilador expulsado, sino que mant\u00e9ngalo\u00a0<b>siempre erguido<\/b>,posiblemente despu\u00e9s de ponerlo en pausa.<\/p>\n<p>&nbsp;<\/p>\n<h2><b>ATENCI\u00d3N<\/b><\/h2>\n<p>Si se desconecta (con el bot\u00f3n ON\/OFF) a una temperatura de funcionamiento superior a 45\u00b0C, la secadora interrumpir\u00e1 el ciclo de procesamiento, pero el ventilador permanecer\u00e1 en acci\u00f3n a velocidad m\u00e1xima hasta que se reduzca la temperatura del motor y se eviten da\u00f1os. La pantalla BIOSEC mostrar\u00e1 el s\u00edmbolo de la fig. 2 en rotaci\u00f3n.<\/p>\n<p>&nbsp;<\/p>\n<h2><b>FALLO DE ALIMENTACI\u00d3N<\/b><\/h2>\n<p>En caso de corte de corriente, la secadora se reiniciar\u00e1 siguiendo el ciclo previamente programado, pero la pantalla indicar\u00e1 la anomal\u00eda con dos puntos parpadeantes. Compruebe siempre el estado de los productos del interior: si el corte de corriente ha sido prolongado, es posible que se hayan deteriorado.<\/p>\n<p><b>NO DESCONECTE NUNCA EL ENCHUFE SI EL BIOSEC EST\u00c1 FUNCIONANDO. S\u00d3LO RETIRE EL ENCHUFE DE LA TOMA CUANDO EL VENTILADOR EST\u00c9 PARADO.<\/b><\/p>\n<p>&nbsp;<\/p>\n<h2><b>C\u00d3MO DESCONECTAR BIOSEC<\/b><\/h2>\n<p>Una vez apagada la secadora con el bot\u00f3n ON\/OFF, la pantalla empezar\u00e1 a parpadear, mostrando el nombre del \u00faltimo programa utilizado.<br \/>\nEsta es su forma de indicarle que est\u00e1 en modo de espera, como un electrodom\u00e9stico normal. La pantalla permanece encendida. Si quieres apagarlo del todo, desench\u00fafalo o utiliza una toma de corriente con interruptor.<br \/>\nPuede ocurrir que, despu\u00e9s de pulsar ON\/OFF y antes de que parpadee el programa, el ventilador se acelere durante unos segundos: est\u00e1 enfriando el sistema motor para evitar que el exceso de calor comprometa a largo plazo los componentes internos. Espere a que el ventilador termine este proceso: nunca tarda m\u00e1s de un minuto. En este momento la pantalla comenzar\u00e1 a parpadear: es la se\u00f1al que nos autoriza a desconectar el enchufe.<\/p>","protected":false},"excerpt":{"rendered":"<p>INSERIMENTO DELLA SPINA:\u00a0all\u2019inserimento della spina, BIOSEC si accender\u00e0 automaticamente, disponendosi in modalit\u00e0\u00a0stand by. Se l\u2019essiccatore \u00e8 stato spento in modo [&hellip;]<\/p>\n","protected":false},"author":1,"featured_media":0,"parent":165699,"menu_order":18,"comment_status":"closed","ping_status":"closed","template":"page-manuale-biosec.php","meta":{"_acf_changed":false,"footnotes":""},"class_list":["post-165711","page","type-page","status-publish","hentry"],"acf":[],"yoast_head":"<!-- This site is optimized with the Yoast SEO plugin v27.5 - https:\/\/yoast.com\/product\/yoast-seo-wordpress\/ -->\n<title>Funzionamento &#187; Tauro Essiccatori<\/title>\n<meta name=\"robots\" content=\"index, follow, max-snippet:-1, max-image-preview:large, max-video-preview:-1\" \/>\n<link rel=\"canonical\" href=\"https:\/\/www.tauroessiccatori.com\/es\/manual-de-bioseguridad\/operacion\/\" \/>\n<meta property=\"og:locale\" content=\"es_ES\" \/>\n<meta property=\"og:type\" content=\"article\" \/>\n<meta property=\"og:title\" content=\"Funzionamento &#187; Tauro Essiccatori\" \/>\n<meta property=\"og:description\" content=\"INSERIMENTO DELLA SPINA:\u00a0all\u2019inserimento della spina, BIOSEC si accender\u00e0 automaticamente, disponendosi in modalit\u00e0\u00a0stand by. Se l\u2019essiccatore \u00e8 stato spento in modo [&hellip;]\" \/>\n<meta property=\"og:url\" content=\"https:\/\/www.tauroessiccatori.com\/es\/manual-de-bioseguridad\/operacion\/\" \/>\n<meta property=\"og:site_name\" content=\"Tauro Essiccatori\" \/>\n<meta property=\"article:publisher\" content=\"https:\/\/www.facebook.com\/tauroessiccatori\" \/>\n<meta property=\"article:modified_time\" content=\"2025-10-08T08:08:19+00:00\" \/>\n<meta property=\"og:image\" content=\"https:\/\/tauroessiccatori.com\/wp-content\/uploads\/2025\/10\/biosec_manuale_2022-9.png\" \/>\n<meta name=\"twitter:card\" content=\"summary_large_image\" \/>\n<script type=\"application\/ld+json\" class=\"yoast-schema-graph\">{\"@context\":\"https:\\\/\\\/schema.org\",\"@graph\":[{\"@type\":\"WebPage\",\"@id\":\"https:\\\/\\\/www.tauroessiccatori.com\\\/es\\\/manuale-biosec\\\/funzionamento\\\/\",\"url\":\"https:\\\/\\\/www.tauroessiccatori.com\\\/es\\\/manuale-biosec\\\/funzionamento\\\/\",\"name\":\"Funzionamento &#187; Tauro Essiccatori\",\"isPartOf\":{\"@id\":\"https:\\\/\\\/www.tauroessiccatori.com\\\/es\\\/#website\"},\"primaryImageOfPage\":{\"@id\":\"https:\\\/\\\/www.tauroessiccatori.com\\\/es\\\/manuale-biosec\\\/funzionamento\\\/#primaryimage\"},\"image\":{\"@id\":\"https:\\\/\\\/www.tauroessiccatori.com\\\/es\\\/manuale-biosec\\\/funzionamento\\\/#primaryimage\"},\"thumbnailUrl\":\"https:\\\/\\\/tauroessiccatori.com\\\/wp-content\\\/uploads\\\/2025\\\/10\\\/biosec_manuale_2022-9.png\",\"datePublished\":\"2025-10-08T06:46:21+00:00\",\"dateModified\":\"2025-10-08T08:08:19+00:00\",\"breadcrumb\":{\"@id\":\"https:\\\/\\\/www.tauroessiccatori.com\\\/es\\\/manuale-biosec\\\/funzionamento\\\/#breadcrumb\"},\"inLanguage\":\"es\",\"potentialAction\":[{\"@type\":\"ReadAction\",\"target\":[\"https:\\\/\\\/www.tauroessiccatori.com\\\/es\\\/manuale-biosec\\\/funzionamento\\\/\"]}]},{\"@type\":\"ImageObject\",\"inLanguage\":\"es\",\"@id\":\"https:\\\/\\\/www.tauroessiccatori.com\\\/es\\\/manuale-biosec\\\/funzionamento\\\/#primaryimage\",\"url\":\"https:\\\/\\\/tauroessiccatori.com\\\/wp-content\\\/uploads\\\/2025\\\/10\\\/biosec_manuale_2022-9.png\",\"contentUrl\":\"https:\\\/\\\/tauroessiccatori.com\\\/wp-content\\\/uploads\\\/2025\\\/10\\\/biosec_manuale_2022-9.png\"},{\"@type\":\"BreadcrumbList\",\"@id\":\"https:\\\/\\\/www.tauroessiccatori.com\\\/es\\\/manuale-biosec\\\/funzionamento\\\/#breadcrumb\",\"itemListElement\":[{\"@type\":\"ListItem\",\"position\":1,\"name\":\"Home\",\"item\":\"https:\\\/\\\/www.tauroessiccatori.com\\\/\"},{\"@type\":\"ListItem\",\"position\":2,\"name\":\"Manuale Biosec\",\"item\":\"https:\\\/\\\/www.tauroessiccatori.com\\\/manuale-biosec\\\/\"},{\"@type\":\"ListItem\",\"position\":3,\"name\":\"Funzionamento\"}]},{\"@type\":\"WebSite\",\"@id\":\"https:\\\/\\\/www.tauroessiccatori.com\\\/es\\\/#website\",\"url\":\"https:\\\/\\\/www.tauroessiccatori.com\\\/es\\\/\",\"name\":\"Tauro Essiccatori\",\"description\":\"Da pi\u00f9 di trent\u2019anni, i migliori sistemi di essiccazione.\",\"publisher\":{\"@id\":\"https:\\\/\\\/www.tauroessiccatori.com\\\/es\\\/#organization\"},\"alternateName\":\"Tauro\",\"potentialAction\":[{\"@type\":\"SearchAction\",\"target\":{\"@type\":\"EntryPoint\",\"urlTemplate\":\"https:\\\/\\\/www.tauroessiccatori.com\\\/es\\\/?s={search_term_string}\"},\"query-input\":{\"@type\":\"PropertyValueSpecification\",\"valueRequired\":true,\"valueName\":\"search_term_string\"}}],\"inLanguage\":\"es\"},{\"@type\":\"Organization\",\"@id\":\"https:\\\/\\\/www.tauroessiccatori.com\\\/es\\\/#organization\",\"name\":\"Tauro Essiccatori\",\"alternateName\":\"Tauro Essiccatori srl unipersonale\",\"url\":\"https:\\\/\\\/www.tauroessiccatori.com\\\/es\\\/\",\"logo\":{\"@type\":\"ImageObject\",\"inLanguage\":\"es\",\"@id\":\"https:\\\/\\\/www.tauroessiccatori.com\\\/es\\\/#\\\/schema\\\/logo\\\/image\\\/\",\"url\":\"https:\\\/\\\/www.tauroessiccatori.com\\\/wp-content\\\/uploads\\\/2026\\\/01\\\/tauro.avif\",\"contentUrl\":\"https:\\\/\\\/www.tauroessiccatori.com\\\/wp-content\\\/uploads\\\/2026\\\/01\\\/tauro.avif\",\"width\":360,\"height\":360,\"caption\":\"Tauro Essiccatori\"},\"image\":{\"@id\":\"https:\\\/\\\/www.tauroessiccatori.com\\\/es\\\/#\\\/schema\\\/logo\\\/image\\\/\"},\"sameAs\":[\"https:\\\/\\\/www.facebook.com\\\/tauroessiccatori\"]}]}<\/script>\n<!-- \/ Yoast SEO plugin. -->","yoast_head_json":{"title":"Funcionamiento \u00bb Secadoras Tauro","robots":{"index":"index","follow":"follow","max-snippet":"max-snippet:-1","max-image-preview":"max-image-preview:large","max-video-preview":"max-video-preview:-1"},"canonical":"https:\/\/www.tauroessiccatori.com\/es\/manual-de-bioseguridad\/operacion\/","og_locale":"es_ES","og_type":"article","og_title":"Funzionamento &#187; Tauro Essiccatori","og_description":"INSERIMENTO DELLA SPINA:\u00a0all\u2019inserimento della spina, BIOSEC si accender\u00e0 automaticamente, disponendosi in modalit\u00e0\u00a0stand by. Se l\u2019essiccatore \u00e8 stato spento in modo [&hellip;]","og_url":"https:\/\/www.tauroessiccatori.com\/es\/manual-de-bioseguridad\/operacion\/","og_site_name":"Tauro Essiccatori","article_publisher":"https:\/\/www.facebook.com\/tauroessiccatori","article_modified_time":"2025-10-08T08:08:19+00:00","og_image":[{"url":"https:\/\/tauroessiccatori.com\/wp-content\/uploads\/2025\/10\/biosec_manuale_2022-9.png","type":"","width":"","height":""}],"twitter_card":"summary_large_image","schema":{"@context":"https:\/\/schema.org","@graph":[{"@type":"WebPage","@id":"https:\/\/www.tauroessiccatori.com\/es\/manuale-biosec\/funzionamento\/","url":"https:\/\/www.tauroessiccatori.com\/es\/manuale-biosec\/funzionamento\/","name":"Funcionamiento \u00bb Secadoras Tauro","isPartOf":{"@id":"https:\/\/www.tauroessiccatori.com\/es\/#website"},"primaryImageOfPage":{"@id":"https:\/\/www.tauroessiccatori.com\/es\/manuale-biosec\/funzionamento\/#primaryimage"},"image":{"@id":"https:\/\/www.tauroessiccatori.com\/es\/manuale-biosec\/funzionamento\/#primaryimage"},"thumbnailUrl":"https:\/\/tauroessiccatori.com\/wp-content\/uploads\/2025\/10\/biosec_manuale_2022-9.png","datePublished":"2025-10-08T06:46:21+00:00","dateModified":"2025-10-08T08:08:19+00:00","breadcrumb":{"@id":"https:\/\/www.tauroessiccatori.com\/es\/manuale-biosec\/funzionamento\/#breadcrumb"},"inLanguage":"es","potentialAction":[{"@type":"ReadAction","target":["https:\/\/www.tauroessiccatori.com\/es\/manuale-biosec\/funzionamento\/"]}]},{"@type":"ImageObject","inLanguage":"es","@id":"https:\/\/www.tauroessiccatori.com\/es\/manuale-biosec\/funzionamento\/#primaryimage","url":"https:\/\/tauroessiccatori.com\/wp-content\/uploads\/2025\/10\/biosec_manuale_2022-9.png","contentUrl":"https:\/\/tauroessiccatori.com\/wp-content\/uploads\/2025\/10\/biosec_manuale_2022-9.png"},{"@type":"BreadcrumbList","@id":"https:\/\/www.tauroessiccatori.com\/es\/manuale-biosec\/funzionamento\/#breadcrumb","itemListElement":[{"@type":"ListItem","position":1,"name":"Home","item":"https:\/\/www.tauroessiccatori.com\/"},{"@type":"ListItem","position":2,"name":"Manuale Biosec","item":"https:\/\/www.tauroessiccatori.com\/manuale-biosec\/"},{"@type":"ListItem","position":3,"name":"Funzionamento"}]},{"@type":"WebSite","@id":"https:\/\/www.tauroessiccatori.com\/es\/#website","url":"https:\/\/www.tauroessiccatori.com\/es\/","name":"Secadoras Tauro","description":"Desde hace m\u00e1s de 30 a\u00f1os, los mejores sistemas de secado.","publisher":{"@id":"https:\/\/www.tauroessiccatori.com\/es\/#organization"},"alternateName":"Tauro","potentialAction":[{"@type":"SearchAction","target":{"@type":"EntryPoint","urlTemplate":"https:\/\/www.tauroessiccatori.com\/es\/?s={search_term_string}"},"query-input":{"@type":"PropertyValueSpecification","valueRequired":true,"valueName":"search_term_string"}}],"inLanguage":"es"},{"@type":"Organization","@id":"https:\/\/www.tauroessiccatori.com\/es\/#organization","name":"Secadoras Tauro","alternateName":"Tauro Essiccatori srl unipersonale","url":"https:\/\/www.tauroessiccatori.com\/es\/","logo":{"@type":"ImageObject","inLanguage":"es","@id":"https:\/\/www.tauroessiccatori.com\/es\/#\/schema\/logo\/image\/","url":"https:\/\/www.tauroessiccatori.com\/wp-content\/uploads\/2026\/01\/tauro.avif","contentUrl":"https:\/\/www.tauroessiccatori.com\/wp-content\/uploads\/2026\/01\/tauro.avif","width":360,"height":360,"caption":"Tauro Essiccatori"},"image":{"@id":"https:\/\/www.tauroessiccatori.com\/es\/#\/schema\/logo\/image\/"},"sameAs":["https:\/\/www.facebook.com\/tauroessiccatori"]}]}},"_links":{"self":[{"href":"https:\/\/www.tauroessiccatori.com\/es\/wp-json\/wp\/v2\/pages\/165711","targetHints":{"allow":["GET"]}}],"collection":[{"href":"https:\/\/www.tauroessiccatori.com\/es\/wp-json\/wp\/v2\/pages"}],"about":[{"href":"https:\/\/www.tauroessiccatori.com\/es\/wp-json\/wp\/v2\/types\/page"}],"author":[{"embeddable":true,"href":"https:\/\/www.tauroessiccatori.com\/es\/wp-json\/wp\/v2\/users\/1"}],"replies":[{"embeddable":true,"href":"https:\/\/www.tauroessiccatori.com\/es\/wp-json\/wp\/v2\/comments?post=165711"}],"version-history":[{"count":0,"href":"https:\/\/www.tauroessiccatori.com\/es\/wp-json\/wp\/v2\/pages\/165711\/revisions"}],"up":[{"embeddable":true,"href":"https:\/\/www.tauroessiccatori.com\/es\/wp-json\/wp\/v2\/pages\/165699"}],"wp:attachment":[{"href":"https:\/\/www.tauroessiccatori.com\/es\/wp-json\/wp\/v2\/media?parent=165711"}],"curies":[{"name":"wp","href":"https:\/\/api.w.org\/{rel}","templated":true}]}}