{"id":165706,"date":"2025-10-07T18:42:17","date_gmt":"2025-10-07T16:42:17","guid":{"rendered":"https:\/\/tauroessiccatori.com\/?page_id=165706"},"modified":"2025-10-08T09:42:52","modified_gmt":"2025-10-08T07:42:52","slug":"informacion-tecnica","status":"publish","type":"page","link":"https:\/\/www.tauroessiccatori.com\/es\/manuale-biosec\/informazioni-tecniche\/","title":{"rendered":"Informaci\u00f3n t\u00e9cnica"},"content":{"rendered":"<p>BIOSEC es un secador dise\u00f1ado para cada necesidad, f\u00e1cil de usar, fabricado en Italia con materiales certificados para el contacto con alimentos.<\/p>\n<div>\n<div><img loading=\"lazy\" decoding=\"async\" class=\"w-100 alignnone wp-image-165715 size-full\" src=\"https:\/\/tauroessiccatori.com\/wp-content\/uploads\/2025\/10\/biosec_manuale_2022-6.png\" alt=\"\" width=\"1632\" height=\"1184\" \/><\/div>\n<div class=\"block md:flex md:text-lg\">\n<div class=\"md:flex-auto\"><\/div>\n<\/div>\n<\/div>\n<table class=\"table table-striped-columns table-bordered text-center\">\n<tbody>\n<tr class=\"table-info\">\n<td>MODELO<\/td>\n<td>MATERIAL<\/td>\n<td>TALLA<br \/>\nEXTERIOR<\/td>\n<td>DIMENSIONES<br \/>\nCESTELLI<\/td>\n<td>CANTIDAD<br \/>\nCESTELLI<\/td>\n<\/tr>\n<tr>\n<td class=\"title_left\">B5<\/td>\n<td>pl\u00e1stico<\/td>\n<td rowspan=\"3\">27x27x45<\/td>\n<td rowspan=\"2\">23,5\u00d735,4\u00d74,4<br \/>\ncm cada uno.<\/td>\n<td class=\"green\" rowspan=\"2\">5<\/td>\n<\/tr>\n<tr class=\"pari\">\n<td class=\"title_left\">B5S<\/td>\n<td>t\u00faneles de acero cestas de pl\u00e1stico<\/td>\n<\/tr>\n<tr>\n<td class=\"title_left\">B6<\/td>\n<td>acero<\/td>\n<td>23,5x35x1,2<br \/>\ncm cada uno.<\/td>\n<td>6<\/td>\n<\/tr>\n<tr class=\"pari\">\n<td class=\"title_left\">B10<\/td>\n<td>pl\u00e1stico<\/td>\n<td rowspan=\"3\">27x27x82<\/td>\n<td rowspan=\"2\">23,5\u00d735,4\u00d74,4<br \/>\ncm cada uno.<\/td>\n<td rowspan=\"2\">10<\/td>\n<\/tr>\n<tr>\n<td class=\"title_left\">B10S<\/td>\n<td>t\u00faneles de acero cestas de pl\u00e1stico<\/td>\n<\/tr>\n<tr class=\"pari\">\n<td class=\"title_left\">B12<\/td>\n<td>acero<\/td>\n<td>23,5x35x1,2<br \/>\ncm cada uno.<\/td>\n<td class=\"white\">12<\/td>\n<\/tr>\n<\/tbody>\n<\/table>\n<p>&nbsp;<\/p>\n<h2>LA SECADORA SE COMPONE DE:<\/h2>\n<ol type=\"A\">\n<li>a\u00a0<strong>grupo<\/strong>\u00a0<strong>ventilador calefactor<\/strong>,extra\u00edble, que produce aire caliente calentando el aire ambiente mediante un elemento calefactor y empuj\u00e1ndolo hacia las cestas mediante un ventilador;<\/li>\n<li>a\u00a0<strong>t\u00fanel de pl\u00e1stico o acero<\/strong>,secci\u00f3n cuadrada, en la que se colocan las cestas de pl\u00e1stico o acero, seg\u00fan el modelo;<\/li>\n<li>a\u00a0<strong>puerta<\/strong>\u00a0<strong>por<\/strong>\u00a0<strong>cierre<\/strong>, La unidad de termoventilaci\u00f3n y la puerta de cierre est\u00e1n equipadas con rejillas para permitir el paso del aire pero no de los insectos;<\/li>\n<li><strong>cestas<\/strong>\u00a0<strong>perforado<\/strong>\u00a0para colocar el material a secar, que se colocar\u00e1 dentro del t\u00fanel mediante las gu\u00edas deslizantes; el n\u00famero y material de construcci\u00f3n de las cestas es variable seg\u00fan el modelo de BIOSEC adquirido.<\/li>\n<\/ol>\n<h2>EL M\u00d3DULO COMPLEMENTARIO CONSTA DE:<\/h2>\n<ol>\n<li>un t\u00fanel como en el m\u00f3dulo base grande;<\/li>\n<li>10 \u00f3 12 cestas (seg\u00fan el modelo adquirido).<\/li>\n<\/ol>\n<h2>DIMENSIONES Y ESPECIFICACIONES<\/h2>\n<p>Para todos los m\u00f3dulos, la secci\u00f3n exterior es de 27\u00d727 cm; el interior del t\u00fanel tiene una secci\u00f3n de 25\u00d725 cm, mientras que la longitud es de 45 cm para el m\u00f3dulo peque\u00f1o (B5-B5S- B6) y de 82 cm para el m\u00f3dulo grande (B10-B10S-B12); 82 cm para todos los m\u00f3dulos complementarios.<\/p>\n<p>Las cestas de ambos materiales, pl\u00e1stico y acero inoxidable, se pueden lavar c\u00f3modamente en el lavavajillas.<\/p>\n<p>La resistencia es de 550 vatios y el encendido se regula electr\u00f3nicamente.<\/p>\n<h2>COLOCACI\u00d3N DE BIOSEC<\/h2>\n<p>Como cualquier aparato el\u00e9ctrico, el aerotermo BIOSEC no debe entrar en contacto directo con el agua o con una fuente de vapor. Por lo tanto, BIOSEC debe colocarse a una distancia m\u00ednima de 60 cm de grifos, lavabos, ba\u00f1eras y lejos de la lluvia o de cualquier salpicadura de agua.<\/p>\n<p>Durante el funcionamiento, BIOSEC expulsa humedad, que no debe estancarse en el ambiente circundante para no ralentizar o impedir el secado. Por lo tanto, es aconsejable colocar BIOSEC en una habitaci\u00f3n suficientemente grande o que pueda ventilarse adecuadamente.<\/p>\n<p>Evite los ambientes ya h\u00famedos, como cuartos de ba\u00f1o, lavander\u00edas, s\u00f3tanos, etc. Aseg\u00farese de\u00a0<strong>dejar<\/strong>\u00a0<strong>siempre<\/strong>\u00a0<strong>como m\u00ednimo<\/strong>\u00a0<strong>10<\/strong>\u00a0<strong>cent\u00edmetros<\/strong>\u00a0<strong>por<\/strong>\u00a0<strong>espacio<\/strong>\u00a0<strong>en<\/strong>\u00a0<strong>correspondencia<\/strong>\u00a0<strong>de<\/strong>\u00a0<strong>dos<\/strong>\u00a0<strong>aperturas<\/strong>\u00a0rejilla, para permitir que el aire circule libremente: el \u00fanico\u00a0<strong>sistema de flujo horizontal<\/strong>\u00a0y el motor electr\u00f3nico DrySet Pro le garantizar\u00e1n un resultado excelente, optimizando tiempo y costes.<\/p>\n<p>&nbsp;<\/p>","protected":false},"excerpt":{"rendered":"<p>BIOSEC \u00e8 un essiccatore pensato per ogni esigenza, semplice da utilizzare, realizzato in Italia con materiali certificati per il contatto [&hellip;]<\/p>\n","protected":false},"author":1,"featured_media":0,"parent":165699,"menu_order":16,"comment_status":"closed","ping_status":"closed","template":"page-manuale-biosec.php","meta":{"_acf_changed":false,"footnotes":""},"class_list":["post-165706","page","type-page","status-publish","hentry"],"acf":[],"yoast_head":"<!-- This site is optimized with the Yoast SEO plugin v27.5 - https:\/\/yoast.com\/product\/yoast-seo-wordpress\/ -->\n<title>Informazioni tecniche &#187; Tauro Essiccatori<\/title>\n<meta name=\"robots\" content=\"index, follow, max-snippet:-1, max-image-preview:large, max-video-preview:-1\" \/>\n<link rel=\"canonical\" href=\"https:\/\/www.tauroessiccatori.com\/es\/manual-de-bioseguridad\/informacion-tecnica\/\" \/>\n<meta property=\"og:locale\" content=\"es_ES\" \/>\n<meta property=\"og:type\" content=\"article\" \/>\n<meta property=\"og:title\" content=\"Informazioni tecniche &#187; Tauro Essiccatori\" \/>\n<meta property=\"og:description\" content=\"BIOSEC \u00e8 un essiccatore pensato per ogni esigenza, semplice da utilizzare, realizzato in Italia con materiali certificati per il contatto [&hellip;]\" \/>\n<meta property=\"og:url\" content=\"https:\/\/www.tauroessiccatori.com\/es\/manual-de-bioseguridad\/informacion-tecnica\/\" \/>\n<meta property=\"og:site_name\" content=\"Tauro Essiccatori\" \/>\n<meta property=\"article:publisher\" content=\"https:\/\/www.facebook.com\/tauroessiccatori\" \/>\n<meta property=\"article:modified_time\" content=\"2025-10-08T07:42:52+00:00\" \/>\n<meta property=\"og:image\" content=\"https:\/\/tauroessiccatori.com\/wp-content\/uploads\/2025\/10\/biosec_manuale_2022-6.png\" \/>\n<meta name=\"twitter:card\" content=\"summary_large_image\" \/>\n<script type=\"application\/ld+json\" class=\"yoast-schema-graph\">{\"@context\":\"https:\\\/\\\/schema.org\",\"@graph\":[{\"@type\":\"WebPage\",\"@id\":\"https:\\\/\\\/www.tauroessiccatori.com\\\/es\\\/manuale-biosec\\\/informazioni-tecniche\\\/\",\"url\":\"https:\\\/\\\/www.tauroessiccatori.com\\\/es\\\/manuale-biosec\\\/informazioni-tecniche\\\/\",\"name\":\"Informazioni tecniche &#187; Tauro Essiccatori\",\"isPartOf\":{\"@id\":\"https:\\\/\\\/www.tauroessiccatori.com\\\/es\\\/#website\"},\"primaryImageOfPage\":{\"@id\":\"https:\\\/\\\/www.tauroessiccatori.com\\\/es\\\/manuale-biosec\\\/informazioni-tecniche\\\/#primaryimage\"},\"image\":{\"@id\":\"https:\\\/\\\/www.tauroessiccatori.com\\\/es\\\/manuale-biosec\\\/informazioni-tecniche\\\/#primaryimage\"},\"thumbnailUrl\":\"https:\\\/\\\/tauroessiccatori.com\\\/wp-content\\\/uploads\\\/2025\\\/10\\\/biosec_manuale_2022-6.png\",\"datePublished\":\"2025-10-07T16:42:17+00:00\",\"dateModified\":\"2025-10-08T07:42:52+00:00\",\"breadcrumb\":{\"@id\":\"https:\\\/\\\/www.tauroessiccatori.com\\\/es\\\/manuale-biosec\\\/informazioni-tecniche\\\/#breadcrumb\"},\"inLanguage\":\"es\",\"potentialAction\":[{\"@type\":\"ReadAction\",\"target\":[\"https:\\\/\\\/www.tauroessiccatori.com\\\/es\\\/manuale-biosec\\\/informazioni-tecniche\\\/\"]}]},{\"@type\":\"ImageObject\",\"inLanguage\":\"es\",\"@id\":\"https:\\\/\\\/www.tauroessiccatori.com\\\/es\\\/manuale-biosec\\\/informazioni-tecniche\\\/#primaryimage\",\"url\":\"https:\\\/\\\/tauroessiccatori.com\\\/wp-content\\\/uploads\\\/2025\\\/10\\\/biosec_manuale_2022-6.png\",\"contentUrl\":\"https:\\\/\\\/tauroessiccatori.com\\\/wp-content\\\/uploads\\\/2025\\\/10\\\/biosec_manuale_2022-6.png\"},{\"@type\":\"BreadcrumbList\",\"@id\":\"https:\\\/\\\/www.tauroessiccatori.com\\\/es\\\/manuale-biosec\\\/informazioni-tecniche\\\/#breadcrumb\",\"itemListElement\":[{\"@type\":\"ListItem\",\"position\":1,\"name\":\"Home\",\"item\":\"https:\\\/\\\/www.tauroessiccatori.com\\\/\"},{\"@type\":\"ListItem\",\"position\":2,\"name\":\"Manuale Biosec\",\"item\":\"https:\\\/\\\/www.tauroessiccatori.com\\\/manuale-biosec\\\/\"},{\"@type\":\"ListItem\",\"position\":3,\"name\":\"Informazioni tecniche\"}]},{\"@type\":\"WebSite\",\"@id\":\"https:\\\/\\\/www.tauroessiccatori.com\\\/es\\\/#website\",\"url\":\"https:\\\/\\\/www.tauroessiccatori.com\\\/es\\\/\",\"name\":\"Tauro Essiccatori\",\"description\":\"Da pi\u00f9 di trent\u2019anni, i migliori sistemi di essiccazione.\",\"publisher\":{\"@id\":\"https:\\\/\\\/www.tauroessiccatori.com\\\/es\\\/#organization\"},\"alternateName\":\"Tauro\",\"potentialAction\":[{\"@type\":\"SearchAction\",\"target\":{\"@type\":\"EntryPoint\",\"urlTemplate\":\"https:\\\/\\\/www.tauroessiccatori.com\\\/es\\\/?s={search_term_string}\"},\"query-input\":{\"@type\":\"PropertyValueSpecification\",\"valueRequired\":true,\"valueName\":\"search_term_string\"}}],\"inLanguage\":\"es\"},{\"@type\":\"Organization\",\"@id\":\"https:\\\/\\\/www.tauroessiccatori.com\\\/es\\\/#organization\",\"name\":\"Tauro Essiccatori\",\"alternateName\":\"Tauro Essiccatori srl unipersonale\",\"url\":\"https:\\\/\\\/www.tauroessiccatori.com\\\/es\\\/\",\"logo\":{\"@type\":\"ImageObject\",\"inLanguage\":\"es\",\"@id\":\"https:\\\/\\\/www.tauroessiccatori.com\\\/es\\\/#\\\/schema\\\/logo\\\/image\\\/\",\"url\":\"https:\\\/\\\/www.tauroessiccatori.com\\\/wp-content\\\/uploads\\\/2026\\\/01\\\/tauro.avif\",\"contentUrl\":\"https:\\\/\\\/www.tauroessiccatori.com\\\/wp-content\\\/uploads\\\/2026\\\/01\\\/tauro.avif\",\"width\":360,\"height\":360,\"caption\":\"Tauro Essiccatori\"},\"image\":{\"@id\":\"https:\\\/\\\/www.tauroessiccatori.com\\\/es\\\/#\\\/schema\\\/logo\\\/image\\\/\"},\"sameAs\":[\"https:\\\/\\\/www.facebook.com\\\/tauroessiccatori\"]}]}<\/script>\n<!-- \/ Yoast SEO plugin. -->","yoast_head_json":{"title":"Informaci\u00f3n t\u00e9cnica \u00bb Secadores Tauro","robots":{"index":"index","follow":"follow","max-snippet":"max-snippet:-1","max-image-preview":"max-image-preview:large","max-video-preview":"max-video-preview:-1"},"canonical":"https:\/\/www.tauroessiccatori.com\/es\/manual-de-bioseguridad\/informacion-tecnica\/","og_locale":"es_ES","og_type":"article","og_title":"Informazioni tecniche &#187; Tauro Essiccatori","og_description":"BIOSEC \u00e8 un essiccatore pensato per ogni esigenza, semplice da utilizzare, realizzato in Italia con materiali certificati per il contatto [&hellip;]","og_url":"https:\/\/www.tauroessiccatori.com\/es\/manual-de-bioseguridad\/informacion-tecnica\/","og_site_name":"Tauro Essiccatori","article_publisher":"https:\/\/www.facebook.com\/tauroessiccatori","article_modified_time":"2025-10-08T07:42:52+00:00","og_image":[{"url":"https:\/\/tauroessiccatori.com\/wp-content\/uploads\/2025\/10\/biosec_manuale_2022-6.png","type":"","width":"","height":""}],"twitter_card":"summary_large_image","schema":{"@context":"https:\/\/schema.org","@graph":[{"@type":"WebPage","@id":"https:\/\/www.tauroessiccatori.com\/es\/manuale-biosec\/informazioni-tecniche\/","url":"https:\/\/www.tauroessiccatori.com\/es\/manuale-biosec\/informazioni-tecniche\/","name":"Informaci\u00f3n t\u00e9cnica \u00bb Secadores Tauro","isPartOf":{"@id":"https:\/\/www.tauroessiccatori.com\/es\/#website"},"primaryImageOfPage":{"@id":"https:\/\/www.tauroessiccatori.com\/es\/manuale-biosec\/informazioni-tecniche\/#primaryimage"},"image":{"@id":"https:\/\/www.tauroessiccatori.com\/es\/manuale-biosec\/informazioni-tecniche\/#primaryimage"},"thumbnailUrl":"https:\/\/tauroessiccatori.com\/wp-content\/uploads\/2025\/10\/biosec_manuale_2022-6.png","datePublished":"2025-10-07T16:42:17+00:00","dateModified":"2025-10-08T07:42:52+00:00","breadcrumb":{"@id":"https:\/\/www.tauroessiccatori.com\/es\/manuale-biosec\/informazioni-tecniche\/#breadcrumb"},"inLanguage":"es","potentialAction":[{"@type":"ReadAction","target":["https:\/\/www.tauroessiccatori.com\/es\/manuale-biosec\/informazioni-tecniche\/"]}]},{"@type":"ImageObject","inLanguage":"es","@id":"https:\/\/www.tauroessiccatori.com\/es\/manuale-biosec\/informazioni-tecniche\/#primaryimage","url":"https:\/\/tauroessiccatori.com\/wp-content\/uploads\/2025\/10\/biosec_manuale_2022-6.png","contentUrl":"https:\/\/tauroessiccatori.com\/wp-content\/uploads\/2025\/10\/biosec_manuale_2022-6.png"},{"@type":"BreadcrumbList","@id":"https:\/\/www.tauroessiccatori.com\/es\/manuale-biosec\/informazioni-tecniche\/#breadcrumb","itemListElement":[{"@type":"ListItem","position":1,"name":"Home","item":"https:\/\/www.tauroessiccatori.com\/"},{"@type":"ListItem","position":2,"name":"Manuale Biosec","item":"https:\/\/www.tauroessiccatori.com\/manuale-biosec\/"},{"@type":"ListItem","position":3,"name":"Informazioni tecniche"}]},{"@type":"WebSite","@id":"https:\/\/www.tauroessiccatori.com\/es\/#website","url":"https:\/\/www.tauroessiccatori.com\/es\/","name":"Secadoras Tauro","description":"Desde hace m\u00e1s de 30 a\u00f1os, los mejores sistemas de secado.","publisher":{"@id":"https:\/\/www.tauroessiccatori.com\/es\/#organization"},"alternateName":"Tauro","potentialAction":[{"@type":"SearchAction","target":{"@type":"EntryPoint","urlTemplate":"https:\/\/www.tauroessiccatori.com\/es\/?s={search_term_string}"},"query-input":{"@type":"PropertyValueSpecification","valueRequired":true,"valueName":"search_term_string"}}],"inLanguage":"es"},{"@type":"Organization","@id":"https:\/\/www.tauroessiccatori.com\/es\/#organization","name":"Secadoras Tauro","alternateName":"Tauro Essiccatori srl unipersonale","url":"https:\/\/www.tauroessiccatori.com\/es\/","logo":{"@type":"ImageObject","inLanguage":"es","@id":"https:\/\/www.tauroessiccatori.com\/es\/#\/schema\/logo\/image\/","url":"https:\/\/www.tauroessiccatori.com\/wp-content\/uploads\/2026\/01\/tauro.avif","contentUrl":"https:\/\/www.tauroessiccatori.com\/wp-content\/uploads\/2026\/01\/tauro.avif","width":360,"height":360,"caption":"Tauro Essiccatori"},"image":{"@id":"https:\/\/www.tauroessiccatori.com\/es\/#\/schema\/logo\/image\/"},"sameAs":["https:\/\/www.facebook.com\/tauroessiccatori"]}]}},"_links":{"self":[{"href":"https:\/\/www.tauroessiccatori.com\/es\/wp-json\/wp\/v2\/pages\/165706","targetHints":{"allow":["GET"]}}],"collection":[{"href":"https:\/\/www.tauroessiccatori.com\/es\/wp-json\/wp\/v2\/pages"}],"about":[{"href":"https:\/\/www.tauroessiccatori.com\/es\/wp-json\/wp\/v2\/types\/page"}],"author":[{"embeddable":true,"href":"https:\/\/www.tauroessiccatori.com\/es\/wp-json\/wp\/v2\/users\/1"}],"replies":[{"embeddable":true,"href":"https:\/\/www.tauroessiccatori.com\/es\/wp-json\/wp\/v2\/comments?post=165706"}],"version-history":[{"count":0,"href":"https:\/\/www.tauroessiccatori.com\/es\/wp-json\/wp\/v2\/pages\/165706\/revisions"}],"up":[{"embeddable":true,"href":"https:\/\/www.tauroessiccatori.com\/es\/wp-json\/wp\/v2\/pages\/165699"}],"wp:attachment":[{"href":"https:\/\/www.tauroessiccatori.com\/es\/wp-json\/wp\/v2\/media?parent=165706"}],"curies":[{"name":"wp","href":"https:\/\/api.w.org\/{rel}","templated":true}]}}