{"id":165704,"date":"2025-10-07T18:40:44","date_gmt":"2025-10-07T16:40:44","guid":{"rendered":"https:\/\/tauroessiccatori.com\/?page_id=165704"},"modified":"2025-10-08T09:50:24","modified_gmt":"2025-10-08T07:50:24","slug":"advertencias-generales","status":"publish","type":"page","link":"https:\/\/www.tauroessiccatori.com\/es\/manuale-biosec\/avvertenze-generali\/","title":{"rendered":"Advertencias generales"},"content":{"rendered":"<ol>\n<li>Lea atentamente las advertencias de este manual, que le proporcionar\u00e1n informaci\u00f3n importante sobre la seguridad de la instalaci\u00f3n, el funcionamiento y el mantenimiento. Conserve este manual cuidadosamente para futuras consultas.<\/li>\n<li>Una vez retirado el embalaje, aseg\u00farese de la integridad del aparato. En caso de duda, no utilice el aparato y p\u00f3ngase en contacto con su distribuidor.Los elementos del embalaje no deben dejarse a la vista ni al alcance de los ni\u00f1os, ya que son fuentes potenciales de peligro.<\/li>\n<li>Antes de conectar el aparato, aseg\u00farese de que la red el\u00e9ctrica cumple los datos de la etiqueta del motor.<\/li>\n<li>No introduzca objetos en la unidad de termoventilaci\u00f3n.<\/li>\n<li>Este aparato s\u00f3lo debe utilizarse para el fin para el que ha sido expresamente dise\u00f1ado, es decir, el secado. Cualquier otro uso debe considerarse inadecuado y, por tanto, peligroso. El fabricante no se hace responsable de los da\u00f1os derivados de un uso inadecuado, incorrecto e irrazonable.<\/li>\n<li>El uso de cualquier aparato el\u00e9ctrico exige el cumplimiento de ciertas normas b\u00e1sicas, en particular:\n<ul>\n<li>NO TOQUE EL AEROTERMO CON LAS MANOS MOJADAS O H\u00daMEDAS<\/li>\n<li>NO DEJE EL APARATO EXPUESTO A LA INTEMPERIE<\/li>\n<li>NO PERMITA QUE EL APARATO SEA UTILIZADO POR NI\u00d1OS O PERSONAS CON CAPACIDADES F\u00cdSICAS, SENSORIALES O MENTALES REDUCIDAS O CON FALTA DE EXPERIENCIA<\/li>\n<li>NO TIRE DEL CABLE DE ALIMENTACI\u00d3N NI DEL PROPIO APARATO PARA DESENCHUFARLO DE LA TOMA DE CORRIENTE<\/li>\n<li>MANTENGA A LOS ANIMALES ALEJADOS DE LOS APARATOS EL\u00c9CTRICOS<\/li>\n<\/ul>\n<\/li>\n<li>No utilice el aparato cerca de ba\u00f1eras, duchas, lavabos, piscinas u otras fuentes de agua. Coloque la secadora a una distancia m\u00ednima de 60 cm.<\/li>\n<li>Mantenga el aparato a una distancia m\u00ednima de 60 cm de objetos o sustancias f\u00e1cilmente inflamables.<\/li>\n<li>Para cualquier intervenci\u00f3n en piezas el\u00e9ctricas, p\u00f3ngase en contacto con su distribuidor.<\/li>\n<li>ADVERTENCIA: Para evitar cualquier peligro debido a un rearme accidental del dispositivo de desconexi\u00f3n t\u00e9rmica, este aparato no debe alimentarse mediante un dispositivo de funcionamiento externo, como un temporizador, ni conectarse a un circuito alimentado o desconectado regularmente del servicio.<\/li>\n<\/ol>\n<div class=\"grid md:grid-cols-4 grid-cols-2 my-12 md:my-0\"><\/div>","protected":false},"excerpt":{"rendered":"<p>Leggere attentamente le avvertenze contenute nel presente manuale, che vi forniranno importanti informazioni riguardanti la sicurezza di installazione, d\u2019uso e [&hellip;]<\/p>\n","protected":false},"author":1,"featured_media":0,"parent":165699,"menu_order":15,"comment_status":"closed","ping_status":"closed","template":"page-manuale-biosec.php","meta":{"_acf_changed":false,"footnotes":""},"class_list":["post-165704","page","type-page","status-publish","hentry"],"acf":[],"yoast_head":"<!-- This site is optimized with the Yoast SEO plugin v27.5 - https:\/\/yoast.com\/product\/yoast-seo-wordpress\/ -->\n<title>Avvertenze generali &#187; Tauro Essiccatori<\/title>\n<meta name=\"robots\" content=\"index, follow, max-snippet:-1, max-image-preview:large, max-video-preview:-1\" \/>\n<link rel=\"canonical\" href=\"https:\/\/www.tauroessiccatori.com\/es\/manual-de-bioseguridad\/advertencias-generales\/\" \/>\n<meta property=\"og:locale\" content=\"es_ES\" \/>\n<meta property=\"og:type\" content=\"article\" \/>\n<meta property=\"og:title\" content=\"Avvertenze generali &#187; Tauro Essiccatori\" \/>\n<meta property=\"og:description\" content=\"Leggere attentamente le avvertenze contenute nel presente manuale, che vi forniranno importanti informazioni riguardanti la sicurezza di installazione, d\u2019uso e [&hellip;]\" \/>\n<meta property=\"og:url\" content=\"https:\/\/www.tauroessiccatori.com\/es\/manual-de-bioseguridad\/advertencias-generales\/\" \/>\n<meta property=\"og:site_name\" content=\"Tauro Essiccatori\" \/>\n<meta property=\"article:publisher\" content=\"https:\/\/www.facebook.com\/tauroessiccatori\" \/>\n<meta property=\"article:modified_time\" content=\"2025-10-08T07:50:24+00:00\" \/>\n<meta name=\"twitter:card\" content=\"summary_large_image\" \/>\n<script type=\"application\/ld+json\" class=\"yoast-schema-graph\">{\"@context\":\"https:\\\/\\\/schema.org\",\"@graph\":[{\"@type\":\"WebPage\",\"@id\":\"https:\\\/\\\/www.tauroessiccatori.com\\\/es\\\/manuale-biosec\\\/avvertenze-generali\\\/\",\"url\":\"https:\\\/\\\/www.tauroessiccatori.com\\\/es\\\/manuale-biosec\\\/avvertenze-generali\\\/\",\"name\":\"Avvertenze generali &#187; Tauro Essiccatori\",\"isPartOf\":{\"@id\":\"https:\\\/\\\/www.tauroessiccatori.com\\\/es\\\/#website\"},\"datePublished\":\"2025-10-07T16:40:44+00:00\",\"dateModified\":\"2025-10-08T07:50:24+00:00\",\"breadcrumb\":{\"@id\":\"https:\\\/\\\/www.tauroessiccatori.com\\\/es\\\/manuale-biosec\\\/avvertenze-generali\\\/#breadcrumb\"},\"inLanguage\":\"es\",\"potentialAction\":[{\"@type\":\"ReadAction\",\"target\":[\"https:\\\/\\\/www.tauroessiccatori.com\\\/es\\\/manuale-biosec\\\/avvertenze-generali\\\/\"]}]},{\"@type\":\"BreadcrumbList\",\"@id\":\"https:\\\/\\\/www.tauroessiccatori.com\\\/es\\\/manuale-biosec\\\/avvertenze-generali\\\/#breadcrumb\",\"itemListElement\":[{\"@type\":\"ListItem\",\"position\":1,\"name\":\"Home\",\"item\":\"https:\\\/\\\/www.tauroessiccatori.com\\\/\"},{\"@type\":\"ListItem\",\"position\":2,\"name\":\"Manuale Biosec\",\"item\":\"https:\\\/\\\/www.tauroessiccatori.com\\\/manuale-biosec\\\/\"},{\"@type\":\"ListItem\",\"position\":3,\"name\":\"Avvertenze generali\"}]},{\"@type\":\"WebSite\",\"@id\":\"https:\\\/\\\/www.tauroessiccatori.com\\\/es\\\/#website\",\"url\":\"https:\\\/\\\/www.tauroessiccatori.com\\\/es\\\/\",\"name\":\"Tauro Essiccatori\",\"description\":\"Da pi\u00f9 di trent\u2019anni, i migliori sistemi di essiccazione.\",\"publisher\":{\"@id\":\"https:\\\/\\\/www.tauroessiccatori.com\\\/es\\\/#organization\"},\"alternateName\":\"Tauro\",\"potentialAction\":[{\"@type\":\"SearchAction\",\"target\":{\"@type\":\"EntryPoint\",\"urlTemplate\":\"https:\\\/\\\/www.tauroessiccatori.com\\\/es\\\/?s={search_term_string}\"},\"query-input\":{\"@type\":\"PropertyValueSpecification\",\"valueRequired\":true,\"valueName\":\"search_term_string\"}}],\"inLanguage\":\"es\"},{\"@type\":\"Organization\",\"@id\":\"https:\\\/\\\/www.tauroessiccatori.com\\\/es\\\/#organization\",\"name\":\"Tauro Essiccatori\",\"alternateName\":\"Tauro Essiccatori srl unipersonale\",\"url\":\"https:\\\/\\\/www.tauroessiccatori.com\\\/es\\\/\",\"logo\":{\"@type\":\"ImageObject\",\"inLanguage\":\"es\",\"@id\":\"https:\\\/\\\/www.tauroessiccatori.com\\\/es\\\/#\\\/schema\\\/logo\\\/image\\\/\",\"url\":\"https:\\\/\\\/www.tauroessiccatori.com\\\/wp-content\\\/uploads\\\/2026\\\/01\\\/tauro.avif\",\"contentUrl\":\"https:\\\/\\\/www.tauroessiccatori.com\\\/wp-content\\\/uploads\\\/2026\\\/01\\\/tauro.avif\",\"width\":360,\"height\":360,\"caption\":\"Tauro Essiccatori\"},\"image\":{\"@id\":\"https:\\\/\\\/www.tauroessiccatori.com\\\/es\\\/#\\\/schema\\\/logo\\\/image\\\/\"},\"sameAs\":[\"https:\\\/\\\/www.facebook.com\\\/tauroessiccatori\"]}]}<\/script>\n<!-- \/ Yoast SEO plugin. -->","yoast_head_json":{"title":"Avisos generales \u00bb Secadoras Tauro","robots":{"index":"index","follow":"follow","max-snippet":"max-snippet:-1","max-image-preview":"max-image-preview:large","max-video-preview":"max-video-preview:-1"},"canonical":"https:\/\/www.tauroessiccatori.com\/es\/manual-de-bioseguridad\/advertencias-generales\/","og_locale":"es_ES","og_type":"article","og_title":"Avvertenze generali &#187; Tauro Essiccatori","og_description":"Leggere attentamente le avvertenze contenute nel presente manuale, che vi forniranno importanti informazioni riguardanti la sicurezza di installazione, d\u2019uso e [&hellip;]","og_url":"https:\/\/www.tauroessiccatori.com\/es\/manual-de-bioseguridad\/advertencias-generales\/","og_site_name":"Tauro Essiccatori","article_publisher":"https:\/\/www.facebook.com\/tauroessiccatori","article_modified_time":"2025-10-08T07:50:24+00:00","twitter_card":"summary_large_image","schema":{"@context":"https:\/\/schema.org","@graph":[{"@type":"WebPage","@id":"https:\/\/www.tauroessiccatori.com\/es\/manuale-biosec\/avvertenze-generali\/","url":"https:\/\/www.tauroessiccatori.com\/es\/manuale-biosec\/avvertenze-generali\/","name":"Avisos generales \u00bb Secadoras Tauro","isPartOf":{"@id":"https:\/\/www.tauroessiccatori.com\/es\/#website"},"datePublished":"2025-10-07T16:40:44+00:00","dateModified":"2025-10-08T07:50:24+00:00","breadcrumb":{"@id":"https:\/\/www.tauroessiccatori.com\/es\/manuale-biosec\/avvertenze-generali\/#breadcrumb"},"inLanguage":"es","potentialAction":[{"@type":"ReadAction","target":["https:\/\/www.tauroessiccatori.com\/es\/manuale-biosec\/avvertenze-generali\/"]}]},{"@type":"BreadcrumbList","@id":"https:\/\/www.tauroessiccatori.com\/es\/manuale-biosec\/avvertenze-generali\/#breadcrumb","itemListElement":[{"@type":"ListItem","position":1,"name":"Home","item":"https:\/\/www.tauroessiccatori.com\/"},{"@type":"ListItem","position":2,"name":"Manuale Biosec","item":"https:\/\/www.tauroessiccatori.com\/manuale-biosec\/"},{"@type":"ListItem","position":3,"name":"Avvertenze generali"}]},{"@type":"WebSite","@id":"https:\/\/www.tauroessiccatori.com\/es\/#website","url":"https:\/\/www.tauroessiccatori.com\/es\/","name":"Secadoras Tauro","description":"Desde hace m\u00e1s de 30 a\u00f1os, los mejores sistemas de secado.","publisher":{"@id":"https:\/\/www.tauroessiccatori.com\/es\/#organization"},"alternateName":"Tauro","potentialAction":[{"@type":"SearchAction","target":{"@type":"EntryPoint","urlTemplate":"https:\/\/www.tauroessiccatori.com\/es\/?s={search_term_string}"},"query-input":{"@type":"PropertyValueSpecification","valueRequired":true,"valueName":"search_term_string"}}],"inLanguage":"es"},{"@type":"Organization","@id":"https:\/\/www.tauroessiccatori.com\/es\/#organization","name":"Secadoras Tauro","alternateName":"Tauro Essiccatori srl unipersonale","url":"https:\/\/www.tauroessiccatori.com\/es\/","logo":{"@type":"ImageObject","inLanguage":"es","@id":"https:\/\/www.tauroessiccatori.com\/es\/#\/schema\/logo\/image\/","url":"https:\/\/www.tauroessiccatori.com\/wp-content\/uploads\/2026\/01\/tauro.avif","contentUrl":"https:\/\/www.tauroessiccatori.com\/wp-content\/uploads\/2026\/01\/tauro.avif","width":360,"height":360,"caption":"Tauro Essiccatori"},"image":{"@id":"https:\/\/www.tauroessiccatori.com\/es\/#\/schema\/logo\/image\/"},"sameAs":["https:\/\/www.facebook.com\/tauroessiccatori"]}]}},"_links":{"self":[{"href":"https:\/\/www.tauroessiccatori.com\/es\/wp-json\/wp\/v2\/pages\/165704","targetHints":{"allow":["GET"]}}],"collection":[{"href":"https:\/\/www.tauroessiccatori.com\/es\/wp-json\/wp\/v2\/pages"}],"about":[{"href":"https:\/\/www.tauroessiccatori.com\/es\/wp-json\/wp\/v2\/types\/page"}],"author":[{"embeddable":true,"href":"https:\/\/www.tauroessiccatori.com\/es\/wp-json\/wp\/v2\/users\/1"}],"replies":[{"embeddable":true,"href":"https:\/\/www.tauroessiccatori.com\/es\/wp-json\/wp\/v2\/comments?post=165704"}],"version-history":[{"count":0,"href":"https:\/\/www.tauroessiccatori.com\/es\/wp-json\/wp\/v2\/pages\/165704\/revisions"}],"up":[{"embeddable":true,"href":"https:\/\/www.tauroessiccatori.com\/es\/wp-json\/wp\/v2\/pages\/165699"}],"wp:attachment":[{"href":"https:\/\/www.tauroessiccatori.com\/es\/wp-json\/wp\/v2\/media?parent=165704"}],"curies":[{"name":"wp","href":"https:\/\/api.w.org\/{rel}","templated":true}]}}