{"id":165552,"date":"2025-08-30T09:07:28","date_gmt":"2025-08-30T07:07:28","guid":{"rendered":"https:\/\/tauroessiccatori.com\/?post_type=product&#038;p=165552"},"modified":"2026-01-26T10:33:49","modified_gmt":"2026-01-26T09:33:49","slug":"silisoft","status":"publish","type":"product","link":"https:\/\/www.tauroessiccatori.com\/de\/essiccatori-domestici\/accessori\/antiaderenti\/silisoft\/","title":{"rendered":"SiliSoft"},"content":{"rendered":"<p>SiliSoft ist das innovative Mehrzweck-Platin-Silikon-Antihaftfoliensystem, das entwickelt wurde, um Ihnen bei jedem Biosec maximale Leistung zu bieten.<\/p>\n<p>SiliSoft eignet sich hervorragend zum Trocknen von w\u00e4ssrigen Lebensmitteln, tropfenden Scheiben (Tomaten und Orangen), aromatisierten Salzen und kleinen Lebensmitteln.<\/p>\n<p>VOR DEM ERSTEN GEBRAUCH WASCHEN.<\/p>","protected":false},"excerpt":{"rendered":"<p><strong>SiliSoft<\/strong> ist das neue Prestige-Mattensystem <strong>Platinsilikon<\/strong>noch mehr Antihaft, perfekt f\u00fcr Ihre w\u00e4ssrigen Produkte, tausendfach wiederverwendbar. Was mehr ist, ist es vollst\u00e4ndig <strong>Hergestellt in Italien!<\/strong><\/p>","protected":false},"featured_media":196,"comment_status":"closed","ping_status":"closed","template":"","meta":{"_acf_changed":false},"product_brand":[],"product_cat":[26],"product_tag":[],"class_list":{"0":"post-165552","1":"product","2":"type-product","3":"status-publish","4":"has-post-thumbnail","6":"product_cat-antiaderenti","8":"first","9":"instock","10":"sale","11":"taxable","12":"shipping-taxable","13":"purchasable","14":"product-type-variable"},"gallery_images":[217],"acf":[],"yoast_head":"<!-- This site is optimized with the Yoast SEO plugin v27.5 - https:\/\/yoast.com\/product\/yoast-seo-wordpress\/ -->\n<title>SiliSoft 3 tappetini antiaderenti in silicone &#187; Tauro Essiccatori<\/title>\n<meta name=\"description\" content=\"SiliSoft 3 tappetini antiaderenti per essiccare i prodotti pi\u00f9 difficili da staccare e anche i semiliquidi. Shop online su Tauro\" \/>\n<meta name=\"robots\" content=\"index, follow, max-snippet:-1, max-image-preview:large, max-video-preview:-1\" \/>\n<link rel=\"canonical\" href=\"https:\/\/www.tauroessiccatori.com\/de\/haushaltstrockner\/zubehor\/antihaftbeschichtung\/silisoft\/\" \/>\n<meta property=\"og:locale\" content=\"de_DE\" \/>\n<meta property=\"og:type\" content=\"article\" \/>\n<meta property=\"og:title\" content=\"SiliSoft 3 tappetini antiaderenti in silicone &#187; Tauro Essiccatori\" \/>\n<meta property=\"og:description\" content=\"SiliSoft 3 tappetini antiaderenti per essiccare i prodotti pi\u00f9 difficili da staccare e anche i semiliquidi. Shop online su Tauro\" \/>\n<meta property=\"og:url\" content=\"https:\/\/www.tauroessiccatori.com\/de\/haushaltstrockner\/zubehor\/antihaftbeschichtung\/silisoft\/\" \/>\n<meta property=\"og:site_name\" content=\"Tauro Essiccatori\" \/>\n<meta property=\"article:publisher\" content=\"https:\/\/www.facebook.com\/tauroessiccatori\" \/>\n<meta property=\"article:modified_time\" content=\"2026-01-26T09:33:49+00:00\" \/>\n<meta property=\"og:image\" content=\"https:\/\/www.tauroessiccatori.com\/wp-content\/uploads\/2025\/03\/SiliDrop_cestello.jpg\" \/>\n\t<meta property=\"og:image:width\" content=\"1210\" \/>\n\t<meta property=\"og:image:height\" content=\"750\" \/>\n\t<meta property=\"og:image:type\" content=\"image\/jpeg\" \/>\n<meta name=\"twitter:card\" content=\"summary_large_image\" \/>\n<script type=\"application\/ld+json\" class=\"yoast-schema-graph\">{\"@context\":\"https:\\\/\\\/schema.org\",\"@graph\":[{\"@type\":\"WebPage\",\"@id\":\"https:\\\/\\\/www.tauroessiccatori.com\\\/de\\\/essiccatori-domestici\\\/accessori\\\/antiaderenti\\\/silisoft\\\/\",\"url\":\"https:\\\/\\\/www.tauroessiccatori.com\\\/de\\\/essiccatori-domestici\\\/accessori\\\/antiaderenti\\\/silisoft\\\/\",\"name\":\"SiliSoft 3 tappetini antiaderenti in silicone &#187; Tauro Essiccatori\",\"isPartOf\":{\"@id\":\"https:\\\/\\\/www.tauroessiccatori.com\\\/de\\\/#website\"},\"primaryImageOfPage\":{\"@id\":\"https:\\\/\\\/www.tauroessiccatori.com\\\/de\\\/essiccatori-domestici\\\/accessori\\\/antiaderenti\\\/silisoft\\\/#primaryimage\"},\"image\":{\"@id\":\"https:\\\/\\\/www.tauroessiccatori.com\\\/de\\\/essiccatori-domestici\\\/accessori\\\/antiaderenti\\\/silisoft\\\/#primaryimage\"},\"thumbnailUrl\":\"https:\\\/\\\/www.tauroessiccatori.com\\\/wp-content\\\/uploads\\\/2025\\\/03\\\/SiliDrop_cestello.avif\",\"datePublished\":\"2025-08-30T07:07:28+00:00\",\"dateModified\":\"2026-01-26T09:33:49+00:00\",\"description\":\"SiliSoft 3 tappetini antiaderenti per essiccare i prodotti pi\u00f9 difficili da staccare e anche i semiliquidi. Shop online su Tauro\",\"breadcrumb\":{\"@id\":\"https:\\\/\\\/www.tauroessiccatori.com\\\/de\\\/essiccatori-domestici\\\/accessori\\\/antiaderenti\\\/silisoft\\\/#breadcrumb\"},\"inLanguage\":\"de\",\"potentialAction\":[{\"@type\":\"ReadAction\",\"target\":[\"https:\\\/\\\/www.tauroessiccatori.com\\\/de\\\/essiccatori-domestici\\\/accessori\\\/antiaderenti\\\/silisoft\\\/\"]}]},{\"@type\":\"ImageObject\",\"inLanguage\":\"de\",\"@id\":\"https:\\\/\\\/www.tauroessiccatori.com\\\/de\\\/essiccatori-domestici\\\/accessori\\\/antiaderenti\\\/silisoft\\\/#primaryimage\",\"url\":\"https:\\\/\\\/www.tauroessiccatori.com\\\/wp-content\\\/uploads\\\/2025\\\/03\\\/SiliDrop_cestello.avif\",\"contentUrl\":\"https:\\\/\\\/www.tauroessiccatori.com\\\/wp-content\\\/uploads\\\/2025\\\/03\\\/SiliDrop_cestello.avif\",\"width\":1210,\"height\":750},{\"@type\":\"BreadcrumbList\",\"@id\":\"https:\\\/\\\/www.tauroessiccatori.com\\\/de\\\/essiccatori-domestici\\\/accessori\\\/antiaderenti\\\/silisoft\\\/#breadcrumb\",\"itemListElement\":[{\"@type\":\"ListItem\",\"position\":1,\"name\":\"Home\",\"item\":\"https:\\\/\\\/www.tauroessiccatori.com\\\/\"},{\"@type\":\"ListItem\",\"position\":2,\"name\":\"Shop\",\"item\":\"https:\\\/\\\/www.tauroessiccatori.com\\\/shop\\\/\"},{\"@type\":\"ListItem\",\"position\":3,\"name\":\"SiliSoft\"}]},{\"@type\":\"WebSite\",\"@id\":\"https:\\\/\\\/www.tauroessiccatori.com\\\/de\\\/#website\",\"url\":\"https:\\\/\\\/www.tauroessiccatori.com\\\/de\\\/\",\"name\":\"Tauro Essiccatori\",\"description\":\"Da pi\u00f9 di trent\u2019anni, i migliori sistemi di essiccazione.\",\"publisher\":{\"@id\":\"https:\\\/\\\/www.tauroessiccatori.com\\\/de\\\/#organization\"},\"alternateName\":\"Tauro\",\"potentialAction\":[{\"@type\":\"SearchAction\",\"target\":{\"@type\":\"EntryPoint\",\"urlTemplate\":\"https:\\\/\\\/www.tauroessiccatori.com\\\/de\\\/?s={search_term_string}\"},\"query-input\":{\"@type\":\"PropertyValueSpecification\",\"valueRequired\":true,\"valueName\":\"search_term_string\"}}],\"inLanguage\":\"de\"},{\"@type\":\"Organization\",\"@id\":\"https:\\\/\\\/www.tauroessiccatori.com\\\/de\\\/#organization\",\"name\":\"Tauro Essiccatori\",\"alternateName\":\"Tauro Essiccatori srl unipersonale\",\"url\":\"https:\\\/\\\/www.tauroessiccatori.com\\\/de\\\/\",\"logo\":{\"@type\":\"ImageObject\",\"inLanguage\":\"de\",\"@id\":\"https:\\\/\\\/www.tauroessiccatori.com\\\/de\\\/#\\\/schema\\\/logo\\\/image\\\/\",\"url\":\"https:\\\/\\\/www.tauroessiccatori.com\\\/wp-content\\\/uploads\\\/2026\\\/01\\\/tauro.avif\",\"contentUrl\":\"https:\\\/\\\/www.tauroessiccatori.com\\\/wp-content\\\/uploads\\\/2026\\\/01\\\/tauro.avif\",\"width\":360,\"height\":360,\"caption\":\"Tauro Essiccatori\"},\"image\":{\"@id\":\"https:\\\/\\\/www.tauroessiccatori.com\\\/de\\\/#\\\/schema\\\/logo\\\/image\\\/\"},\"sameAs\":[\"https:\\\/\\\/www.facebook.com\\\/tauroessiccatori\"]}]}<\/script>\n<!-- \/ Yoast SEO plugin. -->","yoast_head_json":{"title":"SiliSoft 3 Antihaft-Silikonmatten \u00bb Tauro Trockner","description":"SiliSoft 3 Antihaftmatten zum Trocknen von schwer zu trocknenden Produkten und sogar halbfl\u00fcssigen Fl\u00fcssigkeiten. Online einkaufen bei Tauro","robots":{"index":"index","follow":"follow","max-snippet":"max-snippet:-1","max-image-preview":"max-image-preview:large","max-video-preview":"max-video-preview:-1"},"canonical":"https:\/\/www.tauroessiccatori.com\/de\/haushaltstrockner\/zubehor\/antihaftbeschichtung\/silisoft\/","og_locale":"de_DE","og_type":"article","og_title":"SiliSoft 3 tappetini antiaderenti in silicone &#187; Tauro Essiccatori","og_description":"SiliSoft 3 tappetini antiaderenti per essiccare i prodotti pi\u00f9 difficili da staccare e anche i semiliquidi. Shop online su Tauro","og_url":"https:\/\/www.tauroessiccatori.com\/de\/haushaltstrockner\/zubehor\/antihaftbeschichtung\/silisoft\/","og_site_name":"Tauro Essiccatori","article_publisher":"https:\/\/www.facebook.com\/tauroessiccatori","article_modified_time":"2026-01-26T09:33:49+00:00","og_image":[{"width":1210,"height":750,"url":"https:\/\/www.tauroessiccatori.com\/wp-content\/uploads\/2025\/03\/SiliDrop_cestello.jpg","type":"image\/jpeg"}],"twitter_card":"summary_large_image","schema":{"@context":"https:\/\/schema.org","@graph":[{"@type":"WebPage","@id":"https:\/\/www.tauroessiccatori.com\/de\/essiccatori-domestici\/accessori\/antiaderenti\/silisoft\/","url":"https:\/\/www.tauroessiccatori.com\/de\/essiccatori-domestici\/accessori\/antiaderenti\/silisoft\/","name":"SiliSoft 3 Antihaft-Silikonmatten \u00bb Tauro Trockner","isPartOf":{"@id":"https:\/\/www.tauroessiccatori.com\/de\/#website"},"primaryImageOfPage":{"@id":"https:\/\/www.tauroessiccatori.com\/de\/essiccatori-domestici\/accessori\/antiaderenti\/silisoft\/#primaryimage"},"image":{"@id":"https:\/\/www.tauroessiccatori.com\/de\/essiccatori-domestici\/accessori\/antiaderenti\/silisoft\/#primaryimage"},"thumbnailUrl":"https:\/\/www.tauroessiccatori.com\/wp-content\/uploads\/2025\/03\/SiliDrop_cestello.avif","datePublished":"2025-08-30T07:07:28+00:00","dateModified":"2026-01-26T09:33:49+00:00","description":"SiliSoft 3 Antihaftmatten zum Trocknen von schwer zu trocknenden Produkten und sogar halbfl\u00fcssigen Fl\u00fcssigkeiten. Online einkaufen bei Tauro","breadcrumb":{"@id":"https:\/\/www.tauroessiccatori.com\/de\/essiccatori-domestici\/accessori\/antiaderenti\/silisoft\/#breadcrumb"},"inLanguage":"de","potentialAction":[{"@type":"ReadAction","target":["https:\/\/www.tauroessiccatori.com\/de\/essiccatori-domestici\/accessori\/antiaderenti\/silisoft\/"]}]},{"@type":"ImageObject","inLanguage":"de","@id":"https:\/\/www.tauroessiccatori.com\/de\/essiccatori-domestici\/accessori\/antiaderenti\/silisoft\/#primaryimage","url":"https:\/\/www.tauroessiccatori.com\/wp-content\/uploads\/2025\/03\/SiliDrop_cestello.avif","contentUrl":"https:\/\/www.tauroessiccatori.com\/wp-content\/uploads\/2025\/03\/SiliDrop_cestello.avif","width":1210,"height":750},{"@type":"BreadcrumbList","@id":"https:\/\/www.tauroessiccatori.com\/de\/essiccatori-domestici\/accessori\/antiaderenti\/silisoft\/#breadcrumb","itemListElement":[{"@type":"ListItem","position":1,"name":"Home","item":"https:\/\/www.tauroessiccatori.com\/"},{"@type":"ListItem","position":2,"name":"Shop","item":"https:\/\/www.tauroessiccatori.com\/shop\/"},{"@type":"ListItem","position":3,"name":"SiliSoft"}]},{"@type":"WebSite","@id":"https:\/\/www.tauroessiccatori.com\/de\/#website","url":"https:\/\/www.tauroessiccatori.com\/de\/","name":"Tauro Trockner","description":"Seit mehr als 30 Jahren die besten Trocknungssysteme.","publisher":{"@id":"https:\/\/www.tauroessiccatori.com\/de\/#organization"},"alternateName":"Tauro","potentialAction":[{"@type":"SearchAction","target":{"@type":"EntryPoint","urlTemplate":"https:\/\/www.tauroessiccatori.com\/de\/?s={search_term_string}"},"query-input":{"@type":"PropertyValueSpecification","valueRequired":true,"valueName":"search_term_string"}}],"inLanguage":"de"},{"@type":"Organization","@id":"https:\/\/www.tauroessiccatori.com\/de\/#organization","name":"Tauro Trockner","alternateName":"Tauro Essiccatori srl unipersonale","url":"https:\/\/www.tauroessiccatori.com\/de\/","logo":{"@type":"ImageObject","inLanguage":"de","@id":"https:\/\/www.tauroessiccatori.com\/de\/#\/schema\/logo\/image\/","url":"https:\/\/www.tauroessiccatori.com\/wp-content\/uploads\/2026\/01\/tauro.avif","contentUrl":"https:\/\/www.tauroessiccatori.com\/wp-content\/uploads\/2026\/01\/tauro.avif","width":360,"height":360,"caption":"Tauro Essiccatori"},"image":{"@id":"https:\/\/www.tauroessiccatori.com\/de\/#\/schema\/logo\/image\/"},"sameAs":["https:\/\/www.facebook.com\/tauroessiccatori"]}]}},"_links":{"self":[{"href":"https:\/\/www.tauroessiccatori.com\/de\/wp-json\/wp\/v2\/product\/165552","targetHints":{"allow":["GET"]}}],"collection":[{"href":"https:\/\/www.tauroessiccatori.com\/de\/wp-json\/wp\/v2\/product"}],"about":[{"href":"https:\/\/www.tauroessiccatori.com\/de\/wp-json\/wp\/v2\/types\/product"}],"replies":[{"embeddable":true,"href":"https:\/\/www.tauroessiccatori.com\/de\/wp-json\/wp\/v2\/comments?post=165552"}],"wp:featuredmedia":[{"embeddable":true,"href":"https:\/\/www.tauroessiccatori.com\/de\/wp-json\/wp\/v2\/media\/196"}],"wp:attachment":[{"href":"https:\/\/www.tauroessiccatori.com\/de\/wp-json\/wp\/v2\/media?parent=165552"}],"wp:term":[{"taxonomy":"product_brand","embeddable":true,"href":"https:\/\/www.tauroessiccatori.com\/de\/wp-json\/wp\/v2\/product_brand?post=165552"},{"taxonomy":"product_cat","embeddable":true,"href":"https:\/\/www.tauroessiccatori.com\/de\/wp-json\/wp\/v2\/product_cat?post=165552"},{"taxonomy":"product_tag","embeddable":true,"href":"https:\/\/www.tauroessiccatori.com\/de\/wp-json\/wp\/v2\/product_tag?post=165552"}],"curies":[{"name":"wp","href":"https:\/\/api.w.org\/{rel}","templated":true}]}}