{"id":165766,"date":"2025-10-08T18:50:13","date_gmt":"2025-10-08T16:50:13","guid":{"rendered":"https:\/\/tauroessiccatori.com\/?page_id=165766"},"modified":"2025-10-08T18:50:13","modified_gmt":"2025-10-08T16:50:13","slug":"haufig-gestellte-fragen-2","status":"publish","type":"page","link":"https:\/\/www.tauroessiccatori.com\/de\/manuale-biosec\/domande-frequenti\/","title":{"rendered":"H\u00e4ufig gestellte Fragen"},"content":{"rendered":"<div>\n<p><b>Wie viel verbraucht mein BIOSEC?<\/b><\/p>\n<p>Der BIOSEC-Motor wurde speziell entwickelt, um den Verbrauch unter allen Umst\u00e4nden zu optimieren, und verf\u00fcgt sogar \u00fcber ein spezielles Energiesparprogramm.<\/p>\n<p>Unter dem Gesichtspunkt der Energieeinsparung wird der maximale Verbrauch nur dann erreicht, wenn sich der Motor bis zu den h\u00f6chsten Grenzwerten aufheizt (z.B. 68\u00b0 im Programm P4) und der Ventilator die maximale Drehzahl erreicht.<\/p>\n<p>Zu allen anderen Zeiten verbraucht BIOSEC je nach gew\u00e4hltem Programm und aktueller Programmphase durchschnittlich zwischen ca. 15W und 550W.<\/p>\n<\/div>\n<p>&nbsp;<\/p>\n<div>\n<p><b>Beseitigt BIOSEC die Feuchtigkeit in meinem Haus, die Schimmel verursacht?<\/b><\/p>\n<p>Bei normaler Rauml\u00fcftung f\u00fchrt die von BIOSEC entsorgte Wassermenge zu keinerlei Problemen mit Stauung, Schimmel oder ausgetriebener Feuchtigkeit.<\/p>\n<\/div>\n<p>&nbsp;<\/p>\n<div>\n<p><b>Sind die Baumaterialien meines BIOSEC sicher und zertifiziert?<br \/>\nEnthalten Kunststoffe BPA oder Phthalate?<\/b><\/p>\n<p>BIOSEC wird aus den besten lebensmittelechten Materialien hergestellt und die Modelle aus Kunststoff sind frei von BPA und Phthalaten, die bei den Betriebstemperaturen eines Trockners niemals sch\u00e4dlich werden k\u00f6nnen. Jede Komponente ist CE-zertifiziert f\u00fcr die Verwendung in Lebensmitteln und unsere B\u00fcros senden Ihnen gerne Kopien der Dokumentation zu, um die vollst\u00e4ndige Sicherheit und Eignung unserer Produkte zu gew\u00e4hrleisten.<\/p>\n<\/div>\n<p>&nbsp;<\/p>\n<div>\n<p><b>Kann ich BIOSEC im Freien verwenden?<br \/>\nKann ich es in einem geschlossenen Raum benutzen?<\/b><\/p>\n<p>BIOSEC f\u00fcrchtet die Witterung und die direkte Sonnenbestrahlung. F\u00fcr den richtigen Gebrauch des Trockners ist es am besten, ihn an einem gesch\u00fctzten Ort aufzustellen, der weder zu feucht (keine B\u00e4der, Keller oder W\u00e4schereien) noch zu eng ist (nicht schrankgro\u00df einschlie\u00dfen), um einen guten Luftaustausch und die Ableitung der Feuchtigkeit zu erm\u00f6glichen. Wie alle elektrischen Ger\u00e4te sollte BIOSEC also von Wasser ferngehalten werden.<\/p>\n<\/div>\n<p>&nbsp;<\/p>\n<div>\n<p><b>Ist es m\u00f6glich, verschiedene Produkte gleichzeitig zu trocknen?<br \/>\nIst es notwendig, alle BIOSEC-K\u00f6rbe zu laden?<\/b><\/p>\n<p>Der BIOSEC funktioniert auch mit nur einem gef\u00fcllten Korb sehr gut; Sie k\u00f6nnen so viele K\u00f6rbe f\u00fcllen, wie Sie m\u00f6chten. Es spricht jedoch nichts dagegen, den Platz zu optimieren, indem Sie auch verschiedene Produkte in verschiedenen K\u00f6rben trocknen. Achten Sie in diesem Fall darauf, die w\u00e4ssrigsten Lebensmittel nach unten zu legen, ein Programm zu w\u00e4hlen, das f\u00fcr alle zu verarbeitenden Sorten geeignet ist, und den erreichten Trocknungsgrad zu verschiedenen Zeitpunkten zu \u00fcberpr\u00fcfen. Sie k\u00f6nnen die verschiedenen Produkte herausnehmen, sobald sie vollst\u00e4ndig getrocknet sind, oder warten, bis die gesamte Ladung fertig ist. Im Trockner brennt nichts an, auch nicht, wenn man es l\u00e4nger drin l\u00e4sst, als es sollte!<\/p>\n<\/div>\n<p>&nbsp;<\/p>\n<div>\n<p><b>Wie sollte ein Produkt nach dem Trocknen gelagert werden?<br \/>\nIst die Vakuumverpackung obligatorisch?<\/b><\/p>\n<p>Nein, die Vakuumverpackung ist nicht die einzige L\u00f6sung f\u00fcr die Aufbewahrung von getrockneten Lebensmitteln, aber sicherlich diejenige, die den gr\u00f6\u00dften Platzgewinn bringt. Sie hat den Nachteil, dass die getrockneten Produkte zerbrechen. Gl\u00e4ser mit Schraub- oder Schnappverschl\u00fcssen sind eine perfekte Alternative; sie sind in allen Superm\u00e4rkten erh\u00e4ltlich, m\u00fcssen nicht sterilisiert werden und m\u00fcssen nur jedes Mal sorgf\u00e4ltig verschlossen werden, wenn sie ge\u00f6ffnet werden. Generell sollten Trockenprodukte vor Feuchtigkeit, Licht und Insekten gesch\u00fctzt und dunkel in einem Schrank oder einer Speisekammer aufbewahrt werden.<\/p>\n<\/div>\n<p>&nbsp;<\/p>\n<div>\n<p><b>Wie lange kann ein getrocknetes Produkt gelagert werden?<\/b><\/p>\n<p>Durch die Trocknung erhalten wir ein Produkt, das mehr als ein Jahr haltbar ist, wenn es in geschlossenen R\u00e4umen und vor Licht gesch\u00fctzt gelagert wird (z. B. in Gl\u00e4sern in einem Schrank).<\/p>\n<\/div>\n<p>&nbsp;<\/p>","protected":false},"excerpt":{"rendered":"<p>Quanto consuma il mio BIOSEC? ll motore di BIOSEC \u00e8 studiato appositamente per ottimizzare i consumi in tutte le circostanze [&hellip;]<\/p>\n","protected":false},"author":1,"featured_media":0,"parent":165699,"menu_order":26,"comment_status":"closed","ping_status":"closed","template":"page-manuale-biosec.php","meta":{"_acf_changed":false,"footnotes":""},"class_list":["post-165766","page","type-page","status-publish","hentry"],"acf":[],"yoast_head":"<!-- This site is optimized with the Yoast SEO plugin v27.5 - https:\/\/yoast.com\/product\/yoast-seo-wordpress\/ -->\n<title>Domande frequenti &#187; Tauro Essiccatori<\/title>\n<meta name=\"robots\" content=\"index, follow, max-snippet:-1, max-image-preview:large, max-video-preview:-1\" \/>\n<link rel=\"canonical\" href=\"https:\/\/www.tauroessiccatori.com\/de\/biosec-handbuch\/haufig-gestellte-fragen-2\/\" \/>\n<meta property=\"og:locale\" content=\"de_DE\" \/>\n<meta property=\"og:type\" content=\"article\" \/>\n<meta property=\"og:title\" content=\"Domande frequenti &#187; Tauro Essiccatori\" \/>\n<meta property=\"og:description\" content=\"Quanto consuma il mio BIOSEC? ll motore di BIOSEC \u00e8 studiato appositamente per ottimizzare i consumi in tutte le circostanze [&hellip;]\" \/>\n<meta property=\"og:url\" content=\"https:\/\/www.tauroessiccatori.com\/de\/biosec-handbuch\/haufig-gestellte-fragen-2\/\" \/>\n<meta property=\"og:site_name\" content=\"Tauro Essiccatori\" \/>\n<meta property=\"article:publisher\" content=\"https:\/\/www.facebook.com\/tauroessiccatori\" \/>\n<meta name=\"twitter:card\" content=\"summary_large_image\" \/>\n<script type=\"application\/ld+json\" class=\"yoast-schema-graph\">{\"@context\":\"https:\\\/\\\/schema.org\",\"@graph\":[{\"@type\":\"WebPage\",\"@id\":\"https:\\\/\\\/www.tauroessiccatori.com\\\/de\\\/manuale-biosec\\\/domande-frequenti\\\/\",\"url\":\"https:\\\/\\\/www.tauroessiccatori.com\\\/de\\\/manuale-biosec\\\/domande-frequenti\\\/\",\"name\":\"Domande frequenti &#187; Tauro Essiccatori\",\"isPartOf\":{\"@id\":\"https:\\\/\\\/www.tauroessiccatori.com\\\/de\\\/#website\"},\"datePublished\":\"2025-10-08T16:50:13+00:00\",\"breadcrumb\":{\"@id\":\"https:\\\/\\\/www.tauroessiccatori.com\\\/de\\\/manuale-biosec\\\/domande-frequenti\\\/#breadcrumb\"},\"inLanguage\":\"de\",\"potentialAction\":[{\"@type\":\"ReadAction\",\"target\":[\"https:\\\/\\\/www.tauroessiccatori.com\\\/de\\\/manuale-biosec\\\/domande-frequenti\\\/\"]}]},{\"@type\":\"BreadcrumbList\",\"@id\":\"https:\\\/\\\/www.tauroessiccatori.com\\\/de\\\/manuale-biosec\\\/domande-frequenti\\\/#breadcrumb\",\"itemListElement\":[{\"@type\":\"ListItem\",\"position\":1,\"name\":\"Home\",\"item\":\"https:\\\/\\\/www.tauroessiccatori.com\\\/\"},{\"@type\":\"ListItem\",\"position\":2,\"name\":\"Manuale Biosec\",\"item\":\"https:\\\/\\\/www.tauroessiccatori.com\\\/manuale-biosec\\\/\"},{\"@type\":\"ListItem\",\"position\":3,\"name\":\"Domande frequenti\"}]},{\"@type\":\"WebSite\",\"@id\":\"https:\\\/\\\/www.tauroessiccatori.com\\\/de\\\/#website\",\"url\":\"https:\\\/\\\/www.tauroessiccatori.com\\\/de\\\/\",\"name\":\"Tauro Essiccatori\",\"description\":\"Da pi\u00f9 di trent\u2019anni, i migliori sistemi di essiccazione.\",\"publisher\":{\"@id\":\"https:\\\/\\\/www.tauroessiccatori.com\\\/de\\\/#organization\"},\"alternateName\":\"Tauro\",\"potentialAction\":[{\"@type\":\"SearchAction\",\"target\":{\"@type\":\"EntryPoint\",\"urlTemplate\":\"https:\\\/\\\/www.tauroessiccatori.com\\\/de\\\/?s={search_term_string}\"},\"query-input\":{\"@type\":\"PropertyValueSpecification\",\"valueRequired\":true,\"valueName\":\"search_term_string\"}}],\"inLanguage\":\"de\"},{\"@type\":\"Organization\",\"@id\":\"https:\\\/\\\/www.tauroessiccatori.com\\\/de\\\/#organization\",\"name\":\"Tauro Essiccatori\",\"alternateName\":\"Tauro Essiccatori srl unipersonale\",\"url\":\"https:\\\/\\\/www.tauroessiccatori.com\\\/de\\\/\",\"logo\":{\"@type\":\"ImageObject\",\"inLanguage\":\"de\",\"@id\":\"https:\\\/\\\/www.tauroessiccatori.com\\\/de\\\/#\\\/schema\\\/logo\\\/image\\\/\",\"url\":\"https:\\\/\\\/www.tauroessiccatori.com\\\/wp-content\\\/uploads\\\/2026\\\/01\\\/tauro.avif\",\"contentUrl\":\"https:\\\/\\\/www.tauroessiccatori.com\\\/wp-content\\\/uploads\\\/2026\\\/01\\\/tauro.avif\",\"width\":360,\"height\":360,\"caption\":\"Tauro Essiccatori\"},\"image\":{\"@id\":\"https:\\\/\\\/www.tauroessiccatori.com\\\/de\\\/#\\\/schema\\\/logo\\\/image\\\/\"},\"sameAs\":[\"https:\\\/\\\/www.facebook.com\\\/tauroessiccatori\"]}]}<\/script>\n<!-- \/ Yoast SEO plugin. -->","yoast_head_json":{"title":"H\u00e4ufig gestellte Fragen \u00bb Tauro Trockner","robots":{"index":"index","follow":"follow","max-snippet":"max-snippet:-1","max-image-preview":"max-image-preview:large","max-video-preview":"max-video-preview:-1"},"canonical":"https:\/\/www.tauroessiccatori.com\/de\/biosec-handbuch\/haufig-gestellte-fragen-2\/","og_locale":"de_DE","og_type":"article","og_title":"Domande frequenti &#187; Tauro Essiccatori","og_description":"Quanto consuma il mio BIOSEC? ll motore di BIOSEC \u00e8 studiato appositamente per ottimizzare i consumi in tutte le circostanze [&hellip;]","og_url":"https:\/\/www.tauroessiccatori.com\/de\/biosec-handbuch\/haufig-gestellte-fragen-2\/","og_site_name":"Tauro Essiccatori","article_publisher":"https:\/\/www.facebook.com\/tauroessiccatori","twitter_card":"summary_large_image","schema":{"@context":"https:\/\/schema.org","@graph":[{"@type":"WebPage","@id":"https:\/\/www.tauroessiccatori.com\/de\/manuale-biosec\/domande-frequenti\/","url":"https:\/\/www.tauroessiccatori.com\/de\/manuale-biosec\/domande-frequenti\/","name":"H\u00e4ufig gestellte Fragen \u00bb Tauro Trockner","isPartOf":{"@id":"https:\/\/www.tauroessiccatori.com\/de\/#website"},"datePublished":"2025-10-08T16:50:13+00:00","breadcrumb":{"@id":"https:\/\/www.tauroessiccatori.com\/de\/manuale-biosec\/domande-frequenti\/#breadcrumb"},"inLanguage":"de","potentialAction":[{"@type":"ReadAction","target":["https:\/\/www.tauroessiccatori.com\/de\/manuale-biosec\/domande-frequenti\/"]}]},{"@type":"BreadcrumbList","@id":"https:\/\/www.tauroessiccatori.com\/de\/manuale-biosec\/domande-frequenti\/#breadcrumb","itemListElement":[{"@type":"ListItem","position":1,"name":"Home","item":"https:\/\/www.tauroessiccatori.com\/"},{"@type":"ListItem","position":2,"name":"Manuale Biosec","item":"https:\/\/www.tauroessiccatori.com\/manuale-biosec\/"},{"@type":"ListItem","position":3,"name":"Domande frequenti"}]},{"@type":"WebSite","@id":"https:\/\/www.tauroessiccatori.com\/de\/#website","url":"https:\/\/www.tauroessiccatori.com\/de\/","name":"Tauro Trockner","description":"Seit mehr als 30 Jahren die besten Trocknungssysteme.","publisher":{"@id":"https:\/\/www.tauroessiccatori.com\/de\/#organization"},"alternateName":"Tauro","potentialAction":[{"@type":"SearchAction","target":{"@type":"EntryPoint","urlTemplate":"https:\/\/www.tauroessiccatori.com\/de\/?s={search_term_string}"},"query-input":{"@type":"PropertyValueSpecification","valueRequired":true,"valueName":"search_term_string"}}],"inLanguage":"de"},{"@type":"Organization","@id":"https:\/\/www.tauroessiccatori.com\/de\/#organization","name":"Tauro Trockner","alternateName":"Tauro Essiccatori srl unipersonale","url":"https:\/\/www.tauroessiccatori.com\/de\/","logo":{"@type":"ImageObject","inLanguage":"de","@id":"https:\/\/www.tauroessiccatori.com\/de\/#\/schema\/logo\/image\/","url":"https:\/\/www.tauroessiccatori.com\/wp-content\/uploads\/2026\/01\/tauro.avif","contentUrl":"https:\/\/www.tauroessiccatori.com\/wp-content\/uploads\/2026\/01\/tauro.avif","width":360,"height":360,"caption":"Tauro Essiccatori"},"image":{"@id":"https:\/\/www.tauroessiccatori.com\/de\/#\/schema\/logo\/image\/"},"sameAs":["https:\/\/www.facebook.com\/tauroessiccatori"]}]}},"_links":{"self":[{"href":"https:\/\/www.tauroessiccatori.com\/de\/wp-json\/wp\/v2\/pages\/165766","targetHints":{"allow":["GET"]}}],"collection":[{"href":"https:\/\/www.tauroessiccatori.com\/de\/wp-json\/wp\/v2\/pages"}],"about":[{"href":"https:\/\/www.tauroessiccatori.com\/de\/wp-json\/wp\/v2\/types\/page"}],"author":[{"embeddable":true,"href":"https:\/\/www.tauroessiccatori.com\/de\/wp-json\/wp\/v2\/users\/1"}],"replies":[{"embeddable":true,"href":"https:\/\/www.tauroessiccatori.com\/de\/wp-json\/wp\/v2\/comments?post=165766"}],"version-history":[{"count":0,"href":"https:\/\/www.tauroessiccatori.com\/de\/wp-json\/wp\/v2\/pages\/165766\/revisions"}],"up":[{"embeddable":true,"href":"https:\/\/www.tauroessiccatori.com\/de\/wp-json\/wp\/v2\/pages\/165699"}],"wp:attachment":[{"href":"https:\/\/www.tauroessiccatori.com\/de\/wp-json\/wp\/v2\/media?parent=165766"}],"curies":[{"name":"wp","href":"https:\/\/api.w.org\/{rel}","templated":true}]}}