{"id":165756,"date":"2025-10-08T18:38:59","date_gmt":"2025-10-08T16:38:59","guid":{"rendered":"https:\/\/tauroessiccatori.com\/?page_id=165756"},"modified":"2025-10-08T18:39:30","modified_gmt":"2025-10-08T16:39:30","slug":"fleisch-und-fisch","status":"publish","type":"page","link":"https:\/\/www.tauroessiccatori.com\/de\/manuale-biosec\/cosa-essiccare\/carne-e-pesce\/","title":{"rendered":"Fleisch und Fisch"},"content":{"rendered":"<table  class=\"table table-striped\">\n<thead>\n<tr class=\"row-1 odd\">\n<th class=\"column-1 sorting\" tabindex=\"0\" colspan=\"1\" rowspan=\"1\" aria-controls=\"tablepress-3\" aria-label=\"PRODUKT: aktivieren, um die Spalte in aufsteigender Reihenfolge zu sortieren\">PRODUKT<\/th>\n<th class=\"column-2 sorting\" tabindex=\"0\" colspan=\"1\" rowspan=\"1\" aria-controls=\"tablepress-3\" aria-label=\"VORBEREITUNG: aktivieren, um die Spalte in aufsteigender Reihenfolge zu sortieren\">VORBEREITUNG<\/th>\n<th class=\"column-3 sorting\" tabindex=\"0\" colspan=\"1\" rowspan=\"1\" aria-controls=\"tablepress-3\" aria-label=\"Toggle: aktivieren, um die Spalte in aufsteigender Reihenfolge zu sortieren\">BESCH\u00c4FTIGUNG<\/th>\n<th class=\"column-4 sorting\" tabindex=\"0\" colspan=\"1\" rowspan=\"1\" aria-controls=\"tablepress-3\" aria-label=\"ZEIT UND ZEITPLAN: aktivieren, um die Spalte in aufsteigender Reihenfolge zu sortieren\">ZEIT UND ZEITPLAN<\/th>\n<\/tr>\n<\/thead>\n<tbody class=\"row-hover\">\n<tr class=\"row-2 even\">\n<td class=\"column-1\">FLEISCH<\/td>\n<td class=\"column-2\">Das am besten geeignete Fleisch ist mager. Fett beeintr\u00e4chtigt den Prozess und die Qualit\u00e4t des Endprodukts. Auch der Zeitplan kann je nach Art und Dicke des verarbeiteten Fleisches stark variieren.<\/td>\n<td class=\"column-3\">F\u00fcr die Zubereitung von Jerky-Rindfleisch, Steaks, aber auch Fleischw\u00fcrfel und Tierriegel.<\/td>\n<td class=\"column-4\">P4<\/td>\n<\/tr>\n<tr class=\"row-3 odd\">\n<td class=\"column-1\">FISH<\/td>\n<td class=\"column-2\">Lavarello (auch bekannt als Felchen), Agone, Missoltini usw. Die Verarbeitung ist der von Fleisch nicht un\u00e4hnlich, der Zeitpunkt ist je nach Sorte und Gr\u00f6\u00dfe sehr unterschiedlich.<\/td>\n<td class=\"column-3\">Zum direkten Verzehr, als Vorspeise oder als typisches Gericht.<\/td>\n<td class=\"column-4\">P4<\/td>\n<\/tr>\n<\/tbody>\n<\/table>","protected":false},"excerpt":{"rendered":"<p>PRODOTTO PREPARAZIONE IMPIEGO TEMPO E PROGRAMMA CARNE La carne piu\u0300 adatta e\u0300 magra. I grassi compromettono il processo e la [&hellip;]<\/p>\n","protected":false},"author":1,"featured_media":0,"parent":165746,"menu_order":22,"comment_status":"closed","ping_status":"closed","template":"page-manuale-biosec.php","meta":{"_acf_changed":false,"footnotes":""},"class_list":["post-165756","page","type-page","status-publish","hentry"],"acf":[],"yoast_head":"<!-- This site is optimized with the Yoast SEO plugin v27.5 - https:\/\/yoast.com\/product\/yoast-seo-wordpress\/ -->\n<title>Carne e pesce &#187; Tauro Essiccatori<\/title>\n<meta name=\"robots\" content=\"index, follow, max-snippet:-1, max-image-preview:large, max-video-preview:-1\" \/>\n<link rel=\"canonical\" href=\"https:\/\/www.tauroessiccatori.com\/de\/biosec-handbuch\/was-zu-trocknen-ist\/fleisch-und-fisch\/\" \/>\n<meta property=\"og:locale\" content=\"de_DE\" \/>\n<meta property=\"og:type\" content=\"article\" \/>\n<meta property=\"og:title\" content=\"Carne e pesce &#187; Tauro Essiccatori\" \/>\n<meta property=\"og:description\" content=\"PRODOTTO PREPARAZIONE IMPIEGO TEMPO E PROGRAMMA CARNE La carne piu\u0300 adatta e\u0300 magra. I grassi compromettono il processo e la [&hellip;]\" \/>\n<meta property=\"og:url\" content=\"https:\/\/www.tauroessiccatori.com\/de\/biosec-handbuch\/was-zu-trocknen-ist\/fleisch-und-fisch\/\" \/>\n<meta property=\"og:site_name\" content=\"Tauro Essiccatori\" \/>\n<meta property=\"article:publisher\" content=\"https:\/\/www.facebook.com\/tauroessiccatori\" \/>\n<meta property=\"article:modified_time\" content=\"2025-10-08T16:39:30+00:00\" \/>\n<meta name=\"twitter:card\" content=\"summary_large_image\" \/>\n<script type=\"application\/ld+json\" class=\"yoast-schema-graph\">{\"@context\":\"https:\\\/\\\/schema.org\",\"@graph\":[{\"@type\":\"WebPage\",\"@id\":\"https:\\\/\\\/www.tauroessiccatori.com\\\/de\\\/manuale-biosec\\\/cosa-essiccare\\\/carne-e-pesce\\\/\",\"url\":\"https:\\\/\\\/www.tauroessiccatori.com\\\/de\\\/manuale-biosec\\\/cosa-essiccare\\\/carne-e-pesce\\\/\",\"name\":\"Carne e pesce &#187; Tauro Essiccatori\",\"isPartOf\":{\"@id\":\"https:\\\/\\\/www.tauroessiccatori.com\\\/de\\\/#website\"},\"datePublished\":\"2025-10-08T16:38:59+00:00\",\"dateModified\":\"2025-10-08T16:39:30+00:00\",\"breadcrumb\":{\"@id\":\"https:\\\/\\\/www.tauroessiccatori.com\\\/de\\\/manuale-biosec\\\/cosa-essiccare\\\/carne-e-pesce\\\/#breadcrumb\"},\"inLanguage\":\"de\",\"potentialAction\":[{\"@type\":\"ReadAction\",\"target\":[\"https:\\\/\\\/www.tauroessiccatori.com\\\/de\\\/manuale-biosec\\\/cosa-essiccare\\\/carne-e-pesce\\\/\"]}]},{\"@type\":\"BreadcrumbList\",\"@id\":\"https:\\\/\\\/www.tauroessiccatori.com\\\/de\\\/manuale-biosec\\\/cosa-essiccare\\\/carne-e-pesce\\\/#breadcrumb\",\"itemListElement\":[{\"@type\":\"ListItem\",\"position\":1,\"name\":\"Home\",\"item\":\"https:\\\/\\\/www.tauroessiccatori.com\\\/\"},{\"@type\":\"ListItem\",\"position\":2,\"name\":\"Manuale Biosec\",\"item\":\"https:\\\/\\\/www.tauroessiccatori.com\\\/manuale-biosec\\\/\"},{\"@type\":\"ListItem\",\"position\":3,\"name\":\"Cosa essiccare\",\"item\":\"https:\\\/\\\/www.tauroessiccatori.com\\\/manuale-biosec\\\/cosa-essiccare\\\/\"},{\"@type\":\"ListItem\",\"position\":4,\"name\":\"Carne e pesce\"}]},{\"@type\":\"WebSite\",\"@id\":\"https:\\\/\\\/www.tauroessiccatori.com\\\/de\\\/#website\",\"url\":\"https:\\\/\\\/www.tauroessiccatori.com\\\/de\\\/\",\"name\":\"Tauro Essiccatori\",\"description\":\"Da pi\u00f9 di trent\u2019anni, i migliori sistemi di essiccazione.\",\"publisher\":{\"@id\":\"https:\\\/\\\/www.tauroessiccatori.com\\\/de\\\/#organization\"},\"alternateName\":\"Tauro\",\"potentialAction\":[{\"@type\":\"SearchAction\",\"target\":{\"@type\":\"EntryPoint\",\"urlTemplate\":\"https:\\\/\\\/www.tauroessiccatori.com\\\/de\\\/?s={search_term_string}\"},\"query-input\":{\"@type\":\"PropertyValueSpecification\",\"valueRequired\":true,\"valueName\":\"search_term_string\"}}],\"inLanguage\":\"de\"},{\"@type\":\"Organization\",\"@id\":\"https:\\\/\\\/www.tauroessiccatori.com\\\/de\\\/#organization\",\"name\":\"Tauro Essiccatori\",\"alternateName\":\"Tauro Essiccatori srl unipersonale\",\"url\":\"https:\\\/\\\/www.tauroessiccatori.com\\\/de\\\/\",\"logo\":{\"@type\":\"ImageObject\",\"inLanguage\":\"de\",\"@id\":\"https:\\\/\\\/www.tauroessiccatori.com\\\/de\\\/#\\\/schema\\\/logo\\\/image\\\/\",\"url\":\"https:\\\/\\\/www.tauroessiccatori.com\\\/wp-content\\\/uploads\\\/2026\\\/01\\\/tauro.avif\",\"contentUrl\":\"https:\\\/\\\/www.tauroessiccatori.com\\\/wp-content\\\/uploads\\\/2026\\\/01\\\/tauro.avif\",\"width\":360,\"height\":360,\"caption\":\"Tauro Essiccatori\"},\"image\":{\"@id\":\"https:\\\/\\\/www.tauroessiccatori.com\\\/de\\\/#\\\/schema\\\/logo\\\/image\\\/\"},\"sameAs\":[\"https:\\\/\\\/www.facebook.com\\\/tauroessiccatori\"]}]}<\/script>\n<!-- \/ Yoast SEO plugin. -->","yoast_head_json":{"title":"Fleisch und Fisch \u00bb Tauro Trockner","robots":{"index":"index","follow":"follow","max-snippet":"max-snippet:-1","max-image-preview":"max-image-preview:large","max-video-preview":"max-video-preview:-1"},"canonical":"https:\/\/www.tauroessiccatori.com\/de\/biosec-handbuch\/was-zu-trocknen-ist\/fleisch-und-fisch\/","og_locale":"de_DE","og_type":"article","og_title":"Carne e pesce &#187; Tauro Essiccatori","og_description":"PRODOTTO PREPARAZIONE IMPIEGO TEMPO E PROGRAMMA CARNE La carne piu\u0300 adatta e\u0300 magra. I grassi compromettono il processo e la [&hellip;]","og_url":"https:\/\/www.tauroessiccatori.com\/de\/biosec-handbuch\/was-zu-trocknen-ist\/fleisch-und-fisch\/","og_site_name":"Tauro Essiccatori","article_publisher":"https:\/\/www.facebook.com\/tauroessiccatori","article_modified_time":"2025-10-08T16:39:30+00:00","twitter_card":"summary_large_image","schema":{"@context":"https:\/\/schema.org","@graph":[{"@type":"WebPage","@id":"https:\/\/www.tauroessiccatori.com\/de\/manuale-biosec\/cosa-essiccare\/carne-e-pesce\/","url":"https:\/\/www.tauroessiccatori.com\/de\/manuale-biosec\/cosa-essiccare\/carne-e-pesce\/","name":"Fleisch und Fisch \u00bb Tauro Trockner","isPartOf":{"@id":"https:\/\/www.tauroessiccatori.com\/de\/#website"},"datePublished":"2025-10-08T16:38:59+00:00","dateModified":"2025-10-08T16:39:30+00:00","breadcrumb":{"@id":"https:\/\/www.tauroessiccatori.com\/de\/manuale-biosec\/cosa-essiccare\/carne-e-pesce\/#breadcrumb"},"inLanguage":"de","potentialAction":[{"@type":"ReadAction","target":["https:\/\/www.tauroessiccatori.com\/de\/manuale-biosec\/cosa-essiccare\/carne-e-pesce\/"]}]},{"@type":"BreadcrumbList","@id":"https:\/\/www.tauroessiccatori.com\/de\/manuale-biosec\/cosa-essiccare\/carne-e-pesce\/#breadcrumb","itemListElement":[{"@type":"ListItem","position":1,"name":"Home","item":"https:\/\/www.tauroessiccatori.com\/"},{"@type":"ListItem","position":2,"name":"Manuale Biosec","item":"https:\/\/www.tauroessiccatori.com\/manuale-biosec\/"},{"@type":"ListItem","position":3,"name":"Cosa essiccare","item":"https:\/\/www.tauroessiccatori.com\/manuale-biosec\/cosa-essiccare\/"},{"@type":"ListItem","position":4,"name":"Carne e pesce"}]},{"@type":"WebSite","@id":"https:\/\/www.tauroessiccatori.com\/de\/#website","url":"https:\/\/www.tauroessiccatori.com\/de\/","name":"Tauro Trockner","description":"Seit mehr als 30 Jahren die besten Trocknungssysteme.","publisher":{"@id":"https:\/\/www.tauroessiccatori.com\/de\/#organization"},"alternateName":"Tauro","potentialAction":[{"@type":"SearchAction","target":{"@type":"EntryPoint","urlTemplate":"https:\/\/www.tauroessiccatori.com\/de\/?s={search_term_string}"},"query-input":{"@type":"PropertyValueSpecification","valueRequired":true,"valueName":"search_term_string"}}],"inLanguage":"de"},{"@type":"Organization","@id":"https:\/\/www.tauroessiccatori.com\/de\/#organization","name":"Tauro Trockner","alternateName":"Tauro Essiccatori srl unipersonale","url":"https:\/\/www.tauroessiccatori.com\/de\/","logo":{"@type":"ImageObject","inLanguage":"de","@id":"https:\/\/www.tauroessiccatori.com\/de\/#\/schema\/logo\/image\/","url":"https:\/\/www.tauroessiccatori.com\/wp-content\/uploads\/2026\/01\/tauro.avif","contentUrl":"https:\/\/www.tauroessiccatori.com\/wp-content\/uploads\/2026\/01\/tauro.avif","width":360,"height":360,"caption":"Tauro Essiccatori"},"image":{"@id":"https:\/\/www.tauroessiccatori.com\/de\/#\/schema\/logo\/image\/"},"sameAs":["https:\/\/www.facebook.com\/tauroessiccatori"]}]}},"_links":{"self":[{"href":"https:\/\/www.tauroessiccatori.com\/de\/wp-json\/wp\/v2\/pages\/165756","targetHints":{"allow":["GET"]}}],"collection":[{"href":"https:\/\/www.tauroessiccatori.com\/de\/wp-json\/wp\/v2\/pages"}],"about":[{"href":"https:\/\/www.tauroessiccatori.com\/de\/wp-json\/wp\/v2\/types\/page"}],"author":[{"embeddable":true,"href":"https:\/\/www.tauroessiccatori.com\/de\/wp-json\/wp\/v2\/users\/1"}],"replies":[{"embeddable":true,"href":"https:\/\/www.tauroessiccatori.com\/de\/wp-json\/wp\/v2\/comments?post=165756"}],"version-history":[{"count":0,"href":"https:\/\/www.tauroessiccatori.com\/de\/wp-json\/wp\/v2\/pages\/165756\/revisions"}],"up":[{"embeddable":true,"href":"https:\/\/www.tauroessiccatori.com\/de\/wp-json\/wp\/v2\/pages\/165746"}],"wp:attachment":[{"href":"https:\/\/www.tauroessiccatori.com\/de\/wp-json\/wp\/v2\/media?parent=165756"}],"curies":[{"name":"wp","href":"https:\/\/api.w.org\/{rel}","templated":true}]}}