{"id":165754,"date":"2025-10-08T18:37:17","date_gmt":"2025-10-08T16:37:17","guid":{"rendered":"https:\/\/tauroessiccatori.com\/?page_id=165754"},"modified":"2026-03-14T10:42:18","modified_gmt":"2026-03-14T09:42:18","slug":"gemuse","status":"publish","type":"page","link":"https:\/\/www.tauroessiccatori.com\/de\/manuale-biosec\/cosa-essiccare\/verdura\/","title":{"rendered":"Gem\u00fcse"},"content":{"rendered":"<table class=\"table table-striped\">\n<thead>\n<tr class=\"row-1 odd\">\n<th class=\"column-1 sorting\" tabindex=\"0\" colspan=\"1\" rowspan=\"1\" aria-controls=\"tablepress-2\" aria-label=\"PRODUKT: aktivieren, um die Spalte in aufsteigender Reihenfolge zu sortieren\">PRODUKT<\/th>\n<th class=\"column-2 sorting\" tabindex=\"0\" colspan=\"1\" rowspan=\"1\" aria-controls=\"tablepress-2\" aria-label=\"VORBEREITUNG: aktivieren, um die Spalte in aufsteigender Reihenfolge zu sortieren\">VORBEREITUNG<\/th>\n<th class=\"column-3 sorting\" tabindex=\"0\" colspan=\"1\" rowspan=\"1\" aria-controls=\"tablepress-2\" aria-label=\"Toggle: aktivieren, um die Spalte in aufsteigender Reihenfolge zu sortieren\">BESCH\u00c4FTIGUNG<\/th>\n<th class=\"column-4 sorting\" tabindex=\"0\" colspan=\"1\" rowspan=\"1\" aria-controls=\"tablepress-2\" aria-label=\"ZEIT UND ZEITPLAN: aktivieren, um die Spalte in aufsteigender Reihenfolge zu sortieren\">ZEIT UND ZEITPLAN<\/th>\n<\/tr>\n<\/thead>\n<tbody class=\"row-hover\">\n<tr class=\"row-2 even\">\n<td class=\"column-1\">PREZZEMOLO<\/td>\n<td class=\"column-2\">Ordnen Sie die Bl\u00e4tter nicht zu sehr \u00fcberlappend an und wenden Sie sie gelegentlich.<\/td>\n<td class=\"column-3\">Ausgezeichnet in Pulverform, auch in Zubereitungen in \u00d6l.<\/td>\n<td class=\"column-4\">P3 12\/16 h<\/td>\n<\/tr>\n<tr class=\"row-3 odd\">\n<td class=\"column-1\">SPINAT<\/td>\n<td class=\"column-2\">Bl\u00e4tter ganz oder in St\u00fccken. Sch\u00fctteln Sie sie h\u00e4ufig, damit sie sich nicht \u00fcberlappen.<\/td>\n<td class=\"column-3\">F\u00fcr Risottos, Omeletts oder \u00e4hnliches.<\/td>\n<td class=\"column-4\">P3 12\/16 h<\/td>\n<\/tr>\n<tr class=\"row-4 even\">\n<td class=\"column-1\">ZUCCHINE<\/td>\n<td class=\"column-2\">In Runden, wenn sie klein und jung sind. In St\u00fccken oder W\u00fcrfeln, ohne das zentrale Fruchtfleisch, wenn sie gr\u00f6\u00dfer sind.<\/td>\n<td class=\"column-3\">F\u00fcr Beilagen oder Minestrone-Suppen nach dem Tempern. Sehr lecker in \u00d6l, solange sie klein und jung sind. Getrocknet in Scheiben mit Kr\u00e4utern sind sie eine knackige, schmackhafte und gesunde Vorspeise.<\/td>\n<td class=\"column-4\">P2 8\/12 h<\/td>\n<\/tr>\n<tr class=\"row-5 odd\">\n<td class=\"column-1\">ZUCCA<\/td>\n<td class=\"column-2\">Ohne Kerne, gesch\u00e4lt und in Scheiben oder W\u00fcrfel geschnitten.<\/td>\n<td class=\"column-3\">F\u00fcr Risottos und Suppen nach dem Temperieren. Als Mehl gemischt, um Brot, Nudeln und verschiedenen Zubereitungen hinzugef\u00fcgt zu werden.<\/td>\n<td class=\"column-4\">t3 24 h<\/td>\n<\/tr>\n<tr class=\"row-6 even\">\n<td class=\"column-1\">KARTOFFELN<\/td>\n<td class=\"column-2\">In Scheiben oder W\u00fcrfel geschnitten (8-10 mm). Sch\u00fctteln Sie sie, damit sie nicht kleben bleiben. Die Oberfl\u00e4che kann braun werden, ohne den Geschmack zu beeintr\u00e4chtigen.<\/td>\n<td class=\"column-3\">F\u00fcr Minestrone-Suppen, aber auch f\u00fcr Beilagen nach dem Temperieren. Auch gemischt mit anderem Gem\u00fcse f\u00fcr die Zubereitung von Suppen und Eint\u00f6pfen aufbewahren.<\/td>\n<td class=\"column-4\">P4 12 h<\/td>\n<\/tr>\n<tr class=\"row-7 odd\">\n<td class=\"column-1\">CABBAGE<\/td>\n<td class=\"column-2\">Sie lassen sich in Scheiben schneiden und ausbreiten und ben\u00f6tigen keine besondere Pflege.<\/td>\n<td class=\"column-3\">Haupts\u00e4chlich f\u00fcr Suppen und Eint\u00f6pfe und andere Zubereitungen nach dem Temperieren.<\/td>\n<td class=\"column-4\">P1 16\/20 h<\/td>\n<\/tr>\n<tr class=\"row-8 even\">\n<td class=\"column-1\">PEPERONINI<\/td>\n<td class=\"column-2\">Die Schale ist nicht sehr durchl\u00e4ssig: Sie liefert sehr gute Ergebnisse, wenn sie der L\u00e4nge nach halbiert wird.<\/td>\n<td class=\"column-3\">In St\u00fccken oder in Pulverform, um verschiedenen kulinarischen Zubereitungen einen w\u00fcrzigen Geschmack zu verleihen.<\/td>\n<td class=\"column-4\">P4<br \/>\n18 h f\u00fcr knusprige und schnelle t4 f\u00fcr maximalen Geschmackserhalt<\/td>\n<\/tr>\n<tr class=\"row-9 odd\">\n<td class=\"column-1\">PEPPER<\/td>\n<td class=\"column-2\">Sie ben\u00f6tigen keine besondere Pflege und sind leicht zu trocknen.<\/td>\n<td class=\"column-3\">F\u00fcr alle Zubereitungen, wie z.B. frisch, nach dem Tempern. Auch in \u00d6l.<\/td>\n<td class=\"column-4\">t4 12\/18 h<\/td>\n<\/tr>\n<tr class=\"row-10 even\">\n<td class=\"column-1\">TOMATOEN<\/td>\n<td class=\"column-2\">Mittelgro\u00df, lange Trocknungszeit, aber mit ausgezeichneten Ergebnissen. Wenn sie \u00fcberreif ist, kann sie schwarz werden, beh\u00e4lt aber ihren Geschmack. In zwei H\u00e4lften geteilt trocknen, ohne zu salzen und abtropfen zu lassen, damit der Salz- und Vitamingehalt erhalten bleibt.<\/td>\n<td class=\"column-3\">Es kann nach dem Temperieren in allen Zubereitungen wie frischen Tomaten, in Beilagen, So\u00dfen, Suppen... verwendet werden; ausgezeichnet in \u00d6l in Kombination mit bevorzugten Aromen (Knoblauch, Basilikum, Oregano, Chili); geeignet f\u00fcr So\u00dfen und Bratenso\u00dfen oder pulverisiert<\/td>\n<td class=\"column-4\">t4-t5 30\/48 h<\/td>\n<\/tr>\n<tr class=\"row-11 odd\">\n<td class=\"column-1\">AROMA- UND HEILKR\u00c4UTER<\/td>\n<td class=\"column-2\">Kamille, Johanniskraut, Malve, Ringelblume, Thymian, Rosmarin, Brennnessel, Minze, Zitronenmelisse, Salbei usw. Bessere Ergebnisse werden erzielt, wenn die Bl\u00e4tter ganz gelassen werden, obwohl dies l\u00e4nger dauert als die Verarbeitung von geschnittenen oder gehackten Bl\u00e4ttern.<\/td>\n<td class=\"column-3\">Kr\u00e4utertees, Pout pourri, Abkochungen, Gew\u00fcrze f\u00fcr jedes Gericht.<\/td>\n<td class=\"column-4\">P3 6\/24 h<\/td>\n<\/tr>\n<tr class=\"row-12 even\">\n<td class=\"column-1\">MUSHROOMS<\/td>\n<td class=\"column-2\">Reinigen Sie sie, ohne sie zu befeuchten, und schneiden Sie sie in etwa 5 mm dicke Scheiben.<\/td>\n<td class=\"column-3\">F\u00fcr alle Zubereitungen, wie z. B. frisch, nach dem Tempern.<\/td>\n<td class=\"column-4\">P2<\/td>\n<\/tr>\n<\/tbody>\n<\/table>","protected":false},"excerpt":{"rendered":"<p>PRODOTTO PREPARAZIONE IMPIEGO TEMPO E PROGRAMMA PREZZEMOLO Disporre le foglie non troppo sovrapposte e rigirarle ogni tanto. Ottimo in polvere, [&hellip;]<\/p>\n","protected":false},"author":1,"featured_media":166155,"parent":165746,"menu_order":24,"comment_status":"closed","ping_status":"closed","template":"page-manuale-biosec.php","meta":{"_acf_changed":false,"footnotes":""},"class_list":["post-165754","page","type-page","status-publish","has-post-thumbnail","hentry"],"acf":[],"yoast_head":"<!-- This site is optimized with the Yoast SEO plugin v27.5 - https:\/\/yoast.com\/product\/yoast-seo-wordpress\/ -->\n<title>Essiccare la Verdura &#187; Tauro Essiccatori<\/title>\n<meta name=\"description\" content=\"Scopri come essiccare le tue verdure con il Biosec Pro di Tauro Essiccator ed evitare gli sprechi\" \/>\n<meta name=\"robots\" content=\"index, follow, max-snippet:-1, max-image-preview:large, max-video-preview:-1\" \/>\n<link rel=\"canonical\" href=\"https:\/\/www.tauroessiccatori.com\/de\/biosec-handbuch\/was-zu-trocknen-ist\/gemuse\/\" \/>\n<meta property=\"og:locale\" content=\"de_DE\" \/>\n<meta property=\"og:type\" content=\"article\" \/>\n<meta property=\"og:title\" content=\"Essiccare la Verdura &#187; Tauro Essiccatori\" \/>\n<meta property=\"og:description\" content=\"Scopri come essiccare le tue verdure con il Biosec Pro di Tauro Essiccator ed evitare gli sprechi\" \/>\n<meta property=\"og:url\" content=\"https:\/\/www.tauroessiccatori.com\/de\/biosec-handbuch\/was-zu-trocknen-ist\/gemuse\/\" \/>\n<meta property=\"og:site_name\" content=\"Tauro Essiccatori\" \/>\n<meta property=\"article:publisher\" content=\"https:\/\/www.facebook.com\/tauroessiccatori\" \/>\n<meta property=\"article:modified_time\" content=\"2026-03-14T09:42:18+00:00\" \/>\n<meta name=\"twitter:card\" content=\"summary_large_image\" \/>\n<script type=\"application\/ld+json\" class=\"yoast-schema-graph\">{\"@context\":\"https:\\\/\\\/schema.org\",\"@graph\":[{\"@type\":\"WebPage\",\"@id\":\"https:\\\/\\\/www.tauroessiccatori.com\\\/de\\\/manuale-biosec\\\/cosa-essiccare\\\/verdura\\\/\",\"url\":\"https:\\\/\\\/www.tauroessiccatori.com\\\/de\\\/manuale-biosec\\\/cosa-essiccare\\\/verdura\\\/\",\"name\":\"Essiccare la Verdura &#187; Tauro Essiccatori\",\"isPartOf\":{\"@id\":\"https:\\\/\\\/www.tauroessiccatori.com\\\/de\\\/#website\"},\"primaryImageOfPage\":{\"@id\":\"https:\\\/\\\/www.tauroessiccatori.com\\\/de\\\/manuale-biosec\\\/cosa-essiccare\\\/verdura\\\/#primaryimage\"},\"image\":{\"@id\":\"https:\\\/\\\/www.tauroessiccatori.com\\\/de\\\/manuale-biosec\\\/cosa-essiccare\\\/verdura\\\/#primaryimage\"},\"thumbnailUrl\":\"https:\\\/\\\/www.tauroessiccatori.com\\\/wp-content\\\/uploads\\\/2026\\\/01\\\/chips-zucchine-essiccate_tauro_essiccatori-edited.avif\",\"datePublished\":\"2025-10-08T16:37:17+00:00\",\"dateModified\":\"2026-03-14T09:42:18+00:00\",\"description\":\"Scopri come essiccare le tue verdure con il Biosec Pro di Tauro Essiccator ed evitare gli sprechi\",\"breadcrumb\":{\"@id\":\"https:\\\/\\\/www.tauroessiccatori.com\\\/de\\\/manuale-biosec\\\/cosa-essiccare\\\/verdura\\\/#breadcrumb\"},\"inLanguage\":\"de\",\"potentialAction\":[{\"@type\":\"ReadAction\",\"target\":[\"https:\\\/\\\/www.tauroessiccatori.com\\\/de\\\/manuale-biosec\\\/cosa-essiccare\\\/verdura\\\/\"]}]},{\"@type\":\"ImageObject\",\"inLanguage\":\"de\",\"@id\":\"https:\\\/\\\/www.tauroessiccatori.com\\\/de\\\/manuale-biosec\\\/cosa-essiccare\\\/verdura\\\/#primaryimage\",\"url\":\"https:\\\/\\\/www.tauroessiccatori.com\\\/wp-content\\\/uploads\\\/2026\\\/01\\\/chips-zucchine-essiccate_tauro_essiccatori-edited.avif\",\"contentUrl\":\"https:\\\/\\\/www.tauroessiccatori.com\\\/wp-content\\\/uploads\\\/2026\\\/01\\\/chips-zucchine-essiccate_tauro_essiccatori-edited.avif\",\"width\":1920,\"height\":1080,\"caption\":\"Basta sensi di colpa! Croccanti, saporite e 100% naturali: le chips di zucchine che non ti aspetti. Scopri la ricetta!\"},{\"@type\":\"BreadcrumbList\",\"@id\":\"https:\\\/\\\/www.tauroessiccatori.com\\\/de\\\/manuale-biosec\\\/cosa-essiccare\\\/verdura\\\/#breadcrumb\",\"itemListElement\":[{\"@type\":\"ListItem\",\"position\":1,\"name\":\"Home\",\"item\":\"https:\\\/\\\/www.tauroessiccatori.com\\\/\"},{\"@type\":\"ListItem\",\"position\":2,\"name\":\"Manuale Biosec\",\"item\":\"https:\\\/\\\/www.tauroessiccatori.com\\\/manuale-biosec\\\/\"},{\"@type\":\"ListItem\",\"position\":3,\"name\":\"Cosa essiccare\",\"item\":\"https:\\\/\\\/www.tauroessiccatori.com\\\/manuale-biosec\\\/cosa-essiccare\\\/\"},{\"@type\":\"ListItem\",\"position\":4,\"name\":\"Verdura\"}]},{\"@type\":\"WebSite\",\"@id\":\"https:\\\/\\\/www.tauroessiccatori.com\\\/de\\\/#website\",\"url\":\"https:\\\/\\\/www.tauroessiccatori.com\\\/de\\\/\",\"name\":\"Tauro Essiccatori\",\"description\":\"Da pi\u00f9 di trent\u2019anni, i migliori sistemi di essiccazione.\",\"publisher\":{\"@id\":\"https:\\\/\\\/www.tauroessiccatori.com\\\/de\\\/#organization\"},\"alternateName\":\"Tauro\",\"potentialAction\":[{\"@type\":\"SearchAction\",\"target\":{\"@type\":\"EntryPoint\",\"urlTemplate\":\"https:\\\/\\\/www.tauroessiccatori.com\\\/de\\\/?s={search_term_string}\"},\"query-input\":{\"@type\":\"PropertyValueSpecification\",\"valueRequired\":true,\"valueName\":\"search_term_string\"}}],\"inLanguage\":\"de\"},{\"@type\":\"Organization\",\"@id\":\"https:\\\/\\\/www.tauroessiccatori.com\\\/de\\\/#organization\",\"name\":\"Tauro Essiccatori\",\"alternateName\":\"Tauro Essiccatori srl unipersonale\",\"url\":\"https:\\\/\\\/www.tauroessiccatori.com\\\/de\\\/\",\"logo\":{\"@type\":\"ImageObject\",\"inLanguage\":\"de\",\"@id\":\"https:\\\/\\\/www.tauroessiccatori.com\\\/de\\\/#\\\/schema\\\/logo\\\/image\\\/\",\"url\":\"https:\\\/\\\/www.tauroessiccatori.com\\\/wp-content\\\/uploads\\\/2026\\\/01\\\/tauro.avif\",\"contentUrl\":\"https:\\\/\\\/www.tauroessiccatori.com\\\/wp-content\\\/uploads\\\/2026\\\/01\\\/tauro.avif\",\"width\":360,\"height\":360,\"caption\":\"Tauro Essiccatori\"},\"image\":{\"@id\":\"https:\\\/\\\/www.tauroessiccatori.com\\\/de\\\/#\\\/schema\\\/logo\\\/image\\\/\"},\"sameAs\":[\"https:\\\/\\\/www.facebook.com\\\/tauroessiccatori\"]}]}<\/script>\n<!-- \/ Yoast SEO plugin. -->","yoast_head_json":{"title":"Trocknen von Gem\u00fcse \u00bb Tauro Trockner","description":"Finden Sie heraus, wie Sie Ihr Gem\u00fcse mit dem Tauro Essiccator Biosec Pro trocknen und Abfall vermeiden k\u00f6nnen","robots":{"index":"index","follow":"follow","max-snippet":"max-snippet:-1","max-image-preview":"max-image-preview:large","max-video-preview":"max-video-preview:-1"},"canonical":"https:\/\/www.tauroessiccatori.com\/de\/biosec-handbuch\/was-zu-trocknen-ist\/gemuse\/","og_locale":"de_DE","og_type":"article","og_title":"Essiccare la Verdura &#187; Tauro Essiccatori","og_description":"Scopri come essiccare le tue verdure con il Biosec Pro di Tauro Essiccator ed evitare gli sprechi","og_url":"https:\/\/www.tauroessiccatori.com\/de\/biosec-handbuch\/was-zu-trocknen-ist\/gemuse\/","og_site_name":"Tauro Essiccatori","article_publisher":"https:\/\/www.facebook.com\/tauroessiccatori","article_modified_time":"2026-03-14T09:42:18+00:00","twitter_card":"summary_large_image","schema":{"@context":"https:\/\/schema.org","@graph":[{"@type":"WebPage","@id":"https:\/\/www.tauroessiccatori.com\/de\/manuale-biosec\/cosa-essiccare\/verdura\/","url":"https:\/\/www.tauroessiccatori.com\/de\/manuale-biosec\/cosa-essiccare\/verdura\/","name":"Trocknen von Gem\u00fcse \u00bb Tauro Trockner","isPartOf":{"@id":"https:\/\/www.tauroessiccatori.com\/de\/#website"},"primaryImageOfPage":{"@id":"https:\/\/www.tauroessiccatori.com\/de\/manuale-biosec\/cosa-essiccare\/verdura\/#primaryimage"},"image":{"@id":"https:\/\/www.tauroessiccatori.com\/de\/manuale-biosec\/cosa-essiccare\/verdura\/#primaryimage"},"thumbnailUrl":"https:\/\/www.tauroessiccatori.com\/wp-content\/uploads\/2026\/01\/chips-zucchine-essiccate_tauro_essiccatori-edited.avif","datePublished":"2025-10-08T16:37:17+00:00","dateModified":"2026-03-14T09:42:18+00:00","description":"Finden Sie heraus, wie Sie Ihr Gem\u00fcse mit dem Tauro Essiccator Biosec Pro trocknen und Abfall vermeiden k\u00f6nnen","breadcrumb":{"@id":"https:\/\/www.tauroessiccatori.com\/de\/manuale-biosec\/cosa-essiccare\/verdura\/#breadcrumb"},"inLanguage":"de","potentialAction":[{"@type":"ReadAction","target":["https:\/\/www.tauroessiccatori.com\/de\/manuale-biosec\/cosa-essiccare\/verdura\/"]}]},{"@type":"ImageObject","inLanguage":"de","@id":"https:\/\/www.tauroessiccatori.com\/de\/manuale-biosec\/cosa-essiccare\/verdura\/#primaryimage","url":"https:\/\/www.tauroessiccatori.com\/wp-content\/uploads\/2026\/01\/chips-zucchine-essiccate_tauro_essiccatori-edited.avif","contentUrl":"https:\/\/www.tauroessiccatori.com\/wp-content\/uploads\/2026\/01\/chips-zucchine-essiccate_tauro_essiccatori-edited.avif","width":1920,"height":1080,"caption":"Basta sensi di colpa! Croccanti, saporite e 100% naturali: le chips di zucchine che non ti aspetti. Scopri la ricetta!"},{"@type":"BreadcrumbList","@id":"https:\/\/www.tauroessiccatori.com\/de\/manuale-biosec\/cosa-essiccare\/verdura\/#breadcrumb","itemListElement":[{"@type":"ListItem","position":1,"name":"Home","item":"https:\/\/www.tauroessiccatori.com\/"},{"@type":"ListItem","position":2,"name":"Manuale Biosec","item":"https:\/\/www.tauroessiccatori.com\/manuale-biosec\/"},{"@type":"ListItem","position":3,"name":"Cosa essiccare","item":"https:\/\/www.tauroessiccatori.com\/manuale-biosec\/cosa-essiccare\/"},{"@type":"ListItem","position":4,"name":"Verdura"}]},{"@type":"WebSite","@id":"https:\/\/www.tauroessiccatori.com\/de\/#website","url":"https:\/\/www.tauroessiccatori.com\/de\/","name":"Tauro Trockner","description":"Seit mehr als 30 Jahren die besten Trocknungssysteme.","publisher":{"@id":"https:\/\/www.tauroessiccatori.com\/de\/#organization"},"alternateName":"Tauro","potentialAction":[{"@type":"SearchAction","target":{"@type":"EntryPoint","urlTemplate":"https:\/\/www.tauroessiccatori.com\/de\/?s={search_term_string}"},"query-input":{"@type":"PropertyValueSpecification","valueRequired":true,"valueName":"search_term_string"}}],"inLanguage":"de"},{"@type":"Organization","@id":"https:\/\/www.tauroessiccatori.com\/de\/#organization","name":"Tauro Trockner","alternateName":"Tauro Essiccatori srl unipersonale","url":"https:\/\/www.tauroessiccatori.com\/de\/","logo":{"@type":"ImageObject","inLanguage":"de","@id":"https:\/\/www.tauroessiccatori.com\/de\/#\/schema\/logo\/image\/","url":"https:\/\/www.tauroessiccatori.com\/wp-content\/uploads\/2026\/01\/tauro.avif","contentUrl":"https:\/\/www.tauroessiccatori.com\/wp-content\/uploads\/2026\/01\/tauro.avif","width":360,"height":360,"caption":"Tauro Essiccatori"},"image":{"@id":"https:\/\/www.tauroessiccatori.com\/de\/#\/schema\/logo\/image\/"},"sameAs":["https:\/\/www.facebook.com\/tauroessiccatori"]}]}},"_links":{"self":[{"href":"https:\/\/www.tauroessiccatori.com\/de\/wp-json\/wp\/v2\/pages\/165754","targetHints":{"allow":["GET"]}}],"collection":[{"href":"https:\/\/www.tauroessiccatori.com\/de\/wp-json\/wp\/v2\/pages"}],"about":[{"href":"https:\/\/www.tauroessiccatori.com\/de\/wp-json\/wp\/v2\/types\/page"}],"author":[{"embeddable":true,"href":"https:\/\/www.tauroessiccatori.com\/de\/wp-json\/wp\/v2\/users\/1"}],"replies":[{"embeddable":true,"href":"https:\/\/www.tauroessiccatori.com\/de\/wp-json\/wp\/v2\/comments?post=165754"}],"version-history":[{"count":2,"href":"https:\/\/www.tauroessiccatori.com\/de\/wp-json\/wp\/v2\/pages\/165754\/revisions"}],"predecessor-version":[{"id":175499,"href":"https:\/\/www.tauroessiccatori.com\/de\/wp-json\/wp\/v2\/pages\/165754\/revisions\/175499"}],"up":[{"embeddable":true,"href":"https:\/\/www.tauroessiccatori.com\/de\/wp-json\/wp\/v2\/pages\/165746"}],"wp:featuredmedia":[{"embeddable":true,"href":"https:\/\/www.tauroessiccatori.com\/de\/wp-json\/wp\/v2\/media\/166155"}],"wp:attachment":[{"href":"https:\/\/www.tauroessiccatori.com\/de\/wp-json\/wp\/v2\/media?parent=165754"}],"curies":[{"name":"wp","href":"https:\/\/api.w.org\/{rel}","templated":true}]}}