{"id":165751,"date":"2025-10-08T18:22:20","date_gmt":"2025-10-08T16:22:20","guid":{"rendered":"https:\/\/tauroessiccatori.com\/?page_id=165751"},"modified":"2026-03-14T10:43:32","modified_gmt":"2026-03-14T09:43:32","slug":"obst","status":"publish","type":"page","link":"https:\/\/www.tauroessiccatori.com\/de\/manuale-biosec\/cosa-essiccare\/frutta\/","title":{"rendered":"Obst"},"content":{"rendered":"<table class=\"table table-striped\">\n<thead>\n<tr class=\"row-1 odd\">\n<th class=\"column-1 sorting\" tabindex=\"0\" colspan=\"1\" rowspan=\"1\" aria-controls=\"tablepress-1\" aria-label=\"PRODUKT: aktivieren, um die Spalte in aufsteigender Reihenfolge zu sortieren\">PRODUKT<\/th>\n<th class=\"column-2 sorting\" tabindex=\"0\" colspan=\"1\" rowspan=\"1\" aria-controls=\"tablepress-1\" aria-label=\"VORBEREITUNG: aktivieren, um die Spalte in aufsteigender Reihenfolge zu sortieren\">VORBEREITUNG<\/th>\n<th class=\"column-3 sorting\" tabindex=\"0\" colspan=\"1\" rowspan=\"1\" aria-controls=\"tablepress-1\" aria-label=\"Toggle: aktivieren, um die Spalte in aufsteigender Reihenfolge zu sortieren\">BESCH\u00c4FTIGUNG<\/th>\n<th class=\"column-4 sorting\" tabindex=\"0\" colspan=\"1\" rowspan=\"1\" aria-controls=\"tablepress-1\" aria-label=\"ZEIT UND ZEITPLAN: aktivieren, um die Spalte in aufsteigender Reihenfolge zu sortieren\">ZEIT UND ZEITPLAN<\/th>\n<\/tr>\n<\/thead>\n<tbody class=\"row-hover\">\n<tr class=\"row-2 even\">\n<td class=\"column-1\">APRICOCKS<\/td>\n<td class=\"column-2\">Halb und entsteint. M\u00f6gliche Tendenz zur Br\u00e4unung bei sehr reifen Fr\u00fcchten, ohne jedoch den intensiven Geschmack zu beeintr\u00e4chtigen.<\/td>\n<td class=\"column-3\">Auch f\u00fcr den Verbrauch<br \/>\ndirekt oder zur Zubereitung von Kuchen oder Zusammensetzungen<br \/>\nin Schalen, K\u00f6rben usw.<\/td>\n<td class=\"column-4\">t4\/t5<br \/>\n48\/60 h je nach Gr\u00f6\u00dfe<\/td>\n<\/tr>\n<tr class=\"row-3 odd\">\n<td class=\"column-1\">ANANAS<\/td>\n<td class=\"column-2\">Sch\u00e4len und in 6-8 mm dicke Scheiben schneiden; wenden<br \/>\nvon Zeit zu Zeit, so dass sie nicht auf dem Boden kleben. Sehr w\u00e4ssrig, daher lange Trocknung, ausgezeichnetes Ergebnis in Bezug auf die Intensit\u00e4t des Duftes und des Aromas.<\/td>\n<td class=\"column-3\">F\u00fcr den direkten Verzehr, auch f\u00fcr Obstsalat und Kompositionen.<\/td>\n<td class=\"column-4\">t4 24 h<\/td>\n<\/tr>\n<tr class=\"row-4 even\">\n<td class=\"column-1\">ORANGEN<\/td>\n<td class=\"column-2\">Nicht zu reif,<br \/>\nin etwa 5 mm dicke Scheiben schneiden. Sie neigen dazu, am Boden des Korbes zu kleben.<\/td>\n<td class=\"column-3\">Es eignet sich hervorragend zum Verzieren von Torten, Schalen und Kunstwerken, insbesondere zu Weihnachten, als Mehl gemahlen oder geschlagen und getrocknet als Oblaten f\u00fcr Snacks, Wraps und Desserts.<\/td>\n<td class=\"column-4\">P4 18\/24 h<\/td>\n<\/tr>\n<tr class=\"row-5 odd\">\n<td class=\"column-1\">BANANAS<\/td>\n<td class=\"column-2\">In Scheiben oder St\u00fccken. Sie kleben leicht am Boden und aneinander. Sie werden leicht braun, behalten aber einen intensiven Geschmack. Sie bleiben weich und a<br \/>\nein wenig klebrig, weil sie sehr zuckerhaltig sind.<\/td>\n<td class=\"column-3\">Hervorragend geeignet f\u00fcr den direkten Verzehr, f\u00fcr Snacks und Erfrischungen. Ein Konzentrat mit Geschmack und Substanz, das besonders von Kindern gesch\u00e4tzt wird.<\/td>\n<td class=\"column-4\">P1 18\/24 h<\/td>\n<\/tr>\n<tr class=\"row-6 even\">\n<td class=\"column-1\">CACHI<\/td>\n<td class=\"column-2\">In d\u00fcnnen Scheiben (5-6 mm). Apfelkakis sind ausgezeichnet, s\u00fc\u00df, auch wenn sie noch hart sind. Trocknen Sie auch die anderen Qualit\u00e4ten, bevor sie zart werden. Dadurch verlieren sie ihre charakteristische Herbheit. Wenn sie zu reif sind, mischen und trocknen Sie sie zu einem P\u00fcree.<\/td>\n<td class=\"column-3\">Hervorragend geeignet f\u00fcr den direkten Verzehr und auch f\u00fcr verschiedene Kompositionen. Sie behalten eine sch\u00f6ne Farbe. Als P\u00fcree eignen sie sich perfekt f\u00fcr Desserts und leckere Snacks.<\/td>\n<td class=\"column-4\">P2<\/td>\n<\/tr>\n<tr class=\"row-7 odd\">\n<td class=\"column-1\">CHERRIES<\/td>\n<td class=\"column-2\">Halbiert und entkernt, intensivieren sie das Aroma und den Duft.<\/td>\n<td class=\"column-3\">Perfekt f\u00fcr Kr\u00e4utertees, Pout pourri, S\u00fc\u00dfigkeiten aller Art.<\/td>\n<td class=\"column-4\">P1\/t4<\/td>\n<\/tr>\n<tr class=\"row-8 even\">\n<td class=\"column-1\">KIWI<\/td>\n<td class=\"column-2\">Sch\u00e4len und in 6-8 mm dicke Scheiben schneiden oder 4 Scheiben der L\u00e4nge nach von einer ganzen Frucht abschneiden; strecken und sch\u00fctteln, damit sie nicht kleben bleiben. Sie behalten eine diskrete Farbe. Intensiver und adstringierender Geschmack.<\/td>\n<td class=\"column-3\">Man isst sie am besten direkt mit anderen Fr\u00fcchten oder nach dem Temperieren im Obstsalat; sie eignet sich hervorragend f\u00fcr Kompositionen.<\/td>\n<td class=\"column-4\">P2<\/td>\n<\/tr>\n<tr class=\"row-9 odd\">\n<td class=\"column-1\">ZIFFERN<\/td>\n<td class=\"column-2\">Halbieren Sie sie und w\u00e4hlen Sie sie m\u00f6glichst reif, trocken und nicht zu gro\u00df.<\/td>\n<td class=\"column-3\">Zum direkten Verzehr und als Zutat in Desserts oder Obstsalaten. In St\u00fccken f\u00fcr Kompositionen.<\/td>\n<td class=\"column-4\">t4\/t5<br \/>\n48\/60 h je nach Gr\u00f6\u00dfe<\/td>\n<\/tr>\n<tr class=\"row-10 even\">\n<td class=\"column-1\">\u00c4PFEL<\/td>\n<td class=\"column-2\">In 5-6 mm dicke Scheiben geschnitten, ganz oder nach Entfernen von Kern und Schale.<\/td>\n<td class=\"column-3\">Direkter Verzehr, f\u00fcr Torten oder K\u00f6rbe. K\u00f6stlich, wenn man sie halb in geschmolzene Schokolade taucht und trocknen l\u00e4sst. Sehr reich an Ballaststoffen, vor allem wenn sie mit der Schale getrocknet werden.<\/td>\n<td class=\"column-4\">P2<\/td>\n<\/tr>\n<tr class=\"row-11 odd\">\n<td class=\"column-1\">BIRNEN<\/td>\n<td class=\"column-2\">Wie \u00c4pfel. Kleine und s\u00fc\u00dfe Sorten k\u00f6nnen auch in zwei H\u00e4lften geteilt getrocknet werden.<\/td>\n<td class=\"column-3\">Hervorragend geeignet f\u00fcr den direkten Verzehr und f\u00fcr Desserts, Obstsalate und verschiedene Kompositionen.<\/td>\n<td class=\"column-4\">P2 hat t4 in zwei H\u00e4lften geschnitten<\/td>\n<\/tr>\n<tr class=\"row-12 even\">\n<td class=\"column-1\">PFIRSICHE UND NEKTARINEN<\/td>\n<td class=\"column-2\">Wenn sie klein sind, in H\u00e4lften, wenn sie gr\u00f6\u00dfer sind, in Scheiben oder Keile schneiden. Sch\u00fctteln Sie sie oft.<\/td>\n<td class=\"column-3\">Gut f\u00fcr den direkten Verzehr.<\/td>\n<td class=\"column-4\">P1\/t4<\/td>\n<\/tr>\n<tr class=\"row-13 odd\">\n<td class=\"column-1\">PRUGNE<\/td>\n<td class=\"column-2\">Halbiert und entkernt oder ganz, nachdem sie 30-60 Sekunden in kochendem Wasser eingeweicht wurden (mit l\u00e4ngerer Trocknungszeit).<\/td>\n<td class=\"column-3\">Direkter Verzehr oder f\u00fcr Desserts und k\u00fcnstlerische Kompositionen. Ein paar Minuten in wenig Wasser gekocht, wirken sie leicht abf\u00fchrend.<\/td>\n<td class=\"column-4\">t4\/t5<br \/>\n30\/48 h je nach Gr\u00f6\u00dfe, P6<br \/>\nbis zur vollst\u00e4ndigen Trocknung, wenn ganz<\/td>\n<\/tr>\n<tr class=\"row-14 even\">\n<td class=\"column-1\">UVA<\/td>\n<td class=\"column-2\">Langsame Trocknung aufgrund der sehr undurchl\u00e4ssigen Schale. Beschleunigung durch Halbieren der Trauben oder Ausd\u00fcnnen der Traube.<\/td>\n<td class=\"column-3\">F\u00fcr alle Verwendungszwecke, von Sultaninen bis zum direkten Verbrauch.<\/td>\n<td class=\"column-4\">t4 36\/48 h<\/td>\n<\/tr>\n<\/tbody>\n<\/table>","protected":false},"excerpt":{"rendered":"<p>PRODOTTO PREPARAZIONE IMPIEGO TEMPO E PROGRAMMA ALBICOCCHE A meta\u0300 e denocciolate. Possibile tendenza all\u2019imbrunimento con frutti molto maturi, pur senza [&hellip;]<\/p>\n","protected":false},"author":1,"featured_media":165841,"parent":165746,"menu_order":23,"comment_status":"closed","ping_status":"closed","template":"page-manuale-biosec.php","meta":{"_acf_changed":false,"footnotes":""},"class_list":["post-165751","page","type-page","status-publish","has-post-thumbnail","hentry"],"acf":[],"yoast_head":"<!-- This site is optimized with the Yoast SEO plugin v27.5 - https:\/\/yoast.com\/product\/yoast-seo-wordpress\/ -->\n<title>Essiccare la Frutta &#187; Tauro Essiccatori<\/title>\n<meta name=\"description\" content=\"Scopri come essiccare tutti i tipi di frutta con il Biosec Pro di Tauro Essiccatori\" \/>\n<meta name=\"robots\" content=\"index, follow, max-snippet:-1, max-image-preview:large, max-video-preview:-1\" \/>\n<link rel=\"canonical\" href=\"https:\/\/www.tauroessiccatori.com\/de\/biosec-handbuch\/was-zu-trocknen-ist\/obst\/\" \/>\n<meta property=\"og:locale\" content=\"de_DE\" \/>\n<meta property=\"og:type\" content=\"article\" \/>\n<meta property=\"og:title\" content=\"Essiccare la Frutta &#187; Tauro Essiccatori\" \/>\n<meta property=\"og:description\" content=\"Scopri come essiccare tutti i tipi di frutta con il Biosec Pro di Tauro Essiccatori\" \/>\n<meta property=\"og:url\" content=\"https:\/\/www.tauroessiccatori.com\/de\/biosec-handbuch\/was-zu-trocknen-ist\/obst\/\" \/>\n<meta property=\"og:site_name\" content=\"Tauro Essiccatori\" \/>\n<meta property=\"article:publisher\" content=\"https:\/\/www.facebook.com\/tauroessiccatori\" \/>\n<meta property=\"article:modified_time\" content=\"2026-03-14T09:43:32+00:00\" \/>\n<meta name=\"twitter:card\" content=\"summary_large_image\" \/>\n<script type=\"application\/ld+json\" class=\"yoast-schema-graph\">{\"@context\":\"https:\\\/\\\/schema.org\",\"@graph\":[{\"@type\":\"WebPage\",\"@id\":\"https:\\\/\\\/www.tauroessiccatori.com\\\/de\\\/manuale-biosec\\\/cosa-essiccare\\\/frutta\\\/\",\"url\":\"https:\\\/\\\/www.tauroessiccatori.com\\\/de\\\/manuale-biosec\\\/cosa-essiccare\\\/frutta\\\/\",\"name\":\"Essiccare la Frutta &#187; Tauro Essiccatori\",\"isPartOf\":{\"@id\":\"https:\\\/\\\/www.tauroessiccatori.com\\\/de\\\/#website\"},\"primaryImageOfPage\":{\"@id\":\"https:\\\/\\\/www.tauroessiccatori.com\\\/de\\\/manuale-biosec\\\/cosa-essiccare\\\/frutta\\\/#primaryimage\"},\"image\":{\"@id\":\"https:\\\/\\\/www.tauroessiccatori.com\\\/de\\\/manuale-biosec\\\/cosa-essiccare\\\/frutta\\\/#primaryimage\"},\"thumbnailUrl\":\"https:\\\/\\\/www.tauroessiccatori.com\\\/wp-content\\\/uploads\\\/2019\\\/09\\\/chips-mela-essiccata_tauro_essiccatori.avif\",\"datePublished\":\"2025-10-08T16:22:20+00:00\",\"dateModified\":\"2026-03-14T09:43:32+00:00\",\"description\":\"Scopri come essiccare tutti i tipi di frutta con il Biosec Pro di Tauro Essiccatori\",\"breadcrumb\":{\"@id\":\"https:\\\/\\\/www.tauroessiccatori.com\\\/de\\\/manuale-biosec\\\/cosa-essiccare\\\/frutta\\\/#breadcrumb\"},\"inLanguage\":\"de\",\"potentialAction\":[{\"@type\":\"ReadAction\",\"target\":[\"https:\\\/\\\/www.tauroessiccatori.com\\\/de\\\/manuale-biosec\\\/cosa-essiccare\\\/frutta\\\/\"]}]},{\"@type\":\"ImageObject\",\"inLanguage\":\"de\",\"@id\":\"https:\\\/\\\/www.tauroessiccatori.com\\\/de\\\/manuale-biosec\\\/cosa-essiccare\\\/frutta\\\/#primaryimage\",\"url\":\"https:\\\/\\\/www.tauroessiccatori.com\\\/wp-content\\\/uploads\\\/2019\\\/09\\\/chips-mela-essiccata_tauro_essiccatori.avif\",\"contentUrl\":\"https:\\\/\\\/www.tauroessiccatori.com\\\/wp-content\\\/uploads\\\/2019\\\/09\\\/chips-mela-essiccata_tauro_essiccatori.avif\",\"width\":1920,\"height\":1920,\"caption\":\"Croccanti, dolci e irresistibili. Trasforma le tue mele preferite nello snack sano che piacer\u00e0 a tutta la famiglia!\"},{\"@type\":\"BreadcrumbList\",\"@id\":\"https:\\\/\\\/www.tauroessiccatori.com\\\/de\\\/manuale-biosec\\\/cosa-essiccare\\\/frutta\\\/#breadcrumb\",\"itemListElement\":[{\"@type\":\"ListItem\",\"position\":1,\"name\":\"Home\",\"item\":\"https:\\\/\\\/www.tauroessiccatori.com\\\/\"},{\"@type\":\"ListItem\",\"position\":2,\"name\":\"Manuale Biosec\",\"item\":\"https:\\\/\\\/www.tauroessiccatori.com\\\/manuale-biosec\\\/\"},{\"@type\":\"ListItem\",\"position\":3,\"name\":\"Cosa essiccare\",\"item\":\"https:\\\/\\\/www.tauroessiccatori.com\\\/manuale-biosec\\\/cosa-essiccare\\\/\"},{\"@type\":\"ListItem\",\"position\":4,\"name\":\"Frutta\"}]},{\"@type\":\"WebSite\",\"@id\":\"https:\\\/\\\/www.tauroessiccatori.com\\\/de\\\/#website\",\"url\":\"https:\\\/\\\/www.tauroessiccatori.com\\\/de\\\/\",\"name\":\"Tauro Essiccatori\",\"description\":\"Da pi\u00f9 di trent\u2019anni, i migliori sistemi di essiccazione.\",\"publisher\":{\"@id\":\"https:\\\/\\\/www.tauroessiccatori.com\\\/de\\\/#organization\"},\"alternateName\":\"Tauro\",\"potentialAction\":[{\"@type\":\"SearchAction\",\"target\":{\"@type\":\"EntryPoint\",\"urlTemplate\":\"https:\\\/\\\/www.tauroessiccatori.com\\\/de\\\/?s={search_term_string}\"},\"query-input\":{\"@type\":\"PropertyValueSpecification\",\"valueRequired\":true,\"valueName\":\"search_term_string\"}}],\"inLanguage\":\"de\"},{\"@type\":\"Organization\",\"@id\":\"https:\\\/\\\/www.tauroessiccatori.com\\\/de\\\/#organization\",\"name\":\"Tauro Essiccatori\",\"alternateName\":\"Tauro Essiccatori srl unipersonale\",\"url\":\"https:\\\/\\\/www.tauroessiccatori.com\\\/de\\\/\",\"logo\":{\"@type\":\"ImageObject\",\"inLanguage\":\"de\",\"@id\":\"https:\\\/\\\/www.tauroessiccatori.com\\\/de\\\/#\\\/schema\\\/logo\\\/image\\\/\",\"url\":\"https:\\\/\\\/www.tauroessiccatori.com\\\/wp-content\\\/uploads\\\/2026\\\/01\\\/tauro.avif\",\"contentUrl\":\"https:\\\/\\\/www.tauroessiccatori.com\\\/wp-content\\\/uploads\\\/2026\\\/01\\\/tauro.avif\",\"width\":360,\"height\":360,\"caption\":\"Tauro Essiccatori\"},\"image\":{\"@id\":\"https:\\\/\\\/www.tauroessiccatori.com\\\/de\\\/#\\\/schema\\\/logo\\\/image\\\/\"},\"sameAs\":[\"https:\\\/\\\/www.facebook.com\\\/tauroessiccatori\"]}]}<\/script>\n<!-- \/ Yoast SEO plugin. -->","yoast_head_json":{"title":"Trocknen von Obst \u00bb Tauro Obsttrockner","description":"Entdecken Sie, wie Sie alle Arten von Obst mit dem Biosec Pro von Tauro Dryers trocknen k\u00f6nnen","robots":{"index":"index","follow":"follow","max-snippet":"max-snippet:-1","max-image-preview":"max-image-preview:large","max-video-preview":"max-video-preview:-1"},"canonical":"https:\/\/www.tauroessiccatori.com\/de\/biosec-handbuch\/was-zu-trocknen-ist\/obst\/","og_locale":"de_DE","og_type":"article","og_title":"Essiccare la Frutta &#187; Tauro Essiccatori","og_description":"Scopri come essiccare tutti i tipi di frutta con il Biosec Pro di Tauro Essiccatori","og_url":"https:\/\/www.tauroessiccatori.com\/de\/biosec-handbuch\/was-zu-trocknen-ist\/obst\/","og_site_name":"Tauro Essiccatori","article_publisher":"https:\/\/www.facebook.com\/tauroessiccatori","article_modified_time":"2026-03-14T09:43:32+00:00","twitter_card":"summary_large_image","schema":{"@context":"https:\/\/schema.org","@graph":[{"@type":"WebPage","@id":"https:\/\/www.tauroessiccatori.com\/de\/manuale-biosec\/cosa-essiccare\/frutta\/","url":"https:\/\/www.tauroessiccatori.com\/de\/manuale-biosec\/cosa-essiccare\/frutta\/","name":"Trocknen von Obst \u00bb Tauro Obsttrockner","isPartOf":{"@id":"https:\/\/www.tauroessiccatori.com\/de\/#website"},"primaryImageOfPage":{"@id":"https:\/\/www.tauroessiccatori.com\/de\/manuale-biosec\/cosa-essiccare\/frutta\/#primaryimage"},"image":{"@id":"https:\/\/www.tauroessiccatori.com\/de\/manuale-biosec\/cosa-essiccare\/frutta\/#primaryimage"},"thumbnailUrl":"https:\/\/www.tauroessiccatori.com\/wp-content\/uploads\/2019\/09\/chips-mela-essiccata_tauro_essiccatori.avif","datePublished":"2025-10-08T16:22:20+00:00","dateModified":"2026-03-14T09:43:32+00:00","description":"Entdecken Sie, wie Sie alle Arten von Obst mit dem Biosec Pro von Tauro Dryers trocknen k\u00f6nnen","breadcrumb":{"@id":"https:\/\/www.tauroessiccatori.com\/de\/manuale-biosec\/cosa-essiccare\/frutta\/#breadcrumb"},"inLanguage":"de","potentialAction":[{"@type":"ReadAction","target":["https:\/\/www.tauroessiccatori.com\/de\/manuale-biosec\/cosa-essiccare\/frutta\/"]}]},{"@type":"ImageObject","inLanguage":"de","@id":"https:\/\/www.tauroessiccatori.com\/de\/manuale-biosec\/cosa-essiccare\/frutta\/#primaryimage","url":"https:\/\/www.tauroessiccatori.com\/wp-content\/uploads\/2019\/09\/chips-mela-essiccata_tauro_essiccatori.avif","contentUrl":"https:\/\/www.tauroessiccatori.com\/wp-content\/uploads\/2019\/09\/chips-mela-essiccata_tauro_essiccatori.avif","width":1920,"height":1920,"caption":"Croccanti, dolci e irresistibili. Trasforma le tue mele preferite nello snack sano che piacer\u00e0 a tutta la famiglia!"},{"@type":"BreadcrumbList","@id":"https:\/\/www.tauroessiccatori.com\/de\/manuale-biosec\/cosa-essiccare\/frutta\/#breadcrumb","itemListElement":[{"@type":"ListItem","position":1,"name":"Home","item":"https:\/\/www.tauroessiccatori.com\/"},{"@type":"ListItem","position":2,"name":"Manuale Biosec","item":"https:\/\/www.tauroessiccatori.com\/manuale-biosec\/"},{"@type":"ListItem","position":3,"name":"Cosa essiccare","item":"https:\/\/www.tauroessiccatori.com\/manuale-biosec\/cosa-essiccare\/"},{"@type":"ListItem","position":4,"name":"Frutta"}]},{"@type":"WebSite","@id":"https:\/\/www.tauroessiccatori.com\/de\/#website","url":"https:\/\/www.tauroessiccatori.com\/de\/","name":"Tauro Trockner","description":"Seit mehr als 30 Jahren die besten Trocknungssysteme.","publisher":{"@id":"https:\/\/www.tauroessiccatori.com\/de\/#organization"},"alternateName":"Tauro","potentialAction":[{"@type":"SearchAction","target":{"@type":"EntryPoint","urlTemplate":"https:\/\/www.tauroessiccatori.com\/de\/?s={search_term_string}"},"query-input":{"@type":"PropertyValueSpecification","valueRequired":true,"valueName":"search_term_string"}}],"inLanguage":"de"},{"@type":"Organization","@id":"https:\/\/www.tauroessiccatori.com\/de\/#organization","name":"Tauro Trockner","alternateName":"Tauro Essiccatori srl unipersonale","url":"https:\/\/www.tauroessiccatori.com\/de\/","logo":{"@type":"ImageObject","inLanguage":"de","@id":"https:\/\/www.tauroessiccatori.com\/de\/#\/schema\/logo\/image\/","url":"https:\/\/www.tauroessiccatori.com\/wp-content\/uploads\/2026\/01\/tauro.avif","contentUrl":"https:\/\/www.tauroessiccatori.com\/wp-content\/uploads\/2026\/01\/tauro.avif","width":360,"height":360,"caption":"Tauro Essiccatori"},"image":{"@id":"https:\/\/www.tauroessiccatori.com\/de\/#\/schema\/logo\/image\/"},"sameAs":["https:\/\/www.facebook.com\/tauroessiccatori"]}]}},"_links":{"self":[{"href":"https:\/\/www.tauroessiccatori.com\/de\/wp-json\/wp\/v2\/pages\/165751","targetHints":{"allow":["GET"]}}],"collection":[{"href":"https:\/\/www.tauroessiccatori.com\/de\/wp-json\/wp\/v2\/pages"}],"about":[{"href":"https:\/\/www.tauroessiccatori.com\/de\/wp-json\/wp\/v2\/types\/page"}],"author":[{"embeddable":true,"href":"https:\/\/www.tauroessiccatori.com\/de\/wp-json\/wp\/v2\/users\/1"}],"replies":[{"embeddable":true,"href":"https:\/\/www.tauroessiccatori.com\/de\/wp-json\/wp\/v2\/comments?post=165751"}],"version-history":[{"count":1,"href":"https:\/\/www.tauroessiccatori.com\/de\/wp-json\/wp\/v2\/pages\/165751\/revisions"}],"predecessor-version":[{"id":175497,"href":"https:\/\/www.tauroessiccatori.com\/de\/wp-json\/wp\/v2\/pages\/165751\/revisions\/175497"}],"up":[{"embeddable":true,"href":"https:\/\/www.tauroessiccatori.com\/de\/wp-json\/wp\/v2\/pages\/165746"}],"wp:featuredmedia":[{"embeddable":true,"href":"https:\/\/www.tauroessiccatori.com\/de\/wp-json\/wp\/v2\/media\/165841"}],"wp:attachment":[{"href":"https:\/\/www.tauroessiccatori.com\/de\/wp-json\/wp\/v2\/media?parent=165751"}],"curies":[{"name":"wp","href":"https:\/\/api.w.org\/{rel}","templated":true}]}}