{"id":165713,"date":"2025-10-08T08:47:57","date_gmt":"2025-10-08T06:47:57","guid":{"rendered":"https:\/\/tauroessiccatori.com\/?page_id=165713"},"modified":"2025-10-25T16:31:34","modified_gmt":"2025-10-25T14:31:34","slug":"utilizzo-dei-programmi","status":"publish","type":"page","link":"https:\/\/www.tauroessiccatori.com\/de\/manuale-biosec\/programmi\/","title":{"rendered":"Nutzung der Programme"},"content":{"rendered":"<h2><b>DRYSET PRO K\u00dcMMERT SICH DARUM<\/b><\/h2>\n<p>BIOSEC ist ausgestattet mit dem\u2019\u00a0<b>exklusives elektronisches System Dryset Pro<\/b>,die eine vollst\u00e4ndige, einfache und wirksame Palette von Programmen garantiert, die f\u00fcr jede Art von Anwendung und Produkt geeignet sind. Die Programme werden unter Ber\u00fccksichtigung aller am Trocknungsprozess beteiligten Variablen entwickelt.<\/p>\n<p>Sie unterscheiden sich vor allem durch:<\/p>\n<ol>\n<li>Kombination aus\u00a0<b>Temperaturen<\/b>\u00a0unterschiedliche Betriebszeiten f\u00fcr unterschiedliche Zeitabschnitte;<\/li>\n<li>Abwechslung von verschiedenen\u00a0<b>Geschwindigkeit<\/b>\u00a0des Ventilators und h\u00e4lt inne;<\/li>\n<li><b>Dauer<\/b>\u00a0Angabe der Programme in Stunden.<\/li>\n<\/ol>\n<p>&nbsp;<\/p>\n<p>Alle im Folgenden beschriebenen Programme geben die Dauer in Stunden an\u00a0<b>(H)<\/b>,diejenigen, die mit dem Symbol\u00a0<b>MN<\/b>\u00a0umfassen auch eine\u00a0<b>letzte Wartung<\/b>. Um die Dauer der Programme zu \u00e4ndern, lesen Sie bitte den Abschnitt Timer auf Seite 8.<\/p>\n<p>&nbsp;<\/p>\n<div><img decoding=\"async\" src=\"https:\/\/stor42.tauroessiccatori.com\/wp-assets\/uploads\/2023\/01\/biosec_manuale_2022_programmi-drysetpro-min.jpg\" \/><br \/>\nDie Bilder dienen der Veranschaulichung.<\/div>\n<p><b>Dryset Pro.<\/b><br \/>\nSie finden alle Programmsymbole direkt auf dem Etikett, das das Display umgibt.<\/p>\n<p>W\u00e4hlen Sie Ihr Lieblingsprogramm und... viel Spa\u00df beim Trocknen!<\/p>\n<p>Die zu verarbeitenden Produkte, sobald sie\u00a0<b>den maximal m\u00f6glichen Trocknungsgrad erreicht, ver\u00e4ndern sie sich NICHT weiter, brennen oder ver\u00e4ndern sich, auch wenn Sie sie im Trockner vergessen sollten.<\/b><\/p>\n<p>&nbsp;<\/p>\n<h2><b>VOREINGESTELLTE PROGRAMME<\/b><\/h2>\n<p><b>P1- Automatisch<\/b>ist das einfachste und vielseitigste Programm. Wenn Sie nicht wissen, wie Sie vorgehen sollen, wenn Sie zum ersten Mal mit BIOSEC arbeiten oder wenn Sie einfach ein Produkt haben, das so speziell ist, dass es in keine andere Kategorie passt, w\u00e4hlen Sie P1.\u00a0<b>H\u00f6chsttemperatur erreicht 55\u00b0C - H: 30h+MN<\/b><\/p>\n<p><b>P2- Champignons und d\u00fcnne Scheiben<\/b>ideal f\u00fcr Pilze und nicht zu w\u00e4ssrige Produkte, die in d\u00fcnnen Scheiben (4-6 mm) getrocknet werden sollen, wie \u00c4pfel, Birnen, Zucchini, Auberginen usw.\u00a0<b>H\u00f6chsttemperatur erreicht 50\u00b0C - H: 18h+MN<\/b><\/p>\n<p><b>P3- BioCrudist<\/b>speziell f\u00fcr Rohk\u00f6stler entwickelt. BioCrudist\u00a0<b>ber\u00fchrt 42\u00b0C<\/b>\u00a0Temperatur in den ersten zwei Stunden und sinkt dann auf 40\u00b0C. Dank seiner extremen Zartheit eignet es sich auch hervorragend f\u00fcr aromatische und medizinische Kr\u00e4uter.\u00a0<b>H\u00f6chsttemperatur erreicht 42\u00b0C - H: undefiniert<\/b>\u00a0(wird beendet, wenn der gew\u00fcnschte Trocknungsgrad erreicht ist).<\/p>\n<p><b>P4- Superhei\u00df<\/b>ist die wichtigste\u00a0<b>hei\u00df, an der Grenze zum Kochen<\/b>\u00a0(wir sprechen vom Garen ab 70 Grad aufw\u00e4rts). Es ist ideal f\u00fcr Produkte, die viel Wasser enthalten, wie Tomaten, Aprikosen und Pflaumen, aber auch perfekt f\u00fcr Fleisch und Fisch, da es das Bakterienwachstum verlangsamt. Schlie\u00dflich ist es ideal f\u00fcr\u00a0<b>Meringues<\/b>,die ein heikles und langwieriges Verfahren im Backofen erfordern w\u00fcrden: Die Temperaturpr\u00e4zision und die Bel\u00fcftung von BIOSEC verhindern ungewollte Verbrennungen, w\u00e4hrend Ihr Backofen f\u00fcr jede andere Verwendung frei bleibt.\u00a0<b>H\u00f6chsttemperatur erreicht 68\u00b0C - H: 24h+MN<\/b><\/p>\n<p><b>P5- Nudeln:<\/b>\u00a0ist ein Programm, das speziell f\u00fcr die Behandlung von frischer Pasta entwickelt wurde, und zwar dank der Kombination von geeigneter Temperatur und sanfter Bel\u00fcftung, um Risse auf der Oberfl\u00e4che des Produkts zu vermeiden. Es erfordert jedoch ein wachsames Auge, um den gew\u00fcnschten Trocknungsgrad von Fall zu Fall und f\u00fcr jede einzelne Zubereitungsart zu \u00fcberpr\u00fcfen.\u00a0<b>H\u00f6chsttemperatur erreicht 30\u00b0C - H: 16h+MN<\/b><\/p>\n<p><b>P6- Wirtschaft:<\/b>\u00a0F\u00fcr diejenigen, die besonders auf \u00d6kologie und Geldbeutel achten oder die immer tausend Ger\u00e4te in Betrieb haben: W\u00e4hlen Sie das Programm P6, etwas l\u00e4ngere Trocknungszeiten entsprechen mehr als proportionalen Einsparungen. Auch perfekt f\u00fcr\u00a0<b>Campingpl\u00e4tze, Wohnmobile oder Hotels<\/b>,wo die Verf\u00fcgbarkeit von elektrischer Energie begrenzt ist: P6 verbraucht maximal 270 W -\u00a0<b>H\u00f6chsttemperatur erreicht 45\u00b0C -H: undefiniert<\/b>\u00a0(wird beendet, wenn der gew\u00fcnschte Trocknungsgrad erreicht ist).<\/p>\n<p><b>P7- Stumm:<\/b>\u00a0ist das am besten geeignete Programm f\u00fcr die Nacht oder f\u00fcr alle, die BIOSEC an Arbeitspl\u00e4tzen einsetzen, um die Ger\u00e4uschentwicklung auf ein Minimum zu reduzieren. Die L\u00fcftergeschwindigkeit ist speziell auf maximale Ger\u00e4uschreduzierung ausgelegt, ohne dabei an Effizienz zu verlieren! Probieren Sie es mit allen\u00a0<b>leichte und kleinste Produkte<\/b>\u00a0(Safran, kleine Bl\u00e4tter, usw.), die mit den anderen Programmen wegfliegen k\u00f6nnten -\u00a0<b>H\u00f6chsttemperatur erreicht 45\u00b0C -H: 48h+MN<\/b><\/p>\n<p>&nbsp;<\/p>\n<h2><b>PROGRAMME OHNE ZEITLICHE BEGRENZUNG<\/b><\/h2>\n<p>F\u00fcr alle, die mehr Kontrolle \u00fcber die Temperaturwahl w\u00fcnschen, bietet BIOSEC auch\u00a0<b>Programme t1 bis t5<\/b>,die Betriebstemperaturen zwischen 20\u00b0C und 60\u00b0C garantieren.<\/p>\n<p><b>Programme t1 bis t5<\/b>\u00a0arbeiten intelligent und wechseln zwischen Betriebstemperatur und Kaltl\u00fcftung, um das beste Ergebnis zu erzielen.\u00a0<b>Es gibt auch keine zeitlichen Beschr\u00e4nkungen<\/b>Es ist immer notwendig, BIOSEC zu stoppen, wenn der gew\u00fcnschte Trocknungsgrad erreicht ist.\u00a0<b>oder den Timer einstellen<\/b>\u00a0gem\u00e4\u00df dem entsprechenden Abschnitt (siehe Seite 8).<\/p>\n<p>&nbsp;<\/p>\n<h2><b>FORTGESCHRITTENE FUNKTIONEN: f\u00fcr eine bessere Kontrolle der Temperatur<\/b><\/h2>\n<p><img decoding=\"async\" src=\"https:\/\/stor42.tauroessiccatori.com\/wp-assets\/uploads\/2023\/01\/funzioni-avanzate.png\" \/><br \/>\nDie Programme\u00a0<b>P7, t1 und t5<\/b>\u00a0kann f\u00fcr eine individuelle Temperaturregelung mit drei verschiedenen L\u00fcftungsmodi eingestellt werden.<\/p>\n<ul>\n<li><b>P7<\/b>\u00a0zu haben\u00a0<b>Bel\u00fcftung immer langsam<\/b>\u00a0und damit energiesparender und weniger Luftbewegung, auch f\u00fcr leichtere Materialien wie Kr\u00e4uter, Blumen und Blattprodukte geeignet.<\/li>\n<li><b>t1<\/b>\u00a0immer die\u00a0<b>maximale Bel\u00fcftung<\/b>. Bei diesem Programm steigt die Temperatur nie mehr als 25 Grad \u00fcber die Raumtemperatur, auch wenn sie h\u00f6her eingestellt ist. Geeignet f\u00fcr sehr w\u00e4ssrige Produkte.<\/li>\n<li><b>t5<\/b>\u00a0zu haben\u00a0<b>modulierte Bel\u00fcftung<\/b>\u00a0automatisch auf der Grundlage der Raumtemperatur und der eingestellten Temperatur. G\u00fcltig f\u00fcr die meisten Produkte.<\/li>\n<\/ul>\n<p>&nbsp;<\/p>\n<p><b>So verwenden Sie die erweiterte Funktion:<\/b><\/p>\n<p>W\u00e4hlen Sie ein Programm aus P7, t1 und t5. Starten Sie es normal, halten Sie dann die Tasten SET und ON\/OFF gleichzeitig 5 Sekunden lang gedr\u00fcckt, bis eine blinkende Ziffer erscheint, die die Betriebstemperatur angibt. \u00c4ndern Sie die Temperatur durch wiederholtes Dr\u00fccken der SET-Taste, um sie zu erh\u00f6hen, oder der ON\/OFF-Taste, um sie zu verringern, bis die gew\u00fcnschte Temperatur angezeigt wird. Sobald die gew\u00fcnschte Temperatur angezeigt wird, warten Sie einige Sekunden, ohne etwas zu dr\u00fccken: BIOSEC speichert diese Temperatur als neues Programmziel, das unbegrenzt befolgt wird, es sei denn, ein Timer wurde eingestellt (siehe Seite 8).<br \/>\nDie auf diese Weise eingestellte Temperatur wird bei einer Unterbrechung der Stromversorgung auf die Werkseinstellung zur\u00fcckgesetzt.<\/p>\n<p>&nbsp;<\/p>\n<p><b>In jedem Fall ist zu bedenken, dass die Temperatur der erhitzten Luft nicht der Temperatur des eigentlichen Produkts entspricht, die immer um etwa zehn Grad niedriger ist als diese.<\/b><\/p>\n<p>&nbsp;<\/p>\n<p>Alle Programme wurden nach jahrelanger Erfahrung und R\u00fcckmeldungen von Kunden entwickelt. Vergewissern Sie sich jedoch immer, dass das zu trocknende Produkt gut getrocknet ist, bevor Sie es lagern. Im Zweifelsfall lassen Sie es noch ein paar Stunden trocknen, bevor Sie den Zyklus beenden.<br \/>\nWir laden Sie ein, mit Ihren Rezepten zu experimentieren und sie, wenn Sie m\u00f6chten, mit uns oder der Facebook-Gemeinschaft von Gente che Essicca zu teilen.<\/p>\n<p>&nbsp;<\/p>\n<h2><b>\u00dcBERSICHTSTABELLE DES PROGRAMMS DRYSET PRO<\/b><\/h2>\n<table class=\"espace\" border=\"1\">\n<tbody>\n<tr class=\"title\">\n<td>PROGRAMM<\/td>\n<td class=\"padding_img\">ANZEIGE<\/td>\n<td>TEMP. MAX. ERREICHT<br \/>\nREACHED<\/td>\n<td>H<br \/>\n<span class=\"subtitle\">- Stunden -<\/span><\/td>\n<td>MN<br \/>\n<span class=\"subtitle\">- Wartung -<\/span><\/td>\n<td>L\u00dcFTUNG<\/td>\n<\/tr>\n<tr>\n<td class=\"title_left\">Automatisch<\/td>\n<td class=\"padding_img\"><img decoding=\"async\" src=\"https:\/\/stor42.tauroessiccatori.com\/wp-assets\/uploads\/2023\/01\/tauro-program-p1_A.png\" alt=\"p1_A\" \/><\/td>\n<td>55\u00b0C<\/td>\n<td>30<\/td>\n<td>Ja<\/td>\n<td>variabel<\/td>\n<\/tr>\n<tr class=\"pari\">\n<td class=\"title_left\">Champignons und d\u00fcnne Scheiben<\/td>\n<td class=\"padding_img\"><img decoding=\"async\" src=\"https:\/\/stor42.tauroessiccatori.com\/wp-assets\/uploads\/2023\/01\/tauro-program-p2.png\" alt=\"p2\" \/><\/td>\n<td>50\u00b0C<\/td>\n<td>18<\/td>\n<td>Ja<\/td>\n<td>variabel<\/td>\n<\/tr>\n<tr>\n<td class=\"title_left\">Bio-Krudist<\/td>\n<td class=\"padding_img\"><img decoding=\"async\" src=\"https:\/\/stor42.tauroessiccatori.com\/wp-assets\/uploads\/2023\/01\/tauro-program-p3.png\" alt=\"p3\" \/><\/td>\n<td>42\u00b0C<\/td>\n<td>unbestimmt<\/td>\n<td>\u2013<\/td>\n<td>hohe Variable<\/td>\n<\/tr>\n<tr class=\"pari\">\n<td class=\"title_left\">Superhei\u00df 68\u00b0C<\/td>\n<td class=\"padding_img\"><img decoding=\"async\" src=\"https:\/\/stor42.tauroessiccatori.com\/wp-assets\/uploads\/2023\/01\/tauro-program-p4.png\" alt=\"p4\" \/><\/td>\n<td>68\u00b0C<\/td>\n<td>24<\/td>\n<td>Ja<\/td>\n<td>variabel<\/td>\n<\/tr>\n<tr>\n<td class=\"title_left\">Nudeln<\/td>\n<td class=\"padding_img\"><img decoding=\"async\" src=\"https:\/\/stor42.tauroessiccatori.com\/wp-assets\/uploads\/2023\/01\/tauro-program-p5.png\" alt=\"p5\" \/><\/td>\n<td>30\u00b0C<\/td>\n<td>16<\/td>\n<td>Ja<\/td>\n<td>langsame Variable<\/td>\n<\/tr>\n<tr class=\"pari\">\n<td class=\"title_left\">Wirtschaft<\/td>\n<td class=\"padding_img\"><img decoding=\"async\" src=\"https:\/\/stor42.tauroessiccatori.com\/wp-assets\/uploads\/2023\/01\/tauro-program-p6.png\" alt=\"p6\" \/><\/td>\n<td>45\u00b0C<\/td>\n<td>unbestimmt<\/td>\n<td>\u2013<\/td>\n<td>variabel<\/td>\n<\/tr>\n<tr>\n<td class=\"title_left\">Schweigen<br \/>\n*\u00a0<strong>Einstellbare Temperatur<\/strong><\/td>\n<td class=\"padding_img\"><img decoding=\"async\" src=\"https:\/\/stor42.tauroessiccatori.com\/wp-assets\/uploads\/2023\/01\/tauro-program-p7.png\" alt=\"p7\" \/><\/td>\n<td class=\"padding_img\"><img decoding=\"async\" src=\"https:\/\/stor42.tauroessiccatori.com\/wp-assets\/uploads\/2023\/01\/tauro-program-tempB.png\" alt=\"Aushilfe\" \/>45\u00b0C\u00a0<strong>*<\/strong><\/td>\n<td>48<\/td>\n<td>Ja<\/td>\n<td>langsam<\/td>\n<\/tr>\n<tr class=\"pari_t\">\n<td class=\"title_left\">Manuell 20\u00b0C<br \/>\n*\u00a0<strong>Einstellbare Temperatur<\/strong><\/td>\n<td class=\"padding_img\"><img decoding=\"async\" src=\"https:\/\/stor42.tauroessiccatori.com\/wp-assets\/uploads\/2023\/01\/tauro-program-t1.png\" alt=\"t1\" \/><\/td>\n<td class=\"padding_img\"><img decoding=\"async\" src=\"https:\/\/stor42.tauroessiccatori.com\/wp-assets\/uploads\/2023\/01\/tauro-program-temp.png\" alt=\"Aushilfe\" \/>20\u00b0C\u00a0<strong>*<\/strong><\/td>\n<td>unbestimmt<\/td>\n<td>\u2013<\/td>\n<td>hoch<\/td>\n<\/tr>\n<tr>\n<td class=\"title_left\">Manuell 30\u00b0C<\/td>\n<td class=\"padding_img\"><img decoding=\"async\" src=\"https:\/\/stor42.tauroessiccatori.com\/wp-assets\/uploads\/2023\/01\/tauro-program-t2.png\" alt=\"t2\" \/><\/td>\n<td>30\u00b0C<\/td>\n<td>unbestimmt<\/td>\n<td>\u2013<\/td>\n<td>hohe Variable<\/td>\n<\/tr>\n<tr class=\"pari_t\">\n<td class=\"title_left\">Manuell 40\u00b0C<\/td>\n<td class=\"padding_img\"><img decoding=\"async\" src=\"https:\/\/stor42.tauroessiccatori.com\/wp-assets\/uploads\/2023\/01\/tauro-program-t3.png\" alt=\"t3\" \/><\/td>\n<td>40\u00b0C<\/td>\n<td>unbestimmt<\/td>\n<td>\u2013<\/td>\n<td>variabel<\/td>\n<\/tr>\n<tr>\n<td class=\"title_left\">Manuell 50\u00b0C<\/td>\n<td class=\"padding_img\"><img decoding=\"async\" src=\"https:\/\/stor42.tauroessiccatori.com\/wp-assets\/uploads\/2023\/01\/tauro-program-t4.png\" alt=\"t4\" \/><\/td>\n<td>50\u00b0C<\/td>\n<td>unbestimmt<\/td>\n<td>\u2013<\/td>\n<td>mittlere Variable<\/td>\n<\/tr>\n<tr class=\"pari_t\">\n<td class=\"title_left\">Manuell 60\u00b0C<br \/>\n*\u00a0<strong>Einstellbare Temperatur<\/strong><\/td>\n<td class=\"padding_img\"><img decoding=\"async\" src=\"https:\/\/stor42.tauroessiccatori.com\/wp-assets\/uploads\/2023\/01\/tauro-program-t5.png\" alt=\"t5\" \/><\/td>\n<td class=\"padding_temp\"><img decoding=\"async\" src=\"https:\/\/stor42.tauroessiccatori.com\/wp-assets\/uploads\/2023\/01\/tauro-program-temp.png\" alt=\"Aushilfe\" \/>60\u00b0C\u00a0<strong>*<\/strong><\/td>\n<td>unbestimmt<\/td>\n<td>\u2013<\/td>\n<td>langsame Variable<\/td>\n<\/tr>\n<\/tbody>\n<\/table>","protected":false},"excerpt":{"rendered":"<p>CI PENSA DRYSET PRO BIOSEC \u00e8 dotato dell\u2019\u00a0esclusivo sistema elettronico Dryset Pro,\u00a0che garantisce un\u2019offerta di programmi completa, semplice ed efficace, [&hellip;]<\/p>\n","protected":false},"author":1,"featured_media":0,"parent":165699,"menu_order":19,"comment_status":"closed","ping_status":"closed","template":"page-manuale-biosec.php","meta":{"_acf_changed":false,"footnotes":""},"class_list":["post-165713","page","type-page","status-publish","hentry"],"acf":[],"yoast_head":"<!-- This site is optimized with the Yoast SEO plugin v27.5 - https:\/\/yoast.com\/product\/yoast-seo-wordpress\/ -->\n<title>Utilizzo dei programmi &#187; Tauro Essiccatori<\/title>\n<meta name=\"robots\" content=\"index, follow, max-snippet:-1, max-image-preview:large, max-video-preview:-1\" \/>\n<link rel=\"canonical\" href=\"https:\/\/www.tauroessiccatori.com\/de\/biosec-handbuch\/programme\/\" \/>\n<meta property=\"og:locale\" content=\"de_DE\" \/>\n<meta property=\"og:type\" content=\"article\" \/>\n<meta property=\"og:title\" content=\"Utilizzo dei programmi &#187; Tauro Essiccatori\" \/>\n<meta property=\"og:description\" content=\"CI PENSA DRYSET PRO BIOSEC \u00e8 dotato dell\u2019\u00a0esclusivo sistema elettronico Dryset Pro,\u00a0che garantisce un\u2019offerta di programmi completa, semplice ed efficace, [&hellip;]\" \/>\n<meta property=\"og:url\" content=\"https:\/\/www.tauroessiccatori.com\/de\/biosec-handbuch\/programme\/\" \/>\n<meta property=\"og:site_name\" content=\"Tauro Essiccatori\" \/>\n<meta property=\"article:publisher\" content=\"https:\/\/www.facebook.com\/tauroessiccatori\" \/>\n<meta property=\"article:modified_time\" content=\"2025-10-25T14:31:34+00:00\" \/>\n<meta property=\"og:image\" content=\"https:\/\/stor42.tauroessiccatori.com\/wp-assets\/uploads\/2023\/01\/biosec_manuale_2022_programmi-drysetpro-min.jpg\" \/>\n<meta name=\"twitter:card\" content=\"summary_large_image\" \/>\n<script type=\"application\/ld+json\" class=\"yoast-schema-graph\">{\"@context\":\"https:\\\/\\\/schema.org\",\"@graph\":[{\"@type\":\"WebPage\",\"@id\":\"https:\\\/\\\/www.tauroessiccatori.com\\\/de\\\/manuale-biosec\\\/programmi\\\/\",\"url\":\"https:\\\/\\\/www.tauroessiccatori.com\\\/de\\\/manuale-biosec\\\/programmi\\\/\",\"name\":\"Utilizzo dei programmi &#187; Tauro Essiccatori\",\"isPartOf\":{\"@id\":\"https:\\\/\\\/www.tauroessiccatori.com\\\/de\\\/#website\"},\"primaryImageOfPage\":{\"@id\":\"https:\\\/\\\/www.tauroessiccatori.com\\\/de\\\/manuale-biosec\\\/programmi\\\/#primaryimage\"},\"image\":{\"@id\":\"https:\\\/\\\/www.tauroessiccatori.com\\\/de\\\/manuale-biosec\\\/programmi\\\/#primaryimage\"},\"thumbnailUrl\":\"https:\\\/\\\/stor42.tauroessiccatori.com\\\/wp-assets\\\/uploads\\\/2023\\\/01\\\/biosec_manuale_2022_programmi-drysetpro-min.jpg\",\"datePublished\":\"2025-10-08T06:47:57+00:00\",\"dateModified\":\"2025-10-25T14:31:34+00:00\",\"breadcrumb\":{\"@id\":\"https:\\\/\\\/www.tauroessiccatori.com\\\/de\\\/manuale-biosec\\\/programmi\\\/#breadcrumb\"},\"inLanguage\":\"de\",\"potentialAction\":[{\"@type\":\"ReadAction\",\"target\":[\"https:\\\/\\\/www.tauroessiccatori.com\\\/de\\\/manuale-biosec\\\/programmi\\\/\"]}]},{\"@type\":\"ImageObject\",\"inLanguage\":\"de\",\"@id\":\"https:\\\/\\\/www.tauroessiccatori.com\\\/de\\\/manuale-biosec\\\/programmi\\\/#primaryimage\",\"url\":\"https:\\\/\\\/stor42.tauroessiccatori.com\\\/wp-assets\\\/uploads\\\/2023\\\/01\\\/biosec_manuale_2022_programmi-drysetpro-min.jpg\",\"contentUrl\":\"https:\\\/\\\/stor42.tauroessiccatori.com\\\/wp-assets\\\/uploads\\\/2023\\\/01\\\/biosec_manuale_2022_programmi-drysetpro-min.jpg\"},{\"@type\":\"BreadcrumbList\",\"@id\":\"https:\\\/\\\/www.tauroessiccatori.com\\\/de\\\/manuale-biosec\\\/programmi\\\/#breadcrumb\",\"itemListElement\":[{\"@type\":\"ListItem\",\"position\":1,\"name\":\"Home\",\"item\":\"https:\\\/\\\/www.tauroessiccatori.com\\\/\"},{\"@type\":\"ListItem\",\"position\":2,\"name\":\"Manuale Biosec\",\"item\":\"https:\\\/\\\/www.tauroessiccatori.com\\\/manuale-biosec\\\/\"},{\"@type\":\"ListItem\",\"position\":3,\"name\":\"Utilizzo dei programmi\"}]},{\"@type\":\"WebSite\",\"@id\":\"https:\\\/\\\/www.tauroessiccatori.com\\\/de\\\/#website\",\"url\":\"https:\\\/\\\/www.tauroessiccatori.com\\\/de\\\/\",\"name\":\"Tauro Essiccatori\",\"description\":\"Da pi\u00f9 di trent\u2019anni, i migliori sistemi di essiccazione.\",\"publisher\":{\"@id\":\"https:\\\/\\\/www.tauroessiccatori.com\\\/de\\\/#organization\"},\"alternateName\":\"Tauro\",\"potentialAction\":[{\"@type\":\"SearchAction\",\"target\":{\"@type\":\"EntryPoint\",\"urlTemplate\":\"https:\\\/\\\/www.tauroessiccatori.com\\\/de\\\/?s={search_term_string}\"},\"query-input\":{\"@type\":\"PropertyValueSpecification\",\"valueRequired\":true,\"valueName\":\"search_term_string\"}}],\"inLanguage\":\"de\"},{\"@type\":\"Organization\",\"@id\":\"https:\\\/\\\/www.tauroessiccatori.com\\\/de\\\/#organization\",\"name\":\"Tauro Essiccatori\",\"alternateName\":\"Tauro Essiccatori srl unipersonale\",\"url\":\"https:\\\/\\\/www.tauroessiccatori.com\\\/de\\\/\",\"logo\":{\"@type\":\"ImageObject\",\"inLanguage\":\"de\",\"@id\":\"https:\\\/\\\/www.tauroessiccatori.com\\\/de\\\/#\\\/schema\\\/logo\\\/image\\\/\",\"url\":\"https:\\\/\\\/www.tauroessiccatori.com\\\/wp-content\\\/uploads\\\/2026\\\/01\\\/tauro.avif\",\"contentUrl\":\"https:\\\/\\\/www.tauroessiccatori.com\\\/wp-content\\\/uploads\\\/2026\\\/01\\\/tauro.avif\",\"width\":360,\"height\":360,\"caption\":\"Tauro Essiccatori\"},\"image\":{\"@id\":\"https:\\\/\\\/www.tauroessiccatori.com\\\/de\\\/#\\\/schema\\\/logo\\\/image\\\/\"},\"sameAs\":[\"https:\\\/\\\/www.facebook.com\\\/tauroessiccatori\"]}]}<\/script>\n<!-- \/ Yoast SEO plugin. -->","yoast_head_json":{"title":"Programme verwenden \u00bb Tauro Trockner","robots":{"index":"index","follow":"follow","max-snippet":"max-snippet:-1","max-image-preview":"max-image-preview:large","max-video-preview":"max-video-preview:-1"},"canonical":"https:\/\/www.tauroessiccatori.com\/de\/biosec-handbuch\/programme\/","og_locale":"de_DE","og_type":"article","og_title":"Utilizzo dei programmi &#187; Tauro Essiccatori","og_description":"CI PENSA DRYSET PRO BIOSEC \u00e8 dotato dell\u2019\u00a0esclusivo sistema elettronico Dryset Pro,\u00a0che garantisce un\u2019offerta di programmi completa, semplice ed efficace, [&hellip;]","og_url":"https:\/\/www.tauroessiccatori.com\/de\/biosec-handbuch\/programme\/","og_site_name":"Tauro Essiccatori","article_publisher":"https:\/\/www.facebook.com\/tauroessiccatori","article_modified_time":"2025-10-25T14:31:34+00:00","og_image":[{"url":"https:\/\/stor42.tauroessiccatori.com\/wp-assets\/uploads\/2023\/01\/biosec_manuale_2022_programmi-drysetpro-min.jpg","type":"","width":"","height":""}],"twitter_card":"summary_large_image","schema":{"@context":"https:\/\/schema.org","@graph":[{"@type":"WebPage","@id":"https:\/\/www.tauroessiccatori.com\/de\/manuale-biosec\/programmi\/","url":"https:\/\/www.tauroessiccatori.com\/de\/manuale-biosec\/programmi\/","name":"Programme verwenden \u00bb Tauro Trockner","isPartOf":{"@id":"https:\/\/www.tauroessiccatori.com\/de\/#website"},"primaryImageOfPage":{"@id":"https:\/\/www.tauroessiccatori.com\/de\/manuale-biosec\/programmi\/#primaryimage"},"image":{"@id":"https:\/\/www.tauroessiccatori.com\/de\/manuale-biosec\/programmi\/#primaryimage"},"thumbnailUrl":"https:\/\/stor42.tauroessiccatori.com\/wp-assets\/uploads\/2023\/01\/biosec_manuale_2022_programmi-drysetpro-min.jpg","datePublished":"2025-10-08T06:47:57+00:00","dateModified":"2025-10-25T14:31:34+00:00","breadcrumb":{"@id":"https:\/\/www.tauroessiccatori.com\/de\/manuale-biosec\/programmi\/#breadcrumb"},"inLanguage":"de","potentialAction":[{"@type":"ReadAction","target":["https:\/\/www.tauroessiccatori.com\/de\/manuale-biosec\/programmi\/"]}]},{"@type":"ImageObject","inLanguage":"de","@id":"https:\/\/www.tauroessiccatori.com\/de\/manuale-biosec\/programmi\/#primaryimage","url":"https:\/\/stor42.tauroessiccatori.com\/wp-assets\/uploads\/2023\/01\/biosec_manuale_2022_programmi-drysetpro-min.jpg","contentUrl":"https:\/\/stor42.tauroessiccatori.com\/wp-assets\/uploads\/2023\/01\/biosec_manuale_2022_programmi-drysetpro-min.jpg"},{"@type":"BreadcrumbList","@id":"https:\/\/www.tauroessiccatori.com\/de\/manuale-biosec\/programmi\/#breadcrumb","itemListElement":[{"@type":"ListItem","position":1,"name":"Home","item":"https:\/\/www.tauroessiccatori.com\/"},{"@type":"ListItem","position":2,"name":"Manuale Biosec","item":"https:\/\/www.tauroessiccatori.com\/manuale-biosec\/"},{"@type":"ListItem","position":3,"name":"Utilizzo dei programmi"}]},{"@type":"WebSite","@id":"https:\/\/www.tauroessiccatori.com\/de\/#website","url":"https:\/\/www.tauroessiccatori.com\/de\/","name":"Tauro Trockner","description":"Seit mehr als 30 Jahren die besten Trocknungssysteme.","publisher":{"@id":"https:\/\/www.tauroessiccatori.com\/de\/#organization"},"alternateName":"Tauro","potentialAction":[{"@type":"SearchAction","target":{"@type":"EntryPoint","urlTemplate":"https:\/\/www.tauroessiccatori.com\/de\/?s={search_term_string}"},"query-input":{"@type":"PropertyValueSpecification","valueRequired":true,"valueName":"search_term_string"}}],"inLanguage":"de"},{"@type":"Organization","@id":"https:\/\/www.tauroessiccatori.com\/de\/#organization","name":"Tauro Trockner","alternateName":"Tauro Essiccatori srl unipersonale","url":"https:\/\/www.tauroessiccatori.com\/de\/","logo":{"@type":"ImageObject","inLanguage":"de","@id":"https:\/\/www.tauroessiccatori.com\/de\/#\/schema\/logo\/image\/","url":"https:\/\/www.tauroessiccatori.com\/wp-content\/uploads\/2026\/01\/tauro.avif","contentUrl":"https:\/\/www.tauroessiccatori.com\/wp-content\/uploads\/2026\/01\/tauro.avif","width":360,"height":360,"caption":"Tauro Essiccatori"},"image":{"@id":"https:\/\/www.tauroessiccatori.com\/de\/#\/schema\/logo\/image\/"},"sameAs":["https:\/\/www.facebook.com\/tauroessiccatori"]}]}},"_links":{"self":[{"href":"https:\/\/www.tauroessiccatori.com\/de\/wp-json\/wp\/v2\/pages\/165713","targetHints":{"allow":["GET"]}}],"collection":[{"href":"https:\/\/www.tauroessiccatori.com\/de\/wp-json\/wp\/v2\/pages"}],"about":[{"href":"https:\/\/www.tauroessiccatori.com\/de\/wp-json\/wp\/v2\/types\/page"}],"author":[{"embeddable":true,"href":"https:\/\/www.tauroessiccatori.com\/de\/wp-json\/wp\/v2\/users\/1"}],"replies":[{"embeddable":true,"href":"https:\/\/www.tauroessiccatori.com\/de\/wp-json\/wp\/v2\/comments?post=165713"}],"version-history":[{"count":0,"href":"https:\/\/www.tauroessiccatori.com\/de\/wp-json\/wp\/v2\/pages\/165713\/revisions"}],"up":[{"embeddable":true,"href":"https:\/\/www.tauroessiccatori.com\/de\/wp-json\/wp\/v2\/pages\/165699"}],"wp:attachment":[{"href":"https:\/\/www.tauroessiccatori.com\/de\/wp-json\/wp\/v2\/media?parent=165713"}],"curies":[{"name":"wp","href":"https:\/\/api.w.org\/{rel}","templated":true}]}}