{"id":165706,"date":"2025-10-07T18:42:17","date_gmt":"2025-10-07T16:42:17","guid":{"rendered":"https:\/\/tauroessiccatori.com\/?page_id=165706"},"modified":"2025-10-08T09:42:52","modified_gmt":"2025-10-08T07:42:52","slug":"technische-informationen","status":"publish","type":"page","link":"https:\/\/www.tauroessiccatori.com\/de\/manuale-biosec\/informazioni-tecniche\/","title":{"rendered":"Technische Informationen"},"content":{"rendered":"<p>BIOSEC ist ein Trockner, der f\u00fcr jeden Bedarf entwickelt wurde, einfach zu bedienen ist und in Italien aus f\u00fcr den Kontakt mit Lebensmitteln zertifizierten Materialien hergestellt wird.<\/p>\n<div>\n<div><img loading=\"lazy\" decoding=\"async\" class=\"w-100 alignnone wp-image-165715 size-full\" src=\"https:\/\/tauroessiccatori.com\/wp-content\/uploads\/2025\/10\/biosec_manuale_2022-6.png\" alt=\"\" width=\"1632\" height=\"1184\" \/><\/div>\n<div class=\"block md:flex md:text-lg\">\n<div class=\"md:flex-auto\"><\/div>\n<\/div>\n<\/div>\n<table class=\"table table-striped-columns table-bordered text-center\">\n<tbody>\n<tr class=\"table-info\">\n<td>MODELL<\/td>\n<td>MATERIAL<\/td>\n<td>GR\u00d6SSE<br \/>\nEXTERIOR<\/td>\n<td>ABMESSUNGEN<br \/>\nCESTELLI<\/td>\n<td>MENGE<br \/>\nCESTELLI<\/td>\n<\/tr>\n<tr>\n<td class=\"title_left\">B5<\/td>\n<td>Kunststoff<\/td>\n<td rowspan=\"3\">27x27x45<\/td>\n<td rowspan=\"2\">23,5\u00d735,4\u00d74,4<br \/>\ncm pro St\u00fcck.<\/td>\n<td class=\"green\" rowspan=\"2\">5<\/td>\n<\/tr>\n<tr class=\"pari\">\n<td class=\"title_left\">B5S<\/td>\n<td>Stahltunnel Kunststoff-K\u00f6rbe<\/td>\n<\/tr>\n<tr>\n<td class=\"title_left\">B6<\/td>\n<td>Stahl<\/td>\n<td>23.5x35x1.2<br \/>\ncm pro St\u00fcck.<\/td>\n<td>6<\/td>\n<\/tr>\n<tr class=\"pari\">\n<td class=\"title_left\">B10<\/td>\n<td>Kunststoff<\/td>\n<td rowspan=\"3\">27x27x82<\/td>\n<td rowspan=\"2\">23,5\u00d735,4\u00d74,4<br \/>\ncm pro St\u00fcck.<\/td>\n<td rowspan=\"2\">10<\/td>\n<\/tr>\n<tr>\n<td class=\"title_left\">B10S<\/td>\n<td>Stahltunnel Kunststoff-K\u00f6rbe<\/td>\n<\/tr>\n<tr class=\"pari\">\n<td class=\"title_left\">B12<\/td>\n<td>Stahl<\/td>\n<td>23.5x35x1.2<br \/>\ncm pro St\u00fcck.<\/td>\n<td class=\"white\">12<\/td>\n<\/tr>\n<\/tbody>\n<\/table>\n<p>&nbsp;<\/p>\n<h2>DER TROCKNER BESTEHT AUS:<\/h2>\n<ol type=\"A\">\n<li>a\u00a0<strong>Gruppe<\/strong>\u00a0<strong>Heizl\u00fcfter<\/strong>,abnehmbar, der Hei\u00dfluft erzeugt, indem er die Umgebungsluft \u00fcber ein Heizelement erw\u00e4rmt und sie \u00fcber ein Gebl\u00e4se in die K\u00f6rbe dr\u00fcckt;<\/li>\n<li>a\u00a0<strong>Kunststoff- oder Stahltunnel<\/strong>,quadratischer Querschnitt, in den je nach Modell die Kunststoff- oder Stahlk\u00f6rbe eingesetzt werden;<\/li>\n<li>a\u00a0<strong>T\u00fcr<\/strong>\u00a0<strong>von<\/strong>\u00a0<strong>Verschluss<\/strong>, Die Thermol\u00fcftungseinheit und die verschlie\u00dfbare T\u00fcr sind mit Gittern ausgestattet, die den Durchgang von Luft, aber nicht von Insekten erm\u00f6glichen;<\/li>\n<li><strong>k\u00f6rbe<\/strong>\u00a0<strong>gelocht<\/strong>\u00a0f\u00fcr die Platzierung des zu trocknenden Materials, das mit Hilfe der Gleitschienen in den Tunnel geschoben wird; die Anzahl und das Material der K\u00f6rbe sind je nach dem erworbenen BIOSEC-Modell unterschiedlich.<\/li>\n<\/ol>\n<h2>DAS ERG\u00c4NZENDE MODUL BESTEHT AUS:<\/h2>\n<ol>\n<li>einen Tunnel wie im gro\u00dfen Basismodul;<\/li>\n<li>10 oder 12 K\u00f6rbe (je nach gekauftem Modell).<\/li>\n<\/ol>\n<h2>ABMESSUNGEN UND SPEZIFIKATIONEN<\/h2>\n<p>Bei allen Modulen betr\u00e4gt der \u00e4u\u00dfere Querschnitt 27\u00d727 cm; das Innere des Tunnels hat einen Querschnitt von 25\u00d725 cm, w\u00e4hrend die L\u00e4nge 45 cm f\u00fcr das kleine Modul (B5-B5S- B6) und 82 cm f\u00fcr das gro\u00dfe Modul (B10-B10S-B12) betr\u00e4gt; 82 cm f\u00fcr alle erg\u00e4nzenden Module.<\/p>\n<p>Die K\u00f6rbe aus beiden Materialien, Kunststoff und Edelstahl, sind alle sp\u00fclmaschinenfest.<\/p>\n<p>Der Widerstand betr\u00e4gt 550 Watt und die Z\u00fcndung ist elektronisch geregelt.<\/p>\n<h2>PLATZIERUNG VON BIOSEC<\/h2>\n<p>Wie jedes elektrische Ger\u00e4t darf auch der BIOSEC-Heizl\u00fcfter nicht in direkten Kontakt mit Wasser oder einer Dampfquelle kommen. BIOSEC muss daher mindestens 60 cm von Wasserh\u00e4hnen, Waschbecken, Wannen und von Regen oder Spritzwasser entfernt aufgestellt werden.<\/p>\n<p>W\u00e4hrend des Betriebs gibt BIOSEC Feuchtigkeit ab, die nicht in der Umgebung stagnieren darf, um die Trocknung nicht zu verlangsamen oder zu verhindern. Es ist daher ratsam, BIOSEC in einem ausreichend gro\u00dfen oder gut zu bel\u00fcftenden Raum aufzustellen.<\/p>\n<p>Vermeiden Sie bereits feuchte Umgebungen wie B\u00e4der, W\u00e4schereien, Keller usw. Achten Sie darauf, dass\u00a0<strong>verlassen<\/strong>\u00a0<strong>immer<\/strong>\u00a0<strong>mindestens<\/strong>\u00a0<strong>10<\/strong>\u00a0<strong>Zentimeter<\/strong>\u00a0<strong>von<\/strong>\u00a0<strong>Raum<\/strong>\u00a0<strong>unter<\/strong>\u00a0<strong>Korrespondenz<\/strong>\u00a0<strong>von<\/strong>\u00a0<strong>zwei<\/strong>\u00a0<strong>Er\u00f6ffnungen<\/strong>\u00a0Gitter, damit die Luft frei zirkulieren kann: die einzigartige\u00a0<strong>horizontales Durchflusssystem<\/strong>\u00a0und der elektronische DrySet Pro-Motor garantieren Ihnen ein hervorragendes Ergebnis bei gleichzeitiger Optimierung von Zeit und Kosten.<\/p>\n<p>&nbsp;<\/p>","protected":false},"excerpt":{"rendered":"<p>BIOSEC \u00e8 un essiccatore pensato per ogni esigenza, semplice da utilizzare, realizzato in Italia con materiali certificati per il contatto [&hellip;]<\/p>\n","protected":false},"author":1,"featured_media":0,"parent":165699,"menu_order":16,"comment_status":"closed","ping_status":"closed","template":"page-manuale-biosec.php","meta":{"_acf_changed":false,"footnotes":""},"class_list":["post-165706","page","type-page","status-publish","hentry"],"acf":[],"yoast_head":"<!-- This site is optimized with the Yoast SEO plugin v27.5 - https:\/\/yoast.com\/product\/yoast-seo-wordpress\/ -->\n<title>Informazioni tecniche &#187; Tauro Essiccatori<\/title>\n<meta name=\"robots\" content=\"index, follow, max-snippet:-1, max-image-preview:large, max-video-preview:-1\" \/>\n<link rel=\"canonical\" href=\"https:\/\/www.tauroessiccatori.com\/de\/biosec-handbuch\/technische-informationen\/\" \/>\n<meta property=\"og:locale\" content=\"de_DE\" \/>\n<meta property=\"og:type\" content=\"article\" \/>\n<meta property=\"og:title\" content=\"Informazioni tecniche &#187; Tauro Essiccatori\" \/>\n<meta property=\"og:description\" content=\"BIOSEC \u00e8 un essiccatore pensato per ogni esigenza, semplice da utilizzare, realizzato in Italia con materiali certificati per il contatto [&hellip;]\" \/>\n<meta property=\"og:url\" content=\"https:\/\/www.tauroessiccatori.com\/de\/biosec-handbuch\/technische-informationen\/\" \/>\n<meta property=\"og:site_name\" content=\"Tauro Essiccatori\" \/>\n<meta property=\"article:publisher\" content=\"https:\/\/www.facebook.com\/tauroessiccatori\" \/>\n<meta property=\"article:modified_time\" content=\"2025-10-08T07:42:52+00:00\" \/>\n<meta property=\"og:image\" content=\"https:\/\/tauroessiccatori.com\/wp-content\/uploads\/2025\/10\/biosec_manuale_2022-6.png\" \/>\n<meta name=\"twitter:card\" content=\"summary_large_image\" \/>\n<script type=\"application\/ld+json\" class=\"yoast-schema-graph\">{\"@context\":\"https:\\\/\\\/schema.org\",\"@graph\":[{\"@type\":\"WebPage\",\"@id\":\"https:\\\/\\\/www.tauroessiccatori.com\\\/de\\\/manuale-biosec\\\/informazioni-tecniche\\\/\",\"url\":\"https:\\\/\\\/www.tauroessiccatori.com\\\/de\\\/manuale-biosec\\\/informazioni-tecniche\\\/\",\"name\":\"Informazioni tecniche &#187; Tauro Essiccatori\",\"isPartOf\":{\"@id\":\"https:\\\/\\\/www.tauroessiccatori.com\\\/de\\\/#website\"},\"primaryImageOfPage\":{\"@id\":\"https:\\\/\\\/www.tauroessiccatori.com\\\/de\\\/manuale-biosec\\\/informazioni-tecniche\\\/#primaryimage\"},\"image\":{\"@id\":\"https:\\\/\\\/www.tauroessiccatori.com\\\/de\\\/manuale-biosec\\\/informazioni-tecniche\\\/#primaryimage\"},\"thumbnailUrl\":\"https:\\\/\\\/tauroessiccatori.com\\\/wp-content\\\/uploads\\\/2025\\\/10\\\/biosec_manuale_2022-6.png\",\"datePublished\":\"2025-10-07T16:42:17+00:00\",\"dateModified\":\"2025-10-08T07:42:52+00:00\",\"breadcrumb\":{\"@id\":\"https:\\\/\\\/www.tauroessiccatori.com\\\/de\\\/manuale-biosec\\\/informazioni-tecniche\\\/#breadcrumb\"},\"inLanguage\":\"de\",\"potentialAction\":[{\"@type\":\"ReadAction\",\"target\":[\"https:\\\/\\\/www.tauroessiccatori.com\\\/de\\\/manuale-biosec\\\/informazioni-tecniche\\\/\"]}]},{\"@type\":\"ImageObject\",\"inLanguage\":\"de\",\"@id\":\"https:\\\/\\\/www.tauroessiccatori.com\\\/de\\\/manuale-biosec\\\/informazioni-tecniche\\\/#primaryimage\",\"url\":\"https:\\\/\\\/tauroessiccatori.com\\\/wp-content\\\/uploads\\\/2025\\\/10\\\/biosec_manuale_2022-6.png\",\"contentUrl\":\"https:\\\/\\\/tauroessiccatori.com\\\/wp-content\\\/uploads\\\/2025\\\/10\\\/biosec_manuale_2022-6.png\"},{\"@type\":\"BreadcrumbList\",\"@id\":\"https:\\\/\\\/www.tauroessiccatori.com\\\/de\\\/manuale-biosec\\\/informazioni-tecniche\\\/#breadcrumb\",\"itemListElement\":[{\"@type\":\"ListItem\",\"position\":1,\"name\":\"Home\",\"item\":\"https:\\\/\\\/www.tauroessiccatori.com\\\/\"},{\"@type\":\"ListItem\",\"position\":2,\"name\":\"Manuale Biosec\",\"item\":\"https:\\\/\\\/www.tauroessiccatori.com\\\/manuale-biosec\\\/\"},{\"@type\":\"ListItem\",\"position\":3,\"name\":\"Informazioni tecniche\"}]},{\"@type\":\"WebSite\",\"@id\":\"https:\\\/\\\/www.tauroessiccatori.com\\\/de\\\/#website\",\"url\":\"https:\\\/\\\/www.tauroessiccatori.com\\\/de\\\/\",\"name\":\"Tauro Essiccatori\",\"description\":\"Da pi\u00f9 di trent\u2019anni, i migliori sistemi di essiccazione.\",\"publisher\":{\"@id\":\"https:\\\/\\\/www.tauroessiccatori.com\\\/de\\\/#organization\"},\"alternateName\":\"Tauro\",\"potentialAction\":[{\"@type\":\"SearchAction\",\"target\":{\"@type\":\"EntryPoint\",\"urlTemplate\":\"https:\\\/\\\/www.tauroessiccatori.com\\\/de\\\/?s={search_term_string}\"},\"query-input\":{\"@type\":\"PropertyValueSpecification\",\"valueRequired\":true,\"valueName\":\"search_term_string\"}}],\"inLanguage\":\"de\"},{\"@type\":\"Organization\",\"@id\":\"https:\\\/\\\/www.tauroessiccatori.com\\\/de\\\/#organization\",\"name\":\"Tauro Essiccatori\",\"alternateName\":\"Tauro Essiccatori srl unipersonale\",\"url\":\"https:\\\/\\\/www.tauroessiccatori.com\\\/de\\\/\",\"logo\":{\"@type\":\"ImageObject\",\"inLanguage\":\"de\",\"@id\":\"https:\\\/\\\/www.tauroessiccatori.com\\\/de\\\/#\\\/schema\\\/logo\\\/image\\\/\",\"url\":\"https:\\\/\\\/www.tauroessiccatori.com\\\/wp-content\\\/uploads\\\/2026\\\/01\\\/tauro.avif\",\"contentUrl\":\"https:\\\/\\\/www.tauroessiccatori.com\\\/wp-content\\\/uploads\\\/2026\\\/01\\\/tauro.avif\",\"width\":360,\"height\":360,\"caption\":\"Tauro Essiccatori\"},\"image\":{\"@id\":\"https:\\\/\\\/www.tauroessiccatori.com\\\/de\\\/#\\\/schema\\\/logo\\\/image\\\/\"},\"sameAs\":[\"https:\\\/\\\/www.facebook.com\\\/tauroessiccatori\"]}]}<\/script>\n<!-- \/ Yoast SEO plugin. -->","yoast_head_json":{"title":"Technische Informationen \u00bb Tauro Trockner","robots":{"index":"index","follow":"follow","max-snippet":"max-snippet:-1","max-image-preview":"max-image-preview:large","max-video-preview":"max-video-preview:-1"},"canonical":"https:\/\/www.tauroessiccatori.com\/de\/biosec-handbuch\/technische-informationen\/","og_locale":"de_DE","og_type":"article","og_title":"Informazioni tecniche &#187; Tauro Essiccatori","og_description":"BIOSEC \u00e8 un essiccatore pensato per ogni esigenza, semplice da utilizzare, realizzato in Italia con materiali certificati per il contatto [&hellip;]","og_url":"https:\/\/www.tauroessiccatori.com\/de\/biosec-handbuch\/technische-informationen\/","og_site_name":"Tauro Essiccatori","article_publisher":"https:\/\/www.facebook.com\/tauroessiccatori","article_modified_time":"2025-10-08T07:42:52+00:00","og_image":[{"url":"https:\/\/tauroessiccatori.com\/wp-content\/uploads\/2025\/10\/biosec_manuale_2022-6.png","type":"","width":"","height":""}],"twitter_card":"summary_large_image","schema":{"@context":"https:\/\/schema.org","@graph":[{"@type":"WebPage","@id":"https:\/\/www.tauroessiccatori.com\/de\/manuale-biosec\/informazioni-tecniche\/","url":"https:\/\/www.tauroessiccatori.com\/de\/manuale-biosec\/informazioni-tecniche\/","name":"Technische Informationen \u00bb Tauro Trockner","isPartOf":{"@id":"https:\/\/www.tauroessiccatori.com\/de\/#website"},"primaryImageOfPage":{"@id":"https:\/\/www.tauroessiccatori.com\/de\/manuale-biosec\/informazioni-tecniche\/#primaryimage"},"image":{"@id":"https:\/\/www.tauroessiccatori.com\/de\/manuale-biosec\/informazioni-tecniche\/#primaryimage"},"thumbnailUrl":"https:\/\/tauroessiccatori.com\/wp-content\/uploads\/2025\/10\/biosec_manuale_2022-6.png","datePublished":"2025-10-07T16:42:17+00:00","dateModified":"2025-10-08T07:42:52+00:00","breadcrumb":{"@id":"https:\/\/www.tauroessiccatori.com\/de\/manuale-biosec\/informazioni-tecniche\/#breadcrumb"},"inLanguage":"de","potentialAction":[{"@type":"ReadAction","target":["https:\/\/www.tauroessiccatori.com\/de\/manuale-biosec\/informazioni-tecniche\/"]}]},{"@type":"ImageObject","inLanguage":"de","@id":"https:\/\/www.tauroessiccatori.com\/de\/manuale-biosec\/informazioni-tecniche\/#primaryimage","url":"https:\/\/tauroessiccatori.com\/wp-content\/uploads\/2025\/10\/biosec_manuale_2022-6.png","contentUrl":"https:\/\/tauroessiccatori.com\/wp-content\/uploads\/2025\/10\/biosec_manuale_2022-6.png"},{"@type":"BreadcrumbList","@id":"https:\/\/www.tauroessiccatori.com\/de\/manuale-biosec\/informazioni-tecniche\/#breadcrumb","itemListElement":[{"@type":"ListItem","position":1,"name":"Home","item":"https:\/\/www.tauroessiccatori.com\/"},{"@type":"ListItem","position":2,"name":"Manuale Biosec","item":"https:\/\/www.tauroessiccatori.com\/manuale-biosec\/"},{"@type":"ListItem","position":3,"name":"Informazioni tecniche"}]},{"@type":"WebSite","@id":"https:\/\/www.tauroessiccatori.com\/de\/#website","url":"https:\/\/www.tauroessiccatori.com\/de\/","name":"Tauro Trockner","description":"Seit mehr als 30 Jahren die besten Trocknungssysteme.","publisher":{"@id":"https:\/\/www.tauroessiccatori.com\/de\/#organization"},"alternateName":"Tauro","potentialAction":[{"@type":"SearchAction","target":{"@type":"EntryPoint","urlTemplate":"https:\/\/www.tauroessiccatori.com\/de\/?s={search_term_string}"},"query-input":{"@type":"PropertyValueSpecification","valueRequired":true,"valueName":"search_term_string"}}],"inLanguage":"de"},{"@type":"Organization","@id":"https:\/\/www.tauroessiccatori.com\/de\/#organization","name":"Tauro Trockner","alternateName":"Tauro Essiccatori srl unipersonale","url":"https:\/\/www.tauroessiccatori.com\/de\/","logo":{"@type":"ImageObject","inLanguage":"de","@id":"https:\/\/www.tauroessiccatori.com\/de\/#\/schema\/logo\/image\/","url":"https:\/\/www.tauroessiccatori.com\/wp-content\/uploads\/2026\/01\/tauro.avif","contentUrl":"https:\/\/www.tauroessiccatori.com\/wp-content\/uploads\/2026\/01\/tauro.avif","width":360,"height":360,"caption":"Tauro Essiccatori"},"image":{"@id":"https:\/\/www.tauroessiccatori.com\/de\/#\/schema\/logo\/image\/"},"sameAs":["https:\/\/www.facebook.com\/tauroessiccatori"]}]}},"_links":{"self":[{"href":"https:\/\/www.tauroessiccatori.com\/de\/wp-json\/wp\/v2\/pages\/165706","targetHints":{"allow":["GET"]}}],"collection":[{"href":"https:\/\/www.tauroessiccatori.com\/de\/wp-json\/wp\/v2\/pages"}],"about":[{"href":"https:\/\/www.tauroessiccatori.com\/de\/wp-json\/wp\/v2\/types\/page"}],"author":[{"embeddable":true,"href":"https:\/\/www.tauroessiccatori.com\/de\/wp-json\/wp\/v2\/users\/1"}],"replies":[{"embeddable":true,"href":"https:\/\/www.tauroessiccatori.com\/de\/wp-json\/wp\/v2\/comments?post=165706"}],"version-history":[{"count":0,"href":"https:\/\/www.tauroessiccatori.com\/de\/wp-json\/wp\/v2\/pages\/165706\/revisions"}],"up":[{"embeddable":true,"href":"https:\/\/www.tauroessiccatori.com\/de\/wp-json\/wp\/v2\/pages\/165699"}],"wp:attachment":[{"href":"https:\/\/www.tauroessiccatori.com\/de\/wp-json\/wp\/v2\/media?parent=165706"}],"curies":[{"name":"wp","href":"https:\/\/api.w.org\/{rel}","templated":true}]}}