{"id":165704,"date":"2025-10-07T18:40:44","date_gmt":"2025-10-07T16:40:44","guid":{"rendered":"https:\/\/tauroessiccatori.com\/?page_id=165704"},"modified":"2025-10-08T09:50:24","modified_gmt":"2025-10-08T07:50:24","slug":"allgemeine-warnhinweise","status":"publish","type":"page","link":"https:\/\/www.tauroessiccatori.com\/de\/manuale-biosec\/avvertenze-generali\/","title":{"rendered":"Allgemeine Warnungen"},"content":{"rendered":"<ol>\n<li>Lesen Sie die Warnhinweise in dieser Anleitung sorgf\u00e4ltig durch. Sie enthalten wichtige Informationen zur sicheren Installation, Bedienung und Wartung. Bewahren Sie dieses Handbuch zum Nachschlagen sorgf\u00e4ltig auf.<\/li>\n<li>\u00dcberpr\u00fcfen Sie nach dem Entfernen der Verpackung die Unversehrtheit des Ger\u00e4ts. Die Verpackungselemente d\u00fcrfen nicht in Sicht- und Reichweite von Kindern aufbewahrt werden, da sie eine potenzielle Gefahrenquelle darstellen.<\/li>\n<li>Vergewissern Sie sich vor dem Anschlie\u00dfen des Ger\u00e4ts, dass die Netzspannung mit den Angaben auf dem Typenschild des Motors \u00fcbereinstimmt.<\/li>\n<li>F\u00fchren Sie keine Gegenst\u00e4nde in das Thermol\u00fcftungsger\u00e4t ein.<\/li>\n<li>Dieses Ger\u00e4t darf nur f\u00fcr den Zweck verwendet werden, f\u00fcr den es ausdr\u00fccklich konzipiert wurde, d.h. zum Trocknen. Jede andere Verwendung ist als unsachgem\u00e4\u00df und somit als gef\u00e4hrlich anzusehen. Der Hersteller kann nicht f\u00fcr Sch\u00e4den haftbar gemacht werden, die durch unsachgem\u00e4\u00dfen, falschen und unvern\u00fcnftigen Gebrauch entstehen.<\/li>\n<li>Bei der Verwendung von Elektroger\u00e4ten m\u00fcssen bestimmte Grundregeln beachtet werden, insbesondere:\n<ul>\n<li>BER\u00dcHREN SIE DEN HEIZL\u00dcFTER NICHT MIT NASSEN ODER FEUCHTEN H\u00c4NDEN.<\/li>\n<li>LASSEN SIE DAS GER\u00c4T NICHT DER WITTERUNG AUSGESETZT<\/li>\n<li>DAS GER\u00c4T NICHT VON KINDERN ODER PERSONEN MIT EINGESCHR\u00c4NKTEN K\u00d6RPERLICHEN, SENSORISCHEN ODER GEISTIGEN F\u00c4HIGKEITEN ODER MANGELNDER ERFAHRUNG BENUTZT WERDEN DARF<\/li>\n<li>ZIEHEN SIE NICHT AM NETZKABEL ODER AM GER\u00c4T SELBST, UM DEN STECKER AUS DER STECKDOSE ZU ZIEHEN<\/li>\n<li>TIERE VON ELEKTRISCHEN GER\u00c4TEN FERNHALTEN<\/li>\n<\/ul>\n<\/li>\n<li>Verwenden Sie das Ger\u00e4t nicht in der N\u00e4he von B\u00e4dern, Duschen, Waschbecken, Schwimmbecken oder anderen Wasserquellen. Stellen Sie den Trockner in einem Abstand von mindestens 60 cm auf.<\/li>\n<li>Halten Sie das Ger\u00e4t in einem Abstand von mindestens 60 cm von leicht entflammbaren Gegenst\u00e4nden oder Stoffen entfernt.<\/li>\n<li>F\u00fcr Arbeiten an elektrischen Teilen wenden Sie sich bitte an Ihren H\u00e4ndler.<\/li>\n<li>WARNUNG: Um jegliche Gefahr durch ein versehentliches Zur\u00fccksetzen der W\u00e4rmeschutzvorrichtung zu vermeiden, darf dieses Ger\u00e4t weder durch ein externes Betriebsger\u00e4t, wie z. B. eine Zeitschaltuhr, mit Strom versorgt werden, noch darf es an einen Stromkreis angeschlossen werden, der regelm\u00e4\u00dfig gespeist oder vom Netz getrennt wird.<\/li>\n<\/ol>\n<div class=\"grid md:grid-cols-4 grid-cols-2 my-12 md:my-0\"><\/div>","protected":false},"excerpt":{"rendered":"<p>Leggere attentamente le avvertenze contenute nel presente manuale, che vi forniranno importanti informazioni riguardanti la sicurezza di installazione, d\u2019uso e [&hellip;]<\/p>\n","protected":false},"author":1,"featured_media":0,"parent":165699,"menu_order":15,"comment_status":"closed","ping_status":"closed","template":"page-manuale-biosec.php","meta":{"_acf_changed":false,"footnotes":""},"class_list":["post-165704","page","type-page","status-publish","hentry"],"acf":[],"yoast_head":"<!-- This site is optimized with the Yoast SEO plugin v27.5 - https:\/\/yoast.com\/product\/yoast-seo-wordpress\/ -->\n<title>Avvertenze generali &#187; Tauro Essiccatori<\/title>\n<meta name=\"robots\" content=\"index, follow, max-snippet:-1, max-image-preview:large, max-video-preview:-1\" \/>\n<link rel=\"canonical\" href=\"https:\/\/www.tauroessiccatori.com\/de\/biosec-handbuch\/allgemeine-warnhinweise\/\" \/>\n<meta property=\"og:locale\" content=\"de_DE\" \/>\n<meta property=\"og:type\" content=\"article\" \/>\n<meta property=\"og:title\" content=\"Avvertenze generali &#187; Tauro Essiccatori\" \/>\n<meta property=\"og:description\" content=\"Leggere attentamente le avvertenze contenute nel presente manuale, che vi forniranno importanti informazioni riguardanti la sicurezza di installazione, d\u2019uso e [&hellip;]\" \/>\n<meta property=\"og:url\" content=\"https:\/\/www.tauroessiccatori.com\/de\/biosec-handbuch\/allgemeine-warnhinweise\/\" \/>\n<meta property=\"og:site_name\" content=\"Tauro Essiccatori\" \/>\n<meta property=\"article:publisher\" content=\"https:\/\/www.facebook.com\/tauroessiccatori\" \/>\n<meta property=\"article:modified_time\" content=\"2025-10-08T07:50:24+00:00\" \/>\n<meta name=\"twitter:card\" content=\"summary_large_image\" \/>\n<script type=\"application\/ld+json\" class=\"yoast-schema-graph\">{\"@context\":\"https:\\\/\\\/schema.org\",\"@graph\":[{\"@type\":\"WebPage\",\"@id\":\"https:\\\/\\\/www.tauroessiccatori.com\\\/de\\\/manuale-biosec\\\/avvertenze-generali\\\/\",\"url\":\"https:\\\/\\\/www.tauroessiccatori.com\\\/de\\\/manuale-biosec\\\/avvertenze-generali\\\/\",\"name\":\"Avvertenze generali &#187; Tauro Essiccatori\",\"isPartOf\":{\"@id\":\"https:\\\/\\\/www.tauroessiccatori.com\\\/de\\\/#website\"},\"datePublished\":\"2025-10-07T16:40:44+00:00\",\"dateModified\":\"2025-10-08T07:50:24+00:00\",\"breadcrumb\":{\"@id\":\"https:\\\/\\\/www.tauroessiccatori.com\\\/de\\\/manuale-biosec\\\/avvertenze-generali\\\/#breadcrumb\"},\"inLanguage\":\"de\",\"potentialAction\":[{\"@type\":\"ReadAction\",\"target\":[\"https:\\\/\\\/www.tauroessiccatori.com\\\/de\\\/manuale-biosec\\\/avvertenze-generali\\\/\"]}]},{\"@type\":\"BreadcrumbList\",\"@id\":\"https:\\\/\\\/www.tauroessiccatori.com\\\/de\\\/manuale-biosec\\\/avvertenze-generali\\\/#breadcrumb\",\"itemListElement\":[{\"@type\":\"ListItem\",\"position\":1,\"name\":\"Home\",\"item\":\"https:\\\/\\\/www.tauroessiccatori.com\\\/\"},{\"@type\":\"ListItem\",\"position\":2,\"name\":\"Manuale Biosec\",\"item\":\"https:\\\/\\\/www.tauroessiccatori.com\\\/manuale-biosec\\\/\"},{\"@type\":\"ListItem\",\"position\":3,\"name\":\"Avvertenze generali\"}]},{\"@type\":\"WebSite\",\"@id\":\"https:\\\/\\\/www.tauroessiccatori.com\\\/de\\\/#website\",\"url\":\"https:\\\/\\\/www.tauroessiccatori.com\\\/de\\\/\",\"name\":\"Tauro Essiccatori\",\"description\":\"Da pi\u00f9 di trent\u2019anni, i migliori sistemi di essiccazione.\",\"publisher\":{\"@id\":\"https:\\\/\\\/www.tauroessiccatori.com\\\/de\\\/#organization\"},\"alternateName\":\"Tauro\",\"potentialAction\":[{\"@type\":\"SearchAction\",\"target\":{\"@type\":\"EntryPoint\",\"urlTemplate\":\"https:\\\/\\\/www.tauroessiccatori.com\\\/de\\\/?s={search_term_string}\"},\"query-input\":{\"@type\":\"PropertyValueSpecification\",\"valueRequired\":true,\"valueName\":\"search_term_string\"}}],\"inLanguage\":\"de\"},{\"@type\":\"Organization\",\"@id\":\"https:\\\/\\\/www.tauroessiccatori.com\\\/de\\\/#organization\",\"name\":\"Tauro Essiccatori\",\"alternateName\":\"Tauro Essiccatori srl unipersonale\",\"url\":\"https:\\\/\\\/www.tauroessiccatori.com\\\/de\\\/\",\"logo\":{\"@type\":\"ImageObject\",\"inLanguage\":\"de\",\"@id\":\"https:\\\/\\\/www.tauroessiccatori.com\\\/de\\\/#\\\/schema\\\/logo\\\/image\\\/\",\"url\":\"https:\\\/\\\/www.tauroessiccatori.com\\\/wp-content\\\/uploads\\\/2026\\\/01\\\/tauro.avif\",\"contentUrl\":\"https:\\\/\\\/www.tauroessiccatori.com\\\/wp-content\\\/uploads\\\/2026\\\/01\\\/tauro.avif\",\"width\":360,\"height\":360,\"caption\":\"Tauro Essiccatori\"},\"image\":{\"@id\":\"https:\\\/\\\/www.tauroessiccatori.com\\\/de\\\/#\\\/schema\\\/logo\\\/image\\\/\"},\"sameAs\":[\"https:\\\/\\\/www.facebook.com\\\/tauroessiccatori\"]}]}<\/script>\n<!-- \/ Yoast SEO plugin. -->","yoast_head_json":{"title":"Allgemeine Warnungen \u00bb Tauro Trockner","robots":{"index":"index","follow":"follow","max-snippet":"max-snippet:-1","max-image-preview":"max-image-preview:large","max-video-preview":"max-video-preview:-1"},"canonical":"https:\/\/www.tauroessiccatori.com\/de\/biosec-handbuch\/allgemeine-warnhinweise\/","og_locale":"de_DE","og_type":"article","og_title":"Avvertenze generali &#187; Tauro Essiccatori","og_description":"Leggere attentamente le avvertenze contenute nel presente manuale, che vi forniranno importanti informazioni riguardanti la sicurezza di installazione, d\u2019uso e [&hellip;]","og_url":"https:\/\/www.tauroessiccatori.com\/de\/biosec-handbuch\/allgemeine-warnhinweise\/","og_site_name":"Tauro Essiccatori","article_publisher":"https:\/\/www.facebook.com\/tauroessiccatori","article_modified_time":"2025-10-08T07:50:24+00:00","twitter_card":"summary_large_image","schema":{"@context":"https:\/\/schema.org","@graph":[{"@type":"WebPage","@id":"https:\/\/www.tauroessiccatori.com\/de\/manuale-biosec\/avvertenze-generali\/","url":"https:\/\/www.tauroessiccatori.com\/de\/manuale-biosec\/avvertenze-generali\/","name":"Allgemeine Warnungen \u00bb Tauro Trockner","isPartOf":{"@id":"https:\/\/www.tauroessiccatori.com\/de\/#website"},"datePublished":"2025-10-07T16:40:44+00:00","dateModified":"2025-10-08T07:50:24+00:00","breadcrumb":{"@id":"https:\/\/www.tauroessiccatori.com\/de\/manuale-biosec\/avvertenze-generali\/#breadcrumb"},"inLanguage":"de","potentialAction":[{"@type":"ReadAction","target":["https:\/\/www.tauroessiccatori.com\/de\/manuale-biosec\/avvertenze-generali\/"]}]},{"@type":"BreadcrumbList","@id":"https:\/\/www.tauroessiccatori.com\/de\/manuale-biosec\/avvertenze-generali\/#breadcrumb","itemListElement":[{"@type":"ListItem","position":1,"name":"Home","item":"https:\/\/www.tauroessiccatori.com\/"},{"@type":"ListItem","position":2,"name":"Manuale Biosec","item":"https:\/\/www.tauroessiccatori.com\/manuale-biosec\/"},{"@type":"ListItem","position":3,"name":"Avvertenze generali"}]},{"@type":"WebSite","@id":"https:\/\/www.tauroessiccatori.com\/de\/#website","url":"https:\/\/www.tauroessiccatori.com\/de\/","name":"Tauro Trockner","description":"Seit mehr als 30 Jahren die besten Trocknungssysteme.","publisher":{"@id":"https:\/\/www.tauroessiccatori.com\/de\/#organization"},"alternateName":"Tauro","potentialAction":[{"@type":"SearchAction","target":{"@type":"EntryPoint","urlTemplate":"https:\/\/www.tauroessiccatori.com\/de\/?s={search_term_string}"},"query-input":{"@type":"PropertyValueSpecification","valueRequired":true,"valueName":"search_term_string"}}],"inLanguage":"de"},{"@type":"Organization","@id":"https:\/\/www.tauroessiccatori.com\/de\/#organization","name":"Tauro Trockner","alternateName":"Tauro Essiccatori srl unipersonale","url":"https:\/\/www.tauroessiccatori.com\/de\/","logo":{"@type":"ImageObject","inLanguage":"de","@id":"https:\/\/www.tauroessiccatori.com\/de\/#\/schema\/logo\/image\/","url":"https:\/\/www.tauroessiccatori.com\/wp-content\/uploads\/2026\/01\/tauro.avif","contentUrl":"https:\/\/www.tauroessiccatori.com\/wp-content\/uploads\/2026\/01\/tauro.avif","width":360,"height":360,"caption":"Tauro Essiccatori"},"image":{"@id":"https:\/\/www.tauroessiccatori.com\/de\/#\/schema\/logo\/image\/"},"sameAs":["https:\/\/www.facebook.com\/tauroessiccatori"]}]}},"_links":{"self":[{"href":"https:\/\/www.tauroessiccatori.com\/de\/wp-json\/wp\/v2\/pages\/165704","targetHints":{"allow":["GET"]}}],"collection":[{"href":"https:\/\/www.tauroessiccatori.com\/de\/wp-json\/wp\/v2\/pages"}],"about":[{"href":"https:\/\/www.tauroessiccatori.com\/de\/wp-json\/wp\/v2\/types\/page"}],"author":[{"embeddable":true,"href":"https:\/\/www.tauroessiccatori.com\/de\/wp-json\/wp\/v2\/users\/1"}],"replies":[{"embeddable":true,"href":"https:\/\/www.tauroessiccatori.com\/de\/wp-json\/wp\/v2\/comments?post=165704"}],"version-history":[{"count":0,"href":"https:\/\/www.tauroessiccatori.com\/de\/wp-json\/wp\/v2\/pages\/165704\/revisions"}],"up":[{"embeddable":true,"href":"https:\/\/www.tauroessiccatori.com\/de\/wp-json\/wp\/v2\/pages\/165699"}],"wp:attachment":[{"href":"https:\/\/www.tauroessiccatori.com\/de\/wp-json\/wp\/v2\/media?parent=165704"}],"curies":[{"name":"wp","href":"https:\/\/api.w.org\/{rel}","templated":true}]}}